{"id":12154,"date":"2020-04-07T22:29:02","date_gmt":"2021-11-30T11:46:14","guid":{"rendered":"https:\/\/gliptoneeurope.com\/product\/glipgloss-wax-after-wash\/"},"modified":"2021-11-30T11:46:14","modified_gmt":"2021-11-30T11:46:14","slug":"glipgloss-wachs-nach-wasche","status":"publish","type":"product","link":"https:\/\/gliptoneeurope.com\/de\/produkt\/glipgloss-wachs-nach-wasche\/","title":{"rendered":"Glipgloss &#8211; Wax-After-Wash"},"content":{"rendered":"<h4><span style=\"color: #ff0000;\"><strong>KOSTENLOSE LIEFERUNG F\u00dcR ALLE BESTELLUNGEN \u00dcBER 25\u20ac<\/strong><\/span><\/h4>\n<p>Express Wax-After-Wash von Gliptone ist eine hochmoderne Formulierung, die h\u00e4rtbare Polymere, hydrophobe Polymere und echtes Carnaubawachs kombiniert.<\/p>\n<p>Nach dem Auftragen gl\u00e4nzt die Formel schnell und sch\u00fctzt alle Fahrzeugau\u00dfenfl\u00e4chen.<\/p>\n<p>Diese Formel kann auch als Gleitmittel f\u00fcr den BODY CLAY BAR von Gliptone oder andere auf dem Markt erh\u00e4ltliche \u201etonartige\u201c Produkte verwendet werden. Sein erstklassiger Glanz, seine Haltbarkeit und seine Vielseitigkeit \u00fcbertreffen alle Mitbewerber in dieser Produktklasse.<\/p>\n<p>Dieses Produkt ist eine ausgezeichnete Wahl f\u00fcr den Einsatz in einem Express-Wachsservice, <a href=\"https:\/\/gliptoneeurope.com\/product\/glipgloss-wax-after-wash-2\/\">Glipgloss<\/a> ist auch in einer 3,8-Liter-Flasche (1 Gall) erh\u00e4ltlich.<\/p>\n","protected":false},"excerpt":{"rendered":"<p>KOSTENLOSE LIEFERUNG F\u00dcR ALLE BESTELLUNGEN \u00dcBER 25\u20ac Express Wax-After-Wash von Gliptone ist eine hochmoderne Formulierung, die h\u00e4rtbare Polymere, hydrophobe Polymere und echtes Carnaubawachs kombiniert. Nach dem Auftragen gl\u00e4nzt die Formel schnell und sch\u00fctzt alle Fahrzeugau\u00dfenfl\u00e4chen. Diese Formel kann auch als Gleitmittel f\u00fcr den BODY CLAY BAR von Gliptone oder andere auf dem Markt erh\u00e4ltliche \u201etonartige\u201c [&hellip;]<\/p>\n","protected":false},"featured_media":18533,"template":"","meta":[],"product_brand":[],"product_cat":[106,141],"product_tag":[],"class_list":{"0":"post-12154","1":"product","2":"type-product","3":"status-publish","4":"has-post-thumbnail","6":"product_cat-ausendetailer-polituren","7":"product_cat-bestseller","9":"first","10":"instock","11":"featured","12":"taxable","13":"shipping-taxable","14":"purchasable","15":"product-type-variable"},"yoast_head":"<!-- This site is optimized with the Yoast SEO Premium plugin v21.4 (Yoast SEO v27.4) - https:\/\/yoast.com\/product\/yoast-seo-premium-wordpress\/ -->\n<title>Glipgloss - Wax-After-Wash - Gliptone Europe<\/title>\n<meta name=\"description\" content=\"Das Express Wax-After-Wash von Gliptone ist wirklich eine hochmoderne Formulierung, um alle Fahrzeugau\u00dfenfl\u00e4chen schnell zu gl\u00e4nzen und zu sch\u00fctzen.\" \/>\n<meta name=\"robots\" content=\"index, follow, max-snippet:-1, max-image-preview:large, max-video-preview:-1\" \/>\n<link rel=\"canonical\" href=\"https:\/\/gliptoneeurope.com\/de\/produkt\/glipgloss-wachs-nach-wasche\/\" \/>\n<meta property=\"og:locale\" content=\"de_DE\" \/>\n<meta property=\"og:type\" content=\"article\" \/>\n<meta property=\"og:title\" content=\"Glipgloss - Wax-After-Wash\" \/>\n<meta property=\"og:description\" content=\"KOSTENLOSE LIEFERUNG F\u00dcR ALLE BESTELLUNGEN \u00dcBER 25\u20ac Express Wax-After-Wash von Gliptone ist eine hochmoderne Formulierung, die h\u00e4rtbare Polymere,\" \/>\n<meta property=\"og:url\" content=\"https:\/\/gliptoneeurope.com\/de\/produkt\/glipgloss-wachs-nach-wasche\/\" \/>\n<meta property=\"og:site_name\" content=\"Gliptone Europe\" \/>\n<meta property=\"article:publisher\" content=\"https:\/\/www.facebook.com\/gliptoneeurope\/\" \/>\n<meta property=\"og:image\" content=\"https:\/\/gliptoneeurope.com\/wp-content\/uploads\/wax-after-wash-1.jpg\" \/>\n\t<meta property=\"og:image:width\" content=\"1654\" \/>\n\t<meta property=\"og:image:height\" content=\"1621\" \/>\n\t<meta property=\"og:image:type\" content=\"image\/jpeg\" \/>\n<meta name=\"twitter:card\" content=\"summary_large_image\" \/>\n<meta name=\"twitter:label1\" content=\"Gesch\u00e4tzte Lesezeit\" \/>\n\t<meta name=\"twitter:data1\" content=\"1\u00a0Minute\" \/>\n<script type=\"application\/ld+json\" class=\"yoast-schema-graph\">{\"@context\":\"https:\\\/\\\/schema.org\",\"@graph\":[{\"@type\":\"WebPage\",\"@id\":\"https:\\\/\\\/gliptoneeurope.com\\\/de\\\/produkt\\\/glipgloss-wachs-nach-wasche\\\/\",\"url\":\"https:\\\/\\\/gliptoneeurope.com\\\/de\\\/produkt\\\/glipgloss-wachs-nach-wasche\\\/\",\"name\":\"Glipgloss - Wax-After-Wash - Gliptone Europe\",\"isPartOf\":{\"@id\":\"https:\\\/\\\/gliptoneeurope.com\\\/#website\"},\"primaryImageOfPage\":{\"@id\":\"https:\\\/\\\/gliptoneeurope.com\\\/de\\\/produkt\\\/glipgloss-wachs-nach-wasche\\\/#primaryimage\"},\"image\":{\"@id\":\"https:\\\/\\\/gliptoneeurope.com\\\/de\\\/produkt\\\/glipgloss-wachs-nach-wasche\\\/#primaryimage\"},\"thumbnailUrl\":\"https:\\\/\\\/gliptoneeurope.com\\\/wp-content\\\/uploads\\\/wax-after-wash-1.jpg\",\"datePublished\":\"2021-11-30T11:46:14+00:00\",\"description\":\"Das Express Wax-After-Wash von Gliptone ist wirklich eine hochmoderne Formulierung, um alle Fahrzeugau\u00dfenfl\u00e4chen schnell zu gl\u00e4nzen und zu sch\u00fctzen.\",\"breadcrumb\":{\"@id\":\"https:\\\/\\\/gliptoneeurope.com\\\/de\\\/produkt\\\/glipgloss-wachs-nach-wasche\\\/#breadcrumb\"},\"inLanguage\":\"de\",\"potentialAction\":[{\"@type\":\"ReadAction\",\"target\":[\"https:\\\/\\\/gliptoneeurope.com\\\/de\\\/produkt\\\/glipgloss-wachs-nach-wasche\\\/\"]}]},{\"@type\":\"ImageObject\",\"inLanguage\":\"de\",\"@id\":\"https:\\\/\\\/gliptoneeurope.com\\\/de\\\/produkt\\\/glipgloss-wachs-nach-wasche\\\/#primaryimage\",\"url\":\"https:\\\/\\\/gliptoneeurope.com\\\/wp-content\\\/uploads\\\/wax-after-wash-1.jpg\",\"contentUrl\":\"https:\\\/\\\/gliptoneeurope.com\\\/wp-content\\\/uploads\\\/wax-after-wash-1.jpg\",\"width\":1654,\"height\":1621},{\"@type\":\"BreadcrumbList\",\"@id\":\"https:\\\/\\\/gliptoneeurope.com\\\/de\\\/produkt\\\/glipgloss-wachs-nach-wasche\\\/#breadcrumb\",\"itemListElement\":[{\"@type\":\"ListItem\",\"position\":1,\"name\":\"Home\",\"item\":\"https:\\\/\\\/gliptoneeurope.com\\\/\"},{\"@type\":\"ListItem\",\"position\":2,\"name\":\"Shop\",\"item\":\"https:\\\/\\\/gliptoneeurope.com\\\/de\\\/shop-2\\\/\"},{\"@type\":\"ListItem\",\"position\":3,\"name\":\"Glipgloss &#8211; Wax-After-Wash\"}]},{\"@type\":\"WebSite\",\"@id\":\"https:\\\/\\\/gliptoneeurope.com\\\/#website\",\"url\":\"https:\\\/\\\/gliptoneeurope.com\\\/\",\"name\":\"Gliptone Europe\",\"description\":\"Professional Car Detailing Products\",\"publisher\":{\"@id\":\"https:\\\/\\\/gliptoneeurope.com\\\/#organization\"},\"potentialAction\":[{\"@type\":\"SearchAction\",\"target\":{\"@type\":\"EntryPoint\",\"urlTemplate\":\"https:\\\/\\\/gliptoneeurope.com\\\/?s={search_term_string}\"},\"query-input\":{\"@type\":\"PropertyValueSpecification\",\"valueRequired\":true,\"valueName\":\"search_term_string\"}}],\"inLanguage\":\"de\"},{\"@type\":\"Organization\",\"@id\":\"https:\\\/\\\/gliptoneeurope.com\\\/#organization\",\"name\":\"Gliptone Europe\",\"url\":\"https:\\\/\\\/gliptoneeurope.com\\\/\",\"logo\":{\"@type\":\"ImageObject\",\"inLanguage\":\"de\",\"@id\":\"https:\\\/\\\/gliptoneeurope.com\\\/#\\\/schema\\\/logo\\\/image\\\/\",\"url\":\"https:\\\/\\\/gliptoneeurope.com\\\/wp-content\\\/uploads\\\/Gliptone_Logo.png\",\"contentUrl\":\"https:\\\/\\\/gliptoneeurope.com\\\/wp-content\\\/uploads\\\/Gliptone_Logo.png\",\"width\":1472,\"height\":607,\"caption\":\"Gliptone Europe\"},\"image\":{\"@id\":\"https:\\\/\\\/gliptoneeurope.com\\\/#\\\/schema\\\/logo\\\/image\\\/\"},\"sameAs\":[\"https:\\\/\\\/www.facebook.com\\\/gliptoneeurope\\\/\",\"https:\\\/\\\/www.instagram.com\\\/gliptoneeurope\\\/\",\"https:\\\/\\\/www.pinterest.co.uk\\\/GliptoneEurope\\\/\"]}]}<\/script>\n<!-- \/ Yoast SEO Premium plugin. -->","yoast_head_json":{"title":"Glipgloss - Wax-After-Wash - Gliptone Europe","description":"Das Express Wax-After-Wash von Gliptone ist wirklich eine hochmoderne Formulierung, um alle Fahrzeugau\u00dfenfl\u00e4chen schnell zu gl\u00e4nzen und zu sch\u00fctzen.","robots":{"index":"index","follow":"follow","max-snippet":"max-snippet:-1","max-image-preview":"max-image-preview:large","max-video-preview":"max-video-preview:-1"},"canonical":"https:\/\/gliptoneeurope.com\/de\/produkt\/glipgloss-wachs-nach-wasche\/","og_locale":"de_DE","og_type":"article","og_title":"Glipgloss - Wax-After-Wash","og_description":"KOSTENLOSE LIEFERUNG F\u00dcR ALLE BESTELLUNGEN \u00dcBER 25\u20ac Express Wax-After-Wash von Gliptone ist eine hochmoderne Formulierung, die h\u00e4rtbare Polymere,","og_url":"https:\/\/gliptoneeurope.com\/de\/produkt\/glipgloss-wachs-nach-wasche\/","og_site_name":"Gliptone Europe","article_publisher":"https:\/\/www.facebook.com\/gliptoneeurope\/","og_image":[{"width":1654,"height":1621,"url":"https:\/\/gliptoneeurope.com\/wp-content\/uploads\/wax-after-wash-1.jpg","type":"image\/jpeg"}],"twitter_card":"summary_large_image","twitter_misc":{"Gesch\u00e4tzte Lesezeit":"1\u00a0Minute"},"schema":{"@context":"https:\/\/schema.org","@graph":[{"@type":"WebPage","@id":"https:\/\/gliptoneeurope.com\/de\/produkt\/glipgloss-wachs-nach-wasche\/","url":"https:\/\/gliptoneeurope.com\/de\/produkt\/glipgloss-wachs-nach-wasche\/","name":"Glipgloss - Wax-After-Wash - Gliptone Europe","isPartOf":{"@id":"https:\/\/gliptoneeurope.com\/#website"},"primaryImageOfPage":{"@id":"https:\/\/gliptoneeurope.com\/de\/produkt\/glipgloss-wachs-nach-wasche\/#primaryimage"},"image":{"@id":"https:\/\/gliptoneeurope.com\/de\/produkt\/glipgloss-wachs-nach-wasche\/#primaryimage"},"thumbnailUrl":"https:\/\/gliptoneeurope.com\/wp-content\/uploads\/wax-after-wash-1.jpg","datePublished":"2021-11-30T11:46:14+00:00","description":"Das Express Wax-After-Wash von Gliptone ist wirklich eine hochmoderne Formulierung, um alle Fahrzeugau\u00dfenfl\u00e4chen schnell zu gl\u00e4nzen und zu sch\u00fctzen.","breadcrumb":{"@id":"https:\/\/gliptoneeurope.com\/de\/produkt\/glipgloss-wachs-nach-wasche\/#breadcrumb"},"inLanguage":"de","potentialAction":[{"@type":"ReadAction","target":["https:\/\/gliptoneeurope.com\/de\/produkt\/glipgloss-wachs-nach-wasche\/"]}]},{"@type":"ImageObject","inLanguage":"de","@id":"https:\/\/gliptoneeurope.com\/de\/produkt\/glipgloss-wachs-nach-wasche\/#primaryimage","url":"https:\/\/gliptoneeurope.com\/wp-content\/uploads\/wax-after-wash-1.jpg","contentUrl":"https:\/\/gliptoneeurope.com\/wp-content\/uploads\/wax-after-wash-1.jpg","width":1654,"height":1621},{"@type":"BreadcrumbList","@id":"https:\/\/gliptoneeurope.com\/de\/produkt\/glipgloss-wachs-nach-wasche\/#breadcrumb","itemListElement":[{"@type":"ListItem","position":1,"name":"Home","item":"https:\/\/gliptoneeurope.com\/"},{"@type":"ListItem","position":2,"name":"Shop","item":"https:\/\/gliptoneeurope.com\/de\/shop-2\/"},{"@type":"ListItem","position":3,"name":"Glipgloss &#8211; Wax-After-Wash"}]},{"@type":"WebSite","@id":"https:\/\/gliptoneeurope.com\/#website","url":"https:\/\/gliptoneeurope.com\/","name":"Gliptone Europe","description":"Professional Car Detailing Products","publisher":{"@id":"https:\/\/gliptoneeurope.com\/#organization"},"potentialAction":[{"@type":"SearchAction","target":{"@type":"EntryPoint","urlTemplate":"https:\/\/gliptoneeurope.com\/?s={search_term_string}"},"query-input":{"@type":"PropertyValueSpecification","valueRequired":true,"valueName":"search_term_string"}}],"inLanguage":"de"},{"@type":"Organization","@id":"https:\/\/gliptoneeurope.com\/#organization","name":"Gliptone Europe","url":"https:\/\/gliptoneeurope.com\/","logo":{"@type":"ImageObject","inLanguage":"de","@id":"https:\/\/gliptoneeurope.com\/#\/schema\/logo\/image\/","url":"https:\/\/gliptoneeurope.com\/wp-content\/uploads\/Gliptone_Logo.png","contentUrl":"https:\/\/gliptoneeurope.com\/wp-content\/uploads\/Gliptone_Logo.png","width":1472,"height":607,"caption":"Gliptone Europe"},"image":{"@id":"https:\/\/gliptoneeurope.com\/#\/schema\/logo\/image\/"},"sameAs":["https:\/\/www.facebook.com\/gliptoneeurope\/","https:\/\/www.instagram.com\/gliptoneeurope\/","https:\/\/www.pinterest.co.uk\/GliptoneEurope\/"]}]}},"wcpa_form_fields":null,"_links":{"self":[{"href":"https:\/\/gliptoneeurope.com\/de\/wp-json\/wp\/v2\/product\/12154","targetHints":{"allow":["GET"]}}],"collection":[{"href":"https:\/\/gliptoneeurope.com\/de\/wp-json\/wp\/v2\/product"}],"about":[{"href":"https:\/\/gliptoneeurope.com\/de\/wp-json\/wp\/v2\/types\/product"}],"wp:featuredmedia":[{"embeddable":true,"href":"https:\/\/gliptoneeurope.com\/de\/wp-json\/wp\/v2\/media\/18533"}],"wp:attachment":[{"href":"https:\/\/gliptoneeurope.com\/de\/wp-json\/wp\/v2\/media?parent=12154"}],"wp:term":[{"taxonomy":"product_brand","embeddable":true,"href":"https:\/\/gliptoneeurope.com\/de\/wp-json\/wp\/v2\/product_brand?post=12154"},{"taxonomy":"product_cat","embeddable":true,"href":"https:\/\/gliptoneeurope.com\/de\/wp-json\/wp\/v2\/product_cat?post=12154"},{"taxonomy":"product_tag","embeddable":true,"href":"https:\/\/gliptoneeurope.com\/de\/wp-json\/wp\/v2\/product_tag?post=12154"}],"curies":[{"name":"wp","href":"https:\/\/api.w.org\/{rel}","templated":true}]}}