{"id":12148,"date":"2020-04-07T22:16:02","date_gmt":"2021-11-30T11:46:12","guid":{"rendered":"https:\/\/gliptoneeurope.com\/product\/platincremewachs\/"},"modified":"2021-11-30T11:46:12","modified_gmt":"2021-11-30T11:46:12","slug":"platin-creme-wachs","status":"publish","type":"product","link":"https:\/\/gliptoneeurope.com\/de\/produkt\/platin-creme-wachs\/","title":{"rendered":"Platincremewachs"},"content":{"rendered":"<p>Enth\u00e4lt alle hochwertigen Inhaltsstoffe unseres Bestsellers Platinum Paste Wax in einer einfach anzuwendenden Cremeformel, die sich perfekt f\u00fcr die Au\u00dfenpolitur eignet.<\/p>\n<p>Beh\u00e4lt alle Vorteile der Paste bei, hat aber den zus\u00e4tzlichen Vorteil der Nano-Keramik-Technologie, um das Produkt mit modernen Detaillierungsprodukten auf den neuesten Stand zu bringen.<\/p>\n<p>Dieses Produkt ist eine ausgezeichnete Wahl f\u00fcr die Verwendung in einem Express-Wachsservice. Eine professionelle Alternative zur Verwendung dieses Produkts w\u00e4re unser <a href=\"https:\/\/gliptoneeurope.com\/product\/yellow-cream-wax-1-gall-3-8l\/\">gelbes<\/a> Cremewachs, das als 3,8-Liter-Flasche (1 Gallus) erh\u00e4ltlich ist.<\/p>\n<p>16 Unzen. 470ml.<\/p>\n","protected":false},"excerpt":{"rendered":"<p>Enth\u00e4lt alle hochwertigen Inhaltsstoffe unseres Bestsellers Platinum Paste Wax in einer einfach anzuwendenden Cremeformel, die sich perfekt f\u00fcr die Au\u00dfenpolitur eignet. Beh\u00e4lt alle Vorteile der Paste bei, hat aber den zus\u00e4tzlichen Vorteil der Nano-Keramik-Technologie, um das Produkt mit modernen Detaillierungsprodukten auf den neuesten Stand zu bringen. Dieses Produkt ist eine ausgezeichnete Wahl f\u00fcr die Verwendung [&hellip;]<\/p>\n","protected":false},"featured_media":10631,"template":"","meta":[],"product_brand":[],"product_cat":[106],"product_tag":[],"class_list":{"0":"post-12148","1":"product","2":"type-product","3":"status-publish","4":"has-post-thumbnail","6":"product_cat-ausendetailer-polituren","8":"first","9":"instock","10":"taxable","11":"shipping-taxable","12":"purchasable","13":"product-type-simple"},"yoast_head":"<!-- This site is optimized with the Yoast SEO Premium plugin v21.4 (Yoast SEO v27.4) - https:\/\/yoast.com\/product\/yoast-seo-premium-wordpress\/ -->\n<title>Platincremewachs - Gliptone Europe<\/title>\n<meta name=\"description\" content=\"Enth\u00e4lt alle hochwertigen Inhaltsstoffe unseres meistverkauften Platinpasten-Wachs in einer einfach anzuwendenden Cremeformel, die sich perfekt f\u00fcr die Au\u00dfenpolitur eignet.\" \/>\n<meta name=\"robots\" content=\"index, follow, max-snippet:-1, max-image-preview:large, max-video-preview:-1\" \/>\n<link rel=\"canonical\" href=\"https:\/\/gliptoneeurope.com\/de\/produkt\/platin-creme-wachs\/\" \/>\n<meta property=\"og:locale\" content=\"de_DE\" \/>\n<meta property=\"og:type\" content=\"article\" \/>\n<meta property=\"og:title\" content=\"Platincremewachs\" \/>\n<meta property=\"og:description\" content=\"Enth\u00e4lt alle hochwertigen Inhaltsstoffe unseres Bestsellers Platinum Paste Wax in einer einfach anzuwendenden Cremeformel, die sich perfekt f\u00fcr die\" \/>\n<meta property=\"og:url\" content=\"https:\/\/gliptoneeurope.com\/de\/produkt\/platin-creme-wachs\/\" \/>\n<meta property=\"og:site_name\" content=\"Gliptone Europe\" \/>\n<meta property=\"article:publisher\" content=\"https:\/\/www.facebook.com\/gliptoneeurope\/\" \/>\n<meta property=\"og:image\" content=\"https:\/\/gliptoneeurope.com\/wp-content\/uploads\/Cream-Wax-470ml-16oz.jpg\" \/>\n\t<meta property=\"og:image:width\" content=\"1450\" \/>\n\t<meta property=\"og:image:height\" content=\"1450\" \/>\n\t<meta property=\"og:image:type\" content=\"image\/jpeg\" \/>\n<meta name=\"twitter:card\" content=\"summary_large_image\" \/>\n<script type=\"application\/ld+json\" class=\"yoast-schema-graph\">{\"@context\":\"https:\\\/\\\/schema.org\",\"@graph\":[{\"@type\":\"WebPage\",\"@id\":\"https:\\\/\\\/gliptoneeurope.com\\\/de\\\/produkt\\\/platin-creme-wachs\\\/\",\"url\":\"https:\\\/\\\/gliptoneeurope.com\\\/de\\\/produkt\\\/platin-creme-wachs\\\/\",\"name\":\"Platincremewachs - Gliptone Europe\",\"isPartOf\":{\"@id\":\"https:\\\/\\\/gliptoneeurope.com\\\/#website\"},\"primaryImageOfPage\":{\"@id\":\"https:\\\/\\\/gliptoneeurope.com\\\/de\\\/produkt\\\/platin-creme-wachs\\\/#primaryimage\"},\"image\":{\"@id\":\"https:\\\/\\\/gliptoneeurope.com\\\/de\\\/produkt\\\/platin-creme-wachs\\\/#primaryimage\"},\"thumbnailUrl\":\"https:\\\/\\\/gliptoneeurope.com\\\/wp-content\\\/uploads\\\/Cream-Wax-470ml-16oz.jpg\",\"datePublished\":\"2021-11-30T11:46:12+00:00\",\"description\":\"Enth\u00e4lt alle hochwertigen Inhaltsstoffe unseres meistverkauften Platinpasten-Wachs in einer einfach anzuwendenden Cremeformel, die sich perfekt f\u00fcr die Au\u00dfenpolitur eignet.\",\"breadcrumb\":{\"@id\":\"https:\\\/\\\/gliptoneeurope.com\\\/de\\\/produkt\\\/platin-creme-wachs\\\/#breadcrumb\"},\"inLanguage\":\"de\",\"potentialAction\":[{\"@type\":\"ReadAction\",\"target\":[\"https:\\\/\\\/gliptoneeurope.com\\\/de\\\/produkt\\\/platin-creme-wachs\\\/\"]}]},{\"@type\":\"ImageObject\",\"inLanguage\":\"de\",\"@id\":\"https:\\\/\\\/gliptoneeurope.com\\\/de\\\/produkt\\\/platin-creme-wachs\\\/#primaryimage\",\"url\":\"https:\\\/\\\/gliptoneeurope.com\\\/wp-content\\\/uploads\\\/Cream-Wax-470ml-16oz.jpg\",\"contentUrl\":\"https:\\\/\\\/gliptoneeurope.com\\\/wp-content\\\/uploads\\\/Cream-Wax-470ml-16oz.jpg\",\"width\":1450,\"height\":1450},{\"@type\":\"BreadcrumbList\",\"@id\":\"https:\\\/\\\/gliptoneeurope.com\\\/de\\\/produkt\\\/platin-creme-wachs\\\/#breadcrumb\",\"itemListElement\":[{\"@type\":\"ListItem\",\"position\":1,\"name\":\"Home\",\"item\":\"https:\\\/\\\/gliptoneeurope.com\\\/\"},{\"@type\":\"ListItem\",\"position\":2,\"name\":\"Shop\",\"item\":\"https:\\\/\\\/gliptoneeurope.com\\\/de\\\/shop-2\\\/\"},{\"@type\":\"ListItem\",\"position\":3,\"name\":\"Platincremewachs\"}]},{\"@type\":\"WebSite\",\"@id\":\"https:\\\/\\\/gliptoneeurope.com\\\/#website\",\"url\":\"https:\\\/\\\/gliptoneeurope.com\\\/\",\"name\":\"Gliptone Europe\",\"description\":\"Professional Car Detailing Products\",\"publisher\":{\"@id\":\"https:\\\/\\\/gliptoneeurope.com\\\/#organization\"},\"potentialAction\":[{\"@type\":\"SearchAction\",\"target\":{\"@type\":\"EntryPoint\",\"urlTemplate\":\"https:\\\/\\\/gliptoneeurope.com\\\/?s={search_term_string}\"},\"query-input\":{\"@type\":\"PropertyValueSpecification\",\"valueRequired\":true,\"valueName\":\"search_term_string\"}}],\"inLanguage\":\"de\"},{\"@type\":\"Organization\",\"@id\":\"https:\\\/\\\/gliptoneeurope.com\\\/#organization\",\"name\":\"Gliptone Europe\",\"url\":\"https:\\\/\\\/gliptoneeurope.com\\\/\",\"logo\":{\"@type\":\"ImageObject\",\"inLanguage\":\"de\",\"@id\":\"https:\\\/\\\/gliptoneeurope.com\\\/#\\\/schema\\\/logo\\\/image\\\/\",\"url\":\"https:\\\/\\\/gliptoneeurope.com\\\/wp-content\\\/uploads\\\/Gliptone_Logo.png\",\"contentUrl\":\"https:\\\/\\\/gliptoneeurope.com\\\/wp-content\\\/uploads\\\/Gliptone_Logo.png\",\"width\":1472,\"height\":607,\"caption\":\"Gliptone Europe\"},\"image\":{\"@id\":\"https:\\\/\\\/gliptoneeurope.com\\\/#\\\/schema\\\/logo\\\/image\\\/\"},\"sameAs\":[\"https:\\\/\\\/www.facebook.com\\\/gliptoneeurope\\\/\",\"https:\\\/\\\/www.instagram.com\\\/gliptoneeurope\\\/\",\"https:\\\/\\\/www.pinterest.co.uk\\\/GliptoneEurope\\\/\"]}]}<\/script>\n<!-- \/ Yoast SEO Premium plugin. -->","yoast_head_json":{"title":"Platincremewachs - Gliptone Europe","description":"Enth\u00e4lt alle hochwertigen Inhaltsstoffe unseres meistverkauften Platinpasten-Wachs in einer einfach anzuwendenden Cremeformel, die sich perfekt f\u00fcr die Au\u00dfenpolitur eignet.","robots":{"index":"index","follow":"follow","max-snippet":"max-snippet:-1","max-image-preview":"max-image-preview:large","max-video-preview":"max-video-preview:-1"},"canonical":"https:\/\/gliptoneeurope.com\/de\/produkt\/platin-creme-wachs\/","og_locale":"de_DE","og_type":"article","og_title":"Platincremewachs","og_description":"Enth\u00e4lt alle hochwertigen Inhaltsstoffe unseres Bestsellers Platinum Paste Wax in einer einfach anzuwendenden Cremeformel, die sich perfekt f\u00fcr die","og_url":"https:\/\/gliptoneeurope.com\/de\/produkt\/platin-creme-wachs\/","og_site_name":"Gliptone Europe","article_publisher":"https:\/\/www.facebook.com\/gliptoneeurope\/","og_image":[{"width":1450,"height":1450,"url":"https:\/\/gliptoneeurope.com\/wp-content\/uploads\/Cream-Wax-470ml-16oz.jpg","type":"image\/jpeg"}],"twitter_card":"summary_large_image","schema":{"@context":"https:\/\/schema.org","@graph":[{"@type":"WebPage","@id":"https:\/\/gliptoneeurope.com\/de\/produkt\/platin-creme-wachs\/","url":"https:\/\/gliptoneeurope.com\/de\/produkt\/platin-creme-wachs\/","name":"Platincremewachs - Gliptone Europe","isPartOf":{"@id":"https:\/\/gliptoneeurope.com\/#website"},"primaryImageOfPage":{"@id":"https:\/\/gliptoneeurope.com\/de\/produkt\/platin-creme-wachs\/#primaryimage"},"image":{"@id":"https:\/\/gliptoneeurope.com\/de\/produkt\/platin-creme-wachs\/#primaryimage"},"thumbnailUrl":"https:\/\/gliptoneeurope.com\/wp-content\/uploads\/Cream-Wax-470ml-16oz.jpg","datePublished":"2021-11-30T11:46:12+00:00","description":"Enth\u00e4lt alle hochwertigen Inhaltsstoffe unseres meistverkauften Platinpasten-Wachs in einer einfach anzuwendenden Cremeformel, die sich perfekt f\u00fcr die Au\u00dfenpolitur eignet.","breadcrumb":{"@id":"https:\/\/gliptoneeurope.com\/de\/produkt\/platin-creme-wachs\/#breadcrumb"},"inLanguage":"de","potentialAction":[{"@type":"ReadAction","target":["https:\/\/gliptoneeurope.com\/de\/produkt\/platin-creme-wachs\/"]}]},{"@type":"ImageObject","inLanguage":"de","@id":"https:\/\/gliptoneeurope.com\/de\/produkt\/platin-creme-wachs\/#primaryimage","url":"https:\/\/gliptoneeurope.com\/wp-content\/uploads\/Cream-Wax-470ml-16oz.jpg","contentUrl":"https:\/\/gliptoneeurope.com\/wp-content\/uploads\/Cream-Wax-470ml-16oz.jpg","width":1450,"height":1450},{"@type":"BreadcrumbList","@id":"https:\/\/gliptoneeurope.com\/de\/produkt\/platin-creme-wachs\/#breadcrumb","itemListElement":[{"@type":"ListItem","position":1,"name":"Home","item":"https:\/\/gliptoneeurope.com\/"},{"@type":"ListItem","position":2,"name":"Shop","item":"https:\/\/gliptoneeurope.com\/de\/shop-2\/"},{"@type":"ListItem","position":3,"name":"Platincremewachs"}]},{"@type":"WebSite","@id":"https:\/\/gliptoneeurope.com\/#website","url":"https:\/\/gliptoneeurope.com\/","name":"Gliptone Europe","description":"Professional Car Detailing Products","publisher":{"@id":"https:\/\/gliptoneeurope.com\/#organization"},"potentialAction":[{"@type":"SearchAction","target":{"@type":"EntryPoint","urlTemplate":"https:\/\/gliptoneeurope.com\/?s={search_term_string}"},"query-input":{"@type":"PropertyValueSpecification","valueRequired":true,"valueName":"search_term_string"}}],"inLanguage":"de"},{"@type":"Organization","@id":"https:\/\/gliptoneeurope.com\/#organization","name":"Gliptone Europe","url":"https:\/\/gliptoneeurope.com\/","logo":{"@type":"ImageObject","inLanguage":"de","@id":"https:\/\/gliptoneeurope.com\/#\/schema\/logo\/image\/","url":"https:\/\/gliptoneeurope.com\/wp-content\/uploads\/Gliptone_Logo.png","contentUrl":"https:\/\/gliptoneeurope.com\/wp-content\/uploads\/Gliptone_Logo.png","width":1472,"height":607,"caption":"Gliptone Europe"},"image":{"@id":"https:\/\/gliptoneeurope.com\/#\/schema\/logo\/image\/"},"sameAs":["https:\/\/www.facebook.com\/gliptoneeurope\/","https:\/\/www.instagram.com\/gliptoneeurope\/","https:\/\/www.pinterest.co.uk\/GliptoneEurope\/"]}]}},"wcpa_form_fields":null,"_links":{"self":[{"href":"https:\/\/gliptoneeurope.com\/de\/wp-json\/wp\/v2\/product\/12148","targetHints":{"allow":["GET"]}}],"collection":[{"href":"https:\/\/gliptoneeurope.com\/de\/wp-json\/wp\/v2\/product"}],"about":[{"href":"https:\/\/gliptoneeurope.com\/de\/wp-json\/wp\/v2\/types\/product"}],"wp:featuredmedia":[{"embeddable":true,"href":"https:\/\/gliptoneeurope.com\/de\/wp-json\/wp\/v2\/media\/10631"}],"wp:attachment":[{"href":"https:\/\/gliptoneeurope.com\/de\/wp-json\/wp\/v2\/media?parent=12148"}],"wp:term":[{"taxonomy":"product_brand","embeddable":true,"href":"https:\/\/gliptoneeurope.com\/de\/wp-json\/wp\/v2\/product_brand?post=12148"},{"taxonomy":"product_cat","embeddable":true,"href":"https:\/\/gliptoneeurope.com\/de\/wp-json\/wp\/v2\/product_cat?post=12148"},{"taxonomy":"product_tag","embeddable":true,"href":"https:\/\/gliptoneeurope.com\/de\/wp-json\/wp\/v2\/product_tag?post=12148"}],"curies":[{"name":"wp","href":"https:\/\/api.w.org\/{rel}","templated":true}]}}