{"id":12129,"date":"2020-04-07T23:17:58","date_gmt":"2021-11-30T11:45:59","guid":{"rendered":"https:\/\/gliptoneeurope.com\/product\/true-blue-professioneller-reifenglanz\/"},"modified":"2021-11-30T11:45:59","modified_gmt":"2021-11-30T11:45:59","slug":"true-blue-professional-reifen-glanz","status":"publish","type":"product","link":"https:\/\/gliptoneeurope.com\/de\/produkt\/true-blue-professional-reifen-glanz\/","title":{"rendered":"True Blue Professioneller Reifenglanz"},"content":{"rendered":"<p>Erstklassige Au\u00dfenverkleidung in professioneller Qualit\u00e4t f\u00fcr Reifen, Zierleisten, Sto\u00dff\u00e4nger und Vinylverkleidungen. Professioneller Glanz und Haltbarkeit. Durchdringt die Oberfl\u00e4che und erzeugt einen lang anhaltenden und wasserabweisenden Glanz. Auf Reifen mit einem weichen Pinsel f\u00fcr maximale Deckkraft und Wirkung auftragen. Wasser perlen von Ihren Reifen ab, als w\u00e4ren sie gewachst. VOC-konform.<\/p>\n<p>Dieses Produkt finden Sie in unserem <a href=\"https:\/\/gliptoneeurope.com\/product\/wheel-wash-protect-kit\/\">Wheel Wash &amp; Protect Kit<\/a> , das alles enth\u00e4lt, was Sie brauchen, um Ihre Reifen und Felgen sicher zu reinigen und sie gleichzeitig vor Bremsstaub, Stra\u00dfenschmutz und Oberfl\u00e4chenrost zu sch\u00fctzen.<\/p>\n<p>22oz. 650ml.<\/p>\n<hr>\n<div class='avia-iframe-wrap'><iframe loading=\"lazy\" title=\"Gliptone Autocare uk - 1969 Dodge Charger R\/T GeneralLee Detail\" width=\"1333\" height=\"1000\" src=\"https:\/\/www.youtube.com\/embed\/p5WQBUfVoPg?feature=oembed\" frameborder=\"0\" allow=\"accelerometer; autoplay; clipboard-write; encrypted-media; gyroscope; picture-in-picture\" allowfullscreen><\/iframe><\/div>\n","protected":false},"excerpt":{"rendered":"<p>Erstklassige Au\u00dfenverkleidung in professioneller Qualit\u00e4t f\u00fcr Reifen, Zierleisten, Sto\u00dff\u00e4nger und Vinylverkleidungen. Professioneller Glanz und Haltbarkeit. Durchdringt die Oberfl\u00e4che und erzeugt einen lang anhaltenden und wasserabweisenden Glanz. Auf Reifen mit einem weichen Pinsel f\u00fcr maximale Deckkraft und Wirkung auftragen. Wasser perlen von Ihren Reifen ab, als w\u00e4ren sie gewachst. VOC-konform. Dieses Produkt finden Sie in unserem [&hellip;]<\/p>\n","protected":false},"featured_media":18542,"template":"","meta":[],"product_brand":[],"product_cat":[150,110],"product_tag":[],"class_list":{"0":"post-12129","1":"product","2":"type-product","3":"status-publish","4":"has-post-thumbnail","6":"product_cat-ausere-verbande","7":"product_cat-rader","9":"first","10":"instock","11":"featured","12":"taxable","13":"shipping-taxable","14":"purchasable","15":"product-type-variable"},"yoast_head":"<!-- This site is optimized with the Yoast SEO Premium plugin v21.4 (Yoast SEO v27.5) - https:\/\/yoast.com\/product\/yoast-seo-premium-wordpress\/ -->\n<title>True Blue Professioneller Reifenglanz - Gliptone Europe<\/title>\n<meta name=\"description\" content=\"Erstklassige Au\u00dfenverkleidung in professioneller Qualit\u00e4t f\u00fcr Reifen, Zierleisten, Sto\u00dff\u00e4nger und Vinylverkleidungen. Professioneller Glanz und Haltbarkeit.\" \/>\n<meta name=\"robots\" content=\"index, follow, max-snippet:-1, max-image-preview:large, max-video-preview:-1\" \/>\n<link rel=\"canonical\" href=\"https:\/\/gliptoneeurope.com\/de\/produkt\/true-blue-professional-reifen-glanz\/\" \/>\n<meta property=\"og:locale\" content=\"de_DE\" \/>\n<meta property=\"og:type\" content=\"article\" \/>\n<meta property=\"og:title\" content=\"True Blue Professioneller Reifenglanz\" \/>\n<meta property=\"og:description\" content=\"Erstklassige Au\u00dfenverkleidung in professioneller Qualit\u00e4t f\u00fcr Reifen, Zierleisten, Sto\u00dff\u00e4nger und Vinylverkleidungen. Professioneller Glanz und\" \/>\n<meta property=\"og:url\" content=\"https:\/\/gliptoneeurope.com\/de\/produkt\/true-blue-professional-reifen-glanz\/\" \/>\n<meta property=\"og:site_name\" content=\"Gliptone Europe\" \/>\n<meta property=\"article:publisher\" content=\"https:\/\/www.facebook.com\/gliptoneeurope\/\" \/>\n<meta property=\"og:image\" content=\"https:\/\/gliptoneeurope.com\/wp-content\/uploads\/True-Blue.jpg\" \/>\n\t<meta property=\"og:image:width\" content=\"1654\" \/>\n\t<meta property=\"og:image:height\" content=\"1621\" \/>\n\t<meta property=\"og:image:type\" content=\"image\/jpeg\" \/>\n<meta name=\"twitter:card\" content=\"summary_large_image\" \/>\n<meta name=\"twitter:label1\" content=\"Gesch\u00e4tzte Lesezeit\" \/>\n\t<meta name=\"twitter:data1\" content=\"1\u00a0Minute\" \/>\n<script type=\"application\/ld+json\" class=\"yoast-schema-graph\">{\"@context\":\"https:\\\/\\\/schema.org\",\"@graph\":[{\"@type\":\"WebPage\",\"@id\":\"https:\\\/\\\/gliptoneeurope.com\\\/de\\\/produkt\\\/true-blue-professional-reifen-glanz\\\/\",\"url\":\"https:\\\/\\\/gliptoneeurope.com\\\/de\\\/produkt\\\/true-blue-professional-reifen-glanz\\\/\",\"name\":\"True Blue Professioneller Reifenglanz - Gliptone Europe\",\"isPartOf\":{\"@id\":\"https:\\\/\\\/gliptoneeurope.com\\\/#website\"},\"primaryImageOfPage\":{\"@id\":\"https:\\\/\\\/gliptoneeurope.com\\\/de\\\/produkt\\\/true-blue-professional-reifen-glanz\\\/#primaryimage\"},\"image\":{\"@id\":\"https:\\\/\\\/gliptoneeurope.com\\\/de\\\/produkt\\\/true-blue-professional-reifen-glanz\\\/#primaryimage\"},\"thumbnailUrl\":\"https:\\\/\\\/gliptoneeurope.com\\\/wp-content\\\/uploads\\\/True-Blue.jpg\",\"datePublished\":\"2021-11-30T11:45:59+00:00\",\"description\":\"Erstklassige Au\u00dfenverkleidung in professioneller Qualit\u00e4t f\u00fcr Reifen, Zierleisten, Sto\u00dff\u00e4nger und Vinylverkleidungen. Professioneller Glanz und Haltbarkeit.\",\"breadcrumb\":{\"@id\":\"https:\\\/\\\/gliptoneeurope.com\\\/de\\\/produkt\\\/true-blue-professional-reifen-glanz\\\/#breadcrumb\"},\"inLanguage\":\"de\",\"potentialAction\":[{\"@type\":\"ReadAction\",\"target\":[\"https:\\\/\\\/gliptoneeurope.com\\\/de\\\/produkt\\\/true-blue-professional-reifen-glanz\\\/\"]}]},{\"@type\":\"ImageObject\",\"inLanguage\":\"de\",\"@id\":\"https:\\\/\\\/gliptoneeurope.com\\\/de\\\/produkt\\\/true-blue-professional-reifen-glanz\\\/#primaryimage\",\"url\":\"https:\\\/\\\/gliptoneeurope.com\\\/wp-content\\\/uploads\\\/True-Blue.jpg\",\"contentUrl\":\"https:\\\/\\\/gliptoneeurope.com\\\/wp-content\\\/uploads\\\/True-Blue.jpg\",\"width\":1654,\"height\":1621},{\"@type\":\"BreadcrumbList\",\"@id\":\"https:\\\/\\\/gliptoneeurope.com\\\/de\\\/produkt\\\/true-blue-professional-reifen-glanz\\\/#breadcrumb\",\"itemListElement\":[{\"@type\":\"ListItem\",\"position\":1,\"name\":\"Home\",\"item\":\"https:\\\/\\\/gliptoneeurope.com\\\/\"},{\"@type\":\"ListItem\",\"position\":2,\"name\":\"Shop\",\"item\":\"https:\\\/\\\/gliptoneeurope.com\\\/de\\\/shop-2\\\/\"},{\"@type\":\"ListItem\",\"position\":3,\"name\":\"True Blue Professioneller Reifenglanz\"}]},{\"@type\":\"WebSite\",\"@id\":\"https:\\\/\\\/gliptoneeurope.com\\\/#website\",\"url\":\"https:\\\/\\\/gliptoneeurope.com\\\/\",\"name\":\"Gliptone Europe\",\"description\":\"Professional Car Detailing Products\",\"publisher\":{\"@id\":\"https:\\\/\\\/gliptoneeurope.com\\\/#organization\"},\"potentialAction\":[{\"@type\":\"SearchAction\",\"target\":{\"@type\":\"EntryPoint\",\"urlTemplate\":\"https:\\\/\\\/gliptoneeurope.com\\\/?s={search_term_string}\"},\"query-input\":{\"@type\":\"PropertyValueSpecification\",\"valueRequired\":true,\"valueName\":\"search_term_string\"}}],\"inLanguage\":\"de\"},{\"@type\":\"Organization\",\"@id\":\"https:\\\/\\\/gliptoneeurope.com\\\/#organization\",\"name\":\"Gliptone Europe\",\"url\":\"https:\\\/\\\/gliptoneeurope.com\\\/\",\"logo\":{\"@type\":\"ImageObject\",\"inLanguage\":\"de\",\"@id\":\"https:\\\/\\\/gliptoneeurope.com\\\/#\\\/schema\\\/logo\\\/image\\\/\",\"url\":\"https:\\\/\\\/gliptoneeurope.com\\\/wp-content\\\/uploads\\\/Gliptone_Logo.png\",\"contentUrl\":\"https:\\\/\\\/gliptoneeurope.com\\\/wp-content\\\/uploads\\\/Gliptone_Logo.png\",\"width\":1472,\"height\":607,\"caption\":\"Gliptone Europe\"},\"image\":{\"@id\":\"https:\\\/\\\/gliptoneeurope.com\\\/#\\\/schema\\\/logo\\\/image\\\/\"},\"sameAs\":[\"https:\\\/\\\/www.facebook.com\\\/gliptoneeurope\\\/\",\"https:\\\/\\\/www.instagram.com\\\/gliptoneeurope\\\/\",\"https:\\\/\\\/www.pinterest.co.uk\\\/GliptoneEurope\\\/\"]}]}<\/script>\n<!-- \/ Yoast SEO Premium plugin. -->","yoast_head_json":{"title":"True Blue Professioneller Reifenglanz - Gliptone Europe","description":"Erstklassige Au\u00dfenverkleidung in professioneller Qualit\u00e4t f\u00fcr Reifen, Zierleisten, Sto\u00dff\u00e4nger und Vinylverkleidungen. Professioneller Glanz und Haltbarkeit.","robots":{"index":"index","follow":"follow","max-snippet":"max-snippet:-1","max-image-preview":"max-image-preview:large","max-video-preview":"max-video-preview:-1"},"canonical":"https:\/\/gliptoneeurope.com\/de\/produkt\/true-blue-professional-reifen-glanz\/","og_locale":"de_DE","og_type":"article","og_title":"True Blue Professioneller Reifenglanz","og_description":"Erstklassige Au\u00dfenverkleidung in professioneller Qualit\u00e4t f\u00fcr Reifen, Zierleisten, Sto\u00dff\u00e4nger und Vinylverkleidungen. Professioneller Glanz und","og_url":"https:\/\/gliptoneeurope.com\/de\/produkt\/true-blue-professional-reifen-glanz\/","og_site_name":"Gliptone Europe","article_publisher":"https:\/\/www.facebook.com\/gliptoneeurope\/","og_image":[{"width":1654,"height":1621,"url":"https:\/\/gliptoneeurope.com\/wp-content\/uploads\/True-Blue.jpg","type":"image\/jpeg"}],"twitter_card":"summary_large_image","twitter_misc":{"Gesch\u00e4tzte Lesezeit":"1\u00a0Minute"},"schema":{"@context":"https:\/\/schema.org","@graph":[{"@type":"WebPage","@id":"https:\/\/gliptoneeurope.com\/de\/produkt\/true-blue-professional-reifen-glanz\/","url":"https:\/\/gliptoneeurope.com\/de\/produkt\/true-blue-professional-reifen-glanz\/","name":"True Blue Professioneller Reifenglanz - Gliptone Europe","isPartOf":{"@id":"https:\/\/gliptoneeurope.com\/#website"},"primaryImageOfPage":{"@id":"https:\/\/gliptoneeurope.com\/de\/produkt\/true-blue-professional-reifen-glanz\/#primaryimage"},"image":{"@id":"https:\/\/gliptoneeurope.com\/de\/produkt\/true-blue-professional-reifen-glanz\/#primaryimage"},"thumbnailUrl":"https:\/\/gliptoneeurope.com\/wp-content\/uploads\/True-Blue.jpg","datePublished":"2021-11-30T11:45:59+00:00","description":"Erstklassige Au\u00dfenverkleidung in professioneller Qualit\u00e4t f\u00fcr Reifen, Zierleisten, Sto\u00dff\u00e4nger und Vinylverkleidungen. Professioneller Glanz und Haltbarkeit.","breadcrumb":{"@id":"https:\/\/gliptoneeurope.com\/de\/produkt\/true-blue-professional-reifen-glanz\/#breadcrumb"},"inLanguage":"de","potentialAction":[{"@type":"ReadAction","target":["https:\/\/gliptoneeurope.com\/de\/produkt\/true-blue-professional-reifen-glanz\/"]}]},{"@type":"ImageObject","inLanguage":"de","@id":"https:\/\/gliptoneeurope.com\/de\/produkt\/true-blue-professional-reifen-glanz\/#primaryimage","url":"https:\/\/gliptoneeurope.com\/wp-content\/uploads\/True-Blue.jpg","contentUrl":"https:\/\/gliptoneeurope.com\/wp-content\/uploads\/True-Blue.jpg","width":1654,"height":1621},{"@type":"BreadcrumbList","@id":"https:\/\/gliptoneeurope.com\/de\/produkt\/true-blue-professional-reifen-glanz\/#breadcrumb","itemListElement":[{"@type":"ListItem","position":1,"name":"Home","item":"https:\/\/gliptoneeurope.com\/"},{"@type":"ListItem","position":2,"name":"Shop","item":"https:\/\/gliptoneeurope.com\/de\/shop-2\/"},{"@type":"ListItem","position":3,"name":"True Blue Professioneller Reifenglanz"}]},{"@type":"WebSite","@id":"https:\/\/gliptoneeurope.com\/#website","url":"https:\/\/gliptoneeurope.com\/","name":"Gliptone Europe","description":"Professional Car Detailing Products","publisher":{"@id":"https:\/\/gliptoneeurope.com\/#organization"},"potentialAction":[{"@type":"SearchAction","target":{"@type":"EntryPoint","urlTemplate":"https:\/\/gliptoneeurope.com\/?s={search_term_string}"},"query-input":{"@type":"PropertyValueSpecification","valueRequired":true,"valueName":"search_term_string"}}],"inLanguage":"de"},{"@type":"Organization","@id":"https:\/\/gliptoneeurope.com\/#organization","name":"Gliptone Europe","url":"https:\/\/gliptoneeurope.com\/","logo":{"@type":"ImageObject","inLanguage":"de","@id":"https:\/\/gliptoneeurope.com\/#\/schema\/logo\/image\/","url":"https:\/\/gliptoneeurope.com\/wp-content\/uploads\/Gliptone_Logo.png","contentUrl":"https:\/\/gliptoneeurope.com\/wp-content\/uploads\/Gliptone_Logo.png","width":1472,"height":607,"caption":"Gliptone Europe"},"image":{"@id":"https:\/\/gliptoneeurope.com\/#\/schema\/logo\/image\/"},"sameAs":["https:\/\/www.facebook.com\/gliptoneeurope\/","https:\/\/www.instagram.com\/gliptoneeurope\/","https:\/\/www.pinterest.co.uk\/GliptoneEurope\/"]}]}},"wcpa_form_fields":null,"_links":{"self":[{"href":"https:\/\/gliptoneeurope.com\/de\/wp-json\/wp\/v2\/product\/12129","targetHints":{"allow":["GET"]}}],"collection":[{"href":"https:\/\/gliptoneeurope.com\/de\/wp-json\/wp\/v2\/product"}],"about":[{"href":"https:\/\/gliptoneeurope.com\/de\/wp-json\/wp\/v2\/types\/product"}],"wp:featuredmedia":[{"embeddable":true,"href":"https:\/\/gliptoneeurope.com\/de\/wp-json\/wp\/v2\/media\/18542"}],"wp:attachment":[{"href":"https:\/\/gliptoneeurope.com\/de\/wp-json\/wp\/v2\/media?parent=12129"}],"wp:term":[{"taxonomy":"product_brand","embeddable":true,"href":"https:\/\/gliptoneeurope.com\/de\/wp-json\/wp\/v2\/product_brand?post=12129"},{"taxonomy":"product_cat","embeddable":true,"href":"https:\/\/gliptoneeurope.com\/de\/wp-json\/wp\/v2\/product_cat?post=12129"},{"taxonomy":"product_tag","embeddable":true,"href":"https:\/\/gliptoneeurope.com\/de\/wp-json\/wp\/v2\/product_tag?post=12129"}],"curies":[{"name":"wp","href":"https:\/\/api.w.org\/{rel}","templated":true}]}}