{"id":12125,"date":"2020-04-08T09:16:57","date_gmt":"2021-11-30T11:45:59","guid":{"rendered":"https:\/\/gliptoneeurope.com\/product\/gt-quartz-select-nano-keramikbeschichtung\/"},"modified":"2021-11-30T11:45:59","modified_gmt":"2021-11-30T11:45:59","slug":"gt-quarz-select-nano-keramik-beschichtung","status":"publish","type":"product","link":"https:\/\/gliptoneeurope.com\/de\/produkt\/gt-quarz-select-nano-keramik-beschichtung\/","title":{"rendered":"GT Quartz Select Nano-Keramikbeschichtung"},"content":{"rendered":"<p>Die Nano-Keramik-Beschichtung f\u00fcr Lacke, die drei Jahre lang Au\u00dfenschutz bietet. GT Quartz Select erweist sich als best\u00e4ndig gegen Streusalz und bietet Schutz vor Schmutz, Teer, Insekten und Vogelkot. Diese Beschichtung wird mit einer 3-Jahres-Garantie geliefert, wenn sie von einem von Gliptone autorisierten Applikator aufgetragen wird. Obwohl dieses Produkt von einem Laien aufgetragen werden kann, empfehlen wir, sich vor der Anwendung mit uns in Verbindung zu setzen, um eine spezifische Beratung zu erhalten.<\/p>\n<p>50ml.<\/p>\n<hr>\n<div class='avia-iframe-wrap'><iframe loading=\"lazy\" title=\"GLIPTONE GT Quartz Video\" width=\"1500\" height=\"844\" src=\"https:\/\/www.youtube.com\/embed\/2VV7ctvXl4U?feature=oembed\" frameborder=\"0\" allow=\"accelerometer; autoplay; clipboard-write; encrypted-media; gyroscope; picture-in-picture\" allowfullscreen><\/iframe><\/div>\n<hr>\n<div class='avia-iframe-wrap'><iframe loading=\"lazy\" title=\"Gliptone Autocare uk - 1969 Dodge Charger R\/T GeneralLee Detail\" width=\"1333\" height=\"1000\" src=\"https:\/\/www.youtube.com\/embed\/p5WQBUfVoPg?feature=oembed\" frameborder=\"0\" allow=\"accelerometer; autoplay; clipboard-write; encrypted-media; gyroscope; picture-in-picture\" allowfullscreen><\/iframe><\/div>\n","protected":false},"excerpt":{"rendered":"<p>Die Nano-Keramik-Beschichtung f\u00fcr Lacke, die drei Jahre lang Au\u00dfenschutz bietet. GT Quartz Select erweist sich als best\u00e4ndig gegen Streusalz und bietet Schutz vor Schmutz, Teer, Insekten und Vogelkot. Diese Beschichtung wird mit einer 3-Jahres-Garantie geliefert, wenn sie von einem von Gliptone autorisierten Applikator aufgetragen wird. Obwohl dieses Produkt von einem Laien aufgetragen werden kann, empfehlen [&hellip;]<\/p>\n","protected":false},"featured_media":10289,"template":"","meta":[],"product_brand":[],"product_cat":[165],"product_tag":[],"class_list":{"0":"post-12125","1":"product","2":"type-product","3":"status-publish","4":"has-post-thumbnail","6":"product_cat-keramikbeschichtungen","8":"first","9":"instock","10":"taxable","11":"shipping-taxable","12":"purchasable","13":"product-type-simple"},"yoast_head":"<!-- This site is optimized with the Yoast SEO Premium plugin v21.4 (Yoast SEO v27.5) - https:\/\/yoast.com\/product\/yoast-seo-premium-wordpress\/ -->\n<title>GT Quartz Select Nano-Keramikbeschichtung - Gliptone Europe<\/title>\n<meta name=\"description\" content=\"Die Nano-Keramik-Beschichtung f\u00fcr Lacke, die drei Jahre lang Au\u00dfenschutz bietet. GT Quartz Select erweist sich als best\u00e4ndig gegen Streusalz und bietet Schutz vor Schmutz, Teer, Insekten und Vogelkot.\" \/>\n<meta name=\"robots\" content=\"index, follow, max-snippet:-1, max-image-preview:large, max-video-preview:-1\" \/>\n<link rel=\"canonical\" href=\"https:\/\/gliptoneeurope.com\/de\/produkt\/gt-quarz-select-nano-keramik-beschichtung\/\" \/>\n<meta property=\"og:locale\" content=\"de_DE\" \/>\n<meta property=\"og:type\" content=\"article\" \/>\n<meta property=\"og:title\" content=\"GT Quartz Select Nano-Keramikbeschichtung\" \/>\n<meta property=\"og:description\" content=\"Die Nano-Keramik-Beschichtung f\u00fcr Lacke, die drei Jahre lang Au\u00dfenschutz bietet. GT Quartz Select erweist sich als best\u00e4ndig gegen Streusalz und bietet\" \/>\n<meta property=\"og:url\" content=\"https:\/\/gliptoneeurope.com\/de\/produkt\/gt-quarz-select-nano-keramik-beschichtung\/\" \/>\n<meta property=\"og:site_name\" content=\"Gliptone Europe\" \/>\n<meta property=\"article:publisher\" content=\"https:\/\/www.facebook.com\/gliptoneeurope\/\" \/>\n<meta property=\"og:image\" content=\"https:\/\/gliptoneeurope.com\/wp-content\/uploads\/GT-Quartz.jpg\" \/>\n\t<meta property=\"og:image:width\" content=\"1772\" \/>\n\t<meta property=\"og:image:height\" content=\"1772\" \/>\n\t<meta property=\"og:image:type\" content=\"image\/jpeg\" \/>\n<meta name=\"twitter:card\" content=\"summary_large_image\" \/>\n<script type=\"application\/ld+json\" class=\"yoast-schema-graph\">{\"@context\":\"https:\\\/\\\/schema.org\",\"@graph\":[{\"@type\":\"WebPage\",\"@id\":\"https:\\\/\\\/gliptoneeurope.com\\\/de\\\/produkt\\\/gt-quarz-select-nano-keramik-beschichtung\\\/\",\"url\":\"https:\\\/\\\/gliptoneeurope.com\\\/de\\\/produkt\\\/gt-quarz-select-nano-keramik-beschichtung\\\/\",\"name\":\"GT Quartz Select Nano-Keramikbeschichtung - Gliptone Europe\",\"isPartOf\":{\"@id\":\"https:\\\/\\\/gliptoneeurope.com\\\/#website\"},\"primaryImageOfPage\":{\"@id\":\"https:\\\/\\\/gliptoneeurope.com\\\/de\\\/produkt\\\/gt-quarz-select-nano-keramik-beschichtung\\\/#primaryimage\"},\"image\":{\"@id\":\"https:\\\/\\\/gliptoneeurope.com\\\/de\\\/produkt\\\/gt-quarz-select-nano-keramik-beschichtung\\\/#primaryimage\"},\"thumbnailUrl\":\"https:\\\/\\\/gliptoneeurope.com\\\/wp-content\\\/uploads\\\/GT-Quartz.jpg\",\"datePublished\":\"2021-11-30T11:45:59+00:00\",\"description\":\"Die Nano-Keramik-Beschichtung f\u00fcr Lacke, die drei Jahre lang Au\u00dfenschutz bietet. GT Quartz Select erweist sich als best\u00e4ndig gegen Streusalz und bietet Schutz vor Schmutz, Teer, Insekten und Vogelkot.\",\"breadcrumb\":{\"@id\":\"https:\\\/\\\/gliptoneeurope.com\\\/de\\\/produkt\\\/gt-quarz-select-nano-keramik-beschichtung\\\/#breadcrumb\"},\"inLanguage\":\"de\",\"potentialAction\":[{\"@type\":\"ReadAction\",\"target\":[\"https:\\\/\\\/gliptoneeurope.com\\\/de\\\/produkt\\\/gt-quarz-select-nano-keramik-beschichtung\\\/\"]}]},{\"@type\":\"ImageObject\",\"inLanguage\":\"de\",\"@id\":\"https:\\\/\\\/gliptoneeurope.com\\\/de\\\/produkt\\\/gt-quarz-select-nano-keramik-beschichtung\\\/#primaryimage\",\"url\":\"https:\\\/\\\/gliptoneeurope.com\\\/wp-content\\\/uploads\\\/GT-Quartz.jpg\",\"contentUrl\":\"https:\\\/\\\/gliptoneeurope.com\\\/wp-content\\\/uploads\\\/GT-Quartz.jpg\",\"width\":1772,\"height\":1772,\"caption\":\"GT-Quarz\"},{\"@type\":\"BreadcrumbList\",\"@id\":\"https:\\\/\\\/gliptoneeurope.com\\\/de\\\/produkt\\\/gt-quarz-select-nano-keramik-beschichtung\\\/#breadcrumb\",\"itemListElement\":[{\"@type\":\"ListItem\",\"position\":1,\"name\":\"Home\",\"item\":\"https:\\\/\\\/gliptoneeurope.com\\\/\"},{\"@type\":\"ListItem\",\"position\":2,\"name\":\"Shop\",\"item\":\"https:\\\/\\\/gliptoneeurope.com\\\/de\\\/shop-2\\\/\"},{\"@type\":\"ListItem\",\"position\":3,\"name\":\"GT Quartz Select Nano-Keramikbeschichtung\"}]},{\"@type\":\"WebSite\",\"@id\":\"https:\\\/\\\/gliptoneeurope.com\\\/#website\",\"url\":\"https:\\\/\\\/gliptoneeurope.com\\\/\",\"name\":\"Gliptone Europe\",\"description\":\"Professional Car Detailing Products\",\"publisher\":{\"@id\":\"https:\\\/\\\/gliptoneeurope.com\\\/#organization\"},\"potentialAction\":[{\"@type\":\"SearchAction\",\"target\":{\"@type\":\"EntryPoint\",\"urlTemplate\":\"https:\\\/\\\/gliptoneeurope.com\\\/?s={search_term_string}\"},\"query-input\":{\"@type\":\"PropertyValueSpecification\",\"valueRequired\":true,\"valueName\":\"search_term_string\"}}],\"inLanguage\":\"de\"},{\"@type\":\"Organization\",\"@id\":\"https:\\\/\\\/gliptoneeurope.com\\\/#organization\",\"name\":\"Gliptone Europe\",\"url\":\"https:\\\/\\\/gliptoneeurope.com\\\/\",\"logo\":{\"@type\":\"ImageObject\",\"inLanguage\":\"de\",\"@id\":\"https:\\\/\\\/gliptoneeurope.com\\\/#\\\/schema\\\/logo\\\/image\\\/\",\"url\":\"https:\\\/\\\/gliptoneeurope.com\\\/wp-content\\\/uploads\\\/Gliptone_Logo.png\",\"contentUrl\":\"https:\\\/\\\/gliptoneeurope.com\\\/wp-content\\\/uploads\\\/Gliptone_Logo.png\",\"width\":1472,\"height\":607,\"caption\":\"Gliptone Europe\"},\"image\":{\"@id\":\"https:\\\/\\\/gliptoneeurope.com\\\/#\\\/schema\\\/logo\\\/image\\\/\"},\"sameAs\":[\"https:\\\/\\\/www.facebook.com\\\/gliptoneeurope\\\/\",\"https:\\\/\\\/www.instagram.com\\\/gliptoneeurope\\\/\",\"https:\\\/\\\/www.pinterest.co.uk\\\/GliptoneEurope\\\/\"]}]}<\/script>\n<!-- \/ Yoast SEO Premium plugin. -->","yoast_head_json":{"title":"GT Quartz Select Nano-Keramikbeschichtung - Gliptone Europe","description":"Die Nano-Keramik-Beschichtung f\u00fcr Lacke, die drei Jahre lang Au\u00dfenschutz bietet. GT Quartz Select erweist sich als best\u00e4ndig gegen Streusalz und bietet Schutz vor Schmutz, Teer, Insekten und Vogelkot.","robots":{"index":"index","follow":"follow","max-snippet":"max-snippet:-1","max-image-preview":"max-image-preview:large","max-video-preview":"max-video-preview:-1"},"canonical":"https:\/\/gliptoneeurope.com\/de\/produkt\/gt-quarz-select-nano-keramik-beschichtung\/","og_locale":"de_DE","og_type":"article","og_title":"GT Quartz Select Nano-Keramikbeschichtung","og_description":"Die Nano-Keramik-Beschichtung f\u00fcr Lacke, die drei Jahre lang Au\u00dfenschutz bietet. GT Quartz Select erweist sich als best\u00e4ndig gegen Streusalz und bietet","og_url":"https:\/\/gliptoneeurope.com\/de\/produkt\/gt-quarz-select-nano-keramik-beschichtung\/","og_site_name":"Gliptone Europe","article_publisher":"https:\/\/www.facebook.com\/gliptoneeurope\/","og_image":[{"width":1772,"height":1772,"url":"https:\/\/gliptoneeurope.com\/wp-content\/uploads\/GT-Quartz.jpg","type":"image\/jpeg"}],"twitter_card":"summary_large_image","schema":{"@context":"https:\/\/schema.org","@graph":[{"@type":"WebPage","@id":"https:\/\/gliptoneeurope.com\/de\/produkt\/gt-quarz-select-nano-keramik-beschichtung\/","url":"https:\/\/gliptoneeurope.com\/de\/produkt\/gt-quarz-select-nano-keramik-beschichtung\/","name":"GT Quartz Select Nano-Keramikbeschichtung - Gliptone Europe","isPartOf":{"@id":"https:\/\/gliptoneeurope.com\/#website"},"primaryImageOfPage":{"@id":"https:\/\/gliptoneeurope.com\/de\/produkt\/gt-quarz-select-nano-keramik-beschichtung\/#primaryimage"},"image":{"@id":"https:\/\/gliptoneeurope.com\/de\/produkt\/gt-quarz-select-nano-keramik-beschichtung\/#primaryimage"},"thumbnailUrl":"https:\/\/gliptoneeurope.com\/wp-content\/uploads\/GT-Quartz.jpg","datePublished":"2021-11-30T11:45:59+00:00","description":"Die Nano-Keramik-Beschichtung f\u00fcr Lacke, die drei Jahre lang Au\u00dfenschutz bietet. GT Quartz Select erweist sich als best\u00e4ndig gegen Streusalz und bietet Schutz vor Schmutz, Teer, Insekten und Vogelkot.","breadcrumb":{"@id":"https:\/\/gliptoneeurope.com\/de\/produkt\/gt-quarz-select-nano-keramik-beschichtung\/#breadcrumb"},"inLanguage":"de","potentialAction":[{"@type":"ReadAction","target":["https:\/\/gliptoneeurope.com\/de\/produkt\/gt-quarz-select-nano-keramik-beschichtung\/"]}]},{"@type":"ImageObject","inLanguage":"de","@id":"https:\/\/gliptoneeurope.com\/de\/produkt\/gt-quarz-select-nano-keramik-beschichtung\/#primaryimage","url":"https:\/\/gliptoneeurope.com\/wp-content\/uploads\/GT-Quartz.jpg","contentUrl":"https:\/\/gliptoneeurope.com\/wp-content\/uploads\/GT-Quartz.jpg","width":1772,"height":1772,"caption":"GT-Quarz"},{"@type":"BreadcrumbList","@id":"https:\/\/gliptoneeurope.com\/de\/produkt\/gt-quarz-select-nano-keramik-beschichtung\/#breadcrumb","itemListElement":[{"@type":"ListItem","position":1,"name":"Home","item":"https:\/\/gliptoneeurope.com\/"},{"@type":"ListItem","position":2,"name":"Shop","item":"https:\/\/gliptoneeurope.com\/de\/shop-2\/"},{"@type":"ListItem","position":3,"name":"GT Quartz Select Nano-Keramikbeschichtung"}]},{"@type":"WebSite","@id":"https:\/\/gliptoneeurope.com\/#website","url":"https:\/\/gliptoneeurope.com\/","name":"Gliptone Europe","description":"Professional Car Detailing Products","publisher":{"@id":"https:\/\/gliptoneeurope.com\/#organization"},"potentialAction":[{"@type":"SearchAction","target":{"@type":"EntryPoint","urlTemplate":"https:\/\/gliptoneeurope.com\/?s={search_term_string}"},"query-input":{"@type":"PropertyValueSpecification","valueRequired":true,"valueName":"search_term_string"}}],"inLanguage":"de"},{"@type":"Organization","@id":"https:\/\/gliptoneeurope.com\/#organization","name":"Gliptone Europe","url":"https:\/\/gliptoneeurope.com\/","logo":{"@type":"ImageObject","inLanguage":"de","@id":"https:\/\/gliptoneeurope.com\/#\/schema\/logo\/image\/","url":"https:\/\/gliptoneeurope.com\/wp-content\/uploads\/Gliptone_Logo.png","contentUrl":"https:\/\/gliptoneeurope.com\/wp-content\/uploads\/Gliptone_Logo.png","width":1472,"height":607,"caption":"Gliptone Europe"},"image":{"@id":"https:\/\/gliptoneeurope.com\/#\/schema\/logo\/image\/"},"sameAs":["https:\/\/www.facebook.com\/gliptoneeurope\/","https:\/\/www.instagram.com\/gliptoneeurope\/","https:\/\/www.pinterest.co.uk\/GliptoneEurope\/"]}]}},"wcpa_form_fields":null,"_links":{"self":[{"href":"https:\/\/gliptoneeurope.com\/de\/wp-json\/wp\/v2\/product\/12125","targetHints":{"allow":["GET"]}}],"collection":[{"href":"https:\/\/gliptoneeurope.com\/de\/wp-json\/wp\/v2\/product"}],"about":[{"href":"https:\/\/gliptoneeurope.com\/de\/wp-json\/wp\/v2\/types\/product"}],"wp:featuredmedia":[{"embeddable":true,"href":"https:\/\/gliptoneeurope.com\/de\/wp-json\/wp\/v2\/media\/10289"}],"wp:attachment":[{"href":"https:\/\/gliptoneeurope.com\/de\/wp-json\/wp\/v2\/media?parent=12125"}],"wp:term":[{"taxonomy":"product_brand","embeddable":true,"href":"https:\/\/gliptoneeurope.com\/de\/wp-json\/wp\/v2\/product_brand?post=12125"},{"taxonomy":"product_cat","embeddable":true,"href":"https:\/\/gliptoneeurope.com\/de\/wp-json\/wp\/v2\/product_cat?post=12125"},{"taxonomy":"product_tag","embeddable":true,"href":"https:\/\/gliptoneeurope.com\/de\/wp-json\/wp\/v2\/product_tag?post=12125"}],"curies":[{"name":"wp","href":"https:\/\/api.w.org\/{rel}","templated":true}]}}