{"id":12110,"date":"2020-04-07T23:19:47","date_gmt":"2021-11-30T11:45:55","guid":{"rendered":"https:\/\/gliptoneeurope.com\/product\/reifenglanz-applikatoren-2er-pack\/"},"modified":"2021-11-30T11:45:55","modified_gmt":"2021-11-30T11:45:55","slug":"reifenglanz-applikatoren-2-pack","status":"publish","type":"product","link":"https:\/\/gliptoneeurope.com\/de\/produkt\/reifenglanz-applikatoren-2-pack\/","title":{"rendered":"Reifenglanz-Applikatoren &#8211; 2er Pack"},"content":{"rendered":"<p>Schaumstoff-Applikatorpads zur gleichm\u00e4\u00dfigen Verteilung von <a href=\"https:\/\/gliptoneeurope.com\/product\/true-blue-professional-tyre-shine\/\">Reifenglanz<\/a> und <a href=\"https:\/\/gliptoneeurope.com\/product\/tire-trim-jelly-protectant\/\">Reifen- und Trim-Geleeschutzmittel<\/a> , die verhindern, dass es auf R\u00e4der und Auffahrt gelangt.<\/p>\n<p>Die Pads sind leicht wiederverwendbar und halten Ihre H\u00e4nde sauber und verhindern gleichzeitig Laufen und Tropfen. Ihre einzigartige Form verhilft zu professionellen Ergebnissen.<\/p>\n<p>Dieses Produkt finden Sie in unserem <a href=\"https:\/\/gliptoneeurope.com\/product\/wheel-wash-protect-kit\/\">Wheel Wash &amp; Protect Kit<\/a> , das alles enth\u00e4lt, was Sie brauchen, um Ihre Reifen und Felgen sicher zu reinigen und sie gleichzeitig vor Bremsstaub, Stra\u00dfenschmutz und Oberfl\u00e4chenrost zu sch\u00fctzen.<\/p>\n<p>&nbsp;<\/p>\n","protected":false},"excerpt":{"rendered":"<p>Schaumstoff-Applikatorpads zur gleichm\u00e4\u00dfigen Verteilung von Reifenglanz und Reifen- und Trim-Geleeschutzmittel , die verhindern, dass es auf R\u00e4der und Auffahrt gelangt. Die Pads sind leicht wiederverwendbar und halten Ihre H\u00e4nde sauber und verhindern gleichzeitig Laufen und Tropfen. Ihre einzigartige Form verhilft zu professionellen Ergebnissen. Dieses Produkt finden Sie in unserem Wheel Wash &amp; Protect Kit , [&hellip;]<\/p>\n","protected":false},"featured_media":11023,"template":"","meta":[],"product_brand":[],"product_cat":[150,110],"product_tag":[],"class_list":{"0":"post-12110","1":"product","2":"type-product","3":"status-publish","4":"has-post-thumbnail","6":"product_cat-ausere-verbande","7":"product_cat-rader","9":"first","10":"instock","11":"taxable","12":"shipping-taxable","13":"purchasable","14":"product-type-simple"},"yoast_head":"<!-- This site is optimized with the Yoast SEO Premium plugin v21.4 (Yoast SEO v27.4) - https:\/\/yoast.com\/product\/yoast-seo-premium-wordpress\/ -->\n<title>Reifenglanz-Applikatoren - 2er Pack - Gliptone Europe<\/title>\n<meta name=\"description\" content=\"Schaumstoff-Applikatorpads zur gleichm\u00e4\u00dfigen Verteilung des Reifenglanzes. Verhindert, dass Reifenglanz auf R\u00e4der und Auffahrt gelangt.\" \/>\n<meta name=\"robots\" content=\"index, follow, max-snippet:-1, max-image-preview:large, max-video-preview:-1\" \/>\n<link rel=\"canonical\" href=\"https:\/\/gliptoneeurope.com\/de\/produkt\/reifenglanz-applikatoren-2-pack\/\" \/>\n<meta property=\"og:locale\" content=\"de_DE\" \/>\n<meta property=\"og:type\" content=\"article\" \/>\n<meta property=\"og:title\" content=\"Reifenglanz-Applikatoren - 2er Pack\" \/>\n<meta property=\"og:description\" content=\"Schaumstoff-Applikatorpads zur gleichm\u00e4\u00dfigen Verteilung von Reifenglanz und Reifen- und Trim-Geleeschutzmittel , die verhindern, dass es auf R\u00e4der und\" \/>\n<meta property=\"og:url\" content=\"https:\/\/gliptoneeurope.com\/de\/produkt\/reifenglanz-applikatoren-2-pack\/\" \/>\n<meta property=\"og:site_name\" content=\"Gliptone Europe\" \/>\n<meta property=\"article:publisher\" content=\"https:\/\/www.facebook.com\/gliptoneeurope\/\" \/>\n<meta property=\"og:image\" content=\"https:\/\/gliptoneeurope.com\/wp-content\/uploads\/Tyre-Shine-Applicators.jpg\" \/>\n\t<meta property=\"og:image:width\" content=\"1701\" \/>\n\t<meta property=\"og:image:height\" content=\"1701\" \/>\n\t<meta property=\"og:image:type\" content=\"image\/jpeg\" \/>\n<meta name=\"twitter:card\" content=\"summary_large_image\" \/>\n<script type=\"application\/ld+json\" class=\"yoast-schema-graph\">{\"@context\":\"https:\\\/\\\/schema.org\",\"@graph\":[{\"@type\":\"WebPage\",\"@id\":\"https:\\\/\\\/gliptoneeurope.com\\\/de\\\/produkt\\\/reifenglanz-applikatoren-2-pack\\\/\",\"url\":\"https:\\\/\\\/gliptoneeurope.com\\\/de\\\/produkt\\\/reifenglanz-applikatoren-2-pack\\\/\",\"name\":\"Reifenglanz-Applikatoren - 2er Pack - Gliptone Europe\",\"isPartOf\":{\"@id\":\"https:\\\/\\\/gliptoneeurope.com\\\/#website\"},\"primaryImageOfPage\":{\"@id\":\"https:\\\/\\\/gliptoneeurope.com\\\/de\\\/produkt\\\/reifenglanz-applikatoren-2-pack\\\/#primaryimage\"},\"image\":{\"@id\":\"https:\\\/\\\/gliptoneeurope.com\\\/de\\\/produkt\\\/reifenglanz-applikatoren-2-pack\\\/#primaryimage\"},\"thumbnailUrl\":\"https:\\\/\\\/gliptoneeurope.com\\\/wp-content\\\/uploads\\\/Tyre-Shine-Applicators.jpg\",\"datePublished\":\"2021-11-30T11:45:55+00:00\",\"description\":\"Schaumstoff-Applikatorpads zur gleichm\u00e4\u00dfigen Verteilung des Reifenglanzes. Verhindert, dass Reifenglanz auf R\u00e4der und Auffahrt gelangt.\",\"breadcrumb\":{\"@id\":\"https:\\\/\\\/gliptoneeurope.com\\\/de\\\/produkt\\\/reifenglanz-applikatoren-2-pack\\\/#breadcrumb\"},\"inLanguage\":\"de\",\"potentialAction\":[{\"@type\":\"ReadAction\",\"target\":[\"https:\\\/\\\/gliptoneeurope.com\\\/de\\\/produkt\\\/reifenglanz-applikatoren-2-pack\\\/\"]}]},{\"@type\":\"ImageObject\",\"inLanguage\":\"de\",\"@id\":\"https:\\\/\\\/gliptoneeurope.com\\\/de\\\/produkt\\\/reifenglanz-applikatoren-2-pack\\\/#primaryimage\",\"url\":\"https:\\\/\\\/gliptoneeurope.com\\\/wp-content\\\/uploads\\\/Tyre-Shine-Applicators.jpg\",\"contentUrl\":\"https:\\\/\\\/gliptoneeurope.com\\\/wp-content\\\/uploads\\\/Tyre-Shine-Applicators.jpg\",\"width\":1701,\"height\":1701},{\"@type\":\"BreadcrumbList\",\"@id\":\"https:\\\/\\\/gliptoneeurope.com\\\/de\\\/produkt\\\/reifenglanz-applikatoren-2-pack\\\/#breadcrumb\",\"itemListElement\":[{\"@type\":\"ListItem\",\"position\":1,\"name\":\"Home\",\"item\":\"https:\\\/\\\/gliptoneeurope.com\\\/\"},{\"@type\":\"ListItem\",\"position\":2,\"name\":\"Shop\",\"item\":\"https:\\\/\\\/gliptoneeurope.com\\\/de\\\/shop-2\\\/\"},{\"@type\":\"ListItem\",\"position\":3,\"name\":\"Reifenglanz-Applikatoren &#8211; 2er Pack\"}]},{\"@type\":\"WebSite\",\"@id\":\"https:\\\/\\\/gliptoneeurope.com\\\/#website\",\"url\":\"https:\\\/\\\/gliptoneeurope.com\\\/\",\"name\":\"Gliptone Europe\",\"description\":\"Professional Car Detailing Products\",\"publisher\":{\"@id\":\"https:\\\/\\\/gliptoneeurope.com\\\/#organization\"},\"potentialAction\":[{\"@type\":\"SearchAction\",\"target\":{\"@type\":\"EntryPoint\",\"urlTemplate\":\"https:\\\/\\\/gliptoneeurope.com\\\/?s={search_term_string}\"},\"query-input\":{\"@type\":\"PropertyValueSpecification\",\"valueRequired\":true,\"valueName\":\"search_term_string\"}}],\"inLanguage\":\"de\"},{\"@type\":\"Organization\",\"@id\":\"https:\\\/\\\/gliptoneeurope.com\\\/#organization\",\"name\":\"Gliptone Europe\",\"url\":\"https:\\\/\\\/gliptoneeurope.com\\\/\",\"logo\":{\"@type\":\"ImageObject\",\"inLanguage\":\"de\",\"@id\":\"https:\\\/\\\/gliptoneeurope.com\\\/#\\\/schema\\\/logo\\\/image\\\/\",\"url\":\"https:\\\/\\\/gliptoneeurope.com\\\/wp-content\\\/uploads\\\/Gliptone_Logo.png\",\"contentUrl\":\"https:\\\/\\\/gliptoneeurope.com\\\/wp-content\\\/uploads\\\/Gliptone_Logo.png\",\"width\":1472,\"height\":607,\"caption\":\"Gliptone Europe\"},\"image\":{\"@id\":\"https:\\\/\\\/gliptoneeurope.com\\\/#\\\/schema\\\/logo\\\/image\\\/\"},\"sameAs\":[\"https:\\\/\\\/www.facebook.com\\\/gliptoneeurope\\\/\",\"https:\\\/\\\/www.instagram.com\\\/gliptoneeurope\\\/\",\"https:\\\/\\\/www.pinterest.co.uk\\\/GliptoneEurope\\\/\"]}]}<\/script>\n<!-- \/ Yoast SEO Premium plugin. -->","yoast_head_json":{"title":"Reifenglanz-Applikatoren - 2er Pack - Gliptone Europe","description":"Schaumstoff-Applikatorpads zur gleichm\u00e4\u00dfigen Verteilung des Reifenglanzes. Verhindert, dass Reifenglanz auf R\u00e4der und Auffahrt gelangt.","robots":{"index":"index","follow":"follow","max-snippet":"max-snippet:-1","max-image-preview":"max-image-preview:large","max-video-preview":"max-video-preview:-1"},"canonical":"https:\/\/gliptoneeurope.com\/de\/produkt\/reifenglanz-applikatoren-2-pack\/","og_locale":"de_DE","og_type":"article","og_title":"Reifenglanz-Applikatoren - 2er Pack","og_description":"Schaumstoff-Applikatorpads zur gleichm\u00e4\u00dfigen Verteilung von Reifenglanz und Reifen- und Trim-Geleeschutzmittel , die verhindern, dass es auf R\u00e4der und","og_url":"https:\/\/gliptoneeurope.com\/de\/produkt\/reifenglanz-applikatoren-2-pack\/","og_site_name":"Gliptone Europe","article_publisher":"https:\/\/www.facebook.com\/gliptoneeurope\/","og_image":[{"width":1701,"height":1701,"url":"https:\/\/gliptoneeurope.com\/wp-content\/uploads\/Tyre-Shine-Applicators.jpg","type":"image\/jpeg"}],"twitter_card":"summary_large_image","schema":{"@context":"https:\/\/schema.org","@graph":[{"@type":"WebPage","@id":"https:\/\/gliptoneeurope.com\/de\/produkt\/reifenglanz-applikatoren-2-pack\/","url":"https:\/\/gliptoneeurope.com\/de\/produkt\/reifenglanz-applikatoren-2-pack\/","name":"Reifenglanz-Applikatoren - 2er Pack - Gliptone Europe","isPartOf":{"@id":"https:\/\/gliptoneeurope.com\/#website"},"primaryImageOfPage":{"@id":"https:\/\/gliptoneeurope.com\/de\/produkt\/reifenglanz-applikatoren-2-pack\/#primaryimage"},"image":{"@id":"https:\/\/gliptoneeurope.com\/de\/produkt\/reifenglanz-applikatoren-2-pack\/#primaryimage"},"thumbnailUrl":"https:\/\/gliptoneeurope.com\/wp-content\/uploads\/Tyre-Shine-Applicators.jpg","datePublished":"2021-11-30T11:45:55+00:00","description":"Schaumstoff-Applikatorpads zur gleichm\u00e4\u00dfigen Verteilung des Reifenglanzes. Verhindert, dass Reifenglanz auf R\u00e4der und Auffahrt gelangt.","breadcrumb":{"@id":"https:\/\/gliptoneeurope.com\/de\/produkt\/reifenglanz-applikatoren-2-pack\/#breadcrumb"},"inLanguage":"de","potentialAction":[{"@type":"ReadAction","target":["https:\/\/gliptoneeurope.com\/de\/produkt\/reifenglanz-applikatoren-2-pack\/"]}]},{"@type":"ImageObject","inLanguage":"de","@id":"https:\/\/gliptoneeurope.com\/de\/produkt\/reifenglanz-applikatoren-2-pack\/#primaryimage","url":"https:\/\/gliptoneeurope.com\/wp-content\/uploads\/Tyre-Shine-Applicators.jpg","contentUrl":"https:\/\/gliptoneeurope.com\/wp-content\/uploads\/Tyre-Shine-Applicators.jpg","width":1701,"height":1701},{"@type":"BreadcrumbList","@id":"https:\/\/gliptoneeurope.com\/de\/produkt\/reifenglanz-applikatoren-2-pack\/#breadcrumb","itemListElement":[{"@type":"ListItem","position":1,"name":"Home","item":"https:\/\/gliptoneeurope.com\/"},{"@type":"ListItem","position":2,"name":"Shop","item":"https:\/\/gliptoneeurope.com\/de\/shop-2\/"},{"@type":"ListItem","position":3,"name":"Reifenglanz-Applikatoren &#8211; 2er Pack"}]},{"@type":"WebSite","@id":"https:\/\/gliptoneeurope.com\/#website","url":"https:\/\/gliptoneeurope.com\/","name":"Gliptone Europe","description":"Professional Car Detailing Products","publisher":{"@id":"https:\/\/gliptoneeurope.com\/#organization"},"potentialAction":[{"@type":"SearchAction","target":{"@type":"EntryPoint","urlTemplate":"https:\/\/gliptoneeurope.com\/?s={search_term_string}"},"query-input":{"@type":"PropertyValueSpecification","valueRequired":true,"valueName":"search_term_string"}}],"inLanguage":"de"},{"@type":"Organization","@id":"https:\/\/gliptoneeurope.com\/#organization","name":"Gliptone Europe","url":"https:\/\/gliptoneeurope.com\/","logo":{"@type":"ImageObject","inLanguage":"de","@id":"https:\/\/gliptoneeurope.com\/#\/schema\/logo\/image\/","url":"https:\/\/gliptoneeurope.com\/wp-content\/uploads\/Gliptone_Logo.png","contentUrl":"https:\/\/gliptoneeurope.com\/wp-content\/uploads\/Gliptone_Logo.png","width":1472,"height":607,"caption":"Gliptone Europe"},"image":{"@id":"https:\/\/gliptoneeurope.com\/#\/schema\/logo\/image\/"},"sameAs":["https:\/\/www.facebook.com\/gliptoneeurope\/","https:\/\/www.instagram.com\/gliptoneeurope\/","https:\/\/www.pinterest.co.uk\/GliptoneEurope\/"]}]}},"wcpa_form_fields":null,"_links":{"self":[{"href":"https:\/\/gliptoneeurope.com\/de\/wp-json\/wp\/v2\/product\/12110","targetHints":{"allow":["GET"]}}],"collection":[{"href":"https:\/\/gliptoneeurope.com\/de\/wp-json\/wp\/v2\/product"}],"about":[{"href":"https:\/\/gliptoneeurope.com\/de\/wp-json\/wp\/v2\/types\/product"}],"wp:featuredmedia":[{"embeddable":true,"href":"https:\/\/gliptoneeurope.com\/de\/wp-json\/wp\/v2\/media\/11023"}],"wp:attachment":[{"href":"https:\/\/gliptoneeurope.com\/de\/wp-json\/wp\/v2\/media?parent=12110"}],"wp:term":[{"taxonomy":"product_brand","embeddable":true,"href":"https:\/\/gliptoneeurope.com\/de\/wp-json\/wp\/v2\/product_brand?post=12110"},{"taxonomy":"product_cat","embeddable":true,"href":"https:\/\/gliptoneeurope.com\/de\/wp-json\/wp\/v2\/product_cat?post=12110"},{"taxonomy":"product_tag","embeddable":true,"href":"https:\/\/gliptoneeurope.com\/de\/wp-json\/wp\/v2\/product_tag?post=12110"}],"curies":[{"name":"wp","href":"https:\/\/api.w.org\/{rel}","templated":true}]}}