{"id":12099,"date":"2020-04-08T09:20:14","date_gmt":"2021-11-30T11:45:52","guid":{"rendered":"https:\/\/gliptoneeurope.com\/product\/gt-surface-clenz\/"},"modified":"2021-11-30T11:45:52","modified_gmt":"2021-11-30T11:45:52","slug":"gt-surface-clenz-2","status":"publish","type":"product","link":"https:\/\/gliptoneeurope.com\/de\/produkt\/gt-surface-clenz-2\/","title":{"rendered":"GT Surface Clenz"},"content":{"rendered":"<p>GT Surface Clenz\u00ae von Gliptone ist eine pH-neutrale, nicht scheuernde Tiefenreinigungsl\u00f6sung, die sicher und effektiv verbleibende Schmutz-, Wachs- und \u00d6lr\u00fcckst\u00e4nde von Lack-, Glas-, Metall-, Vinyl- und Kunststoffoberfl\u00e4chen entfernt. Der Hauptzweck dieses Produkts besteht darin, die Zieloberfl\u00e4che f\u00fcr die Beschichtung vorzubereiten. Verwenden Sie dort, wo Sie ein IPA verwenden k\u00f6nnten. Nicht zu viel verwenden, S\u00e4ttigung vermeiden. GT SURFACE CLENZ\u00ae geht weit \u00fcber das hinaus, was Entfetter, Isopropylalkohol und L\u00f6sungsmittell\u00f6sungen leisten k\u00f6nnen. GT SURFACE CLENZ\u00ae sorgt f\u00fcr eine perfekt saubere, glatte, streifen- und r\u00fcckstandsfreie Oberfl\u00e4che. GT SURFACE CLENZ\u00ae l\u00e4sst die Oberfl\u00e4che au\u00dferdem frei von statischer Aufladung, was Ihnen zus\u00e4tzliche Sicherheit bei Ihren Bem\u00fchungen gibt, eine staubfreie Oberfl\u00e4che kurz vor dem Auftragen der Beschichtung zu erhalten.<\/p>\n<p>32 Unzen. 900ml.<br \/>\nGallone. 3800ml.<\/p>\n","protected":false},"excerpt":{"rendered":"<p>GT Surface Clenz\u00ae von Gliptone ist eine pH-neutrale, nicht scheuernde Tiefenreinigungsl\u00f6sung, die sicher und effektiv verbleibende Schmutz-, Wachs- und \u00d6lr\u00fcckst\u00e4nde von Lack-, Glas-, Metall-, Vinyl- und Kunststoffoberfl\u00e4chen entfernt. Der Hauptzweck dieses Produkts besteht darin, die Zieloberfl\u00e4che f\u00fcr die Beschichtung vorzubereiten. Verwenden Sie dort, wo Sie ein IPA verwenden k\u00f6nnten. Nicht zu viel verwenden, S\u00e4ttigung vermeiden. [&hellip;]<\/p>\n","protected":false},"featured_media":10671,"template":"","meta":[],"product_brand":[],"product_cat":[165],"product_tag":[],"class_list":{"0":"post-12099","1":"product","2":"type-product","3":"status-publish","4":"has-post-thumbnail","6":"product_cat-keramikbeschichtungen","8":"first","9":"instock","10":"taxable","11":"shipping-taxable","12":"purchasable","13":"product-type-variable"},"yoast_head":"<!-- This site is optimized with the Yoast SEO Premium plugin v21.4 (Yoast SEO v27.5) - https:\/\/yoast.com\/product\/yoast-seo-premium-wordpress\/ -->\n<title>GT Surface Clenz - Gliptone Europe<\/title>\n<meta name=\"description\" content=\"GT Surface Clenz\u00ae von Gliptone ist eine pH-neutrale, nicht scheuernde Tiefenreinigungsl\u00f6sung, die sicher und effektiv verbleibende Schmutz-, Wachs- und \u00d6lr\u00fcckst\u00e4nde von Lack-, Glas-, Metall-, Vinyl- und Kunststoffoberfl\u00e4chen entfernt.\" \/>\n<meta name=\"robots\" content=\"index, follow, max-snippet:-1, max-image-preview:large, max-video-preview:-1\" \/>\n<link rel=\"canonical\" href=\"https:\/\/gliptoneeurope.com\/de\/produkt\/gt-surface-clenz-2\/\" \/>\n<meta property=\"og:locale\" content=\"de_DE\" \/>\n<meta property=\"og:type\" content=\"article\" \/>\n<meta property=\"og:title\" content=\"GT Surface Clenz\" \/>\n<meta property=\"og:description\" content=\"GT Surface Clenz\u00ae von Gliptone ist eine pH-neutrale, nicht scheuernde Tiefenreinigungsl\u00f6sung, die sicher und effektiv verbleibende Schmutz-, Wachs- und\" \/>\n<meta property=\"og:url\" content=\"https:\/\/gliptoneeurope.com\/de\/produkt\/gt-surface-clenz-2\/\" \/>\n<meta property=\"og:site_name\" content=\"Gliptone Europe\" \/>\n<meta property=\"article:publisher\" content=\"https:\/\/www.facebook.com\/gliptoneeurope\/\" \/>\n<meta property=\"og:image\" content=\"https:\/\/gliptoneeurope.com\/wp-content\/uploads\/GT-Surface-Clenz-950ml-32oz.jpg\" \/>\n\t<meta property=\"og:image:width\" content=\"1531\" \/>\n\t<meta property=\"og:image:height\" content=\"1532\" \/>\n\t<meta property=\"og:image:type\" content=\"image\/jpeg\" \/>\n<meta name=\"twitter:card\" content=\"summary_large_image\" \/>\n<meta name=\"twitter:label1\" content=\"Gesch\u00e4tzte Lesezeit\" \/>\n\t<meta name=\"twitter:data1\" content=\"1\u00a0Minute\" \/>\n<script type=\"application\/ld+json\" class=\"yoast-schema-graph\">{\"@context\":\"https:\\\/\\\/schema.org\",\"@graph\":[{\"@type\":\"WebPage\",\"@id\":\"https:\\\/\\\/gliptoneeurope.com\\\/de\\\/produkt\\\/gt-surface-clenz-2\\\/\",\"url\":\"https:\\\/\\\/gliptoneeurope.com\\\/de\\\/produkt\\\/gt-surface-clenz-2\\\/\",\"name\":\"GT Surface Clenz - Gliptone Europe\",\"isPartOf\":{\"@id\":\"https:\\\/\\\/gliptoneeurope.com\\\/#website\"},\"primaryImageOfPage\":{\"@id\":\"https:\\\/\\\/gliptoneeurope.com\\\/de\\\/produkt\\\/gt-surface-clenz-2\\\/#primaryimage\"},\"image\":{\"@id\":\"https:\\\/\\\/gliptoneeurope.com\\\/de\\\/produkt\\\/gt-surface-clenz-2\\\/#primaryimage\"},\"thumbnailUrl\":\"https:\\\/\\\/gliptoneeurope.com\\\/wp-content\\\/uploads\\\/GT-Surface-Clenz-950ml-32oz.jpg\",\"datePublished\":\"2021-11-30T11:45:52+00:00\",\"description\":\"GT Surface Clenz\u00ae von Gliptone ist eine pH-neutrale, nicht scheuernde Tiefenreinigungsl\u00f6sung, die sicher und effektiv verbleibende Schmutz-, Wachs- und \u00d6lr\u00fcckst\u00e4nde von Lack-, Glas-, Metall-, Vinyl- und Kunststoffoberfl\u00e4chen entfernt.\",\"breadcrumb\":{\"@id\":\"https:\\\/\\\/gliptoneeurope.com\\\/de\\\/produkt\\\/gt-surface-clenz-2\\\/#breadcrumb\"},\"inLanguage\":\"de\",\"potentialAction\":[{\"@type\":\"ReadAction\",\"target\":[\"https:\\\/\\\/gliptoneeurope.com\\\/de\\\/produkt\\\/gt-surface-clenz-2\\\/\"]}]},{\"@type\":\"ImageObject\",\"inLanguage\":\"de\",\"@id\":\"https:\\\/\\\/gliptoneeurope.com\\\/de\\\/produkt\\\/gt-surface-clenz-2\\\/#primaryimage\",\"url\":\"https:\\\/\\\/gliptoneeurope.com\\\/wp-content\\\/uploads\\\/GT-Surface-Clenz-950ml-32oz.jpg\",\"contentUrl\":\"https:\\\/\\\/gliptoneeurope.com\\\/wp-content\\\/uploads\\\/GT-Surface-Clenz-950ml-32oz.jpg\",\"width\":1531,\"height\":1532},{\"@type\":\"BreadcrumbList\",\"@id\":\"https:\\\/\\\/gliptoneeurope.com\\\/de\\\/produkt\\\/gt-surface-clenz-2\\\/#breadcrumb\",\"itemListElement\":[{\"@type\":\"ListItem\",\"position\":1,\"name\":\"Home\",\"item\":\"https:\\\/\\\/gliptoneeurope.com\\\/\"},{\"@type\":\"ListItem\",\"position\":2,\"name\":\"Shop\",\"item\":\"https:\\\/\\\/gliptoneeurope.com\\\/de\\\/shop-2\\\/\"},{\"@type\":\"ListItem\",\"position\":3,\"name\":\"GT Surface Clenz\"}]},{\"@type\":\"WebSite\",\"@id\":\"https:\\\/\\\/gliptoneeurope.com\\\/#website\",\"url\":\"https:\\\/\\\/gliptoneeurope.com\\\/\",\"name\":\"Gliptone Europe\",\"description\":\"Professional Car Detailing Products\",\"publisher\":{\"@id\":\"https:\\\/\\\/gliptoneeurope.com\\\/#organization\"},\"potentialAction\":[{\"@type\":\"SearchAction\",\"target\":{\"@type\":\"EntryPoint\",\"urlTemplate\":\"https:\\\/\\\/gliptoneeurope.com\\\/?s={search_term_string}\"},\"query-input\":{\"@type\":\"PropertyValueSpecification\",\"valueRequired\":true,\"valueName\":\"search_term_string\"}}],\"inLanguage\":\"de\"},{\"@type\":\"Organization\",\"@id\":\"https:\\\/\\\/gliptoneeurope.com\\\/#organization\",\"name\":\"Gliptone Europe\",\"url\":\"https:\\\/\\\/gliptoneeurope.com\\\/\",\"logo\":{\"@type\":\"ImageObject\",\"inLanguage\":\"de\",\"@id\":\"https:\\\/\\\/gliptoneeurope.com\\\/#\\\/schema\\\/logo\\\/image\\\/\",\"url\":\"https:\\\/\\\/gliptoneeurope.com\\\/wp-content\\\/uploads\\\/Gliptone_Logo.png\",\"contentUrl\":\"https:\\\/\\\/gliptoneeurope.com\\\/wp-content\\\/uploads\\\/Gliptone_Logo.png\",\"width\":1472,\"height\":607,\"caption\":\"Gliptone Europe\"},\"image\":{\"@id\":\"https:\\\/\\\/gliptoneeurope.com\\\/#\\\/schema\\\/logo\\\/image\\\/\"},\"sameAs\":[\"https:\\\/\\\/www.facebook.com\\\/gliptoneeurope\\\/\",\"https:\\\/\\\/www.instagram.com\\\/gliptoneeurope\\\/\",\"https:\\\/\\\/www.pinterest.co.uk\\\/GliptoneEurope\\\/\"]}]}<\/script>\n<!-- \/ Yoast SEO Premium plugin. -->","yoast_head_json":{"title":"GT Surface Clenz - Gliptone Europe","description":"GT Surface Clenz\u00ae von Gliptone ist eine pH-neutrale, nicht scheuernde Tiefenreinigungsl\u00f6sung, die sicher und effektiv verbleibende Schmutz-, Wachs- und \u00d6lr\u00fcckst\u00e4nde von Lack-, Glas-, Metall-, Vinyl- und Kunststoffoberfl\u00e4chen entfernt.","robots":{"index":"index","follow":"follow","max-snippet":"max-snippet:-1","max-image-preview":"max-image-preview:large","max-video-preview":"max-video-preview:-1"},"canonical":"https:\/\/gliptoneeurope.com\/de\/produkt\/gt-surface-clenz-2\/","og_locale":"de_DE","og_type":"article","og_title":"GT Surface Clenz","og_description":"GT Surface Clenz\u00ae von Gliptone ist eine pH-neutrale, nicht scheuernde Tiefenreinigungsl\u00f6sung, die sicher und effektiv verbleibende Schmutz-, Wachs- und","og_url":"https:\/\/gliptoneeurope.com\/de\/produkt\/gt-surface-clenz-2\/","og_site_name":"Gliptone Europe","article_publisher":"https:\/\/www.facebook.com\/gliptoneeurope\/","og_image":[{"width":1531,"height":1532,"url":"https:\/\/gliptoneeurope.com\/wp-content\/uploads\/GT-Surface-Clenz-950ml-32oz.jpg","type":"image\/jpeg"}],"twitter_card":"summary_large_image","twitter_misc":{"Gesch\u00e4tzte Lesezeit":"1\u00a0Minute"},"schema":{"@context":"https:\/\/schema.org","@graph":[{"@type":"WebPage","@id":"https:\/\/gliptoneeurope.com\/de\/produkt\/gt-surface-clenz-2\/","url":"https:\/\/gliptoneeurope.com\/de\/produkt\/gt-surface-clenz-2\/","name":"GT Surface Clenz - Gliptone Europe","isPartOf":{"@id":"https:\/\/gliptoneeurope.com\/#website"},"primaryImageOfPage":{"@id":"https:\/\/gliptoneeurope.com\/de\/produkt\/gt-surface-clenz-2\/#primaryimage"},"image":{"@id":"https:\/\/gliptoneeurope.com\/de\/produkt\/gt-surface-clenz-2\/#primaryimage"},"thumbnailUrl":"https:\/\/gliptoneeurope.com\/wp-content\/uploads\/GT-Surface-Clenz-950ml-32oz.jpg","datePublished":"2021-11-30T11:45:52+00:00","description":"GT Surface Clenz\u00ae von Gliptone ist eine pH-neutrale, nicht scheuernde Tiefenreinigungsl\u00f6sung, die sicher und effektiv verbleibende Schmutz-, Wachs- und \u00d6lr\u00fcckst\u00e4nde von Lack-, Glas-, Metall-, Vinyl- und Kunststoffoberfl\u00e4chen entfernt.","breadcrumb":{"@id":"https:\/\/gliptoneeurope.com\/de\/produkt\/gt-surface-clenz-2\/#breadcrumb"},"inLanguage":"de","potentialAction":[{"@type":"ReadAction","target":["https:\/\/gliptoneeurope.com\/de\/produkt\/gt-surface-clenz-2\/"]}]},{"@type":"ImageObject","inLanguage":"de","@id":"https:\/\/gliptoneeurope.com\/de\/produkt\/gt-surface-clenz-2\/#primaryimage","url":"https:\/\/gliptoneeurope.com\/wp-content\/uploads\/GT-Surface-Clenz-950ml-32oz.jpg","contentUrl":"https:\/\/gliptoneeurope.com\/wp-content\/uploads\/GT-Surface-Clenz-950ml-32oz.jpg","width":1531,"height":1532},{"@type":"BreadcrumbList","@id":"https:\/\/gliptoneeurope.com\/de\/produkt\/gt-surface-clenz-2\/#breadcrumb","itemListElement":[{"@type":"ListItem","position":1,"name":"Home","item":"https:\/\/gliptoneeurope.com\/"},{"@type":"ListItem","position":2,"name":"Shop","item":"https:\/\/gliptoneeurope.com\/de\/shop-2\/"},{"@type":"ListItem","position":3,"name":"GT Surface Clenz"}]},{"@type":"WebSite","@id":"https:\/\/gliptoneeurope.com\/#website","url":"https:\/\/gliptoneeurope.com\/","name":"Gliptone Europe","description":"Professional Car Detailing Products","publisher":{"@id":"https:\/\/gliptoneeurope.com\/#organization"},"potentialAction":[{"@type":"SearchAction","target":{"@type":"EntryPoint","urlTemplate":"https:\/\/gliptoneeurope.com\/?s={search_term_string}"},"query-input":{"@type":"PropertyValueSpecification","valueRequired":true,"valueName":"search_term_string"}}],"inLanguage":"de"},{"@type":"Organization","@id":"https:\/\/gliptoneeurope.com\/#organization","name":"Gliptone Europe","url":"https:\/\/gliptoneeurope.com\/","logo":{"@type":"ImageObject","inLanguage":"de","@id":"https:\/\/gliptoneeurope.com\/#\/schema\/logo\/image\/","url":"https:\/\/gliptoneeurope.com\/wp-content\/uploads\/Gliptone_Logo.png","contentUrl":"https:\/\/gliptoneeurope.com\/wp-content\/uploads\/Gliptone_Logo.png","width":1472,"height":607,"caption":"Gliptone Europe"},"image":{"@id":"https:\/\/gliptoneeurope.com\/#\/schema\/logo\/image\/"},"sameAs":["https:\/\/www.facebook.com\/gliptoneeurope\/","https:\/\/www.instagram.com\/gliptoneeurope\/","https:\/\/www.pinterest.co.uk\/GliptoneEurope\/"]}]}},"wcpa_form_fields":null,"_links":{"self":[{"href":"https:\/\/gliptoneeurope.com\/de\/wp-json\/wp\/v2\/product\/12099","targetHints":{"allow":["GET"]}}],"collection":[{"href":"https:\/\/gliptoneeurope.com\/de\/wp-json\/wp\/v2\/product"}],"about":[{"href":"https:\/\/gliptoneeurope.com\/de\/wp-json\/wp\/v2\/types\/product"}],"wp:featuredmedia":[{"embeddable":true,"href":"https:\/\/gliptoneeurope.com\/de\/wp-json\/wp\/v2\/media\/10671"}],"wp:attachment":[{"href":"https:\/\/gliptoneeurope.com\/de\/wp-json\/wp\/v2\/media?parent=12099"}],"wp:term":[{"taxonomy":"product_brand","embeddable":true,"href":"https:\/\/gliptoneeurope.com\/de\/wp-json\/wp\/v2\/product_brand?post=12099"},{"taxonomy":"product_cat","embeddable":true,"href":"https:\/\/gliptoneeurope.com\/de\/wp-json\/wp\/v2\/product_cat?post=12099"},{"taxonomy":"product_tag","embeddable":true,"href":"https:\/\/gliptoneeurope.com\/de\/wp-json\/wp\/v2\/product_tag?post=12099"}],"curies":[{"name":"wp","href":"https:\/\/api.w.org\/{rel}","templated":true}]}}