{"id":12086,"date":"2020-04-08T09:12:49","date_gmt":"2021-11-30T11:45:48","guid":{"rendered":"https:\/\/gliptoneeurope.com\/product\/felgenschutz-mit-gleitschutz\/"},"modified":"2021-11-30T11:45:48","modified_gmt":"2021-11-30T11:45:48","slug":"felgenschutz-mit-gleitschutz","status":"publish","type":"product","link":"https:\/\/gliptoneeurope.com\/de\/produkt\/felgenschutz-mit-gleitschutz\/","title":{"rendered":"Felgenschutz mit Gleitschutz"},"content":{"rendered":"<p>Rimguard\u00ae ist unser haltbarstes Spray-Polymer-Dichtmittel, das nach dem Auftragen eine semipermanente, hochhitzebest\u00e4ndige Barriere f\u00fcr den Radschutz bildet.<\/p>\n<p>Sicher f\u00fcr den Einsatz auf allen Radoberfl\u00e4chen zum Schutz vor Verschlei\u00df, Oxidation, Winterstreusalz, unansehnlichem Bremsstaub und Ablagerungen von Stra\u00dfenbelag usw.<\/p>\n<p>Kann als Reiniger auf leicht verschmutzten R\u00e4dern und als Schutz verwendet werden. Verwenden Sie die 2-Tuch-Methode zum Auftragen. Andere Anwendungen umfassen die Beschichtung von Frontgrills und Sto\u00dff\u00e4ngern, um das Anhaften von Insektenr\u00fcckst\u00e4nden zu verhindern.<\/p>\n<p>Mit RIMGUARD\u00ae behandelte Oberfl\u00e4chen bleiben l\u00e4nger sauber und reduzieren zuk\u00fcnftige Reinigungszeiten.<\/p>\n<p>Dieses Produkt finden Sie in unserem <a href=\"https:\/\/gliptoneeurope.com\/product\/wheel-wash-protect-kit\/\">Wheel Wash &amp; Protect Kit<\/a> , das alles enth\u00e4lt, was Sie brauchen, um Ihre Reifen und Felgen sicher zu reinigen und sie gleichzeitig vor Bremsstaub, Stra\u00dfenschmutz und Oberfl\u00e4chenrost zu sch\u00fctzen.<\/p>\n<p>Dieses Produkt ist auch als <a href=\"https:\/\/gliptoneeurope.com\/product\/rimguard-express-1-gall-3-8l\/\">Rimguard Express<\/a> in einem gr\u00f6\u00dferen Volumen von 3,8 Liter (1 Gal) erh\u00e4ltlich.<\/p>\n<p>22 Unzen. 650ml.<\/p>\n<hr>\n<div class='avia-iframe-wrap'><iframe loading=\"lazy\" title=\"Gliptone Autocare uk - 1969 Dodge Charger R\/T GeneralLee Detail\" width=\"1333\" height=\"1000\" src=\"https:\/\/www.youtube.com\/embed\/p5WQBUfVoPg?feature=oembed\" frameborder=\"0\" allow=\"accelerometer; autoplay; clipboard-write; encrypted-media; gyroscope; picture-in-picture\" allowfullscreen><\/iframe><\/div>\n","protected":false},"excerpt":{"rendered":"<p>Rimguard\u00ae ist unser haltbarstes Spray-Polymer-Dichtmittel, das nach dem Auftragen eine semipermanente, hochhitzebest\u00e4ndige Barriere f\u00fcr den Radschutz bildet. Sicher f\u00fcr den Einsatz auf allen Radoberfl\u00e4chen zum Schutz vor Verschlei\u00df, Oxidation, Winterstreusalz, unansehnlichem Bremsstaub und Ablagerungen von Stra\u00dfenbelag usw. Kann als Reiniger auf leicht verschmutzten R\u00e4dern und als Schutz verwendet werden. Verwenden Sie die 2-Tuch-Methode zum Auftragen. [&hellip;]<\/p>\n","protected":false},"featured_media":18509,"template":"","meta":[],"product_brand":[],"product_cat":[110],"product_tag":[],"class_list":{"0":"post-12086","1":"product","2":"type-product","3":"status-publish","4":"has-post-thumbnail","6":"product_cat-rader","8":"first","9":"instock","10":"taxable","11":"shipping-taxable","12":"purchasable","13":"product-type-variable"},"yoast_head":"<!-- This site is optimized with the Yoast SEO Premium plugin v21.4 (Yoast SEO v27.4) - https:\/\/yoast.com\/product\/yoast-seo-premium-wordpress\/ -->\n<title>Felgenschutz mit Gleitschutz - Gliptone Europe<\/title>\n<meta name=\"description\" content=\"Rimguard\u00ae ist unser haltbarstes Spray-Polymer-Dichtmittel, das nach dem Auftragen eine semipermanente, hochhitzebest\u00e4ndige Barriere f\u00fcr den Radschutz bildet.\" \/>\n<meta name=\"robots\" content=\"index, follow, max-snippet:-1, max-image-preview:large, max-video-preview:-1\" \/>\n<link rel=\"canonical\" href=\"https:\/\/gliptoneeurope.com\/de\/produkt\/felgenschutz-mit-gleitschutz\/\" \/>\n<meta property=\"og:locale\" content=\"de_DE\" \/>\n<meta property=\"og:type\" content=\"article\" \/>\n<meta property=\"og:title\" content=\"Felgenschutz mit Gleitschutz\" \/>\n<meta property=\"og:description\" content=\"Rimguard\u00ae ist unser haltbarstes Spray-Polymer-Dichtmittel, das nach dem Auftragen eine semipermanente, hochhitzebest\u00e4ndige Barriere f\u00fcr den Radschutz\" \/>\n<meta property=\"og:url\" content=\"https:\/\/gliptoneeurope.com\/de\/produkt\/felgenschutz-mit-gleitschutz\/\" \/>\n<meta property=\"og:site_name\" content=\"Gliptone Europe\" \/>\n<meta property=\"article:publisher\" content=\"https:\/\/www.facebook.com\/gliptoneeurope\/\" \/>\n<meta property=\"og:image\" content=\"https:\/\/gliptoneeurope.com\/wp-content\/uploads\/Rimguard-2.jpg\" \/>\n\t<meta property=\"og:image:width\" content=\"1654\" \/>\n\t<meta property=\"og:image:height\" content=\"1621\" \/>\n\t<meta property=\"og:image:type\" content=\"image\/jpeg\" \/>\n<meta name=\"twitter:card\" content=\"summary_large_image\" \/>\n<meta name=\"twitter:label1\" content=\"Gesch\u00e4tzte Lesezeit\" \/>\n\t<meta name=\"twitter:data1\" content=\"1\u00a0Minute\" \/>\n<script type=\"application\/ld+json\" class=\"yoast-schema-graph\">{\"@context\":\"https:\\\/\\\/schema.org\",\"@graph\":[{\"@type\":\"WebPage\",\"@id\":\"https:\\\/\\\/gliptoneeurope.com\\\/de\\\/produkt\\\/felgenschutz-mit-gleitschutz\\\/\",\"url\":\"https:\\\/\\\/gliptoneeurope.com\\\/de\\\/produkt\\\/felgenschutz-mit-gleitschutz\\\/\",\"name\":\"Felgenschutz mit Gleitschutz - Gliptone Europe\",\"isPartOf\":{\"@id\":\"https:\\\/\\\/gliptoneeurope.com\\\/#website\"},\"primaryImageOfPage\":{\"@id\":\"https:\\\/\\\/gliptoneeurope.com\\\/de\\\/produkt\\\/felgenschutz-mit-gleitschutz\\\/#primaryimage\"},\"image\":{\"@id\":\"https:\\\/\\\/gliptoneeurope.com\\\/de\\\/produkt\\\/felgenschutz-mit-gleitschutz\\\/#primaryimage\"},\"thumbnailUrl\":\"https:\\\/\\\/gliptoneeurope.com\\\/wp-content\\\/uploads\\\/Rimguard-2.jpg\",\"datePublished\":\"2021-11-30T11:45:48+00:00\",\"description\":\"Rimguard\u00ae ist unser haltbarstes Spray-Polymer-Dichtmittel, das nach dem Auftragen eine semipermanente, hochhitzebest\u00e4ndige Barriere f\u00fcr den Radschutz bildet.\",\"breadcrumb\":{\"@id\":\"https:\\\/\\\/gliptoneeurope.com\\\/de\\\/produkt\\\/felgenschutz-mit-gleitschutz\\\/#breadcrumb\"},\"inLanguage\":\"de\",\"potentialAction\":[{\"@type\":\"ReadAction\",\"target\":[\"https:\\\/\\\/gliptoneeurope.com\\\/de\\\/produkt\\\/felgenschutz-mit-gleitschutz\\\/\"]}]},{\"@type\":\"ImageObject\",\"inLanguage\":\"de\",\"@id\":\"https:\\\/\\\/gliptoneeurope.com\\\/de\\\/produkt\\\/felgenschutz-mit-gleitschutz\\\/#primaryimage\",\"url\":\"https:\\\/\\\/gliptoneeurope.com\\\/wp-content\\\/uploads\\\/Rimguard-2.jpg\",\"contentUrl\":\"https:\\\/\\\/gliptoneeurope.com\\\/wp-content\\\/uploads\\\/Rimguard-2.jpg\",\"width\":1654,\"height\":1621},{\"@type\":\"BreadcrumbList\",\"@id\":\"https:\\\/\\\/gliptoneeurope.com\\\/de\\\/produkt\\\/felgenschutz-mit-gleitschutz\\\/#breadcrumb\",\"itemListElement\":[{\"@type\":\"ListItem\",\"position\":1,\"name\":\"Home\",\"item\":\"https:\\\/\\\/gliptoneeurope.com\\\/\"},{\"@type\":\"ListItem\",\"position\":2,\"name\":\"Shop\",\"item\":\"https:\\\/\\\/gliptoneeurope.com\\\/de\\\/shop-2\\\/\"},{\"@type\":\"ListItem\",\"position\":3,\"name\":\"Felgenschutz mit Gleitschutz\"}]},{\"@type\":\"WebSite\",\"@id\":\"https:\\\/\\\/gliptoneeurope.com\\\/#website\",\"url\":\"https:\\\/\\\/gliptoneeurope.com\\\/\",\"name\":\"Gliptone Europe\",\"description\":\"Professional Car Detailing Products\",\"publisher\":{\"@id\":\"https:\\\/\\\/gliptoneeurope.com\\\/#organization\"},\"potentialAction\":[{\"@type\":\"SearchAction\",\"target\":{\"@type\":\"EntryPoint\",\"urlTemplate\":\"https:\\\/\\\/gliptoneeurope.com\\\/?s={search_term_string}\"},\"query-input\":{\"@type\":\"PropertyValueSpecification\",\"valueRequired\":true,\"valueName\":\"search_term_string\"}}],\"inLanguage\":\"de\"},{\"@type\":\"Organization\",\"@id\":\"https:\\\/\\\/gliptoneeurope.com\\\/#organization\",\"name\":\"Gliptone Europe\",\"url\":\"https:\\\/\\\/gliptoneeurope.com\\\/\",\"logo\":{\"@type\":\"ImageObject\",\"inLanguage\":\"de\",\"@id\":\"https:\\\/\\\/gliptoneeurope.com\\\/#\\\/schema\\\/logo\\\/image\\\/\",\"url\":\"https:\\\/\\\/gliptoneeurope.com\\\/wp-content\\\/uploads\\\/Gliptone_Logo.png\",\"contentUrl\":\"https:\\\/\\\/gliptoneeurope.com\\\/wp-content\\\/uploads\\\/Gliptone_Logo.png\",\"width\":1472,\"height\":607,\"caption\":\"Gliptone Europe\"},\"image\":{\"@id\":\"https:\\\/\\\/gliptoneeurope.com\\\/#\\\/schema\\\/logo\\\/image\\\/\"},\"sameAs\":[\"https:\\\/\\\/www.facebook.com\\\/gliptoneeurope\\\/\",\"https:\\\/\\\/www.instagram.com\\\/gliptoneeurope\\\/\",\"https:\\\/\\\/www.pinterest.co.uk\\\/GliptoneEurope\\\/\"]}]}<\/script>\n<!-- \/ Yoast SEO Premium plugin. -->","yoast_head_json":{"title":"Felgenschutz mit Gleitschutz - Gliptone Europe","description":"Rimguard\u00ae ist unser haltbarstes Spray-Polymer-Dichtmittel, das nach dem Auftragen eine semipermanente, hochhitzebest\u00e4ndige Barriere f\u00fcr den Radschutz bildet.","robots":{"index":"index","follow":"follow","max-snippet":"max-snippet:-1","max-image-preview":"max-image-preview:large","max-video-preview":"max-video-preview:-1"},"canonical":"https:\/\/gliptoneeurope.com\/de\/produkt\/felgenschutz-mit-gleitschutz\/","og_locale":"de_DE","og_type":"article","og_title":"Felgenschutz mit Gleitschutz","og_description":"Rimguard\u00ae ist unser haltbarstes Spray-Polymer-Dichtmittel, das nach dem Auftragen eine semipermanente, hochhitzebest\u00e4ndige Barriere f\u00fcr den Radschutz","og_url":"https:\/\/gliptoneeurope.com\/de\/produkt\/felgenschutz-mit-gleitschutz\/","og_site_name":"Gliptone Europe","article_publisher":"https:\/\/www.facebook.com\/gliptoneeurope\/","og_image":[{"width":1654,"height":1621,"url":"https:\/\/gliptoneeurope.com\/wp-content\/uploads\/Rimguard-2.jpg","type":"image\/jpeg"}],"twitter_card":"summary_large_image","twitter_misc":{"Gesch\u00e4tzte Lesezeit":"1\u00a0Minute"},"schema":{"@context":"https:\/\/schema.org","@graph":[{"@type":"WebPage","@id":"https:\/\/gliptoneeurope.com\/de\/produkt\/felgenschutz-mit-gleitschutz\/","url":"https:\/\/gliptoneeurope.com\/de\/produkt\/felgenschutz-mit-gleitschutz\/","name":"Felgenschutz mit Gleitschutz - Gliptone Europe","isPartOf":{"@id":"https:\/\/gliptoneeurope.com\/#website"},"primaryImageOfPage":{"@id":"https:\/\/gliptoneeurope.com\/de\/produkt\/felgenschutz-mit-gleitschutz\/#primaryimage"},"image":{"@id":"https:\/\/gliptoneeurope.com\/de\/produkt\/felgenschutz-mit-gleitschutz\/#primaryimage"},"thumbnailUrl":"https:\/\/gliptoneeurope.com\/wp-content\/uploads\/Rimguard-2.jpg","datePublished":"2021-11-30T11:45:48+00:00","description":"Rimguard\u00ae ist unser haltbarstes Spray-Polymer-Dichtmittel, das nach dem Auftragen eine semipermanente, hochhitzebest\u00e4ndige Barriere f\u00fcr den Radschutz bildet.","breadcrumb":{"@id":"https:\/\/gliptoneeurope.com\/de\/produkt\/felgenschutz-mit-gleitschutz\/#breadcrumb"},"inLanguage":"de","potentialAction":[{"@type":"ReadAction","target":["https:\/\/gliptoneeurope.com\/de\/produkt\/felgenschutz-mit-gleitschutz\/"]}]},{"@type":"ImageObject","inLanguage":"de","@id":"https:\/\/gliptoneeurope.com\/de\/produkt\/felgenschutz-mit-gleitschutz\/#primaryimage","url":"https:\/\/gliptoneeurope.com\/wp-content\/uploads\/Rimguard-2.jpg","contentUrl":"https:\/\/gliptoneeurope.com\/wp-content\/uploads\/Rimguard-2.jpg","width":1654,"height":1621},{"@type":"BreadcrumbList","@id":"https:\/\/gliptoneeurope.com\/de\/produkt\/felgenschutz-mit-gleitschutz\/#breadcrumb","itemListElement":[{"@type":"ListItem","position":1,"name":"Home","item":"https:\/\/gliptoneeurope.com\/"},{"@type":"ListItem","position":2,"name":"Shop","item":"https:\/\/gliptoneeurope.com\/de\/shop-2\/"},{"@type":"ListItem","position":3,"name":"Felgenschutz mit Gleitschutz"}]},{"@type":"WebSite","@id":"https:\/\/gliptoneeurope.com\/#website","url":"https:\/\/gliptoneeurope.com\/","name":"Gliptone Europe","description":"Professional Car Detailing Products","publisher":{"@id":"https:\/\/gliptoneeurope.com\/#organization"},"potentialAction":[{"@type":"SearchAction","target":{"@type":"EntryPoint","urlTemplate":"https:\/\/gliptoneeurope.com\/?s={search_term_string}"},"query-input":{"@type":"PropertyValueSpecification","valueRequired":true,"valueName":"search_term_string"}}],"inLanguage":"de"},{"@type":"Organization","@id":"https:\/\/gliptoneeurope.com\/#organization","name":"Gliptone Europe","url":"https:\/\/gliptoneeurope.com\/","logo":{"@type":"ImageObject","inLanguage":"de","@id":"https:\/\/gliptoneeurope.com\/#\/schema\/logo\/image\/","url":"https:\/\/gliptoneeurope.com\/wp-content\/uploads\/Gliptone_Logo.png","contentUrl":"https:\/\/gliptoneeurope.com\/wp-content\/uploads\/Gliptone_Logo.png","width":1472,"height":607,"caption":"Gliptone Europe"},"image":{"@id":"https:\/\/gliptoneeurope.com\/#\/schema\/logo\/image\/"},"sameAs":["https:\/\/www.facebook.com\/gliptoneeurope\/","https:\/\/www.instagram.com\/gliptoneeurope\/","https:\/\/www.pinterest.co.uk\/GliptoneEurope\/"]}]}},"wcpa_form_fields":null,"_links":{"self":[{"href":"https:\/\/gliptoneeurope.com\/de\/wp-json\/wp\/v2\/product\/12086","targetHints":{"allow":["GET"]}}],"collection":[{"href":"https:\/\/gliptoneeurope.com\/de\/wp-json\/wp\/v2\/product"}],"about":[{"href":"https:\/\/gliptoneeurope.com\/de\/wp-json\/wp\/v2\/types\/product"}],"wp:featuredmedia":[{"embeddable":true,"href":"https:\/\/gliptoneeurope.com\/de\/wp-json\/wp\/v2\/media\/18509"}],"wp:attachment":[{"href":"https:\/\/gliptoneeurope.com\/de\/wp-json\/wp\/v2\/media?parent=12086"}],"wp:term":[{"taxonomy":"product_brand","embeddable":true,"href":"https:\/\/gliptoneeurope.com\/de\/wp-json\/wp\/v2\/product_brand?post=12086"},{"taxonomy":"product_cat","embeddable":true,"href":"https:\/\/gliptoneeurope.com\/de\/wp-json\/wp\/v2\/product_cat?post=12086"},{"taxonomy":"product_tag","embeddable":true,"href":"https:\/\/gliptoneeurope.com\/de\/wp-json\/wp\/v2\/product_tag?post=12086"}],"curies":[{"name":"wp","href":"https:\/\/api.w.org\/{rel}","templated":true}]}}