{"id":12063,"date":"2020-04-08T10:02:27","date_gmt":"2021-11-30T11:44:23","guid":{"rendered":"https:\/\/gliptoneeurope.com\/product\/fluessigmetallpolitur-grob-rot\/"},"modified":"2021-11-30T11:44:23","modified_gmt":"2021-11-30T11:44:23","slug":"flussig-metall-polieren-grob-rot","status":"publish","type":"product","link":"https:\/\/gliptoneeurope.com\/de\/produkt\/flussig-metall-polieren-grob-rot\/","title":{"rendered":"Fl\u00fcssigmetallpolitur GROB (ROT)"},"content":{"rendered":"<p>Gliptone grobe Metallpolitur &#8211; empfohlen zur Verwendung als Abzieh- und Gl\u00e4ttmittel auf rauen, stark oxidierten oder korrodierten, nicht beschichteten Metallen. Es funktioniert \u00e4hnlich wie fl\u00fcssiges Sandpapier. Nicht auf Spiegel aus Edelstahl, Chrom, Nickel oder anderen beschichteten Materialien verwenden. Enth\u00e4lt kein Ammoniak, S\u00e4ure oder Wasser, l\u00e4sst sich daher leicht auftragen und entfernen und geht doppelt so weit wie alle anderen Metallpolituren. Versiegelt und sch\u00fctzt mit durchdringenden \u00d6len und Wachsen und verleiht Ihnen einen lang anhaltenden brillanten Glanz (Anwendungen: Aluminium, Kupfer, Messing, Bronze und Magnesium).<\/p>\n<p>16 Unzen. 470ml.<\/p>\n<hr>\n<div class='avia-iframe-wrap'><iframe loading=\"lazy\" title=\"Gliptone Metal Polish Demo from SEMA 2017\" width=\"1500\" height=\"844\" src=\"https:\/\/www.youtube.com\/embed\/Kn7ncHXGDsA?feature=oembed\" frameborder=\"0\" allow=\"accelerometer; autoplay; clipboard-write; encrypted-media; gyroscope; picture-in-picture\" allowfullscreen><\/iframe><\/div>\n<p>&nbsp;<\/p>\n","protected":false},"excerpt":{"rendered":"<p>Gliptone grobe Metallpolitur &#8211; empfohlen zur Verwendung als Abzieh- und Gl\u00e4ttmittel auf rauen, stark oxidierten oder korrodierten, nicht beschichteten Metallen. Es funktioniert \u00e4hnlich wie fl\u00fcssiges Sandpapier. Nicht auf Spiegel aus Edelstahl, Chrom, Nickel oder anderen beschichteten Materialien verwenden. Enth\u00e4lt kein Ammoniak, S\u00e4ure oder Wasser, l\u00e4sst sich daher leicht auftragen und entfernen und geht doppelt so [&hellip;]<\/p>\n","protected":false},"featured_media":10309,"template":"","meta":[],"product_brand":[],"product_cat":[106,156],"product_tag":[],"class_list":{"0":"post-12063","1":"product","2":"type-product","3":"status-publish","4":"has-post-thumbnail","6":"product_cat-ausendetailer-polituren","7":"product_cat-motor","9":"first","10":"instock","11":"taxable","12":"shipping-taxable","13":"purchasable","14":"product-type-simple"},"yoast_head":"<!-- This site is optimized with the Yoast SEO Premium plugin v21.4 (Yoast SEO v27.5) - https:\/\/yoast.com\/product\/yoast-seo-premium-wordpress\/ -->\n<title>Fl\u00fcssigmetallpolitur GROB (ROT) - Gliptone Europe<\/title>\n<meta name=\"description\" content=\"Gliptone grobe Metallpolitur - empfohlen zur Verwendung als Abzieh- und Gl\u00e4ttmittel auf rauen, stark oxidierten oder korrodierten, nicht beschichteten Metallen. Es funktioniert \u00e4hnlich wie fl\u00fcssiges Sandpapier. Nicht auf Spiegel aus Edelstahl, Chrom, Nickel oder anderen beschichteten Materialien verwenden.\" \/>\n<meta name=\"robots\" content=\"index, follow, max-snippet:-1, max-image-preview:large, max-video-preview:-1\" \/>\n<link rel=\"canonical\" href=\"https:\/\/gliptoneeurope.com\/de\/produkt\/flussig-metall-polieren-grob-rot\/\" \/>\n<meta property=\"og:locale\" content=\"de_DE\" \/>\n<meta property=\"og:type\" content=\"article\" \/>\n<meta property=\"og:title\" content=\"Fl\u00fcssigmetallpolitur GROB (ROT)\" \/>\n<meta property=\"og:description\" content=\"Gliptone grobe Metallpolitur - empfohlen zur Verwendung als Abzieh- und Gl\u00e4ttmittel auf rauen, stark oxidierten oder korrodierten, nicht beschichteten\" \/>\n<meta property=\"og:url\" content=\"https:\/\/gliptoneeurope.com\/de\/produkt\/flussig-metall-polieren-grob-rot\/\" \/>\n<meta property=\"og:site_name\" content=\"Gliptone Europe\" \/>\n<meta property=\"article:publisher\" content=\"https:\/\/www.facebook.com\/gliptoneeurope\/\" \/>\n<meta property=\"og:image\" content=\"https:\/\/gliptoneeurope.com\/wp-content\/uploads\/Liquid-Metal-Polish-Coarse-Grade.jpg\" \/>\n\t<meta property=\"og:image:width\" content=\"1772\" \/>\n\t<meta property=\"og:image:height\" content=\"1772\" \/>\n\t<meta property=\"og:image:type\" content=\"image\/jpeg\" \/>\n<meta name=\"twitter:card\" content=\"summary_large_image\" \/>\n<meta name=\"twitter:label1\" content=\"Gesch\u00e4tzte Lesezeit\" \/>\n\t<meta name=\"twitter:data1\" content=\"1\u00a0Minute\" \/>\n<script type=\"application\/ld+json\" class=\"yoast-schema-graph\">{\"@context\":\"https:\\\/\\\/schema.org\",\"@graph\":[{\"@type\":\"WebPage\",\"@id\":\"https:\\\/\\\/gliptoneeurope.com\\\/de\\\/produkt\\\/flussig-metall-polieren-grob-rot\\\/\",\"url\":\"https:\\\/\\\/gliptoneeurope.com\\\/de\\\/produkt\\\/flussig-metall-polieren-grob-rot\\\/\",\"name\":\"Fl\u00fcssigmetallpolitur GROB (ROT) - Gliptone Europe\",\"isPartOf\":{\"@id\":\"https:\\\/\\\/gliptoneeurope.com\\\/#website\"},\"primaryImageOfPage\":{\"@id\":\"https:\\\/\\\/gliptoneeurope.com\\\/de\\\/produkt\\\/flussig-metall-polieren-grob-rot\\\/#primaryimage\"},\"image\":{\"@id\":\"https:\\\/\\\/gliptoneeurope.com\\\/de\\\/produkt\\\/flussig-metall-polieren-grob-rot\\\/#primaryimage\"},\"thumbnailUrl\":\"https:\\\/\\\/gliptoneeurope.com\\\/wp-content\\\/uploads\\\/Liquid-Metal-Polish-Coarse-Grade.jpg\",\"datePublished\":\"2021-11-30T11:44:23+00:00\",\"description\":\"Gliptone grobe Metallpolitur - empfohlen zur Verwendung als Abzieh- und Gl\u00e4ttmittel auf rauen, stark oxidierten oder korrodierten, nicht beschichteten Metallen. Es funktioniert \u00e4hnlich wie fl\u00fcssiges Sandpapier. Nicht auf Spiegel aus Edelstahl, Chrom, Nickel oder anderen beschichteten Materialien verwenden.\",\"breadcrumb\":{\"@id\":\"https:\\\/\\\/gliptoneeurope.com\\\/de\\\/produkt\\\/flussig-metall-polieren-grob-rot\\\/#breadcrumb\"},\"inLanguage\":\"de\",\"potentialAction\":[{\"@type\":\"ReadAction\",\"target\":[\"https:\\\/\\\/gliptoneeurope.com\\\/de\\\/produkt\\\/flussig-metall-polieren-grob-rot\\\/\"]}]},{\"@type\":\"ImageObject\",\"inLanguage\":\"de\",\"@id\":\"https:\\\/\\\/gliptoneeurope.com\\\/de\\\/produkt\\\/flussig-metall-polieren-grob-rot\\\/#primaryimage\",\"url\":\"https:\\\/\\\/gliptoneeurope.com\\\/wp-content\\\/uploads\\\/Liquid-Metal-Polish-Coarse-Grade.jpg\",\"contentUrl\":\"https:\\\/\\\/gliptoneeurope.com\\\/wp-content\\\/uploads\\\/Liquid-Metal-Polish-Coarse-Grade.jpg\",\"width\":1772,\"height\":1772,\"caption\":\"Fl\u00fcssigmetallpolitur - grobe Qualit\u00e4t\"},{\"@type\":\"BreadcrumbList\",\"@id\":\"https:\\\/\\\/gliptoneeurope.com\\\/de\\\/produkt\\\/flussig-metall-polieren-grob-rot\\\/#breadcrumb\",\"itemListElement\":[{\"@type\":\"ListItem\",\"position\":1,\"name\":\"Home\",\"item\":\"https:\\\/\\\/gliptoneeurope.com\\\/\"},{\"@type\":\"ListItem\",\"position\":2,\"name\":\"Shop\",\"item\":\"https:\\\/\\\/gliptoneeurope.com\\\/de\\\/shop-2\\\/\"},{\"@type\":\"ListItem\",\"position\":3,\"name\":\"Fl\u00fcssigmetallpolitur GROB (ROT)\"}]},{\"@type\":\"WebSite\",\"@id\":\"https:\\\/\\\/gliptoneeurope.com\\\/#website\",\"url\":\"https:\\\/\\\/gliptoneeurope.com\\\/\",\"name\":\"Gliptone Europe\",\"description\":\"Professional Car Detailing Products\",\"publisher\":{\"@id\":\"https:\\\/\\\/gliptoneeurope.com\\\/#organization\"},\"potentialAction\":[{\"@type\":\"SearchAction\",\"target\":{\"@type\":\"EntryPoint\",\"urlTemplate\":\"https:\\\/\\\/gliptoneeurope.com\\\/?s={search_term_string}\"},\"query-input\":{\"@type\":\"PropertyValueSpecification\",\"valueRequired\":true,\"valueName\":\"search_term_string\"}}],\"inLanguage\":\"de\"},{\"@type\":\"Organization\",\"@id\":\"https:\\\/\\\/gliptoneeurope.com\\\/#organization\",\"name\":\"Gliptone Europe\",\"url\":\"https:\\\/\\\/gliptoneeurope.com\\\/\",\"logo\":{\"@type\":\"ImageObject\",\"inLanguage\":\"de\",\"@id\":\"https:\\\/\\\/gliptoneeurope.com\\\/#\\\/schema\\\/logo\\\/image\\\/\",\"url\":\"https:\\\/\\\/gliptoneeurope.com\\\/wp-content\\\/uploads\\\/Gliptone_Logo.png\",\"contentUrl\":\"https:\\\/\\\/gliptoneeurope.com\\\/wp-content\\\/uploads\\\/Gliptone_Logo.png\",\"width\":1472,\"height\":607,\"caption\":\"Gliptone Europe\"},\"image\":{\"@id\":\"https:\\\/\\\/gliptoneeurope.com\\\/#\\\/schema\\\/logo\\\/image\\\/\"},\"sameAs\":[\"https:\\\/\\\/www.facebook.com\\\/gliptoneeurope\\\/\",\"https:\\\/\\\/www.instagram.com\\\/gliptoneeurope\\\/\",\"https:\\\/\\\/www.pinterest.co.uk\\\/GliptoneEurope\\\/\"]}]}<\/script>\n<!-- \/ Yoast SEO Premium plugin. -->","yoast_head_json":{"title":"Fl\u00fcssigmetallpolitur GROB (ROT) - Gliptone Europe","description":"Gliptone grobe Metallpolitur - empfohlen zur Verwendung als Abzieh- und Gl\u00e4ttmittel auf rauen, stark oxidierten oder korrodierten, nicht beschichteten Metallen. Es funktioniert \u00e4hnlich wie fl\u00fcssiges Sandpapier. Nicht auf Spiegel aus Edelstahl, Chrom, Nickel oder anderen beschichteten Materialien verwenden.","robots":{"index":"index","follow":"follow","max-snippet":"max-snippet:-1","max-image-preview":"max-image-preview:large","max-video-preview":"max-video-preview:-1"},"canonical":"https:\/\/gliptoneeurope.com\/de\/produkt\/flussig-metall-polieren-grob-rot\/","og_locale":"de_DE","og_type":"article","og_title":"Fl\u00fcssigmetallpolitur GROB (ROT)","og_description":"Gliptone grobe Metallpolitur - empfohlen zur Verwendung als Abzieh- und Gl\u00e4ttmittel auf rauen, stark oxidierten oder korrodierten, nicht beschichteten","og_url":"https:\/\/gliptoneeurope.com\/de\/produkt\/flussig-metall-polieren-grob-rot\/","og_site_name":"Gliptone Europe","article_publisher":"https:\/\/www.facebook.com\/gliptoneeurope\/","og_image":[{"width":1772,"height":1772,"url":"https:\/\/gliptoneeurope.com\/wp-content\/uploads\/Liquid-Metal-Polish-Coarse-Grade.jpg","type":"image\/jpeg"}],"twitter_card":"summary_large_image","twitter_misc":{"Gesch\u00e4tzte Lesezeit":"1\u00a0Minute"},"schema":{"@context":"https:\/\/schema.org","@graph":[{"@type":"WebPage","@id":"https:\/\/gliptoneeurope.com\/de\/produkt\/flussig-metall-polieren-grob-rot\/","url":"https:\/\/gliptoneeurope.com\/de\/produkt\/flussig-metall-polieren-grob-rot\/","name":"Fl\u00fcssigmetallpolitur GROB (ROT) - Gliptone Europe","isPartOf":{"@id":"https:\/\/gliptoneeurope.com\/#website"},"primaryImageOfPage":{"@id":"https:\/\/gliptoneeurope.com\/de\/produkt\/flussig-metall-polieren-grob-rot\/#primaryimage"},"image":{"@id":"https:\/\/gliptoneeurope.com\/de\/produkt\/flussig-metall-polieren-grob-rot\/#primaryimage"},"thumbnailUrl":"https:\/\/gliptoneeurope.com\/wp-content\/uploads\/Liquid-Metal-Polish-Coarse-Grade.jpg","datePublished":"2021-11-30T11:44:23+00:00","description":"Gliptone grobe Metallpolitur - empfohlen zur Verwendung als Abzieh- und Gl\u00e4ttmittel auf rauen, stark oxidierten oder korrodierten, nicht beschichteten Metallen. Es funktioniert \u00e4hnlich wie fl\u00fcssiges Sandpapier. Nicht auf Spiegel aus Edelstahl, Chrom, Nickel oder anderen beschichteten Materialien verwenden.","breadcrumb":{"@id":"https:\/\/gliptoneeurope.com\/de\/produkt\/flussig-metall-polieren-grob-rot\/#breadcrumb"},"inLanguage":"de","potentialAction":[{"@type":"ReadAction","target":["https:\/\/gliptoneeurope.com\/de\/produkt\/flussig-metall-polieren-grob-rot\/"]}]},{"@type":"ImageObject","inLanguage":"de","@id":"https:\/\/gliptoneeurope.com\/de\/produkt\/flussig-metall-polieren-grob-rot\/#primaryimage","url":"https:\/\/gliptoneeurope.com\/wp-content\/uploads\/Liquid-Metal-Polish-Coarse-Grade.jpg","contentUrl":"https:\/\/gliptoneeurope.com\/wp-content\/uploads\/Liquid-Metal-Polish-Coarse-Grade.jpg","width":1772,"height":1772,"caption":"Fl\u00fcssigmetallpolitur - grobe Qualit\u00e4t"},{"@type":"BreadcrumbList","@id":"https:\/\/gliptoneeurope.com\/de\/produkt\/flussig-metall-polieren-grob-rot\/#breadcrumb","itemListElement":[{"@type":"ListItem","position":1,"name":"Home","item":"https:\/\/gliptoneeurope.com\/"},{"@type":"ListItem","position":2,"name":"Shop","item":"https:\/\/gliptoneeurope.com\/de\/shop-2\/"},{"@type":"ListItem","position":3,"name":"Fl\u00fcssigmetallpolitur GROB (ROT)"}]},{"@type":"WebSite","@id":"https:\/\/gliptoneeurope.com\/#website","url":"https:\/\/gliptoneeurope.com\/","name":"Gliptone Europe","description":"Professional Car Detailing Products","publisher":{"@id":"https:\/\/gliptoneeurope.com\/#organization"},"potentialAction":[{"@type":"SearchAction","target":{"@type":"EntryPoint","urlTemplate":"https:\/\/gliptoneeurope.com\/?s={search_term_string}"},"query-input":{"@type":"PropertyValueSpecification","valueRequired":true,"valueName":"search_term_string"}}],"inLanguage":"de"},{"@type":"Organization","@id":"https:\/\/gliptoneeurope.com\/#organization","name":"Gliptone Europe","url":"https:\/\/gliptoneeurope.com\/","logo":{"@type":"ImageObject","inLanguage":"de","@id":"https:\/\/gliptoneeurope.com\/#\/schema\/logo\/image\/","url":"https:\/\/gliptoneeurope.com\/wp-content\/uploads\/Gliptone_Logo.png","contentUrl":"https:\/\/gliptoneeurope.com\/wp-content\/uploads\/Gliptone_Logo.png","width":1472,"height":607,"caption":"Gliptone Europe"},"image":{"@id":"https:\/\/gliptoneeurope.com\/#\/schema\/logo\/image\/"},"sameAs":["https:\/\/www.facebook.com\/gliptoneeurope\/","https:\/\/www.instagram.com\/gliptoneeurope\/","https:\/\/www.pinterest.co.uk\/GliptoneEurope\/"]}]}},"wcpa_form_fields":null,"_links":{"self":[{"href":"https:\/\/gliptoneeurope.com\/de\/wp-json\/wp\/v2\/product\/12063","targetHints":{"allow":["GET"]}}],"collection":[{"href":"https:\/\/gliptoneeurope.com\/de\/wp-json\/wp\/v2\/product"}],"about":[{"href":"https:\/\/gliptoneeurope.com\/de\/wp-json\/wp\/v2\/types\/product"}],"wp:featuredmedia":[{"embeddable":true,"href":"https:\/\/gliptoneeurope.com\/de\/wp-json\/wp\/v2\/media\/10309"}],"wp:attachment":[{"href":"https:\/\/gliptoneeurope.com\/de\/wp-json\/wp\/v2\/media?parent=12063"}],"wp:term":[{"taxonomy":"product_brand","embeddable":true,"href":"https:\/\/gliptoneeurope.com\/de\/wp-json\/wp\/v2\/product_brand?post=12063"},{"taxonomy":"product_cat","embeddable":true,"href":"https:\/\/gliptoneeurope.com\/de\/wp-json\/wp\/v2\/product_cat?post=12063"},{"taxonomy":"product_tag","embeddable":true,"href":"https:\/\/gliptoneeurope.com\/de\/wp-json\/wp\/v2\/product_tag?post=12063"}],"curies":[{"name":"wp","href":"https:\/\/api.w.org\/{rel}","templated":true}]}}