{"id":12052,"date":"2020-04-08T10:00:46","date_gmt":"2021-11-30T11:44:18","guid":{"rendered":"https:\/\/gliptoneeurope.com\/product\/fluessigmetallpolitur-mittlere-grade-gruen\/"},"modified":"2021-11-30T11:44:18","modified_gmt":"2021-11-30T11:44:18","slug":"flussigmetall-politur-mittelqualitat-grun","status":"publish","type":"product","link":"https:\/\/gliptoneeurope.com\/de\/produkt\/flussigmetall-politur-mittelqualitat-grun\/","title":{"rendered":"Fl\u00fcssigmetallpolitur MITTLERE GRADE (GR\u00dcN)"},"content":{"rendered":"<p>GLIPTONE&#8217;s Medium Abrasive Grade Liquid Metal Polish wird zum Polieren und Pflegen von Hartmetallen wie Edelstahl, Chrom, Nickel oder Magnesium empfohlen. Es bek\u00e4mpft auch mittelgro\u00dfe Korrosion, Oxidation, Teer, Rost, Flecken und Anlaufen von Aluminium, Messing, Kupfer und Bronze mit gr\u00f6\u00dfter Leichtigkeit. HINWEIS: Diese Politur enth\u00e4lt kein Ammoniak, S\u00e4ure oder Wasser. Folglich l\u00e4sst sich GLIPTONE Metallpolitur leichter auftragen und entfernen und geht doppelt so weit wie alle anderen Metallpolituren. GLIPTONE Metallpolitur versiegelt und sch\u00fctzt mit Kriech\u00f6len und Wachsen f\u00fcr einen langanhaltenden brillanten Glanz.<\/p>\n<p>16 Unzen. 470ml.<\/p>\n<hr>\n<div class='avia-iframe-wrap'><iframe loading=\"lazy\" title=\"Gliptone Metal Polish Demo from SEMA 2017\" width=\"1500\" height=\"844\" src=\"https:\/\/www.youtube.com\/embed\/Kn7ncHXGDsA?feature=oembed\" frameborder=\"0\" allow=\"accelerometer; autoplay; clipboard-write; encrypted-media; gyroscope; picture-in-picture\" allowfullscreen><\/iframe><\/div>\n","protected":false},"excerpt":{"rendered":"<p>GLIPTONE&#8217;s Medium Abrasive Grade Liquid Metal Polish wird zum Polieren und Pflegen von Hartmetallen wie Edelstahl, Chrom, Nickel oder Magnesium empfohlen. Es bek\u00e4mpft auch mittelgro\u00dfe Korrosion, Oxidation, Teer, Rost, Flecken und Anlaufen von Aluminium, Messing, Kupfer und Bronze mit gr\u00f6\u00dfter Leichtigkeit. HINWEIS: Diese Politur enth\u00e4lt kein Ammoniak, S\u00e4ure oder Wasser. Folglich l\u00e4sst sich GLIPTONE Metallpolitur [&hellip;]<\/p>\n","protected":false},"featured_media":10307,"template":"","meta":[],"product_brand":[],"product_cat":[106,156],"product_tag":[],"class_list":{"0":"post-12052","1":"product","2":"type-product","3":"status-publish","4":"has-post-thumbnail","6":"product_cat-ausendetailer-polituren","7":"product_cat-motor","9":"first","10":"instock","11":"taxable","12":"shipping-taxable","13":"purchasable","14":"product-type-simple"},"yoast_head":"<!-- This site is optimized with the Yoast SEO Premium plugin v21.4 (Yoast SEO v27.5) - https:\/\/yoast.com\/product\/yoast-seo-premium-wordpress\/ -->\n<title>Fl\u00fcssigmetallpolitur MITTLERE GRADE (GR\u00dcN) - Gliptone Europe<\/title>\n<meta name=\"description\" content=\"GLIPTONE&#039;s Medium Abrasive Grade Liquid Metal Polish wird zum Polieren und Pflegen von Hartmetallen wie Edelstahl, Chrom, Nickel oder Magnesium empfohlen.\" \/>\n<meta name=\"robots\" content=\"index, follow, max-snippet:-1, max-image-preview:large, max-video-preview:-1\" \/>\n<link rel=\"canonical\" href=\"https:\/\/gliptoneeurope.com\/de\/produkt\/flussigmetall-politur-mittelqualitat-grun\/\" \/>\n<meta property=\"og:locale\" content=\"de_DE\" \/>\n<meta property=\"og:type\" content=\"article\" \/>\n<meta property=\"og:title\" content=\"Fl\u00fcssigmetallpolitur MITTLERE GRADE (GR\u00dcN)\" \/>\n<meta property=\"og:description\" content=\"GLIPTONE&#039;s Medium Abrasive Grade Liquid Metal Polish wird zum Polieren und Pflegen von Hartmetallen wie Edelstahl, Chrom, Nickel oder Magnesium empfohlen.\" \/>\n<meta property=\"og:url\" content=\"https:\/\/gliptoneeurope.com\/de\/produkt\/flussigmetall-politur-mittelqualitat-grun\/\" \/>\n<meta property=\"og:site_name\" content=\"Gliptone Europe\" \/>\n<meta property=\"article:publisher\" content=\"https:\/\/www.facebook.com\/gliptoneeurope\/\" \/>\n<meta property=\"og:image\" content=\"https:\/\/gliptoneeurope.com\/wp-content\/uploads\/Liquid-Metal-Polish-Medium-Grade.jpg\" \/>\n\t<meta property=\"og:image:width\" content=\"1772\" \/>\n\t<meta property=\"og:image:height\" content=\"1772\" \/>\n\t<meta property=\"og:image:type\" content=\"image\/jpeg\" \/>\n<meta name=\"twitter:card\" content=\"summary_large_image\" \/>\n<meta name=\"twitter:label1\" content=\"Gesch\u00e4tzte Lesezeit\" \/>\n\t<meta name=\"twitter:data1\" content=\"1\u00a0Minute\" \/>\n<script type=\"application\/ld+json\" class=\"yoast-schema-graph\">{\"@context\":\"https:\\\/\\\/schema.org\",\"@graph\":[{\"@type\":\"WebPage\",\"@id\":\"https:\\\/\\\/gliptoneeurope.com\\\/de\\\/produkt\\\/flussigmetall-politur-mittelqualitat-grun\\\/\",\"url\":\"https:\\\/\\\/gliptoneeurope.com\\\/de\\\/produkt\\\/flussigmetall-politur-mittelqualitat-grun\\\/\",\"name\":\"Fl\u00fcssigmetallpolitur MITTLERE GRADE (GR\u00dcN) - Gliptone Europe\",\"isPartOf\":{\"@id\":\"https:\\\/\\\/gliptoneeurope.com\\\/#website\"},\"primaryImageOfPage\":{\"@id\":\"https:\\\/\\\/gliptoneeurope.com\\\/de\\\/produkt\\\/flussigmetall-politur-mittelqualitat-grun\\\/#primaryimage\"},\"image\":{\"@id\":\"https:\\\/\\\/gliptoneeurope.com\\\/de\\\/produkt\\\/flussigmetall-politur-mittelqualitat-grun\\\/#primaryimage\"},\"thumbnailUrl\":\"https:\\\/\\\/gliptoneeurope.com\\\/wp-content\\\/uploads\\\/Liquid-Metal-Polish-Medium-Grade.jpg\",\"datePublished\":\"2021-11-30T11:44:18+00:00\",\"description\":\"GLIPTONE's Medium Abrasive Grade Liquid Metal Polish wird zum Polieren und Pflegen von Hartmetallen wie Edelstahl, Chrom, Nickel oder Magnesium empfohlen.\",\"breadcrumb\":{\"@id\":\"https:\\\/\\\/gliptoneeurope.com\\\/de\\\/produkt\\\/flussigmetall-politur-mittelqualitat-grun\\\/#breadcrumb\"},\"inLanguage\":\"de\",\"potentialAction\":[{\"@type\":\"ReadAction\",\"target\":[\"https:\\\/\\\/gliptoneeurope.com\\\/de\\\/produkt\\\/flussigmetall-politur-mittelqualitat-grun\\\/\"]}]},{\"@type\":\"ImageObject\",\"inLanguage\":\"de\",\"@id\":\"https:\\\/\\\/gliptoneeurope.com\\\/de\\\/produkt\\\/flussigmetall-politur-mittelqualitat-grun\\\/#primaryimage\",\"url\":\"https:\\\/\\\/gliptoneeurope.com\\\/wp-content\\\/uploads\\\/Liquid-Metal-Polish-Medium-Grade.jpg\",\"contentUrl\":\"https:\\\/\\\/gliptoneeurope.com\\\/wp-content\\\/uploads\\\/Liquid-Metal-Polish-Medium-Grade.jpg\",\"width\":1772,\"height\":1772,\"caption\":\"Fl\u00fcssigmetallpolitur - mittlerer Grad\"},{\"@type\":\"BreadcrumbList\",\"@id\":\"https:\\\/\\\/gliptoneeurope.com\\\/de\\\/produkt\\\/flussigmetall-politur-mittelqualitat-grun\\\/#breadcrumb\",\"itemListElement\":[{\"@type\":\"ListItem\",\"position\":1,\"name\":\"Home\",\"item\":\"https:\\\/\\\/gliptoneeurope.com\\\/\"},{\"@type\":\"ListItem\",\"position\":2,\"name\":\"Shop\",\"item\":\"https:\\\/\\\/gliptoneeurope.com\\\/de\\\/shop-2\\\/\"},{\"@type\":\"ListItem\",\"position\":3,\"name\":\"Fl\u00fcssigmetallpolitur MITTLERE GRADE (GR\u00dcN)\"}]},{\"@type\":\"WebSite\",\"@id\":\"https:\\\/\\\/gliptoneeurope.com\\\/#website\",\"url\":\"https:\\\/\\\/gliptoneeurope.com\\\/\",\"name\":\"Gliptone Europe\",\"description\":\"Professional Car Detailing Products\",\"publisher\":{\"@id\":\"https:\\\/\\\/gliptoneeurope.com\\\/#organization\"},\"potentialAction\":[{\"@type\":\"SearchAction\",\"target\":{\"@type\":\"EntryPoint\",\"urlTemplate\":\"https:\\\/\\\/gliptoneeurope.com\\\/?s={search_term_string}\"},\"query-input\":{\"@type\":\"PropertyValueSpecification\",\"valueRequired\":true,\"valueName\":\"search_term_string\"}}],\"inLanguage\":\"de\"},{\"@type\":\"Organization\",\"@id\":\"https:\\\/\\\/gliptoneeurope.com\\\/#organization\",\"name\":\"Gliptone Europe\",\"url\":\"https:\\\/\\\/gliptoneeurope.com\\\/\",\"logo\":{\"@type\":\"ImageObject\",\"inLanguage\":\"de\",\"@id\":\"https:\\\/\\\/gliptoneeurope.com\\\/#\\\/schema\\\/logo\\\/image\\\/\",\"url\":\"https:\\\/\\\/gliptoneeurope.com\\\/wp-content\\\/uploads\\\/Gliptone_Logo.png\",\"contentUrl\":\"https:\\\/\\\/gliptoneeurope.com\\\/wp-content\\\/uploads\\\/Gliptone_Logo.png\",\"width\":1472,\"height\":607,\"caption\":\"Gliptone Europe\"},\"image\":{\"@id\":\"https:\\\/\\\/gliptoneeurope.com\\\/#\\\/schema\\\/logo\\\/image\\\/\"},\"sameAs\":[\"https:\\\/\\\/www.facebook.com\\\/gliptoneeurope\\\/\",\"https:\\\/\\\/www.instagram.com\\\/gliptoneeurope\\\/\",\"https:\\\/\\\/www.pinterest.co.uk\\\/GliptoneEurope\\\/\"]}]}<\/script>\n<!-- \/ Yoast SEO Premium plugin. -->","yoast_head_json":{"title":"Fl\u00fcssigmetallpolitur MITTLERE GRADE (GR\u00dcN) - Gliptone Europe","description":"GLIPTONE's Medium Abrasive Grade Liquid Metal Polish wird zum Polieren und Pflegen von Hartmetallen wie Edelstahl, Chrom, Nickel oder Magnesium empfohlen.","robots":{"index":"index","follow":"follow","max-snippet":"max-snippet:-1","max-image-preview":"max-image-preview:large","max-video-preview":"max-video-preview:-1"},"canonical":"https:\/\/gliptoneeurope.com\/de\/produkt\/flussigmetall-politur-mittelqualitat-grun\/","og_locale":"de_DE","og_type":"article","og_title":"Fl\u00fcssigmetallpolitur MITTLERE GRADE (GR\u00dcN)","og_description":"GLIPTONE's Medium Abrasive Grade Liquid Metal Polish wird zum Polieren und Pflegen von Hartmetallen wie Edelstahl, Chrom, Nickel oder Magnesium empfohlen.","og_url":"https:\/\/gliptoneeurope.com\/de\/produkt\/flussigmetall-politur-mittelqualitat-grun\/","og_site_name":"Gliptone Europe","article_publisher":"https:\/\/www.facebook.com\/gliptoneeurope\/","og_image":[{"width":1772,"height":1772,"url":"https:\/\/gliptoneeurope.com\/wp-content\/uploads\/Liquid-Metal-Polish-Medium-Grade.jpg","type":"image\/jpeg"}],"twitter_card":"summary_large_image","twitter_misc":{"Gesch\u00e4tzte Lesezeit":"1\u00a0Minute"},"schema":{"@context":"https:\/\/schema.org","@graph":[{"@type":"WebPage","@id":"https:\/\/gliptoneeurope.com\/de\/produkt\/flussigmetall-politur-mittelqualitat-grun\/","url":"https:\/\/gliptoneeurope.com\/de\/produkt\/flussigmetall-politur-mittelqualitat-grun\/","name":"Fl\u00fcssigmetallpolitur MITTLERE GRADE (GR\u00dcN) - Gliptone Europe","isPartOf":{"@id":"https:\/\/gliptoneeurope.com\/#website"},"primaryImageOfPage":{"@id":"https:\/\/gliptoneeurope.com\/de\/produkt\/flussigmetall-politur-mittelqualitat-grun\/#primaryimage"},"image":{"@id":"https:\/\/gliptoneeurope.com\/de\/produkt\/flussigmetall-politur-mittelqualitat-grun\/#primaryimage"},"thumbnailUrl":"https:\/\/gliptoneeurope.com\/wp-content\/uploads\/Liquid-Metal-Polish-Medium-Grade.jpg","datePublished":"2021-11-30T11:44:18+00:00","description":"GLIPTONE's Medium Abrasive Grade Liquid Metal Polish wird zum Polieren und Pflegen von Hartmetallen wie Edelstahl, Chrom, Nickel oder Magnesium empfohlen.","breadcrumb":{"@id":"https:\/\/gliptoneeurope.com\/de\/produkt\/flussigmetall-politur-mittelqualitat-grun\/#breadcrumb"},"inLanguage":"de","potentialAction":[{"@type":"ReadAction","target":["https:\/\/gliptoneeurope.com\/de\/produkt\/flussigmetall-politur-mittelqualitat-grun\/"]}]},{"@type":"ImageObject","inLanguage":"de","@id":"https:\/\/gliptoneeurope.com\/de\/produkt\/flussigmetall-politur-mittelqualitat-grun\/#primaryimage","url":"https:\/\/gliptoneeurope.com\/wp-content\/uploads\/Liquid-Metal-Polish-Medium-Grade.jpg","contentUrl":"https:\/\/gliptoneeurope.com\/wp-content\/uploads\/Liquid-Metal-Polish-Medium-Grade.jpg","width":1772,"height":1772,"caption":"Fl\u00fcssigmetallpolitur - mittlerer Grad"},{"@type":"BreadcrumbList","@id":"https:\/\/gliptoneeurope.com\/de\/produkt\/flussigmetall-politur-mittelqualitat-grun\/#breadcrumb","itemListElement":[{"@type":"ListItem","position":1,"name":"Home","item":"https:\/\/gliptoneeurope.com\/"},{"@type":"ListItem","position":2,"name":"Shop","item":"https:\/\/gliptoneeurope.com\/de\/shop-2\/"},{"@type":"ListItem","position":3,"name":"Fl\u00fcssigmetallpolitur MITTLERE GRADE (GR\u00dcN)"}]},{"@type":"WebSite","@id":"https:\/\/gliptoneeurope.com\/#website","url":"https:\/\/gliptoneeurope.com\/","name":"Gliptone Europe","description":"Professional Car Detailing Products","publisher":{"@id":"https:\/\/gliptoneeurope.com\/#organization"},"potentialAction":[{"@type":"SearchAction","target":{"@type":"EntryPoint","urlTemplate":"https:\/\/gliptoneeurope.com\/?s={search_term_string}"},"query-input":{"@type":"PropertyValueSpecification","valueRequired":true,"valueName":"search_term_string"}}],"inLanguage":"de"},{"@type":"Organization","@id":"https:\/\/gliptoneeurope.com\/#organization","name":"Gliptone Europe","url":"https:\/\/gliptoneeurope.com\/","logo":{"@type":"ImageObject","inLanguage":"de","@id":"https:\/\/gliptoneeurope.com\/#\/schema\/logo\/image\/","url":"https:\/\/gliptoneeurope.com\/wp-content\/uploads\/Gliptone_Logo.png","contentUrl":"https:\/\/gliptoneeurope.com\/wp-content\/uploads\/Gliptone_Logo.png","width":1472,"height":607,"caption":"Gliptone Europe"},"image":{"@id":"https:\/\/gliptoneeurope.com\/#\/schema\/logo\/image\/"},"sameAs":["https:\/\/www.facebook.com\/gliptoneeurope\/","https:\/\/www.instagram.com\/gliptoneeurope\/","https:\/\/www.pinterest.co.uk\/GliptoneEurope\/"]}]}},"wcpa_form_fields":null,"_links":{"self":[{"href":"https:\/\/gliptoneeurope.com\/de\/wp-json\/wp\/v2\/product\/12052","targetHints":{"allow":["GET"]}}],"collection":[{"href":"https:\/\/gliptoneeurope.com\/de\/wp-json\/wp\/v2\/product"}],"about":[{"href":"https:\/\/gliptoneeurope.com\/de\/wp-json\/wp\/v2\/types\/product"}],"wp:featuredmedia":[{"embeddable":true,"href":"https:\/\/gliptoneeurope.com\/de\/wp-json\/wp\/v2\/media\/10307"}],"wp:attachment":[{"href":"https:\/\/gliptoneeurope.com\/de\/wp-json\/wp\/v2\/media?parent=12052"}],"wp:term":[{"taxonomy":"product_brand","embeddable":true,"href":"https:\/\/gliptoneeurope.com\/de\/wp-json\/wp\/v2\/product_brand?post=12052"},{"taxonomy":"product_cat","embeddable":true,"href":"https:\/\/gliptoneeurope.com\/de\/wp-json\/wp\/v2\/product_cat?post=12052"},{"taxonomy":"product_tag","embeddable":true,"href":"https:\/\/gliptoneeurope.com\/de\/wp-json\/wp\/v2\/product_tag?post=12052"}],"curies":[{"name":"wp","href":"https:\/\/api.w.org\/{rel}","templated":true}]}}