{"id":12050,"date":"2020-04-08T10:23:27","date_gmt":"2021-11-30T11:44:16","guid":{"rendered":"https:\/\/gliptoneeurope.com\/product\/muskelschaum-mehrzweck-aerosolreiniger\/"},"modified":"2021-11-30T11:44:16","modified_gmt":"2021-11-30T11:44:16","slug":"muskelschaum-mehrzweck-aerosolreiniger","status":"publish","type":"product","link":"https:\/\/gliptoneeurope.com\/de\/produkt\/muskelschaum-mehrzweck-aerosolreiniger\/","title":{"rendered":"Muskelschaum &#8211; Mehrzweck-Aerosolreiniger"},"content":{"rendered":"<p>Hervorragender Allzweckreiniger f\u00fcr alle anderen Stoff- und Velours-Bez\u00fcge und ebenso \u00fcberzeugend auf Teppichen mit \u00fcberlegenem Schmutzl\u00f6severm\u00f6gen!<\/p>\n<p>Nach dem Trocknen bleibt ein haltbarer Fleckenschutz zur\u00fcck, der Schmutz, Schmutz und Dreck abweist. Frischer Duft von Spearmint. Ideal f\u00fcr die Fleckenreinigung.<\/p>\n<p>Unser spezieller Mehrzweckreiniger und Entfetter <a href=\"https:\/\/gliptoneeurope.com\/product\/ultra-cleaner-1-gall-3-8l\/\">Ultra Cleaner<\/a> ist eine gro\u00dfartige Alternative f\u00fcr den professionellen Gebrauch, erh\u00e4ltlich in einer 3,8-Liter-Flasche (1 Gall).<\/p>\n<p>18oz. 560ml.<\/p>\n","protected":false},"excerpt":{"rendered":"<p>Hervorragender Allzweckreiniger f\u00fcr alle anderen Stoff- und Velours-Bez\u00fcge und ebenso \u00fcberzeugend auf Teppichen mit \u00fcberlegenem Schmutzl\u00f6severm\u00f6gen! Nach dem Trocknen bleibt ein haltbarer Fleckenschutz zur\u00fcck, der Schmutz, Schmutz und Dreck abweist. Frischer Duft von Spearmint. Ideal f\u00fcr die Fleckenreinigung. Unser spezieller Mehrzweckreiniger und Entfetter Ultra Cleaner ist eine gro\u00dfartige Alternative f\u00fcr den professionellen Gebrauch, erh\u00e4ltlich in [&hellip;]<\/p>\n","protected":false},"featured_media":10319,"template":"","meta":[],"product_brand":[],"product_cat":[129],"product_tag":[],"class_list":{"0":"post-12050","1":"product","2":"type-product","3":"status-publish","4":"has-post-thumbnail","6":"product_cat-innere","8":"first","9":"instock","10":"taxable","11":"shipping-taxable","12":"purchasable","13":"product-type-simple"},"yoast_head":"<!-- This site is optimized with the Yoast SEO Premium plugin v21.4 (Yoast SEO v27.4) - https:\/\/yoast.com\/product\/yoast-seo-premium-wordpress\/ -->\n<title>Muskelschaum - Mehrzweck-Aerosolreiniger - Gliptone Europe<\/title>\n<meta name=\"description\" content=\"Hervorragender Allzweckreiniger f\u00fcr alle anderen Stoff- &amp; Velourspolsterungen &amp; ebenso \u00fcberzeugend auf Teppichen.\" \/>\n<meta name=\"robots\" content=\"index, follow, max-snippet:-1, max-image-preview:large, max-video-preview:-1\" \/>\n<link rel=\"canonical\" href=\"https:\/\/gliptoneeurope.com\/de\/produkt\/muskelschaum-mehrzweck-aerosolreiniger\/\" \/>\n<meta property=\"og:locale\" content=\"de_DE\" \/>\n<meta property=\"og:type\" content=\"article\" \/>\n<meta property=\"og:title\" content=\"Muskelschaum - Mehrzweck-Aerosolreiniger\" \/>\n<meta property=\"og:description\" content=\"Hervorragender Allzweckreiniger f\u00fcr alle anderen Stoff- und Velours-Bez\u00fcge und ebenso \u00fcberzeugend auf Teppichen mit \u00fcberlegenem Schmutzl\u00f6severm\u00f6gen! Nach\" \/>\n<meta property=\"og:url\" content=\"https:\/\/gliptoneeurope.com\/de\/produkt\/muskelschaum-mehrzweck-aerosolreiniger\/\" \/>\n<meta property=\"og:site_name\" content=\"Gliptone Europe\" \/>\n<meta property=\"article:publisher\" content=\"https:\/\/www.facebook.com\/gliptoneeurope\/\" \/>\n<meta property=\"og:image\" content=\"https:\/\/gliptoneeurope.com\/wp-content\/uploads\/Muscle-Foam.jpg\" \/>\n\t<meta property=\"og:image:width\" content=\"1772\" \/>\n\t<meta property=\"og:image:height\" content=\"1772\" \/>\n\t<meta property=\"og:image:type\" content=\"image\/jpeg\" \/>\n<meta name=\"twitter:card\" content=\"summary_large_image\" \/>\n<script type=\"application\/ld+json\" class=\"yoast-schema-graph\">{\"@context\":\"https:\\\/\\\/schema.org\",\"@graph\":[{\"@type\":\"WebPage\",\"@id\":\"https:\\\/\\\/gliptoneeurope.com\\\/de\\\/produkt\\\/muskelschaum-mehrzweck-aerosolreiniger\\\/\",\"url\":\"https:\\\/\\\/gliptoneeurope.com\\\/de\\\/produkt\\\/muskelschaum-mehrzweck-aerosolreiniger\\\/\",\"name\":\"Muskelschaum - Mehrzweck-Aerosolreiniger - Gliptone Europe\",\"isPartOf\":{\"@id\":\"https:\\\/\\\/gliptoneeurope.com\\\/#website\"},\"primaryImageOfPage\":{\"@id\":\"https:\\\/\\\/gliptoneeurope.com\\\/de\\\/produkt\\\/muskelschaum-mehrzweck-aerosolreiniger\\\/#primaryimage\"},\"image\":{\"@id\":\"https:\\\/\\\/gliptoneeurope.com\\\/de\\\/produkt\\\/muskelschaum-mehrzweck-aerosolreiniger\\\/#primaryimage\"},\"thumbnailUrl\":\"https:\\\/\\\/gliptoneeurope.com\\\/wp-content\\\/uploads\\\/Muscle-Foam.jpg\",\"datePublished\":\"2021-11-30T11:44:16+00:00\",\"description\":\"Hervorragender Allzweckreiniger f\u00fcr alle anderen Stoff- & Velourspolsterungen & ebenso \u00fcberzeugend auf Teppichen.\",\"breadcrumb\":{\"@id\":\"https:\\\/\\\/gliptoneeurope.com\\\/de\\\/produkt\\\/muskelschaum-mehrzweck-aerosolreiniger\\\/#breadcrumb\"},\"inLanguage\":\"de\",\"potentialAction\":[{\"@type\":\"ReadAction\",\"target\":[\"https:\\\/\\\/gliptoneeurope.com\\\/de\\\/produkt\\\/muskelschaum-mehrzweck-aerosolreiniger\\\/\"]}]},{\"@type\":\"ImageObject\",\"inLanguage\":\"de\",\"@id\":\"https:\\\/\\\/gliptoneeurope.com\\\/de\\\/produkt\\\/muskelschaum-mehrzweck-aerosolreiniger\\\/#primaryimage\",\"url\":\"https:\\\/\\\/gliptoneeurope.com\\\/wp-content\\\/uploads\\\/Muscle-Foam.jpg\",\"contentUrl\":\"https:\\\/\\\/gliptoneeurope.com\\\/wp-content\\\/uploads\\\/Muscle-Foam.jpg\",\"width\":1772,\"height\":1772,\"caption\":\"Muskelschaum\"},{\"@type\":\"BreadcrumbList\",\"@id\":\"https:\\\/\\\/gliptoneeurope.com\\\/de\\\/produkt\\\/muskelschaum-mehrzweck-aerosolreiniger\\\/#breadcrumb\",\"itemListElement\":[{\"@type\":\"ListItem\",\"position\":1,\"name\":\"Home\",\"item\":\"https:\\\/\\\/gliptoneeurope.com\\\/\"},{\"@type\":\"ListItem\",\"position\":2,\"name\":\"Shop\",\"item\":\"https:\\\/\\\/gliptoneeurope.com\\\/de\\\/shop-2\\\/\"},{\"@type\":\"ListItem\",\"position\":3,\"name\":\"Muskelschaum &#8211; Mehrzweck-Aerosolreiniger\"}]},{\"@type\":\"WebSite\",\"@id\":\"https:\\\/\\\/gliptoneeurope.com\\\/#website\",\"url\":\"https:\\\/\\\/gliptoneeurope.com\\\/\",\"name\":\"Gliptone Europe\",\"description\":\"Professional Car Detailing Products\",\"publisher\":{\"@id\":\"https:\\\/\\\/gliptoneeurope.com\\\/#organization\"},\"potentialAction\":[{\"@type\":\"SearchAction\",\"target\":{\"@type\":\"EntryPoint\",\"urlTemplate\":\"https:\\\/\\\/gliptoneeurope.com\\\/?s={search_term_string}\"},\"query-input\":{\"@type\":\"PropertyValueSpecification\",\"valueRequired\":true,\"valueName\":\"search_term_string\"}}],\"inLanguage\":\"de\"},{\"@type\":\"Organization\",\"@id\":\"https:\\\/\\\/gliptoneeurope.com\\\/#organization\",\"name\":\"Gliptone Europe\",\"url\":\"https:\\\/\\\/gliptoneeurope.com\\\/\",\"logo\":{\"@type\":\"ImageObject\",\"inLanguage\":\"de\",\"@id\":\"https:\\\/\\\/gliptoneeurope.com\\\/#\\\/schema\\\/logo\\\/image\\\/\",\"url\":\"https:\\\/\\\/gliptoneeurope.com\\\/wp-content\\\/uploads\\\/Gliptone_Logo.png\",\"contentUrl\":\"https:\\\/\\\/gliptoneeurope.com\\\/wp-content\\\/uploads\\\/Gliptone_Logo.png\",\"width\":1472,\"height\":607,\"caption\":\"Gliptone Europe\"},\"image\":{\"@id\":\"https:\\\/\\\/gliptoneeurope.com\\\/#\\\/schema\\\/logo\\\/image\\\/\"},\"sameAs\":[\"https:\\\/\\\/www.facebook.com\\\/gliptoneeurope\\\/\",\"https:\\\/\\\/www.instagram.com\\\/gliptoneeurope\\\/\",\"https:\\\/\\\/www.pinterest.co.uk\\\/GliptoneEurope\\\/\"]}]}<\/script>\n<!-- \/ Yoast SEO Premium plugin. -->","yoast_head_json":{"title":"Muskelschaum - Mehrzweck-Aerosolreiniger - Gliptone Europe","description":"Hervorragender Allzweckreiniger f\u00fcr alle anderen Stoff- & Velourspolsterungen & ebenso \u00fcberzeugend auf Teppichen.","robots":{"index":"index","follow":"follow","max-snippet":"max-snippet:-1","max-image-preview":"max-image-preview:large","max-video-preview":"max-video-preview:-1"},"canonical":"https:\/\/gliptoneeurope.com\/de\/produkt\/muskelschaum-mehrzweck-aerosolreiniger\/","og_locale":"de_DE","og_type":"article","og_title":"Muskelschaum - Mehrzweck-Aerosolreiniger","og_description":"Hervorragender Allzweckreiniger f\u00fcr alle anderen Stoff- und Velours-Bez\u00fcge und ebenso \u00fcberzeugend auf Teppichen mit \u00fcberlegenem Schmutzl\u00f6severm\u00f6gen! Nach","og_url":"https:\/\/gliptoneeurope.com\/de\/produkt\/muskelschaum-mehrzweck-aerosolreiniger\/","og_site_name":"Gliptone Europe","article_publisher":"https:\/\/www.facebook.com\/gliptoneeurope\/","og_image":[{"width":1772,"height":1772,"url":"https:\/\/gliptoneeurope.com\/wp-content\/uploads\/Muscle-Foam.jpg","type":"image\/jpeg"}],"twitter_card":"summary_large_image","schema":{"@context":"https:\/\/schema.org","@graph":[{"@type":"WebPage","@id":"https:\/\/gliptoneeurope.com\/de\/produkt\/muskelschaum-mehrzweck-aerosolreiniger\/","url":"https:\/\/gliptoneeurope.com\/de\/produkt\/muskelschaum-mehrzweck-aerosolreiniger\/","name":"Muskelschaum - Mehrzweck-Aerosolreiniger - Gliptone Europe","isPartOf":{"@id":"https:\/\/gliptoneeurope.com\/#website"},"primaryImageOfPage":{"@id":"https:\/\/gliptoneeurope.com\/de\/produkt\/muskelschaum-mehrzweck-aerosolreiniger\/#primaryimage"},"image":{"@id":"https:\/\/gliptoneeurope.com\/de\/produkt\/muskelschaum-mehrzweck-aerosolreiniger\/#primaryimage"},"thumbnailUrl":"https:\/\/gliptoneeurope.com\/wp-content\/uploads\/Muscle-Foam.jpg","datePublished":"2021-11-30T11:44:16+00:00","description":"Hervorragender Allzweckreiniger f\u00fcr alle anderen Stoff- & Velourspolsterungen & ebenso \u00fcberzeugend auf Teppichen.","breadcrumb":{"@id":"https:\/\/gliptoneeurope.com\/de\/produkt\/muskelschaum-mehrzweck-aerosolreiniger\/#breadcrumb"},"inLanguage":"de","potentialAction":[{"@type":"ReadAction","target":["https:\/\/gliptoneeurope.com\/de\/produkt\/muskelschaum-mehrzweck-aerosolreiniger\/"]}]},{"@type":"ImageObject","inLanguage":"de","@id":"https:\/\/gliptoneeurope.com\/de\/produkt\/muskelschaum-mehrzweck-aerosolreiniger\/#primaryimage","url":"https:\/\/gliptoneeurope.com\/wp-content\/uploads\/Muscle-Foam.jpg","contentUrl":"https:\/\/gliptoneeurope.com\/wp-content\/uploads\/Muscle-Foam.jpg","width":1772,"height":1772,"caption":"Muskelschaum"},{"@type":"BreadcrumbList","@id":"https:\/\/gliptoneeurope.com\/de\/produkt\/muskelschaum-mehrzweck-aerosolreiniger\/#breadcrumb","itemListElement":[{"@type":"ListItem","position":1,"name":"Home","item":"https:\/\/gliptoneeurope.com\/"},{"@type":"ListItem","position":2,"name":"Shop","item":"https:\/\/gliptoneeurope.com\/de\/shop-2\/"},{"@type":"ListItem","position":3,"name":"Muskelschaum &#8211; Mehrzweck-Aerosolreiniger"}]},{"@type":"WebSite","@id":"https:\/\/gliptoneeurope.com\/#website","url":"https:\/\/gliptoneeurope.com\/","name":"Gliptone Europe","description":"Professional Car Detailing Products","publisher":{"@id":"https:\/\/gliptoneeurope.com\/#organization"},"potentialAction":[{"@type":"SearchAction","target":{"@type":"EntryPoint","urlTemplate":"https:\/\/gliptoneeurope.com\/?s={search_term_string}"},"query-input":{"@type":"PropertyValueSpecification","valueRequired":true,"valueName":"search_term_string"}}],"inLanguage":"de"},{"@type":"Organization","@id":"https:\/\/gliptoneeurope.com\/#organization","name":"Gliptone Europe","url":"https:\/\/gliptoneeurope.com\/","logo":{"@type":"ImageObject","inLanguage":"de","@id":"https:\/\/gliptoneeurope.com\/#\/schema\/logo\/image\/","url":"https:\/\/gliptoneeurope.com\/wp-content\/uploads\/Gliptone_Logo.png","contentUrl":"https:\/\/gliptoneeurope.com\/wp-content\/uploads\/Gliptone_Logo.png","width":1472,"height":607,"caption":"Gliptone Europe"},"image":{"@id":"https:\/\/gliptoneeurope.com\/#\/schema\/logo\/image\/"},"sameAs":["https:\/\/www.facebook.com\/gliptoneeurope\/","https:\/\/www.instagram.com\/gliptoneeurope\/","https:\/\/www.pinterest.co.uk\/GliptoneEurope\/"]}]}},"wcpa_form_fields":null,"_links":{"self":[{"href":"https:\/\/gliptoneeurope.com\/de\/wp-json\/wp\/v2\/product\/12050","targetHints":{"allow":["GET"]}}],"collection":[{"href":"https:\/\/gliptoneeurope.com\/de\/wp-json\/wp\/v2\/product"}],"about":[{"href":"https:\/\/gliptoneeurope.com\/de\/wp-json\/wp\/v2\/types\/product"}],"wp:featuredmedia":[{"embeddable":true,"href":"https:\/\/gliptoneeurope.com\/de\/wp-json\/wp\/v2\/media\/10319"}],"wp:attachment":[{"href":"https:\/\/gliptoneeurope.com\/de\/wp-json\/wp\/v2\/media?parent=12050"}],"wp:term":[{"taxonomy":"product_brand","embeddable":true,"href":"https:\/\/gliptoneeurope.com\/de\/wp-json\/wp\/v2\/product_brand?post=12050"},{"taxonomy":"product_cat","embeddable":true,"href":"https:\/\/gliptoneeurope.com\/de\/wp-json\/wp\/v2\/product_cat?post=12050"},{"taxonomy":"product_tag","embeddable":true,"href":"https:\/\/gliptoneeurope.com\/de\/wp-json\/wp\/v2\/product_tag?post=12050"}],"curies":[{"name":"wp","href":"https:\/\/api.w.org\/{rel}","templated":true}]}}