{"id":12045,"date":"2020-04-08T10:48:39","date_gmt":"2021-11-30T11:44:12","guid":{"rendered":"https:\/\/gliptoneeurope.com\/product\/gliptone-statisch-x\/"},"modified":"2021-11-30T11:44:12","modified_gmt":"2021-11-30T11:44:12","slug":"gliptone-statisch-x","status":"publish","type":"product","link":"https:\/\/gliptoneeurope.com\/de\/produkt\/gliptone-statisch-x\/","title":{"rendered":"Gliptone Statisch-X"},"content":{"rendered":"<p>Gliptone Static-X\u00ae bietet eine leichte Reinigungswirkung, die Staub, Fingerabdr\u00fccke, Flecken und gummiartige R\u00fcckst\u00e4nde entfernt und gleichzeitig elektrostatische Aufladungen von Polstern, Teppichen, Armaturenbrett-Instrumententafeln und mehr entfernt. Sicher f\u00fcr den Einsatz auf Glas, Kunststoff, Metall und allen Arten von Stoffen. Hilft bei der Entfernung von Tierhaaren und Lint Light Desodorierungsmittel, um geringf\u00fcgige unangenehme Ger\u00fcche zu mildern. Hervorragend geeignet zum Reinigen von Elektronik wie Mobilger\u00e4ten, Computermonitoren und Druckern.<\/p>\n<p>32oz. 900ml.<\/p>\n","protected":false},"excerpt":{"rendered":"<p>Gliptone Static-X\u00ae bietet eine leichte Reinigungswirkung, die Staub, Fingerabdr\u00fccke, Flecken und gummiartige R\u00fcckst\u00e4nde entfernt und gleichzeitig elektrostatische Aufladungen von Polstern, Teppichen, Armaturenbrett-Instrumententafeln und mehr entfernt. Sicher f\u00fcr den Einsatz auf Glas, Kunststoff, Metall und allen Arten von Stoffen. Hilft bei der Entfernung von Tierhaaren und Lint Light Desodorierungsmittel, um geringf\u00fcgige unangenehme Ger\u00fcche zu mildern. Hervorragend [&hellip;]<\/p>\n","protected":false},"featured_media":10325,"template":"","meta":[],"product_brand":[],"product_cat":[129],"product_tag":[],"class_list":{"0":"post-12045","1":"product","2":"type-product","3":"status-publish","4":"has-post-thumbnail","6":"product_cat-innere","8":"first","9":"instock","10":"taxable","11":"shipping-taxable","12":"purchasable","13":"product-type-simple"},"yoast_head":"<!-- This site is optimized with the Yoast SEO Premium plugin v21.4 (Yoast SEO v27.4) - https:\/\/yoast.com\/product\/yoast-seo-premium-wordpress\/ -->\n<title>Gliptone Statisch-X - Gliptone Europe<\/title>\n<meta name=\"description\" content=\"Gliptone Static-X\u00ae bietet eine leichte Reinigungswirkung, die Staub, Fingerabdr\u00fccke, Flecken und Gummireste entfernt und gleichzeitig statische Aufladung beseitigt.\" \/>\n<meta name=\"robots\" content=\"index, follow, max-snippet:-1, max-image-preview:large, max-video-preview:-1\" \/>\n<link rel=\"canonical\" href=\"https:\/\/gliptoneeurope.com\/de\/produkt\/gliptone-statisch-x\/\" \/>\n<meta property=\"og:locale\" content=\"de_DE\" \/>\n<meta property=\"og:type\" content=\"article\" \/>\n<meta property=\"og:title\" content=\"Gliptone Statisch-X\" \/>\n<meta property=\"og:description\" content=\"Gliptone Static-X\u00ae bietet eine leichte Reinigungswirkung, die Staub, Fingerabdr\u00fccke, Flecken und gummiartige R\u00fcckst\u00e4nde entfernt und gleichzeitig\" \/>\n<meta property=\"og:url\" content=\"https:\/\/gliptoneeurope.com\/de\/produkt\/gliptone-statisch-x\/\" \/>\n<meta property=\"og:site_name\" content=\"Gliptone Europe\" \/>\n<meta property=\"article:publisher\" content=\"https:\/\/www.facebook.com\/gliptoneeurope\/\" \/>\n<meta property=\"og:image\" content=\"https:\/\/gliptoneeurope.com\/wp-content\/uploads\/Static-X.jpg\" \/>\n\t<meta property=\"og:image:width\" content=\"1772\" \/>\n\t<meta property=\"og:image:height\" content=\"1772\" \/>\n\t<meta property=\"og:image:type\" content=\"image\/jpeg\" \/>\n<meta name=\"twitter:card\" content=\"summary_large_image\" \/>\n<script type=\"application\/ld+json\" class=\"yoast-schema-graph\">{\"@context\":\"https:\\\/\\\/schema.org\",\"@graph\":[{\"@type\":\"WebPage\",\"@id\":\"https:\\\/\\\/gliptoneeurope.com\\\/de\\\/produkt\\\/gliptone-statisch-x\\\/\",\"url\":\"https:\\\/\\\/gliptoneeurope.com\\\/de\\\/produkt\\\/gliptone-statisch-x\\\/\",\"name\":\"Gliptone Statisch-X - Gliptone Europe\",\"isPartOf\":{\"@id\":\"https:\\\/\\\/gliptoneeurope.com\\\/#website\"},\"primaryImageOfPage\":{\"@id\":\"https:\\\/\\\/gliptoneeurope.com\\\/de\\\/produkt\\\/gliptone-statisch-x\\\/#primaryimage\"},\"image\":{\"@id\":\"https:\\\/\\\/gliptoneeurope.com\\\/de\\\/produkt\\\/gliptone-statisch-x\\\/#primaryimage\"},\"thumbnailUrl\":\"https:\\\/\\\/gliptoneeurope.com\\\/wp-content\\\/uploads\\\/Static-X.jpg\",\"datePublished\":\"2021-11-30T11:44:12+00:00\",\"description\":\"Gliptone Static-X\u00ae bietet eine leichte Reinigungswirkung, die Staub, Fingerabdr\u00fccke, Flecken und Gummireste entfernt und gleichzeitig statische Aufladung beseitigt.\",\"breadcrumb\":{\"@id\":\"https:\\\/\\\/gliptoneeurope.com\\\/de\\\/produkt\\\/gliptone-statisch-x\\\/#breadcrumb\"},\"inLanguage\":\"de\",\"potentialAction\":[{\"@type\":\"ReadAction\",\"target\":[\"https:\\\/\\\/gliptoneeurope.com\\\/de\\\/produkt\\\/gliptone-statisch-x\\\/\"]}]},{\"@type\":\"ImageObject\",\"inLanguage\":\"de\",\"@id\":\"https:\\\/\\\/gliptoneeurope.com\\\/de\\\/produkt\\\/gliptone-statisch-x\\\/#primaryimage\",\"url\":\"https:\\\/\\\/gliptoneeurope.com\\\/wp-content\\\/uploads\\\/Static-X.jpg\",\"contentUrl\":\"https:\\\/\\\/gliptoneeurope.com\\\/wp-content\\\/uploads\\\/Static-X.jpg\",\"width\":1772,\"height\":1772,\"caption\":\"Statisch-X\"},{\"@type\":\"BreadcrumbList\",\"@id\":\"https:\\\/\\\/gliptoneeurope.com\\\/de\\\/produkt\\\/gliptone-statisch-x\\\/#breadcrumb\",\"itemListElement\":[{\"@type\":\"ListItem\",\"position\":1,\"name\":\"Home\",\"item\":\"https:\\\/\\\/gliptoneeurope.com\\\/\"},{\"@type\":\"ListItem\",\"position\":2,\"name\":\"Shop\",\"item\":\"https:\\\/\\\/gliptoneeurope.com\\\/de\\\/shop-2\\\/\"},{\"@type\":\"ListItem\",\"position\":3,\"name\":\"Gliptone Statisch-X\"}]},{\"@type\":\"WebSite\",\"@id\":\"https:\\\/\\\/gliptoneeurope.com\\\/#website\",\"url\":\"https:\\\/\\\/gliptoneeurope.com\\\/\",\"name\":\"Gliptone Europe\",\"description\":\"Professional Car Detailing Products\",\"publisher\":{\"@id\":\"https:\\\/\\\/gliptoneeurope.com\\\/#organization\"},\"potentialAction\":[{\"@type\":\"SearchAction\",\"target\":{\"@type\":\"EntryPoint\",\"urlTemplate\":\"https:\\\/\\\/gliptoneeurope.com\\\/?s={search_term_string}\"},\"query-input\":{\"@type\":\"PropertyValueSpecification\",\"valueRequired\":true,\"valueName\":\"search_term_string\"}}],\"inLanguage\":\"de\"},{\"@type\":\"Organization\",\"@id\":\"https:\\\/\\\/gliptoneeurope.com\\\/#organization\",\"name\":\"Gliptone Europe\",\"url\":\"https:\\\/\\\/gliptoneeurope.com\\\/\",\"logo\":{\"@type\":\"ImageObject\",\"inLanguage\":\"de\",\"@id\":\"https:\\\/\\\/gliptoneeurope.com\\\/#\\\/schema\\\/logo\\\/image\\\/\",\"url\":\"https:\\\/\\\/gliptoneeurope.com\\\/wp-content\\\/uploads\\\/Gliptone_Logo.png\",\"contentUrl\":\"https:\\\/\\\/gliptoneeurope.com\\\/wp-content\\\/uploads\\\/Gliptone_Logo.png\",\"width\":1472,\"height\":607,\"caption\":\"Gliptone Europe\"},\"image\":{\"@id\":\"https:\\\/\\\/gliptoneeurope.com\\\/#\\\/schema\\\/logo\\\/image\\\/\"},\"sameAs\":[\"https:\\\/\\\/www.facebook.com\\\/gliptoneeurope\\\/\",\"https:\\\/\\\/www.instagram.com\\\/gliptoneeurope\\\/\",\"https:\\\/\\\/www.pinterest.co.uk\\\/GliptoneEurope\\\/\"]}]}<\/script>\n<!-- \/ Yoast SEO Premium plugin. -->","yoast_head_json":{"title":"Gliptone Statisch-X - Gliptone Europe","description":"Gliptone Static-X\u00ae bietet eine leichte Reinigungswirkung, die Staub, Fingerabdr\u00fccke, Flecken und Gummireste entfernt und gleichzeitig statische Aufladung beseitigt.","robots":{"index":"index","follow":"follow","max-snippet":"max-snippet:-1","max-image-preview":"max-image-preview:large","max-video-preview":"max-video-preview:-1"},"canonical":"https:\/\/gliptoneeurope.com\/de\/produkt\/gliptone-statisch-x\/","og_locale":"de_DE","og_type":"article","og_title":"Gliptone Statisch-X","og_description":"Gliptone Static-X\u00ae bietet eine leichte Reinigungswirkung, die Staub, Fingerabdr\u00fccke, Flecken und gummiartige R\u00fcckst\u00e4nde entfernt und gleichzeitig","og_url":"https:\/\/gliptoneeurope.com\/de\/produkt\/gliptone-statisch-x\/","og_site_name":"Gliptone Europe","article_publisher":"https:\/\/www.facebook.com\/gliptoneeurope\/","og_image":[{"width":1772,"height":1772,"url":"https:\/\/gliptoneeurope.com\/wp-content\/uploads\/Static-X.jpg","type":"image\/jpeg"}],"twitter_card":"summary_large_image","schema":{"@context":"https:\/\/schema.org","@graph":[{"@type":"WebPage","@id":"https:\/\/gliptoneeurope.com\/de\/produkt\/gliptone-statisch-x\/","url":"https:\/\/gliptoneeurope.com\/de\/produkt\/gliptone-statisch-x\/","name":"Gliptone Statisch-X - Gliptone Europe","isPartOf":{"@id":"https:\/\/gliptoneeurope.com\/#website"},"primaryImageOfPage":{"@id":"https:\/\/gliptoneeurope.com\/de\/produkt\/gliptone-statisch-x\/#primaryimage"},"image":{"@id":"https:\/\/gliptoneeurope.com\/de\/produkt\/gliptone-statisch-x\/#primaryimage"},"thumbnailUrl":"https:\/\/gliptoneeurope.com\/wp-content\/uploads\/Static-X.jpg","datePublished":"2021-11-30T11:44:12+00:00","description":"Gliptone Static-X\u00ae bietet eine leichte Reinigungswirkung, die Staub, Fingerabdr\u00fccke, Flecken und Gummireste entfernt und gleichzeitig statische Aufladung beseitigt.","breadcrumb":{"@id":"https:\/\/gliptoneeurope.com\/de\/produkt\/gliptone-statisch-x\/#breadcrumb"},"inLanguage":"de","potentialAction":[{"@type":"ReadAction","target":["https:\/\/gliptoneeurope.com\/de\/produkt\/gliptone-statisch-x\/"]}]},{"@type":"ImageObject","inLanguage":"de","@id":"https:\/\/gliptoneeurope.com\/de\/produkt\/gliptone-statisch-x\/#primaryimage","url":"https:\/\/gliptoneeurope.com\/wp-content\/uploads\/Static-X.jpg","contentUrl":"https:\/\/gliptoneeurope.com\/wp-content\/uploads\/Static-X.jpg","width":1772,"height":1772,"caption":"Statisch-X"},{"@type":"BreadcrumbList","@id":"https:\/\/gliptoneeurope.com\/de\/produkt\/gliptone-statisch-x\/#breadcrumb","itemListElement":[{"@type":"ListItem","position":1,"name":"Home","item":"https:\/\/gliptoneeurope.com\/"},{"@type":"ListItem","position":2,"name":"Shop","item":"https:\/\/gliptoneeurope.com\/de\/shop-2\/"},{"@type":"ListItem","position":3,"name":"Gliptone Statisch-X"}]},{"@type":"WebSite","@id":"https:\/\/gliptoneeurope.com\/#website","url":"https:\/\/gliptoneeurope.com\/","name":"Gliptone Europe","description":"Professional Car Detailing Products","publisher":{"@id":"https:\/\/gliptoneeurope.com\/#organization"},"potentialAction":[{"@type":"SearchAction","target":{"@type":"EntryPoint","urlTemplate":"https:\/\/gliptoneeurope.com\/?s={search_term_string}"},"query-input":{"@type":"PropertyValueSpecification","valueRequired":true,"valueName":"search_term_string"}}],"inLanguage":"de"},{"@type":"Organization","@id":"https:\/\/gliptoneeurope.com\/#organization","name":"Gliptone Europe","url":"https:\/\/gliptoneeurope.com\/","logo":{"@type":"ImageObject","inLanguage":"de","@id":"https:\/\/gliptoneeurope.com\/#\/schema\/logo\/image\/","url":"https:\/\/gliptoneeurope.com\/wp-content\/uploads\/Gliptone_Logo.png","contentUrl":"https:\/\/gliptoneeurope.com\/wp-content\/uploads\/Gliptone_Logo.png","width":1472,"height":607,"caption":"Gliptone Europe"},"image":{"@id":"https:\/\/gliptoneeurope.com\/#\/schema\/logo\/image\/"},"sameAs":["https:\/\/www.facebook.com\/gliptoneeurope\/","https:\/\/www.instagram.com\/gliptoneeurope\/","https:\/\/www.pinterest.co.uk\/GliptoneEurope\/"]}]}},"wcpa_form_fields":null,"_links":{"self":[{"href":"https:\/\/gliptoneeurope.com\/de\/wp-json\/wp\/v2\/product\/12045","targetHints":{"allow":["GET"]}}],"collection":[{"href":"https:\/\/gliptoneeurope.com\/de\/wp-json\/wp\/v2\/product"}],"about":[{"href":"https:\/\/gliptoneeurope.com\/de\/wp-json\/wp\/v2\/types\/product"}],"wp:featuredmedia":[{"embeddable":true,"href":"https:\/\/gliptoneeurope.com\/de\/wp-json\/wp\/v2\/media\/10325"}],"wp:attachment":[{"href":"https:\/\/gliptoneeurope.com\/de\/wp-json\/wp\/v2\/media?parent=12045"}],"wp:term":[{"taxonomy":"product_brand","embeddable":true,"href":"https:\/\/gliptoneeurope.com\/de\/wp-json\/wp\/v2\/product_brand?post=12045"},{"taxonomy":"product_cat","embeddable":true,"href":"https:\/\/gliptoneeurope.com\/de\/wp-json\/wp\/v2\/product_cat?post=12045"},{"taxonomy":"product_tag","embeddable":true,"href":"https:\/\/gliptoneeurope.com\/de\/wp-json\/wp\/v2\/product_tag?post=12045"}],"curies":[{"name":"wp","href":"https:\/\/api.w.org\/{rel}","templated":true}]}}