{"id":12023,"date":"2020-04-08T10:27:13","date_gmt":"2021-11-30T11:44:06","guid":{"rendered":"https:\/\/gliptoneeurope.com\/product\/hochleistungs-glasreiniger\/"},"modified":"2021-11-30T11:44:06","modified_gmt":"2021-11-30T11:44:06","slug":"hochleistungs-glasreiniger","status":"publish","type":"product","link":"https:\/\/gliptoneeurope.com\/de\/produkt\/hochleistungs-glasreiniger\/","title":{"rendered":"Hochleistungs-Glasreiniger"},"content":{"rendered":"<p>Unser Heavy Duty Glasreiniger enth\u00e4lt einen zus\u00e4tzlichen Schub an Reinigungsmitteln und eine erstklassige Schaumwirkung, um Insekten, Baumsaft, Stra\u00dfenfilm und Nikotinablagerungen sicher und effektiv zu l\u00f6sen.<\/p>\n<p>Will, kein Dunst oder Streifen. Sicher auf get\u00f6ntem Glas zu verwenden. 18 Unzen. Aerosol (12\/Karton).<\/p>\n<p>Unser <a href=\"https:\/\/gliptoneeurope.com\/product\/spot-chek-1-gall-3-8l\/\">Spot Chek-<\/a> Konzentrat und das <a href=\"https:\/\/gliptoneeurope.com\/product\/glass-cleaner-1-gall-3-8l\/\">Glass Cleaner<\/a> -Konzentrat sind beides gro\u00dfartige Alternativen f\u00fcr den professionellen Gebrauch, erh\u00e4ltlich in einer 3,8-Liter-Flasche (1 Gall).<\/p>\n<p>Dieses Produkt finden Sie in unserem <a href=\"https:\/\/gliptoneeurope.com\/product\/car-interior-cleaning-kit\/\">Car Interior Detailing Kit<\/a> , das alle Detailing-Produkte enth\u00e4lt, die Ihnen bei der Reinigung Ihres Autoinnenraums helfen.<\/p>\n<p>18 Unzen. 510ml.<\/p>\n","protected":false},"excerpt":{"rendered":"<p>Unser Heavy Duty Glasreiniger enth\u00e4lt einen zus\u00e4tzlichen Schub an Reinigungsmitteln und eine erstklassige Schaumwirkung, um Insekten, Baumsaft, Stra\u00dfenfilm und Nikotinablagerungen sicher und effektiv zu l\u00f6sen. Will, kein Dunst oder Streifen. Sicher auf get\u00f6ntem Glas zu verwenden. 18 Unzen. Aerosol (12\/Karton). Unser Spot Chek- Konzentrat und das Glass Cleaner -Konzentrat sind beides gro\u00dfartige Alternativen f\u00fcr den [&hellip;]<\/p>\n","protected":false},"featured_media":10677,"template":"","meta":[],"product_brand":[],"product_cat":[129,119],"product_tag":[],"class_list":{"0":"post-12023","1":"product","2":"type-product","3":"status-publish","4":"has-post-thumbnail","6":"product_cat-innere","7":"product_cat-vorbereitung-reinigung","9":"first","10":"instock","11":"taxable","12":"shipping-taxable","13":"purchasable","14":"product-type-simple"},"yoast_head":"<!-- This site is optimized with the Yoast SEO Premium plugin v21.4 (Yoast SEO v27.5) - https:\/\/yoast.com\/product\/yoast-seo-premium-wordpress\/ -->\n<title>Hochleistungs-Glasreiniger - Gliptone Europe<\/title>\n<meta name=\"description\" content=\"Heavy-Duty Glass Cleaner enth\u00e4lt einen Boost an Reinigungsmitteln und Schaumwirkung, um Insekten, Baumsaft, Stra\u00dfenfilm und Nikotinablagerungen effektiv zu entfernen.\" \/>\n<meta name=\"robots\" content=\"index, follow, max-snippet:-1, max-image-preview:large, max-video-preview:-1\" \/>\n<link rel=\"canonical\" href=\"https:\/\/gliptoneeurope.com\/de\/produkt\/hochleistungs-glasreiniger\/\" \/>\n<meta property=\"og:locale\" content=\"de_DE\" \/>\n<meta property=\"og:type\" content=\"article\" \/>\n<meta property=\"og:title\" content=\"Hochleistungs-Glasreiniger\" \/>\n<meta property=\"og:description\" content=\"Unser Heavy Duty Glasreiniger enth\u00e4lt einen zus\u00e4tzlichen Schub an Reinigungsmitteln und eine erstklassige Schaumwirkung, um Insekten, Baumsaft,\" \/>\n<meta property=\"og:url\" content=\"https:\/\/gliptoneeurope.com\/de\/produkt\/hochleistungs-glasreiniger\/\" \/>\n<meta property=\"og:site_name\" content=\"Gliptone Europe\" \/>\n<meta property=\"article:publisher\" content=\"https:\/\/www.facebook.com\/gliptoneeurope\/\" \/>\n<meta property=\"og:image\" content=\"https:\/\/gliptoneeurope.com\/wp-content\/uploads\/Heavy-Duty-Glass-Cleaner-540g-19oz.jpg\" \/>\n\t<meta property=\"og:image:width\" content=\"1525\" \/>\n\t<meta property=\"og:image:height\" content=\"1525\" \/>\n\t<meta property=\"og:image:type\" content=\"image\/jpeg\" \/>\n<meta name=\"twitter:card\" content=\"summary_large_image\" \/>\n<script type=\"application\/ld+json\" class=\"yoast-schema-graph\">{\"@context\":\"https:\\\/\\\/schema.org\",\"@graph\":[{\"@type\":\"WebPage\",\"@id\":\"https:\\\/\\\/gliptoneeurope.com\\\/de\\\/produkt\\\/hochleistungs-glasreiniger\\\/\",\"url\":\"https:\\\/\\\/gliptoneeurope.com\\\/de\\\/produkt\\\/hochleistungs-glasreiniger\\\/\",\"name\":\"Hochleistungs-Glasreiniger - Gliptone Europe\",\"isPartOf\":{\"@id\":\"https:\\\/\\\/gliptoneeurope.com\\\/#website\"},\"primaryImageOfPage\":{\"@id\":\"https:\\\/\\\/gliptoneeurope.com\\\/de\\\/produkt\\\/hochleistungs-glasreiniger\\\/#primaryimage\"},\"image\":{\"@id\":\"https:\\\/\\\/gliptoneeurope.com\\\/de\\\/produkt\\\/hochleistungs-glasreiniger\\\/#primaryimage\"},\"thumbnailUrl\":\"https:\\\/\\\/gliptoneeurope.com\\\/wp-content\\\/uploads\\\/Heavy-Duty-Glass-Cleaner-540g-19oz.jpg\",\"datePublished\":\"2021-11-30T11:44:06+00:00\",\"description\":\"Heavy-Duty Glass Cleaner enth\u00e4lt einen Boost an Reinigungsmitteln und Schaumwirkung, um Insekten, Baumsaft, Stra\u00dfenfilm und Nikotinablagerungen effektiv zu entfernen.\",\"breadcrumb\":{\"@id\":\"https:\\\/\\\/gliptoneeurope.com\\\/de\\\/produkt\\\/hochleistungs-glasreiniger\\\/#breadcrumb\"},\"inLanguage\":\"de\",\"potentialAction\":[{\"@type\":\"ReadAction\",\"target\":[\"https:\\\/\\\/gliptoneeurope.com\\\/de\\\/produkt\\\/hochleistungs-glasreiniger\\\/\"]}]},{\"@type\":\"ImageObject\",\"inLanguage\":\"de\",\"@id\":\"https:\\\/\\\/gliptoneeurope.com\\\/de\\\/produkt\\\/hochleistungs-glasreiniger\\\/#primaryimage\",\"url\":\"https:\\\/\\\/gliptoneeurope.com\\\/wp-content\\\/uploads\\\/Heavy-Duty-Glass-Cleaner-540g-19oz.jpg\",\"contentUrl\":\"https:\\\/\\\/gliptoneeurope.com\\\/wp-content\\\/uploads\\\/Heavy-Duty-Glass-Cleaner-540g-19oz.jpg\",\"width\":1525,\"height\":1525},{\"@type\":\"BreadcrumbList\",\"@id\":\"https:\\\/\\\/gliptoneeurope.com\\\/de\\\/produkt\\\/hochleistungs-glasreiniger\\\/#breadcrumb\",\"itemListElement\":[{\"@type\":\"ListItem\",\"position\":1,\"name\":\"Home\",\"item\":\"https:\\\/\\\/gliptoneeurope.com\\\/\"},{\"@type\":\"ListItem\",\"position\":2,\"name\":\"Shop\",\"item\":\"https:\\\/\\\/gliptoneeurope.com\\\/de\\\/shop-2\\\/\"},{\"@type\":\"ListItem\",\"position\":3,\"name\":\"Hochleistungs-Glasreiniger\"}]},{\"@type\":\"WebSite\",\"@id\":\"https:\\\/\\\/gliptoneeurope.com\\\/#website\",\"url\":\"https:\\\/\\\/gliptoneeurope.com\\\/\",\"name\":\"Gliptone Europe\",\"description\":\"Professional Car Detailing Products\",\"publisher\":{\"@id\":\"https:\\\/\\\/gliptoneeurope.com\\\/#organization\"},\"potentialAction\":[{\"@type\":\"SearchAction\",\"target\":{\"@type\":\"EntryPoint\",\"urlTemplate\":\"https:\\\/\\\/gliptoneeurope.com\\\/?s={search_term_string}\"},\"query-input\":{\"@type\":\"PropertyValueSpecification\",\"valueRequired\":true,\"valueName\":\"search_term_string\"}}],\"inLanguage\":\"de\"},{\"@type\":\"Organization\",\"@id\":\"https:\\\/\\\/gliptoneeurope.com\\\/#organization\",\"name\":\"Gliptone Europe\",\"url\":\"https:\\\/\\\/gliptoneeurope.com\\\/\",\"logo\":{\"@type\":\"ImageObject\",\"inLanguage\":\"de\",\"@id\":\"https:\\\/\\\/gliptoneeurope.com\\\/#\\\/schema\\\/logo\\\/image\\\/\",\"url\":\"https:\\\/\\\/gliptoneeurope.com\\\/wp-content\\\/uploads\\\/Gliptone_Logo.png\",\"contentUrl\":\"https:\\\/\\\/gliptoneeurope.com\\\/wp-content\\\/uploads\\\/Gliptone_Logo.png\",\"width\":1472,\"height\":607,\"caption\":\"Gliptone Europe\"},\"image\":{\"@id\":\"https:\\\/\\\/gliptoneeurope.com\\\/#\\\/schema\\\/logo\\\/image\\\/\"},\"sameAs\":[\"https:\\\/\\\/www.facebook.com\\\/gliptoneeurope\\\/\",\"https:\\\/\\\/www.instagram.com\\\/gliptoneeurope\\\/\",\"https:\\\/\\\/www.pinterest.co.uk\\\/GliptoneEurope\\\/\"]}]}<\/script>\n<!-- \/ Yoast SEO Premium plugin. -->","yoast_head_json":{"title":"Hochleistungs-Glasreiniger - Gliptone Europe","description":"Heavy-Duty Glass Cleaner enth\u00e4lt einen Boost an Reinigungsmitteln und Schaumwirkung, um Insekten, Baumsaft, Stra\u00dfenfilm und Nikotinablagerungen effektiv zu entfernen.","robots":{"index":"index","follow":"follow","max-snippet":"max-snippet:-1","max-image-preview":"max-image-preview:large","max-video-preview":"max-video-preview:-1"},"canonical":"https:\/\/gliptoneeurope.com\/de\/produkt\/hochleistungs-glasreiniger\/","og_locale":"de_DE","og_type":"article","og_title":"Hochleistungs-Glasreiniger","og_description":"Unser Heavy Duty Glasreiniger enth\u00e4lt einen zus\u00e4tzlichen Schub an Reinigungsmitteln und eine erstklassige Schaumwirkung, um Insekten, Baumsaft,","og_url":"https:\/\/gliptoneeurope.com\/de\/produkt\/hochleistungs-glasreiniger\/","og_site_name":"Gliptone Europe","article_publisher":"https:\/\/www.facebook.com\/gliptoneeurope\/","og_image":[{"width":1525,"height":1525,"url":"https:\/\/gliptoneeurope.com\/wp-content\/uploads\/Heavy-Duty-Glass-Cleaner-540g-19oz.jpg","type":"image\/jpeg"}],"twitter_card":"summary_large_image","schema":{"@context":"https:\/\/schema.org","@graph":[{"@type":"WebPage","@id":"https:\/\/gliptoneeurope.com\/de\/produkt\/hochleistungs-glasreiniger\/","url":"https:\/\/gliptoneeurope.com\/de\/produkt\/hochleistungs-glasreiniger\/","name":"Hochleistungs-Glasreiniger - Gliptone Europe","isPartOf":{"@id":"https:\/\/gliptoneeurope.com\/#website"},"primaryImageOfPage":{"@id":"https:\/\/gliptoneeurope.com\/de\/produkt\/hochleistungs-glasreiniger\/#primaryimage"},"image":{"@id":"https:\/\/gliptoneeurope.com\/de\/produkt\/hochleistungs-glasreiniger\/#primaryimage"},"thumbnailUrl":"https:\/\/gliptoneeurope.com\/wp-content\/uploads\/Heavy-Duty-Glass-Cleaner-540g-19oz.jpg","datePublished":"2021-11-30T11:44:06+00:00","description":"Heavy-Duty Glass Cleaner enth\u00e4lt einen Boost an Reinigungsmitteln und Schaumwirkung, um Insekten, Baumsaft, Stra\u00dfenfilm und Nikotinablagerungen effektiv zu entfernen.","breadcrumb":{"@id":"https:\/\/gliptoneeurope.com\/de\/produkt\/hochleistungs-glasreiniger\/#breadcrumb"},"inLanguage":"de","potentialAction":[{"@type":"ReadAction","target":["https:\/\/gliptoneeurope.com\/de\/produkt\/hochleistungs-glasreiniger\/"]}]},{"@type":"ImageObject","inLanguage":"de","@id":"https:\/\/gliptoneeurope.com\/de\/produkt\/hochleistungs-glasreiniger\/#primaryimage","url":"https:\/\/gliptoneeurope.com\/wp-content\/uploads\/Heavy-Duty-Glass-Cleaner-540g-19oz.jpg","contentUrl":"https:\/\/gliptoneeurope.com\/wp-content\/uploads\/Heavy-Duty-Glass-Cleaner-540g-19oz.jpg","width":1525,"height":1525},{"@type":"BreadcrumbList","@id":"https:\/\/gliptoneeurope.com\/de\/produkt\/hochleistungs-glasreiniger\/#breadcrumb","itemListElement":[{"@type":"ListItem","position":1,"name":"Home","item":"https:\/\/gliptoneeurope.com\/"},{"@type":"ListItem","position":2,"name":"Shop","item":"https:\/\/gliptoneeurope.com\/de\/shop-2\/"},{"@type":"ListItem","position":3,"name":"Hochleistungs-Glasreiniger"}]},{"@type":"WebSite","@id":"https:\/\/gliptoneeurope.com\/#website","url":"https:\/\/gliptoneeurope.com\/","name":"Gliptone Europe","description":"Professional Car Detailing Products","publisher":{"@id":"https:\/\/gliptoneeurope.com\/#organization"},"potentialAction":[{"@type":"SearchAction","target":{"@type":"EntryPoint","urlTemplate":"https:\/\/gliptoneeurope.com\/?s={search_term_string}"},"query-input":{"@type":"PropertyValueSpecification","valueRequired":true,"valueName":"search_term_string"}}],"inLanguage":"de"},{"@type":"Organization","@id":"https:\/\/gliptoneeurope.com\/#organization","name":"Gliptone Europe","url":"https:\/\/gliptoneeurope.com\/","logo":{"@type":"ImageObject","inLanguage":"de","@id":"https:\/\/gliptoneeurope.com\/#\/schema\/logo\/image\/","url":"https:\/\/gliptoneeurope.com\/wp-content\/uploads\/Gliptone_Logo.png","contentUrl":"https:\/\/gliptoneeurope.com\/wp-content\/uploads\/Gliptone_Logo.png","width":1472,"height":607,"caption":"Gliptone Europe"},"image":{"@id":"https:\/\/gliptoneeurope.com\/#\/schema\/logo\/image\/"},"sameAs":["https:\/\/www.facebook.com\/gliptoneeurope\/","https:\/\/www.instagram.com\/gliptoneeurope\/","https:\/\/www.pinterest.co.uk\/GliptoneEurope\/"]}]}},"wcpa_form_fields":null,"_links":{"self":[{"href":"https:\/\/gliptoneeurope.com\/de\/wp-json\/wp\/v2\/product\/12023","targetHints":{"allow":["GET"]}}],"collection":[{"href":"https:\/\/gliptoneeurope.com\/de\/wp-json\/wp\/v2\/product"}],"about":[{"href":"https:\/\/gliptoneeurope.com\/de\/wp-json\/wp\/v2\/types\/product"}],"wp:featuredmedia":[{"embeddable":true,"href":"https:\/\/gliptoneeurope.com\/de\/wp-json\/wp\/v2\/media\/10677"}],"wp:attachment":[{"href":"https:\/\/gliptoneeurope.com\/de\/wp-json\/wp\/v2\/media?parent=12023"}],"wp:term":[{"taxonomy":"product_brand","embeddable":true,"href":"https:\/\/gliptoneeurope.com\/de\/wp-json\/wp\/v2\/product_brand?post=12023"},{"taxonomy":"product_cat","embeddable":true,"href":"https:\/\/gliptoneeurope.com\/de\/wp-json\/wp\/v2\/product_cat?post=12023"},{"taxonomy":"product_tag","embeddable":true,"href":"https:\/\/gliptoneeurope.com\/de\/wp-json\/wp\/v2\/product_tag?post=12023"}],"curies":[{"name":"wp","href":"https:\/\/api.w.org\/{rel}","templated":true}]}}