{"id":12022,"date":"2020-08-07T10:54:16","date_gmt":"2020-08-07T10:54:16","guid":{"rendered":"https:\/\/gliptoneeurope.com\/product\/gt17-wachs-pull-up-revivor\/"},"modified":"2021-11-30T11:44:06","modified_gmt":"2021-11-30T11:44:06","slug":"gt17-wax-pull-up-revivor-2","status":"publish","type":"product","link":"https:\/\/gliptoneeurope.com\/de\/produkt\/gt17-wax-pull-up-revivor-2\/","title":{"rendered":"GT17 Wachs Pull-Up Revivor"},"content":{"rendered":"<p>Wax Pull-Up Leder ist reines Anilinleder, das mit \u00d6len &amp; Wachsen impr\u00e4gniert ist, die es weich halten und vor dem Austrocknen sch\u00fctzen. Mit der Zeit nutzen sich diese Wachse ab, die Farbe wird verblassen und Kratzer werden st\u00e4rker. GT17 Wax Pull-Up Revivor f\u00fcllt die lebenswichtigen \u00d6le in reinem Anilinleder auf, blendet leichte Kratzer ein und verst\u00e4rkt die Farbe.<\/p>\n","protected":false},"excerpt":{"rendered":"<p>Wax Pull-Up Leder ist reines Anilinleder, das mit \u00d6len &amp; Wachsen impr\u00e4gniert ist, die es weich halten und vor dem Austrocknen sch\u00fctzen. Mit der Zeit nutzen sich diese Wachse ab, die Farbe wird verblassen und Kratzer werden st\u00e4rker. GT17 Wax Pull-Up Revivor f\u00fcllt die lebenswichtigen \u00d6le in reinem Anilinleder auf, blendet leichte Kratzer ein und [&hellip;]<\/p>\n","protected":false},"featured_media":10433,"template":"","meta":[],"product_brand":[],"product_cat":[91],"product_tag":[],"class_list":{"0":"post-12022","1":"product","2":"type-product","3":"status-publish","4":"has-post-thumbnail","6":"product_cat-leder","8":"first","9":"instock","10":"taxable","11":"shipping-taxable","12":"purchasable","13":"product-type-variable"},"yoast_head":"<!-- This site is optimized with the Yoast SEO Premium plugin v21.4 (Yoast SEO v27.4) - https:\/\/yoast.com\/product\/yoast-seo-premium-wordpress\/ -->\n<title>GT17 Wachs Pull-Up Revivor - Gliptone Europe<\/title>\n<meta name=\"description\" content=\"Wax Pull-Up Revivor f\u00fcllt die lebenswichtigen \u00d6le in reinem Anilinleder auf, blendet leichte Kratzer ein und verst\u00e4rkt die Farbe.\" \/>\n<meta name=\"robots\" content=\"index, follow, max-snippet:-1, max-image-preview:large, max-video-preview:-1\" \/>\n<link rel=\"canonical\" href=\"https:\/\/gliptoneeurope.com\/de\/produkt\/gt17-wax-pull-up-revivor-2\/\" \/>\n<meta property=\"og:locale\" content=\"de_DE\" \/>\n<meta property=\"og:type\" content=\"article\" \/>\n<meta property=\"og:title\" content=\"GT17 Wachs Pull-Up Revivor\" \/>\n<meta property=\"og:description\" content=\"Wax Pull-Up Leder ist reines Anilinleder, das mit \u00d6len &amp; Wachsen impr\u00e4gniert ist, die es weich halten und vor dem Austrocknen sch\u00fctzen. Mit der Zeit\" \/>\n<meta property=\"og:url\" content=\"https:\/\/gliptoneeurope.com\/de\/produkt\/gt17-wax-pull-up-revivor-2\/\" \/>\n<meta property=\"og:site_name\" content=\"Gliptone Europe\" \/>\n<meta property=\"article:publisher\" content=\"https:\/\/www.facebook.com\/gliptoneeurope\/\" \/>\n<meta property=\"article:modified_time\" content=\"2021-11-30T11:44:06+00:00\" \/>\n<meta property=\"og:image\" content=\"https:\/\/gliptoneeurope.com\/wp-content\/uploads\/GT17-Wax-Pull-Up-Revivor-1.jpg\" \/>\n\t<meta property=\"og:image:width\" content=\"1218\" \/>\n\t<meta property=\"og:image:height\" content=\"1218\" \/>\n\t<meta property=\"og:image:type\" content=\"image\/jpeg\" \/>\n<meta name=\"twitter:card\" content=\"summary_large_image\" \/>\n<script type=\"application\/ld+json\" class=\"yoast-schema-graph\">{\"@context\":\"https:\\\/\\\/schema.org\",\"@graph\":[{\"@type\":\"WebPage\",\"@id\":\"https:\\\/\\\/gliptoneeurope.com\\\/de\\\/produkt\\\/gt17-wax-pull-up-revivor-2\\\/\",\"url\":\"https:\\\/\\\/gliptoneeurope.com\\\/de\\\/produkt\\\/gt17-wax-pull-up-revivor-2\\\/\",\"name\":\"GT17 Wachs Pull-Up Revivor - Gliptone Europe\",\"isPartOf\":{\"@id\":\"https:\\\/\\\/gliptoneeurope.com\\\/#website\"},\"primaryImageOfPage\":{\"@id\":\"https:\\\/\\\/gliptoneeurope.com\\\/de\\\/produkt\\\/gt17-wax-pull-up-revivor-2\\\/#primaryimage\"},\"image\":{\"@id\":\"https:\\\/\\\/gliptoneeurope.com\\\/de\\\/produkt\\\/gt17-wax-pull-up-revivor-2\\\/#primaryimage\"},\"thumbnailUrl\":\"https:\\\/\\\/gliptoneeurope.com\\\/wp-content\\\/uploads\\\/GT17-Wax-Pull-Up-Revivor-1.jpg\",\"datePublished\":\"2020-08-07T10:54:16+00:00\",\"dateModified\":\"2021-11-30T11:44:06+00:00\",\"description\":\"Wax Pull-Up Revivor f\u00fcllt die lebenswichtigen \u00d6le in reinem Anilinleder auf, blendet leichte Kratzer ein und verst\u00e4rkt die Farbe.\",\"breadcrumb\":{\"@id\":\"https:\\\/\\\/gliptoneeurope.com\\\/de\\\/produkt\\\/gt17-wax-pull-up-revivor-2\\\/#breadcrumb\"},\"inLanguage\":\"de\",\"potentialAction\":[{\"@type\":\"ReadAction\",\"target\":[\"https:\\\/\\\/gliptoneeurope.com\\\/de\\\/produkt\\\/gt17-wax-pull-up-revivor-2\\\/\"]}]},{\"@type\":\"ImageObject\",\"inLanguage\":\"de\",\"@id\":\"https:\\\/\\\/gliptoneeurope.com\\\/de\\\/produkt\\\/gt17-wax-pull-up-revivor-2\\\/#primaryimage\",\"url\":\"https:\\\/\\\/gliptoneeurope.com\\\/wp-content\\\/uploads\\\/GT17-Wax-Pull-Up-Revivor-1.jpg\",\"contentUrl\":\"https:\\\/\\\/gliptoneeurope.com\\\/wp-content\\\/uploads\\\/GT17-Wax-Pull-Up-Revivor-1.jpg\",\"width\":1218,\"height\":1218},{\"@type\":\"BreadcrumbList\",\"@id\":\"https:\\\/\\\/gliptoneeurope.com\\\/de\\\/produkt\\\/gt17-wax-pull-up-revivor-2\\\/#breadcrumb\",\"itemListElement\":[{\"@type\":\"ListItem\",\"position\":1,\"name\":\"Home\",\"item\":\"https:\\\/\\\/gliptoneeurope.com\\\/\"},{\"@type\":\"ListItem\",\"position\":2,\"name\":\"Shop\",\"item\":\"https:\\\/\\\/gliptoneeurope.com\\\/de\\\/shop-2\\\/\"},{\"@type\":\"ListItem\",\"position\":3,\"name\":\"GT17 Wachs Pull-Up Revivor\"}]},{\"@type\":\"WebSite\",\"@id\":\"https:\\\/\\\/gliptoneeurope.com\\\/#website\",\"url\":\"https:\\\/\\\/gliptoneeurope.com\\\/\",\"name\":\"Gliptone Europe\",\"description\":\"Professional Car Detailing Products\",\"publisher\":{\"@id\":\"https:\\\/\\\/gliptoneeurope.com\\\/#organization\"},\"potentialAction\":[{\"@type\":\"SearchAction\",\"target\":{\"@type\":\"EntryPoint\",\"urlTemplate\":\"https:\\\/\\\/gliptoneeurope.com\\\/?s={search_term_string}\"},\"query-input\":{\"@type\":\"PropertyValueSpecification\",\"valueRequired\":true,\"valueName\":\"search_term_string\"}}],\"inLanguage\":\"de\"},{\"@type\":\"Organization\",\"@id\":\"https:\\\/\\\/gliptoneeurope.com\\\/#organization\",\"name\":\"Gliptone Europe\",\"url\":\"https:\\\/\\\/gliptoneeurope.com\\\/\",\"logo\":{\"@type\":\"ImageObject\",\"inLanguage\":\"de\",\"@id\":\"https:\\\/\\\/gliptoneeurope.com\\\/#\\\/schema\\\/logo\\\/image\\\/\",\"url\":\"https:\\\/\\\/gliptoneeurope.com\\\/wp-content\\\/uploads\\\/Gliptone_Logo.png\",\"contentUrl\":\"https:\\\/\\\/gliptoneeurope.com\\\/wp-content\\\/uploads\\\/Gliptone_Logo.png\",\"width\":1472,\"height\":607,\"caption\":\"Gliptone Europe\"},\"image\":{\"@id\":\"https:\\\/\\\/gliptoneeurope.com\\\/#\\\/schema\\\/logo\\\/image\\\/\"},\"sameAs\":[\"https:\\\/\\\/www.facebook.com\\\/gliptoneeurope\\\/\",\"https:\\\/\\\/www.instagram.com\\\/gliptoneeurope\\\/\",\"https:\\\/\\\/www.pinterest.co.uk\\\/GliptoneEurope\\\/\"]}]}<\/script>\n<!-- \/ Yoast SEO Premium plugin. -->","yoast_head_json":{"title":"GT17 Wachs Pull-Up Revivor - Gliptone Europe","description":"Wax Pull-Up Revivor f\u00fcllt die lebenswichtigen \u00d6le in reinem Anilinleder auf, blendet leichte Kratzer ein und verst\u00e4rkt die Farbe.","robots":{"index":"index","follow":"follow","max-snippet":"max-snippet:-1","max-image-preview":"max-image-preview:large","max-video-preview":"max-video-preview:-1"},"canonical":"https:\/\/gliptoneeurope.com\/de\/produkt\/gt17-wax-pull-up-revivor-2\/","og_locale":"de_DE","og_type":"article","og_title":"GT17 Wachs Pull-Up Revivor","og_description":"Wax Pull-Up Leder ist reines Anilinleder, das mit \u00d6len &amp; Wachsen impr\u00e4gniert ist, die es weich halten und vor dem Austrocknen sch\u00fctzen. Mit der Zeit","og_url":"https:\/\/gliptoneeurope.com\/de\/produkt\/gt17-wax-pull-up-revivor-2\/","og_site_name":"Gliptone Europe","article_publisher":"https:\/\/www.facebook.com\/gliptoneeurope\/","article_modified_time":"2021-11-30T11:44:06+00:00","og_image":[{"width":1218,"height":1218,"url":"https:\/\/gliptoneeurope.com\/wp-content\/uploads\/GT17-Wax-Pull-Up-Revivor-1.jpg","type":"image\/jpeg"}],"twitter_card":"summary_large_image","schema":{"@context":"https:\/\/schema.org","@graph":[{"@type":"WebPage","@id":"https:\/\/gliptoneeurope.com\/de\/produkt\/gt17-wax-pull-up-revivor-2\/","url":"https:\/\/gliptoneeurope.com\/de\/produkt\/gt17-wax-pull-up-revivor-2\/","name":"GT17 Wachs Pull-Up Revivor - Gliptone Europe","isPartOf":{"@id":"https:\/\/gliptoneeurope.com\/#website"},"primaryImageOfPage":{"@id":"https:\/\/gliptoneeurope.com\/de\/produkt\/gt17-wax-pull-up-revivor-2\/#primaryimage"},"image":{"@id":"https:\/\/gliptoneeurope.com\/de\/produkt\/gt17-wax-pull-up-revivor-2\/#primaryimage"},"thumbnailUrl":"https:\/\/gliptoneeurope.com\/wp-content\/uploads\/GT17-Wax-Pull-Up-Revivor-1.jpg","datePublished":"2020-08-07T10:54:16+00:00","dateModified":"2021-11-30T11:44:06+00:00","description":"Wax Pull-Up Revivor f\u00fcllt die lebenswichtigen \u00d6le in reinem Anilinleder auf, blendet leichte Kratzer ein und verst\u00e4rkt die Farbe.","breadcrumb":{"@id":"https:\/\/gliptoneeurope.com\/de\/produkt\/gt17-wax-pull-up-revivor-2\/#breadcrumb"},"inLanguage":"de","potentialAction":[{"@type":"ReadAction","target":["https:\/\/gliptoneeurope.com\/de\/produkt\/gt17-wax-pull-up-revivor-2\/"]}]},{"@type":"ImageObject","inLanguage":"de","@id":"https:\/\/gliptoneeurope.com\/de\/produkt\/gt17-wax-pull-up-revivor-2\/#primaryimage","url":"https:\/\/gliptoneeurope.com\/wp-content\/uploads\/GT17-Wax-Pull-Up-Revivor-1.jpg","contentUrl":"https:\/\/gliptoneeurope.com\/wp-content\/uploads\/GT17-Wax-Pull-Up-Revivor-1.jpg","width":1218,"height":1218},{"@type":"BreadcrumbList","@id":"https:\/\/gliptoneeurope.com\/de\/produkt\/gt17-wax-pull-up-revivor-2\/#breadcrumb","itemListElement":[{"@type":"ListItem","position":1,"name":"Home","item":"https:\/\/gliptoneeurope.com\/"},{"@type":"ListItem","position":2,"name":"Shop","item":"https:\/\/gliptoneeurope.com\/de\/shop-2\/"},{"@type":"ListItem","position":3,"name":"GT17 Wachs Pull-Up Revivor"}]},{"@type":"WebSite","@id":"https:\/\/gliptoneeurope.com\/#website","url":"https:\/\/gliptoneeurope.com\/","name":"Gliptone Europe","description":"Professional Car Detailing Products","publisher":{"@id":"https:\/\/gliptoneeurope.com\/#organization"},"potentialAction":[{"@type":"SearchAction","target":{"@type":"EntryPoint","urlTemplate":"https:\/\/gliptoneeurope.com\/?s={search_term_string}"},"query-input":{"@type":"PropertyValueSpecification","valueRequired":true,"valueName":"search_term_string"}}],"inLanguage":"de"},{"@type":"Organization","@id":"https:\/\/gliptoneeurope.com\/#organization","name":"Gliptone Europe","url":"https:\/\/gliptoneeurope.com\/","logo":{"@type":"ImageObject","inLanguage":"de","@id":"https:\/\/gliptoneeurope.com\/#\/schema\/logo\/image\/","url":"https:\/\/gliptoneeurope.com\/wp-content\/uploads\/Gliptone_Logo.png","contentUrl":"https:\/\/gliptoneeurope.com\/wp-content\/uploads\/Gliptone_Logo.png","width":1472,"height":607,"caption":"Gliptone Europe"},"image":{"@id":"https:\/\/gliptoneeurope.com\/#\/schema\/logo\/image\/"},"sameAs":["https:\/\/www.facebook.com\/gliptoneeurope\/","https:\/\/www.instagram.com\/gliptoneeurope\/","https:\/\/www.pinterest.co.uk\/GliptoneEurope\/"]}]}},"wcpa_form_fields":null,"_links":{"self":[{"href":"https:\/\/gliptoneeurope.com\/de\/wp-json\/wp\/v2\/product\/12022","targetHints":{"allow":["GET"]}}],"collection":[{"href":"https:\/\/gliptoneeurope.com\/de\/wp-json\/wp\/v2\/product"}],"about":[{"href":"https:\/\/gliptoneeurope.com\/de\/wp-json\/wp\/v2\/types\/product"}],"wp:featuredmedia":[{"embeddable":true,"href":"https:\/\/gliptoneeurope.com\/de\/wp-json\/wp\/v2\/media\/10433"}],"wp:attachment":[{"href":"https:\/\/gliptoneeurope.com\/de\/wp-json\/wp\/v2\/media?parent=12022"}],"wp:term":[{"taxonomy":"product_brand","embeddable":true,"href":"https:\/\/gliptoneeurope.com\/de\/wp-json\/wp\/v2\/product_brand?post=12022"},{"taxonomy":"product_cat","embeddable":true,"href":"https:\/\/gliptoneeurope.com\/de\/wp-json\/wp\/v2\/product_cat?post=12022"},{"taxonomy":"product_tag","embeddable":true,"href":"https:\/\/gliptoneeurope.com\/de\/wp-json\/wp\/v2\/product_tag?post=12022"}],"curies":[{"name":"wp","href":"https:\/\/api.w.org\/{rel}","templated":true}]}}