{"id":12006,"date":"2020-04-08T10:29:19","date_gmt":"2021-11-30T11:44:02","guid":{"rendered":"https:\/\/gliptoneeurope.com\/product\/shineola-max-entlueftungsmagie\/"},"modified":"2021-11-30T11:44:02","modified_gmt":"2021-11-30T11:44:02","slug":"shineola-max-vent-magic-premium-detail-spray-shine-2","status":"publish","type":"product","link":"https:\/\/gliptoneeurope.com\/de\/produkt\/shineola-max-vent-magic-premium-detail-spray-shine-2\/","title":{"rendered":"Shineola\u00ae Max &#8211; \u201eEntl\u00fcftungsmagie\u201c"},"content":{"rendered":"<p>Shineola\u00ae Max &#8211; \u201eVent Magic\u201c Premium Detailspray Glanz<\/p>\n<p>Shineola\u00ae Max bietet dem Anwender hervorragende Pflegeeigenschaften und eine einfache Anwendung. Dieses schnell trocknende Spray erzeugt einen feinen Nebel, der schwer zug\u00e4ngliche Bereiche wie L\u00fcftungsschlitze und strukturierte Oberfl\u00e4chen bedeckt. Es ist kein Wischen erforderlich.<\/p>\n<p>Dieses Produkt finden Sie in unserem <a href=\"https:\/\/gliptoneeurope.com\/product\/car-interior-cleaning-kit\/\">Car Interior Detailing Kit<\/a> , das alle Detailing-Produkte enth\u00e4lt, die Ihnen bei der Reinigung Ihres Autoinnenraums helfen.<\/p>\n<p>14 Unzen.<\/p>\n","protected":false},"excerpt":{"rendered":"<p>Shineola\u00ae Max &#8211; \u201eVent Magic\u201c Premium Detailspray Glanz Shineola\u00ae Max bietet dem Anwender hervorragende Pflegeeigenschaften und eine einfache Anwendung. Dieses schnell trocknende Spray erzeugt einen feinen Nebel, der schwer zug\u00e4ngliche Bereiche wie L\u00fcftungsschlitze und strukturierte Oberfl\u00e4chen bedeckt. Es ist kein Wischen erforderlich. Dieses Produkt finden Sie in unserem Car Interior Detailing Kit , das alle [&hellip;]<\/p>\n","protected":false},"featured_media":10727,"template":"","meta":[],"product_brand":[],"product_cat":[129],"product_tag":[],"class_list":{"0":"post-12006","1":"product","2":"type-product","3":"status-publish","4":"has-post-thumbnail","6":"product_cat-innere","8":"first","9":"instock","10":"taxable","11":"shipping-taxable","12":"purchasable","13":"product-type-simple"},"yoast_head":"<!-- This site is optimized with the Yoast SEO Premium plugin v21.4 (Yoast SEO v27.5) - https:\/\/yoast.com\/product\/yoast-seo-premium-wordpress\/ -->\n<title>Shineola\u00ae Max - \u201eEntl\u00fcftungsmagie\u201c - Gliptone Europe<\/title>\n<meta name=\"description\" content=\"Shineola Max ist ein schnell trocknendes Spray, das einen feinen Nebel erzeugt, der Bel\u00fcftungs\u00f6ffnungen und strukturierte Oberfl\u00e4chen bedeckt und reinigt.\" \/>\n<meta name=\"robots\" content=\"index, follow, max-snippet:-1, max-image-preview:large, max-video-preview:-1\" \/>\n<link rel=\"canonical\" href=\"https:\/\/gliptoneeurope.com\/de\/produkt\/shineola-max-vent-magic-premium-detail-spray-shine-2\/\" \/>\n<meta property=\"og:locale\" content=\"de_DE\" \/>\n<meta property=\"og:type\" content=\"article\" \/>\n<meta property=\"og:title\" content=\"Shineola\u00ae Max - \u201eEntl\u00fcftungsmagie\u201c\" \/>\n<meta property=\"og:description\" content=\"Shineola\u00ae Max - \u201eVent Magic\u201c Premium Detailspray Glanz Shineola\u00ae Max bietet dem Anwender hervorragende Pflegeeigenschaften und eine einfache Anwendung.\" \/>\n<meta property=\"og:url\" content=\"https:\/\/gliptoneeurope.com\/de\/produkt\/shineola-max-vent-magic-premium-detail-spray-shine-2\/\" \/>\n<meta property=\"og:site_name\" content=\"Gliptone Europe\" \/>\n<meta property=\"article:publisher\" content=\"https:\/\/www.facebook.com\/gliptoneeurope\/\" \/>\n<meta property=\"og:image\" content=\"https:\/\/gliptoneeurope.com\/wp-content\/uploads\/Shineola-Vent-Magic-400g-14oz.jpg\" \/>\n\t<meta property=\"og:image:width\" content=\"1527\" \/>\n\t<meta property=\"og:image:height\" content=\"1527\" \/>\n\t<meta property=\"og:image:type\" content=\"image\/jpeg\" \/>\n<meta name=\"twitter:card\" content=\"summary_large_image\" \/>\n<script type=\"application\/ld+json\" class=\"yoast-schema-graph\">{\"@context\":\"https:\\\/\\\/schema.org\",\"@graph\":[{\"@type\":\"WebPage\",\"@id\":\"https:\\\/\\\/gliptoneeurope.com\\\/de\\\/produkt\\\/shineola-max-vent-magic-premium-detail-spray-shine-2\\\/\",\"url\":\"https:\\\/\\\/gliptoneeurope.com\\\/de\\\/produkt\\\/shineola-max-vent-magic-premium-detail-spray-shine-2\\\/\",\"name\":\"Shineola\u00ae Max - \u201eEntl\u00fcftungsmagie\u201c - Gliptone Europe\",\"isPartOf\":{\"@id\":\"https:\\\/\\\/gliptoneeurope.com\\\/#website\"},\"primaryImageOfPage\":{\"@id\":\"https:\\\/\\\/gliptoneeurope.com\\\/de\\\/produkt\\\/shineola-max-vent-magic-premium-detail-spray-shine-2\\\/#primaryimage\"},\"image\":{\"@id\":\"https:\\\/\\\/gliptoneeurope.com\\\/de\\\/produkt\\\/shineola-max-vent-magic-premium-detail-spray-shine-2\\\/#primaryimage\"},\"thumbnailUrl\":\"https:\\\/\\\/gliptoneeurope.com\\\/wp-content\\\/uploads\\\/Shineola-Vent-Magic-400g-14oz.jpg\",\"datePublished\":\"2021-11-30T11:44:02+00:00\",\"description\":\"Shineola Max ist ein schnell trocknendes Spray, das einen feinen Nebel erzeugt, der Bel\u00fcftungs\u00f6ffnungen und strukturierte Oberfl\u00e4chen bedeckt und reinigt.\",\"breadcrumb\":{\"@id\":\"https:\\\/\\\/gliptoneeurope.com\\\/de\\\/produkt\\\/shineola-max-vent-magic-premium-detail-spray-shine-2\\\/#breadcrumb\"},\"inLanguage\":\"de\",\"potentialAction\":[{\"@type\":\"ReadAction\",\"target\":[\"https:\\\/\\\/gliptoneeurope.com\\\/de\\\/produkt\\\/shineola-max-vent-magic-premium-detail-spray-shine-2\\\/\"]}]},{\"@type\":\"ImageObject\",\"inLanguage\":\"de\",\"@id\":\"https:\\\/\\\/gliptoneeurope.com\\\/de\\\/produkt\\\/shineola-max-vent-magic-premium-detail-spray-shine-2\\\/#primaryimage\",\"url\":\"https:\\\/\\\/gliptoneeurope.com\\\/wp-content\\\/uploads\\\/Shineola-Vent-Magic-400g-14oz.jpg\",\"contentUrl\":\"https:\\\/\\\/gliptoneeurope.com\\\/wp-content\\\/uploads\\\/Shineola-Vent-Magic-400g-14oz.jpg\",\"width\":1527,\"height\":1527},{\"@type\":\"BreadcrumbList\",\"@id\":\"https:\\\/\\\/gliptoneeurope.com\\\/de\\\/produkt\\\/shineola-max-vent-magic-premium-detail-spray-shine-2\\\/#breadcrumb\",\"itemListElement\":[{\"@type\":\"ListItem\",\"position\":1,\"name\":\"Home\",\"item\":\"https:\\\/\\\/gliptoneeurope.com\\\/\"},{\"@type\":\"ListItem\",\"position\":2,\"name\":\"Shop\",\"item\":\"https:\\\/\\\/gliptoneeurope.com\\\/de\\\/shop-2\\\/\"},{\"@type\":\"ListItem\",\"position\":3,\"name\":\"Shineola\u00ae Max &#8211; \u201eEntl\u00fcftungsmagie\u201c\"}]},{\"@type\":\"WebSite\",\"@id\":\"https:\\\/\\\/gliptoneeurope.com\\\/#website\",\"url\":\"https:\\\/\\\/gliptoneeurope.com\\\/\",\"name\":\"Gliptone Europe\",\"description\":\"Professional Car Detailing Products\",\"publisher\":{\"@id\":\"https:\\\/\\\/gliptoneeurope.com\\\/#organization\"},\"potentialAction\":[{\"@type\":\"SearchAction\",\"target\":{\"@type\":\"EntryPoint\",\"urlTemplate\":\"https:\\\/\\\/gliptoneeurope.com\\\/?s={search_term_string}\"},\"query-input\":{\"@type\":\"PropertyValueSpecification\",\"valueRequired\":true,\"valueName\":\"search_term_string\"}}],\"inLanguage\":\"de\"},{\"@type\":\"Organization\",\"@id\":\"https:\\\/\\\/gliptoneeurope.com\\\/#organization\",\"name\":\"Gliptone Europe\",\"url\":\"https:\\\/\\\/gliptoneeurope.com\\\/\",\"logo\":{\"@type\":\"ImageObject\",\"inLanguage\":\"de\",\"@id\":\"https:\\\/\\\/gliptoneeurope.com\\\/#\\\/schema\\\/logo\\\/image\\\/\",\"url\":\"https:\\\/\\\/gliptoneeurope.com\\\/wp-content\\\/uploads\\\/Gliptone_Logo.png\",\"contentUrl\":\"https:\\\/\\\/gliptoneeurope.com\\\/wp-content\\\/uploads\\\/Gliptone_Logo.png\",\"width\":1472,\"height\":607,\"caption\":\"Gliptone Europe\"},\"image\":{\"@id\":\"https:\\\/\\\/gliptoneeurope.com\\\/#\\\/schema\\\/logo\\\/image\\\/\"},\"sameAs\":[\"https:\\\/\\\/www.facebook.com\\\/gliptoneeurope\\\/\",\"https:\\\/\\\/www.instagram.com\\\/gliptoneeurope\\\/\",\"https:\\\/\\\/www.pinterest.co.uk\\\/GliptoneEurope\\\/\"]}]}<\/script>\n<!-- \/ Yoast SEO Premium plugin. -->","yoast_head_json":{"title":"Shineola\u00ae Max - \u201eEntl\u00fcftungsmagie\u201c - Gliptone Europe","description":"Shineola Max ist ein schnell trocknendes Spray, das einen feinen Nebel erzeugt, der Bel\u00fcftungs\u00f6ffnungen und strukturierte Oberfl\u00e4chen bedeckt und reinigt.","robots":{"index":"index","follow":"follow","max-snippet":"max-snippet:-1","max-image-preview":"max-image-preview:large","max-video-preview":"max-video-preview:-1"},"canonical":"https:\/\/gliptoneeurope.com\/de\/produkt\/shineola-max-vent-magic-premium-detail-spray-shine-2\/","og_locale":"de_DE","og_type":"article","og_title":"Shineola\u00ae Max - \u201eEntl\u00fcftungsmagie\u201c","og_description":"Shineola\u00ae Max - \u201eVent Magic\u201c Premium Detailspray Glanz Shineola\u00ae Max bietet dem Anwender hervorragende Pflegeeigenschaften und eine einfache Anwendung.","og_url":"https:\/\/gliptoneeurope.com\/de\/produkt\/shineola-max-vent-magic-premium-detail-spray-shine-2\/","og_site_name":"Gliptone Europe","article_publisher":"https:\/\/www.facebook.com\/gliptoneeurope\/","og_image":[{"width":1527,"height":1527,"url":"https:\/\/gliptoneeurope.com\/wp-content\/uploads\/Shineola-Vent-Magic-400g-14oz.jpg","type":"image\/jpeg"}],"twitter_card":"summary_large_image","schema":{"@context":"https:\/\/schema.org","@graph":[{"@type":"WebPage","@id":"https:\/\/gliptoneeurope.com\/de\/produkt\/shineola-max-vent-magic-premium-detail-spray-shine-2\/","url":"https:\/\/gliptoneeurope.com\/de\/produkt\/shineola-max-vent-magic-premium-detail-spray-shine-2\/","name":"Shineola\u00ae Max - \u201eEntl\u00fcftungsmagie\u201c - Gliptone Europe","isPartOf":{"@id":"https:\/\/gliptoneeurope.com\/#website"},"primaryImageOfPage":{"@id":"https:\/\/gliptoneeurope.com\/de\/produkt\/shineola-max-vent-magic-premium-detail-spray-shine-2\/#primaryimage"},"image":{"@id":"https:\/\/gliptoneeurope.com\/de\/produkt\/shineola-max-vent-magic-premium-detail-spray-shine-2\/#primaryimage"},"thumbnailUrl":"https:\/\/gliptoneeurope.com\/wp-content\/uploads\/Shineola-Vent-Magic-400g-14oz.jpg","datePublished":"2021-11-30T11:44:02+00:00","description":"Shineola Max ist ein schnell trocknendes Spray, das einen feinen Nebel erzeugt, der Bel\u00fcftungs\u00f6ffnungen und strukturierte Oberfl\u00e4chen bedeckt und reinigt.","breadcrumb":{"@id":"https:\/\/gliptoneeurope.com\/de\/produkt\/shineola-max-vent-magic-premium-detail-spray-shine-2\/#breadcrumb"},"inLanguage":"de","potentialAction":[{"@type":"ReadAction","target":["https:\/\/gliptoneeurope.com\/de\/produkt\/shineola-max-vent-magic-premium-detail-spray-shine-2\/"]}]},{"@type":"ImageObject","inLanguage":"de","@id":"https:\/\/gliptoneeurope.com\/de\/produkt\/shineola-max-vent-magic-premium-detail-spray-shine-2\/#primaryimage","url":"https:\/\/gliptoneeurope.com\/wp-content\/uploads\/Shineola-Vent-Magic-400g-14oz.jpg","contentUrl":"https:\/\/gliptoneeurope.com\/wp-content\/uploads\/Shineola-Vent-Magic-400g-14oz.jpg","width":1527,"height":1527},{"@type":"BreadcrumbList","@id":"https:\/\/gliptoneeurope.com\/de\/produkt\/shineola-max-vent-magic-premium-detail-spray-shine-2\/#breadcrumb","itemListElement":[{"@type":"ListItem","position":1,"name":"Home","item":"https:\/\/gliptoneeurope.com\/"},{"@type":"ListItem","position":2,"name":"Shop","item":"https:\/\/gliptoneeurope.com\/de\/shop-2\/"},{"@type":"ListItem","position":3,"name":"Shineola\u00ae Max &#8211; \u201eEntl\u00fcftungsmagie\u201c"}]},{"@type":"WebSite","@id":"https:\/\/gliptoneeurope.com\/#website","url":"https:\/\/gliptoneeurope.com\/","name":"Gliptone Europe","description":"Professional Car Detailing Products","publisher":{"@id":"https:\/\/gliptoneeurope.com\/#organization"},"potentialAction":[{"@type":"SearchAction","target":{"@type":"EntryPoint","urlTemplate":"https:\/\/gliptoneeurope.com\/?s={search_term_string}"},"query-input":{"@type":"PropertyValueSpecification","valueRequired":true,"valueName":"search_term_string"}}],"inLanguage":"de"},{"@type":"Organization","@id":"https:\/\/gliptoneeurope.com\/#organization","name":"Gliptone Europe","url":"https:\/\/gliptoneeurope.com\/","logo":{"@type":"ImageObject","inLanguage":"de","@id":"https:\/\/gliptoneeurope.com\/#\/schema\/logo\/image\/","url":"https:\/\/gliptoneeurope.com\/wp-content\/uploads\/Gliptone_Logo.png","contentUrl":"https:\/\/gliptoneeurope.com\/wp-content\/uploads\/Gliptone_Logo.png","width":1472,"height":607,"caption":"Gliptone Europe"},"image":{"@id":"https:\/\/gliptoneeurope.com\/#\/schema\/logo\/image\/"},"sameAs":["https:\/\/www.facebook.com\/gliptoneeurope\/","https:\/\/www.instagram.com\/gliptoneeurope\/","https:\/\/www.pinterest.co.uk\/GliptoneEurope\/"]}]}},"wcpa_form_fields":null,"_links":{"self":[{"href":"https:\/\/gliptoneeurope.com\/de\/wp-json\/wp\/v2\/product\/12006","targetHints":{"allow":["GET"]}}],"collection":[{"href":"https:\/\/gliptoneeurope.com\/de\/wp-json\/wp\/v2\/product"}],"about":[{"href":"https:\/\/gliptoneeurope.com\/de\/wp-json\/wp\/v2\/types\/product"}],"wp:featuredmedia":[{"embeddable":true,"href":"https:\/\/gliptoneeurope.com\/de\/wp-json\/wp\/v2\/media\/10727"}],"wp:attachment":[{"href":"https:\/\/gliptoneeurope.com\/de\/wp-json\/wp\/v2\/media?parent=12006"}],"wp:term":[{"taxonomy":"product_brand","embeddable":true,"href":"https:\/\/gliptoneeurope.com\/de\/wp-json\/wp\/v2\/product_brand?post=12006"},{"taxonomy":"product_cat","embeddable":true,"href":"https:\/\/gliptoneeurope.com\/de\/wp-json\/wp\/v2\/product_cat?post=12006"},{"taxonomy":"product_tag","embeddable":true,"href":"https:\/\/gliptoneeurope.com\/de\/wp-json\/wp\/v2\/product_tag?post=12006"}],"curies":[{"name":"wp","href":"https:\/\/api.w.org\/{rel}","templated":true}]}}