{"id":11889,"date":"2020-08-07T11:41:38","date_gmt":"2021-11-30T11:42:22","guid":{"rendered":"https:\/\/gliptoneeurope.com\/product\/lederversiegelungslack\/"},"modified":"2021-11-30T11:42:22","modified_gmt":"2021-11-30T11:42:22","slug":"leder-versiegelung-lack","status":"publish","type":"product","link":"https:\/\/gliptoneeurope.com\/de\/produkt\/leder-versiegelung-lack\/","title":{"rendered":"Lederversiegelungslack"},"content":{"rendered":"<p>Bei vielen Auto- und M\u00f6belledern wird in der Gerberei eine sch\u00fctzende Versiegelung aufgetragen, die sich mit der Zeit abnutzen, abbl\u00e4ttern und abbl\u00e4ttern kann. Die Versiegelung kann einfach mit unseren Lederversiegelungs-Aerosolen wieder aufgetragen werden &#8211; erh\u00e4ltlich in Deep Matt, Matt, Satin, Gloss und High Gloss.<\/p>\n<p>Diese k\u00f6nnen auch jede Reparatur zus\u00e4tzlich sch\u00fctzen und ein gew\u00fcnschtes Farbfinish nachbilden.<\/p>\n","protected":false},"excerpt":{"rendered":"<p>Bei vielen Auto- und M\u00f6belledern wird in der Gerberei eine sch\u00fctzende Versiegelung aufgetragen, die sich mit der Zeit abnutzen, abbl\u00e4ttern und abbl\u00e4ttern kann. Die Versiegelung kann einfach mit unseren Lederversiegelungs-Aerosolen wieder aufgetragen werden &#8211; erh\u00e4ltlich in Deep Matt, Matt, Satin, Gloss und High Gloss. Diese k\u00f6nnen auch jede Reparatur zus\u00e4tzlich sch\u00fctzen und ein gew\u00fcnschtes Farbfinish [&hellip;]<\/p>\n","protected":false},"featured_media":10463,"template":"","meta":[],"product_brand":[],"product_cat":[91],"product_tag":[],"class_list":{"0":"post-11889","1":"product","2":"type-product","3":"status-publish","4":"has-post-thumbnail","6":"product_cat-leder","8":"first","9":"instock","10":"taxable","11":"shipping-taxable","12":"purchasable","13":"product-type-variable"},"yoast_head":"<!-- This site is optimized with the Yoast SEO Premium plugin v21.4 (Yoast SEO v27.5) - https:\/\/yoast.com\/product\/yoast-seo-premium-wordpress\/ -->\n<title>Lederversiegelungslack - Gliptone Europe<\/title>\n<meta name=\"description\" content=\"Die in der Gerberei aufgetragene Schutzversiegelung kann abgenutzt sein, kann aber mit unseren Lederversiegelungs-Aerosolen leicht wieder aufgetragen werden.\" \/>\n<meta name=\"robots\" content=\"index, follow, max-snippet:-1, max-image-preview:large, max-video-preview:-1\" \/>\n<link rel=\"canonical\" href=\"https:\/\/gliptoneeurope.com\/de\/produkt\/leder-versiegelung-lack\/\" \/>\n<meta property=\"og:locale\" content=\"de_DE\" \/>\n<meta property=\"og:type\" content=\"article\" \/>\n<meta property=\"og:title\" content=\"Lederversiegelungslack\" \/>\n<meta property=\"og:description\" content=\"Bei vielen Auto- und M\u00f6belledern wird in der Gerberei eine sch\u00fctzende Versiegelung aufgetragen, die sich mit der Zeit abnutzen, abbl\u00e4ttern und abbl\u00e4ttern\" \/>\n<meta property=\"og:url\" content=\"https:\/\/gliptoneeurope.com\/de\/produkt\/leder-versiegelung-lack\/\" \/>\n<meta property=\"og:site_name\" content=\"Gliptone Europe\" \/>\n<meta property=\"article:publisher\" content=\"https:\/\/www.facebook.com\/gliptoneeurope\/\" \/>\n<meta property=\"og:image\" content=\"https:\/\/gliptoneeurope.com\/wp-content\/uploads\/Leather-Sealant-Lacquer.jpg\" \/>\n\t<meta property=\"og:image:width\" content=\"1661\" \/>\n\t<meta property=\"og:image:height\" content=\"1661\" \/>\n\t<meta property=\"og:image:type\" content=\"image\/jpeg\" \/>\n<meta name=\"twitter:card\" content=\"summary_large_image\" \/>\n<script type=\"application\/ld+json\" class=\"yoast-schema-graph\">{\"@context\":\"https:\\\/\\\/schema.org\",\"@graph\":[{\"@type\":\"WebPage\",\"@id\":\"https:\\\/\\\/gliptoneeurope.com\\\/de\\\/produkt\\\/leder-versiegelung-lack\\\/\",\"url\":\"https:\\\/\\\/gliptoneeurope.com\\\/de\\\/produkt\\\/leder-versiegelung-lack\\\/\",\"name\":\"Lederversiegelungslack - Gliptone Europe\",\"isPartOf\":{\"@id\":\"https:\\\/\\\/gliptoneeurope.com\\\/#website\"},\"primaryImageOfPage\":{\"@id\":\"https:\\\/\\\/gliptoneeurope.com\\\/de\\\/produkt\\\/leder-versiegelung-lack\\\/#primaryimage\"},\"image\":{\"@id\":\"https:\\\/\\\/gliptoneeurope.com\\\/de\\\/produkt\\\/leder-versiegelung-lack\\\/#primaryimage\"},\"thumbnailUrl\":\"https:\\\/\\\/gliptoneeurope.com\\\/wp-content\\\/uploads\\\/Leather-Sealant-Lacquer.jpg\",\"datePublished\":\"2021-11-30T11:42:22+00:00\",\"description\":\"Die in der Gerberei aufgetragene Schutzversiegelung kann abgenutzt sein, kann aber mit unseren Lederversiegelungs-Aerosolen leicht wieder aufgetragen werden.\",\"breadcrumb\":{\"@id\":\"https:\\\/\\\/gliptoneeurope.com\\\/de\\\/produkt\\\/leder-versiegelung-lack\\\/#breadcrumb\"},\"inLanguage\":\"de\",\"potentialAction\":[{\"@type\":\"ReadAction\",\"target\":[\"https:\\\/\\\/gliptoneeurope.com\\\/de\\\/produkt\\\/leder-versiegelung-lack\\\/\"]}]},{\"@type\":\"ImageObject\",\"inLanguage\":\"de\",\"@id\":\"https:\\\/\\\/gliptoneeurope.com\\\/de\\\/produkt\\\/leder-versiegelung-lack\\\/#primaryimage\",\"url\":\"https:\\\/\\\/gliptoneeurope.com\\\/wp-content\\\/uploads\\\/Leather-Sealant-Lacquer.jpg\",\"contentUrl\":\"https:\\\/\\\/gliptoneeurope.com\\\/wp-content\\\/uploads\\\/Leather-Sealant-Lacquer.jpg\",\"width\":1661,\"height\":1661},{\"@type\":\"BreadcrumbList\",\"@id\":\"https:\\\/\\\/gliptoneeurope.com\\\/de\\\/produkt\\\/leder-versiegelung-lack\\\/#breadcrumb\",\"itemListElement\":[{\"@type\":\"ListItem\",\"position\":1,\"name\":\"Home\",\"item\":\"https:\\\/\\\/gliptoneeurope.com\\\/\"},{\"@type\":\"ListItem\",\"position\":2,\"name\":\"Shop\",\"item\":\"https:\\\/\\\/gliptoneeurope.com\\\/de\\\/shop-2\\\/\"},{\"@type\":\"ListItem\",\"position\":3,\"name\":\"Lederversiegelungslack\"}]},{\"@type\":\"WebSite\",\"@id\":\"https:\\\/\\\/gliptoneeurope.com\\\/#website\",\"url\":\"https:\\\/\\\/gliptoneeurope.com\\\/\",\"name\":\"Gliptone Europe\",\"description\":\"Professional Car Detailing Products\",\"publisher\":{\"@id\":\"https:\\\/\\\/gliptoneeurope.com\\\/#organization\"},\"potentialAction\":[{\"@type\":\"SearchAction\",\"target\":{\"@type\":\"EntryPoint\",\"urlTemplate\":\"https:\\\/\\\/gliptoneeurope.com\\\/?s={search_term_string}\"},\"query-input\":{\"@type\":\"PropertyValueSpecification\",\"valueRequired\":true,\"valueName\":\"search_term_string\"}}],\"inLanguage\":\"de\"},{\"@type\":\"Organization\",\"@id\":\"https:\\\/\\\/gliptoneeurope.com\\\/#organization\",\"name\":\"Gliptone Europe\",\"url\":\"https:\\\/\\\/gliptoneeurope.com\\\/\",\"logo\":{\"@type\":\"ImageObject\",\"inLanguage\":\"de\",\"@id\":\"https:\\\/\\\/gliptoneeurope.com\\\/#\\\/schema\\\/logo\\\/image\\\/\",\"url\":\"https:\\\/\\\/gliptoneeurope.com\\\/wp-content\\\/uploads\\\/Gliptone_Logo.png\",\"contentUrl\":\"https:\\\/\\\/gliptoneeurope.com\\\/wp-content\\\/uploads\\\/Gliptone_Logo.png\",\"width\":1472,\"height\":607,\"caption\":\"Gliptone Europe\"},\"image\":{\"@id\":\"https:\\\/\\\/gliptoneeurope.com\\\/#\\\/schema\\\/logo\\\/image\\\/\"},\"sameAs\":[\"https:\\\/\\\/www.facebook.com\\\/gliptoneeurope\\\/\",\"https:\\\/\\\/www.instagram.com\\\/gliptoneeurope\\\/\",\"https:\\\/\\\/www.pinterest.co.uk\\\/GliptoneEurope\\\/\"]}]}<\/script>\n<!-- \/ Yoast SEO Premium plugin. -->","yoast_head_json":{"title":"Lederversiegelungslack - Gliptone Europe","description":"Die in der Gerberei aufgetragene Schutzversiegelung kann abgenutzt sein, kann aber mit unseren Lederversiegelungs-Aerosolen leicht wieder aufgetragen werden.","robots":{"index":"index","follow":"follow","max-snippet":"max-snippet:-1","max-image-preview":"max-image-preview:large","max-video-preview":"max-video-preview:-1"},"canonical":"https:\/\/gliptoneeurope.com\/de\/produkt\/leder-versiegelung-lack\/","og_locale":"de_DE","og_type":"article","og_title":"Lederversiegelungslack","og_description":"Bei vielen Auto- und M\u00f6belledern wird in der Gerberei eine sch\u00fctzende Versiegelung aufgetragen, die sich mit der Zeit abnutzen, abbl\u00e4ttern und abbl\u00e4ttern","og_url":"https:\/\/gliptoneeurope.com\/de\/produkt\/leder-versiegelung-lack\/","og_site_name":"Gliptone Europe","article_publisher":"https:\/\/www.facebook.com\/gliptoneeurope\/","og_image":[{"width":1661,"height":1661,"url":"https:\/\/gliptoneeurope.com\/wp-content\/uploads\/Leather-Sealant-Lacquer.jpg","type":"image\/jpeg"}],"twitter_card":"summary_large_image","schema":{"@context":"https:\/\/schema.org","@graph":[{"@type":"WebPage","@id":"https:\/\/gliptoneeurope.com\/de\/produkt\/leder-versiegelung-lack\/","url":"https:\/\/gliptoneeurope.com\/de\/produkt\/leder-versiegelung-lack\/","name":"Lederversiegelungslack - Gliptone Europe","isPartOf":{"@id":"https:\/\/gliptoneeurope.com\/#website"},"primaryImageOfPage":{"@id":"https:\/\/gliptoneeurope.com\/de\/produkt\/leder-versiegelung-lack\/#primaryimage"},"image":{"@id":"https:\/\/gliptoneeurope.com\/de\/produkt\/leder-versiegelung-lack\/#primaryimage"},"thumbnailUrl":"https:\/\/gliptoneeurope.com\/wp-content\/uploads\/Leather-Sealant-Lacquer.jpg","datePublished":"2021-11-30T11:42:22+00:00","description":"Die in der Gerberei aufgetragene Schutzversiegelung kann abgenutzt sein, kann aber mit unseren Lederversiegelungs-Aerosolen leicht wieder aufgetragen werden.","breadcrumb":{"@id":"https:\/\/gliptoneeurope.com\/de\/produkt\/leder-versiegelung-lack\/#breadcrumb"},"inLanguage":"de","potentialAction":[{"@type":"ReadAction","target":["https:\/\/gliptoneeurope.com\/de\/produkt\/leder-versiegelung-lack\/"]}]},{"@type":"ImageObject","inLanguage":"de","@id":"https:\/\/gliptoneeurope.com\/de\/produkt\/leder-versiegelung-lack\/#primaryimage","url":"https:\/\/gliptoneeurope.com\/wp-content\/uploads\/Leather-Sealant-Lacquer.jpg","contentUrl":"https:\/\/gliptoneeurope.com\/wp-content\/uploads\/Leather-Sealant-Lacquer.jpg","width":1661,"height":1661},{"@type":"BreadcrumbList","@id":"https:\/\/gliptoneeurope.com\/de\/produkt\/leder-versiegelung-lack\/#breadcrumb","itemListElement":[{"@type":"ListItem","position":1,"name":"Home","item":"https:\/\/gliptoneeurope.com\/"},{"@type":"ListItem","position":2,"name":"Shop","item":"https:\/\/gliptoneeurope.com\/de\/shop-2\/"},{"@type":"ListItem","position":3,"name":"Lederversiegelungslack"}]},{"@type":"WebSite","@id":"https:\/\/gliptoneeurope.com\/#website","url":"https:\/\/gliptoneeurope.com\/","name":"Gliptone Europe","description":"Professional Car Detailing Products","publisher":{"@id":"https:\/\/gliptoneeurope.com\/#organization"},"potentialAction":[{"@type":"SearchAction","target":{"@type":"EntryPoint","urlTemplate":"https:\/\/gliptoneeurope.com\/?s={search_term_string}"},"query-input":{"@type":"PropertyValueSpecification","valueRequired":true,"valueName":"search_term_string"}}],"inLanguage":"de"},{"@type":"Organization","@id":"https:\/\/gliptoneeurope.com\/#organization","name":"Gliptone Europe","url":"https:\/\/gliptoneeurope.com\/","logo":{"@type":"ImageObject","inLanguage":"de","@id":"https:\/\/gliptoneeurope.com\/#\/schema\/logo\/image\/","url":"https:\/\/gliptoneeurope.com\/wp-content\/uploads\/Gliptone_Logo.png","contentUrl":"https:\/\/gliptoneeurope.com\/wp-content\/uploads\/Gliptone_Logo.png","width":1472,"height":607,"caption":"Gliptone Europe"},"image":{"@id":"https:\/\/gliptoneeurope.com\/#\/schema\/logo\/image\/"},"sameAs":["https:\/\/www.facebook.com\/gliptoneeurope\/","https:\/\/www.instagram.com\/gliptoneeurope\/","https:\/\/www.pinterest.co.uk\/GliptoneEurope\/"]}]}},"wcpa_form_fields":null,"_links":{"self":[{"href":"https:\/\/gliptoneeurope.com\/de\/wp-json\/wp\/v2\/product\/11889","targetHints":{"allow":["GET"]}}],"collection":[{"href":"https:\/\/gliptoneeurope.com\/de\/wp-json\/wp\/v2\/product"}],"about":[{"href":"https:\/\/gliptoneeurope.com\/de\/wp-json\/wp\/v2\/types\/product"}],"wp:featuredmedia":[{"embeddable":true,"href":"https:\/\/gliptoneeurope.com\/de\/wp-json\/wp\/v2\/media\/10463"}],"wp:attachment":[{"href":"https:\/\/gliptoneeurope.com\/de\/wp-json\/wp\/v2\/media?parent=11889"}],"wp:term":[{"taxonomy":"product_brand","embeddable":true,"href":"https:\/\/gliptoneeurope.com\/de\/wp-json\/wp\/v2\/product_brand?post=11889"},{"taxonomy":"product_cat","embeddable":true,"href":"https:\/\/gliptoneeurope.com\/de\/wp-json\/wp\/v2\/product_cat?post=11889"},{"taxonomy":"product_tag","embeddable":true,"href":"https:\/\/gliptoneeurope.com\/de\/wp-json\/wp\/v2\/product_tag?post=11889"}],"curies":[{"name":"wp","href":"https:\/\/api.w.org\/{rel}","templated":true}]}}