{"id":11832,"date":"2021-02-01T14:12:15","date_gmt":"2021-11-30T11:39:17","guid":{"rendered":"https:\/\/gliptoneeurope.com\/product\/schneeschaumkanonenpaket\/"},"modified":"2022-08-09T00:30:16","modified_gmt":"2022-08-09T00:30:16","slug":"gliptone-schnee-schaum-kanonen-paket","status":"publish","type":"product","link":"https:\/\/gliptoneeurope.com\/de\/produkt\/gliptone-schnee-schaum-kanonen-paket\/","title":{"rendered":"Schneeschaumkanonenpaket"},"content":{"rendered":"<p>Die <a href=\"https:\/\/gliptoneeurope.com\/product\/foam-cannon\/\">Schneeschaumkanone<\/a> von Gliptone besteht aus hochwertigem ABS-Kunststoff und Vollmessing-Einbauten.<\/p>\n<p>Die Schaumkanone erzeugt in Kombination mit einer Schneeschaumseife wie <a href=\"https:\/\/gliptoneeurope.com\/product\/foam-blizzard-foam-cannon-soap\/\">Foam Blizzard<\/a> oder einem Vorwaschmittel wie <a href=\"https:\/\/gliptoneeurope.com\/product\/vanish-950ml-32oz\/\">Vanish<\/a> einen reichhaltigen, \u00fcppigen, dicken Schaum, der l\u00e4nger an der Oberfl\u00e4che haftet, was eine viel einfachere Reinigung der Karosserie des Fahrzeugs erm\u00f6glicht Wagen.<\/p>\n<p>Die Schaumkanone wird mit einem &#8220;Quick Release&#8221;-Anschluss geliefert, ist jedoch mit jedem 1\/4 BSP-Anschluss austauschbar.<\/p>\n<p>Vanish ist unser hochalkalisches Waschmittelkonzentrat zur Verwendung w\u00e4hrend des Vorwaschens, als \u00e4u\u00dferst wirksamer Bestandteil in allen Arten von Autowaschanlagen. Vanish l\u00f6st eine Vielzahl von B\u00f6den, Mineralien und Kohlenstoffen bei Kontakt und mit minimaler bis gar keiner Bewegung auf.<\/p>\n<p>Dieses Schneeschaumpaket enth\u00e4lt;<\/p>\n<p>1 x Schneeschaumkanone<\/p>\n<p>1 x 1l Flasche Vanish &#8211; High PH (Alkaline) Snow Foam Pre-Wash<\/p>\n<p>1 x 16 Unzen Flasche Foam Blizzard &#8211; Foam Cannon Soap<\/p>\n<p>1 x 16oz Flasche Blizzard Shield &#8211; Schaumkanonenschutz<\/p>\n<hr>\n<blockquote class=\"instagram-media\" style=\"background: #FFF; border: 0; border-radius: 3px; box-shadow: 0 0 1px 0 rgba(0,0,0,0.5),0 1px 10px 0 rgba(0,0,0,0.15); margin: 1px; max-width: 540px; min-width: 326px; padding: 0; width: calc(100% - 2px);\" data-instgrm-captioned=\"\" data-instgrm-permalink=\"https:\/\/www.instagram.com\/p\/CKhenwTnaac\/?utm_source=ig_embed&amp;utm_campaign=loading\" data-instgrm-version=\"13\">\n<div style=\"padding: 16px;\">\n<p>&nbsp;<\/p>\n<div style=\"display: flex; flex-direction: row; align-items: center;\">\n<div style=\"background-color: #f4f4f4; border-radius: 50%; flex-grow: 0; height: 40px; margin-right: 14px; width: 40px;\"><\/div>\n<div style=\"display: flex; flex-direction: column; flex-grow: 1; justify-content: center;\">\n<div style=\"background-color: #f4f4f4; border-radius: 4px; flex-grow: 0; height: 14px; margin-bottom: 6px; width: 100px;\"><\/div>\n<div style=\"background-color: #f4f4f4; border-radius: 4px; flex-grow: 0; height: 14px; width: 60px;\"><\/div>\n<\/div>\n<\/div>\n<div style=\"padding: 19% 0;\"><\/div>\n<div style=\"display: block; height: 50px; margin: 0 auto 12px; width: 50px;\"><\/div>\n<div style=\"padding-top: 8px;\">\n<div style=\"color: #3897f0; font-family: Arial,sans-serif; font-size: 14px; font-style: normal; font-weight: 550; line-height: 18px;\">Sehen Sie sich diesen Beitrag auf Instagram an<\/div>\n<\/div>\n<div style=\"padding: 12.5% 0;\"><\/div>\n<div style=\"display: flex; flex-direction: row; margin-bottom: 14px; align-items: center;\">\n<div>\n<div style=\"background-color: #f4f4f4; border-radius: 50%; height: 12.5px; width: 12.5px; transform: translateX(0px) translateY(7px);\"><\/div>\n<div style=\"background-color: #f4f4f4; height: 12.5px; transform: rotate(-45deg) translateX(3px) translateY(1px); width: 12.5px; flex-grow: 0; margin-right: 14px; margin-left: 2px;\"><\/div>\n<div style=\"background-color: #f4f4f4; border-radius: 50%; height: 12.5px; width: 12.5px; transform: translateX(9px) translateY(-18px);\"><\/div>\n<\/div>\n<div style=\"margin-left: 8px;\">\n<div style=\"background-color: #f4f4f4; border-radius: 50%; flex-grow: 0; height: 20px; width: 20px;\"><\/div>\n<div style=\"width: 0; height: 0; border-top: 2px solid transparent; border-left: 6px solid #f4f4f4; border-bottom: 2px solid transparent; transform: translateX(16px) translateY(-4px) rotate(30deg);\"><\/div>\n<\/div>\n<div style=\"margin-left: auto;\">\n<div style=\"width: 0px; border-top: 8px solid #F4F4F4; border-right: 8px solid transparent; transform: translateY(16px);\"><\/div>\n<div style=\"background-color: #f4f4f4; flex-grow: 0; height: 12px; width: 16px; transform: translateY(-4px);\"><\/div>\n<div style=\"width: 0; height: 0; border-top: 8px solid #F4F4F4; border-left: 8px solid transparent; transform: translateY(-4px) translateX(8px);\"><\/div>\n<\/div>\n<\/div>\n<div style=\"display: flex; flex-direction: column; flex-grow: 1; justify-content: center; margin-bottom: 24px;\">\n<div style=\"background-color: #f4f4f4; border-radius: 4px; flex-grow: 0; height: 14px; margin-bottom: 6px; width: 224px;\"><\/div>\n<div style=\"background-color: #f4f4f4; border-radius: 4px; flex-grow: 0; height: 14px; width: 144px;\"><\/div>\n<\/div>\n<p>&nbsp;<\/p>\n<p style=\"color: #c9c8cd; font-family: Arial,sans-serif; font-size: 14px; line-height: 17px; margin-bottom: 0; margin-top: 8px; overflow: hidden; padding: 8px 0 7px; text-align: center; text-overflow: ellipsis; white-space: nowrap;\"><a style=\"color: #c9c8cd; font-family: Arial,sans-serif; font-size: 14px; font-style: normal; font-weight: normal; line-height: 17px; text-decoration: none;\" href=\"https:\/\/www.instagram.com\/p\/CKhenwTnaac\/?utm_source=ig_embed&amp;utm_campaign=loading\" target=\"_blank\" rel=\"noopener\">Ein von Gliptone Europe geteilter Beitrag (@gliptoneeurope)<\/a><\/p>\n<\/div>\n<\/blockquote>\n<p><script async=\"\" src=\"\/\/www.instagram.com\/embed.js\"><\/script><\/p>\n","protected":false},"excerpt":{"rendered":"<p>Die Schneeschaumkanone von Gliptone besteht aus hochwertigem ABS-Kunststoff und Vollmessing-Einbauten. Die Schaumkanone erzeugt in Kombination mit einer Schneeschaumseife wie Foam Blizzard oder einem Vorwaschmittel wie Vanish einen reichhaltigen, \u00fcppigen, dicken Schaum, der l\u00e4nger an der Oberfl\u00e4che haftet, was eine viel einfachere Reinigung der Karosserie des Fahrzeugs erm\u00f6glicht Wagen. Die Schaumkanone wird mit einem &#8220;Quick Release&#8221;-Anschluss [&hellip;]<\/p>\n","protected":false},"featured_media":10647,"template":"","meta":[],"product_brand":[],"product_cat":[102,149,111,119,115],"product_tag":[],"class_list":{"0":"post-11832","1":"product","2":"type-product","3":"status-publish","4":"has-post-thumbnail","6":"product_cat-bausatze","7":"product_cat-lackvorbereitung","8":"product_cat-profi-produkte","9":"product_cat-vorbereitung-reinigung","10":"product_cat-zubehor","12":"first","13":"instock","14":"featured","15":"taxable","16":"shipping-taxable","17":"purchasable","18":"product-type-simple"},"yoast_head":"<!-- This site is optimized with the Yoast SEO Premium plugin v21.4 (Yoast SEO v27.4) - https:\/\/yoast.com\/product\/yoast-seo-premium-wordpress\/ -->\n<title>Schneeschaumkanonenpaket - Gliptone Europe<\/title>\n<meta name=\"description\" content=\"Die Schaumkanone erzeugt in Kombination mit einer Schneeschaumseife wie Foam Blizzard oder einem Vorwaschmittel wie Vanish einen reichhaltigen, \u00fcppigen, dicken Schaum, der an der Oberfl\u00e4che haftet\" \/>\n<meta name=\"robots\" content=\"index, follow, max-snippet:-1, max-image-preview:large, max-video-preview:-1\" \/>\n<link rel=\"canonical\" href=\"https:\/\/gliptoneeurope.com\/de\/produkt\/gliptone-schnee-schaum-kanonen-paket\/\" \/>\n<meta property=\"og:locale\" content=\"de_DE\" \/>\n<meta property=\"og:type\" content=\"article\" \/>\n<meta property=\"og:title\" content=\"Schneeschaumkanonenpaket\" \/>\n<meta property=\"og:description\" content=\"Die Schneeschaumkanone von Gliptone besteht aus hochwertigem ABS-Kunststoff und Vollmessing-Einbauten. Die Schaumkanone erzeugt in Kombination mit einer\" \/>\n<meta property=\"og:url\" content=\"https:\/\/gliptoneeurope.com\/de\/produkt\/gliptone-schnee-schaum-kanonen-paket\/\" \/>\n<meta property=\"og:site_name\" content=\"Gliptone Europe\" \/>\n<meta property=\"article:publisher\" content=\"https:\/\/www.facebook.com\/gliptoneeurope\/\" \/>\n<meta property=\"article:modified_time\" content=\"2022-08-09T00:30:16+00:00\" \/>\n<meta property=\"og:image\" content=\"https:\/\/gliptoneeurope.com\/wp-content\/uploads\/Foam-Cannon-Package.jpg\" \/>\n\t<meta property=\"og:image:width\" content=\"1488\" \/>\n\t<meta property=\"og:image:height\" content=\"1488\" \/>\n\t<meta property=\"og:image:type\" content=\"image\/jpeg\" \/>\n<meta name=\"twitter:card\" content=\"summary_large_image\" \/>\n<meta name=\"twitter:label1\" content=\"Gesch\u00e4tzte Lesezeit\" \/>\n\t<meta name=\"twitter:data1\" content=\"1\u00a0Minute\" \/>\n<script type=\"application\/ld+json\" class=\"yoast-schema-graph\">{\"@context\":\"https:\\\/\\\/schema.org\",\"@graph\":[{\"@type\":\"WebPage\",\"@id\":\"https:\\\/\\\/gliptoneeurope.com\\\/de\\\/produkt\\\/gliptone-schnee-schaum-kanonen-paket\\\/\",\"url\":\"https:\\\/\\\/gliptoneeurope.com\\\/de\\\/produkt\\\/gliptone-schnee-schaum-kanonen-paket\\\/\",\"name\":\"Schneeschaumkanonenpaket - Gliptone Europe\",\"isPartOf\":{\"@id\":\"https:\\\/\\\/gliptoneeurope.com\\\/#website\"},\"primaryImageOfPage\":{\"@id\":\"https:\\\/\\\/gliptoneeurope.com\\\/de\\\/produkt\\\/gliptone-schnee-schaum-kanonen-paket\\\/#primaryimage\"},\"image\":{\"@id\":\"https:\\\/\\\/gliptoneeurope.com\\\/de\\\/produkt\\\/gliptone-schnee-schaum-kanonen-paket\\\/#primaryimage\"},\"thumbnailUrl\":\"https:\\\/\\\/gliptoneeurope.com\\\/wp-content\\\/uploads\\\/Foam-Cannon-Package.jpg\",\"datePublished\":\"2021-11-30T11:39:17+00:00\",\"dateModified\":\"2022-08-09T00:30:16+00:00\",\"description\":\"Die Schaumkanone erzeugt in Kombination mit einer Schneeschaumseife wie Foam Blizzard oder einem Vorwaschmittel wie Vanish einen reichhaltigen, \u00fcppigen, dicken Schaum, der an der Oberfl\u00e4che haftet\",\"breadcrumb\":{\"@id\":\"https:\\\/\\\/gliptoneeurope.com\\\/de\\\/produkt\\\/gliptone-schnee-schaum-kanonen-paket\\\/#breadcrumb\"},\"inLanguage\":\"de\",\"potentialAction\":[{\"@type\":\"ReadAction\",\"target\":[\"https:\\\/\\\/gliptoneeurope.com\\\/de\\\/produkt\\\/gliptone-schnee-schaum-kanonen-paket\\\/\"]}]},{\"@type\":\"ImageObject\",\"inLanguage\":\"de\",\"@id\":\"https:\\\/\\\/gliptoneeurope.com\\\/de\\\/produkt\\\/gliptone-schnee-schaum-kanonen-paket\\\/#primaryimage\",\"url\":\"https:\\\/\\\/gliptoneeurope.com\\\/wp-content\\\/uploads\\\/Foam-Cannon-Package.jpg\",\"contentUrl\":\"https:\\\/\\\/gliptoneeurope.com\\\/wp-content\\\/uploads\\\/Foam-Cannon-Package.jpg\",\"width\":1488,\"height\":1488},{\"@type\":\"BreadcrumbList\",\"@id\":\"https:\\\/\\\/gliptoneeurope.com\\\/de\\\/produkt\\\/gliptone-schnee-schaum-kanonen-paket\\\/#breadcrumb\",\"itemListElement\":[{\"@type\":\"ListItem\",\"position\":1,\"name\":\"Home\",\"item\":\"https:\\\/\\\/gliptoneeurope.com\\\/\"},{\"@type\":\"ListItem\",\"position\":2,\"name\":\"Shop\",\"item\":\"https:\\\/\\\/gliptoneeurope.com\\\/de\\\/shop-2\\\/\"},{\"@type\":\"ListItem\",\"position\":3,\"name\":\"Schneeschaumkanonenpaket\"}]},{\"@type\":\"WebSite\",\"@id\":\"https:\\\/\\\/gliptoneeurope.com\\\/#website\",\"url\":\"https:\\\/\\\/gliptoneeurope.com\\\/\",\"name\":\"Gliptone Europe\",\"description\":\"Professional Car Detailing Products\",\"publisher\":{\"@id\":\"https:\\\/\\\/gliptoneeurope.com\\\/#organization\"},\"potentialAction\":[{\"@type\":\"SearchAction\",\"target\":{\"@type\":\"EntryPoint\",\"urlTemplate\":\"https:\\\/\\\/gliptoneeurope.com\\\/?s={search_term_string}\"},\"query-input\":{\"@type\":\"PropertyValueSpecification\",\"valueRequired\":true,\"valueName\":\"search_term_string\"}}],\"inLanguage\":\"de\"},{\"@type\":\"Organization\",\"@id\":\"https:\\\/\\\/gliptoneeurope.com\\\/#organization\",\"name\":\"Gliptone Europe\",\"url\":\"https:\\\/\\\/gliptoneeurope.com\\\/\",\"logo\":{\"@type\":\"ImageObject\",\"inLanguage\":\"de\",\"@id\":\"https:\\\/\\\/gliptoneeurope.com\\\/#\\\/schema\\\/logo\\\/image\\\/\",\"url\":\"https:\\\/\\\/gliptoneeurope.com\\\/wp-content\\\/uploads\\\/Gliptone_Logo.png\",\"contentUrl\":\"https:\\\/\\\/gliptoneeurope.com\\\/wp-content\\\/uploads\\\/Gliptone_Logo.png\",\"width\":1472,\"height\":607,\"caption\":\"Gliptone Europe\"},\"image\":{\"@id\":\"https:\\\/\\\/gliptoneeurope.com\\\/#\\\/schema\\\/logo\\\/image\\\/\"},\"sameAs\":[\"https:\\\/\\\/www.facebook.com\\\/gliptoneeurope\\\/\",\"https:\\\/\\\/www.instagram.com\\\/gliptoneeurope\\\/\",\"https:\\\/\\\/www.pinterest.co.uk\\\/GliptoneEurope\\\/\"]}]}<\/script>\n<!-- \/ Yoast SEO Premium plugin. -->","yoast_head_json":{"title":"Schneeschaumkanonenpaket - Gliptone Europe","description":"Die Schaumkanone erzeugt in Kombination mit einer Schneeschaumseife wie Foam Blizzard oder einem Vorwaschmittel wie Vanish einen reichhaltigen, \u00fcppigen, dicken Schaum, der an der Oberfl\u00e4che haftet","robots":{"index":"index","follow":"follow","max-snippet":"max-snippet:-1","max-image-preview":"max-image-preview:large","max-video-preview":"max-video-preview:-1"},"canonical":"https:\/\/gliptoneeurope.com\/de\/produkt\/gliptone-schnee-schaum-kanonen-paket\/","og_locale":"de_DE","og_type":"article","og_title":"Schneeschaumkanonenpaket","og_description":"Die Schneeschaumkanone von Gliptone besteht aus hochwertigem ABS-Kunststoff und Vollmessing-Einbauten. Die Schaumkanone erzeugt in Kombination mit einer","og_url":"https:\/\/gliptoneeurope.com\/de\/produkt\/gliptone-schnee-schaum-kanonen-paket\/","og_site_name":"Gliptone Europe","article_publisher":"https:\/\/www.facebook.com\/gliptoneeurope\/","article_modified_time":"2022-08-09T00:30:16+00:00","og_image":[{"width":1488,"height":1488,"url":"https:\/\/gliptoneeurope.com\/wp-content\/uploads\/Foam-Cannon-Package.jpg","type":"image\/jpeg"}],"twitter_card":"summary_large_image","twitter_misc":{"Gesch\u00e4tzte Lesezeit":"1\u00a0Minute"},"schema":{"@context":"https:\/\/schema.org","@graph":[{"@type":"WebPage","@id":"https:\/\/gliptoneeurope.com\/de\/produkt\/gliptone-schnee-schaum-kanonen-paket\/","url":"https:\/\/gliptoneeurope.com\/de\/produkt\/gliptone-schnee-schaum-kanonen-paket\/","name":"Schneeschaumkanonenpaket - Gliptone Europe","isPartOf":{"@id":"https:\/\/gliptoneeurope.com\/#website"},"primaryImageOfPage":{"@id":"https:\/\/gliptoneeurope.com\/de\/produkt\/gliptone-schnee-schaum-kanonen-paket\/#primaryimage"},"image":{"@id":"https:\/\/gliptoneeurope.com\/de\/produkt\/gliptone-schnee-schaum-kanonen-paket\/#primaryimage"},"thumbnailUrl":"https:\/\/gliptoneeurope.com\/wp-content\/uploads\/Foam-Cannon-Package.jpg","datePublished":"2021-11-30T11:39:17+00:00","dateModified":"2022-08-09T00:30:16+00:00","description":"Die Schaumkanone erzeugt in Kombination mit einer Schneeschaumseife wie Foam Blizzard oder einem Vorwaschmittel wie Vanish einen reichhaltigen, \u00fcppigen, dicken Schaum, der an der Oberfl\u00e4che haftet","breadcrumb":{"@id":"https:\/\/gliptoneeurope.com\/de\/produkt\/gliptone-schnee-schaum-kanonen-paket\/#breadcrumb"},"inLanguage":"de","potentialAction":[{"@type":"ReadAction","target":["https:\/\/gliptoneeurope.com\/de\/produkt\/gliptone-schnee-schaum-kanonen-paket\/"]}]},{"@type":"ImageObject","inLanguage":"de","@id":"https:\/\/gliptoneeurope.com\/de\/produkt\/gliptone-schnee-schaum-kanonen-paket\/#primaryimage","url":"https:\/\/gliptoneeurope.com\/wp-content\/uploads\/Foam-Cannon-Package.jpg","contentUrl":"https:\/\/gliptoneeurope.com\/wp-content\/uploads\/Foam-Cannon-Package.jpg","width":1488,"height":1488},{"@type":"BreadcrumbList","@id":"https:\/\/gliptoneeurope.com\/de\/produkt\/gliptone-schnee-schaum-kanonen-paket\/#breadcrumb","itemListElement":[{"@type":"ListItem","position":1,"name":"Home","item":"https:\/\/gliptoneeurope.com\/"},{"@type":"ListItem","position":2,"name":"Shop","item":"https:\/\/gliptoneeurope.com\/de\/shop-2\/"},{"@type":"ListItem","position":3,"name":"Schneeschaumkanonenpaket"}]},{"@type":"WebSite","@id":"https:\/\/gliptoneeurope.com\/#website","url":"https:\/\/gliptoneeurope.com\/","name":"Gliptone Europe","description":"Professional Car Detailing Products","publisher":{"@id":"https:\/\/gliptoneeurope.com\/#organization"},"potentialAction":[{"@type":"SearchAction","target":{"@type":"EntryPoint","urlTemplate":"https:\/\/gliptoneeurope.com\/?s={search_term_string}"},"query-input":{"@type":"PropertyValueSpecification","valueRequired":true,"valueName":"search_term_string"}}],"inLanguage":"de"},{"@type":"Organization","@id":"https:\/\/gliptoneeurope.com\/#organization","name":"Gliptone Europe","url":"https:\/\/gliptoneeurope.com\/","logo":{"@type":"ImageObject","inLanguage":"de","@id":"https:\/\/gliptoneeurope.com\/#\/schema\/logo\/image\/","url":"https:\/\/gliptoneeurope.com\/wp-content\/uploads\/Gliptone_Logo.png","contentUrl":"https:\/\/gliptoneeurope.com\/wp-content\/uploads\/Gliptone_Logo.png","width":1472,"height":607,"caption":"Gliptone Europe"},"image":{"@id":"https:\/\/gliptoneeurope.com\/#\/schema\/logo\/image\/"},"sameAs":["https:\/\/www.facebook.com\/gliptoneeurope\/","https:\/\/www.instagram.com\/gliptoneeurope\/","https:\/\/www.pinterest.co.uk\/GliptoneEurope\/"]}]}},"wcpa_form_fields":null,"_links":{"self":[{"href":"https:\/\/gliptoneeurope.com\/de\/wp-json\/wp\/v2\/product\/11832","targetHints":{"allow":["GET"]}}],"collection":[{"href":"https:\/\/gliptoneeurope.com\/de\/wp-json\/wp\/v2\/product"}],"about":[{"href":"https:\/\/gliptoneeurope.com\/de\/wp-json\/wp\/v2\/types\/product"}],"wp:featuredmedia":[{"embeddable":true,"href":"https:\/\/gliptoneeurope.com\/de\/wp-json\/wp\/v2\/media\/10647"}],"wp:attachment":[{"href":"https:\/\/gliptoneeurope.com\/de\/wp-json\/wp\/v2\/media?parent=11832"}],"wp:term":[{"taxonomy":"product_brand","embeddable":true,"href":"https:\/\/gliptoneeurope.com\/de\/wp-json\/wp\/v2\/product_brand?post=11832"},{"taxonomy":"product_cat","embeddable":true,"href":"https:\/\/gliptoneeurope.com\/de\/wp-json\/wp\/v2\/product_cat?post=11832"},{"taxonomy":"product_tag","embeddable":true,"href":"https:\/\/gliptoneeurope.com\/de\/wp-json\/wp\/v2\/product_tag?post=11832"}],"curies":[{"name":"wp","href":"https:\/\/api.w.org\/{rel}","templated":true}]}}