{"id":11771,"date":"2021-01-06T14:21:23","date_gmt":"2021-11-30T11:38:54","guid":{"rendered":"https:\/\/gliptoneeurope.com\/product\/softtouch-waffle-microfaser-handtuch-zum-trocknen-reinigen\/"},"modified":"2021-11-30T11:38:54","modified_gmt":"2021-11-30T11:38:54","slug":"trocknen-reinigen-waffel-mikrofaser-handtuch","status":"publish","type":"product","link":"https:\/\/gliptoneeurope.com\/de\/produkt\/trocknen-reinigen-waffel-mikrofaser-handtuch\/","title":{"rendered":"Softtouch\u00ae Waffle Microfaser Handtuch zum Trocknen\/Reinigen"},"content":{"rendered":"<p>Das Softouch\u00ae Waffle Microfiber Towel Softouch\u00ae von GLIPTONE verf\u00fcgt \u00fcber eine \u201eHeavy Duty Waffle Weave\u201c-Ausr\u00fcstung, die sich hervorragend reinigen und absorbieren l\u00e4sst und praktisch unzerst\u00f6rbar ist.<\/p>\n<p>Die Anwendungsm\u00f6glichkeiten f\u00fcr dieses Handtuch sind endlos zum Reinigen\/Trocknen von Innenr\u00e4umen, Au\u00dfenr\u00e4umen, Glas, Automobil, Haushalt und Industrie.<\/p>\n<p>Dieses Produkt finden Sie in unserem Reinigungst\u00fccher <a href=\"https:\/\/gliptoneeurope.com\/product\/detailing-towels-cloths-kit\/\">&amp; T\u00fccher-Kit<\/a> , das alle Reinigungsprodukte enth\u00e4lt, die Ihnen bei der Reinigung und Pflege Ihres Autos helfen.<\/p>\n","protected":false},"excerpt":{"rendered":"<p>Das Softouch\u00ae Waffle Microfiber Towel Softouch\u00ae von GLIPTONE verf\u00fcgt \u00fcber eine \u201eHeavy Duty Waffle Weave\u201c-Ausr\u00fcstung, die sich hervorragend reinigen und absorbieren l\u00e4sst und praktisch unzerst\u00f6rbar ist. Die Anwendungsm\u00f6glichkeiten f\u00fcr dieses Handtuch sind endlos zum Reinigen\/Trocknen von Innenr\u00e4umen, Au\u00dfenr\u00e4umen, Glas, Automobil, Haushalt und Industrie. Dieses Produkt finden Sie in unserem Reinigungst\u00fccher &amp; T\u00fccher-Kit , das alle [&hellip;]<\/p>\n","protected":false},"featured_media":10735,"template":"","meta":[],"product_brand":[],"product_cat":[115],"product_tag":[],"class_list":{"0":"post-11771","1":"product","2":"type-product","3":"status-publish","4":"has-post-thumbnail","6":"product_cat-zubehor","8":"first","9":"instock","10":"featured","11":"taxable","12":"shipping-taxable","13":"purchasable","14":"product-type-variable"},"yoast_head":"<!-- This site is optimized with the Yoast SEO Premium plugin v21.4 (Yoast SEO v27.4) - https:\/\/yoast.com\/product\/yoast-seo-premium-wordpress\/ -->\n<title>Softtouch\u00ae Waffle Microfaser Handtuch zum Trocknen\/Reinigen - Gliptone Europe<\/title>\n<meta name=\"description\" content=\"Gliptones Softouch\u00ae Waffle Microfiber Towel zum Trocknen\/Reinigen verf\u00fcgt \u00fcber ein \u201eHeavy Duty Waffelgewebe\u201c-Finish, das sich hervorragend f\u00fcr Reinigung und Absorption eignet.\" \/>\n<meta name=\"robots\" content=\"index, follow, max-snippet:-1, max-image-preview:large, max-video-preview:-1\" \/>\n<link rel=\"canonical\" href=\"https:\/\/gliptoneeurope.com\/de\/produkt\/trocknen-reinigen-waffel-mikrofaser-handtuch\/\" \/>\n<meta property=\"og:locale\" content=\"de_DE\" \/>\n<meta property=\"og:type\" content=\"article\" \/>\n<meta property=\"og:title\" content=\"Softtouch\u00ae Waffle Microfaser Handtuch zum Trocknen\/Reinigen\" \/>\n<meta property=\"og:description\" content=\"Das Softouch\u00ae Waffle Microfiber Towel Softouch\u00ae von GLIPTONE verf\u00fcgt \u00fcber eine \u201eHeavy Duty Waffle Weave\u201c-Ausr\u00fcstung, die sich hervorragend reinigen und\" \/>\n<meta property=\"og:url\" content=\"https:\/\/gliptoneeurope.com\/de\/produkt\/trocknen-reinigen-waffel-mikrofaser-handtuch\/\" \/>\n<meta property=\"og:site_name\" content=\"Gliptone Europe\" \/>\n<meta property=\"article:publisher\" content=\"https:\/\/www.facebook.com\/gliptoneeurope\/\" \/>\n<meta property=\"og:image\" content=\"https:\/\/gliptoneeurope.com\/wp-content\/uploads\/SOFTOUCH\u00ae-DRYINGCLEANING-WAFFLE-MICROFIBER-TOWEL-3.jpg\" \/>\n\t<meta property=\"og:image:width\" content=\"1397\" \/>\n\t<meta property=\"og:image:height\" content=\"1397\" \/>\n\t<meta property=\"og:image:type\" content=\"image\/jpeg\" \/>\n<meta name=\"twitter:card\" content=\"summary_large_image\" \/>\n<script type=\"application\/ld+json\" class=\"yoast-schema-graph\">{\"@context\":\"https:\\\/\\\/schema.org\",\"@graph\":[{\"@type\":\"WebPage\",\"@id\":\"https:\\\/\\\/gliptoneeurope.com\\\/de\\\/produkt\\\/trocknen-reinigen-waffel-mikrofaser-handtuch\\\/\",\"url\":\"https:\\\/\\\/gliptoneeurope.com\\\/de\\\/produkt\\\/trocknen-reinigen-waffel-mikrofaser-handtuch\\\/\",\"name\":\"Softtouch\u00ae Waffle Microfaser Handtuch zum Trocknen\\\/Reinigen - Gliptone Europe\",\"isPartOf\":{\"@id\":\"https:\\\/\\\/gliptoneeurope.com\\\/#website\"},\"primaryImageOfPage\":{\"@id\":\"https:\\\/\\\/gliptoneeurope.com\\\/de\\\/produkt\\\/trocknen-reinigen-waffel-mikrofaser-handtuch\\\/#primaryimage\"},\"image\":{\"@id\":\"https:\\\/\\\/gliptoneeurope.com\\\/de\\\/produkt\\\/trocknen-reinigen-waffel-mikrofaser-handtuch\\\/#primaryimage\"},\"thumbnailUrl\":\"https:\\\/\\\/gliptoneeurope.com\\\/wp-content\\\/uploads\\\/SOFTOUCH\u00ae-DRYINGCLEANING-WAFFLE-MICROFIBER-TOWEL-3.jpg\",\"datePublished\":\"2021-11-30T11:38:54+00:00\",\"description\":\"Gliptones Softouch\u00ae Waffle Microfiber Towel zum Trocknen\\\/Reinigen verf\u00fcgt \u00fcber ein \u201eHeavy Duty Waffelgewebe\u201c-Finish, das sich hervorragend f\u00fcr Reinigung und Absorption eignet.\",\"breadcrumb\":{\"@id\":\"https:\\\/\\\/gliptoneeurope.com\\\/de\\\/produkt\\\/trocknen-reinigen-waffel-mikrofaser-handtuch\\\/#breadcrumb\"},\"inLanguage\":\"de\",\"potentialAction\":[{\"@type\":\"ReadAction\",\"target\":[\"https:\\\/\\\/gliptoneeurope.com\\\/de\\\/produkt\\\/trocknen-reinigen-waffel-mikrofaser-handtuch\\\/\"]}]},{\"@type\":\"ImageObject\",\"inLanguage\":\"de\",\"@id\":\"https:\\\/\\\/gliptoneeurope.com\\\/de\\\/produkt\\\/trocknen-reinigen-waffel-mikrofaser-handtuch\\\/#primaryimage\",\"url\":\"https:\\\/\\\/gliptoneeurope.com\\\/wp-content\\\/uploads\\\/SOFTOUCH\u00ae-DRYINGCLEANING-WAFFLE-MICROFIBER-TOWEL-3.jpg\",\"contentUrl\":\"https:\\\/\\\/gliptoneeurope.com\\\/wp-content\\\/uploads\\\/SOFTOUCH\u00ae-DRYINGCLEANING-WAFFLE-MICROFIBER-TOWEL-3.jpg\",\"width\":1397,\"height\":1397},{\"@type\":\"BreadcrumbList\",\"@id\":\"https:\\\/\\\/gliptoneeurope.com\\\/de\\\/produkt\\\/trocknen-reinigen-waffel-mikrofaser-handtuch\\\/#breadcrumb\",\"itemListElement\":[{\"@type\":\"ListItem\",\"position\":1,\"name\":\"Home\",\"item\":\"https:\\\/\\\/gliptoneeurope.com\\\/\"},{\"@type\":\"ListItem\",\"position\":2,\"name\":\"Shop\",\"item\":\"https:\\\/\\\/gliptoneeurope.com\\\/de\\\/shop-2\\\/\"},{\"@type\":\"ListItem\",\"position\":3,\"name\":\"Softtouch\u00ae Waffle Microfaser Handtuch zum Trocknen\\\/Reinigen\"}]},{\"@type\":\"WebSite\",\"@id\":\"https:\\\/\\\/gliptoneeurope.com\\\/#website\",\"url\":\"https:\\\/\\\/gliptoneeurope.com\\\/\",\"name\":\"Gliptone Europe\",\"description\":\"Professional Car Detailing Products\",\"publisher\":{\"@id\":\"https:\\\/\\\/gliptoneeurope.com\\\/#organization\"},\"potentialAction\":[{\"@type\":\"SearchAction\",\"target\":{\"@type\":\"EntryPoint\",\"urlTemplate\":\"https:\\\/\\\/gliptoneeurope.com\\\/?s={search_term_string}\"},\"query-input\":{\"@type\":\"PropertyValueSpecification\",\"valueRequired\":true,\"valueName\":\"search_term_string\"}}],\"inLanguage\":\"de\"},{\"@type\":\"Organization\",\"@id\":\"https:\\\/\\\/gliptoneeurope.com\\\/#organization\",\"name\":\"Gliptone Europe\",\"url\":\"https:\\\/\\\/gliptoneeurope.com\\\/\",\"logo\":{\"@type\":\"ImageObject\",\"inLanguage\":\"de\",\"@id\":\"https:\\\/\\\/gliptoneeurope.com\\\/#\\\/schema\\\/logo\\\/image\\\/\",\"url\":\"https:\\\/\\\/gliptoneeurope.com\\\/wp-content\\\/uploads\\\/Gliptone_Logo.png\",\"contentUrl\":\"https:\\\/\\\/gliptoneeurope.com\\\/wp-content\\\/uploads\\\/Gliptone_Logo.png\",\"width\":1472,\"height\":607,\"caption\":\"Gliptone Europe\"},\"image\":{\"@id\":\"https:\\\/\\\/gliptoneeurope.com\\\/#\\\/schema\\\/logo\\\/image\\\/\"},\"sameAs\":[\"https:\\\/\\\/www.facebook.com\\\/gliptoneeurope\\\/\",\"https:\\\/\\\/www.instagram.com\\\/gliptoneeurope\\\/\",\"https:\\\/\\\/www.pinterest.co.uk\\\/GliptoneEurope\\\/\"]}]}<\/script>\n<!-- \/ Yoast SEO Premium plugin. -->","yoast_head_json":{"title":"Softtouch\u00ae Waffle Microfaser Handtuch zum Trocknen\/Reinigen - Gliptone Europe","description":"Gliptones Softouch\u00ae Waffle Microfiber Towel zum Trocknen\/Reinigen verf\u00fcgt \u00fcber ein \u201eHeavy Duty Waffelgewebe\u201c-Finish, das sich hervorragend f\u00fcr Reinigung und Absorption eignet.","robots":{"index":"index","follow":"follow","max-snippet":"max-snippet:-1","max-image-preview":"max-image-preview:large","max-video-preview":"max-video-preview:-1"},"canonical":"https:\/\/gliptoneeurope.com\/de\/produkt\/trocknen-reinigen-waffel-mikrofaser-handtuch\/","og_locale":"de_DE","og_type":"article","og_title":"Softtouch\u00ae Waffle Microfaser Handtuch zum Trocknen\/Reinigen","og_description":"Das Softouch\u00ae Waffle Microfiber Towel Softouch\u00ae von GLIPTONE verf\u00fcgt \u00fcber eine \u201eHeavy Duty Waffle Weave\u201c-Ausr\u00fcstung, die sich hervorragend reinigen und","og_url":"https:\/\/gliptoneeurope.com\/de\/produkt\/trocknen-reinigen-waffel-mikrofaser-handtuch\/","og_site_name":"Gliptone Europe","article_publisher":"https:\/\/www.facebook.com\/gliptoneeurope\/","og_image":[{"width":1397,"height":1397,"url":"https:\/\/gliptoneeurope.com\/wp-content\/uploads\/SOFTOUCH\u00ae-DRYINGCLEANING-WAFFLE-MICROFIBER-TOWEL-3.jpg","type":"image\/jpeg"}],"twitter_card":"summary_large_image","schema":{"@context":"https:\/\/schema.org","@graph":[{"@type":"WebPage","@id":"https:\/\/gliptoneeurope.com\/de\/produkt\/trocknen-reinigen-waffel-mikrofaser-handtuch\/","url":"https:\/\/gliptoneeurope.com\/de\/produkt\/trocknen-reinigen-waffel-mikrofaser-handtuch\/","name":"Softtouch\u00ae Waffle Microfaser Handtuch zum Trocknen\/Reinigen - Gliptone Europe","isPartOf":{"@id":"https:\/\/gliptoneeurope.com\/#website"},"primaryImageOfPage":{"@id":"https:\/\/gliptoneeurope.com\/de\/produkt\/trocknen-reinigen-waffel-mikrofaser-handtuch\/#primaryimage"},"image":{"@id":"https:\/\/gliptoneeurope.com\/de\/produkt\/trocknen-reinigen-waffel-mikrofaser-handtuch\/#primaryimage"},"thumbnailUrl":"https:\/\/gliptoneeurope.com\/wp-content\/uploads\/SOFTOUCH\u00ae-DRYINGCLEANING-WAFFLE-MICROFIBER-TOWEL-3.jpg","datePublished":"2021-11-30T11:38:54+00:00","description":"Gliptones Softouch\u00ae Waffle Microfiber Towel zum Trocknen\/Reinigen verf\u00fcgt \u00fcber ein \u201eHeavy Duty Waffelgewebe\u201c-Finish, das sich hervorragend f\u00fcr Reinigung und Absorption eignet.","breadcrumb":{"@id":"https:\/\/gliptoneeurope.com\/de\/produkt\/trocknen-reinigen-waffel-mikrofaser-handtuch\/#breadcrumb"},"inLanguage":"de","potentialAction":[{"@type":"ReadAction","target":["https:\/\/gliptoneeurope.com\/de\/produkt\/trocknen-reinigen-waffel-mikrofaser-handtuch\/"]}]},{"@type":"ImageObject","inLanguage":"de","@id":"https:\/\/gliptoneeurope.com\/de\/produkt\/trocknen-reinigen-waffel-mikrofaser-handtuch\/#primaryimage","url":"https:\/\/gliptoneeurope.com\/wp-content\/uploads\/SOFTOUCH\u00ae-DRYINGCLEANING-WAFFLE-MICROFIBER-TOWEL-3.jpg","contentUrl":"https:\/\/gliptoneeurope.com\/wp-content\/uploads\/SOFTOUCH\u00ae-DRYINGCLEANING-WAFFLE-MICROFIBER-TOWEL-3.jpg","width":1397,"height":1397},{"@type":"BreadcrumbList","@id":"https:\/\/gliptoneeurope.com\/de\/produkt\/trocknen-reinigen-waffel-mikrofaser-handtuch\/#breadcrumb","itemListElement":[{"@type":"ListItem","position":1,"name":"Home","item":"https:\/\/gliptoneeurope.com\/"},{"@type":"ListItem","position":2,"name":"Shop","item":"https:\/\/gliptoneeurope.com\/de\/shop-2\/"},{"@type":"ListItem","position":3,"name":"Softtouch\u00ae Waffle Microfaser Handtuch zum Trocknen\/Reinigen"}]},{"@type":"WebSite","@id":"https:\/\/gliptoneeurope.com\/#website","url":"https:\/\/gliptoneeurope.com\/","name":"Gliptone Europe","description":"Professional Car Detailing Products","publisher":{"@id":"https:\/\/gliptoneeurope.com\/#organization"},"potentialAction":[{"@type":"SearchAction","target":{"@type":"EntryPoint","urlTemplate":"https:\/\/gliptoneeurope.com\/?s={search_term_string}"},"query-input":{"@type":"PropertyValueSpecification","valueRequired":true,"valueName":"search_term_string"}}],"inLanguage":"de"},{"@type":"Organization","@id":"https:\/\/gliptoneeurope.com\/#organization","name":"Gliptone Europe","url":"https:\/\/gliptoneeurope.com\/","logo":{"@type":"ImageObject","inLanguage":"de","@id":"https:\/\/gliptoneeurope.com\/#\/schema\/logo\/image\/","url":"https:\/\/gliptoneeurope.com\/wp-content\/uploads\/Gliptone_Logo.png","contentUrl":"https:\/\/gliptoneeurope.com\/wp-content\/uploads\/Gliptone_Logo.png","width":1472,"height":607,"caption":"Gliptone Europe"},"image":{"@id":"https:\/\/gliptoneeurope.com\/#\/schema\/logo\/image\/"},"sameAs":["https:\/\/www.facebook.com\/gliptoneeurope\/","https:\/\/www.instagram.com\/gliptoneeurope\/","https:\/\/www.pinterest.co.uk\/GliptoneEurope\/"]}]}},"wcpa_form_fields":null,"_links":{"self":[{"href":"https:\/\/gliptoneeurope.com\/de\/wp-json\/wp\/v2\/product\/11771","targetHints":{"allow":["GET"]}}],"collection":[{"href":"https:\/\/gliptoneeurope.com\/de\/wp-json\/wp\/v2\/product"}],"about":[{"href":"https:\/\/gliptoneeurope.com\/de\/wp-json\/wp\/v2\/types\/product"}],"wp:featuredmedia":[{"embeddable":true,"href":"https:\/\/gliptoneeurope.com\/de\/wp-json\/wp\/v2\/media\/10735"}],"wp:attachment":[{"href":"https:\/\/gliptoneeurope.com\/de\/wp-json\/wp\/v2\/media?parent=11771"}],"wp:term":[{"taxonomy":"product_brand","embeddable":true,"href":"https:\/\/gliptoneeurope.com\/de\/wp-json\/wp\/v2\/product_brand?post=11771"},{"taxonomy":"product_cat","embeddable":true,"href":"https:\/\/gliptoneeurope.com\/de\/wp-json\/wp\/v2\/product_cat?post=11771"},{"taxonomy":"product_tag","embeddable":true,"href":"https:\/\/gliptoneeurope.com\/de\/wp-json\/wp\/v2\/product_tag?post=11771"}],"curies":[{"name":"wp","href":"https:\/\/api.w.org\/{rel}","templated":true}]}}