{"id":11756,"date":"2021-01-18T12:08:07","date_gmt":"2021-11-30T11:38:52","guid":{"rendered":"https:\/\/gliptoneeurope.com\/product\/lufterfrischer-mit-lederduft\/"},"modified":"2024-02-17T18:20:52","modified_gmt":"2024-02-17T18:20:52","slug":"leder-duft-lufterfrischer","status":"publish","type":"product","link":"https:\/\/gliptoneeurope.com\/de\/produkt\/leder-duft-lufterfrischer\/","title":{"rendered":"Lufterfrischer mit Lederduft"},"content":{"rendered":"<p>Unsere Lederduft-Lufterfrischer erzeugen den Geruch von echtem Leder, wann und wo immer Sie es w\u00fcnschen. F\u00fcr diejenigen, die den brandneuen Ledergeruch lieben, sind unsere Leder-Lufterfrischer und <a href=\"https:\/\/gliptoneeurope.com\/product\/leather-scented-aroma-pad\/\">Leder-Aroma-Pads<\/a> perfekt f\u00fcr Sie.<\/p>\n<p>Der Grund daf\u00fcr, dass Leder heutzutage nicht mehr den &#8220;echten Leder&#8221;-Geruch hat, liegt an den modernen Gerbverfahren &#8211; heutzutage ist das meiste Leder chromgegerbt, was bedeutet, dass der traditionelle Geruch, den wir alle mit Leder verbinden, verloren geht. Unser Leder-Lufterfrischer erzeugt den Geruch von echtem Leder, wann und wo immer Sie es w\u00fcnschen.<\/p>\n<p>Kann entweder als einzelner Lufterfrischer gekauft werden oder Sie k\u00f6nnen 2 kaufen und erhalten einen 3. GRATIS!<\/p>\n<p>&nbsp;<\/p>\n","protected":false},"excerpt":{"rendered":"<p>Unsere Lederduft-Lufterfrischer erzeugen den Geruch von echtem Leder, wann und wo immer Sie es w\u00fcnschen. F\u00fcr diejenigen, die den brandneuen Ledergeruch lieben, sind unsere Leder-Lufterfrischer und Leder-Aroma-Pads perfekt f\u00fcr Sie. Der Grund daf\u00fcr, dass Leder heutzutage nicht mehr den &#8220;echten Leder&#8221;-Geruch hat, liegt an den modernen Gerbverfahren &#8211; heutzutage ist das meiste Leder chromgegerbt, was [&hellip;]<\/p>\n","protected":false},"featured_media":10683,"template":"","meta":[],"product_brand":[],"product_cat":[141,129,91],"product_tag":[],"class_list":{"0":"post-11756","1":"product","2":"type-product","3":"status-publish","4":"has-post-thumbnail","6":"product_cat-bestseller","7":"product_cat-innere","8":"product_cat-leder","10":"first","11":"instock","12":"featured","13":"taxable","14":"shipping-taxable","15":"purchasable","16":"product-type-variable"},"yoast_head":"<!-- This site is optimized with the Yoast SEO Premium plugin v21.4 (Yoast SEO v27.5) - https:\/\/yoast.com\/product\/yoast-seo-premium-wordpress\/ -->\n<title>Lufterfrischer mit Lederduft - Gliptone Europe<\/title>\n<meta name=\"description\" content=\"Unsere Lederduft-Lufterfrischer erzeugen den Geruch von echtem Leder, wann und wo immer Sie es w\u00fcnschen.\" \/>\n<meta name=\"robots\" content=\"index, follow, max-snippet:-1, max-image-preview:large, max-video-preview:-1\" \/>\n<link rel=\"canonical\" href=\"https:\/\/gliptoneeurope.com\/de\/produkt\/leder-duft-lufterfrischer\/\" \/>\n<meta property=\"og:locale\" content=\"de_DE\" \/>\n<meta property=\"og:type\" content=\"article\" \/>\n<meta property=\"og:title\" content=\"Lufterfrischer mit Lederduft\" \/>\n<meta property=\"og:description\" content=\"Unsere Lederduft-Lufterfrischer erzeugen den Geruch von echtem Leder, wann und wo immer Sie es w\u00fcnschen. F\u00fcr diejenigen, die den brandneuen Ledergeruch\" \/>\n<meta property=\"og:url\" content=\"https:\/\/gliptoneeurope.com\/de\/produkt\/leder-duft-lufterfrischer\/\" \/>\n<meta property=\"og:site_name\" content=\"Gliptone Europe\" \/>\n<meta property=\"article:publisher\" content=\"https:\/\/www.facebook.com\/gliptoneeurope\/\" \/>\n<meta property=\"article:modified_time\" content=\"2024-02-17T18:20:52+00:00\" \/>\n<meta property=\"og:image\" content=\"https:\/\/gliptoneeurope.com\/wp-content\/uploads\/Leather-Scented-Air-Freshener.jpg\" \/>\n\t<meta property=\"og:image:width\" content=\"1469\" \/>\n\t<meta property=\"og:image:height\" content=\"1468\" \/>\n\t<meta property=\"og:image:type\" content=\"image\/jpeg\" \/>\n<meta name=\"twitter:card\" content=\"summary_large_image\" \/>\n<meta name=\"twitter:label1\" content=\"Gesch\u00e4tzte Lesezeit\" \/>\n\t<meta name=\"twitter:data1\" content=\"1\u00a0Minute\" \/>\n<script type=\"application\/ld+json\" class=\"yoast-schema-graph\">{\"@context\":\"https:\\\/\\\/schema.org\",\"@graph\":[{\"@type\":\"WebPage\",\"@id\":\"https:\\\/\\\/gliptoneeurope.com\\\/de\\\/produkt\\\/leder-duft-lufterfrischer\\\/\",\"url\":\"https:\\\/\\\/gliptoneeurope.com\\\/de\\\/produkt\\\/leder-duft-lufterfrischer\\\/\",\"name\":\"Lufterfrischer mit Lederduft - Gliptone Europe\",\"isPartOf\":{\"@id\":\"https:\\\/\\\/gliptoneeurope.com\\\/#website\"},\"primaryImageOfPage\":{\"@id\":\"https:\\\/\\\/gliptoneeurope.com\\\/de\\\/produkt\\\/leder-duft-lufterfrischer\\\/#primaryimage\"},\"image\":{\"@id\":\"https:\\\/\\\/gliptoneeurope.com\\\/de\\\/produkt\\\/leder-duft-lufterfrischer\\\/#primaryimage\"},\"thumbnailUrl\":\"https:\\\/\\\/gliptoneeurope.com\\\/wp-content\\\/uploads\\\/Leather-Scented-Air-Freshener.jpg\",\"datePublished\":\"2021-11-30T11:38:52+00:00\",\"dateModified\":\"2024-02-17T18:20:52+00:00\",\"description\":\"Unsere Lederduft-Lufterfrischer erzeugen den Geruch von echtem Leder, wann und wo immer Sie es w\u00fcnschen.\",\"breadcrumb\":{\"@id\":\"https:\\\/\\\/gliptoneeurope.com\\\/de\\\/produkt\\\/leder-duft-lufterfrischer\\\/#breadcrumb\"},\"inLanguage\":\"de\",\"potentialAction\":[{\"@type\":\"ReadAction\",\"target\":[\"https:\\\/\\\/gliptoneeurope.com\\\/de\\\/produkt\\\/leder-duft-lufterfrischer\\\/\"]}]},{\"@type\":\"ImageObject\",\"inLanguage\":\"de\",\"@id\":\"https:\\\/\\\/gliptoneeurope.com\\\/de\\\/produkt\\\/leder-duft-lufterfrischer\\\/#primaryimage\",\"url\":\"https:\\\/\\\/gliptoneeurope.com\\\/wp-content\\\/uploads\\\/Leather-Scented-Air-Freshener.jpg\",\"contentUrl\":\"https:\\\/\\\/gliptoneeurope.com\\\/wp-content\\\/uploads\\\/Leather-Scented-Air-Freshener.jpg\",\"width\":1469,\"height\":1468},{\"@type\":\"BreadcrumbList\",\"@id\":\"https:\\\/\\\/gliptoneeurope.com\\\/de\\\/produkt\\\/leder-duft-lufterfrischer\\\/#breadcrumb\",\"itemListElement\":[{\"@type\":\"ListItem\",\"position\":1,\"name\":\"Home\",\"item\":\"https:\\\/\\\/gliptoneeurope.com\\\/\"},{\"@type\":\"ListItem\",\"position\":2,\"name\":\"Shop\",\"item\":\"https:\\\/\\\/gliptoneeurope.com\\\/de\\\/shop-2\\\/\"},{\"@type\":\"ListItem\",\"position\":3,\"name\":\"Lufterfrischer mit Lederduft\"}]},{\"@type\":\"WebSite\",\"@id\":\"https:\\\/\\\/gliptoneeurope.com\\\/#website\",\"url\":\"https:\\\/\\\/gliptoneeurope.com\\\/\",\"name\":\"Gliptone Europe\",\"description\":\"Professional Car Detailing Products\",\"publisher\":{\"@id\":\"https:\\\/\\\/gliptoneeurope.com\\\/#organization\"},\"potentialAction\":[{\"@type\":\"SearchAction\",\"target\":{\"@type\":\"EntryPoint\",\"urlTemplate\":\"https:\\\/\\\/gliptoneeurope.com\\\/?s={search_term_string}\"},\"query-input\":{\"@type\":\"PropertyValueSpecification\",\"valueRequired\":true,\"valueName\":\"search_term_string\"}}],\"inLanguage\":\"de\"},{\"@type\":\"Organization\",\"@id\":\"https:\\\/\\\/gliptoneeurope.com\\\/#organization\",\"name\":\"Gliptone Europe\",\"url\":\"https:\\\/\\\/gliptoneeurope.com\\\/\",\"logo\":{\"@type\":\"ImageObject\",\"inLanguage\":\"de\",\"@id\":\"https:\\\/\\\/gliptoneeurope.com\\\/#\\\/schema\\\/logo\\\/image\\\/\",\"url\":\"https:\\\/\\\/gliptoneeurope.com\\\/wp-content\\\/uploads\\\/Gliptone_Logo.png\",\"contentUrl\":\"https:\\\/\\\/gliptoneeurope.com\\\/wp-content\\\/uploads\\\/Gliptone_Logo.png\",\"width\":1472,\"height\":607,\"caption\":\"Gliptone Europe\"},\"image\":{\"@id\":\"https:\\\/\\\/gliptoneeurope.com\\\/#\\\/schema\\\/logo\\\/image\\\/\"},\"sameAs\":[\"https:\\\/\\\/www.facebook.com\\\/gliptoneeurope\\\/\",\"https:\\\/\\\/www.instagram.com\\\/gliptoneeurope\\\/\",\"https:\\\/\\\/www.pinterest.co.uk\\\/GliptoneEurope\\\/\"]}]}<\/script>\n<!-- \/ Yoast SEO Premium plugin. -->","yoast_head_json":{"title":"Lufterfrischer mit Lederduft - Gliptone Europe","description":"Unsere Lederduft-Lufterfrischer erzeugen den Geruch von echtem Leder, wann und wo immer Sie es w\u00fcnschen.","robots":{"index":"index","follow":"follow","max-snippet":"max-snippet:-1","max-image-preview":"max-image-preview:large","max-video-preview":"max-video-preview:-1"},"canonical":"https:\/\/gliptoneeurope.com\/de\/produkt\/leder-duft-lufterfrischer\/","og_locale":"de_DE","og_type":"article","og_title":"Lufterfrischer mit Lederduft","og_description":"Unsere Lederduft-Lufterfrischer erzeugen den Geruch von echtem Leder, wann und wo immer Sie es w\u00fcnschen. F\u00fcr diejenigen, die den brandneuen Ledergeruch","og_url":"https:\/\/gliptoneeurope.com\/de\/produkt\/leder-duft-lufterfrischer\/","og_site_name":"Gliptone Europe","article_publisher":"https:\/\/www.facebook.com\/gliptoneeurope\/","article_modified_time":"2024-02-17T18:20:52+00:00","og_image":[{"width":1469,"height":1468,"url":"https:\/\/gliptoneeurope.com\/wp-content\/uploads\/Leather-Scented-Air-Freshener.jpg","type":"image\/jpeg"}],"twitter_card":"summary_large_image","twitter_misc":{"Gesch\u00e4tzte Lesezeit":"1\u00a0Minute"},"schema":{"@context":"https:\/\/schema.org","@graph":[{"@type":"WebPage","@id":"https:\/\/gliptoneeurope.com\/de\/produkt\/leder-duft-lufterfrischer\/","url":"https:\/\/gliptoneeurope.com\/de\/produkt\/leder-duft-lufterfrischer\/","name":"Lufterfrischer mit Lederduft - Gliptone Europe","isPartOf":{"@id":"https:\/\/gliptoneeurope.com\/#website"},"primaryImageOfPage":{"@id":"https:\/\/gliptoneeurope.com\/de\/produkt\/leder-duft-lufterfrischer\/#primaryimage"},"image":{"@id":"https:\/\/gliptoneeurope.com\/de\/produkt\/leder-duft-lufterfrischer\/#primaryimage"},"thumbnailUrl":"https:\/\/gliptoneeurope.com\/wp-content\/uploads\/Leather-Scented-Air-Freshener.jpg","datePublished":"2021-11-30T11:38:52+00:00","dateModified":"2024-02-17T18:20:52+00:00","description":"Unsere Lederduft-Lufterfrischer erzeugen den Geruch von echtem Leder, wann und wo immer Sie es w\u00fcnschen.","breadcrumb":{"@id":"https:\/\/gliptoneeurope.com\/de\/produkt\/leder-duft-lufterfrischer\/#breadcrumb"},"inLanguage":"de","potentialAction":[{"@type":"ReadAction","target":["https:\/\/gliptoneeurope.com\/de\/produkt\/leder-duft-lufterfrischer\/"]}]},{"@type":"ImageObject","inLanguage":"de","@id":"https:\/\/gliptoneeurope.com\/de\/produkt\/leder-duft-lufterfrischer\/#primaryimage","url":"https:\/\/gliptoneeurope.com\/wp-content\/uploads\/Leather-Scented-Air-Freshener.jpg","contentUrl":"https:\/\/gliptoneeurope.com\/wp-content\/uploads\/Leather-Scented-Air-Freshener.jpg","width":1469,"height":1468},{"@type":"BreadcrumbList","@id":"https:\/\/gliptoneeurope.com\/de\/produkt\/leder-duft-lufterfrischer\/#breadcrumb","itemListElement":[{"@type":"ListItem","position":1,"name":"Home","item":"https:\/\/gliptoneeurope.com\/"},{"@type":"ListItem","position":2,"name":"Shop","item":"https:\/\/gliptoneeurope.com\/de\/shop-2\/"},{"@type":"ListItem","position":3,"name":"Lufterfrischer mit Lederduft"}]},{"@type":"WebSite","@id":"https:\/\/gliptoneeurope.com\/#website","url":"https:\/\/gliptoneeurope.com\/","name":"Gliptone Europe","description":"Professional Car Detailing Products","publisher":{"@id":"https:\/\/gliptoneeurope.com\/#organization"},"potentialAction":[{"@type":"SearchAction","target":{"@type":"EntryPoint","urlTemplate":"https:\/\/gliptoneeurope.com\/?s={search_term_string}"},"query-input":{"@type":"PropertyValueSpecification","valueRequired":true,"valueName":"search_term_string"}}],"inLanguage":"de"},{"@type":"Organization","@id":"https:\/\/gliptoneeurope.com\/#organization","name":"Gliptone Europe","url":"https:\/\/gliptoneeurope.com\/","logo":{"@type":"ImageObject","inLanguage":"de","@id":"https:\/\/gliptoneeurope.com\/#\/schema\/logo\/image\/","url":"https:\/\/gliptoneeurope.com\/wp-content\/uploads\/Gliptone_Logo.png","contentUrl":"https:\/\/gliptoneeurope.com\/wp-content\/uploads\/Gliptone_Logo.png","width":1472,"height":607,"caption":"Gliptone Europe"},"image":{"@id":"https:\/\/gliptoneeurope.com\/#\/schema\/logo\/image\/"},"sameAs":["https:\/\/www.facebook.com\/gliptoneeurope\/","https:\/\/www.instagram.com\/gliptoneeurope\/","https:\/\/www.pinterest.co.uk\/GliptoneEurope\/"]}]}},"wcpa_form_fields":null,"_links":{"self":[{"href":"https:\/\/gliptoneeurope.com\/de\/wp-json\/wp\/v2\/product\/11756","targetHints":{"allow":["GET"]}}],"collection":[{"href":"https:\/\/gliptoneeurope.com\/de\/wp-json\/wp\/v2\/product"}],"about":[{"href":"https:\/\/gliptoneeurope.com\/de\/wp-json\/wp\/v2\/types\/product"}],"wp:featuredmedia":[{"embeddable":true,"href":"https:\/\/gliptoneeurope.com\/de\/wp-json\/wp\/v2\/media\/10683"}],"wp:attachment":[{"href":"https:\/\/gliptoneeurope.com\/de\/wp-json\/wp\/v2\/media?parent=11756"}],"wp:term":[{"taxonomy":"product_brand","embeddable":true,"href":"https:\/\/gliptoneeurope.com\/de\/wp-json\/wp\/v2\/product_brand?post=11756"},{"taxonomy":"product_cat","embeddable":true,"href":"https:\/\/gliptoneeurope.com\/de\/wp-json\/wp\/v2\/product_cat?post=11756"},{"taxonomy":"product_tag","embeddable":true,"href":"https:\/\/gliptoneeurope.com\/de\/wp-json\/wp\/v2\/product_tag?post=11756"}],"curies":[{"name":"wp","href":"https:\/\/api.w.org\/{rel}","templated":true}]}}