{"id":11728,"date":"2021-01-06T14:32:47","date_gmt":"2021-11-30T11:38:45","guid":{"rendered":"https:\/\/gliptoneeurope.com\/product\/softtouch-ultra-premium-mikrofaser-doppelseitige-trocken-und-poliertuecher\/"},"modified":"2021-11-30T11:38:45","modified_gmt":"2021-11-30T11:38:45","slug":"softtouch-ultra-premium-beidseitiges-trocknen-polieren","status":"publish","type":"product","link":"https:\/\/gliptoneeurope.com\/de\/produkt\/softtouch-ultra-premium-beidseitiges-trocknen-polieren\/","title":{"rendered":"Softtouch\u00ae &#8220;Ultra Premium&#8221; Mikrofaser doppelseitige Trocken- und Poliert\u00fccher"},"content":{"rendered":"<p>Die Ultra Premium Softtouch\u00ae Mikrofasert\u00fccher von Gliptone bieten ein weicheres, saugf\u00e4higeres, strapazierf\u00e4higeres und langlebigeres Tuch.<\/p>\n<p>Abgesehen von der Frage der Premium-Zusammensetzung (eine hochwertige Mischung von Inhaltsstoffen, aus denen eine SOFTOUCH\u00ae-Mikrofaser besteht), werden die \u201eULTRA PREMIUM\u201c SOFTOUCH\u00ae-T\u00fccher von Gliptone mit einem h\u00f6heren \u201eGrammgewicht\u201c hergestellt.<\/p>\n<p>Diese Klasse von SOFTOUCH\u00ae-T\u00fcchern wiegt 360 bis 480 GSM (Gramm pro Quadratmeter).<\/p>\n<p>Diese Handt\u00fccher sind doppelseitig mit einer Pl\u00fcsch- und Mikrofaserseite.<\/p>\n","protected":false},"excerpt":{"rendered":"<p>Die Ultra Premium Softtouch\u00ae Mikrofasert\u00fccher von Gliptone bieten ein weicheres, saugf\u00e4higeres, strapazierf\u00e4higeres und langlebigeres Tuch. Abgesehen von der Frage der Premium-Zusammensetzung (eine hochwertige Mischung von Inhaltsstoffen, aus denen eine SOFTOUCH\u00ae-Mikrofaser besteht), werden die \u201eULTRA PREMIUM\u201c SOFTOUCH\u00ae-T\u00fccher von Gliptone mit einem h\u00f6heren \u201eGrammgewicht\u201c hergestellt. Diese Klasse von SOFTOUCH\u00ae-T\u00fcchern wiegt 360 bis 480 GSM (Gramm pro Quadratmeter). [&hellip;]<\/p>\n","protected":false},"featured_media":10731,"template":"","meta":[],"product_brand":[],"product_cat":[115],"product_tag":[],"class_list":{"0":"post-11728","1":"product","2":"type-product","3":"status-publish","4":"has-post-thumbnail","6":"product_cat-zubehor","7":"pa_colour-blau","8":"pa_colour-grau","10":"first","11":"instock","12":"taxable","13":"shipping-taxable","14":"purchasable","15":"product-type-variable"},"yoast_head":"<!-- This site is optimized with the Yoast SEO Premium plugin v21.4 (Yoast SEO v27.4) - https:\/\/yoast.com\/product\/yoast-seo-premium-wordpress\/ -->\n<title>Softtouch\u00ae &quot;Ultra Premium&quot; Mikrofaser doppelseitige Trocken- und Poliert\u00fccher - Gliptone Europe<\/title>\n<meta name=\"description\" content=\"Die Ultra Premium Softtouch\u00ae Mikrofasert\u00fccher von Gliptone bieten ein weicheres, saugf\u00e4higeres, strapazierf\u00e4higeres und langlebigeres Tuch.\" \/>\n<meta name=\"robots\" content=\"index, follow, max-snippet:-1, max-image-preview:large, max-video-preview:-1\" \/>\n<link rel=\"canonical\" href=\"https:\/\/gliptoneeurope.com\/de\/produkt\/softtouch-ultra-premium-beidseitiges-trocknen-polieren\/\" \/>\n<meta property=\"og:locale\" content=\"de_DE\" \/>\n<meta property=\"og:type\" content=\"article\" \/>\n<meta property=\"og:title\" content=\"Softtouch\u00ae &quot;Ultra Premium&quot; Mikrofaser doppelseitige Trocken- und Poliert\u00fccher\" \/>\n<meta property=\"og:description\" content=\"Die Ultra Premium Softtouch\u00ae Mikrofasert\u00fccher von Gliptone bieten ein weicheres, saugf\u00e4higeres, strapazierf\u00e4higeres und langlebigeres Tuch. Abgesehen von\" \/>\n<meta property=\"og:url\" content=\"https:\/\/gliptoneeurope.com\/de\/produkt\/softtouch-ultra-premium-beidseitiges-trocknen-polieren\/\" \/>\n<meta property=\"og:site_name\" content=\"Gliptone Europe\" \/>\n<meta property=\"article:publisher\" content=\"https:\/\/www.facebook.com\/gliptoneeurope\/\" \/>\n<meta property=\"og:image\" content=\"https:\/\/gliptoneeurope.com\/wp-content\/uploads\/SOFTOUCH\u00ae-ULTRA-PREMIUM-MICROFIBER-DUAL-SIDED-DRYING-POLISHING-2.jpg\" \/>\n\t<meta property=\"og:image:width\" content=\"1881\" \/>\n\t<meta property=\"og:image:height\" content=\"1881\" \/>\n\t<meta property=\"og:image:type\" content=\"image\/jpeg\" \/>\n<meta name=\"twitter:card\" content=\"summary_large_image\" \/>\n<script type=\"application\/ld+json\" class=\"yoast-schema-graph\">{\"@context\":\"https:\\\/\\\/schema.org\",\"@graph\":[{\"@type\":\"WebPage\",\"@id\":\"https:\\\/\\\/gliptoneeurope.com\\\/de\\\/produkt\\\/softtouch-ultra-premium-beidseitiges-trocknen-polieren\\\/\",\"url\":\"https:\\\/\\\/gliptoneeurope.com\\\/de\\\/produkt\\\/softtouch-ultra-premium-beidseitiges-trocknen-polieren\\\/\",\"name\":\"Softtouch\u00ae \\\"Ultra Premium\\\" Mikrofaser doppelseitige Trocken- und Poliert\u00fccher - Gliptone Europe\",\"isPartOf\":{\"@id\":\"https:\\\/\\\/gliptoneeurope.com\\\/#website\"},\"primaryImageOfPage\":{\"@id\":\"https:\\\/\\\/gliptoneeurope.com\\\/de\\\/produkt\\\/softtouch-ultra-premium-beidseitiges-trocknen-polieren\\\/#primaryimage\"},\"image\":{\"@id\":\"https:\\\/\\\/gliptoneeurope.com\\\/de\\\/produkt\\\/softtouch-ultra-premium-beidseitiges-trocknen-polieren\\\/#primaryimage\"},\"thumbnailUrl\":\"https:\\\/\\\/gliptoneeurope.com\\\/wp-content\\\/uploads\\\/SOFTOUCH\u00ae-ULTRA-PREMIUM-MICROFIBER-DUAL-SIDED-DRYING-POLISHING-2.jpg\",\"datePublished\":\"2021-11-30T11:38:45+00:00\",\"description\":\"Die Ultra Premium Softtouch\u00ae Mikrofasert\u00fccher von Gliptone bieten ein weicheres, saugf\u00e4higeres, strapazierf\u00e4higeres und langlebigeres Tuch.\",\"breadcrumb\":{\"@id\":\"https:\\\/\\\/gliptoneeurope.com\\\/de\\\/produkt\\\/softtouch-ultra-premium-beidseitiges-trocknen-polieren\\\/#breadcrumb\"},\"inLanguage\":\"de\",\"potentialAction\":[{\"@type\":\"ReadAction\",\"target\":[\"https:\\\/\\\/gliptoneeurope.com\\\/de\\\/produkt\\\/softtouch-ultra-premium-beidseitiges-trocknen-polieren\\\/\"]}]},{\"@type\":\"ImageObject\",\"inLanguage\":\"de\",\"@id\":\"https:\\\/\\\/gliptoneeurope.com\\\/de\\\/produkt\\\/softtouch-ultra-premium-beidseitiges-trocknen-polieren\\\/#primaryimage\",\"url\":\"https:\\\/\\\/gliptoneeurope.com\\\/wp-content\\\/uploads\\\/SOFTOUCH\u00ae-ULTRA-PREMIUM-MICROFIBER-DUAL-SIDED-DRYING-POLISHING-2.jpg\",\"contentUrl\":\"https:\\\/\\\/gliptoneeurope.com\\\/wp-content\\\/uploads\\\/SOFTOUCH\u00ae-ULTRA-PREMIUM-MICROFIBER-DUAL-SIDED-DRYING-POLISHING-2.jpg\",\"width\":1881,\"height\":1881},{\"@type\":\"BreadcrumbList\",\"@id\":\"https:\\\/\\\/gliptoneeurope.com\\\/de\\\/produkt\\\/softtouch-ultra-premium-beidseitiges-trocknen-polieren\\\/#breadcrumb\",\"itemListElement\":[{\"@type\":\"ListItem\",\"position\":1,\"name\":\"Home\",\"item\":\"https:\\\/\\\/gliptoneeurope.com\\\/\"},{\"@type\":\"ListItem\",\"position\":2,\"name\":\"Shop\",\"item\":\"https:\\\/\\\/gliptoneeurope.com\\\/de\\\/shop-2\\\/\"},{\"@type\":\"ListItem\",\"position\":3,\"name\":\"Softtouch\u00ae &#8220;Ultra Premium&#8221; Mikrofaser doppelseitige Trocken- und Poliert\u00fccher\"}]},{\"@type\":\"WebSite\",\"@id\":\"https:\\\/\\\/gliptoneeurope.com\\\/#website\",\"url\":\"https:\\\/\\\/gliptoneeurope.com\\\/\",\"name\":\"Gliptone Europe\",\"description\":\"Professional Car Detailing Products\",\"publisher\":{\"@id\":\"https:\\\/\\\/gliptoneeurope.com\\\/#organization\"},\"potentialAction\":[{\"@type\":\"SearchAction\",\"target\":{\"@type\":\"EntryPoint\",\"urlTemplate\":\"https:\\\/\\\/gliptoneeurope.com\\\/?s={search_term_string}\"},\"query-input\":{\"@type\":\"PropertyValueSpecification\",\"valueRequired\":true,\"valueName\":\"search_term_string\"}}],\"inLanguage\":\"de\"},{\"@type\":\"Organization\",\"@id\":\"https:\\\/\\\/gliptoneeurope.com\\\/#organization\",\"name\":\"Gliptone Europe\",\"url\":\"https:\\\/\\\/gliptoneeurope.com\\\/\",\"logo\":{\"@type\":\"ImageObject\",\"inLanguage\":\"de\",\"@id\":\"https:\\\/\\\/gliptoneeurope.com\\\/#\\\/schema\\\/logo\\\/image\\\/\",\"url\":\"https:\\\/\\\/gliptoneeurope.com\\\/wp-content\\\/uploads\\\/Gliptone_Logo.png\",\"contentUrl\":\"https:\\\/\\\/gliptoneeurope.com\\\/wp-content\\\/uploads\\\/Gliptone_Logo.png\",\"width\":1472,\"height\":607,\"caption\":\"Gliptone Europe\"},\"image\":{\"@id\":\"https:\\\/\\\/gliptoneeurope.com\\\/#\\\/schema\\\/logo\\\/image\\\/\"},\"sameAs\":[\"https:\\\/\\\/www.facebook.com\\\/gliptoneeurope\\\/\",\"https:\\\/\\\/www.instagram.com\\\/gliptoneeurope\\\/\",\"https:\\\/\\\/www.pinterest.co.uk\\\/GliptoneEurope\\\/\"]}]}<\/script>\n<!-- \/ Yoast SEO Premium plugin. -->","yoast_head_json":{"title":"Softtouch\u00ae \"Ultra Premium\" Mikrofaser doppelseitige Trocken- und Poliert\u00fccher - Gliptone Europe","description":"Die Ultra Premium Softtouch\u00ae Mikrofasert\u00fccher von Gliptone bieten ein weicheres, saugf\u00e4higeres, strapazierf\u00e4higeres und langlebigeres Tuch.","robots":{"index":"index","follow":"follow","max-snippet":"max-snippet:-1","max-image-preview":"max-image-preview:large","max-video-preview":"max-video-preview:-1"},"canonical":"https:\/\/gliptoneeurope.com\/de\/produkt\/softtouch-ultra-premium-beidseitiges-trocknen-polieren\/","og_locale":"de_DE","og_type":"article","og_title":"Softtouch\u00ae \"Ultra Premium\" Mikrofaser doppelseitige Trocken- und Poliert\u00fccher","og_description":"Die Ultra Premium Softtouch\u00ae Mikrofasert\u00fccher von Gliptone bieten ein weicheres, saugf\u00e4higeres, strapazierf\u00e4higeres und langlebigeres Tuch. Abgesehen von","og_url":"https:\/\/gliptoneeurope.com\/de\/produkt\/softtouch-ultra-premium-beidseitiges-trocknen-polieren\/","og_site_name":"Gliptone Europe","article_publisher":"https:\/\/www.facebook.com\/gliptoneeurope\/","og_image":[{"width":1881,"height":1881,"url":"https:\/\/gliptoneeurope.com\/wp-content\/uploads\/SOFTOUCH\u00ae-ULTRA-PREMIUM-MICROFIBER-DUAL-SIDED-DRYING-POLISHING-2.jpg","type":"image\/jpeg"}],"twitter_card":"summary_large_image","schema":{"@context":"https:\/\/schema.org","@graph":[{"@type":"WebPage","@id":"https:\/\/gliptoneeurope.com\/de\/produkt\/softtouch-ultra-premium-beidseitiges-trocknen-polieren\/","url":"https:\/\/gliptoneeurope.com\/de\/produkt\/softtouch-ultra-premium-beidseitiges-trocknen-polieren\/","name":"Softtouch\u00ae \"Ultra Premium\" Mikrofaser doppelseitige Trocken- und Poliert\u00fccher - Gliptone Europe","isPartOf":{"@id":"https:\/\/gliptoneeurope.com\/#website"},"primaryImageOfPage":{"@id":"https:\/\/gliptoneeurope.com\/de\/produkt\/softtouch-ultra-premium-beidseitiges-trocknen-polieren\/#primaryimage"},"image":{"@id":"https:\/\/gliptoneeurope.com\/de\/produkt\/softtouch-ultra-premium-beidseitiges-trocknen-polieren\/#primaryimage"},"thumbnailUrl":"https:\/\/gliptoneeurope.com\/wp-content\/uploads\/SOFTOUCH\u00ae-ULTRA-PREMIUM-MICROFIBER-DUAL-SIDED-DRYING-POLISHING-2.jpg","datePublished":"2021-11-30T11:38:45+00:00","description":"Die Ultra Premium Softtouch\u00ae Mikrofasert\u00fccher von Gliptone bieten ein weicheres, saugf\u00e4higeres, strapazierf\u00e4higeres und langlebigeres Tuch.","breadcrumb":{"@id":"https:\/\/gliptoneeurope.com\/de\/produkt\/softtouch-ultra-premium-beidseitiges-trocknen-polieren\/#breadcrumb"},"inLanguage":"de","potentialAction":[{"@type":"ReadAction","target":["https:\/\/gliptoneeurope.com\/de\/produkt\/softtouch-ultra-premium-beidseitiges-trocknen-polieren\/"]}]},{"@type":"ImageObject","inLanguage":"de","@id":"https:\/\/gliptoneeurope.com\/de\/produkt\/softtouch-ultra-premium-beidseitiges-trocknen-polieren\/#primaryimage","url":"https:\/\/gliptoneeurope.com\/wp-content\/uploads\/SOFTOUCH\u00ae-ULTRA-PREMIUM-MICROFIBER-DUAL-SIDED-DRYING-POLISHING-2.jpg","contentUrl":"https:\/\/gliptoneeurope.com\/wp-content\/uploads\/SOFTOUCH\u00ae-ULTRA-PREMIUM-MICROFIBER-DUAL-SIDED-DRYING-POLISHING-2.jpg","width":1881,"height":1881},{"@type":"BreadcrumbList","@id":"https:\/\/gliptoneeurope.com\/de\/produkt\/softtouch-ultra-premium-beidseitiges-trocknen-polieren\/#breadcrumb","itemListElement":[{"@type":"ListItem","position":1,"name":"Home","item":"https:\/\/gliptoneeurope.com\/"},{"@type":"ListItem","position":2,"name":"Shop","item":"https:\/\/gliptoneeurope.com\/de\/shop-2\/"},{"@type":"ListItem","position":3,"name":"Softtouch\u00ae &#8220;Ultra Premium&#8221; Mikrofaser doppelseitige Trocken- und Poliert\u00fccher"}]},{"@type":"WebSite","@id":"https:\/\/gliptoneeurope.com\/#website","url":"https:\/\/gliptoneeurope.com\/","name":"Gliptone Europe","description":"Professional Car Detailing Products","publisher":{"@id":"https:\/\/gliptoneeurope.com\/#organization"},"potentialAction":[{"@type":"SearchAction","target":{"@type":"EntryPoint","urlTemplate":"https:\/\/gliptoneeurope.com\/?s={search_term_string}"},"query-input":{"@type":"PropertyValueSpecification","valueRequired":true,"valueName":"search_term_string"}}],"inLanguage":"de"},{"@type":"Organization","@id":"https:\/\/gliptoneeurope.com\/#organization","name":"Gliptone Europe","url":"https:\/\/gliptoneeurope.com\/","logo":{"@type":"ImageObject","inLanguage":"de","@id":"https:\/\/gliptoneeurope.com\/#\/schema\/logo\/image\/","url":"https:\/\/gliptoneeurope.com\/wp-content\/uploads\/Gliptone_Logo.png","contentUrl":"https:\/\/gliptoneeurope.com\/wp-content\/uploads\/Gliptone_Logo.png","width":1472,"height":607,"caption":"Gliptone Europe"},"image":{"@id":"https:\/\/gliptoneeurope.com\/#\/schema\/logo\/image\/"},"sameAs":["https:\/\/www.facebook.com\/gliptoneeurope\/","https:\/\/www.instagram.com\/gliptoneeurope\/","https:\/\/www.pinterest.co.uk\/GliptoneEurope\/"]}]}},"wcpa_form_fields":null,"_links":{"self":[{"href":"https:\/\/gliptoneeurope.com\/de\/wp-json\/wp\/v2\/product\/11728","targetHints":{"allow":["GET"]}}],"collection":[{"href":"https:\/\/gliptoneeurope.com\/de\/wp-json\/wp\/v2\/product"}],"about":[{"href":"https:\/\/gliptoneeurope.com\/de\/wp-json\/wp\/v2\/types\/product"}],"wp:featuredmedia":[{"embeddable":true,"href":"https:\/\/gliptoneeurope.com\/de\/wp-json\/wp\/v2\/media\/10731"}],"wp:attachment":[{"href":"https:\/\/gliptoneeurope.com\/de\/wp-json\/wp\/v2\/media?parent=11728"}],"wp:term":[{"taxonomy":"product_brand","embeddable":true,"href":"https:\/\/gliptoneeurope.com\/de\/wp-json\/wp\/v2\/product_brand?post=11728"},{"taxonomy":"product_cat","embeddable":true,"href":"https:\/\/gliptoneeurope.com\/de\/wp-json\/wp\/v2\/product_cat?post=11728"},{"taxonomy":"product_tag","embeddable":true,"href":"https:\/\/gliptoneeurope.com\/de\/wp-json\/wp\/v2\/product_tag?post=11728"}],"curies":[{"name":"wp","href":"https:\/\/api.w.org\/{rel}","templated":true}]}}