{"id":11606,"date":"2021-05-11T13:36:34","date_gmt":"2021-11-30T11:37:05","guid":{"rendered":"https:\/\/gliptoneeurope.com\/product\/schaumpolsterpolitur-950ml-32oz\/"},"modified":"2021-11-30T11:37:05","modified_gmt":"2021-11-30T11:37:05","slug":"schaum-pad-politur-950ml-32oz","status":"publish","type":"product","link":"https:\/\/gliptoneeurope.com\/de\/produkt\/schaum-pad-politur-950ml-32oz\/","title":{"rendered":"Schaumpolsterpolitur 950ml (32oz)"},"content":{"rendered":"<p>Unser Foam Pad Polish ist eine silikonfreie Politur, die als letzter Polierschritt mit einem weichen, abschlie\u00dfenden Schaumpad verwendet werden sollte.<\/p>\n<p>Diese einzigartige Politurformulierung erzeugt einen umwerfenden Glanz und entfernt gleichzeitig Pufferwirbel und Mikrooberfl\u00e4chenfehler. Auch wirksam bei der Entfernung von Oxidation.<\/p>\n<p>Die Politur enth\u00e4lt keine Silikone oder Wachse und ist f\u00fcr den Einsatz in der Karosseriewerkstatt geeignet.<\/p>\n<p>Unsere <a href=\"https:\/\/gliptoneeurope.com\/product\/clear-coat-polish\/\">Klarlackpolitur<\/a> ist eine gro\u00dfartige Alternative f\u00fcr den pers\u00f6nlichen Gebrauch, erh\u00e4ltlich in einer 470ml (16oz) Flasche.<\/p>\n<p>F\u00fcr eine professionelle Alternative empfehlen wir die Verwendung von <a href=\"https:\/\/gliptoneeurope.com\/product\/cherry-bomb-1-gall-3-8l\/\">Cherry Bomb<\/a> , die in einer 3,8-Liter-Flasche (1 Gallus) erh\u00e4ltlich ist.<\/p>\n","protected":false},"excerpt":{"rendered":"<p>Unser Foam Pad Polish ist eine silikonfreie Politur, die als letzter Polierschritt mit einem weichen, abschlie\u00dfenden Schaumpad verwendet werden sollte. Diese einzigartige Politurformulierung erzeugt einen umwerfenden Glanz und entfernt gleichzeitig Pufferwirbel und Mikrooberfl\u00e4chenfehler. Auch wirksam bei der Entfernung von Oxidation. Die Politur enth\u00e4lt keine Silikone oder Wachse und ist f\u00fcr den Einsatz in der Karosseriewerkstatt [&hellip;]<\/p>\n","protected":false},"featured_media":10913,"template":"","meta":[],"product_brand":[],"product_cat":[106,95,111],"product_tag":[],"class_list":{"0":"post-11606","1":"product","2":"type-product","3":"status-publish","4":"has-post-thumbnail","6":"product_cat-ausendetailer-polituren","7":"product_cat-neue-produkte","8":"product_cat-profi-produkte","10":"first","11":"instock","12":"taxable","13":"shipping-taxable","14":"purchasable","15":"product-type-simple"},"yoast_head":"<!-- This site is optimized with the Yoast SEO Premium plugin v21.4 (Yoast SEO v27.4) - https:\/\/yoast.com\/product\/yoast-seo-premium-wordpress\/ -->\n<title>Schaumpolsterpolitur 950ml (32oz) - Gliptone Europe<\/title>\n<meta name=\"description\" content=\"Unser Foam Pad Polish ist eine silikonfreie Politur, die als letzter Polierschritt mit einem weichen, abschlie\u00dfenden Schaumpad verwendet werden sollte.\" \/>\n<meta name=\"robots\" content=\"index, follow, max-snippet:-1, max-image-preview:large, max-video-preview:-1\" \/>\n<link rel=\"canonical\" href=\"https:\/\/gliptoneeurope.com\/produkt\/foam-pad-polish-950ml-32oz\/\" \/>\n<meta property=\"og:locale\" content=\"de_DE\" \/>\n<meta property=\"og:type\" content=\"article\" \/>\n<meta property=\"og:title\" content=\"Schaumpolsterpolitur 950ml (32oz)\" \/>\n<meta property=\"og:description\" content=\"Unser Foam Pad Polish ist eine silikonfreie Politur, die als letzter Polierschritt mit einem weichen, abschlie\u00dfenden Schaumpad verwendet werden sollte.\" \/>\n<meta property=\"og:url\" content=\"https:\/\/gliptoneeurope.com\/produkt\/foam-pad-polish-950ml-32oz\/\" \/>\n<meta property=\"og:site_name\" content=\"Gliptone Europe\" \/>\n<meta property=\"article:publisher\" content=\"https:\/\/www.facebook.com\/gliptoneeurope\/\" \/>\n<meta property=\"og:image\" content=\"https:\/\/gliptoneeurope.com\/wp-content\/uploads\/Foam-Pad-Polish-950ml-32oz.jpg\" \/>\n\t<meta property=\"og:image:width\" content=\"1405\" \/>\n\t<meta property=\"og:image:height\" content=\"1406\" \/>\n\t<meta property=\"og:image:type\" content=\"image\/jpeg\" \/>\n<meta name=\"twitter:card\" content=\"summary_large_image\" \/>\n<meta name=\"twitter:label1\" content=\"Gesch\u00e4tzte Lesezeit\" \/>\n\t<meta name=\"twitter:data1\" content=\"1\u00a0Minute\" \/>\n<script type=\"application\/ld+json\" class=\"yoast-schema-graph\">{\"@context\":\"https:\\\/\\\/schema.org\",\"@graph\":[{\"@type\":\"WebPage\",\"@id\":\"https:\\\/\\\/gliptoneeurope.com\\\/produkt\\\/foam-pad-polish-950ml-32oz\\\/\",\"url\":\"https:\\\/\\\/gliptoneeurope.com\\\/produkt\\\/foam-pad-polish-950ml-32oz\\\/\",\"name\":\"Schaumpolsterpolitur 950ml (32oz) - Gliptone Europe\",\"isPartOf\":{\"@id\":\"https:\\\/\\\/gliptoneeurope.com\\\/#website\"},\"primaryImageOfPage\":{\"@id\":\"https:\\\/\\\/gliptoneeurope.com\\\/produkt\\\/foam-pad-polish-950ml-32oz\\\/#primaryimage\"},\"image\":{\"@id\":\"https:\\\/\\\/gliptoneeurope.com\\\/produkt\\\/foam-pad-polish-950ml-32oz\\\/#primaryimage\"},\"thumbnailUrl\":\"https:\\\/\\\/gliptoneeurope.com\\\/wp-content\\\/uploads\\\/Foam-Pad-Polish-950ml-32oz.jpg\",\"datePublished\":\"2021-11-30T11:37:05+00:00\",\"description\":\"Unser Foam Pad Polish ist eine silikonfreie Politur, die als letzter Polierschritt mit einem weichen, abschlie\u00dfenden Schaumpad verwendet werden sollte.\",\"breadcrumb\":{\"@id\":\"https:\\\/\\\/gliptoneeurope.com\\\/produkt\\\/foam-pad-polish-950ml-32oz\\\/#breadcrumb\"},\"inLanguage\":\"de\",\"potentialAction\":[{\"@type\":\"ReadAction\",\"target\":[\"https:\\\/\\\/gliptoneeurope.com\\\/produkt\\\/foam-pad-polish-950ml-32oz\\\/\"]}]},{\"@type\":\"ImageObject\",\"inLanguage\":\"de\",\"@id\":\"https:\\\/\\\/gliptoneeurope.com\\\/produkt\\\/foam-pad-polish-950ml-32oz\\\/#primaryimage\",\"url\":\"https:\\\/\\\/gliptoneeurope.com\\\/wp-content\\\/uploads\\\/Foam-Pad-Polish-950ml-32oz.jpg\",\"contentUrl\":\"https:\\\/\\\/gliptoneeurope.com\\\/wp-content\\\/uploads\\\/Foam-Pad-Polish-950ml-32oz.jpg\",\"width\":1405,\"height\":1406},{\"@type\":\"BreadcrumbList\",\"@id\":\"https:\\\/\\\/gliptoneeurope.com\\\/produkt\\\/foam-pad-polish-950ml-32oz\\\/#breadcrumb\",\"itemListElement\":[{\"@type\":\"ListItem\",\"position\":1,\"name\":\"Home\",\"item\":\"https:\\\/\\\/gliptoneeurope.com\\\/\"},{\"@type\":\"ListItem\",\"position\":2,\"name\":\"Shop\",\"item\":\"https:\\\/\\\/gliptoneeurope.com\\\/de\\\/shop-2\\\/\"},{\"@type\":\"ListItem\",\"position\":3,\"name\":\"Schaumpolsterpolitur 950ml (32oz)\"}]},{\"@type\":\"WebSite\",\"@id\":\"https:\\\/\\\/gliptoneeurope.com\\\/#website\",\"url\":\"https:\\\/\\\/gliptoneeurope.com\\\/\",\"name\":\"Gliptone Europe\",\"description\":\"Professional Car Detailing Products\",\"publisher\":{\"@id\":\"https:\\\/\\\/gliptoneeurope.com\\\/#organization\"},\"potentialAction\":[{\"@type\":\"SearchAction\",\"target\":{\"@type\":\"EntryPoint\",\"urlTemplate\":\"https:\\\/\\\/gliptoneeurope.com\\\/?s={search_term_string}\"},\"query-input\":{\"@type\":\"PropertyValueSpecification\",\"valueRequired\":true,\"valueName\":\"search_term_string\"}}],\"inLanguage\":\"de\"},{\"@type\":\"Organization\",\"@id\":\"https:\\\/\\\/gliptoneeurope.com\\\/#organization\",\"name\":\"Gliptone Europe\",\"url\":\"https:\\\/\\\/gliptoneeurope.com\\\/\",\"logo\":{\"@type\":\"ImageObject\",\"inLanguage\":\"de\",\"@id\":\"https:\\\/\\\/gliptoneeurope.com\\\/#\\\/schema\\\/logo\\\/image\\\/\",\"url\":\"https:\\\/\\\/gliptoneeurope.com\\\/wp-content\\\/uploads\\\/Gliptone_Logo.png\",\"contentUrl\":\"https:\\\/\\\/gliptoneeurope.com\\\/wp-content\\\/uploads\\\/Gliptone_Logo.png\",\"width\":1472,\"height\":607,\"caption\":\"Gliptone Europe\"},\"image\":{\"@id\":\"https:\\\/\\\/gliptoneeurope.com\\\/#\\\/schema\\\/logo\\\/image\\\/\"},\"sameAs\":[\"https:\\\/\\\/www.facebook.com\\\/gliptoneeurope\\\/\",\"https:\\\/\\\/www.instagram.com\\\/gliptoneeurope\\\/\",\"https:\\\/\\\/www.pinterest.co.uk\\\/GliptoneEurope\\\/\"]}]}<\/script>\n<!-- \/ Yoast SEO Premium plugin. -->","yoast_head_json":{"title":"Schaumpolsterpolitur 950ml (32oz) - Gliptone Europe","description":"Unser Foam Pad Polish ist eine silikonfreie Politur, die als letzter Polierschritt mit einem weichen, abschlie\u00dfenden Schaumpad verwendet werden sollte.","robots":{"index":"index","follow":"follow","max-snippet":"max-snippet:-1","max-image-preview":"max-image-preview:large","max-video-preview":"max-video-preview:-1"},"canonical":"https:\/\/gliptoneeurope.com\/produkt\/foam-pad-polish-950ml-32oz\/","og_locale":"de_DE","og_type":"article","og_title":"Schaumpolsterpolitur 950ml (32oz)","og_description":"Unser Foam Pad Polish ist eine silikonfreie Politur, die als letzter Polierschritt mit einem weichen, abschlie\u00dfenden Schaumpad verwendet werden sollte.","og_url":"https:\/\/gliptoneeurope.com\/produkt\/foam-pad-polish-950ml-32oz\/","og_site_name":"Gliptone Europe","article_publisher":"https:\/\/www.facebook.com\/gliptoneeurope\/","og_image":[{"width":1405,"height":1406,"url":"https:\/\/gliptoneeurope.com\/wp-content\/uploads\/Foam-Pad-Polish-950ml-32oz.jpg","type":"image\/jpeg"}],"twitter_card":"summary_large_image","twitter_misc":{"Gesch\u00e4tzte Lesezeit":"1\u00a0Minute"},"schema":{"@context":"https:\/\/schema.org","@graph":[{"@type":"WebPage","@id":"https:\/\/gliptoneeurope.com\/produkt\/foam-pad-polish-950ml-32oz\/","url":"https:\/\/gliptoneeurope.com\/produkt\/foam-pad-polish-950ml-32oz\/","name":"Schaumpolsterpolitur 950ml (32oz) - Gliptone Europe","isPartOf":{"@id":"https:\/\/gliptoneeurope.com\/#website"},"primaryImageOfPage":{"@id":"https:\/\/gliptoneeurope.com\/produkt\/foam-pad-polish-950ml-32oz\/#primaryimage"},"image":{"@id":"https:\/\/gliptoneeurope.com\/produkt\/foam-pad-polish-950ml-32oz\/#primaryimage"},"thumbnailUrl":"https:\/\/gliptoneeurope.com\/wp-content\/uploads\/Foam-Pad-Polish-950ml-32oz.jpg","datePublished":"2021-11-30T11:37:05+00:00","description":"Unser Foam Pad Polish ist eine silikonfreie Politur, die als letzter Polierschritt mit einem weichen, abschlie\u00dfenden Schaumpad verwendet werden sollte.","breadcrumb":{"@id":"https:\/\/gliptoneeurope.com\/produkt\/foam-pad-polish-950ml-32oz\/#breadcrumb"},"inLanguage":"de","potentialAction":[{"@type":"ReadAction","target":["https:\/\/gliptoneeurope.com\/produkt\/foam-pad-polish-950ml-32oz\/"]}]},{"@type":"ImageObject","inLanguage":"de","@id":"https:\/\/gliptoneeurope.com\/produkt\/foam-pad-polish-950ml-32oz\/#primaryimage","url":"https:\/\/gliptoneeurope.com\/wp-content\/uploads\/Foam-Pad-Polish-950ml-32oz.jpg","contentUrl":"https:\/\/gliptoneeurope.com\/wp-content\/uploads\/Foam-Pad-Polish-950ml-32oz.jpg","width":1405,"height":1406},{"@type":"BreadcrumbList","@id":"https:\/\/gliptoneeurope.com\/produkt\/foam-pad-polish-950ml-32oz\/#breadcrumb","itemListElement":[{"@type":"ListItem","position":1,"name":"Home","item":"https:\/\/gliptoneeurope.com\/"},{"@type":"ListItem","position":2,"name":"Shop","item":"https:\/\/gliptoneeurope.com\/de\/shop-2\/"},{"@type":"ListItem","position":3,"name":"Schaumpolsterpolitur 950ml (32oz)"}]},{"@type":"WebSite","@id":"https:\/\/gliptoneeurope.com\/#website","url":"https:\/\/gliptoneeurope.com\/","name":"Gliptone Europe","description":"Professional Car Detailing Products","publisher":{"@id":"https:\/\/gliptoneeurope.com\/#organization"},"potentialAction":[{"@type":"SearchAction","target":{"@type":"EntryPoint","urlTemplate":"https:\/\/gliptoneeurope.com\/?s={search_term_string}"},"query-input":{"@type":"PropertyValueSpecification","valueRequired":true,"valueName":"search_term_string"}}],"inLanguage":"de"},{"@type":"Organization","@id":"https:\/\/gliptoneeurope.com\/#organization","name":"Gliptone Europe","url":"https:\/\/gliptoneeurope.com\/","logo":{"@type":"ImageObject","inLanguage":"de","@id":"https:\/\/gliptoneeurope.com\/#\/schema\/logo\/image\/","url":"https:\/\/gliptoneeurope.com\/wp-content\/uploads\/Gliptone_Logo.png","contentUrl":"https:\/\/gliptoneeurope.com\/wp-content\/uploads\/Gliptone_Logo.png","width":1472,"height":607,"caption":"Gliptone Europe"},"image":{"@id":"https:\/\/gliptoneeurope.com\/#\/schema\/logo\/image\/"},"sameAs":["https:\/\/www.facebook.com\/gliptoneeurope\/","https:\/\/www.instagram.com\/gliptoneeurope\/","https:\/\/www.pinterest.co.uk\/GliptoneEurope\/"]}]}},"wcpa_form_fields":null,"_links":{"self":[{"href":"https:\/\/gliptoneeurope.com\/de\/wp-json\/wp\/v2\/product\/11606","targetHints":{"allow":["GET"]}}],"collection":[{"href":"https:\/\/gliptoneeurope.com\/de\/wp-json\/wp\/v2\/product"}],"about":[{"href":"https:\/\/gliptoneeurope.com\/de\/wp-json\/wp\/v2\/types\/product"}],"wp:featuredmedia":[{"embeddable":true,"href":"https:\/\/gliptoneeurope.com\/de\/wp-json\/wp\/v2\/media\/10913"}],"wp:attachment":[{"href":"https:\/\/gliptoneeurope.com\/de\/wp-json\/wp\/v2\/media?parent=11606"}],"wp:term":[{"taxonomy":"product_brand","embeddable":true,"href":"https:\/\/gliptoneeurope.com\/de\/wp-json\/wp\/v2\/product_brand?post=11606"},{"taxonomy":"product_cat","embeddable":true,"href":"https:\/\/gliptoneeurope.com\/de\/wp-json\/wp\/v2\/product_cat?post=11606"},{"taxonomy":"product_tag","embeddable":true,"href":"https:\/\/gliptoneeurope.com\/de\/wp-json\/wp\/v2\/product_tag?post=11606"}],"curies":[{"name":"wp","href":"https:\/\/api.w.org\/{rel}","templated":true}]}}