{"id":11589,"date":"2021-05-11T13:36:33","date_gmt":"2021-11-30T11:36:58","guid":{"rendered":"https:\/\/gliptoneeurope.com\/product\/citrus-magic-allzweckreiniger-510g-18oz\/"},"modified":"2021-11-30T11:36:58","modified_gmt":"2021-11-30T11:36:58","slug":"citrus-magic-allzweckreiniger-510g-18oz","status":"publish","type":"product","link":"https:\/\/gliptoneeurope.com\/de\/produkt\/citrus-magic-allzweckreiniger-510g-18oz\/","title":{"rendered":"Citrus Magic Allzweckreiniger 510g (18oz)"},"content":{"rendered":"<p>Citrus Magic ist unser neuer Allzweckreiniger, der mit orangefarbenen Zitrusl\u00f6sungsmitteln formuliert wurde, um selbst den hartn\u00e4ckigsten Schmutz und Schmutz zu entfernen.<\/p>\n<p>Die Formel hilft, schmutzige Handabdr\u00fccke von W\u00e4nden und T\u00fcren, Abriebspuren von B\u00f6den, Badewannenringe, Ru\u00df, Fett, Rauchfilm, \u00d6l, leichte Kohle, Staub, Lippenstift und Buntstifte zu entfernen.<\/p>\n<p>Nach dem Auftragen desodoriert es die behandelte Stelle w\u00e4hrend der Reinigung und hinterl\u00e4sst es frisch, sauber und riecht gut.<\/p>\n<p>W\u00e4hlen Sie Citrus Magic gegen\u00fcber unserem <a href=\"https:\/\/gliptoneeurope.com\/product\/muscle-foam-multipurpose-aerosol-cleaner\/\">Muscle Foam Cleaner<\/a> &#x2122; f\u00fcr alle Reinigungsanwendungen von harten Oberfl\u00e4chen wie T\u00fcrpfosten und Paneelen.<\/p>\n<p>Unser spezieller Mehrzweckreiniger und Entfetter <a href=\"https:\/\/gliptoneeurope.com\/product\/ultra-cleaner-1-gall-3-8l\/\">Ultra Cleaner<\/a> ist eine gro\u00dfartige Alternative f\u00fcr den professionellen Gebrauch, erh\u00e4ltlich in einer 3,8-Liter-Flasche (1 Gall).<\/p>\n","protected":false},"excerpt":{"rendered":"<p>Citrus Magic ist unser neuer Allzweckreiniger, der mit orangefarbenen Zitrusl\u00f6sungsmitteln formuliert wurde, um selbst den hartn\u00e4ckigsten Schmutz und Schmutz zu entfernen. Die Formel hilft, schmutzige Handabdr\u00fccke von W\u00e4nden und T\u00fcren, Abriebspuren von B\u00f6den, Badewannenringe, Ru\u00df, Fett, Rauchfilm, \u00d6l, leichte Kohle, Staub, Lippenstift und Buntstifte zu entfernen. Nach dem Auftragen desodoriert es die behandelte Stelle w\u00e4hrend [&hellip;]<\/p>\n","protected":false},"featured_media":10929,"template":"","meta":[],"product_brand":[],"product_cat":[95,119],"product_tag":[],"class_list":{"0":"post-11589","1":"product","2":"type-product","3":"status-publish","4":"has-post-thumbnail","6":"product_cat-neue-produkte","7":"product_cat-vorbereitung-reinigung","9":"first","10":"instock","11":"taxable","12":"shipping-taxable","13":"purchasable","14":"product-type-simple"},"yoast_head":"<!-- This site is optimized with the Yoast SEO Premium plugin v21.4 (Yoast SEO v27.4) - https:\/\/yoast.com\/product\/yoast-seo-premium-wordpress\/ -->\n<title>Citrus Magic Allzweckreiniger 510g (18oz) - Gliptone Europe<\/title>\n<meta name=\"description\" content=\"Citrus Magic ist unser neuer Allzweckreiniger, der mit orangefarbenen Zitrusl\u00f6sungsmitteln formuliert wurde, um selbst den hartn\u00e4ckigsten Schmutz und Schmutz zu entfernen.\" \/>\n<meta name=\"robots\" content=\"index, follow, max-snippet:-1, max-image-preview:large, max-video-preview:-1\" \/>\n<link rel=\"canonical\" href=\"https:\/\/gliptoneeurope.com\/de\/produkt\/citrus-magic-allzweckreiniger-510g-18oz\/\" \/>\n<meta property=\"og:locale\" content=\"de_DE\" \/>\n<meta property=\"og:type\" content=\"article\" \/>\n<meta property=\"og:title\" content=\"Citrus Magic Allzweckreiniger 510g (18oz)\" \/>\n<meta property=\"og:description\" content=\"Citrus Magic ist unser neuer Allzweckreiniger, der mit orangefarbenen Zitrusl\u00f6sungsmitteln formuliert wurde, um selbst den hartn\u00e4ckigsten Schmutz und\" \/>\n<meta property=\"og:url\" content=\"https:\/\/gliptoneeurope.com\/de\/produkt\/citrus-magic-allzweckreiniger-510g-18oz\/\" \/>\n<meta property=\"og:site_name\" content=\"Gliptone Europe\" \/>\n<meta property=\"article:publisher\" content=\"https:\/\/www.facebook.com\/gliptoneeurope\/\" \/>\n<meta property=\"og:image\" content=\"https:\/\/gliptoneeurope.com\/wp-content\/uploads\/Citrus-Magic-All-Purpose-Cleaner-510g-18oz.jpg\" \/>\n\t<meta property=\"og:image:width\" content=\"1525\" \/>\n\t<meta property=\"og:image:height\" content=\"1525\" \/>\n\t<meta property=\"og:image:type\" content=\"image\/jpeg\" \/>\n<meta name=\"twitter:card\" content=\"summary_large_image\" \/>\n<meta name=\"twitter:label1\" content=\"Gesch\u00e4tzte Lesezeit\" \/>\n\t<meta name=\"twitter:data1\" content=\"1\u00a0Minute\" \/>\n<script type=\"application\/ld+json\" class=\"yoast-schema-graph\">{\"@context\":\"https:\\\/\\\/schema.org\",\"@graph\":[{\"@type\":\"WebPage\",\"@id\":\"https:\\\/\\\/gliptoneeurope.com\\\/de\\\/produkt\\\/citrus-magic-allzweckreiniger-510g-18oz\\\/\",\"url\":\"https:\\\/\\\/gliptoneeurope.com\\\/de\\\/produkt\\\/citrus-magic-allzweckreiniger-510g-18oz\\\/\",\"name\":\"Citrus Magic Allzweckreiniger 510g (18oz) - Gliptone Europe\",\"isPartOf\":{\"@id\":\"https:\\\/\\\/gliptoneeurope.com\\\/#website\"},\"primaryImageOfPage\":{\"@id\":\"https:\\\/\\\/gliptoneeurope.com\\\/de\\\/produkt\\\/citrus-magic-allzweckreiniger-510g-18oz\\\/#primaryimage\"},\"image\":{\"@id\":\"https:\\\/\\\/gliptoneeurope.com\\\/de\\\/produkt\\\/citrus-magic-allzweckreiniger-510g-18oz\\\/#primaryimage\"},\"thumbnailUrl\":\"https:\\\/\\\/gliptoneeurope.com\\\/wp-content\\\/uploads\\\/Citrus-Magic-All-Purpose-Cleaner-510g-18oz.jpg\",\"datePublished\":\"2021-11-30T11:36:58+00:00\",\"description\":\"Citrus Magic ist unser neuer Allzweckreiniger, der mit orangefarbenen Zitrusl\u00f6sungsmitteln formuliert wurde, um selbst den hartn\u00e4ckigsten Schmutz und Schmutz zu entfernen.\",\"breadcrumb\":{\"@id\":\"https:\\\/\\\/gliptoneeurope.com\\\/de\\\/produkt\\\/citrus-magic-allzweckreiniger-510g-18oz\\\/#breadcrumb\"},\"inLanguage\":\"de\",\"potentialAction\":[{\"@type\":\"ReadAction\",\"target\":[\"https:\\\/\\\/gliptoneeurope.com\\\/de\\\/produkt\\\/citrus-magic-allzweckreiniger-510g-18oz\\\/\"]}]},{\"@type\":\"ImageObject\",\"inLanguage\":\"de\",\"@id\":\"https:\\\/\\\/gliptoneeurope.com\\\/de\\\/produkt\\\/citrus-magic-allzweckreiniger-510g-18oz\\\/#primaryimage\",\"url\":\"https:\\\/\\\/gliptoneeurope.com\\\/wp-content\\\/uploads\\\/Citrus-Magic-All-Purpose-Cleaner-510g-18oz.jpg\",\"contentUrl\":\"https:\\\/\\\/gliptoneeurope.com\\\/wp-content\\\/uploads\\\/Citrus-Magic-All-Purpose-Cleaner-510g-18oz.jpg\",\"width\":1525,\"height\":1525},{\"@type\":\"BreadcrumbList\",\"@id\":\"https:\\\/\\\/gliptoneeurope.com\\\/de\\\/produkt\\\/citrus-magic-allzweckreiniger-510g-18oz\\\/#breadcrumb\",\"itemListElement\":[{\"@type\":\"ListItem\",\"position\":1,\"name\":\"Home\",\"item\":\"https:\\\/\\\/gliptoneeurope.com\\\/\"},{\"@type\":\"ListItem\",\"position\":2,\"name\":\"Shop\",\"item\":\"https:\\\/\\\/gliptoneeurope.com\\\/de\\\/shop-2\\\/\"},{\"@type\":\"ListItem\",\"position\":3,\"name\":\"Citrus Magic Allzweckreiniger 510g (18oz)\"}]},{\"@type\":\"WebSite\",\"@id\":\"https:\\\/\\\/gliptoneeurope.com\\\/#website\",\"url\":\"https:\\\/\\\/gliptoneeurope.com\\\/\",\"name\":\"Gliptone Europe\",\"description\":\"Professional Car Detailing Products\",\"publisher\":{\"@id\":\"https:\\\/\\\/gliptoneeurope.com\\\/#organization\"},\"potentialAction\":[{\"@type\":\"SearchAction\",\"target\":{\"@type\":\"EntryPoint\",\"urlTemplate\":\"https:\\\/\\\/gliptoneeurope.com\\\/?s={search_term_string}\"},\"query-input\":{\"@type\":\"PropertyValueSpecification\",\"valueRequired\":true,\"valueName\":\"search_term_string\"}}],\"inLanguage\":\"de\"},{\"@type\":\"Organization\",\"@id\":\"https:\\\/\\\/gliptoneeurope.com\\\/#organization\",\"name\":\"Gliptone Europe\",\"url\":\"https:\\\/\\\/gliptoneeurope.com\\\/\",\"logo\":{\"@type\":\"ImageObject\",\"inLanguage\":\"de\",\"@id\":\"https:\\\/\\\/gliptoneeurope.com\\\/#\\\/schema\\\/logo\\\/image\\\/\",\"url\":\"https:\\\/\\\/gliptoneeurope.com\\\/wp-content\\\/uploads\\\/Gliptone_Logo.png\",\"contentUrl\":\"https:\\\/\\\/gliptoneeurope.com\\\/wp-content\\\/uploads\\\/Gliptone_Logo.png\",\"width\":1472,\"height\":607,\"caption\":\"Gliptone Europe\"},\"image\":{\"@id\":\"https:\\\/\\\/gliptoneeurope.com\\\/#\\\/schema\\\/logo\\\/image\\\/\"},\"sameAs\":[\"https:\\\/\\\/www.facebook.com\\\/gliptoneeurope\\\/\",\"https:\\\/\\\/www.instagram.com\\\/gliptoneeurope\\\/\",\"https:\\\/\\\/www.pinterest.co.uk\\\/GliptoneEurope\\\/\"]}]}<\/script>\n<!-- \/ Yoast SEO Premium plugin. -->","yoast_head_json":{"title":"Citrus Magic Allzweckreiniger 510g (18oz) - Gliptone Europe","description":"Citrus Magic ist unser neuer Allzweckreiniger, der mit orangefarbenen Zitrusl\u00f6sungsmitteln formuliert wurde, um selbst den hartn\u00e4ckigsten Schmutz und Schmutz zu entfernen.","robots":{"index":"index","follow":"follow","max-snippet":"max-snippet:-1","max-image-preview":"max-image-preview:large","max-video-preview":"max-video-preview:-1"},"canonical":"https:\/\/gliptoneeurope.com\/de\/produkt\/citrus-magic-allzweckreiniger-510g-18oz\/","og_locale":"de_DE","og_type":"article","og_title":"Citrus Magic Allzweckreiniger 510g (18oz)","og_description":"Citrus Magic ist unser neuer Allzweckreiniger, der mit orangefarbenen Zitrusl\u00f6sungsmitteln formuliert wurde, um selbst den hartn\u00e4ckigsten Schmutz und","og_url":"https:\/\/gliptoneeurope.com\/de\/produkt\/citrus-magic-allzweckreiniger-510g-18oz\/","og_site_name":"Gliptone Europe","article_publisher":"https:\/\/www.facebook.com\/gliptoneeurope\/","og_image":[{"width":1525,"height":1525,"url":"https:\/\/gliptoneeurope.com\/wp-content\/uploads\/Citrus-Magic-All-Purpose-Cleaner-510g-18oz.jpg","type":"image\/jpeg"}],"twitter_card":"summary_large_image","twitter_misc":{"Gesch\u00e4tzte Lesezeit":"1\u00a0Minute"},"schema":{"@context":"https:\/\/schema.org","@graph":[{"@type":"WebPage","@id":"https:\/\/gliptoneeurope.com\/de\/produkt\/citrus-magic-allzweckreiniger-510g-18oz\/","url":"https:\/\/gliptoneeurope.com\/de\/produkt\/citrus-magic-allzweckreiniger-510g-18oz\/","name":"Citrus Magic Allzweckreiniger 510g (18oz) - Gliptone Europe","isPartOf":{"@id":"https:\/\/gliptoneeurope.com\/#website"},"primaryImageOfPage":{"@id":"https:\/\/gliptoneeurope.com\/de\/produkt\/citrus-magic-allzweckreiniger-510g-18oz\/#primaryimage"},"image":{"@id":"https:\/\/gliptoneeurope.com\/de\/produkt\/citrus-magic-allzweckreiniger-510g-18oz\/#primaryimage"},"thumbnailUrl":"https:\/\/gliptoneeurope.com\/wp-content\/uploads\/Citrus-Magic-All-Purpose-Cleaner-510g-18oz.jpg","datePublished":"2021-11-30T11:36:58+00:00","description":"Citrus Magic ist unser neuer Allzweckreiniger, der mit orangefarbenen Zitrusl\u00f6sungsmitteln formuliert wurde, um selbst den hartn\u00e4ckigsten Schmutz und Schmutz zu entfernen.","breadcrumb":{"@id":"https:\/\/gliptoneeurope.com\/de\/produkt\/citrus-magic-allzweckreiniger-510g-18oz\/#breadcrumb"},"inLanguage":"de","potentialAction":[{"@type":"ReadAction","target":["https:\/\/gliptoneeurope.com\/de\/produkt\/citrus-magic-allzweckreiniger-510g-18oz\/"]}]},{"@type":"ImageObject","inLanguage":"de","@id":"https:\/\/gliptoneeurope.com\/de\/produkt\/citrus-magic-allzweckreiniger-510g-18oz\/#primaryimage","url":"https:\/\/gliptoneeurope.com\/wp-content\/uploads\/Citrus-Magic-All-Purpose-Cleaner-510g-18oz.jpg","contentUrl":"https:\/\/gliptoneeurope.com\/wp-content\/uploads\/Citrus-Magic-All-Purpose-Cleaner-510g-18oz.jpg","width":1525,"height":1525},{"@type":"BreadcrumbList","@id":"https:\/\/gliptoneeurope.com\/de\/produkt\/citrus-magic-allzweckreiniger-510g-18oz\/#breadcrumb","itemListElement":[{"@type":"ListItem","position":1,"name":"Home","item":"https:\/\/gliptoneeurope.com\/"},{"@type":"ListItem","position":2,"name":"Shop","item":"https:\/\/gliptoneeurope.com\/de\/shop-2\/"},{"@type":"ListItem","position":3,"name":"Citrus Magic Allzweckreiniger 510g (18oz)"}]},{"@type":"WebSite","@id":"https:\/\/gliptoneeurope.com\/#website","url":"https:\/\/gliptoneeurope.com\/","name":"Gliptone Europe","description":"Professional Car Detailing Products","publisher":{"@id":"https:\/\/gliptoneeurope.com\/#organization"},"potentialAction":[{"@type":"SearchAction","target":{"@type":"EntryPoint","urlTemplate":"https:\/\/gliptoneeurope.com\/?s={search_term_string}"},"query-input":{"@type":"PropertyValueSpecification","valueRequired":true,"valueName":"search_term_string"}}],"inLanguage":"de"},{"@type":"Organization","@id":"https:\/\/gliptoneeurope.com\/#organization","name":"Gliptone Europe","url":"https:\/\/gliptoneeurope.com\/","logo":{"@type":"ImageObject","inLanguage":"de","@id":"https:\/\/gliptoneeurope.com\/#\/schema\/logo\/image\/","url":"https:\/\/gliptoneeurope.com\/wp-content\/uploads\/Gliptone_Logo.png","contentUrl":"https:\/\/gliptoneeurope.com\/wp-content\/uploads\/Gliptone_Logo.png","width":1472,"height":607,"caption":"Gliptone Europe"},"image":{"@id":"https:\/\/gliptoneeurope.com\/#\/schema\/logo\/image\/"},"sameAs":["https:\/\/www.facebook.com\/gliptoneeurope\/","https:\/\/www.instagram.com\/gliptoneeurope\/","https:\/\/www.pinterest.co.uk\/GliptoneEurope\/"]}]}},"wcpa_form_fields":null,"_links":{"self":[{"href":"https:\/\/gliptoneeurope.com\/de\/wp-json\/wp\/v2\/product\/11589","targetHints":{"allow":["GET"]}}],"collection":[{"href":"https:\/\/gliptoneeurope.com\/de\/wp-json\/wp\/v2\/product"}],"about":[{"href":"https:\/\/gliptoneeurope.com\/de\/wp-json\/wp\/v2\/types\/product"}],"wp:featuredmedia":[{"embeddable":true,"href":"https:\/\/gliptoneeurope.com\/de\/wp-json\/wp\/v2\/media\/10929"}],"wp:attachment":[{"href":"https:\/\/gliptoneeurope.com\/de\/wp-json\/wp\/v2\/media?parent=11589"}],"wp:term":[{"taxonomy":"product_brand","embeddable":true,"href":"https:\/\/gliptoneeurope.com\/de\/wp-json\/wp\/v2\/product_brand?post=11589"},{"taxonomy":"product_cat","embeddable":true,"href":"https:\/\/gliptoneeurope.com\/de\/wp-json\/wp\/v2\/product_cat?post=11589"},{"taxonomy":"product_tag","embeddable":true,"href":"https:\/\/gliptoneeurope.com\/de\/wp-json\/wp\/v2\/product_tag?post=11589"}],"curies":[{"name":"wp","href":"https:\/\/api.w.org\/{rel}","templated":true}]}}