{"id":11587,"date":"2021-05-11T13:36:32","date_gmt":"2021-11-30T11:36:56","guid":{"rendered":"https:\/\/gliptoneeurope.com\/product\/bumper-medic-950ml-32oz\/"},"modified":"2021-11-30T11:36:56","modified_gmt":"2021-11-30T11:36:56","slug":"bumper-medic-950ml-32oz-2","status":"publish","type":"product","link":"https:\/\/gliptoneeurope.com\/de\/produkt\/bumper-medic-950ml-32oz-2\/","title":{"rendered":"Bumper Medic 950ml (32oz)"},"content":{"rendered":"<p>Bumper Medic ist unsere dicke Silikongel-Behandlung, die perfekt f\u00fcr jede Abnutzung der \u00e4u\u00dferen Sto\u00dff\u00e4nger- und Karosserieformteile entwickelt wurde.<\/p>\n<p>Nach dem Auftragen stellt die Formel Farbe, Tiefe und Glanz von verblichenem Gummi, Kunststoffsto\u00dff\u00e4ngern und Au\u00dfenverkleidungsteilen wieder her.<\/p>\n<p>Das Endergebnis der Behandlung h\u00e4lt Wochen an, wir empfehlen nicht, das Produkt auf Vinyl-Tops zu verwenden.<\/p>\n","protected":false},"excerpt":{"rendered":"<p>Bumper Medic ist unsere dicke Silikongel-Behandlung, die perfekt f\u00fcr jede Abnutzung der \u00e4u\u00dferen Sto\u00dff\u00e4nger- und Karosserieformteile entwickelt wurde. Nach dem Auftragen stellt die Formel Farbe, Tiefe und Glanz von verblichenem Gummi, Kunststoffsto\u00dff\u00e4ngern und Au\u00dfenverkleidungsteilen wieder her. Das Endergebnis der Behandlung h\u00e4lt Wochen an, wir empfehlen nicht, das Produkt auf Vinyl-Tops zu verwenden.<\/p>\n","protected":false},"featured_media":10933,"template":"","meta":[],"product_brand":[],"product_cat":[95,111,119],"product_tag":[],"class_list":{"0":"post-11587","1":"product","2":"type-product","3":"status-publish","4":"has-post-thumbnail","6":"product_cat-neue-produkte","7":"product_cat-profi-produkte","8":"product_cat-vorbereitung-reinigung","10":"first","11":"instock","12":"taxable","13":"shipping-taxable","14":"purchasable","15":"product-type-simple"},"yoast_head":"<!-- This site is optimized with the Yoast SEO Premium plugin v21.4 (Yoast SEO v27.4) - https:\/\/yoast.com\/product\/yoast-seo-premium-wordpress\/ -->\n<title>Bumper Medic 950ml (32oz) - Gliptone Europe<\/title>\n<meta name=\"description\" content=\"Bumper Medic ist unsere dicke Silikongel-Behandlung, die perfekt f\u00fcr jede Abnutzung der \u00e4u\u00dferen Sto\u00dff\u00e4nger- und Karosserieformteile entwickelt wurde.\" \/>\n<meta name=\"robots\" content=\"index, follow, max-snippet:-1, max-image-preview:large, max-video-preview:-1\" \/>\n<link rel=\"canonical\" href=\"https:\/\/gliptoneeurope.com\/produkt\/bumper-medic-950ml-32oz\/\" \/>\n<meta property=\"og:locale\" content=\"de_DE\" \/>\n<meta property=\"og:type\" content=\"article\" \/>\n<meta property=\"og:title\" content=\"Bumper Medic 950ml (32oz)\" \/>\n<meta property=\"og:description\" content=\"Bumper Medic ist unsere dicke Silikongel-Behandlung, die perfekt f\u00fcr jede Abnutzung der \u00e4u\u00dferen Sto\u00dff\u00e4nger- und Karosserieformteile entwickelt wurde. Nach\" \/>\n<meta property=\"og:url\" content=\"https:\/\/gliptoneeurope.com\/produkt\/bumper-medic-950ml-32oz\/\" \/>\n<meta property=\"og:site_name\" content=\"Gliptone Europe\" \/>\n<meta property=\"article:publisher\" content=\"https:\/\/www.facebook.com\/gliptoneeurope\/\" \/>\n<meta property=\"og:image\" content=\"https:\/\/gliptoneeurope.com\/wp-content\/uploads\/Bumper-Medic-950ml-32oz.jpg\" \/>\n\t<meta property=\"og:image:width\" content=\"1400\" \/>\n\t<meta property=\"og:image:height\" content=\"1400\" \/>\n\t<meta property=\"og:image:type\" content=\"image\/jpeg\" \/>\n<meta name=\"twitter:card\" content=\"summary_large_image\" \/>\n<script type=\"application\/ld+json\" class=\"yoast-schema-graph\">{\"@context\":\"https:\\\/\\\/schema.org\",\"@graph\":[{\"@type\":\"WebPage\",\"@id\":\"https:\\\/\\\/gliptoneeurope.com\\\/produkt\\\/bumper-medic-950ml-32oz\\\/\",\"url\":\"https:\\\/\\\/gliptoneeurope.com\\\/produkt\\\/bumper-medic-950ml-32oz\\\/\",\"name\":\"Bumper Medic 950ml (32oz) - Gliptone Europe\",\"isPartOf\":{\"@id\":\"https:\\\/\\\/gliptoneeurope.com\\\/#website\"},\"primaryImageOfPage\":{\"@id\":\"https:\\\/\\\/gliptoneeurope.com\\\/produkt\\\/bumper-medic-950ml-32oz\\\/#primaryimage\"},\"image\":{\"@id\":\"https:\\\/\\\/gliptoneeurope.com\\\/produkt\\\/bumper-medic-950ml-32oz\\\/#primaryimage\"},\"thumbnailUrl\":\"https:\\\/\\\/gliptoneeurope.com\\\/wp-content\\\/uploads\\\/Bumper-Medic-950ml-32oz.jpg\",\"datePublished\":\"2021-11-30T11:36:56+00:00\",\"description\":\"Bumper Medic ist unsere dicke Silikongel-Behandlung, die perfekt f\u00fcr jede Abnutzung der \u00e4u\u00dferen Sto\u00dff\u00e4nger- und Karosserieformteile entwickelt wurde.\",\"breadcrumb\":{\"@id\":\"https:\\\/\\\/gliptoneeurope.com\\\/produkt\\\/bumper-medic-950ml-32oz\\\/#breadcrumb\"},\"inLanguage\":\"de\",\"potentialAction\":[{\"@type\":\"ReadAction\",\"target\":[\"https:\\\/\\\/gliptoneeurope.com\\\/produkt\\\/bumper-medic-950ml-32oz\\\/\"]}]},{\"@type\":\"ImageObject\",\"inLanguage\":\"de\",\"@id\":\"https:\\\/\\\/gliptoneeurope.com\\\/produkt\\\/bumper-medic-950ml-32oz\\\/#primaryimage\",\"url\":\"https:\\\/\\\/gliptoneeurope.com\\\/wp-content\\\/uploads\\\/Bumper-Medic-950ml-32oz.jpg\",\"contentUrl\":\"https:\\\/\\\/gliptoneeurope.com\\\/wp-content\\\/uploads\\\/Bumper-Medic-950ml-32oz.jpg\",\"width\":1400,\"height\":1400},{\"@type\":\"BreadcrumbList\",\"@id\":\"https:\\\/\\\/gliptoneeurope.com\\\/produkt\\\/bumper-medic-950ml-32oz\\\/#breadcrumb\",\"itemListElement\":[{\"@type\":\"ListItem\",\"position\":1,\"name\":\"Home\",\"item\":\"https:\\\/\\\/gliptoneeurope.com\\\/\"},{\"@type\":\"ListItem\",\"position\":2,\"name\":\"Shop\",\"item\":\"https:\\\/\\\/gliptoneeurope.com\\\/de\\\/shop-2\\\/\"},{\"@type\":\"ListItem\",\"position\":3,\"name\":\"Bumper Medic 950ml (32oz)\"}]},{\"@type\":\"WebSite\",\"@id\":\"https:\\\/\\\/gliptoneeurope.com\\\/#website\",\"url\":\"https:\\\/\\\/gliptoneeurope.com\\\/\",\"name\":\"Gliptone Europe\",\"description\":\"Professional Car Detailing Products\",\"publisher\":{\"@id\":\"https:\\\/\\\/gliptoneeurope.com\\\/#organization\"},\"potentialAction\":[{\"@type\":\"SearchAction\",\"target\":{\"@type\":\"EntryPoint\",\"urlTemplate\":\"https:\\\/\\\/gliptoneeurope.com\\\/?s={search_term_string}\"},\"query-input\":{\"@type\":\"PropertyValueSpecification\",\"valueRequired\":true,\"valueName\":\"search_term_string\"}}],\"inLanguage\":\"de\"},{\"@type\":\"Organization\",\"@id\":\"https:\\\/\\\/gliptoneeurope.com\\\/#organization\",\"name\":\"Gliptone Europe\",\"url\":\"https:\\\/\\\/gliptoneeurope.com\\\/\",\"logo\":{\"@type\":\"ImageObject\",\"inLanguage\":\"de\",\"@id\":\"https:\\\/\\\/gliptoneeurope.com\\\/#\\\/schema\\\/logo\\\/image\\\/\",\"url\":\"https:\\\/\\\/gliptoneeurope.com\\\/wp-content\\\/uploads\\\/Gliptone_Logo.png\",\"contentUrl\":\"https:\\\/\\\/gliptoneeurope.com\\\/wp-content\\\/uploads\\\/Gliptone_Logo.png\",\"width\":1472,\"height\":607,\"caption\":\"Gliptone Europe\"},\"image\":{\"@id\":\"https:\\\/\\\/gliptoneeurope.com\\\/#\\\/schema\\\/logo\\\/image\\\/\"},\"sameAs\":[\"https:\\\/\\\/www.facebook.com\\\/gliptoneeurope\\\/\",\"https:\\\/\\\/www.instagram.com\\\/gliptoneeurope\\\/\",\"https:\\\/\\\/www.pinterest.co.uk\\\/GliptoneEurope\\\/\"]}]}<\/script>\n<!-- \/ Yoast SEO Premium plugin. -->","yoast_head_json":{"title":"Bumper Medic 950ml (32oz) - Gliptone Europe","description":"Bumper Medic ist unsere dicke Silikongel-Behandlung, die perfekt f\u00fcr jede Abnutzung der \u00e4u\u00dferen Sto\u00dff\u00e4nger- und Karosserieformteile entwickelt wurde.","robots":{"index":"index","follow":"follow","max-snippet":"max-snippet:-1","max-image-preview":"max-image-preview:large","max-video-preview":"max-video-preview:-1"},"canonical":"https:\/\/gliptoneeurope.com\/produkt\/bumper-medic-950ml-32oz\/","og_locale":"de_DE","og_type":"article","og_title":"Bumper Medic 950ml (32oz)","og_description":"Bumper Medic ist unsere dicke Silikongel-Behandlung, die perfekt f\u00fcr jede Abnutzung der \u00e4u\u00dferen Sto\u00dff\u00e4nger- und Karosserieformteile entwickelt wurde. Nach","og_url":"https:\/\/gliptoneeurope.com\/produkt\/bumper-medic-950ml-32oz\/","og_site_name":"Gliptone Europe","article_publisher":"https:\/\/www.facebook.com\/gliptoneeurope\/","og_image":[{"width":1400,"height":1400,"url":"https:\/\/gliptoneeurope.com\/wp-content\/uploads\/Bumper-Medic-950ml-32oz.jpg","type":"image\/jpeg"}],"twitter_card":"summary_large_image","schema":{"@context":"https:\/\/schema.org","@graph":[{"@type":"WebPage","@id":"https:\/\/gliptoneeurope.com\/produkt\/bumper-medic-950ml-32oz\/","url":"https:\/\/gliptoneeurope.com\/produkt\/bumper-medic-950ml-32oz\/","name":"Bumper Medic 950ml (32oz) - Gliptone Europe","isPartOf":{"@id":"https:\/\/gliptoneeurope.com\/#website"},"primaryImageOfPage":{"@id":"https:\/\/gliptoneeurope.com\/produkt\/bumper-medic-950ml-32oz\/#primaryimage"},"image":{"@id":"https:\/\/gliptoneeurope.com\/produkt\/bumper-medic-950ml-32oz\/#primaryimage"},"thumbnailUrl":"https:\/\/gliptoneeurope.com\/wp-content\/uploads\/Bumper-Medic-950ml-32oz.jpg","datePublished":"2021-11-30T11:36:56+00:00","description":"Bumper Medic ist unsere dicke Silikongel-Behandlung, die perfekt f\u00fcr jede Abnutzung der \u00e4u\u00dferen Sto\u00dff\u00e4nger- und Karosserieformteile entwickelt wurde.","breadcrumb":{"@id":"https:\/\/gliptoneeurope.com\/produkt\/bumper-medic-950ml-32oz\/#breadcrumb"},"inLanguage":"de","potentialAction":[{"@type":"ReadAction","target":["https:\/\/gliptoneeurope.com\/produkt\/bumper-medic-950ml-32oz\/"]}]},{"@type":"ImageObject","inLanguage":"de","@id":"https:\/\/gliptoneeurope.com\/produkt\/bumper-medic-950ml-32oz\/#primaryimage","url":"https:\/\/gliptoneeurope.com\/wp-content\/uploads\/Bumper-Medic-950ml-32oz.jpg","contentUrl":"https:\/\/gliptoneeurope.com\/wp-content\/uploads\/Bumper-Medic-950ml-32oz.jpg","width":1400,"height":1400},{"@type":"BreadcrumbList","@id":"https:\/\/gliptoneeurope.com\/produkt\/bumper-medic-950ml-32oz\/#breadcrumb","itemListElement":[{"@type":"ListItem","position":1,"name":"Home","item":"https:\/\/gliptoneeurope.com\/"},{"@type":"ListItem","position":2,"name":"Shop","item":"https:\/\/gliptoneeurope.com\/de\/shop-2\/"},{"@type":"ListItem","position":3,"name":"Bumper Medic 950ml (32oz)"}]},{"@type":"WebSite","@id":"https:\/\/gliptoneeurope.com\/#website","url":"https:\/\/gliptoneeurope.com\/","name":"Gliptone Europe","description":"Professional Car Detailing Products","publisher":{"@id":"https:\/\/gliptoneeurope.com\/#organization"},"potentialAction":[{"@type":"SearchAction","target":{"@type":"EntryPoint","urlTemplate":"https:\/\/gliptoneeurope.com\/?s={search_term_string}"},"query-input":{"@type":"PropertyValueSpecification","valueRequired":true,"valueName":"search_term_string"}}],"inLanguage":"de"},{"@type":"Organization","@id":"https:\/\/gliptoneeurope.com\/#organization","name":"Gliptone Europe","url":"https:\/\/gliptoneeurope.com\/","logo":{"@type":"ImageObject","inLanguage":"de","@id":"https:\/\/gliptoneeurope.com\/#\/schema\/logo\/image\/","url":"https:\/\/gliptoneeurope.com\/wp-content\/uploads\/Gliptone_Logo.png","contentUrl":"https:\/\/gliptoneeurope.com\/wp-content\/uploads\/Gliptone_Logo.png","width":1472,"height":607,"caption":"Gliptone Europe"},"image":{"@id":"https:\/\/gliptoneeurope.com\/#\/schema\/logo\/image\/"},"sameAs":["https:\/\/www.facebook.com\/gliptoneeurope\/","https:\/\/www.instagram.com\/gliptoneeurope\/","https:\/\/www.pinterest.co.uk\/GliptoneEurope\/"]}]}},"wcpa_form_fields":null,"_links":{"self":[{"href":"https:\/\/gliptoneeurope.com\/de\/wp-json\/wp\/v2\/product\/11587","targetHints":{"allow":["GET"]}}],"collection":[{"href":"https:\/\/gliptoneeurope.com\/de\/wp-json\/wp\/v2\/product"}],"about":[{"href":"https:\/\/gliptoneeurope.com\/de\/wp-json\/wp\/v2\/types\/product"}],"wp:featuredmedia":[{"embeddable":true,"href":"https:\/\/gliptoneeurope.com\/de\/wp-json\/wp\/v2\/media\/10933"}],"wp:attachment":[{"href":"https:\/\/gliptoneeurope.com\/de\/wp-json\/wp\/v2\/media?parent=11587"}],"wp:term":[{"taxonomy":"product_brand","embeddable":true,"href":"https:\/\/gliptoneeurope.com\/de\/wp-json\/wp\/v2\/product_brand?post=11587"},{"taxonomy":"product_cat","embeddable":true,"href":"https:\/\/gliptoneeurope.com\/de\/wp-json\/wp\/v2\/product_cat?post=11587"},{"taxonomy":"product_tag","embeddable":true,"href":"https:\/\/gliptoneeurope.com\/de\/wp-json\/wp\/v2\/product_tag?post=11587"}],"curies":[{"name":"wp","href":"https:\/\/api.w.org\/{rel}","templated":true}]}}