{"id":11585,"date":"2021-05-11T13:36:34","date_gmt":"2021-11-30T11:36:55","guid":{"rendered":"https:\/\/gliptoneeurope.com\/product\/glasreiniger-1-gall-3-8l\/"},"modified":"2021-11-30T11:36:55","modified_gmt":"2021-11-30T11:36:55","slug":"glasreiniger-1-galle-3-8l","status":"publish","type":"product","link":"https:\/\/gliptoneeurope.com\/de\/produkt\/glasreiniger-1-galle-3-8l\/","title":{"rendered":"Glasreiniger 1 Gall. (3.8L)"},"content":{"rendered":"<p>Unser Glasreiniger-Konzentrat ist eine stark verd\u00fcnnbare Formulierung, die sich perfekt f\u00fcr Autowaschanlagen oder den pers\u00f6nlichen Gebrauch zum Reinigen Ihres Autos eignet, wo maximale Wirtschaftlichkeit und Leistung erforderlich sind.<\/p>\n<p>Die Formel hinterl\u00e4sst keine Streifen oder schadet der Fenstert\u00f6nung. Zur Anwendung einfach bis zu 30:1 verd\u00fcnnen.<\/p>\n<p><a href=\"https:\/\/gliptoneeurope.com\/product\/heavy-duty-glass-cleaner\/\">Heavy-Duty Glasreiniger<\/a> ist eine gro\u00dfartige Alternative f\u00fcr den pers\u00f6nlichen Gebrauch, erh\u00e4ltlich in einer 510ml (18oz) Aerosolflasche.<\/p>\n","protected":false},"excerpt":{"rendered":"<p>Unser Glasreiniger-Konzentrat ist eine stark verd\u00fcnnbare Formulierung, die sich perfekt f\u00fcr Autowaschanlagen oder den pers\u00f6nlichen Gebrauch zum Reinigen Ihres Autos eignet, wo maximale Wirtschaftlichkeit und Leistung erforderlich sind. Die Formel hinterl\u00e4sst keine Streifen oder schadet der Fenstert\u00f6nung. Zur Anwendung einfach bis zu 30:1 verd\u00fcnnen. Heavy-Duty Glasreiniger ist eine gro\u00dfartige Alternative f\u00fcr den pers\u00f6nlichen Gebrauch, erh\u00e4ltlich [&hellip;]<\/p>\n","protected":false},"featured_media":10915,"template":"","meta":[],"product_brand":[],"product_cat":[95,111],"product_tag":[],"class_list":{"0":"post-11585","1":"product","2":"type-product","3":"status-publish","4":"has-post-thumbnail","6":"product_cat-neue-produkte","7":"product_cat-profi-produkte","9":"first","10":"instock","11":"taxable","12":"shipping-taxable","13":"purchasable","14":"product-type-simple"},"yoast_head":"<!-- This site is optimized with the Yoast SEO Premium plugin v21.4 (Yoast SEO v27.5) - https:\/\/yoast.com\/product\/yoast-seo-premium-wordpress\/ -->\n<title>Glasreiniger 1 Gall. (3.8L) - Gliptone Europe<\/title>\n<meta name=\"description\" content=\"Unser Glasreiniger-Konzentrat ist eine stark verd\u00fcnnbare Formulierung, die sich perfekt f\u00fcr Autowaschanlagen oder den pers\u00f6nlichen Gebrauch zum Reinigen Ihres Autos eignet.\" \/>\n<meta name=\"robots\" content=\"index, follow, max-snippet:-1, max-image-preview:large, max-video-preview:-1\" \/>\n<link rel=\"canonical\" href=\"https:\/\/gliptoneeurope.com\/produkt\/glass-cleaner-1-gall-3-8l\/\" \/>\n<meta property=\"og:locale\" content=\"de_DE\" \/>\n<meta property=\"og:type\" content=\"article\" \/>\n<meta property=\"og:title\" content=\"Glasreiniger 1 Gall. (3.8L)\" \/>\n<meta property=\"og:description\" content=\"Unser Glasreiniger-Konzentrat ist eine stark verd\u00fcnnbare Formulierung, die sich perfekt f\u00fcr Autowaschanlagen oder den pers\u00f6nlichen Gebrauch zum Reinigen\" \/>\n<meta property=\"og:url\" content=\"https:\/\/gliptoneeurope.com\/produkt\/glass-cleaner-1-gall-3-8l\/\" \/>\n<meta property=\"og:site_name\" content=\"Gliptone Europe\" \/>\n<meta property=\"article:publisher\" content=\"https:\/\/www.facebook.com\/gliptoneeurope\/\" \/>\n<meta property=\"og:image\" content=\"https:\/\/gliptoneeurope.com\/wp-content\/uploads\/Glass-Cleaner-1-Gall-3.8L.jpg\" \/>\n\t<meta property=\"og:image:width\" content=\"1551\" \/>\n\t<meta property=\"og:image:height\" content=\"1550\" \/>\n\t<meta property=\"og:image:type\" content=\"image\/jpeg\" \/>\n<meta name=\"twitter:card\" content=\"summary_large_image\" \/>\n<script type=\"application\/ld+json\" class=\"yoast-schema-graph\">{\"@context\":\"https:\\\/\\\/schema.org\",\"@graph\":[{\"@type\":\"WebPage\",\"@id\":\"https:\\\/\\\/gliptoneeurope.com\\\/produkt\\\/glass-cleaner-1-gall-3-8l\\\/\",\"url\":\"https:\\\/\\\/gliptoneeurope.com\\\/produkt\\\/glass-cleaner-1-gall-3-8l\\\/\",\"name\":\"Glasreiniger 1 Gall. (3.8L) - Gliptone Europe\",\"isPartOf\":{\"@id\":\"https:\\\/\\\/gliptoneeurope.com\\\/#website\"},\"primaryImageOfPage\":{\"@id\":\"https:\\\/\\\/gliptoneeurope.com\\\/produkt\\\/glass-cleaner-1-gall-3-8l\\\/#primaryimage\"},\"image\":{\"@id\":\"https:\\\/\\\/gliptoneeurope.com\\\/produkt\\\/glass-cleaner-1-gall-3-8l\\\/#primaryimage\"},\"thumbnailUrl\":\"https:\\\/\\\/gliptoneeurope.com\\\/wp-content\\\/uploads\\\/Glass-Cleaner-1-Gall-3.8L.jpg\",\"datePublished\":\"2021-11-30T11:36:55+00:00\",\"description\":\"Unser Glasreiniger-Konzentrat ist eine stark verd\u00fcnnbare Formulierung, die sich perfekt f\u00fcr Autowaschanlagen oder den pers\u00f6nlichen Gebrauch zum Reinigen Ihres Autos eignet.\",\"breadcrumb\":{\"@id\":\"https:\\\/\\\/gliptoneeurope.com\\\/produkt\\\/glass-cleaner-1-gall-3-8l\\\/#breadcrumb\"},\"inLanguage\":\"de\",\"potentialAction\":[{\"@type\":\"ReadAction\",\"target\":[\"https:\\\/\\\/gliptoneeurope.com\\\/produkt\\\/glass-cleaner-1-gall-3-8l\\\/\"]}]},{\"@type\":\"ImageObject\",\"inLanguage\":\"de\",\"@id\":\"https:\\\/\\\/gliptoneeurope.com\\\/produkt\\\/glass-cleaner-1-gall-3-8l\\\/#primaryimage\",\"url\":\"https:\\\/\\\/gliptoneeurope.com\\\/wp-content\\\/uploads\\\/Glass-Cleaner-1-Gall-3.8L.jpg\",\"contentUrl\":\"https:\\\/\\\/gliptoneeurope.com\\\/wp-content\\\/uploads\\\/Glass-Cleaner-1-Gall-3.8L.jpg\",\"width\":1551,\"height\":1550},{\"@type\":\"BreadcrumbList\",\"@id\":\"https:\\\/\\\/gliptoneeurope.com\\\/produkt\\\/glass-cleaner-1-gall-3-8l\\\/#breadcrumb\",\"itemListElement\":[{\"@type\":\"ListItem\",\"position\":1,\"name\":\"Home\",\"item\":\"https:\\\/\\\/gliptoneeurope.com\\\/\"},{\"@type\":\"ListItem\",\"position\":2,\"name\":\"Shop\",\"item\":\"https:\\\/\\\/gliptoneeurope.com\\\/de\\\/shop-2\\\/\"},{\"@type\":\"ListItem\",\"position\":3,\"name\":\"Glasreiniger 1 Gall. (3.8L)\"}]},{\"@type\":\"WebSite\",\"@id\":\"https:\\\/\\\/gliptoneeurope.com\\\/#website\",\"url\":\"https:\\\/\\\/gliptoneeurope.com\\\/\",\"name\":\"Gliptone Europe\",\"description\":\"Professional Car Detailing Products\",\"publisher\":{\"@id\":\"https:\\\/\\\/gliptoneeurope.com\\\/#organization\"},\"potentialAction\":[{\"@type\":\"SearchAction\",\"target\":{\"@type\":\"EntryPoint\",\"urlTemplate\":\"https:\\\/\\\/gliptoneeurope.com\\\/?s={search_term_string}\"},\"query-input\":{\"@type\":\"PropertyValueSpecification\",\"valueRequired\":true,\"valueName\":\"search_term_string\"}}],\"inLanguage\":\"de\"},{\"@type\":\"Organization\",\"@id\":\"https:\\\/\\\/gliptoneeurope.com\\\/#organization\",\"name\":\"Gliptone Europe\",\"url\":\"https:\\\/\\\/gliptoneeurope.com\\\/\",\"logo\":{\"@type\":\"ImageObject\",\"inLanguage\":\"de\",\"@id\":\"https:\\\/\\\/gliptoneeurope.com\\\/#\\\/schema\\\/logo\\\/image\\\/\",\"url\":\"https:\\\/\\\/gliptoneeurope.com\\\/wp-content\\\/uploads\\\/Gliptone_Logo.png\",\"contentUrl\":\"https:\\\/\\\/gliptoneeurope.com\\\/wp-content\\\/uploads\\\/Gliptone_Logo.png\",\"width\":1472,\"height\":607,\"caption\":\"Gliptone Europe\"},\"image\":{\"@id\":\"https:\\\/\\\/gliptoneeurope.com\\\/#\\\/schema\\\/logo\\\/image\\\/\"},\"sameAs\":[\"https:\\\/\\\/www.facebook.com\\\/gliptoneeurope\\\/\",\"https:\\\/\\\/www.instagram.com\\\/gliptoneeurope\\\/\",\"https:\\\/\\\/www.pinterest.co.uk\\\/GliptoneEurope\\\/\"]}]}<\/script>\n<!-- \/ Yoast SEO Premium plugin. -->","yoast_head_json":{"title":"Glasreiniger 1 Gall. (3.8L) - Gliptone Europe","description":"Unser Glasreiniger-Konzentrat ist eine stark verd\u00fcnnbare Formulierung, die sich perfekt f\u00fcr Autowaschanlagen oder den pers\u00f6nlichen Gebrauch zum Reinigen Ihres Autos eignet.","robots":{"index":"index","follow":"follow","max-snippet":"max-snippet:-1","max-image-preview":"max-image-preview:large","max-video-preview":"max-video-preview:-1"},"canonical":"https:\/\/gliptoneeurope.com\/produkt\/glass-cleaner-1-gall-3-8l\/","og_locale":"de_DE","og_type":"article","og_title":"Glasreiniger 1 Gall. (3.8L)","og_description":"Unser Glasreiniger-Konzentrat ist eine stark verd\u00fcnnbare Formulierung, die sich perfekt f\u00fcr Autowaschanlagen oder den pers\u00f6nlichen Gebrauch zum Reinigen","og_url":"https:\/\/gliptoneeurope.com\/produkt\/glass-cleaner-1-gall-3-8l\/","og_site_name":"Gliptone Europe","article_publisher":"https:\/\/www.facebook.com\/gliptoneeurope\/","og_image":[{"width":1551,"height":1550,"url":"https:\/\/gliptoneeurope.com\/wp-content\/uploads\/Glass-Cleaner-1-Gall-3.8L.jpg","type":"image\/jpeg"}],"twitter_card":"summary_large_image","schema":{"@context":"https:\/\/schema.org","@graph":[{"@type":"WebPage","@id":"https:\/\/gliptoneeurope.com\/produkt\/glass-cleaner-1-gall-3-8l\/","url":"https:\/\/gliptoneeurope.com\/produkt\/glass-cleaner-1-gall-3-8l\/","name":"Glasreiniger 1 Gall. (3.8L) - Gliptone Europe","isPartOf":{"@id":"https:\/\/gliptoneeurope.com\/#website"},"primaryImageOfPage":{"@id":"https:\/\/gliptoneeurope.com\/produkt\/glass-cleaner-1-gall-3-8l\/#primaryimage"},"image":{"@id":"https:\/\/gliptoneeurope.com\/produkt\/glass-cleaner-1-gall-3-8l\/#primaryimage"},"thumbnailUrl":"https:\/\/gliptoneeurope.com\/wp-content\/uploads\/Glass-Cleaner-1-Gall-3.8L.jpg","datePublished":"2021-11-30T11:36:55+00:00","description":"Unser Glasreiniger-Konzentrat ist eine stark verd\u00fcnnbare Formulierung, die sich perfekt f\u00fcr Autowaschanlagen oder den pers\u00f6nlichen Gebrauch zum Reinigen Ihres Autos eignet.","breadcrumb":{"@id":"https:\/\/gliptoneeurope.com\/produkt\/glass-cleaner-1-gall-3-8l\/#breadcrumb"},"inLanguage":"de","potentialAction":[{"@type":"ReadAction","target":["https:\/\/gliptoneeurope.com\/produkt\/glass-cleaner-1-gall-3-8l\/"]}]},{"@type":"ImageObject","inLanguage":"de","@id":"https:\/\/gliptoneeurope.com\/produkt\/glass-cleaner-1-gall-3-8l\/#primaryimage","url":"https:\/\/gliptoneeurope.com\/wp-content\/uploads\/Glass-Cleaner-1-Gall-3.8L.jpg","contentUrl":"https:\/\/gliptoneeurope.com\/wp-content\/uploads\/Glass-Cleaner-1-Gall-3.8L.jpg","width":1551,"height":1550},{"@type":"BreadcrumbList","@id":"https:\/\/gliptoneeurope.com\/produkt\/glass-cleaner-1-gall-3-8l\/#breadcrumb","itemListElement":[{"@type":"ListItem","position":1,"name":"Home","item":"https:\/\/gliptoneeurope.com\/"},{"@type":"ListItem","position":2,"name":"Shop","item":"https:\/\/gliptoneeurope.com\/de\/shop-2\/"},{"@type":"ListItem","position":3,"name":"Glasreiniger 1 Gall. (3.8L)"}]},{"@type":"WebSite","@id":"https:\/\/gliptoneeurope.com\/#website","url":"https:\/\/gliptoneeurope.com\/","name":"Gliptone Europe","description":"Professional Car Detailing Products","publisher":{"@id":"https:\/\/gliptoneeurope.com\/#organization"},"potentialAction":[{"@type":"SearchAction","target":{"@type":"EntryPoint","urlTemplate":"https:\/\/gliptoneeurope.com\/?s={search_term_string}"},"query-input":{"@type":"PropertyValueSpecification","valueRequired":true,"valueName":"search_term_string"}}],"inLanguage":"de"},{"@type":"Organization","@id":"https:\/\/gliptoneeurope.com\/#organization","name":"Gliptone Europe","url":"https:\/\/gliptoneeurope.com\/","logo":{"@type":"ImageObject","inLanguage":"de","@id":"https:\/\/gliptoneeurope.com\/#\/schema\/logo\/image\/","url":"https:\/\/gliptoneeurope.com\/wp-content\/uploads\/Gliptone_Logo.png","contentUrl":"https:\/\/gliptoneeurope.com\/wp-content\/uploads\/Gliptone_Logo.png","width":1472,"height":607,"caption":"Gliptone Europe"},"image":{"@id":"https:\/\/gliptoneeurope.com\/#\/schema\/logo\/image\/"},"sameAs":["https:\/\/www.facebook.com\/gliptoneeurope\/","https:\/\/www.instagram.com\/gliptoneeurope\/","https:\/\/www.pinterest.co.uk\/GliptoneEurope\/"]}]}},"wcpa_form_fields":null,"_links":{"self":[{"href":"https:\/\/gliptoneeurope.com\/de\/wp-json\/wp\/v2\/product\/11585","targetHints":{"allow":["GET"]}}],"collection":[{"href":"https:\/\/gliptoneeurope.com\/de\/wp-json\/wp\/v2\/product"}],"about":[{"href":"https:\/\/gliptoneeurope.com\/de\/wp-json\/wp\/v2\/types\/product"}],"wp:featuredmedia":[{"embeddable":true,"href":"https:\/\/gliptoneeurope.com\/de\/wp-json\/wp\/v2\/media\/10915"}],"wp:attachment":[{"href":"https:\/\/gliptoneeurope.com\/de\/wp-json\/wp\/v2\/media?parent=11585"}],"wp:term":[{"taxonomy":"product_brand","embeddable":true,"href":"https:\/\/gliptoneeurope.com\/de\/wp-json\/wp\/v2\/product_brand?post=11585"},{"taxonomy":"product_cat","embeddable":true,"href":"https:\/\/gliptoneeurope.com\/de\/wp-json\/wp\/v2\/product_cat?post=11585"},{"taxonomy":"product_tag","embeddable":true,"href":"https:\/\/gliptoneeurope.com\/de\/wp-json\/wp\/v2\/product_tag?post=11585"}],"curies":[{"name":"wp","href":"https:\/\/api.w.org\/{rel}","templated":true}]}}