{"id":11583,"date":"2021-05-11T13:36:33","date_gmt":"2021-11-30T11:36:55","guid":{"rendered":"https:\/\/gliptoneeurope.com\/product\/extra-schwerer-buff-950ml-32oz\/"},"modified":"2021-11-30T11:36:55","modified_gmt":"2021-11-30T11:36:55","slug":"extra-schwer-buff-950ml-32oz","status":"publish","type":"product","link":"https:\/\/gliptoneeurope.com\/de\/produkt\/extra-schwer-buff-950ml-32oz\/","title":{"rendered":"Extra schwerer Buff 950ml (32oz)"},"content":{"rendered":"<p>Extra Heavy Buff Clear ist unsere vollst\u00e4ndig wasserbasierte, silikonfreie Verbindung, die starke Kratzer (1000 \u2013 1500 K\u00f6rnung), Lackfehler und Oxidation mit synthetischer Schleiftechnologie entfernt.<\/p>\n<p>Extreme Heavy Buff gibt Klarlacken ihr urspr\u00fcngliches Hochglanz-Finish zur\u00fcck, ohne das Finish zu \u201escheuern\u201c und zu \u201everwirbeln\u201c.<\/p>\n<p>Kann von Hand, Orbitalpuffer oder Polierer mit variabler Geschwindigkeit mit Schaumstoff- oder Wollpads verwendet werden.<\/p>\n<p><a href=\"https:\/\/gliptoneeurope.com\/product\/one-step-1-gall-3-8l\/\">One-Step<\/a> ist eine gro\u00dfartige Polierpasten-Alternative f\u00fcr den professionellen Gebrauch, die in einer 3,8-Liter-Flasche (1 Gall) erh\u00e4ltlich ist.<\/p>\n<p>&nbsp;<\/p>\n","protected":false},"excerpt":{"rendered":"<p>Extra Heavy Buff Clear ist unsere vollst\u00e4ndig wasserbasierte, silikonfreie Verbindung, die starke Kratzer (1000 \u2013 1500 K\u00f6rnung), Lackfehler und Oxidation mit synthetischer Schleiftechnologie entfernt. Extreme Heavy Buff gibt Klarlacken ihr urspr\u00fcngliches Hochglanz-Finish zur\u00fcck, ohne das Finish zu \u201escheuern\u201c und zu \u201everwirbeln\u201c. Kann von Hand, Orbitalpuffer oder Polierer mit variabler Geschwindigkeit mit Schaumstoff- oder Wollpads verwendet [&hellip;]<\/p>\n","protected":false},"featured_media":10923,"template":"","meta":[],"product_brand":[],"product_cat":[106,95,111],"product_tag":[],"class_list":{"0":"post-11583","1":"product","2":"type-product","3":"status-publish","4":"has-post-thumbnail","6":"product_cat-ausendetailer-polituren","7":"product_cat-neue-produkte","8":"product_cat-profi-produkte","10":"first","11":"instock","12":"taxable","13":"shipping-taxable","14":"purchasable","15":"product-type-simple"},"yoast_head":"<!-- This site is optimized with the Yoast SEO Premium plugin v21.4 (Yoast SEO v27.5) - https:\/\/yoast.com\/product\/yoast-seo-premium-wordpress\/ -->\n<title>Extra schwerer Buff 950ml (32oz) - Gliptone Europe<\/title>\n<meta name=\"description\" content=\"Extra Heavy Buff ist unsere vollst\u00e4ndig wasserbasierte, silikonfreie Verbindung, die starke Kratzer, Lackfehler und Oxidation entfernt.\" \/>\n<meta name=\"robots\" content=\"index, follow, max-snippet:-1, max-image-preview:large, max-video-preview:-1\" \/>\n<link rel=\"canonical\" href=\"https:\/\/gliptoneeurope.com\/produkt\/extra-heavy-buff-950ml-32oz\/\" \/>\n<meta property=\"og:locale\" content=\"de_DE\" \/>\n<meta property=\"og:type\" content=\"article\" \/>\n<meta property=\"og:title\" content=\"Extra schwerer Buff 950ml (32oz)\" \/>\n<meta property=\"og:description\" content=\"Extra Heavy Buff Clear ist unsere vollst\u00e4ndig wasserbasierte, silikonfreie Verbindung, die starke Kratzer (1000 \u2013 1500 K\u00f6rnung), Lackfehler und Oxidation\" \/>\n<meta property=\"og:url\" content=\"https:\/\/gliptoneeurope.com\/produkt\/extra-heavy-buff-950ml-32oz\/\" \/>\n<meta property=\"og:site_name\" content=\"Gliptone Europe\" \/>\n<meta property=\"article:publisher\" content=\"https:\/\/www.facebook.com\/gliptoneeurope\/\" \/>\n<meta property=\"og:image\" content=\"https:\/\/gliptoneeurope.com\/wp-content\/uploads\/Extra-Heavy-Buff-950ml-32oz.jpg\" \/>\n\t<meta property=\"og:image:width\" content=\"1417\" \/>\n\t<meta property=\"og:image:height\" content=\"1417\" \/>\n\t<meta property=\"og:image:type\" content=\"image\/jpeg\" \/>\n<meta name=\"twitter:card\" content=\"summary_large_image\" \/>\n<script type=\"application\/ld+json\" class=\"yoast-schema-graph\">{\"@context\":\"https:\\\/\\\/schema.org\",\"@graph\":[{\"@type\":\"WebPage\",\"@id\":\"https:\\\/\\\/gliptoneeurope.com\\\/produkt\\\/extra-heavy-buff-950ml-32oz\\\/\",\"url\":\"https:\\\/\\\/gliptoneeurope.com\\\/produkt\\\/extra-heavy-buff-950ml-32oz\\\/\",\"name\":\"Extra schwerer Buff 950ml (32oz) - Gliptone Europe\",\"isPartOf\":{\"@id\":\"https:\\\/\\\/gliptoneeurope.com\\\/#website\"},\"primaryImageOfPage\":{\"@id\":\"https:\\\/\\\/gliptoneeurope.com\\\/produkt\\\/extra-heavy-buff-950ml-32oz\\\/#primaryimage\"},\"image\":{\"@id\":\"https:\\\/\\\/gliptoneeurope.com\\\/produkt\\\/extra-heavy-buff-950ml-32oz\\\/#primaryimage\"},\"thumbnailUrl\":\"https:\\\/\\\/gliptoneeurope.com\\\/wp-content\\\/uploads\\\/Extra-Heavy-Buff-950ml-32oz.jpg\",\"datePublished\":\"2021-11-30T11:36:55+00:00\",\"description\":\"Extra Heavy Buff ist unsere vollst\u00e4ndig wasserbasierte, silikonfreie Verbindung, die starke Kratzer, Lackfehler und Oxidation entfernt.\",\"breadcrumb\":{\"@id\":\"https:\\\/\\\/gliptoneeurope.com\\\/produkt\\\/extra-heavy-buff-950ml-32oz\\\/#breadcrumb\"},\"inLanguage\":\"de\",\"potentialAction\":[{\"@type\":\"ReadAction\",\"target\":[\"https:\\\/\\\/gliptoneeurope.com\\\/produkt\\\/extra-heavy-buff-950ml-32oz\\\/\"]}]},{\"@type\":\"ImageObject\",\"inLanguage\":\"de\",\"@id\":\"https:\\\/\\\/gliptoneeurope.com\\\/produkt\\\/extra-heavy-buff-950ml-32oz\\\/#primaryimage\",\"url\":\"https:\\\/\\\/gliptoneeurope.com\\\/wp-content\\\/uploads\\\/Extra-Heavy-Buff-950ml-32oz.jpg\",\"contentUrl\":\"https:\\\/\\\/gliptoneeurope.com\\\/wp-content\\\/uploads\\\/Extra-Heavy-Buff-950ml-32oz.jpg\",\"width\":1417,\"height\":1417},{\"@type\":\"BreadcrumbList\",\"@id\":\"https:\\\/\\\/gliptoneeurope.com\\\/produkt\\\/extra-heavy-buff-950ml-32oz\\\/#breadcrumb\",\"itemListElement\":[{\"@type\":\"ListItem\",\"position\":1,\"name\":\"Home\",\"item\":\"https:\\\/\\\/gliptoneeurope.com\\\/\"},{\"@type\":\"ListItem\",\"position\":2,\"name\":\"Shop\",\"item\":\"https:\\\/\\\/gliptoneeurope.com\\\/de\\\/shop-2\\\/\"},{\"@type\":\"ListItem\",\"position\":3,\"name\":\"Extra schwerer Buff 950ml (32oz)\"}]},{\"@type\":\"WebSite\",\"@id\":\"https:\\\/\\\/gliptoneeurope.com\\\/#website\",\"url\":\"https:\\\/\\\/gliptoneeurope.com\\\/\",\"name\":\"Gliptone Europe\",\"description\":\"Professional Car Detailing Products\",\"publisher\":{\"@id\":\"https:\\\/\\\/gliptoneeurope.com\\\/#organization\"},\"potentialAction\":[{\"@type\":\"SearchAction\",\"target\":{\"@type\":\"EntryPoint\",\"urlTemplate\":\"https:\\\/\\\/gliptoneeurope.com\\\/?s={search_term_string}\"},\"query-input\":{\"@type\":\"PropertyValueSpecification\",\"valueRequired\":true,\"valueName\":\"search_term_string\"}}],\"inLanguage\":\"de\"},{\"@type\":\"Organization\",\"@id\":\"https:\\\/\\\/gliptoneeurope.com\\\/#organization\",\"name\":\"Gliptone Europe\",\"url\":\"https:\\\/\\\/gliptoneeurope.com\\\/\",\"logo\":{\"@type\":\"ImageObject\",\"inLanguage\":\"de\",\"@id\":\"https:\\\/\\\/gliptoneeurope.com\\\/#\\\/schema\\\/logo\\\/image\\\/\",\"url\":\"https:\\\/\\\/gliptoneeurope.com\\\/wp-content\\\/uploads\\\/Gliptone_Logo.png\",\"contentUrl\":\"https:\\\/\\\/gliptoneeurope.com\\\/wp-content\\\/uploads\\\/Gliptone_Logo.png\",\"width\":1472,\"height\":607,\"caption\":\"Gliptone Europe\"},\"image\":{\"@id\":\"https:\\\/\\\/gliptoneeurope.com\\\/#\\\/schema\\\/logo\\\/image\\\/\"},\"sameAs\":[\"https:\\\/\\\/www.facebook.com\\\/gliptoneeurope\\\/\",\"https:\\\/\\\/www.instagram.com\\\/gliptoneeurope\\\/\",\"https:\\\/\\\/www.pinterest.co.uk\\\/GliptoneEurope\\\/\"]}]}<\/script>\n<!-- \/ Yoast SEO Premium plugin. -->","yoast_head_json":{"title":"Extra schwerer Buff 950ml (32oz) - Gliptone Europe","description":"Extra Heavy Buff ist unsere vollst\u00e4ndig wasserbasierte, silikonfreie Verbindung, die starke Kratzer, Lackfehler und Oxidation entfernt.","robots":{"index":"index","follow":"follow","max-snippet":"max-snippet:-1","max-image-preview":"max-image-preview:large","max-video-preview":"max-video-preview:-1"},"canonical":"https:\/\/gliptoneeurope.com\/produkt\/extra-heavy-buff-950ml-32oz\/","og_locale":"de_DE","og_type":"article","og_title":"Extra schwerer Buff 950ml (32oz)","og_description":"Extra Heavy Buff Clear ist unsere vollst\u00e4ndig wasserbasierte, silikonfreie Verbindung, die starke Kratzer (1000 \u2013 1500 K\u00f6rnung), Lackfehler und Oxidation","og_url":"https:\/\/gliptoneeurope.com\/produkt\/extra-heavy-buff-950ml-32oz\/","og_site_name":"Gliptone Europe","article_publisher":"https:\/\/www.facebook.com\/gliptoneeurope\/","og_image":[{"width":1417,"height":1417,"url":"https:\/\/gliptoneeurope.com\/wp-content\/uploads\/Extra-Heavy-Buff-950ml-32oz.jpg","type":"image\/jpeg"}],"twitter_card":"summary_large_image","schema":{"@context":"https:\/\/schema.org","@graph":[{"@type":"WebPage","@id":"https:\/\/gliptoneeurope.com\/produkt\/extra-heavy-buff-950ml-32oz\/","url":"https:\/\/gliptoneeurope.com\/produkt\/extra-heavy-buff-950ml-32oz\/","name":"Extra schwerer Buff 950ml (32oz) - Gliptone Europe","isPartOf":{"@id":"https:\/\/gliptoneeurope.com\/#website"},"primaryImageOfPage":{"@id":"https:\/\/gliptoneeurope.com\/produkt\/extra-heavy-buff-950ml-32oz\/#primaryimage"},"image":{"@id":"https:\/\/gliptoneeurope.com\/produkt\/extra-heavy-buff-950ml-32oz\/#primaryimage"},"thumbnailUrl":"https:\/\/gliptoneeurope.com\/wp-content\/uploads\/Extra-Heavy-Buff-950ml-32oz.jpg","datePublished":"2021-11-30T11:36:55+00:00","description":"Extra Heavy Buff ist unsere vollst\u00e4ndig wasserbasierte, silikonfreie Verbindung, die starke Kratzer, Lackfehler und Oxidation entfernt.","breadcrumb":{"@id":"https:\/\/gliptoneeurope.com\/produkt\/extra-heavy-buff-950ml-32oz\/#breadcrumb"},"inLanguage":"de","potentialAction":[{"@type":"ReadAction","target":["https:\/\/gliptoneeurope.com\/produkt\/extra-heavy-buff-950ml-32oz\/"]}]},{"@type":"ImageObject","inLanguage":"de","@id":"https:\/\/gliptoneeurope.com\/produkt\/extra-heavy-buff-950ml-32oz\/#primaryimage","url":"https:\/\/gliptoneeurope.com\/wp-content\/uploads\/Extra-Heavy-Buff-950ml-32oz.jpg","contentUrl":"https:\/\/gliptoneeurope.com\/wp-content\/uploads\/Extra-Heavy-Buff-950ml-32oz.jpg","width":1417,"height":1417},{"@type":"BreadcrumbList","@id":"https:\/\/gliptoneeurope.com\/produkt\/extra-heavy-buff-950ml-32oz\/#breadcrumb","itemListElement":[{"@type":"ListItem","position":1,"name":"Home","item":"https:\/\/gliptoneeurope.com\/"},{"@type":"ListItem","position":2,"name":"Shop","item":"https:\/\/gliptoneeurope.com\/de\/shop-2\/"},{"@type":"ListItem","position":3,"name":"Extra schwerer Buff 950ml (32oz)"}]},{"@type":"WebSite","@id":"https:\/\/gliptoneeurope.com\/#website","url":"https:\/\/gliptoneeurope.com\/","name":"Gliptone Europe","description":"Professional Car Detailing Products","publisher":{"@id":"https:\/\/gliptoneeurope.com\/#organization"},"potentialAction":[{"@type":"SearchAction","target":{"@type":"EntryPoint","urlTemplate":"https:\/\/gliptoneeurope.com\/?s={search_term_string}"},"query-input":{"@type":"PropertyValueSpecification","valueRequired":true,"valueName":"search_term_string"}}],"inLanguage":"de"},{"@type":"Organization","@id":"https:\/\/gliptoneeurope.com\/#organization","name":"Gliptone Europe","url":"https:\/\/gliptoneeurope.com\/","logo":{"@type":"ImageObject","inLanguage":"de","@id":"https:\/\/gliptoneeurope.com\/#\/schema\/logo\/image\/","url":"https:\/\/gliptoneeurope.com\/wp-content\/uploads\/Gliptone_Logo.png","contentUrl":"https:\/\/gliptoneeurope.com\/wp-content\/uploads\/Gliptone_Logo.png","width":1472,"height":607,"caption":"Gliptone Europe"},"image":{"@id":"https:\/\/gliptoneeurope.com\/#\/schema\/logo\/image\/"},"sameAs":["https:\/\/www.facebook.com\/gliptoneeurope\/","https:\/\/www.instagram.com\/gliptoneeurope\/","https:\/\/www.pinterest.co.uk\/GliptoneEurope\/"]}]}},"wcpa_form_fields":null,"_links":{"self":[{"href":"https:\/\/gliptoneeurope.com\/de\/wp-json\/wp\/v2\/product\/11583","targetHints":{"allow":["GET"]}}],"collection":[{"href":"https:\/\/gliptoneeurope.com\/de\/wp-json\/wp\/v2\/product"}],"about":[{"href":"https:\/\/gliptoneeurope.com\/de\/wp-json\/wp\/v2\/types\/product"}],"wp:featuredmedia":[{"embeddable":true,"href":"https:\/\/gliptoneeurope.com\/de\/wp-json\/wp\/v2\/media\/10923"}],"wp:attachment":[{"href":"https:\/\/gliptoneeurope.com\/de\/wp-json\/wp\/v2\/media?parent=11583"}],"wp:term":[{"taxonomy":"product_brand","embeddable":true,"href":"https:\/\/gliptoneeurope.com\/de\/wp-json\/wp\/v2\/product_brand?post=11583"},{"taxonomy":"product_cat","embeddable":true,"href":"https:\/\/gliptoneeurope.com\/de\/wp-json\/wp\/v2\/product_cat?post=11583"},{"taxonomy":"product_tag","embeddable":true,"href":"https:\/\/gliptoneeurope.com\/de\/wp-json\/wp\/v2\/product_tag?post=11583"}],"curies":[{"name":"wp","href":"https:\/\/api.w.org\/{rel}","templated":true}]}}