{"id":11576,"date":"2021-05-11T13:36:37","date_gmt":"2021-11-30T11:35:28","guid":{"rendered":"https:\/\/gliptoneeurope.com\/product\/vandalen-und-abriebentferner-425ml-15oz\/"},"modified":"2021-11-30T11:35:28","modified_gmt":"2021-11-30T11:35:28","slug":"vandalismus-und-abriebentferner-425ml-15oz","status":"publish","type":"product","link":"https:\/\/gliptoneeurope.com\/de\/produkt\/vandalismus-und-abriebentferner-425ml-15oz\/","title":{"rendered":"Vandalen- und Abriebentferner 425ml (15oz)"},"content":{"rendered":"<p>Unser Vandalen- und Abriebentferner reduziert den Arbeitsaufwand beim Entfernen von Graffiti und jeglichen Abrieb und Markierungen auf Ihrem Auto. Es entfernt Spuren von Buntstiften, Bleistiften, Tinten, Spr\u00fchfarben, Klebeband, Wachsen und Lippenstift.<\/p>\n<p>Es beseitigt auch leicht Abriebspuren von B\u00f6den und W\u00e4nden. Die Formel ist f\u00fcr den Einsatz auf allen Ziegeln, Fliesen, Stahl, Messing, Chrom, Aluminium, Glas, Resopal und anderen harten Oberfl\u00e4chen konzipiert.<\/p>\n<p>Wir empfehlen die Verwendung unserer <a href=\"https:\/\/gliptoneeurope.com\/product\/multi-purpose-microfibre-cleaning-towels\/\">Mehrzweck-Mikrofaser-Reinigungst\u00fccher<\/a> , um das Auftragen der L\u00f6sung zu erleichtern.<\/p>\n","protected":false},"excerpt":{"rendered":"<p>Unser Vandalen- und Abriebentferner reduziert den Arbeitsaufwand beim Entfernen von Graffiti und jeglichen Abrieb und Markierungen auf Ihrem Auto. Es entfernt Spuren von Buntstiften, Bleistiften, Tinten, Spr\u00fchfarben, Klebeband, Wachsen und Lippenstift. Es beseitigt auch leicht Abriebspuren von B\u00f6den und W\u00e4nden. Die Formel ist f\u00fcr den Einsatz auf allen Ziegeln, Fliesen, Stahl, Messing, Chrom, Aluminium, Glas, [&hellip;]<\/p>\n","protected":false},"featured_media":10883,"template":"","meta":[],"product_brand":[],"product_cat":[95,119],"product_tag":[],"class_list":{"0":"post-11576","1":"product","2":"type-product","3":"status-publish","4":"has-post-thumbnail","6":"product_cat-neue-produkte","7":"product_cat-vorbereitung-reinigung","9":"first","10":"instock","11":"taxable","12":"shipping-taxable","13":"purchasable","14":"product-type-simple"},"yoast_head":"<!-- This site is optimized with the Yoast SEO Premium plugin v21.4 (Yoast SEO v27.4) - https:\/\/yoast.com\/product\/yoast-seo-premium-wordpress\/ -->\n<title>Vandalen- und Abriebentferner 425ml (15oz) - Gliptone Europe<\/title>\n<meta name=\"description\" content=\"Unser Vandalen- und Abriebentferner reduziert den Arbeitsaufwand beim Entfernen von Graffiti und jeglichen Abrieb und Markierungen auf Ihrem Auto.\" \/>\n<meta name=\"robots\" content=\"index, follow, max-snippet:-1, max-image-preview:large, max-video-preview:-1\" \/>\n<link rel=\"canonical\" href=\"https:\/\/gliptoneeurope.com\/de\/produkt\/vandalismus-und-abriebentferner-425ml-15oz\/\" \/>\n<meta property=\"og:locale\" content=\"de_DE\" \/>\n<meta property=\"og:type\" content=\"article\" \/>\n<meta property=\"og:title\" content=\"Vandalen- und Abriebentferner 425ml (15oz)\" \/>\n<meta property=\"og:description\" content=\"Unser Vandalen- und Abriebentferner reduziert den Arbeitsaufwand beim Entfernen von Graffiti und jeglichen Abrieb und Markierungen auf Ihrem Auto. Es\" \/>\n<meta property=\"og:url\" content=\"https:\/\/gliptoneeurope.com\/de\/produkt\/vandalismus-und-abriebentferner-425ml-15oz\/\" \/>\n<meta property=\"og:site_name\" content=\"Gliptone Europe\" \/>\n<meta property=\"article:publisher\" content=\"https:\/\/www.facebook.com\/gliptoneeurope\/\" \/>\n<meta property=\"og:image\" content=\"https:\/\/gliptoneeurope.com\/wp-content\/uploads\/Vandal-Scuff-Remover-425ml-15oz.jpg\" \/>\n\t<meta property=\"og:image:width\" content=\"1503\" \/>\n\t<meta property=\"og:image:height\" content=\"1503\" \/>\n\t<meta property=\"og:image:type\" content=\"image\/jpeg\" \/>\n<meta name=\"twitter:card\" content=\"summary_large_image\" \/>\n<script type=\"application\/ld+json\" class=\"yoast-schema-graph\">{\"@context\":\"https:\\\/\\\/schema.org\",\"@graph\":[{\"@type\":\"WebPage\",\"@id\":\"https:\\\/\\\/gliptoneeurope.com\\\/de\\\/produkt\\\/vandalismus-und-abriebentferner-425ml-15oz\\\/\",\"url\":\"https:\\\/\\\/gliptoneeurope.com\\\/de\\\/produkt\\\/vandalismus-und-abriebentferner-425ml-15oz\\\/\",\"name\":\"Vandalen- und Abriebentferner 425ml (15oz) - Gliptone Europe\",\"isPartOf\":{\"@id\":\"https:\\\/\\\/gliptoneeurope.com\\\/#website\"},\"primaryImageOfPage\":{\"@id\":\"https:\\\/\\\/gliptoneeurope.com\\\/de\\\/produkt\\\/vandalismus-und-abriebentferner-425ml-15oz\\\/#primaryimage\"},\"image\":{\"@id\":\"https:\\\/\\\/gliptoneeurope.com\\\/de\\\/produkt\\\/vandalismus-und-abriebentferner-425ml-15oz\\\/#primaryimage\"},\"thumbnailUrl\":\"https:\\\/\\\/gliptoneeurope.com\\\/wp-content\\\/uploads\\\/Vandal-Scuff-Remover-425ml-15oz.jpg\",\"datePublished\":\"2021-11-30T11:35:28+00:00\",\"description\":\"Unser Vandalen- und Abriebentferner reduziert den Arbeitsaufwand beim Entfernen von Graffiti und jeglichen Abrieb und Markierungen auf Ihrem Auto.\",\"breadcrumb\":{\"@id\":\"https:\\\/\\\/gliptoneeurope.com\\\/de\\\/produkt\\\/vandalismus-und-abriebentferner-425ml-15oz\\\/#breadcrumb\"},\"inLanguage\":\"de\",\"potentialAction\":[{\"@type\":\"ReadAction\",\"target\":[\"https:\\\/\\\/gliptoneeurope.com\\\/de\\\/produkt\\\/vandalismus-und-abriebentferner-425ml-15oz\\\/\"]}]},{\"@type\":\"ImageObject\",\"inLanguage\":\"de\",\"@id\":\"https:\\\/\\\/gliptoneeurope.com\\\/de\\\/produkt\\\/vandalismus-und-abriebentferner-425ml-15oz\\\/#primaryimage\",\"url\":\"https:\\\/\\\/gliptoneeurope.com\\\/wp-content\\\/uploads\\\/Vandal-Scuff-Remover-425ml-15oz.jpg\",\"contentUrl\":\"https:\\\/\\\/gliptoneeurope.com\\\/wp-content\\\/uploads\\\/Vandal-Scuff-Remover-425ml-15oz.jpg\",\"width\":1503,\"height\":1503},{\"@type\":\"BreadcrumbList\",\"@id\":\"https:\\\/\\\/gliptoneeurope.com\\\/de\\\/produkt\\\/vandalismus-und-abriebentferner-425ml-15oz\\\/#breadcrumb\",\"itemListElement\":[{\"@type\":\"ListItem\",\"position\":1,\"name\":\"Home\",\"item\":\"https:\\\/\\\/gliptoneeurope.com\\\/\"},{\"@type\":\"ListItem\",\"position\":2,\"name\":\"Shop\",\"item\":\"https:\\\/\\\/gliptoneeurope.com\\\/de\\\/shop-2\\\/\"},{\"@type\":\"ListItem\",\"position\":3,\"name\":\"Vandalen- und Abriebentferner 425ml (15oz)\"}]},{\"@type\":\"WebSite\",\"@id\":\"https:\\\/\\\/gliptoneeurope.com\\\/#website\",\"url\":\"https:\\\/\\\/gliptoneeurope.com\\\/\",\"name\":\"Gliptone Europe\",\"description\":\"Professional Car Detailing Products\",\"publisher\":{\"@id\":\"https:\\\/\\\/gliptoneeurope.com\\\/#organization\"},\"potentialAction\":[{\"@type\":\"SearchAction\",\"target\":{\"@type\":\"EntryPoint\",\"urlTemplate\":\"https:\\\/\\\/gliptoneeurope.com\\\/?s={search_term_string}\"},\"query-input\":{\"@type\":\"PropertyValueSpecification\",\"valueRequired\":true,\"valueName\":\"search_term_string\"}}],\"inLanguage\":\"de\"},{\"@type\":\"Organization\",\"@id\":\"https:\\\/\\\/gliptoneeurope.com\\\/#organization\",\"name\":\"Gliptone Europe\",\"url\":\"https:\\\/\\\/gliptoneeurope.com\\\/\",\"logo\":{\"@type\":\"ImageObject\",\"inLanguage\":\"de\",\"@id\":\"https:\\\/\\\/gliptoneeurope.com\\\/#\\\/schema\\\/logo\\\/image\\\/\",\"url\":\"https:\\\/\\\/gliptoneeurope.com\\\/wp-content\\\/uploads\\\/Gliptone_Logo.png\",\"contentUrl\":\"https:\\\/\\\/gliptoneeurope.com\\\/wp-content\\\/uploads\\\/Gliptone_Logo.png\",\"width\":1472,\"height\":607,\"caption\":\"Gliptone Europe\"},\"image\":{\"@id\":\"https:\\\/\\\/gliptoneeurope.com\\\/#\\\/schema\\\/logo\\\/image\\\/\"},\"sameAs\":[\"https:\\\/\\\/www.facebook.com\\\/gliptoneeurope\\\/\",\"https:\\\/\\\/www.instagram.com\\\/gliptoneeurope\\\/\",\"https:\\\/\\\/www.pinterest.co.uk\\\/GliptoneEurope\\\/\"]}]}<\/script>\n<!-- \/ Yoast SEO Premium plugin. -->","yoast_head_json":{"title":"Vandalen- und Abriebentferner 425ml (15oz) - Gliptone Europe","description":"Unser Vandalen- und Abriebentferner reduziert den Arbeitsaufwand beim Entfernen von Graffiti und jeglichen Abrieb und Markierungen auf Ihrem Auto.","robots":{"index":"index","follow":"follow","max-snippet":"max-snippet:-1","max-image-preview":"max-image-preview:large","max-video-preview":"max-video-preview:-1"},"canonical":"https:\/\/gliptoneeurope.com\/de\/produkt\/vandalismus-und-abriebentferner-425ml-15oz\/","og_locale":"de_DE","og_type":"article","og_title":"Vandalen- und Abriebentferner 425ml (15oz)","og_description":"Unser Vandalen- und Abriebentferner reduziert den Arbeitsaufwand beim Entfernen von Graffiti und jeglichen Abrieb und Markierungen auf Ihrem Auto. Es","og_url":"https:\/\/gliptoneeurope.com\/de\/produkt\/vandalismus-und-abriebentferner-425ml-15oz\/","og_site_name":"Gliptone Europe","article_publisher":"https:\/\/www.facebook.com\/gliptoneeurope\/","og_image":[{"width":1503,"height":1503,"url":"https:\/\/gliptoneeurope.com\/wp-content\/uploads\/Vandal-Scuff-Remover-425ml-15oz.jpg","type":"image\/jpeg"}],"twitter_card":"summary_large_image","schema":{"@context":"https:\/\/schema.org","@graph":[{"@type":"WebPage","@id":"https:\/\/gliptoneeurope.com\/de\/produkt\/vandalismus-und-abriebentferner-425ml-15oz\/","url":"https:\/\/gliptoneeurope.com\/de\/produkt\/vandalismus-und-abriebentferner-425ml-15oz\/","name":"Vandalen- und Abriebentferner 425ml (15oz) - Gliptone Europe","isPartOf":{"@id":"https:\/\/gliptoneeurope.com\/#website"},"primaryImageOfPage":{"@id":"https:\/\/gliptoneeurope.com\/de\/produkt\/vandalismus-und-abriebentferner-425ml-15oz\/#primaryimage"},"image":{"@id":"https:\/\/gliptoneeurope.com\/de\/produkt\/vandalismus-und-abriebentferner-425ml-15oz\/#primaryimage"},"thumbnailUrl":"https:\/\/gliptoneeurope.com\/wp-content\/uploads\/Vandal-Scuff-Remover-425ml-15oz.jpg","datePublished":"2021-11-30T11:35:28+00:00","description":"Unser Vandalen- und Abriebentferner reduziert den Arbeitsaufwand beim Entfernen von Graffiti und jeglichen Abrieb und Markierungen auf Ihrem Auto.","breadcrumb":{"@id":"https:\/\/gliptoneeurope.com\/de\/produkt\/vandalismus-und-abriebentferner-425ml-15oz\/#breadcrumb"},"inLanguage":"de","potentialAction":[{"@type":"ReadAction","target":["https:\/\/gliptoneeurope.com\/de\/produkt\/vandalismus-und-abriebentferner-425ml-15oz\/"]}]},{"@type":"ImageObject","inLanguage":"de","@id":"https:\/\/gliptoneeurope.com\/de\/produkt\/vandalismus-und-abriebentferner-425ml-15oz\/#primaryimage","url":"https:\/\/gliptoneeurope.com\/wp-content\/uploads\/Vandal-Scuff-Remover-425ml-15oz.jpg","contentUrl":"https:\/\/gliptoneeurope.com\/wp-content\/uploads\/Vandal-Scuff-Remover-425ml-15oz.jpg","width":1503,"height":1503},{"@type":"BreadcrumbList","@id":"https:\/\/gliptoneeurope.com\/de\/produkt\/vandalismus-und-abriebentferner-425ml-15oz\/#breadcrumb","itemListElement":[{"@type":"ListItem","position":1,"name":"Home","item":"https:\/\/gliptoneeurope.com\/"},{"@type":"ListItem","position":2,"name":"Shop","item":"https:\/\/gliptoneeurope.com\/de\/shop-2\/"},{"@type":"ListItem","position":3,"name":"Vandalen- und Abriebentferner 425ml (15oz)"}]},{"@type":"WebSite","@id":"https:\/\/gliptoneeurope.com\/#website","url":"https:\/\/gliptoneeurope.com\/","name":"Gliptone Europe","description":"Professional Car Detailing Products","publisher":{"@id":"https:\/\/gliptoneeurope.com\/#organization"},"potentialAction":[{"@type":"SearchAction","target":{"@type":"EntryPoint","urlTemplate":"https:\/\/gliptoneeurope.com\/?s={search_term_string}"},"query-input":{"@type":"PropertyValueSpecification","valueRequired":true,"valueName":"search_term_string"}}],"inLanguage":"de"},{"@type":"Organization","@id":"https:\/\/gliptoneeurope.com\/#organization","name":"Gliptone Europe","url":"https:\/\/gliptoneeurope.com\/","logo":{"@type":"ImageObject","inLanguage":"de","@id":"https:\/\/gliptoneeurope.com\/#\/schema\/logo\/image\/","url":"https:\/\/gliptoneeurope.com\/wp-content\/uploads\/Gliptone_Logo.png","contentUrl":"https:\/\/gliptoneeurope.com\/wp-content\/uploads\/Gliptone_Logo.png","width":1472,"height":607,"caption":"Gliptone Europe"},"image":{"@id":"https:\/\/gliptoneeurope.com\/#\/schema\/logo\/image\/"},"sameAs":["https:\/\/www.facebook.com\/gliptoneeurope\/","https:\/\/www.instagram.com\/gliptoneeurope\/","https:\/\/www.pinterest.co.uk\/GliptoneEurope\/"]}]}},"wcpa_form_fields":null,"_links":{"self":[{"href":"https:\/\/gliptoneeurope.com\/de\/wp-json\/wp\/v2\/product\/11576","targetHints":{"allow":["GET"]}}],"collection":[{"href":"https:\/\/gliptoneeurope.com\/de\/wp-json\/wp\/v2\/product"}],"about":[{"href":"https:\/\/gliptoneeurope.com\/de\/wp-json\/wp\/v2\/types\/product"}],"wp:featuredmedia":[{"embeddable":true,"href":"https:\/\/gliptoneeurope.com\/de\/wp-json\/wp\/v2\/media\/10883"}],"wp:attachment":[{"href":"https:\/\/gliptoneeurope.com\/de\/wp-json\/wp\/v2\/media?parent=11576"}],"wp:term":[{"taxonomy":"product_brand","embeddable":true,"href":"https:\/\/gliptoneeurope.com\/de\/wp-json\/wp\/v2\/product_brand?post=11576"},{"taxonomy":"product_cat","embeddable":true,"href":"https:\/\/gliptoneeurope.com\/de\/wp-json\/wp\/v2\/product_cat?post=11576"},{"taxonomy":"product_tag","embeddable":true,"href":"https:\/\/gliptoneeurope.com\/de\/wp-json\/wp\/v2\/product_tag?post=11576"}],"curies":[{"name":"wp","href":"https:\/\/api.w.org\/{rel}","templated":true}]}}