{"id":11571,"date":"2021-05-11T13:36:35","date_gmt":"2021-11-30T11:35:26","guid":{"rendered":"https:\/\/gliptoneeurope.com\/product\/felgenschutz-express-1-gall-3-8l\/"},"modified":"2021-11-30T11:35:26","modified_gmt":"2021-11-30T11:35:26","slug":"felgenschutz-express-1-gall-3-8l","status":"publish","type":"product","link":"https:\/\/gliptoneeurope.com\/de\/produkt\/felgenschutz-express-1-gall-3-8l\/","title":{"rendered":"Felgenschutz Express 1 Gall (3.8L)"},"content":{"rendered":"<p>Unser Rimguard Express ist ein einfach aufzutragender, nat\u00fcrlich gl\u00e4nzender und extrem haltbarer Polymer-Dichtstoff. Die L\u00f6sung kann auf allen nassen oder trockenen Oberfl\u00e4chen verwendet werden.<\/p>\n<p>Es eignet sich hervorragend f\u00fcr alle Arten von Radoberfl\u00e4chen, einschlie\u00dflich Aluminium, Magnesium, eloxierte, lackierte und klar beschichtete Felgen.<\/p>\n<p>Rimguard Express wird die Oberfl\u00e4che schnell aufhellen und gl\u00e4nzen lassen und gleichzeitig eine Schutzbarriere bilden, die die Felgen vor Bremsstaubablagerungen und Stra\u00dfenfilm sch\u00fctzt.<\/p>\n<p>Nach dem Auftragen h\u00e4lt es f\u00fcr mehrere Autow\u00e4schen und wird die Radoberfl\u00e4che nicht schleudern, streifen oder verf\u00e4rben.<\/p>\n<p>Dieses Produkt ist auch als <a href=\"https:\/\/gliptoneeurope.com\/product\/rimguard-with-glipguard\/\">Rimguard mit Glipguard<\/a> in einem kleineren Volumen von 650ml (22oz) erh\u00e4ltlich.<\/p>\n","protected":false},"excerpt":{"rendered":"<p>Unser Rimguard Express ist ein einfach aufzutragender, nat\u00fcrlich gl\u00e4nzender und extrem haltbarer Polymer-Dichtstoff. Die L\u00f6sung kann auf allen nassen oder trockenen Oberfl\u00e4chen verwendet werden. Es eignet sich hervorragend f\u00fcr alle Arten von Radoberfl\u00e4chen, einschlie\u00dflich Aluminium, Magnesium, eloxierte, lackierte und klar beschichtete Felgen. Rimguard Express wird die Oberfl\u00e4che schnell aufhellen und gl\u00e4nzen lassen und gleichzeitig eine [&hellip;]<\/p>\n","protected":false},"featured_media":10899,"template":"","meta":[],"product_brand":[],"product_cat":[95,111],"product_tag":[],"class_list":{"0":"post-11571","1":"product","2":"type-product","3":"status-publish","4":"has-post-thumbnail","6":"product_cat-neue-produkte","7":"product_cat-profi-produkte","9":"first","10":"instock","11":"taxable","12":"shipping-taxable","13":"purchasable","14":"product-type-simple"},"yoast_head":"<!-- This site is optimized with the Yoast SEO Premium plugin v21.4 (Yoast SEO v27.4) - https:\/\/yoast.com\/product\/yoast-seo-premium-wordpress\/ -->\n<title>Felgenschutz Express 1 Gall (3.8L) - Gliptone Europe<\/title>\n<meta name=\"description\" content=\"Unser Rimguard Express ist ein einfach aufzutragender, nat\u00fcrlich gl\u00e4nzender und extrem haltbarer Polymer-Dichtstoff. Die L\u00f6sung kann auf allen nassen oder trockenen Oberfl\u00e4chen verwendet werden.\" \/>\n<meta name=\"robots\" content=\"index, follow, max-snippet:-1, max-image-preview:large, max-video-preview:-1\" \/>\n<link rel=\"canonical\" href=\"https:\/\/gliptoneeurope.com\/produkt\/rimguard-express-1-gall-3-8l\/\" \/>\n<meta property=\"og:locale\" content=\"de_DE\" \/>\n<meta property=\"og:type\" content=\"article\" \/>\n<meta property=\"og:title\" content=\"Felgenschutz Express 1 Gall (3.8L)\" \/>\n<meta property=\"og:description\" content=\"Unser Rimguard Express ist ein einfach aufzutragender, nat\u00fcrlich gl\u00e4nzender und extrem haltbarer Polymer-Dichtstoff. Die L\u00f6sung kann auf allen nassen oder\" \/>\n<meta property=\"og:url\" content=\"https:\/\/gliptoneeurope.com\/produkt\/rimguard-express-1-gall-3-8l\/\" \/>\n<meta property=\"og:site_name\" content=\"Gliptone Europe\" \/>\n<meta property=\"article:publisher\" content=\"https:\/\/www.facebook.com\/gliptoneeurope\/\" \/>\n<meta property=\"og:image\" content=\"https:\/\/gliptoneeurope.com\/wp-content\/uploads\/Rimguard-Express-1-Gall-3.8L.jpg\" \/>\n\t<meta property=\"og:image:width\" content=\"1489\" \/>\n\t<meta property=\"og:image:height\" content=\"1490\" \/>\n\t<meta property=\"og:image:type\" content=\"image\/jpeg\" \/>\n<meta name=\"twitter:card\" content=\"summary_large_image\" \/>\n<meta name=\"twitter:label1\" content=\"Gesch\u00e4tzte Lesezeit\" \/>\n\t<meta name=\"twitter:data1\" content=\"1\u00a0Minute\" \/>\n<script type=\"application\/ld+json\" class=\"yoast-schema-graph\">{\"@context\":\"https:\\\/\\\/schema.org\",\"@graph\":[{\"@type\":\"WebPage\",\"@id\":\"https:\\\/\\\/gliptoneeurope.com\\\/produkt\\\/rimguard-express-1-gall-3-8l\\\/\",\"url\":\"https:\\\/\\\/gliptoneeurope.com\\\/produkt\\\/rimguard-express-1-gall-3-8l\\\/\",\"name\":\"Felgenschutz Express 1 Gall (3.8L) - Gliptone Europe\",\"isPartOf\":{\"@id\":\"https:\\\/\\\/gliptoneeurope.com\\\/#website\"},\"primaryImageOfPage\":{\"@id\":\"https:\\\/\\\/gliptoneeurope.com\\\/produkt\\\/rimguard-express-1-gall-3-8l\\\/#primaryimage\"},\"image\":{\"@id\":\"https:\\\/\\\/gliptoneeurope.com\\\/produkt\\\/rimguard-express-1-gall-3-8l\\\/#primaryimage\"},\"thumbnailUrl\":\"https:\\\/\\\/gliptoneeurope.com\\\/wp-content\\\/uploads\\\/Rimguard-Express-1-Gall-3.8L.jpg\",\"datePublished\":\"2021-11-30T11:35:26+00:00\",\"description\":\"Unser Rimguard Express ist ein einfach aufzutragender, nat\u00fcrlich gl\u00e4nzender und extrem haltbarer Polymer-Dichtstoff. Die L\u00f6sung kann auf allen nassen oder trockenen Oberfl\u00e4chen verwendet werden.\",\"breadcrumb\":{\"@id\":\"https:\\\/\\\/gliptoneeurope.com\\\/produkt\\\/rimguard-express-1-gall-3-8l\\\/#breadcrumb\"},\"inLanguage\":\"de\",\"potentialAction\":[{\"@type\":\"ReadAction\",\"target\":[\"https:\\\/\\\/gliptoneeurope.com\\\/produkt\\\/rimguard-express-1-gall-3-8l\\\/\"]}]},{\"@type\":\"ImageObject\",\"inLanguage\":\"de\",\"@id\":\"https:\\\/\\\/gliptoneeurope.com\\\/produkt\\\/rimguard-express-1-gall-3-8l\\\/#primaryimage\",\"url\":\"https:\\\/\\\/gliptoneeurope.com\\\/wp-content\\\/uploads\\\/Rimguard-Express-1-Gall-3.8L.jpg\",\"contentUrl\":\"https:\\\/\\\/gliptoneeurope.com\\\/wp-content\\\/uploads\\\/Rimguard-Express-1-Gall-3.8L.jpg\",\"width\":1489,\"height\":1490},{\"@type\":\"BreadcrumbList\",\"@id\":\"https:\\\/\\\/gliptoneeurope.com\\\/produkt\\\/rimguard-express-1-gall-3-8l\\\/#breadcrumb\",\"itemListElement\":[{\"@type\":\"ListItem\",\"position\":1,\"name\":\"Home\",\"item\":\"https:\\\/\\\/gliptoneeurope.com\\\/\"},{\"@type\":\"ListItem\",\"position\":2,\"name\":\"Shop\",\"item\":\"https:\\\/\\\/gliptoneeurope.com\\\/de\\\/shop-2\\\/\"},{\"@type\":\"ListItem\",\"position\":3,\"name\":\"Felgenschutz Express 1 Gall (3.8L)\"}]},{\"@type\":\"WebSite\",\"@id\":\"https:\\\/\\\/gliptoneeurope.com\\\/#website\",\"url\":\"https:\\\/\\\/gliptoneeurope.com\\\/\",\"name\":\"Gliptone Europe\",\"description\":\"Professional Car Detailing Products\",\"publisher\":{\"@id\":\"https:\\\/\\\/gliptoneeurope.com\\\/#organization\"},\"potentialAction\":[{\"@type\":\"SearchAction\",\"target\":{\"@type\":\"EntryPoint\",\"urlTemplate\":\"https:\\\/\\\/gliptoneeurope.com\\\/?s={search_term_string}\"},\"query-input\":{\"@type\":\"PropertyValueSpecification\",\"valueRequired\":true,\"valueName\":\"search_term_string\"}}],\"inLanguage\":\"de\"},{\"@type\":\"Organization\",\"@id\":\"https:\\\/\\\/gliptoneeurope.com\\\/#organization\",\"name\":\"Gliptone Europe\",\"url\":\"https:\\\/\\\/gliptoneeurope.com\\\/\",\"logo\":{\"@type\":\"ImageObject\",\"inLanguage\":\"de\",\"@id\":\"https:\\\/\\\/gliptoneeurope.com\\\/#\\\/schema\\\/logo\\\/image\\\/\",\"url\":\"https:\\\/\\\/gliptoneeurope.com\\\/wp-content\\\/uploads\\\/Gliptone_Logo.png\",\"contentUrl\":\"https:\\\/\\\/gliptoneeurope.com\\\/wp-content\\\/uploads\\\/Gliptone_Logo.png\",\"width\":1472,\"height\":607,\"caption\":\"Gliptone Europe\"},\"image\":{\"@id\":\"https:\\\/\\\/gliptoneeurope.com\\\/#\\\/schema\\\/logo\\\/image\\\/\"},\"sameAs\":[\"https:\\\/\\\/www.facebook.com\\\/gliptoneeurope\\\/\",\"https:\\\/\\\/www.instagram.com\\\/gliptoneeurope\\\/\",\"https:\\\/\\\/www.pinterest.co.uk\\\/GliptoneEurope\\\/\"]}]}<\/script>\n<!-- \/ Yoast SEO Premium plugin. -->","yoast_head_json":{"title":"Felgenschutz Express 1 Gall (3.8L) - Gliptone Europe","description":"Unser Rimguard Express ist ein einfach aufzutragender, nat\u00fcrlich gl\u00e4nzender und extrem haltbarer Polymer-Dichtstoff. Die L\u00f6sung kann auf allen nassen oder trockenen Oberfl\u00e4chen verwendet werden.","robots":{"index":"index","follow":"follow","max-snippet":"max-snippet:-1","max-image-preview":"max-image-preview:large","max-video-preview":"max-video-preview:-1"},"canonical":"https:\/\/gliptoneeurope.com\/produkt\/rimguard-express-1-gall-3-8l\/","og_locale":"de_DE","og_type":"article","og_title":"Felgenschutz Express 1 Gall (3.8L)","og_description":"Unser Rimguard Express ist ein einfach aufzutragender, nat\u00fcrlich gl\u00e4nzender und extrem haltbarer Polymer-Dichtstoff. Die L\u00f6sung kann auf allen nassen oder","og_url":"https:\/\/gliptoneeurope.com\/produkt\/rimguard-express-1-gall-3-8l\/","og_site_name":"Gliptone Europe","article_publisher":"https:\/\/www.facebook.com\/gliptoneeurope\/","og_image":[{"width":1489,"height":1490,"url":"https:\/\/gliptoneeurope.com\/wp-content\/uploads\/Rimguard-Express-1-Gall-3.8L.jpg","type":"image\/jpeg"}],"twitter_card":"summary_large_image","twitter_misc":{"Gesch\u00e4tzte Lesezeit":"1\u00a0Minute"},"schema":{"@context":"https:\/\/schema.org","@graph":[{"@type":"WebPage","@id":"https:\/\/gliptoneeurope.com\/produkt\/rimguard-express-1-gall-3-8l\/","url":"https:\/\/gliptoneeurope.com\/produkt\/rimguard-express-1-gall-3-8l\/","name":"Felgenschutz Express 1 Gall (3.8L) - Gliptone Europe","isPartOf":{"@id":"https:\/\/gliptoneeurope.com\/#website"},"primaryImageOfPage":{"@id":"https:\/\/gliptoneeurope.com\/produkt\/rimguard-express-1-gall-3-8l\/#primaryimage"},"image":{"@id":"https:\/\/gliptoneeurope.com\/produkt\/rimguard-express-1-gall-3-8l\/#primaryimage"},"thumbnailUrl":"https:\/\/gliptoneeurope.com\/wp-content\/uploads\/Rimguard-Express-1-Gall-3.8L.jpg","datePublished":"2021-11-30T11:35:26+00:00","description":"Unser Rimguard Express ist ein einfach aufzutragender, nat\u00fcrlich gl\u00e4nzender und extrem haltbarer Polymer-Dichtstoff. Die L\u00f6sung kann auf allen nassen oder trockenen Oberfl\u00e4chen verwendet werden.","breadcrumb":{"@id":"https:\/\/gliptoneeurope.com\/produkt\/rimguard-express-1-gall-3-8l\/#breadcrumb"},"inLanguage":"de","potentialAction":[{"@type":"ReadAction","target":["https:\/\/gliptoneeurope.com\/produkt\/rimguard-express-1-gall-3-8l\/"]}]},{"@type":"ImageObject","inLanguage":"de","@id":"https:\/\/gliptoneeurope.com\/produkt\/rimguard-express-1-gall-3-8l\/#primaryimage","url":"https:\/\/gliptoneeurope.com\/wp-content\/uploads\/Rimguard-Express-1-Gall-3.8L.jpg","contentUrl":"https:\/\/gliptoneeurope.com\/wp-content\/uploads\/Rimguard-Express-1-Gall-3.8L.jpg","width":1489,"height":1490},{"@type":"BreadcrumbList","@id":"https:\/\/gliptoneeurope.com\/produkt\/rimguard-express-1-gall-3-8l\/#breadcrumb","itemListElement":[{"@type":"ListItem","position":1,"name":"Home","item":"https:\/\/gliptoneeurope.com\/"},{"@type":"ListItem","position":2,"name":"Shop","item":"https:\/\/gliptoneeurope.com\/de\/shop-2\/"},{"@type":"ListItem","position":3,"name":"Felgenschutz Express 1 Gall (3.8L)"}]},{"@type":"WebSite","@id":"https:\/\/gliptoneeurope.com\/#website","url":"https:\/\/gliptoneeurope.com\/","name":"Gliptone Europe","description":"Professional Car Detailing Products","publisher":{"@id":"https:\/\/gliptoneeurope.com\/#organization"},"potentialAction":[{"@type":"SearchAction","target":{"@type":"EntryPoint","urlTemplate":"https:\/\/gliptoneeurope.com\/?s={search_term_string}"},"query-input":{"@type":"PropertyValueSpecification","valueRequired":true,"valueName":"search_term_string"}}],"inLanguage":"de"},{"@type":"Organization","@id":"https:\/\/gliptoneeurope.com\/#organization","name":"Gliptone Europe","url":"https:\/\/gliptoneeurope.com\/","logo":{"@type":"ImageObject","inLanguage":"de","@id":"https:\/\/gliptoneeurope.com\/#\/schema\/logo\/image\/","url":"https:\/\/gliptoneeurope.com\/wp-content\/uploads\/Gliptone_Logo.png","contentUrl":"https:\/\/gliptoneeurope.com\/wp-content\/uploads\/Gliptone_Logo.png","width":1472,"height":607,"caption":"Gliptone Europe"},"image":{"@id":"https:\/\/gliptoneeurope.com\/#\/schema\/logo\/image\/"},"sameAs":["https:\/\/www.facebook.com\/gliptoneeurope\/","https:\/\/www.instagram.com\/gliptoneeurope\/","https:\/\/www.pinterest.co.uk\/GliptoneEurope\/"]}]}},"wcpa_form_fields":null,"_links":{"self":[{"href":"https:\/\/gliptoneeurope.com\/de\/wp-json\/wp\/v2\/product\/11571","targetHints":{"allow":["GET"]}}],"collection":[{"href":"https:\/\/gliptoneeurope.com\/de\/wp-json\/wp\/v2\/product"}],"about":[{"href":"https:\/\/gliptoneeurope.com\/de\/wp-json\/wp\/v2\/types\/product"}],"wp:featuredmedia":[{"embeddable":true,"href":"https:\/\/gliptoneeurope.com\/de\/wp-json\/wp\/v2\/media\/10899"}],"wp:attachment":[{"href":"https:\/\/gliptoneeurope.com\/de\/wp-json\/wp\/v2\/media?parent=11571"}],"wp:term":[{"taxonomy":"product_brand","embeddable":true,"href":"https:\/\/gliptoneeurope.com\/de\/wp-json\/wp\/v2\/product_brand?post=11571"},{"taxonomy":"product_cat","embeddable":true,"href":"https:\/\/gliptoneeurope.com\/de\/wp-json\/wp\/v2\/product_cat?post=11571"},{"taxonomy":"product_tag","embeddable":true,"href":"https:\/\/gliptoneeurope.com\/de\/wp-json\/wp\/v2\/product_tag?post=11571"}],"curies":[{"name":"wp","href":"https:\/\/api.w.org\/{rel}","templated":true}]}}