{"id":11569,"date":"2021-05-11T13:36:37","date_gmt":"2021-11-30T11:35:24","guid":{"rendered":"https:\/\/gliptoneeurope.com\/product\/verschwinden-950ml-32oz\/"},"modified":"2021-11-30T11:35:24","modified_gmt":"2021-11-30T11:35:24","slug":"verschwinden-950ml-32oz","status":"publish","type":"product","link":"https:\/\/gliptoneeurope.com\/de\/produkt\/verschwinden-950ml-32oz\/","title":{"rendered":"Verschwinden 950ml (32oz)"},"content":{"rendered":"<p>Vanish ist ein hochalkalisches Waschmittelkonzentrat, das w\u00e4hrend des Vorwaschens als \u00e4u\u00dferst wirksamer Bestandteil in allen Arten von Autowaschanlagen verwendet werden kann.<\/p>\n<p>Vanish l\u00f6st eine Vielzahl von B\u00f6den, Mineralien und Kohlenstoffen bei Kontakt und mit minimaler bis gar keiner Bewegung auf. Kann effektiv in &#8216;Touch Free&#8217;- und Hybridsystemen verwendet werden, durch Vorbereitungspistolen und\/oder Pre-Soak-Bogen.<\/p>\n<p>Vanish kann mit unseren <a href=\"https:\/\/gliptoneeurope.com\/product\/vanish-foam-cannon-kit\/\">Snow Foam Cannons<\/a> kombiniert werden, um einen reichhaltigen, \u00fcppigen, dicken Schaum zu erzeugen, der l\u00e4nger an der Oberfl\u00e4che haftet, was eine Verweilzeit bedeutet und die Reinigung der Karosserie des Autos viel einfacher macht.<\/p>\n<p>Dieses Produkt kann ganz einfach von Ihrem Auto abgewaschen werden, indem Sie eine unserer <a href=\"https:\/\/gliptoneeurope.com\/product\/high-pressure-car-cleaning-gun-black\/\">Hochdruck-Reinigungspistolen<\/a> verwenden, die mit einem Sicherheitsausl\u00f6ser ausgestattet sind, der die Verwendung erleichtert.<\/p>\n<p>Als alternatives Vorwaschmittel empfehlen wir <a href=\"https:\/\/gliptoneeurope.com\/product\/bright-wash-low-ph-950ml-32oz\/\">Bright Wash<\/a> , unser Waschmittel mit niedrigem pH-Wert, das bei Kontakt eine Vielzahl von Verschmutzungen, Mineralien und Kohlen aufl\u00f6st.<\/p>\n<p>Verwenden Sie nach Abschluss <a href=\"https:\/\/gliptoneeurope.com\/product\/wash-n-glow\/\">der Vorw\u00e4sche Wash-n-Glow<\/a> , unser pH-neutrales Premium-Autoshampoo, das f\u00fcr alle Wachslackierungen geeignet ist und nach dem Gebrauch keine R\u00fcckst\u00e4nde oder Wasserflecken hinterl\u00e4sst.<\/p>\n<p>Diese Formel kann sicher auf jeder Farbe verwendet werden und ist auch mit dem Reclaim System kompatibel. Zur Anwendung einfach 150:1 bis 350:1 verd\u00fcnnen.<\/p>\n<p>Dieses Produkt finden Sie in unserem <a href=\"https:\/\/gliptoneeurope.com\/product\/decontamination-kit\/\">Dekontaminations-Kit<\/a> , das alles enth\u00e4lt, was Sie zur sicheren Entfernung von Verunreinigungen aus Ihrem Lack ben\u00f6tigen.<\/p>\n","protected":false},"excerpt":{"rendered":"<p>Vanish ist ein hochalkalisches Waschmittelkonzentrat, das w\u00e4hrend des Vorwaschens als \u00e4u\u00dferst wirksamer Bestandteil in allen Arten von Autowaschanlagen verwendet werden kann. Vanish l\u00f6st eine Vielzahl von B\u00f6den, Mineralien und Kohlenstoffen bei Kontakt und mit minimaler bis gar keiner Bewegung auf. Kann effektiv in &#8216;Touch Free&#8217;- und Hybridsystemen verwendet werden, durch Vorbereitungspistolen und\/oder Pre-Soak-Bogen. Vanish kann [&hellip;]<\/p>\n","protected":false},"featured_media":10887,"template":"","meta":[],"product_brand":[],"product_cat":[95,119],"product_tag":[],"class_list":{"0":"post-11569","1":"product","2":"type-product","3":"status-publish","4":"has-post-thumbnail","6":"product_cat-neue-produkte","7":"product_cat-vorbereitung-reinigung","9":"first","10":"instock","11":"taxable","12":"shipping-taxable","13":"purchasable","14":"product-type-variable","15":"has-default-attributes"},"yoast_head":"<!-- This site is optimized with the Yoast SEO Premium plugin v21.4 (Yoast SEO v27.4) - https:\/\/yoast.com\/product\/yoast-seo-premium-wordpress\/ -->\n<title>Verschwinden 950ml (32oz) - Gliptone Europe<\/title>\n<meta name=\"description\" content=\"Vanish ist ein hochalkalisches Waschmittelkonzentrat, das w\u00e4hrend des Vorwaschens als \u00e4u\u00dferst wirksamer Bestandteil in allen Arten von Autowaschanlagen verwendet werden kann.\" \/>\n<meta name=\"robots\" content=\"index, follow, max-snippet:-1, max-image-preview:large, max-video-preview:-1\" \/>\n<link rel=\"canonical\" href=\"https:\/\/gliptoneeurope.com\/de\/produkt\/verschwinden-950ml-32oz\/\" \/>\n<meta property=\"og:locale\" content=\"de_DE\" \/>\n<meta property=\"og:type\" content=\"article\" \/>\n<meta property=\"og:title\" content=\"Verschwinden 950ml (32oz)\" \/>\n<meta property=\"og:description\" content=\"Vanish ist ein hochalkalisches Waschmittelkonzentrat, das w\u00e4hrend des Vorwaschens als \u00e4u\u00dferst wirksamer Bestandteil in allen Arten von Autowaschanlagen\" \/>\n<meta property=\"og:url\" content=\"https:\/\/gliptoneeurope.com\/de\/produkt\/verschwinden-950ml-32oz\/\" \/>\n<meta property=\"og:site_name\" content=\"Gliptone Europe\" \/>\n<meta property=\"article:publisher\" content=\"https:\/\/www.facebook.com\/gliptoneeurope\/\" \/>\n<meta property=\"og:image\" content=\"https:\/\/gliptoneeurope.com\/wp-content\/uploads\/Vanish-High-pH-950ml-32oz.jpg\" \/>\n\t<meta property=\"og:image:width\" content=\"1411\" \/>\n\t<meta property=\"og:image:height\" content=\"1412\" \/>\n\t<meta property=\"og:image:type\" content=\"image\/jpeg\" \/>\n<meta name=\"twitter:card\" content=\"summary_large_image\" \/>\n<meta name=\"twitter:label1\" content=\"Gesch\u00e4tzte Lesezeit\" \/>\n\t<meta name=\"twitter:data1\" content=\"1\u00a0Minute\" \/>\n<script type=\"application\/ld+json\" class=\"yoast-schema-graph\">{\"@context\":\"https:\\\/\\\/schema.org\",\"@graph\":[{\"@type\":\"WebPage\",\"@id\":\"https:\\\/\\\/gliptoneeurope.com\\\/de\\\/produkt\\\/verschwinden-950ml-32oz\\\/\",\"url\":\"https:\\\/\\\/gliptoneeurope.com\\\/de\\\/produkt\\\/verschwinden-950ml-32oz\\\/\",\"name\":\"Verschwinden 950ml (32oz) - Gliptone Europe\",\"isPartOf\":{\"@id\":\"https:\\\/\\\/gliptoneeurope.com\\\/#website\"},\"primaryImageOfPage\":{\"@id\":\"https:\\\/\\\/gliptoneeurope.com\\\/de\\\/produkt\\\/verschwinden-950ml-32oz\\\/#primaryimage\"},\"image\":{\"@id\":\"https:\\\/\\\/gliptoneeurope.com\\\/de\\\/produkt\\\/verschwinden-950ml-32oz\\\/#primaryimage\"},\"thumbnailUrl\":\"https:\\\/\\\/gliptoneeurope.com\\\/wp-content\\\/uploads\\\/Vanish-High-pH-950ml-32oz.jpg\",\"datePublished\":\"2021-11-30T11:35:24+00:00\",\"description\":\"Vanish ist ein hochalkalisches Waschmittelkonzentrat, das w\u00e4hrend des Vorwaschens als \u00e4u\u00dferst wirksamer Bestandteil in allen Arten von Autowaschanlagen verwendet werden kann.\",\"breadcrumb\":{\"@id\":\"https:\\\/\\\/gliptoneeurope.com\\\/de\\\/produkt\\\/verschwinden-950ml-32oz\\\/#breadcrumb\"},\"inLanguage\":\"de\",\"potentialAction\":[{\"@type\":\"ReadAction\",\"target\":[\"https:\\\/\\\/gliptoneeurope.com\\\/de\\\/produkt\\\/verschwinden-950ml-32oz\\\/\"]}]},{\"@type\":\"ImageObject\",\"inLanguage\":\"de\",\"@id\":\"https:\\\/\\\/gliptoneeurope.com\\\/de\\\/produkt\\\/verschwinden-950ml-32oz\\\/#primaryimage\",\"url\":\"https:\\\/\\\/gliptoneeurope.com\\\/wp-content\\\/uploads\\\/Vanish-High-pH-950ml-32oz.jpg\",\"contentUrl\":\"https:\\\/\\\/gliptoneeurope.com\\\/wp-content\\\/uploads\\\/Vanish-High-pH-950ml-32oz.jpg\",\"width\":1411,\"height\":1412},{\"@type\":\"BreadcrumbList\",\"@id\":\"https:\\\/\\\/gliptoneeurope.com\\\/de\\\/produkt\\\/verschwinden-950ml-32oz\\\/#breadcrumb\",\"itemListElement\":[{\"@type\":\"ListItem\",\"position\":1,\"name\":\"Home\",\"item\":\"https:\\\/\\\/gliptoneeurope.com\\\/\"},{\"@type\":\"ListItem\",\"position\":2,\"name\":\"Shop\",\"item\":\"https:\\\/\\\/gliptoneeurope.com\\\/de\\\/shop-2\\\/\"},{\"@type\":\"ListItem\",\"position\":3,\"name\":\"Verschwinden 950ml (32oz)\"}]},{\"@type\":\"WebSite\",\"@id\":\"https:\\\/\\\/gliptoneeurope.com\\\/#website\",\"url\":\"https:\\\/\\\/gliptoneeurope.com\\\/\",\"name\":\"Gliptone Europe\",\"description\":\"Professional Car Detailing Products\",\"publisher\":{\"@id\":\"https:\\\/\\\/gliptoneeurope.com\\\/#organization\"},\"potentialAction\":[{\"@type\":\"SearchAction\",\"target\":{\"@type\":\"EntryPoint\",\"urlTemplate\":\"https:\\\/\\\/gliptoneeurope.com\\\/?s={search_term_string}\"},\"query-input\":{\"@type\":\"PropertyValueSpecification\",\"valueRequired\":true,\"valueName\":\"search_term_string\"}}],\"inLanguage\":\"de\"},{\"@type\":\"Organization\",\"@id\":\"https:\\\/\\\/gliptoneeurope.com\\\/#organization\",\"name\":\"Gliptone Europe\",\"url\":\"https:\\\/\\\/gliptoneeurope.com\\\/\",\"logo\":{\"@type\":\"ImageObject\",\"inLanguage\":\"de\",\"@id\":\"https:\\\/\\\/gliptoneeurope.com\\\/#\\\/schema\\\/logo\\\/image\\\/\",\"url\":\"https:\\\/\\\/gliptoneeurope.com\\\/wp-content\\\/uploads\\\/Gliptone_Logo.png\",\"contentUrl\":\"https:\\\/\\\/gliptoneeurope.com\\\/wp-content\\\/uploads\\\/Gliptone_Logo.png\",\"width\":1472,\"height\":607,\"caption\":\"Gliptone Europe\"},\"image\":{\"@id\":\"https:\\\/\\\/gliptoneeurope.com\\\/#\\\/schema\\\/logo\\\/image\\\/\"},\"sameAs\":[\"https:\\\/\\\/www.facebook.com\\\/gliptoneeurope\\\/\",\"https:\\\/\\\/www.instagram.com\\\/gliptoneeurope\\\/\",\"https:\\\/\\\/www.pinterest.co.uk\\\/GliptoneEurope\\\/\"]}]}<\/script>\n<!-- \/ Yoast SEO Premium plugin. -->","yoast_head_json":{"title":"Verschwinden 950ml (32oz) - Gliptone Europe","description":"Vanish ist ein hochalkalisches Waschmittelkonzentrat, das w\u00e4hrend des Vorwaschens als \u00e4u\u00dferst wirksamer Bestandteil in allen Arten von Autowaschanlagen verwendet werden kann.","robots":{"index":"index","follow":"follow","max-snippet":"max-snippet:-1","max-image-preview":"max-image-preview:large","max-video-preview":"max-video-preview:-1"},"canonical":"https:\/\/gliptoneeurope.com\/de\/produkt\/verschwinden-950ml-32oz\/","og_locale":"de_DE","og_type":"article","og_title":"Verschwinden 950ml (32oz)","og_description":"Vanish ist ein hochalkalisches Waschmittelkonzentrat, das w\u00e4hrend des Vorwaschens als \u00e4u\u00dferst wirksamer Bestandteil in allen Arten von Autowaschanlagen","og_url":"https:\/\/gliptoneeurope.com\/de\/produkt\/verschwinden-950ml-32oz\/","og_site_name":"Gliptone Europe","article_publisher":"https:\/\/www.facebook.com\/gliptoneeurope\/","og_image":[{"width":1411,"height":1412,"url":"https:\/\/gliptoneeurope.com\/wp-content\/uploads\/Vanish-High-pH-950ml-32oz.jpg","type":"image\/jpeg"}],"twitter_card":"summary_large_image","twitter_misc":{"Gesch\u00e4tzte Lesezeit":"1\u00a0Minute"},"schema":{"@context":"https:\/\/schema.org","@graph":[{"@type":"WebPage","@id":"https:\/\/gliptoneeurope.com\/de\/produkt\/verschwinden-950ml-32oz\/","url":"https:\/\/gliptoneeurope.com\/de\/produkt\/verschwinden-950ml-32oz\/","name":"Verschwinden 950ml (32oz) - Gliptone Europe","isPartOf":{"@id":"https:\/\/gliptoneeurope.com\/#website"},"primaryImageOfPage":{"@id":"https:\/\/gliptoneeurope.com\/de\/produkt\/verschwinden-950ml-32oz\/#primaryimage"},"image":{"@id":"https:\/\/gliptoneeurope.com\/de\/produkt\/verschwinden-950ml-32oz\/#primaryimage"},"thumbnailUrl":"https:\/\/gliptoneeurope.com\/wp-content\/uploads\/Vanish-High-pH-950ml-32oz.jpg","datePublished":"2021-11-30T11:35:24+00:00","description":"Vanish ist ein hochalkalisches Waschmittelkonzentrat, das w\u00e4hrend des Vorwaschens als \u00e4u\u00dferst wirksamer Bestandteil in allen Arten von Autowaschanlagen verwendet werden kann.","breadcrumb":{"@id":"https:\/\/gliptoneeurope.com\/de\/produkt\/verschwinden-950ml-32oz\/#breadcrumb"},"inLanguage":"de","potentialAction":[{"@type":"ReadAction","target":["https:\/\/gliptoneeurope.com\/de\/produkt\/verschwinden-950ml-32oz\/"]}]},{"@type":"ImageObject","inLanguage":"de","@id":"https:\/\/gliptoneeurope.com\/de\/produkt\/verschwinden-950ml-32oz\/#primaryimage","url":"https:\/\/gliptoneeurope.com\/wp-content\/uploads\/Vanish-High-pH-950ml-32oz.jpg","contentUrl":"https:\/\/gliptoneeurope.com\/wp-content\/uploads\/Vanish-High-pH-950ml-32oz.jpg","width":1411,"height":1412},{"@type":"BreadcrumbList","@id":"https:\/\/gliptoneeurope.com\/de\/produkt\/verschwinden-950ml-32oz\/#breadcrumb","itemListElement":[{"@type":"ListItem","position":1,"name":"Home","item":"https:\/\/gliptoneeurope.com\/"},{"@type":"ListItem","position":2,"name":"Shop","item":"https:\/\/gliptoneeurope.com\/de\/shop-2\/"},{"@type":"ListItem","position":3,"name":"Verschwinden 950ml (32oz)"}]},{"@type":"WebSite","@id":"https:\/\/gliptoneeurope.com\/#website","url":"https:\/\/gliptoneeurope.com\/","name":"Gliptone Europe","description":"Professional Car Detailing Products","publisher":{"@id":"https:\/\/gliptoneeurope.com\/#organization"},"potentialAction":[{"@type":"SearchAction","target":{"@type":"EntryPoint","urlTemplate":"https:\/\/gliptoneeurope.com\/?s={search_term_string}"},"query-input":{"@type":"PropertyValueSpecification","valueRequired":true,"valueName":"search_term_string"}}],"inLanguage":"de"},{"@type":"Organization","@id":"https:\/\/gliptoneeurope.com\/#organization","name":"Gliptone Europe","url":"https:\/\/gliptoneeurope.com\/","logo":{"@type":"ImageObject","inLanguage":"de","@id":"https:\/\/gliptoneeurope.com\/#\/schema\/logo\/image\/","url":"https:\/\/gliptoneeurope.com\/wp-content\/uploads\/Gliptone_Logo.png","contentUrl":"https:\/\/gliptoneeurope.com\/wp-content\/uploads\/Gliptone_Logo.png","width":1472,"height":607,"caption":"Gliptone Europe"},"image":{"@id":"https:\/\/gliptoneeurope.com\/#\/schema\/logo\/image\/"},"sameAs":["https:\/\/www.facebook.com\/gliptoneeurope\/","https:\/\/www.instagram.com\/gliptoneeurope\/","https:\/\/www.pinterest.co.uk\/GliptoneEurope\/"]}]}},"wcpa_form_fields":null,"_links":{"self":[{"href":"https:\/\/gliptoneeurope.com\/de\/wp-json\/wp\/v2\/product\/11569","targetHints":{"allow":["GET"]}}],"collection":[{"href":"https:\/\/gliptoneeurope.com\/de\/wp-json\/wp\/v2\/product"}],"about":[{"href":"https:\/\/gliptoneeurope.com\/de\/wp-json\/wp\/v2\/types\/product"}],"wp:featuredmedia":[{"embeddable":true,"href":"https:\/\/gliptoneeurope.com\/de\/wp-json\/wp\/v2\/media\/10887"}],"wp:attachment":[{"href":"https:\/\/gliptoneeurope.com\/de\/wp-json\/wp\/v2\/media?parent=11569"}],"wp:term":[{"taxonomy":"product_brand","embeddable":true,"href":"https:\/\/gliptoneeurope.com\/de\/wp-json\/wp\/v2\/product_brand?post=11569"},{"taxonomy":"product_cat","embeddable":true,"href":"https:\/\/gliptoneeurope.com\/de\/wp-json\/wp\/v2\/product_cat?post=11569"},{"taxonomy":"product_tag","embeddable":true,"href":"https:\/\/gliptoneeurope.com\/de\/wp-json\/wp\/v2\/product_tag?post=11569"}],"curies":[{"name":"wp","href":"https:\/\/api.w.org\/{rel}","templated":true}]}}