{"id":11567,"date":"2021-05-11T14:07:59","date_gmt":"2021-11-30T11:35:17","guid":{"rendered":"https:\/\/gliptoneeurope.com\/product\/karosserie-wachs-kit\/"},"modified":"2021-11-30T11:35:17","modified_gmt":"2021-11-30T11:35:17","slug":"karosserie-wachs-kit","status":"publish","type":"product","link":"https:\/\/gliptoneeurope.com\/de\/produkt\/karosserie-wachs-kit\/","title":{"rendered":"Karosserie-Wachs-Kit"},"content":{"rendered":"<p>Unser Car Bodywork Wax Kit ist die perfekte Kombination, um die Au\u00dfenfl\u00e4che Ihres Autos sauber und gepflegt zu polieren und zu hinterlassen.<\/p>\n<p>Nachdem Sie Ihr Auto mit unserem pH-neutralen Shampoo <a href=\"https:\/\/gliptoneeurope.com\/product\/wash-n-glow\/\">Wash-n-Glow<\/a> gewaschen haben, k\u00f6nnen Sie einem dreistufigen Prozess folgen, beginnend mit unserem <a href=\"https:\/\/gliptoneeurope.com\/product\/clear-coat-compound\/\">Klarlack-Compound<\/a> , um alle Klarlacke vorzubereiten und Kratzer oder Wirbelspuren zu entfernen, bevor Sie unsere <a href=\"https:\/\/gliptoneeurope.com\/product\/clear-coat-polish\/\">Klarlack-<\/a> Politur zum Polieren und Sch\u00fctzen verwenden Ihre Au\u00dfenlackierung.<\/p>\n<p>Abschlie\u00dfend mit <a href=\"https:\/\/gliptoneeurope.com\/product\/platinum-cream-wax\/\">Platinum Cream Wax abschlie\u00dfen<\/a> , einer einfach anzuwendenden Cremeformel, die sich perfekt f\u00fcr jede Au\u00dfenpolitur eignet.<\/p>\n","protected":false},"excerpt":{"rendered":"<p>Unser Car Bodywork Wax Kit ist die perfekte Kombination, um die Au\u00dfenfl\u00e4che Ihres Autos sauber und gepflegt zu polieren und zu hinterlassen. Nachdem Sie Ihr Auto mit unserem pH-neutralen Shampoo Wash-n-Glow gewaschen haben, k\u00f6nnen Sie einem dreistufigen Prozess folgen, beginnend mit unserem Klarlack-Compound , um alle Klarlacke vorzubereiten und Kratzer oder Wirbelspuren zu entfernen, bevor [&hellip;]<\/p>\n","protected":false},"featured_media":11019,"template":"","meta":[],"product_brand":[],"product_cat":[106,102,95],"product_tag":[],"class_list":{"0":"post-11567","1":"product","2":"type-product","3":"status-publish","4":"has-post-thumbnail","6":"product_cat-ausendetailer-polituren","7":"product_cat-bausatze","8":"product_cat-neue-produkte","10":"first","11":"instock","12":"taxable","13":"shipping-taxable","14":"purchasable","15":"product-type-simple"},"yoast_head":"<!-- This site is optimized with the Yoast SEO Premium plugin v21.4 (Yoast SEO v27.5) - https:\/\/yoast.com\/product\/yoast-seo-premium-wordpress\/ -->\n<title>Gliptone Europe - Unser neuer Karosserie-Wachs-Kit jetzt verf\u00fcgbar<\/title>\n<meta name=\"description\" content=\"Unser Car Bodywork Wax Kit ist die perfekte Kombination, um die Au\u00dfenfl\u00e4che Ihres Autos sauber und gepflegt zu polieren und zu hinterlassen.\" \/>\n<meta name=\"robots\" content=\"index, follow, max-snippet:-1, max-image-preview:large, max-video-preview:-1\" \/>\n<link rel=\"canonical\" href=\"https:\/\/gliptoneeurope.com\/de\/produkt\/karosserie-wachs-kit\/\" \/>\n<meta property=\"og:locale\" content=\"de_DE\" \/>\n<meta property=\"og:type\" content=\"article\" \/>\n<meta property=\"og:title\" content=\"Karosserie-Wachs-Kit\" \/>\n<meta property=\"og:description\" content=\"Unser Car Bodywork Wax Kit ist die perfekte Kombination, um die Au\u00dfenfl\u00e4che Ihres Autos sauber und gepflegt zu polieren und zu hinterlassen. Nachdem Sie\" \/>\n<meta property=\"og:url\" content=\"https:\/\/gliptoneeurope.com\/de\/produkt\/karosserie-wachs-kit\/\" \/>\n<meta property=\"og:site_name\" content=\"Gliptone Europe\" \/>\n<meta property=\"article:publisher\" content=\"https:\/\/www.facebook.com\/gliptoneeurope\/\" \/>\n<meta property=\"og:image\" content=\"https:\/\/gliptoneeurope.com\/wp-content\/uploads\/Car-Bodywork-Wax-Kit.jpg\" \/>\n\t<meta property=\"og:image:width\" content=\"1701\" \/>\n\t<meta property=\"og:image:height\" content=\"1701\" \/>\n\t<meta property=\"og:image:type\" content=\"image\/jpeg\" \/>\n<meta name=\"twitter:card\" content=\"summary_large_image\" \/>\n<script type=\"application\/ld+json\" class=\"yoast-schema-graph\">{\"@context\":\"https:\\\/\\\/schema.org\",\"@graph\":[{\"@type\":\"WebPage\",\"@id\":\"https:\\\/\\\/gliptoneeurope.com\\\/de\\\/produkt\\\/karosserie-wachs-kit\\\/\",\"url\":\"https:\\\/\\\/gliptoneeurope.com\\\/de\\\/produkt\\\/karosserie-wachs-kit\\\/\",\"name\":\"Gliptone Europe - Unser neuer Karosserie-Wachs-Kit jetzt verf\u00fcgbar\",\"isPartOf\":{\"@id\":\"https:\\\/\\\/gliptoneeurope.com\\\/#website\"},\"primaryImageOfPage\":{\"@id\":\"https:\\\/\\\/gliptoneeurope.com\\\/de\\\/produkt\\\/karosserie-wachs-kit\\\/#primaryimage\"},\"image\":{\"@id\":\"https:\\\/\\\/gliptoneeurope.com\\\/de\\\/produkt\\\/karosserie-wachs-kit\\\/#primaryimage\"},\"thumbnailUrl\":\"https:\\\/\\\/gliptoneeurope.com\\\/wp-content\\\/uploads\\\/Car-Bodywork-Wax-Kit.jpg\",\"datePublished\":\"2021-11-30T11:35:17+00:00\",\"description\":\"Unser Car Bodywork Wax Kit ist die perfekte Kombination, um die Au\u00dfenfl\u00e4che Ihres Autos sauber und gepflegt zu polieren und zu hinterlassen.\",\"breadcrumb\":{\"@id\":\"https:\\\/\\\/gliptoneeurope.com\\\/de\\\/produkt\\\/karosserie-wachs-kit\\\/#breadcrumb\"},\"inLanguage\":\"de\",\"potentialAction\":[{\"@type\":\"ReadAction\",\"target\":[\"https:\\\/\\\/gliptoneeurope.com\\\/de\\\/produkt\\\/karosserie-wachs-kit\\\/\"]}]},{\"@type\":\"ImageObject\",\"inLanguage\":\"de\",\"@id\":\"https:\\\/\\\/gliptoneeurope.com\\\/de\\\/produkt\\\/karosserie-wachs-kit\\\/#primaryimage\",\"url\":\"https:\\\/\\\/gliptoneeurope.com\\\/wp-content\\\/uploads\\\/Car-Bodywork-Wax-Kit.jpg\",\"contentUrl\":\"https:\\\/\\\/gliptoneeurope.com\\\/wp-content\\\/uploads\\\/Car-Bodywork-Wax-Kit.jpg\",\"width\":1701,\"height\":1701},{\"@type\":\"BreadcrumbList\",\"@id\":\"https:\\\/\\\/gliptoneeurope.com\\\/de\\\/produkt\\\/karosserie-wachs-kit\\\/#breadcrumb\",\"itemListElement\":[{\"@type\":\"ListItem\",\"position\":1,\"name\":\"Home\",\"item\":\"https:\\\/\\\/gliptoneeurope.com\\\/\"},{\"@type\":\"ListItem\",\"position\":2,\"name\":\"Shop\",\"item\":\"https:\\\/\\\/gliptoneeurope.com\\\/de\\\/shop-2\\\/\"},{\"@type\":\"ListItem\",\"position\":3,\"name\":\"Karosserie-Wachs-Kit\"}]},{\"@type\":\"WebSite\",\"@id\":\"https:\\\/\\\/gliptoneeurope.com\\\/#website\",\"url\":\"https:\\\/\\\/gliptoneeurope.com\\\/\",\"name\":\"Gliptone Europe\",\"description\":\"Professional Car Detailing Products\",\"publisher\":{\"@id\":\"https:\\\/\\\/gliptoneeurope.com\\\/#organization\"},\"potentialAction\":[{\"@type\":\"SearchAction\",\"target\":{\"@type\":\"EntryPoint\",\"urlTemplate\":\"https:\\\/\\\/gliptoneeurope.com\\\/?s={search_term_string}\"},\"query-input\":{\"@type\":\"PropertyValueSpecification\",\"valueRequired\":true,\"valueName\":\"search_term_string\"}}],\"inLanguage\":\"de\"},{\"@type\":\"Organization\",\"@id\":\"https:\\\/\\\/gliptoneeurope.com\\\/#organization\",\"name\":\"Gliptone Europe\",\"url\":\"https:\\\/\\\/gliptoneeurope.com\\\/\",\"logo\":{\"@type\":\"ImageObject\",\"inLanguage\":\"de\",\"@id\":\"https:\\\/\\\/gliptoneeurope.com\\\/#\\\/schema\\\/logo\\\/image\\\/\",\"url\":\"https:\\\/\\\/gliptoneeurope.com\\\/wp-content\\\/uploads\\\/Gliptone_Logo.png\",\"contentUrl\":\"https:\\\/\\\/gliptoneeurope.com\\\/wp-content\\\/uploads\\\/Gliptone_Logo.png\",\"width\":1472,\"height\":607,\"caption\":\"Gliptone Europe\"},\"image\":{\"@id\":\"https:\\\/\\\/gliptoneeurope.com\\\/#\\\/schema\\\/logo\\\/image\\\/\"},\"sameAs\":[\"https:\\\/\\\/www.facebook.com\\\/gliptoneeurope\\\/\",\"https:\\\/\\\/www.instagram.com\\\/gliptoneeurope\\\/\",\"https:\\\/\\\/www.pinterest.co.uk\\\/GliptoneEurope\\\/\"]}]}<\/script>\n<!-- \/ Yoast SEO Premium plugin. -->","yoast_head_json":{"title":"Gliptone Europe - Unser neuer Karosserie-Wachs-Kit jetzt verf\u00fcgbar","description":"Unser Car Bodywork Wax Kit ist die perfekte Kombination, um die Au\u00dfenfl\u00e4che Ihres Autos sauber und gepflegt zu polieren und zu hinterlassen.","robots":{"index":"index","follow":"follow","max-snippet":"max-snippet:-1","max-image-preview":"max-image-preview:large","max-video-preview":"max-video-preview:-1"},"canonical":"https:\/\/gliptoneeurope.com\/de\/produkt\/karosserie-wachs-kit\/","og_locale":"de_DE","og_type":"article","og_title":"Karosserie-Wachs-Kit","og_description":"Unser Car Bodywork Wax Kit ist die perfekte Kombination, um die Au\u00dfenfl\u00e4che Ihres Autos sauber und gepflegt zu polieren und zu hinterlassen. Nachdem Sie","og_url":"https:\/\/gliptoneeurope.com\/de\/produkt\/karosserie-wachs-kit\/","og_site_name":"Gliptone Europe","article_publisher":"https:\/\/www.facebook.com\/gliptoneeurope\/","og_image":[{"width":1701,"height":1701,"url":"https:\/\/gliptoneeurope.com\/wp-content\/uploads\/Car-Bodywork-Wax-Kit.jpg","type":"image\/jpeg"}],"twitter_card":"summary_large_image","schema":{"@context":"https:\/\/schema.org","@graph":[{"@type":"WebPage","@id":"https:\/\/gliptoneeurope.com\/de\/produkt\/karosserie-wachs-kit\/","url":"https:\/\/gliptoneeurope.com\/de\/produkt\/karosserie-wachs-kit\/","name":"Gliptone Europe - Unser neuer Karosserie-Wachs-Kit jetzt verf\u00fcgbar","isPartOf":{"@id":"https:\/\/gliptoneeurope.com\/#website"},"primaryImageOfPage":{"@id":"https:\/\/gliptoneeurope.com\/de\/produkt\/karosserie-wachs-kit\/#primaryimage"},"image":{"@id":"https:\/\/gliptoneeurope.com\/de\/produkt\/karosserie-wachs-kit\/#primaryimage"},"thumbnailUrl":"https:\/\/gliptoneeurope.com\/wp-content\/uploads\/Car-Bodywork-Wax-Kit.jpg","datePublished":"2021-11-30T11:35:17+00:00","description":"Unser Car Bodywork Wax Kit ist die perfekte Kombination, um die Au\u00dfenfl\u00e4che Ihres Autos sauber und gepflegt zu polieren und zu hinterlassen.","breadcrumb":{"@id":"https:\/\/gliptoneeurope.com\/de\/produkt\/karosserie-wachs-kit\/#breadcrumb"},"inLanguage":"de","potentialAction":[{"@type":"ReadAction","target":["https:\/\/gliptoneeurope.com\/de\/produkt\/karosserie-wachs-kit\/"]}]},{"@type":"ImageObject","inLanguage":"de","@id":"https:\/\/gliptoneeurope.com\/de\/produkt\/karosserie-wachs-kit\/#primaryimage","url":"https:\/\/gliptoneeurope.com\/wp-content\/uploads\/Car-Bodywork-Wax-Kit.jpg","contentUrl":"https:\/\/gliptoneeurope.com\/wp-content\/uploads\/Car-Bodywork-Wax-Kit.jpg","width":1701,"height":1701},{"@type":"BreadcrumbList","@id":"https:\/\/gliptoneeurope.com\/de\/produkt\/karosserie-wachs-kit\/#breadcrumb","itemListElement":[{"@type":"ListItem","position":1,"name":"Home","item":"https:\/\/gliptoneeurope.com\/"},{"@type":"ListItem","position":2,"name":"Shop","item":"https:\/\/gliptoneeurope.com\/de\/shop-2\/"},{"@type":"ListItem","position":3,"name":"Karosserie-Wachs-Kit"}]},{"@type":"WebSite","@id":"https:\/\/gliptoneeurope.com\/#website","url":"https:\/\/gliptoneeurope.com\/","name":"Gliptone Europe","description":"Professional Car Detailing Products","publisher":{"@id":"https:\/\/gliptoneeurope.com\/#organization"},"potentialAction":[{"@type":"SearchAction","target":{"@type":"EntryPoint","urlTemplate":"https:\/\/gliptoneeurope.com\/?s={search_term_string}"},"query-input":{"@type":"PropertyValueSpecification","valueRequired":true,"valueName":"search_term_string"}}],"inLanguage":"de"},{"@type":"Organization","@id":"https:\/\/gliptoneeurope.com\/#organization","name":"Gliptone Europe","url":"https:\/\/gliptoneeurope.com\/","logo":{"@type":"ImageObject","inLanguage":"de","@id":"https:\/\/gliptoneeurope.com\/#\/schema\/logo\/image\/","url":"https:\/\/gliptoneeurope.com\/wp-content\/uploads\/Gliptone_Logo.png","contentUrl":"https:\/\/gliptoneeurope.com\/wp-content\/uploads\/Gliptone_Logo.png","width":1472,"height":607,"caption":"Gliptone Europe"},"image":{"@id":"https:\/\/gliptoneeurope.com\/#\/schema\/logo\/image\/"},"sameAs":["https:\/\/www.facebook.com\/gliptoneeurope\/","https:\/\/www.instagram.com\/gliptoneeurope\/","https:\/\/www.pinterest.co.uk\/GliptoneEurope\/"]}]}},"wcpa_form_fields":null,"_links":{"self":[{"href":"https:\/\/gliptoneeurope.com\/de\/wp-json\/wp\/v2\/product\/11567","targetHints":{"allow":["GET"]}}],"collection":[{"href":"https:\/\/gliptoneeurope.com\/de\/wp-json\/wp\/v2\/product"}],"about":[{"href":"https:\/\/gliptoneeurope.com\/de\/wp-json\/wp\/v2\/types\/product"}],"wp:featuredmedia":[{"embeddable":true,"href":"https:\/\/gliptoneeurope.com\/de\/wp-json\/wp\/v2\/media\/11019"}],"wp:attachment":[{"href":"https:\/\/gliptoneeurope.com\/de\/wp-json\/wp\/v2\/media?parent=11567"}],"wp:term":[{"taxonomy":"product_brand","embeddable":true,"href":"https:\/\/gliptoneeurope.com\/de\/wp-json\/wp\/v2\/product_brand?post=11567"},{"taxonomy":"product_cat","embeddable":true,"href":"https:\/\/gliptoneeurope.com\/de\/wp-json\/wp\/v2\/product_cat?post=11567"},{"taxonomy":"product_tag","embeddable":true,"href":"https:\/\/gliptoneeurope.com\/de\/wp-json\/wp\/v2\/product_tag?post=11567"}],"curies":[{"name":"wp","href":"https:\/\/api.w.org\/{rel}","templated":true}]}}