{"id":11554,"date":"2021-05-11T14:07:59","date_gmt":"2021-11-30T11:35:13","guid":{"rendered":"https:\/\/gliptoneeurope.com\/product\/dekontaminationsset\/"},"modified":"2021-11-30T11:35:13","modified_gmt":"2021-11-30T11:35:13","slug":"dekontaminations-set","status":"publish","type":"product","link":"https:\/\/gliptoneeurope.com\/de\/produkt\/dekontaminations-set\/","title":{"rendered":"Dekontaminationsset"},"content":{"rendered":"<p>Unser Dekontaminationsset enth\u00e4lt alles, was Sie brauchen, um Verunreinigungen sicher aus Ihrem Lack zu entfernen.<\/p>\n<p>Verwenden Sie <a href=\"https:\/\/gliptoneeurope.com\/product\/vanish-950ml-32oz\/\">Vanish<\/a> , bevor Sie Ihr Auto waschen, um vorhandene Verunreinigungen aufzul\u00f6sen, bevor Sie unseren <a href=\"https:\/\/gliptoneeurope.com\/product\/gt-iron-eater-brake-dust-remover\/\">GT Iron Eater auftragen<\/a> , um alle noch auf der Au\u00dfenseite verbleibenden Niederschl\u00e4ge zu entfernen.<\/p>\n<p>Zum Abschluss kombinieren Sie einfach unseren <a href=\"https:\/\/gliptoneeurope.com\/product\/body-bar-clay-bar\/\">Body Bar, Clay Bar<\/a> mit <a href=\"https:\/\/gliptoneeurope.com\/product\/express-interior-detailer\/\">Express Exterior Detailer<\/a> , um die Verunreinigungen zu entfernen und die Oberfl\u00e4che zum Polieren mit unserem <a href=\"https:\/\/gliptoneeurope.com\/product\/clear-coat-polish\/\">Clearcoat Polish<\/a> bereit zu halten.<\/p>\n","protected":false},"excerpt":{"rendered":"<p>Unser Dekontaminationsset enth\u00e4lt alles, was Sie brauchen, um Verunreinigungen sicher aus Ihrem Lack zu entfernen. Verwenden Sie Vanish , bevor Sie Ihr Auto waschen, um vorhandene Verunreinigungen aufzul\u00f6sen, bevor Sie unseren GT Iron Eater auftragen , um alle noch auf der Au\u00dfenseite verbleibenden Niederschl\u00e4ge zu entfernen. Zum Abschluss kombinieren Sie einfach unseren Body Bar, Clay [&hellip;]<\/p>\n","protected":false},"featured_media":10865,"template":"","meta":[],"product_brand":[],"product_cat":[102,95,119],"product_tag":[],"class_list":{"0":"post-11554","1":"product","2":"type-product","3":"status-publish","4":"has-post-thumbnail","6":"product_cat-bausatze","7":"product_cat-neue-produkte","8":"product_cat-vorbereitung-reinigung","10":"first","11":"instock","12":"taxable","13":"shipping-taxable","14":"purchasable","15":"product-type-simple"},"yoast_head":"<!-- This site is optimized with the Yoast SEO Premium plugin v21.4 (Yoast SEO v27.4) - https:\/\/yoast.com\/product\/yoast-seo-premium-wordpress\/ -->\n<title>Dekontaminationsset - Gliptone Europe<\/title>\n<meta name=\"description\" content=\"Unser Dekontaminationsset enth\u00e4lt alles, was Sie brauchen, um Verunreinigungen sicher aus Ihrem Lack zu entfernen.\" \/>\n<meta name=\"robots\" content=\"index, follow, max-snippet:-1, max-image-preview:large, max-video-preview:-1\" \/>\n<link rel=\"canonical\" href=\"https:\/\/gliptoneeurope.com\/de\/produkt\/dekontaminations-set\/\" \/>\n<meta property=\"og:locale\" content=\"de_DE\" \/>\n<meta property=\"og:type\" content=\"article\" \/>\n<meta property=\"og:title\" content=\"Dekontaminationsset\" \/>\n<meta property=\"og:description\" content=\"Unser Dekontaminationsset enth\u00e4lt alles, was Sie brauchen, um Verunreinigungen sicher aus Ihrem Lack zu entfernen. Verwenden Sie Vanish , bevor Sie Ihr\" \/>\n<meta property=\"og:url\" content=\"https:\/\/gliptoneeurope.com\/de\/produkt\/dekontaminations-set\/\" \/>\n<meta property=\"og:site_name\" content=\"Gliptone Europe\" \/>\n<meta property=\"article:publisher\" content=\"https:\/\/www.facebook.com\/gliptoneeurope\/\" \/>\n<meta property=\"og:image\" content=\"https:\/\/gliptoneeurope.com\/wp-content\/uploads\/DecontaminationKit.jpg\" \/>\n\t<meta property=\"og:image:width\" content=\"1534\" \/>\n\t<meta property=\"og:image:height\" content=\"1533\" \/>\n\t<meta property=\"og:image:type\" content=\"image\/jpeg\" \/>\n<meta name=\"twitter:card\" content=\"summary_large_image\" \/>\n<script type=\"application\/ld+json\" class=\"yoast-schema-graph\">{\"@context\":\"https:\\\/\\\/schema.org\",\"@graph\":[{\"@type\":\"WebPage\",\"@id\":\"https:\\\/\\\/gliptoneeurope.com\\\/de\\\/produkt\\\/dekontaminations-set\\\/\",\"url\":\"https:\\\/\\\/gliptoneeurope.com\\\/de\\\/produkt\\\/dekontaminations-set\\\/\",\"name\":\"Dekontaminationsset - Gliptone Europe\",\"isPartOf\":{\"@id\":\"https:\\\/\\\/gliptoneeurope.com\\\/#website\"},\"primaryImageOfPage\":{\"@id\":\"https:\\\/\\\/gliptoneeurope.com\\\/de\\\/produkt\\\/dekontaminations-set\\\/#primaryimage\"},\"image\":{\"@id\":\"https:\\\/\\\/gliptoneeurope.com\\\/de\\\/produkt\\\/dekontaminations-set\\\/#primaryimage\"},\"thumbnailUrl\":\"https:\\\/\\\/gliptoneeurope.com\\\/wp-content\\\/uploads\\\/DecontaminationKit.jpg\",\"datePublished\":\"2021-11-30T11:35:13+00:00\",\"description\":\"Unser Dekontaminationsset enth\u00e4lt alles, was Sie brauchen, um Verunreinigungen sicher aus Ihrem Lack zu entfernen.\",\"breadcrumb\":{\"@id\":\"https:\\\/\\\/gliptoneeurope.com\\\/de\\\/produkt\\\/dekontaminations-set\\\/#breadcrumb\"},\"inLanguage\":\"de\",\"potentialAction\":[{\"@type\":\"ReadAction\",\"target\":[\"https:\\\/\\\/gliptoneeurope.com\\\/de\\\/produkt\\\/dekontaminations-set\\\/\"]}]},{\"@type\":\"ImageObject\",\"inLanguage\":\"de\",\"@id\":\"https:\\\/\\\/gliptoneeurope.com\\\/de\\\/produkt\\\/dekontaminations-set\\\/#primaryimage\",\"url\":\"https:\\\/\\\/gliptoneeurope.com\\\/wp-content\\\/uploads\\\/DecontaminationKit.jpg\",\"contentUrl\":\"https:\\\/\\\/gliptoneeurope.com\\\/wp-content\\\/uploads\\\/DecontaminationKit.jpg\",\"width\":1534,\"height\":1533},{\"@type\":\"BreadcrumbList\",\"@id\":\"https:\\\/\\\/gliptoneeurope.com\\\/de\\\/produkt\\\/dekontaminations-set\\\/#breadcrumb\",\"itemListElement\":[{\"@type\":\"ListItem\",\"position\":1,\"name\":\"Home\",\"item\":\"https:\\\/\\\/gliptoneeurope.com\\\/\"},{\"@type\":\"ListItem\",\"position\":2,\"name\":\"Shop\",\"item\":\"https:\\\/\\\/gliptoneeurope.com\\\/de\\\/shop-2\\\/\"},{\"@type\":\"ListItem\",\"position\":3,\"name\":\"Dekontaminationsset\"}]},{\"@type\":\"WebSite\",\"@id\":\"https:\\\/\\\/gliptoneeurope.com\\\/#website\",\"url\":\"https:\\\/\\\/gliptoneeurope.com\\\/\",\"name\":\"Gliptone Europe\",\"description\":\"Professional Car Detailing Products\",\"publisher\":{\"@id\":\"https:\\\/\\\/gliptoneeurope.com\\\/#organization\"},\"potentialAction\":[{\"@type\":\"SearchAction\",\"target\":{\"@type\":\"EntryPoint\",\"urlTemplate\":\"https:\\\/\\\/gliptoneeurope.com\\\/?s={search_term_string}\"},\"query-input\":{\"@type\":\"PropertyValueSpecification\",\"valueRequired\":true,\"valueName\":\"search_term_string\"}}],\"inLanguage\":\"de\"},{\"@type\":\"Organization\",\"@id\":\"https:\\\/\\\/gliptoneeurope.com\\\/#organization\",\"name\":\"Gliptone Europe\",\"url\":\"https:\\\/\\\/gliptoneeurope.com\\\/\",\"logo\":{\"@type\":\"ImageObject\",\"inLanguage\":\"de\",\"@id\":\"https:\\\/\\\/gliptoneeurope.com\\\/#\\\/schema\\\/logo\\\/image\\\/\",\"url\":\"https:\\\/\\\/gliptoneeurope.com\\\/wp-content\\\/uploads\\\/Gliptone_Logo.png\",\"contentUrl\":\"https:\\\/\\\/gliptoneeurope.com\\\/wp-content\\\/uploads\\\/Gliptone_Logo.png\",\"width\":1472,\"height\":607,\"caption\":\"Gliptone Europe\"},\"image\":{\"@id\":\"https:\\\/\\\/gliptoneeurope.com\\\/#\\\/schema\\\/logo\\\/image\\\/\"},\"sameAs\":[\"https:\\\/\\\/www.facebook.com\\\/gliptoneeurope\\\/\",\"https:\\\/\\\/www.instagram.com\\\/gliptoneeurope\\\/\",\"https:\\\/\\\/www.pinterest.co.uk\\\/GliptoneEurope\\\/\"]}]}<\/script>\n<!-- \/ Yoast SEO Premium plugin. -->","yoast_head_json":{"title":"Dekontaminationsset - Gliptone Europe","description":"Unser Dekontaminationsset enth\u00e4lt alles, was Sie brauchen, um Verunreinigungen sicher aus Ihrem Lack zu entfernen.","robots":{"index":"index","follow":"follow","max-snippet":"max-snippet:-1","max-image-preview":"max-image-preview:large","max-video-preview":"max-video-preview:-1"},"canonical":"https:\/\/gliptoneeurope.com\/de\/produkt\/dekontaminations-set\/","og_locale":"de_DE","og_type":"article","og_title":"Dekontaminationsset","og_description":"Unser Dekontaminationsset enth\u00e4lt alles, was Sie brauchen, um Verunreinigungen sicher aus Ihrem Lack zu entfernen. Verwenden Sie Vanish , bevor Sie Ihr","og_url":"https:\/\/gliptoneeurope.com\/de\/produkt\/dekontaminations-set\/","og_site_name":"Gliptone Europe","article_publisher":"https:\/\/www.facebook.com\/gliptoneeurope\/","og_image":[{"width":1534,"height":1533,"url":"https:\/\/gliptoneeurope.com\/wp-content\/uploads\/DecontaminationKit.jpg","type":"image\/jpeg"}],"twitter_card":"summary_large_image","schema":{"@context":"https:\/\/schema.org","@graph":[{"@type":"WebPage","@id":"https:\/\/gliptoneeurope.com\/de\/produkt\/dekontaminations-set\/","url":"https:\/\/gliptoneeurope.com\/de\/produkt\/dekontaminations-set\/","name":"Dekontaminationsset - Gliptone Europe","isPartOf":{"@id":"https:\/\/gliptoneeurope.com\/#website"},"primaryImageOfPage":{"@id":"https:\/\/gliptoneeurope.com\/de\/produkt\/dekontaminations-set\/#primaryimage"},"image":{"@id":"https:\/\/gliptoneeurope.com\/de\/produkt\/dekontaminations-set\/#primaryimage"},"thumbnailUrl":"https:\/\/gliptoneeurope.com\/wp-content\/uploads\/DecontaminationKit.jpg","datePublished":"2021-11-30T11:35:13+00:00","description":"Unser Dekontaminationsset enth\u00e4lt alles, was Sie brauchen, um Verunreinigungen sicher aus Ihrem Lack zu entfernen.","breadcrumb":{"@id":"https:\/\/gliptoneeurope.com\/de\/produkt\/dekontaminations-set\/#breadcrumb"},"inLanguage":"de","potentialAction":[{"@type":"ReadAction","target":["https:\/\/gliptoneeurope.com\/de\/produkt\/dekontaminations-set\/"]}]},{"@type":"ImageObject","inLanguage":"de","@id":"https:\/\/gliptoneeurope.com\/de\/produkt\/dekontaminations-set\/#primaryimage","url":"https:\/\/gliptoneeurope.com\/wp-content\/uploads\/DecontaminationKit.jpg","contentUrl":"https:\/\/gliptoneeurope.com\/wp-content\/uploads\/DecontaminationKit.jpg","width":1534,"height":1533},{"@type":"BreadcrumbList","@id":"https:\/\/gliptoneeurope.com\/de\/produkt\/dekontaminations-set\/#breadcrumb","itemListElement":[{"@type":"ListItem","position":1,"name":"Home","item":"https:\/\/gliptoneeurope.com\/"},{"@type":"ListItem","position":2,"name":"Shop","item":"https:\/\/gliptoneeurope.com\/de\/shop-2\/"},{"@type":"ListItem","position":3,"name":"Dekontaminationsset"}]},{"@type":"WebSite","@id":"https:\/\/gliptoneeurope.com\/#website","url":"https:\/\/gliptoneeurope.com\/","name":"Gliptone Europe","description":"Professional Car Detailing Products","publisher":{"@id":"https:\/\/gliptoneeurope.com\/#organization"},"potentialAction":[{"@type":"SearchAction","target":{"@type":"EntryPoint","urlTemplate":"https:\/\/gliptoneeurope.com\/?s={search_term_string}"},"query-input":{"@type":"PropertyValueSpecification","valueRequired":true,"valueName":"search_term_string"}}],"inLanguage":"de"},{"@type":"Organization","@id":"https:\/\/gliptoneeurope.com\/#organization","name":"Gliptone Europe","url":"https:\/\/gliptoneeurope.com\/","logo":{"@type":"ImageObject","inLanguage":"de","@id":"https:\/\/gliptoneeurope.com\/#\/schema\/logo\/image\/","url":"https:\/\/gliptoneeurope.com\/wp-content\/uploads\/Gliptone_Logo.png","contentUrl":"https:\/\/gliptoneeurope.com\/wp-content\/uploads\/Gliptone_Logo.png","width":1472,"height":607,"caption":"Gliptone Europe"},"image":{"@id":"https:\/\/gliptoneeurope.com\/#\/schema\/logo\/image\/"},"sameAs":["https:\/\/www.facebook.com\/gliptoneeurope\/","https:\/\/www.instagram.com\/gliptoneeurope\/","https:\/\/www.pinterest.co.uk\/GliptoneEurope\/"]}]}},"wcpa_form_fields":null,"_links":{"self":[{"href":"https:\/\/gliptoneeurope.com\/de\/wp-json\/wp\/v2\/product\/11554","targetHints":{"allow":["GET"]}}],"collection":[{"href":"https:\/\/gliptoneeurope.com\/de\/wp-json\/wp\/v2\/product"}],"about":[{"href":"https:\/\/gliptoneeurope.com\/de\/wp-json\/wp\/v2\/types\/product"}],"wp:featuredmedia":[{"embeddable":true,"href":"https:\/\/gliptoneeurope.com\/de\/wp-json\/wp\/v2\/media\/10865"}],"wp:attachment":[{"href":"https:\/\/gliptoneeurope.com\/de\/wp-json\/wp\/v2\/media?parent=11554"}],"wp:term":[{"taxonomy":"product_brand","embeddable":true,"href":"https:\/\/gliptoneeurope.com\/de\/wp-json\/wp\/v2\/product_brand?post=11554"},{"taxonomy":"product_cat","embeddable":true,"href":"https:\/\/gliptoneeurope.com\/de\/wp-json\/wp\/v2\/product_cat?post=11554"},{"taxonomy":"product_tag","embeddable":true,"href":"https:\/\/gliptoneeurope.com\/de\/wp-json\/wp\/v2\/product_tag?post=11554"}],"curies":[{"name":"wp","href":"https:\/\/api.w.org\/{rel}","templated":true}]}}