{"id":11551,"date":"2021-05-11T14:07:59","date_gmt":"2021-11-30T11:35:11","guid":{"rendered":"https:\/\/gliptoneeurope.com\/product\/detailing-eimer-blau\/"},"modified":"2021-11-30T11:35:11","modified_gmt":"2021-11-30T11:35:11","slug":"detaillierung-eimer-blau","status":"publish","type":"product","link":"https:\/\/gliptoneeurope.com\/de\/produkt\/detaillierung-eimer-blau\/","title":{"rendered":"Detailing-Eimer &#8211; Blau"},"content":{"rendered":"<p>Unsere in verschiedenen Farben erh\u00e4ltlichen Reinigungseimer fassen bis zu 20 Liter, was f\u00fcr die Reinigung Ihres Autos unerl\u00e4sslich ist.<\/p>\n<p>Jede Farbe entspricht den verschiedenen Phasen der Detaillierung Ihres Autos, von der Vorw\u00e4sche bis zum letzten Polieren des \u00c4u\u00dferen Ihres Autos.<\/p>\n<p>Wir empfehlen, diesen Eimer mit unserem <a href=\"https:\/\/gliptoneeurope.com\/product\/grit-guard-blue\/\">Grit Guard<\/a> bei der Reinigung Ihres Autos zu verwenden, indem Schmutz und Dreck am Boden des Eimers gehalten werden.<\/p>\n","protected":false},"excerpt":{"rendered":"<p>Unsere in verschiedenen Farben erh\u00e4ltlichen Reinigungseimer fassen bis zu 20 Liter, was f\u00fcr die Reinigung Ihres Autos unerl\u00e4sslich ist. Jede Farbe entspricht den verschiedenen Phasen der Detaillierung Ihres Autos, von der Vorw\u00e4sche bis zum letzten Polieren des \u00c4u\u00dferen Ihres Autos. Wir empfehlen, diesen Eimer mit unserem Grit Guard bei der Reinigung Ihres Autos zu verwenden, [&hellip;]<\/p>\n","protected":false},"featured_media":10951,"template":"","meta":[],"product_brand":[],"product_cat":[95,115],"product_tag":[],"class_list":{"0":"post-11551","1":"product","2":"type-product","3":"status-publish","4":"has-post-thumbnail","6":"product_cat-neue-produkte","7":"product_cat-zubehor","9":"first","10":"instock","11":"taxable","12":"shipping-taxable","13":"purchasable","14":"product-type-simple"},"yoast_head":"<!-- This site is optimized with the Yoast SEO Premium plugin v21.4 (Yoast SEO v27.4) - https:\/\/yoast.com\/product\/yoast-seo-premium-wordpress\/ -->\n<title>Detailing-Eimer - Blau - Gliptone Europe<\/title>\n<meta name=\"description\" content=\"Unsere in verschiedenen Farben erh\u00e4ltlichen Reinigungseimer fassen bis zu 20 Liter, was f\u00fcr die Reinigung Ihres Autos unerl\u00e4sslich ist.\" \/>\n<meta name=\"robots\" content=\"index, follow, max-snippet:-1, max-image-preview:large, max-video-preview:-1\" \/>\n<link rel=\"canonical\" href=\"https:\/\/gliptoneeurope.com\/de\/produkt\/detaillierung-eimer-blau\/\" \/>\n<meta property=\"og:locale\" content=\"de_DE\" \/>\n<meta property=\"og:type\" content=\"article\" \/>\n<meta property=\"og:title\" content=\"Detailing-Eimer - Blau\" \/>\n<meta property=\"og:description\" content=\"Unsere in verschiedenen Farben erh\u00e4ltlichen Reinigungseimer fassen bis zu 20 Liter, was f\u00fcr die Reinigung Ihres Autos unerl\u00e4sslich ist. Jede Farbe\" \/>\n<meta property=\"og:url\" content=\"https:\/\/gliptoneeurope.com\/de\/produkt\/detaillierung-eimer-blau\/\" \/>\n<meta property=\"og:site_name\" content=\"Gliptone Europe\" \/>\n<meta property=\"article:publisher\" content=\"https:\/\/www.facebook.com\/gliptoneeurope\/\" \/>\n<meta property=\"og:image\" content=\"https:\/\/gliptoneeurope.com\/wp-content\/uploads\/Detailing-Bucket-Blue.jpg\" \/>\n\t<meta property=\"og:image:width\" content=\"1751\" \/>\n\t<meta property=\"og:image:height\" content=\"1751\" \/>\n\t<meta property=\"og:image:type\" content=\"image\/jpeg\" \/>\n<meta name=\"twitter:card\" content=\"summary_large_image\" \/>\n<script type=\"application\/ld+json\" class=\"yoast-schema-graph\">{\"@context\":\"https:\\\/\\\/schema.org\",\"@graph\":[{\"@type\":\"WebPage\",\"@id\":\"https:\\\/\\\/gliptoneeurope.com\\\/de\\\/produkt\\\/detaillierung-eimer-blau\\\/\",\"url\":\"https:\\\/\\\/gliptoneeurope.com\\\/de\\\/produkt\\\/detaillierung-eimer-blau\\\/\",\"name\":\"Detailing-Eimer - Blau - Gliptone Europe\",\"isPartOf\":{\"@id\":\"https:\\\/\\\/gliptoneeurope.com\\\/#website\"},\"primaryImageOfPage\":{\"@id\":\"https:\\\/\\\/gliptoneeurope.com\\\/de\\\/produkt\\\/detaillierung-eimer-blau\\\/#primaryimage\"},\"image\":{\"@id\":\"https:\\\/\\\/gliptoneeurope.com\\\/de\\\/produkt\\\/detaillierung-eimer-blau\\\/#primaryimage\"},\"thumbnailUrl\":\"https:\\\/\\\/gliptoneeurope.com\\\/wp-content\\\/uploads\\\/Detailing-Bucket-Blue.jpg\",\"datePublished\":\"2021-11-30T11:35:11+00:00\",\"description\":\"Unsere in verschiedenen Farben erh\u00e4ltlichen Reinigungseimer fassen bis zu 20 Liter, was f\u00fcr die Reinigung Ihres Autos unerl\u00e4sslich ist.\",\"breadcrumb\":{\"@id\":\"https:\\\/\\\/gliptoneeurope.com\\\/de\\\/produkt\\\/detaillierung-eimer-blau\\\/#breadcrumb\"},\"inLanguage\":\"de\",\"potentialAction\":[{\"@type\":\"ReadAction\",\"target\":[\"https:\\\/\\\/gliptoneeurope.com\\\/de\\\/produkt\\\/detaillierung-eimer-blau\\\/\"]}]},{\"@type\":\"ImageObject\",\"inLanguage\":\"de\",\"@id\":\"https:\\\/\\\/gliptoneeurope.com\\\/de\\\/produkt\\\/detaillierung-eimer-blau\\\/#primaryimage\",\"url\":\"https:\\\/\\\/gliptoneeurope.com\\\/wp-content\\\/uploads\\\/Detailing-Bucket-Blue.jpg\",\"contentUrl\":\"https:\\\/\\\/gliptoneeurope.com\\\/wp-content\\\/uploads\\\/Detailing-Bucket-Blue.jpg\",\"width\":1751,\"height\":1751},{\"@type\":\"BreadcrumbList\",\"@id\":\"https:\\\/\\\/gliptoneeurope.com\\\/de\\\/produkt\\\/detaillierung-eimer-blau\\\/#breadcrumb\",\"itemListElement\":[{\"@type\":\"ListItem\",\"position\":1,\"name\":\"Home\",\"item\":\"https:\\\/\\\/gliptoneeurope.com\\\/\"},{\"@type\":\"ListItem\",\"position\":2,\"name\":\"Shop\",\"item\":\"https:\\\/\\\/gliptoneeurope.com\\\/de\\\/shop-2\\\/\"},{\"@type\":\"ListItem\",\"position\":3,\"name\":\"Detailing-Eimer &#8211; Blau\"}]},{\"@type\":\"WebSite\",\"@id\":\"https:\\\/\\\/gliptoneeurope.com\\\/#website\",\"url\":\"https:\\\/\\\/gliptoneeurope.com\\\/\",\"name\":\"Gliptone Europe\",\"description\":\"Professional Car Detailing Products\",\"publisher\":{\"@id\":\"https:\\\/\\\/gliptoneeurope.com\\\/#organization\"},\"potentialAction\":[{\"@type\":\"SearchAction\",\"target\":{\"@type\":\"EntryPoint\",\"urlTemplate\":\"https:\\\/\\\/gliptoneeurope.com\\\/?s={search_term_string}\"},\"query-input\":{\"@type\":\"PropertyValueSpecification\",\"valueRequired\":true,\"valueName\":\"search_term_string\"}}],\"inLanguage\":\"de\"},{\"@type\":\"Organization\",\"@id\":\"https:\\\/\\\/gliptoneeurope.com\\\/#organization\",\"name\":\"Gliptone Europe\",\"url\":\"https:\\\/\\\/gliptoneeurope.com\\\/\",\"logo\":{\"@type\":\"ImageObject\",\"inLanguage\":\"de\",\"@id\":\"https:\\\/\\\/gliptoneeurope.com\\\/#\\\/schema\\\/logo\\\/image\\\/\",\"url\":\"https:\\\/\\\/gliptoneeurope.com\\\/wp-content\\\/uploads\\\/Gliptone_Logo.png\",\"contentUrl\":\"https:\\\/\\\/gliptoneeurope.com\\\/wp-content\\\/uploads\\\/Gliptone_Logo.png\",\"width\":1472,\"height\":607,\"caption\":\"Gliptone Europe\"},\"image\":{\"@id\":\"https:\\\/\\\/gliptoneeurope.com\\\/#\\\/schema\\\/logo\\\/image\\\/\"},\"sameAs\":[\"https:\\\/\\\/www.facebook.com\\\/gliptoneeurope\\\/\",\"https:\\\/\\\/www.instagram.com\\\/gliptoneeurope\\\/\",\"https:\\\/\\\/www.pinterest.co.uk\\\/GliptoneEurope\\\/\"]}]}<\/script>\n<!-- \/ Yoast SEO Premium plugin. -->","yoast_head_json":{"title":"Detailing-Eimer - Blau - Gliptone Europe","description":"Unsere in verschiedenen Farben erh\u00e4ltlichen Reinigungseimer fassen bis zu 20 Liter, was f\u00fcr die Reinigung Ihres Autos unerl\u00e4sslich ist.","robots":{"index":"index","follow":"follow","max-snippet":"max-snippet:-1","max-image-preview":"max-image-preview:large","max-video-preview":"max-video-preview:-1"},"canonical":"https:\/\/gliptoneeurope.com\/de\/produkt\/detaillierung-eimer-blau\/","og_locale":"de_DE","og_type":"article","og_title":"Detailing-Eimer - Blau","og_description":"Unsere in verschiedenen Farben erh\u00e4ltlichen Reinigungseimer fassen bis zu 20 Liter, was f\u00fcr die Reinigung Ihres Autos unerl\u00e4sslich ist. Jede Farbe","og_url":"https:\/\/gliptoneeurope.com\/de\/produkt\/detaillierung-eimer-blau\/","og_site_name":"Gliptone Europe","article_publisher":"https:\/\/www.facebook.com\/gliptoneeurope\/","og_image":[{"width":1751,"height":1751,"url":"https:\/\/gliptoneeurope.com\/wp-content\/uploads\/Detailing-Bucket-Blue.jpg","type":"image\/jpeg"}],"twitter_card":"summary_large_image","schema":{"@context":"https:\/\/schema.org","@graph":[{"@type":"WebPage","@id":"https:\/\/gliptoneeurope.com\/de\/produkt\/detaillierung-eimer-blau\/","url":"https:\/\/gliptoneeurope.com\/de\/produkt\/detaillierung-eimer-blau\/","name":"Detailing-Eimer - Blau - Gliptone Europe","isPartOf":{"@id":"https:\/\/gliptoneeurope.com\/#website"},"primaryImageOfPage":{"@id":"https:\/\/gliptoneeurope.com\/de\/produkt\/detaillierung-eimer-blau\/#primaryimage"},"image":{"@id":"https:\/\/gliptoneeurope.com\/de\/produkt\/detaillierung-eimer-blau\/#primaryimage"},"thumbnailUrl":"https:\/\/gliptoneeurope.com\/wp-content\/uploads\/Detailing-Bucket-Blue.jpg","datePublished":"2021-11-30T11:35:11+00:00","description":"Unsere in verschiedenen Farben erh\u00e4ltlichen Reinigungseimer fassen bis zu 20 Liter, was f\u00fcr die Reinigung Ihres Autos unerl\u00e4sslich ist.","breadcrumb":{"@id":"https:\/\/gliptoneeurope.com\/de\/produkt\/detaillierung-eimer-blau\/#breadcrumb"},"inLanguage":"de","potentialAction":[{"@type":"ReadAction","target":["https:\/\/gliptoneeurope.com\/de\/produkt\/detaillierung-eimer-blau\/"]}]},{"@type":"ImageObject","inLanguage":"de","@id":"https:\/\/gliptoneeurope.com\/de\/produkt\/detaillierung-eimer-blau\/#primaryimage","url":"https:\/\/gliptoneeurope.com\/wp-content\/uploads\/Detailing-Bucket-Blue.jpg","contentUrl":"https:\/\/gliptoneeurope.com\/wp-content\/uploads\/Detailing-Bucket-Blue.jpg","width":1751,"height":1751},{"@type":"BreadcrumbList","@id":"https:\/\/gliptoneeurope.com\/de\/produkt\/detaillierung-eimer-blau\/#breadcrumb","itemListElement":[{"@type":"ListItem","position":1,"name":"Home","item":"https:\/\/gliptoneeurope.com\/"},{"@type":"ListItem","position":2,"name":"Shop","item":"https:\/\/gliptoneeurope.com\/de\/shop-2\/"},{"@type":"ListItem","position":3,"name":"Detailing-Eimer &#8211; Blau"}]},{"@type":"WebSite","@id":"https:\/\/gliptoneeurope.com\/#website","url":"https:\/\/gliptoneeurope.com\/","name":"Gliptone Europe","description":"Professional Car Detailing Products","publisher":{"@id":"https:\/\/gliptoneeurope.com\/#organization"},"potentialAction":[{"@type":"SearchAction","target":{"@type":"EntryPoint","urlTemplate":"https:\/\/gliptoneeurope.com\/?s={search_term_string}"},"query-input":{"@type":"PropertyValueSpecification","valueRequired":true,"valueName":"search_term_string"}}],"inLanguage":"de"},{"@type":"Organization","@id":"https:\/\/gliptoneeurope.com\/#organization","name":"Gliptone Europe","url":"https:\/\/gliptoneeurope.com\/","logo":{"@type":"ImageObject","inLanguage":"de","@id":"https:\/\/gliptoneeurope.com\/#\/schema\/logo\/image\/","url":"https:\/\/gliptoneeurope.com\/wp-content\/uploads\/Gliptone_Logo.png","contentUrl":"https:\/\/gliptoneeurope.com\/wp-content\/uploads\/Gliptone_Logo.png","width":1472,"height":607,"caption":"Gliptone Europe"},"image":{"@id":"https:\/\/gliptoneeurope.com\/#\/schema\/logo\/image\/"},"sameAs":["https:\/\/www.facebook.com\/gliptoneeurope\/","https:\/\/www.instagram.com\/gliptoneeurope\/","https:\/\/www.pinterest.co.uk\/GliptoneEurope\/"]}]}},"wcpa_form_fields":null,"_links":{"self":[{"href":"https:\/\/gliptoneeurope.com\/de\/wp-json\/wp\/v2\/product\/11551","targetHints":{"allow":["GET"]}}],"collection":[{"href":"https:\/\/gliptoneeurope.com\/de\/wp-json\/wp\/v2\/product"}],"about":[{"href":"https:\/\/gliptoneeurope.com\/de\/wp-json\/wp\/v2\/types\/product"}],"wp:featuredmedia":[{"embeddable":true,"href":"https:\/\/gliptoneeurope.com\/de\/wp-json\/wp\/v2\/media\/10951"}],"wp:attachment":[{"href":"https:\/\/gliptoneeurope.com\/de\/wp-json\/wp\/v2\/media?parent=11551"}],"wp:term":[{"taxonomy":"product_brand","embeddable":true,"href":"https:\/\/gliptoneeurope.com\/de\/wp-json\/wp\/v2\/product_brand?post=11551"},{"taxonomy":"product_cat","embeddable":true,"href":"https:\/\/gliptoneeurope.com\/de\/wp-json\/wp\/v2\/product_cat?post=11551"},{"taxonomy":"product_tag","embeddable":true,"href":"https:\/\/gliptoneeurope.com\/de\/wp-json\/wp\/v2\/product_tag?post=11551"}],"curies":[{"name":"wp","href":"https:\/\/api.w.org\/{rel}","templated":true}]}}