{"id":11545,"date":"2021-05-11T13:36:36","date_gmt":"2021-11-30T11:35:09","guid":{"rendered":"https:\/\/gliptoneeurope.com\/product\/stufe-2-glasur-1-gallone-3-8l\/"},"modified":"2021-11-30T11:35:09","modified_gmt":"2021-11-30T11:35:09","slug":"stufe-2-glasur-1-galle-3-8l","status":"publish","type":"product","link":"https:\/\/gliptoneeurope.com\/de\/produkt\/stufe-2-glasur-1-galle-3-8l\/","title":{"rendered":"Stufe 2 Glasur 1 Gallone (3.8L)"},"content":{"rendered":"<p>Stage 2 Glaze ist eine einfach zu verwendende, nicht scheuernde Autopolitur im &#8220;zweiten Schritt&#8221;, die auf heutigen Klarlacken und herk\u00f6mmlichen Lacken ein hochgl\u00e4nzendes, dauerhaftes Finish erzeugt.<\/p>\n<p>Kann mit Hand-, Orbital-Puffer oder Polierer mit variabler Geschwindigkeit unter Verwendung eines weichen Finishing-Schaum- oder Wollpads verwendet werden.<\/p>\n<p>Verwenden Sie Stufe 1 vorher f\u00fcr ein einfaches 2-Stufen-System.<\/p>\n<p>Unsere <a href=\"https:\/\/gliptoneeurope.com\/product\/clear-coat-polish\/\">Klarlackpolitur<\/a> ist eine gro\u00dfartige Alternative f\u00fcr den pers\u00f6nlichen Gebrauch, erh\u00e4ltlich in einer 470ml (16oz) Flasche.<\/p>\n","protected":false},"excerpt":{"rendered":"<p>Stage 2 Glaze ist eine einfach zu verwendende, nicht scheuernde Autopolitur im &#8220;zweiten Schritt&#8221;, die auf heutigen Klarlacken und herk\u00f6mmlichen Lacken ein hochgl\u00e4nzendes, dauerhaftes Finish erzeugt. Kann mit Hand-, Orbital-Puffer oder Polierer mit variabler Geschwindigkeit unter Verwendung eines weichen Finishing-Schaum- oder Wollpads verwendet werden. Verwenden Sie Stufe 1 vorher f\u00fcr ein einfaches 2-Stufen-System. Unsere Klarlackpolitur [&hellip;]<\/p>\n","protected":false},"featured_media":10891,"template":"","meta":[],"product_brand":[],"product_cat":[95,111],"product_tag":[],"class_list":{"0":"post-11545","1":"product","2":"type-product","3":"status-publish","4":"has-post-thumbnail","6":"product_cat-neue-produkte","7":"product_cat-profi-produkte","9":"first","10":"instock","11":"taxable","12":"shipping-taxable","13":"purchasable","14":"product-type-simple"},"yoast_head":"<!-- This site is optimized with the Yoast SEO Premium plugin v21.4 (Yoast SEO v27.4) - https:\/\/yoast.com\/product\/yoast-seo-premium-wordpress\/ -->\n<title>Stufe 2 Glasur 1 Gallone (3.8L) - Gliptone Europe<\/title>\n<meta name=\"description\" content=\"Stage 2 Glaze ist eine einfach zu verwendende, nicht scheuernde Autopolitur im &quot;zweiten Schritt&quot;, die auf heutigen Klarlacken und herk\u00f6mmlichen Lacken ein hochgl\u00e4nzendes, dauerhaftes Finish erzeugt.\" \/>\n<meta name=\"robots\" content=\"index, follow, max-snippet:-1, max-image-preview:large, max-video-preview:-1\" \/>\n<link rel=\"canonical\" href=\"https:\/\/gliptoneeurope.com\/de\/produkt\/stufe-2-glasur-1-galle-3-8l\/\" \/>\n<meta property=\"og:locale\" content=\"de_DE\" \/>\n<meta property=\"og:type\" content=\"article\" \/>\n<meta property=\"og:title\" content=\"Stufe 2 Glasur 1 Gallone (3.8L)\" \/>\n<meta property=\"og:description\" content=\"Stage 2 Glaze ist eine einfach zu verwendende, nicht scheuernde Autopolitur im &quot;zweiten Schritt&quot;, die auf heutigen Klarlacken und herk\u00f6mmlichen Lacken ein\" \/>\n<meta property=\"og:url\" content=\"https:\/\/gliptoneeurope.com\/de\/produkt\/stufe-2-glasur-1-galle-3-8l\/\" \/>\n<meta property=\"og:site_name\" content=\"Gliptone Europe\" \/>\n<meta property=\"article:publisher\" content=\"https:\/\/www.facebook.com\/gliptoneeurope\/\" \/>\n<meta property=\"og:image\" content=\"https:\/\/gliptoneeurope.com\/wp-content\/uploads\/Stage-2-Glaze-1-Gall-3.8L.jpg\" \/>\n\t<meta property=\"og:image:width\" content=\"1523\" \/>\n\t<meta property=\"og:image:height\" content=\"1523\" \/>\n\t<meta property=\"og:image:type\" content=\"image\/jpeg\" \/>\n<meta name=\"twitter:card\" content=\"summary_large_image\" \/>\n<script type=\"application\/ld+json\" class=\"yoast-schema-graph\">{\"@context\":\"https:\\\/\\\/schema.org\",\"@graph\":[{\"@type\":\"WebPage\",\"@id\":\"https:\\\/\\\/gliptoneeurope.com\\\/de\\\/produkt\\\/stufe-2-glasur-1-galle-3-8l\\\/\",\"url\":\"https:\\\/\\\/gliptoneeurope.com\\\/de\\\/produkt\\\/stufe-2-glasur-1-galle-3-8l\\\/\",\"name\":\"Stufe 2 Glasur 1 Gallone (3.8L) - Gliptone Europe\",\"isPartOf\":{\"@id\":\"https:\\\/\\\/gliptoneeurope.com\\\/#website\"},\"primaryImageOfPage\":{\"@id\":\"https:\\\/\\\/gliptoneeurope.com\\\/de\\\/produkt\\\/stufe-2-glasur-1-galle-3-8l\\\/#primaryimage\"},\"image\":{\"@id\":\"https:\\\/\\\/gliptoneeurope.com\\\/de\\\/produkt\\\/stufe-2-glasur-1-galle-3-8l\\\/#primaryimage\"},\"thumbnailUrl\":\"https:\\\/\\\/gliptoneeurope.com\\\/wp-content\\\/uploads\\\/Stage-2-Glaze-1-Gall-3.8L.jpg\",\"datePublished\":\"2021-11-30T11:35:09+00:00\",\"description\":\"Stage 2 Glaze ist eine einfach zu verwendende, nicht scheuernde Autopolitur im \\\"zweiten Schritt\\\", die auf heutigen Klarlacken und herk\u00f6mmlichen Lacken ein hochgl\u00e4nzendes, dauerhaftes Finish erzeugt.\",\"breadcrumb\":{\"@id\":\"https:\\\/\\\/gliptoneeurope.com\\\/de\\\/produkt\\\/stufe-2-glasur-1-galle-3-8l\\\/#breadcrumb\"},\"inLanguage\":\"de\",\"potentialAction\":[{\"@type\":\"ReadAction\",\"target\":[\"https:\\\/\\\/gliptoneeurope.com\\\/de\\\/produkt\\\/stufe-2-glasur-1-galle-3-8l\\\/\"]}]},{\"@type\":\"ImageObject\",\"inLanguage\":\"de\",\"@id\":\"https:\\\/\\\/gliptoneeurope.com\\\/de\\\/produkt\\\/stufe-2-glasur-1-galle-3-8l\\\/#primaryimage\",\"url\":\"https:\\\/\\\/gliptoneeurope.com\\\/wp-content\\\/uploads\\\/Stage-2-Glaze-1-Gall-3.8L.jpg\",\"contentUrl\":\"https:\\\/\\\/gliptoneeurope.com\\\/wp-content\\\/uploads\\\/Stage-2-Glaze-1-Gall-3.8L.jpg\",\"width\":1523,\"height\":1523},{\"@type\":\"BreadcrumbList\",\"@id\":\"https:\\\/\\\/gliptoneeurope.com\\\/de\\\/produkt\\\/stufe-2-glasur-1-galle-3-8l\\\/#breadcrumb\",\"itemListElement\":[{\"@type\":\"ListItem\",\"position\":1,\"name\":\"Home\",\"item\":\"https:\\\/\\\/gliptoneeurope.com\\\/\"},{\"@type\":\"ListItem\",\"position\":2,\"name\":\"Shop\",\"item\":\"https:\\\/\\\/gliptoneeurope.com\\\/de\\\/shop-2\\\/\"},{\"@type\":\"ListItem\",\"position\":3,\"name\":\"Stufe 2 Glasur 1 Gallone (3.8L)\"}]},{\"@type\":\"WebSite\",\"@id\":\"https:\\\/\\\/gliptoneeurope.com\\\/#website\",\"url\":\"https:\\\/\\\/gliptoneeurope.com\\\/\",\"name\":\"Gliptone Europe\",\"description\":\"Professional Car Detailing Products\",\"publisher\":{\"@id\":\"https:\\\/\\\/gliptoneeurope.com\\\/#organization\"},\"potentialAction\":[{\"@type\":\"SearchAction\",\"target\":{\"@type\":\"EntryPoint\",\"urlTemplate\":\"https:\\\/\\\/gliptoneeurope.com\\\/?s={search_term_string}\"},\"query-input\":{\"@type\":\"PropertyValueSpecification\",\"valueRequired\":true,\"valueName\":\"search_term_string\"}}],\"inLanguage\":\"de\"},{\"@type\":\"Organization\",\"@id\":\"https:\\\/\\\/gliptoneeurope.com\\\/#organization\",\"name\":\"Gliptone Europe\",\"url\":\"https:\\\/\\\/gliptoneeurope.com\\\/\",\"logo\":{\"@type\":\"ImageObject\",\"inLanguage\":\"de\",\"@id\":\"https:\\\/\\\/gliptoneeurope.com\\\/#\\\/schema\\\/logo\\\/image\\\/\",\"url\":\"https:\\\/\\\/gliptoneeurope.com\\\/wp-content\\\/uploads\\\/Gliptone_Logo.png\",\"contentUrl\":\"https:\\\/\\\/gliptoneeurope.com\\\/wp-content\\\/uploads\\\/Gliptone_Logo.png\",\"width\":1472,\"height\":607,\"caption\":\"Gliptone Europe\"},\"image\":{\"@id\":\"https:\\\/\\\/gliptoneeurope.com\\\/#\\\/schema\\\/logo\\\/image\\\/\"},\"sameAs\":[\"https:\\\/\\\/www.facebook.com\\\/gliptoneeurope\\\/\",\"https:\\\/\\\/www.instagram.com\\\/gliptoneeurope\\\/\",\"https:\\\/\\\/www.pinterest.co.uk\\\/GliptoneEurope\\\/\"]}]}<\/script>\n<!-- \/ Yoast SEO Premium plugin. -->","yoast_head_json":{"title":"Stufe 2 Glasur 1 Gallone (3.8L) - Gliptone Europe","description":"Stage 2 Glaze ist eine einfach zu verwendende, nicht scheuernde Autopolitur im \"zweiten Schritt\", die auf heutigen Klarlacken und herk\u00f6mmlichen Lacken ein hochgl\u00e4nzendes, dauerhaftes Finish erzeugt.","robots":{"index":"index","follow":"follow","max-snippet":"max-snippet:-1","max-image-preview":"max-image-preview:large","max-video-preview":"max-video-preview:-1"},"canonical":"https:\/\/gliptoneeurope.com\/de\/produkt\/stufe-2-glasur-1-galle-3-8l\/","og_locale":"de_DE","og_type":"article","og_title":"Stufe 2 Glasur 1 Gallone (3.8L)","og_description":"Stage 2 Glaze ist eine einfach zu verwendende, nicht scheuernde Autopolitur im \"zweiten Schritt\", die auf heutigen Klarlacken und herk\u00f6mmlichen Lacken ein","og_url":"https:\/\/gliptoneeurope.com\/de\/produkt\/stufe-2-glasur-1-galle-3-8l\/","og_site_name":"Gliptone Europe","article_publisher":"https:\/\/www.facebook.com\/gliptoneeurope\/","og_image":[{"width":1523,"height":1523,"url":"https:\/\/gliptoneeurope.com\/wp-content\/uploads\/Stage-2-Glaze-1-Gall-3.8L.jpg","type":"image\/jpeg"}],"twitter_card":"summary_large_image","schema":{"@context":"https:\/\/schema.org","@graph":[{"@type":"WebPage","@id":"https:\/\/gliptoneeurope.com\/de\/produkt\/stufe-2-glasur-1-galle-3-8l\/","url":"https:\/\/gliptoneeurope.com\/de\/produkt\/stufe-2-glasur-1-galle-3-8l\/","name":"Stufe 2 Glasur 1 Gallone (3.8L) - Gliptone Europe","isPartOf":{"@id":"https:\/\/gliptoneeurope.com\/#website"},"primaryImageOfPage":{"@id":"https:\/\/gliptoneeurope.com\/de\/produkt\/stufe-2-glasur-1-galle-3-8l\/#primaryimage"},"image":{"@id":"https:\/\/gliptoneeurope.com\/de\/produkt\/stufe-2-glasur-1-galle-3-8l\/#primaryimage"},"thumbnailUrl":"https:\/\/gliptoneeurope.com\/wp-content\/uploads\/Stage-2-Glaze-1-Gall-3.8L.jpg","datePublished":"2021-11-30T11:35:09+00:00","description":"Stage 2 Glaze ist eine einfach zu verwendende, nicht scheuernde Autopolitur im \"zweiten Schritt\", die auf heutigen Klarlacken und herk\u00f6mmlichen Lacken ein hochgl\u00e4nzendes, dauerhaftes Finish erzeugt.","breadcrumb":{"@id":"https:\/\/gliptoneeurope.com\/de\/produkt\/stufe-2-glasur-1-galle-3-8l\/#breadcrumb"},"inLanguage":"de","potentialAction":[{"@type":"ReadAction","target":["https:\/\/gliptoneeurope.com\/de\/produkt\/stufe-2-glasur-1-galle-3-8l\/"]}]},{"@type":"ImageObject","inLanguage":"de","@id":"https:\/\/gliptoneeurope.com\/de\/produkt\/stufe-2-glasur-1-galle-3-8l\/#primaryimage","url":"https:\/\/gliptoneeurope.com\/wp-content\/uploads\/Stage-2-Glaze-1-Gall-3.8L.jpg","contentUrl":"https:\/\/gliptoneeurope.com\/wp-content\/uploads\/Stage-2-Glaze-1-Gall-3.8L.jpg","width":1523,"height":1523},{"@type":"BreadcrumbList","@id":"https:\/\/gliptoneeurope.com\/de\/produkt\/stufe-2-glasur-1-galle-3-8l\/#breadcrumb","itemListElement":[{"@type":"ListItem","position":1,"name":"Home","item":"https:\/\/gliptoneeurope.com\/"},{"@type":"ListItem","position":2,"name":"Shop","item":"https:\/\/gliptoneeurope.com\/de\/shop-2\/"},{"@type":"ListItem","position":3,"name":"Stufe 2 Glasur 1 Gallone (3.8L)"}]},{"@type":"WebSite","@id":"https:\/\/gliptoneeurope.com\/#website","url":"https:\/\/gliptoneeurope.com\/","name":"Gliptone Europe","description":"Professional Car Detailing Products","publisher":{"@id":"https:\/\/gliptoneeurope.com\/#organization"},"potentialAction":[{"@type":"SearchAction","target":{"@type":"EntryPoint","urlTemplate":"https:\/\/gliptoneeurope.com\/?s={search_term_string}"},"query-input":{"@type":"PropertyValueSpecification","valueRequired":true,"valueName":"search_term_string"}}],"inLanguage":"de"},{"@type":"Organization","@id":"https:\/\/gliptoneeurope.com\/#organization","name":"Gliptone Europe","url":"https:\/\/gliptoneeurope.com\/","logo":{"@type":"ImageObject","inLanguage":"de","@id":"https:\/\/gliptoneeurope.com\/#\/schema\/logo\/image\/","url":"https:\/\/gliptoneeurope.com\/wp-content\/uploads\/Gliptone_Logo.png","contentUrl":"https:\/\/gliptoneeurope.com\/wp-content\/uploads\/Gliptone_Logo.png","width":1472,"height":607,"caption":"Gliptone Europe"},"image":{"@id":"https:\/\/gliptoneeurope.com\/#\/schema\/logo\/image\/"},"sameAs":["https:\/\/www.facebook.com\/gliptoneeurope\/","https:\/\/www.instagram.com\/gliptoneeurope\/","https:\/\/www.pinterest.co.uk\/GliptoneEurope\/"]}]}},"wcpa_form_fields":null,"_links":{"self":[{"href":"https:\/\/gliptoneeurope.com\/de\/wp-json\/wp\/v2\/product\/11545","targetHints":{"allow":["GET"]}}],"collection":[{"href":"https:\/\/gliptoneeurope.com\/de\/wp-json\/wp\/v2\/product"}],"about":[{"href":"https:\/\/gliptoneeurope.com\/de\/wp-json\/wp\/v2\/types\/product"}],"wp:featuredmedia":[{"embeddable":true,"href":"https:\/\/gliptoneeurope.com\/de\/wp-json\/wp\/v2\/media\/10891"}],"wp:attachment":[{"href":"https:\/\/gliptoneeurope.com\/de\/wp-json\/wp\/v2\/media?parent=11545"}],"wp:term":[{"taxonomy":"product_brand","embeddable":true,"href":"https:\/\/gliptoneeurope.com\/de\/wp-json\/wp\/v2\/product_brand?post=11545"},{"taxonomy":"product_cat","embeddable":true,"href":"https:\/\/gliptoneeurope.com\/de\/wp-json\/wp\/v2\/product_cat?post=11545"},{"taxonomy":"product_tag","embeddable":true,"href":"https:\/\/gliptoneeurope.com\/de\/wp-json\/wp\/v2\/product_tag?post=11545"}],"curies":[{"name":"wp","href":"https:\/\/api.w.org\/{rel}","templated":true}]}}