{"id":11537,"date":"2021-05-11T14:08:00","date_gmt":"2021-11-30T11:34:04","guid":{"rendered":"https:\/\/gliptoneeurope.com\/product\/strapazierfaehige-spruehflasche-fuer-detaillierung\/"},"modified":"2021-11-30T11:34:04","modified_gmt":"2021-11-30T11:34:04","slug":"heavy-duty-detailing-spruhflasche","status":"publish","type":"product","link":"https:\/\/gliptoneeurope.com\/de\/produkt\/heavy-duty-detailing-spruhflasche\/","title":{"rendered":"Strapazierf\u00e4hige Spr\u00fchflasche f\u00fcr Detaillierung"},"content":{"rendered":"<p>Unsere Heavy-Duty-Detailing-Spr\u00fchflasche ist die perfekte Mischflasche zum Mischen und Verd\u00fcnnen aller Autodetailing-Produkte und -L\u00f6sungen.<\/p>\n<p>Mit einem hilfreichen Platz auf der Flasche, auf dem Sie selbst schreiben k\u00f6nnen, welches Produkt Sie in die Flasche gegeben haben.<\/p>\n<p>Sie sind kompatibel mit unseren <a href=\"https:\/\/gliptoneeurope.com\/product\/spray-trigger\/\">Spray Triggers,<\/a> einfach nach dem Bef\u00fcllen mit Ihrem gew\u00e4hlten Detailing-Produkt auf die Flasche schrauben.<\/p>\n<p>Jedes Detailing-Produkt kann auch auf unsere <a href=\"https:\/\/gliptoneeurope.com\/product\/detailing-dispense-bottle\/\">Detailing-Dispense-Flaschen<\/a> verzichtet werden, um die Integrit\u00e4t aller von Ihnen verwendeten Autodetailing-Produkte zu bewahren.<\/p>\n","protected":false},"excerpt":{"rendered":"<p>Unsere Heavy-Duty-Detailing-Spr\u00fchflasche ist die perfekte Mischflasche zum Mischen und Verd\u00fcnnen aller Autodetailing-Produkte und -L\u00f6sungen. Mit einem hilfreichen Platz auf der Flasche, auf dem Sie selbst schreiben k\u00f6nnen, welches Produkt Sie in die Flasche gegeben haben. Sie sind kompatibel mit unseren Spray Triggers, einfach nach dem Bef\u00fcllen mit Ihrem gew\u00e4hlten Detailing-Produkt auf die Flasche schrauben. Jedes [&hellip;]<\/p>\n","protected":false},"featured_media":10871,"template":"","meta":[],"product_brand":[],"product_cat":[95,115],"product_tag":[],"class_list":{"0":"post-11537","1":"product","2":"type-product","3":"status-publish","4":"has-post-thumbnail","6":"product_cat-neue-produkte","7":"product_cat-zubehor","9":"first","10":"instock","11":"taxable","12":"shipping-taxable","13":"purchasable","14":"product-type-simple"},"yoast_head":"<!-- This site is optimized with the Yoast SEO Premium plugin v21.4 (Yoast SEO v27.4) - https:\/\/yoast.com\/product\/yoast-seo-premium-wordpress\/ -->\n<title>Strapazierf\u00e4hige Spr\u00fchflasche f\u00fcr Detaillierung - Gliptone Europe<\/title>\n<meta name=\"description\" content=\"Unsere Heavy-Duty-Detailing-Spr\u00fchflasche ist die perfekte Mischflasche zum Mischen und Verd\u00fcnnen aller Autodetailing-Produkte und -L\u00f6sungen.\" \/>\n<meta name=\"robots\" content=\"index, follow, max-snippet:-1, max-image-preview:large, max-video-preview:-1\" \/>\n<link rel=\"canonical\" href=\"https:\/\/gliptoneeurope.com\/de\/produkt\/heavy-duty-detailing-spruhflasche\/\" \/>\n<meta property=\"og:locale\" content=\"de_DE\" \/>\n<meta property=\"og:type\" content=\"article\" \/>\n<meta property=\"og:title\" content=\"Strapazierf\u00e4hige Spr\u00fchflasche f\u00fcr Detaillierung\" \/>\n<meta property=\"og:description\" content=\"Unsere Heavy-Duty-Detailing-Spr\u00fchflasche ist die perfekte Mischflasche zum Mischen und Verd\u00fcnnen aller Autodetailing-Produkte und -L\u00f6sungen. Mit einem\" \/>\n<meta property=\"og:url\" content=\"https:\/\/gliptoneeurope.com\/de\/produkt\/heavy-duty-detailing-spruhflasche\/\" \/>\n<meta property=\"og:site_name\" content=\"Gliptone Europe\" \/>\n<meta property=\"article:publisher\" content=\"https:\/\/www.facebook.com\/gliptoneeurope\/\" \/>\n<meta property=\"og:image\" content=\"https:\/\/gliptoneeurope.com\/wp-content\/uploads\/Detailing-Spray-Bottle.jpg\" \/>\n\t<meta property=\"og:image:width\" content=\"1677\" \/>\n\t<meta property=\"og:image:height\" content=\"1677\" \/>\n\t<meta property=\"og:image:type\" content=\"image\/jpeg\" \/>\n<meta name=\"twitter:card\" content=\"summary_large_image\" \/>\n<script type=\"application\/ld+json\" class=\"yoast-schema-graph\">{\"@context\":\"https:\\\/\\\/schema.org\",\"@graph\":[{\"@type\":\"WebPage\",\"@id\":\"https:\\\/\\\/gliptoneeurope.com\\\/de\\\/produkt\\\/heavy-duty-detailing-spruhflasche\\\/\",\"url\":\"https:\\\/\\\/gliptoneeurope.com\\\/de\\\/produkt\\\/heavy-duty-detailing-spruhflasche\\\/\",\"name\":\"Strapazierf\u00e4hige Spr\u00fchflasche f\u00fcr Detaillierung - Gliptone Europe\",\"isPartOf\":{\"@id\":\"https:\\\/\\\/gliptoneeurope.com\\\/#website\"},\"primaryImageOfPage\":{\"@id\":\"https:\\\/\\\/gliptoneeurope.com\\\/de\\\/produkt\\\/heavy-duty-detailing-spruhflasche\\\/#primaryimage\"},\"image\":{\"@id\":\"https:\\\/\\\/gliptoneeurope.com\\\/de\\\/produkt\\\/heavy-duty-detailing-spruhflasche\\\/#primaryimage\"},\"thumbnailUrl\":\"https:\\\/\\\/gliptoneeurope.com\\\/wp-content\\\/uploads\\\/Detailing-Spray-Bottle.jpg\",\"datePublished\":\"2021-11-30T11:34:04+00:00\",\"description\":\"Unsere Heavy-Duty-Detailing-Spr\u00fchflasche ist die perfekte Mischflasche zum Mischen und Verd\u00fcnnen aller Autodetailing-Produkte und -L\u00f6sungen.\",\"breadcrumb\":{\"@id\":\"https:\\\/\\\/gliptoneeurope.com\\\/de\\\/produkt\\\/heavy-duty-detailing-spruhflasche\\\/#breadcrumb\"},\"inLanguage\":\"de\",\"potentialAction\":[{\"@type\":\"ReadAction\",\"target\":[\"https:\\\/\\\/gliptoneeurope.com\\\/de\\\/produkt\\\/heavy-duty-detailing-spruhflasche\\\/\"]}]},{\"@type\":\"ImageObject\",\"inLanguage\":\"de\",\"@id\":\"https:\\\/\\\/gliptoneeurope.com\\\/de\\\/produkt\\\/heavy-duty-detailing-spruhflasche\\\/#primaryimage\",\"url\":\"https:\\\/\\\/gliptoneeurope.com\\\/wp-content\\\/uploads\\\/Detailing-Spray-Bottle.jpg\",\"contentUrl\":\"https:\\\/\\\/gliptoneeurope.com\\\/wp-content\\\/uploads\\\/Detailing-Spray-Bottle.jpg\",\"width\":1677,\"height\":1677},{\"@type\":\"BreadcrumbList\",\"@id\":\"https:\\\/\\\/gliptoneeurope.com\\\/de\\\/produkt\\\/heavy-duty-detailing-spruhflasche\\\/#breadcrumb\",\"itemListElement\":[{\"@type\":\"ListItem\",\"position\":1,\"name\":\"Home\",\"item\":\"https:\\\/\\\/gliptoneeurope.com\\\/\"},{\"@type\":\"ListItem\",\"position\":2,\"name\":\"Shop\",\"item\":\"https:\\\/\\\/gliptoneeurope.com\\\/de\\\/shop-2\\\/\"},{\"@type\":\"ListItem\",\"position\":3,\"name\":\"Strapazierf\u00e4hige Spr\u00fchflasche f\u00fcr Detaillierung\"}]},{\"@type\":\"WebSite\",\"@id\":\"https:\\\/\\\/gliptoneeurope.com\\\/#website\",\"url\":\"https:\\\/\\\/gliptoneeurope.com\\\/\",\"name\":\"Gliptone Europe\",\"description\":\"Professional Car Detailing Products\",\"publisher\":{\"@id\":\"https:\\\/\\\/gliptoneeurope.com\\\/#organization\"},\"potentialAction\":[{\"@type\":\"SearchAction\",\"target\":{\"@type\":\"EntryPoint\",\"urlTemplate\":\"https:\\\/\\\/gliptoneeurope.com\\\/?s={search_term_string}\"},\"query-input\":{\"@type\":\"PropertyValueSpecification\",\"valueRequired\":true,\"valueName\":\"search_term_string\"}}],\"inLanguage\":\"de\"},{\"@type\":\"Organization\",\"@id\":\"https:\\\/\\\/gliptoneeurope.com\\\/#organization\",\"name\":\"Gliptone Europe\",\"url\":\"https:\\\/\\\/gliptoneeurope.com\\\/\",\"logo\":{\"@type\":\"ImageObject\",\"inLanguage\":\"de\",\"@id\":\"https:\\\/\\\/gliptoneeurope.com\\\/#\\\/schema\\\/logo\\\/image\\\/\",\"url\":\"https:\\\/\\\/gliptoneeurope.com\\\/wp-content\\\/uploads\\\/Gliptone_Logo.png\",\"contentUrl\":\"https:\\\/\\\/gliptoneeurope.com\\\/wp-content\\\/uploads\\\/Gliptone_Logo.png\",\"width\":1472,\"height\":607,\"caption\":\"Gliptone Europe\"},\"image\":{\"@id\":\"https:\\\/\\\/gliptoneeurope.com\\\/#\\\/schema\\\/logo\\\/image\\\/\"},\"sameAs\":[\"https:\\\/\\\/www.facebook.com\\\/gliptoneeurope\\\/\",\"https:\\\/\\\/www.instagram.com\\\/gliptoneeurope\\\/\",\"https:\\\/\\\/www.pinterest.co.uk\\\/GliptoneEurope\\\/\"]}]}<\/script>\n<!-- \/ Yoast SEO Premium plugin. -->","yoast_head_json":{"title":"Strapazierf\u00e4hige Spr\u00fchflasche f\u00fcr Detaillierung - Gliptone Europe","description":"Unsere Heavy-Duty-Detailing-Spr\u00fchflasche ist die perfekte Mischflasche zum Mischen und Verd\u00fcnnen aller Autodetailing-Produkte und -L\u00f6sungen.","robots":{"index":"index","follow":"follow","max-snippet":"max-snippet:-1","max-image-preview":"max-image-preview:large","max-video-preview":"max-video-preview:-1"},"canonical":"https:\/\/gliptoneeurope.com\/de\/produkt\/heavy-duty-detailing-spruhflasche\/","og_locale":"de_DE","og_type":"article","og_title":"Strapazierf\u00e4hige Spr\u00fchflasche f\u00fcr Detaillierung","og_description":"Unsere Heavy-Duty-Detailing-Spr\u00fchflasche ist die perfekte Mischflasche zum Mischen und Verd\u00fcnnen aller Autodetailing-Produkte und -L\u00f6sungen. Mit einem","og_url":"https:\/\/gliptoneeurope.com\/de\/produkt\/heavy-duty-detailing-spruhflasche\/","og_site_name":"Gliptone Europe","article_publisher":"https:\/\/www.facebook.com\/gliptoneeurope\/","og_image":[{"width":1677,"height":1677,"url":"https:\/\/gliptoneeurope.com\/wp-content\/uploads\/Detailing-Spray-Bottle.jpg","type":"image\/jpeg"}],"twitter_card":"summary_large_image","schema":{"@context":"https:\/\/schema.org","@graph":[{"@type":"WebPage","@id":"https:\/\/gliptoneeurope.com\/de\/produkt\/heavy-duty-detailing-spruhflasche\/","url":"https:\/\/gliptoneeurope.com\/de\/produkt\/heavy-duty-detailing-spruhflasche\/","name":"Strapazierf\u00e4hige Spr\u00fchflasche f\u00fcr Detaillierung - Gliptone Europe","isPartOf":{"@id":"https:\/\/gliptoneeurope.com\/#website"},"primaryImageOfPage":{"@id":"https:\/\/gliptoneeurope.com\/de\/produkt\/heavy-duty-detailing-spruhflasche\/#primaryimage"},"image":{"@id":"https:\/\/gliptoneeurope.com\/de\/produkt\/heavy-duty-detailing-spruhflasche\/#primaryimage"},"thumbnailUrl":"https:\/\/gliptoneeurope.com\/wp-content\/uploads\/Detailing-Spray-Bottle.jpg","datePublished":"2021-11-30T11:34:04+00:00","description":"Unsere Heavy-Duty-Detailing-Spr\u00fchflasche ist die perfekte Mischflasche zum Mischen und Verd\u00fcnnen aller Autodetailing-Produkte und -L\u00f6sungen.","breadcrumb":{"@id":"https:\/\/gliptoneeurope.com\/de\/produkt\/heavy-duty-detailing-spruhflasche\/#breadcrumb"},"inLanguage":"de","potentialAction":[{"@type":"ReadAction","target":["https:\/\/gliptoneeurope.com\/de\/produkt\/heavy-duty-detailing-spruhflasche\/"]}]},{"@type":"ImageObject","inLanguage":"de","@id":"https:\/\/gliptoneeurope.com\/de\/produkt\/heavy-duty-detailing-spruhflasche\/#primaryimage","url":"https:\/\/gliptoneeurope.com\/wp-content\/uploads\/Detailing-Spray-Bottle.jpg","contentUrl":"https:\/\/gliptoneeurope.com\/wp-content\/uploads\/Detailing-Spray-Bottle.jpg","width":1677,"height":1677},{"@type":"BreadcrumbList","@id":"https:\/\/gliptoneeurope.com\/de\/produkt\/heavy-duty-detailing-spruhflasche\/#breadcrumb","itemListElement":[{"@type":"ListItem","position":1,"name":"Home","item":"https:\/\/gliptoneeurope.com\/"},{"@type":"ListItem","position":2,"name":"Shop","item":"https:\/\/gliptoneeurope.com\/de\/shop-2\/"},{"@type":"ListItem","position":3,"name":"Strapazierf\u00e4hige Spr\u00fchflasche f\u00fcr Detaillierung"}]},{"@type":"WebSite","@id":"https:\/\/gliptoneeurope.com\/#website","url":"https:\/\/gliptoneeurope.com\/","name":"Gliptone Europe","description":"Professional Car Detailing Products","publisher":{"@id":"https:\/\/gliptoneeurope.com\/#organization"},"potentialAction":[{"@type":"SearchAction","target":{"@type":"EntryPoint","urlTemplate":"https:\/\/gliptoneeurope.com\/?s={search_term_string}"},"query-input":{"@type":"PropertyValueSpecification","valueRequired":true,"valueName":"search_term_string"}}],"inLanguage":"de"},{"@type":"Organization","@id":"https:\/\/gliptoneeurope.com\/#organization","name":"Gliptone Europe","url":"https:\/\/gliptoneeurope.com\/","logo":{"@type":"ImageObject","inLanguage":"de","@id":"https:\/\/gliptoneeurope.com\/#\/schema\/logo\/image\/","url":"https:\/\/gliptoneeurope.com\/wp-content\/uploads\/Gliptone_Logo.png","contentUrl":"https:\/\/gliptoneeurope.com\/wp-content\/uploads\/Gliptone_Logo.png","width":1472,"height":607,"caption":"Gliptone Europe"},"image":{"@id":"https:\/\/gliptoneeurope.com\/#\/schema\/logo\/image\/"},"sameAs":["https:\/\/www.facebook.com\/gliptoneeurope\/","https:\/\/www.instagram.com\/gliptoneeurope\/","https:\/\/www.pinterest.co.uk\/GliptoneEurope\/"]}]}},"wcpa_form_fields":null,"_links":{"self":[{"href":"https:\/\/gliptoneeurope.com\/de\/wp-json\/wp\/v2\/product\/11537","targetHints":{"allow":["GET"]}}],"collection":[{"href":"https:\/\/gliptoneeurope.com\/de\/wp-json\/wp\/v2\/product"}],"about":[{"href":"https:\/\/gliptoneeurope.com\/de\/wp-json\/wp\/v2\/types\/product"}],"wp:featuredmedia":[{"embeddable":true,"href":"https:\/\/gliptoneeurope.com\/de\/wp-json\/wp\/v2\/media\/10871"}],"wp:attachment":[{"href":"https:\/\/gliptoneeurope.com\/de\/wp-json\/wp\/v2\/media?parent=11537"}],"wp:term":[{"taxonomy":"product_brand","embeddable":true,"href":"https:\/\/gliptoneeurope.com\/de\/wp-json\/wp\/v2\/product_brand?post=11537"},{"taxonomy":"product_cat","embeddable":true,"href":"https:\/\/gliptoneeurope.com\/de\/wp-json\/wp\/v2\/product_cat?post=11537"},{"taxonomy":"product_tag","embeddable":true,"href":"https:\/\/gliptoneeurope.com\/de\/wp-json\/wp\/v2\/product_tag?post=11537"}],"curies":[{"name":"wp","href":"https:\/\/api.w.org\/{rel}","templated":true}]}}