{"id":11531,"date":"2021-05-11T14:08:00","date_gmt":"2021-11-30T11:33:59","guid":{"rendered":"https:\/\/gliptoneeurope.com\/product\/detaillierung-der-dosierflasche\/"},"modified":"2021-11-30T11:33:59","modified_gmt":"2021-11-30T11:33:59","slug":"detaillierung-spende-flasche","status":"publish","type":"product","link":"https:\/\/gliptoneeurope.com\/de\/produkt\/detaillierung-spende-flasche\/","title":{"rendered":"Detaillierung der Dosierflasche"},"content":{"rendered":"<p>Unsere Detailing-Dispense-Flaschen sind die idealen Flaschen, um die Integrit\u00e4t aller Auto-Detailing-Produkte zu bewahren. Jedes Produkt l\u00e4sst sich einfach mit einer Druckausgabe dosieren, die bis zu 12 oz Produkt fasst.<\/p>\n<p>Auf jedes Detailing-Produkt kann auch auf unsere <a href=\"https:\/\/gliptoneeurope.com\/product\/heavy-duty-detailing-spray-bottle\/\">Heavy-Duty-Spr\u00fchflaschen<\/a> zum Mischen und Verd\u00fcnnen von Auto-Detailing-Produkten und -L\u00f6sungen verzichtet werden.<\/p>\n","protected":false},"excerpt":{"rendered":"<p>Unsere Detailing-Dispense-Flaschen sind die idealen Flaschen, um die Integrit\u00e4t aller Auto-Detailing-Produkte zu bewahren. Jedes Produkt l\u00e4sst sich einfach mit einer Druckausgabe dosieren, die bis zu 12 oz Produkt fasst. Auf jedes Detailing-Produkt kann auch auf unsere Heavy-Duty-Spr\u00fchflaschen zum Mischen und Verd\u00fcnnen von Auto-Detailing-Produkten und -L\u00f6sungen verzichtet werden.<\/p>\n","protected":false},"featured_media":10869,"template":"","meta":[],"product_brand":[],"product_cat":[95,115],"product_tag":[],"class_list":{"0":"post-11531","1":"product","2":"type-product","3":"status-publish","4":"has-post-thumbnail","6":"product_cat-neue-produkte","7":"product_cat-zubehor","9":"first","10":"instock","11":"taxable","12":"shipping-taxable","13":"purchasable","14":"product-type-simple"},"yoast_head":"<!-- This site is optimized with the Yoast SEO Premium plugin v21.4 (Yoast SEO v27.4) - https:\/\/yoast.com\/product\/yoast-seo-premium-wordpress\/ -->\n<title>Detaillierung der Dosierflasche - Gliptone Europe<\/title>\n<meta name=\"description\" content=\"Unsere Detailing-Dispense-Flaschen sind die idealen Flaschen, um die Integrit\u00e4t aller Auto-Detailing-Produkte zu bewahren.\" \/>\n<meta name=\"robots\" content=\"index, follow, max-snippet:-1, max-image-preview:large, max-video-preview:-1\" \/>\n<link rel=\"canonical\" href=\"https:\/\/gliptoneeurope.com\/de\/produkt\/detaillierung-spende-flasche\/\" \/>\n<meta property=\"og:locale\" content=\"de_DE\" \/>\n<meta property=\"og:type\" content=\"article\" \/>\n<meta property=\"og:title\" content=\"Detaillierung der Dosierflasche\" \/>\n<meta property=\"og:description\" content=\"Unsere Detailing-Dispense-Flaschen sind die idealen Flaschen, um die Integrit\u00e4t aller Auto-Detailing-Produkte zu bewahren. Jedes Produkt l\u00e4sst sich\" \/>\n<meta property=\"og:url\" content=\"https:\/\/gliptoneeurope.com\/de\/produkt\/detaillierung-spende-flasche\/\" \/>\n<meta property=\"og:site_name\" content=\"Gliptone Europe\" \/>\n<meta property=\"article:publisher\" content=\"https:\/\/www.facebook.com\/gliptoneeurope\/\" \/>\n<meta property=\"og:image\" content=\"https:\/\/gliptoneeurope.com\/wp-content\/uploads\/Detailing-Squeeze-Bottle.jpg\" \/>\n\t<meta property=\"og:image:width\" content=\"1245\" \/>\n\t<meta property=\"og:image:height\" content=\"1245\" \/>\n\t<meta property=\"og:image:type\" content=\"image\/jpeg\" \/>\n<meta name=\"twitter:card\" content=\"summary_large_image\" \/>\n<script type=\"application\/ld+json\" class=\"yoast-schema-graph\">{\"@context\":\"https:\\\/\\\/schema.org\",\"@graph\":[{\"@type\":\"WebPage\",\"@id\":\"https:\\\/\\\/gliptoneeurope.com\\\/de\\\/produkt\\\/detaillierung-spende-flasche\\\/\",\"url\":\"https:\\\/\\\/gliptoneeurope.com\\\/de\\\/produkt\\\/detaillierung-spende-flasche\\\/\",\"name\":\"Detaillierung der Dosierflasche - Gliptone Europe\",\"isPartOf\":{\"@id\":\"https:\\\/\\\/gliptoneeurope.com\\\/#website\"},\"primaryImageOfPage\":{\"@id\":\"https:\\\/\\\/gliptoneeurope.com\\\/de\\\/produkt\\\/detaillierung-spende-flasche\\\/#primaryimage\"},\"image\":{\"@id\":\"https:\\\/\\\/gliptoneeurope.com\\\/de\\\/produkt\\\/detaillierung-spende-flasche\\\/#primaryimage\"},\"thumbnailUrl\":\"https:\\\/\\\/gliptoneeurope.com\\\/wp-content\\\/uploads\\\/Detailing-Squeeze-Bottle.jpg\",\"datePublished\":\"2021-11-30T11:33:59+00:00\",\"description\":\"Unsere Detailing-Dispense-Flaschen sind die idealen Flaschen, um die Integrit\u00e4t aller Auto-Detailing-Produkte zu bewahren.\",\"breadcrumb\":{\"@id\":\"https:\\\/\\\/gliptoneeurope.com\\\/de\\\/produkt\\\/detaillierung-spende-flasche\\\/#breadcrumb\"},\"inLanguage\":\"de\",\"potentialAction\":[{\"@type\":\"ReadAction\",\"target\":[\"https:\\\/\\\/gliptoneeurope.com\\\/de\\\/produkt\\\/detaillierung-spende-flasche\\\/\"]}]},{\"@type\":\"ImageObject\",\"inLanguage\":\"de\",\"@id\":\"https:\\\/\\\/gliptoneeurope.com\\\/de\\\/produkt\\\/detaillierung-spende-flasche\\\/#primaryimage\",\"url\":\"https:\\\/\\\/gliptoneeurope.com\\\/wp-content\\\/uploads\\\/Detailing-Squeeze-Bottle.jpg\",\"contentUrl\":\"https:\\\/\\\/gliptoneeurope.com\\\/wp-content\\\/uploads\\\/Detailing-Squeeze-Bottle.jpg\",\"width\":1245,\"height\":1245},{\"@type\":\"BreadcrumbList\",\"@id\":\"https:\\\/\\\/gliptoneeurope.com\\\/de\\\/produkt\\\/detaillierung-spende-flasche\\\/#breadcrumb\",\"itemListElement\":[{\"@type\":\"ListItem\",\"position\":1,\"name\":\"Home\",\"item\":\"https:\\\/\\\/gliptoneeurope.com\\\/\"},{\"@type\":\"ListItem\",\"position\":2,\"name\":\"Shop\",\"item\":\"https:\\\/\\\/gliptoneeurope.com\\\/de\\\/shop-2\\\/\"},{\"@type\":\"ListItem\",\"position\":3,\"name\":\"Detaillierung der Dosierflasche\"}]},{\"@type\":\"WebSite\",\"@id\":\"https:\\\/\\\/gliptoneeurope.com\\\/#website\",\"url\":\"https:\\\/\\\/gliptoneeurope.com\\\/\",\"name\":\"Gliptone Europe\",\"description\":\"Professional Car Detailing Products\",\"publisher\":{\"@id\":\"https:\\\/\\\/gliptoneeurope.com\\\/#organization\"},\"potentialAction\":[{\"@type\":\"SearchAction\",\"target\":{\"@type\":\"EntryPoint\",\"urlTemplate\":\"https:\\\/\\\/gliptoneeurope.com\\\/?s={search_term_string}\"},\"query-input\":{\"@type\":\"PropertyValueSpecification\",\"valueRequired\":true,\"valueName\":\"search_term_string\"}}],\"inLanguage\":\"de\"},{\"@type\":\"Organization\",\"@id\":\"https:\\\/\\\/gliptoneeurope.com\\\/#organization\",\"name\":\"Gliptone Europe\",\"url\":\"https:\\\/\\\/gliptoneeurope.com\\\/\",\"logo\":{\"@type\":\"ImageObject\",\"inLanguage\":\"de\",\"@id\":\"https:\\\/\\\/gliptoneeurope.com\\\/#\\\/schema\\\/logo\\\/image\\\/\",\"url\":\"https:\\\/\\\/gliptoneeurope.com\\\/wp-content\\\/uploads\\\/Gliptone_Logo.png\",\"contentUrl\":\"https:\\\/\\\/gliptoneeurope.com\\\/wp-content\\\/uploads\\\/Gliptone_Logo.png\",\"width\":1472,\"height\":607,\"caption\":\"Gliptone Europe\"},\"image\":{\"@id\":\"https:\\\/\\\/gliptoneeurope.com\\\/#\\\/schema\\\/logo\\\/image\\\/\"},\"sameAs\":[\"https:\\\/\\\/www.facebook.com\\\/gliptoneeurope\\\/\",\"https:\\\/\\\/www.instagram.com\\\/gliptoneeurope\\\/\",\"https:\\\/\\\/www.pinterest.co.uk\\\/GliptoneEurope\\\/\"]}]}<\/script>\n<!-- \/ Yoast SEO Premium plugin. -->","yoast_head_json":{"title":"Detaillierung der Dosierflasche - Gliptone Europe","description":"Unsere Detailing-Dispense-Flaschen sind die idealen Flaschen, um die Integrit\u00e4t aller Auto-Detailing-Produkte zu bewahren.","robots":{"index":"index","follow":"follow","max-snippet":"max-snippet:-1","max-image-preview":"max-image-preview:large","max-video-preview":"max-video-preview:-1"},"canonical":"https:\/\/gliptoneeurope.com\/de\/produkt\/detaillierung-spende-flasche\/","og_locale":"de_DE","og_type":"article","og_title":"Detaillierung der Dosierflasche","og_description":"Unsere Detailing-Dispense-Flaschen sind die idealen Flaschen, um die Integrit\u00e4t aller Auto-Detailing-Produkte zu bewahren. Jedes Produkt l\u00e4sst sich","og_url":"https:\/\/gliptoneeurope.com\/de\/produkt\/detaillierung-spende-flasche\/","og_site_name":"Gliptone Europe","article_publisher":"https:\/\/www.facebook.com\/gliptoneeurope\/","og_image":[{"width":1245,"height":1245,"url":"https:\/\/gliptoneeurope.com\/wp-content\/uploads\/Detailing-Squeeze-Bottle.jpg","type":"image\/jpeg"}],"twitter_card":"summary_large_image","schema":{"@context":"https:\/\/schema.org","@graph":[{"@type":"WebPage","@id":"https:\/\/gliptoneeurope.com\/de\/produkt\/detaillierung-spende-flasche\/","url":"https:\/\/gliptoneeurope.com\/de\/produkt\/detaillierung-spende-flasche\/","name":"Detaillierung der Dosierflasche - Gliptone Europe","isPartOf":{"@id":"https:\/\/gliptoneeurope.com\/#website"},"primaryImageOfPage":{"@id":"https:\/\/gliptoneeurope.com\/de\/produkt\/detaillierung-spende-flasche\/#primaryimage"},"image":{"@id":"https:\/\/gliptoneeurope.com\/de\/produkt\/detaillierung-spende-flasche\/#primaryimage"},"thumbnailUrl":"https:\/\/gliptoneeurope.com\/wp-content\/uploads\/Detailing-Squeeze-Bottle.jpg","datePublished":"2021-11-30T11:33:59+00:00","description":"Unsere Detailing-Dispense-Flaschen sind die idealen Flaschen, um die Integrit\u00e4t aller Auto-Detailing-Produkte zu bewahren.","breadcrumb":{"@id":"https:\/\/gliptoneeurope.com\/de\/produkt\/detaillierung-spende-flasche\/#breadcrumb"},"inLanguage":"de","potentialAction":[{"@type":"ReadAction","target":["https:\/\/gliptoneeurope.com\/de\/produkt\/detaillierung-spende-flasche\/"]}]},{"@type":"ImageObject","inLanguage":"de","@id":"https:\/\/gliptoneeurope.com\/de\/produkt\/detaillierung-spende-flasche\/#primaryimage","url":"https:\/\/gliptoneeurope.com\/wp-content\/uploads\/Detailing-Squeeze-Bottle.jpg","contentUrl":"https:\/\/gliptoneeurope.com\/wp-content\/uploads\/Detailing-Squeeze-Bottle.jpg","width":1245,"height":1245},{"@type":"BreadcrumbList","@id":"https:\/\/gliptoneeurope.com\/de\/produkt\/detaillierung-spende-flasche\/#breadcrumb","itemListElement":[{"@type":"ListItem","position":1,"name":"Home","item":"https:\/\/gliptoneeurope.com\/"},{"@type":"ListItem","position":2,"name":"Shop","item":"https:\/\/gliptoneeurope.com\/de\/shop-2\/"},{"@type":"ListItem","position":3,"name":"Detaillierung der Dosierflasche"}]},{"@type":"WebSite","@id":"https:\/\/gliptoneeurope.com\/#website","url":"https:\/\/gliptoneeurope.com\/","name":"Gliptone Europe","description":"Professional Car Detailing Products","publisher":{"@id":"https:\/\/gliptoneeurope.com\/#organization"},"potentialAction":[{"@type":"SearchAction","target":{"@type":"EntryPoint","urlTemplate":"https:\/\/gliptoneeurope.com\/?s={search_term_string}"},"query-input":{"@type":"PropertyValueSpecification","valueRequired":true,"valueName":"search_term_string"}}],"inLanguage":"de"},{"@type":"Organization","@id":"https:\/\/gliptoneeurope.com\/#organization","name":"Gliptone Europe","url":"https:\/\/gliptoneeurope.com\/","logo":{"@type":"ImageObject","inLanguage":"de","@id":"https:\/\/gliptoneeurope.com\/#\/schema\/logo\/image\/","url":"https:\/\/gliptoneeurope.com\/wp-content\/uploads\/Gliptone_Logo.png","contentUrl":"https:\/\/gliptoneeurope.com\/wp-content\/uploads\/Gliptone_Logo.png","width":1472,"height":607,"caption":"Gliptone Europe"},"image":{"@id":"https:\/\/gliptoneeurope.com\/#\/schema\/logo\/image\/"},"sameAs":["https:\/\/www.facebook.com\/gliptoneeurope\/","https:\/\/www.instagram.com\/gliptoneeurope\/","https:\/\/www.pinterest.co.uk\/GliptoneEurope\/"]}]}},"wcpa_form_fields":null,"_links":{"self":[{"href":"https:\/\/gliptoneeurope.com\/de\/wp-json\/wp\/v2\/product\/11531","targetHints":{"allow":["GET"]}}],"collection":[{"href":"https:\/\/gliptoneeurope.com\/de\/wp-json\/wp\/v2\/product"}],"about":[{"href":"https:\/\/gliptoneeurope.com\/de\/wp-json\/wp\/v2\/types\/product"}],"wp:featuredmedia":[{"embeddable":true,"href":"https:\/\/gliptoneeurope.com\/de\/wp-json\/wp\/v2\/media\/10869"}],"wp:attachment":[{"href":"https:\/\/gliptoneeurope.com\/de\/wp-json\/wp\/v2\/media?parent=11531"}],"wp:term":[{"taxonomy":"product_brand","embeddable":true,"href":"https:\/\/gliptoneeurope.com\/de\/wp-json\/wp\/v2\/product_brand?post=11531"},{"taxonomy":"product_cat","embeddable":true,"href":"https:\/\/gliptoneeurope.com\/de\/wp-json\/wp\/v2\/product_cat?post=11531"},{"taxonomy":"product_tag","embeddable":true,"href":"https:\/\/gliptoneeurope.com\/de\/wp-json\/wp\/v2\/product_tag?post=11531"}],"curies":[{"name":"wp","href":"https:\/\/api.w.org\/{rel}","templated":true}]}}