{"id":11530,"date":"2021-05-11T14:08:00","date_gmt":"2021-11-30T11:33:57","guid":{"rendered":"https:\/\/gliptoneeurope.com\/product\/gliptone-mini-taschenlampe\/"},"modified":"2021-11-30T11:33:57","modified_gmt":"2021-11-30T11:33:57","slug":"gliptone-mini-taschenlampe","status":"publish","type":"product","link":"https:\/\/gliptoneeurope.com\/de\/produkt\/gliptone-mini-taschenlampe\/","title":{"rendered":"Gliptone Mini-Taschenlampe"},"content":{"rendered":"<p>Unsere Gliptone Mini-Taschenlampen-Schl\u00fcsselanh\u00e4nger sind jetzt mit einem mattschwarzen Finish erh\u00e4ltlich. Diese schwarz matte Taschenlampe ist aus Aluminium gefertigt und hat einen praktischen Schl\u00fcsselringaufsatz. Drei LEDs erzeugen f\u00fcr ihre kompakte Gr\u00f6\u00dfe ein extrem starkes Licht.<\/p>\n","protected":false},"excerpt":{"rendered":"<p>Unsere Gliptone Mini-Taschenlampen-Schl\u00fcsselanh\u00e4nger sind jetzt mit einem mattschwarzen Finish erh\u00e4ltlich. Diese schwarz matte Taschenlampe ist aus Aluminium gefertigt und hat einen praktischen Schl\u00fcsselringaufsatz. Drei LEDs erzeugen f\u00fcr ihre kompakte Gr\u00f6\u00dfe ein extrem starkes Licht.<\/p>\n","protected":false},"featured_media":10873,"template":"","meta":[],"product_brand":[],"product_cat":[95,115],"product_tag":[],"class_list":{"0":"post-11530","1":"product","2":"type-product","3":"status-publish","4":"has-post-thumbnail","6":"product_cat-neue-produkte","7":"product_cat-zubehor","9":"first","10":"instock","11":"taxable","12":"shipping-taxable","13":"purchasable","14":"product-type-simple"},"yoast_head":"<!-- This site is optimized with the Yoast SEO Premium plugin v21.4 (Yoast SEO v27.5) - https:\/\/yoast.com\/product\/yoast-seo-premium-wordpress\/ -->\n<title>Gliptone Mini-Taschenlampe - Gliptone Europe<\/title>\n<meta name=\"description\" content=\"Unsere Gliptone Mini-Taschenlampen-Schl\u00fcsselanh\u00e4nger sind jetzt mit einem mattschwarzen Finish erh\u00e4ltlich, mit einem extrem starken Licht f\u00fcr ihre kompakte Gr\u00f6\u00dfe.\" \/>\n<meta name=\"robots\" content=\"index, follow, max-snippet:-1, max-image-preview:large, max-video-preview:-1\" \/>\n<link rel=\"canonical\" href=\"https:\/\/gliptoneeurope.com\/de\/produkt\/gliptone-mini-taschenlampe\/\" \/>\n<meta property=\"og:locale\" content=\"de_DE\" \/>\n<meta property=\"og:type\" content=\"article\" \/>\n<meta property=\"og:title\" content=\"Gliptone Mini-Taschenlampe\" \/>\n<meta property=\"og:description\" content=\"Unsere Gliptone Mini-Taschenlampen-Schl\u00fcsselanh\u00e4nger sind jetzt mit einem mattschwarzen Finish erh\u00e4ltlich. Diese schwarz matte Taschenlampe ist aus\" \/>\n<meta property=\"og:url\" content=\"https:\/\/gliptoneeurope.com\/de\/produkt\/gliptone-mini-taschenlampe\/\" \/>\n<meta property=\"og:site_name\" content=\"Gliptone Europe\" \/>\n<meta property=\"article:publisher\" content=\"https:\/\/www.facebook.com\/gliptoneeurope\/\" \/>\n<meta property=\"og:image\" content=\"https:\/\/gliptoneeurope.com\/wp-content\/uploads\/Gliptone-Europe-Mini-Torch.jpg\" \/>\n\t<meta property=\"og:image:width\" content=\"1365\" \/>\n\t<meta property=\"og:image:height\" content=\"1365\" \/>\n\t<meta property=\"og:image:type\" content=\"image\/jpeg\" \/>\n<meta name=\"twitter:card\" content=\"summary_large_image\" \/>\n<script type=\"application\/ld+json\" class=\"yoast-schema-graph\">{\"@context\":\"https:\\\/\\\/schema.org\",\"@graph\":[{\"@type\":\"WebPage\",\"@id\":\"https:\\\/\\\/gliptoneeurope.com\\\/de\\\/produkt\\\/gliptone-mini-taschenlampe\\\/\",\"url\":\"https:\\\/\\\/gliptoneeurope.com\\\/de\\\/produkt\\\/gliptone-mini-taschenlampe\\\/\",\"name\":\"Gliptone Mini-Taschenlampe - Gliptone Europe\",\"isPartOf\":{\"@id\":\"https:\\\/\\\/gliptoneeurope.com\\\/#website\"},\"primaryImageOfPage\":{\"@id\":\"https:\\\/\\\/gliptoneeurope.com\\\/de\\\/produkt\\\/gliptone-mini-taschenlampe\\\/#primaryimage\"},\"image\":{\"@id\":\"https:\\\/\\\/gliptoneeurope.com\\\/de\\\/produkt\\\/gliptone-mini-taschenlampe\\\/#primaryimage\"},\"thumbnailUrl\":\"https:\\\/\\\/gliptoneeurope.com\\\/wp-content\\\/uploads\\\/Gliptone-Europe-Mini-Torch.jpg\",\"datePublished\":\"2021-11-30T11:33:57+00:00\",\"description\":\"Unsere Gliptone Mini-Taschenlampen-Schl\u00fcsselanh\u00e4nger sind jetzt mit einem mattschwarzen Finish erh\u00e4ltlich, mit einem extrem starken Licht f\u00fcr ihre kompakte Gr\u00f6\u00dfe.\",\"breadcrumb\":{\"@id\":\"https:\\\/\\\/gliptoneeurope.com\\\/de\\\/produkt\\\/gliptone-mini-taschenlampe\\\/#breadcrumb\"},\"inLanguage\":\"de\",\"potentialAction\":[{\"@type\":\"ReadAction\",\"target\":[\"https:\\\/\\\/gliptoneeurope.com\\\/de\\\/produkt\\\/gliptone-mini-taschenlampe\\\/\"]}]},{\"@type\":\"ImageObject\",\"inLanguage\":\"de\",\"@id\":\"https:\\\/\\\/gliptoneeurope.com\\\/de\\\/produkt\\\/gliptone-mini-taschenlampe\\\/#primaryimage\",\"url\":\"https:\\\/\\\/gliptoneeurope.com\\\/wp-content\\\/uploads\\\/Gliptone-Europe-Mini-Torch.jpg\",\"contentUrl\":\"https:\\\/\\\/gliptoneeurope.com\\\/wp-content\\\/uploads\\\/Gliptone-Europe-Mini-Torch.jpg\",\"width\":1365,\"height\":1365},{\"@type\":\"BreadcrumbList\",\"@id\":\"https:\\\/\\\/gliptoneeurope.com\\\/de\\\/produkt\\\/gliptone-mini-taschenlampe\\\/#breadcrumb\",\"itemListElement\":[{\"@type\":\"ListItem\",\"position\":1,\"name\":\"Home\",\"item\":\"https:\\\/\\\/gliptoneeurope.com\\\/\"},{\"@type\":\"ListItem\",\"position\":2,\"name\":\"Shop\",\"item\":\"https:\\\/\\\/gliptoneeurope.com\\\/de\\\/shop-2\\\/\"},{\"@type\":\"ListItem\",\"position\":3,\"name\":\"Gliptone Mini-Taschenlampe\"}]},{\"@type\":\"WebSite\",\"@id\":\"https:\\\/\\\/gliptoneeurope.com\\\/#website\",\"url\":\"https:\\\/\\\/gliptoneeurope.com\\\/\",\"name\":\"Gliptone Europe\",\"description\":\"Professional Car Detailing Products\",\"publisher\":{\"@id\":\"https:\\\/\\\/gliptoneeurope.com\\\/#organization\"},\"potentialAction\":[{\"@type\":\"SearchAction\",\"target\":{\"@type\":\"EntryPoint\",\"urlTemplate\":\"https:\\\/\\\/gliptoneeurope.com\\\/?s={search_term_string}\"},\"query-input\":{\"@type\":\"PropertyValueSpecification\",\"valueRequired\":true,\"valueName\":\"search_term_string\"}}],\"inLanguage\":\"de\"},{\"@type\":\"Organization\",\"@id\":\"https:\\\/\\\/gliptoneeurope.com\\\/#organization\",\"name\":\"Gliptone Europe\",\"url\":\"https:\\\/\\\/gliptoneeurope.com\\\/\",\"logo\":{\"@type\":\"ImageObject\",\"inLanguage\":\"de\",\"@id\":\"https:\\\/\\\/gliptoneeurope.com\\\/#\\\/schema\\\/logo\\\/image\\\/\",\"url\":\"https:\\\/\\\/gliptoneeurope.com\\\/wp-content\\\/uploads\\\/Gliptone_Logo.png\",\"contentUrl\":\"https:\\\/\\\/gliptoneeurope.com\\\/wp-content\\\/uploads\\\/Gliptone_Logo.png\",\"width\":1472,\"height\":607,\"caption\":\"Gliptone Europe\"},\"image\":{\"@id\":\"https:\\\/\\\/gliptoneeurope.com\\\/#\\\/schema\\\/logo\\\/image\\\/\"},\"sameAs\":[\"https:\\\/\\\/www.facebook.com\\\/gliptoneeurope\\\/\",\"https:\\\/\\\/www.instagram.com\\\/gliptoneeurope\\\/\",\"https:\\\/\\\/www.pinterest.co.uk\\\/GliptoneEurope\\\/\"]}]}<\/script>\n<!-- \/ Yoast SEO Premium plugin. -->","yoast_head_json":{"title":"Gliptone Mini-Taschenlampe - Gliptone Europe","description":"Unsere Gliptone Mini-Taschenlampen-Schl\u00fcsselanh\u00e4nger sind jetzt mit einem mattschwarzen Finish erh\u00e4ltlich, mit einem extrem starken Licht f\u00fcr ihre kompakte Gr\u00f6\u00dfe.","robots":{"index":"index","follow":"follow","max-snippet":"max-snippet:-1","max-image-preview":"max-image-preview:large","max-video-preview":"max-video-preview:-1"},"canonical":"https:\/\/gliptoneeurope.com\/de\/produkt\/gliptone-mini-taschenlampe\/","og_locale":"de_DE","og_type":"article","og_title":"Gliptone Mini-Taschenlampe","og_description":"Unsere Gliptone Mini-Taschenlampen-Schl\u00fcsselanh\u00e4nger sind jetzt mit einem mattschwarzen Finish erh\u00e4ltlich. Diese schwarz matte Taschenlampe ist aus","og_url":"https:\/\/gliptoneeurope.com\/de\/produkt\/gliptone-mini-taschenlampe\/","og_site_name":"Gliptone Europe","article_publisher":"https:\/\/www.facebook.com\/gliptoneeurope\/","og_image":[{"width":1365,"height":1365,"url":"https:\/\/gliptoneeurope.com\/wp-content\/uploads\/Gliptone-Europe-Mini-Torch.jpg","type":"image\/jpeg"}],"twitter_card":"summary_large_image","schema":{"@context":"https:\/\/schema.org","@graph":[{"@type":"WebPage","@id":"https:\/\/gliptoneeurope.com\/de\/produkt\/gliptone-mini-taschenlampe\/","url":"https:\/\/gliptoneeurope.com\/de\/produkt\/gliptone-mini-taschenlampe\/","name":"Gliptone Mini-Taschenlampe - Gliptone Europe","isPartOf":{"@id":"https:\/\/gliptoneeurope.com\/#website"},"primaryImageOfPage":{"@id":"https:\/\/gliptoneeurope.com\/de\/produkt\/gliptone-mini-taschenlampe\/#primaryimage"},"image":{"@id":"https:\/\/gliptoneeurope.com\/de\/produkt\/gliptone-mini-taschenlampe\/#primaryimage"},"thumbnailUrl":"https:\/\/gliptoneeurope.com\/wp-content\/uploads\/Gliptone-Europe-Mini-Torch.jpg","datePublished":"2021-11-30T11:33:57+00:00","description":"Unsere Gliptone Mini-Taschenlampen-Schl\u00fcsselanh\u00e4nger sind jetzt mit einem mattschwarzen Finish erh\u00e4ltlich, mit einem extrem starken Licht f\u00fcr ihre kompakte Gr\u00f6\u00dfe.","breadcrumb":{"@id":"https:\/\/gliptoneeurope.com\/de\/produkt\/gliptone-mini-taschenlampe\/#breadcrumb"},"inLanguage":"de","potentialAction":[{"@type":"ReadAction","target":["https:\/\/gliptoneeurope.com\/de\/produkt\/gliptone-mini-taschenlampe\/"]}]},{"@type":"ImageObject","inLanguage":"de","@id":"https:\/\/gliptoneeurope.com\/de\/produkt\/gliptone-mini-taschenlampe\/#primaryimage","url":"https:\/\/gliptoneeurope.com\/wp-content\/uploads\/Gliptone-Europe-Mini-Torch.jpg","contentUrl":"https:\/\/gliptoneeurope.com\/wp-content\/uploads\/Gliptone-Europe-Mini-Torch.jpg","width":1365,"height":1365},{"@type":"BreadcrumbList","@id":"https:\/\/gliptoneeurope.com\/de\/produkt\/gliptone-mini-taschenlampe\/#breadcrumb","itemListElement":[{"@type":"ListItem","position":1,"name":"Home","item":"https:\/\/gliptoneeurope.com\/"},{"@type":"ListItem","position":2,"name":"Shop","item":"https:\/\/gliptoneeurope.com\/de\/shop-2\/"},{"@type":"ListItem","position":3,"name":"Gliptone Mini-Taschenlampe"}]},{"@type":"WebSite","@id":"https:\/\/gliptoneeurope.com\/#website","url":"https:\/\/gliptoneeurope.com\/","name":"Gliptone Europe","description":"Professional Car Detailing Products","publisher":{"@id":"https:\/\/gliptoneeurope.com\/#organization"},"potentialAction":[{"@type":"SearchAction","target":{"@type":"EntryPoint","urlTemplate":"https:\/\/gliptoneeurope.com\/?s={search_term_string}"},"query-input":{"@type":"PropertyValueSpecification","valueRequired":true,"valueName":"search_term_string"}}],"inLanguage":"de"},{"@type":"Organization","@id":"https:\/\/gliptoneeurope.com\/#organization","name":"Gliptone Europe","url":"https:\/\/gliptoneeurope.com\/","logo":{"@type":"ImageObject","inLanguage":"de","@id":"https:\/\/gliptoneeurope.com\/#\/schema\/logo\/image\/","url":"https:\/\/gliptoneeurope.com\/wp-content\/uploads\/Gliptone_Logo.png","contentUrl":"https:\/\/gliptoneeurope.com\/wp-content\/uploads\/Gliptone_Logo.png","width":1472,"height":607,"caption":"Gliptone Europe"},"image":{"@id":"https:\/\/gliptoneeurope.com\/#\/schema\/logo\/image\/"},"sameAs":["https:\/\/www.facebook.com\/gliptoneeurope\/","https:\/\/www.instagram.com\/gliptoneeurope\/","https:\/\/www.pinterest.co.uk\/GliptoneEurope\/"]}]}},"wcpa_form_fields":null,"_links":{"self":[{"href":"https:\/\/gliptoneeurope.com\/de\/wp-json\/wp\/v2\/product\/11530","targetHints":{"allow":["GET"]}}],"collection":[{"href":"https:\/\/gliptoneeurope.com\/de\/wp-json\/wp\/v2\/product"}],"about":[{"href":"https:\/\/gliptoneeurope.com\/de\/wp-json\/wp\/v2\/types\/product"}],"wp:featuredmedia":[{"embeddable":true,"href":"https:\/\/gliptoneeurope.com\/de\/wp-json\/wp\/v2\/media\/10873"}],"wp:attachment":[{"href":"https:\/\/gliptoneeurope.com\/de\/wp-json\/wp\/v2\/media?parent=11530"}],"wp:term":[{"taxonomy":"product_brand","embeddable":true,"href":"https:\/\/gliptoneeurope.com\/de\/wp-json\/wp\/v2\/product_brand?post=11530"},{"taxonomy":"product_cat","embeddable":true,"href":"https:\/\/gliptoneeurope.com\/de\/wp-json\/wp\/v2\/product_cat?post=11530"},{"taxonomy":"product_tag","embeddable":true,"href":"https:\/\/gliptoneeurope.com\/de\/wp-json\/wp\/v2\/product_tag?post=11530"}],"curies":[{"name":"wp","href":"https:\/\/api.w.org\/{rel}","templated":true}]}}