{"id":11521,"date":"2021-05-11T14:08:02","date_gmt":"2021-11-30T11:33:48","guid":{"rendered":"https:\/\/gliptoneeurope.com\/product\/body-prep-tonhandschuh\/"},"modified":"2021-11-30T11:33:48","modified_gmt":"2021-11-30T11:33:48","slug":"lehmwaschhandschuh","status":"publish","type":"product","link":"https:\/\/gliptoneeurope.com\/de\/produkt\/lehmwaschhandschuh\/","title":{"rendered":"Body Prep Tonhandschuh"},"content":{"rendered":"<p>Verwenden Sie unseren Body Prep Clay Mitt als Alternative zu unserem <a href=\"https:\/\/gliptoneeurope.com\/product\/body-bar-clay-bar\/\">Body Bar Clay Bar<\/a> . Es ist einfach zu bedienen, einfach aussp\u00fclen und neu starten.<\/p>\n<p>Der Handschuh ist vielseitig einsetzbar und kann verwendet werden, um Ihr Auto zu t\u00f6nen, aber auch festsitzenden Schmutz, Bremsstaub, leichten Rost, Insekten, Baumsaft und Pollen zu entfernen.<\/p>\n<p>Der Clay Mitt zerkratzt weder den Lack noch andere Oberfl\u00e4chen. Es ben\u00f6tigt keine speziellen Schmiermittel, gleitet bei Verwendung mit warmem Wasser einfach \u00fcber den Lack<\/p>\n<p>Ideal vor der <a href=\"https:\/\/gliptoneeurope.com\/product\/wash-n-glow\/\">Autow\u00e4sche mit unserem pH-neutralen Shampoo Wash-n-Glow<\/a> .<\/p>\n<p>Ebenfalls erh\u00e4ltlich ist das <a href=\"https:\/\/gliptoneeurope.com\/product\/magic-microfibre-clay-cleaning-towel\/\">Magic Microfibre Clay Cleaning Towel<\/a> als weitere Option zum Clay Wash Mitt, je nach Ihren Reinigungsvorlieben.<\/p>\n","protected":false},"excerpt":{"rendered":"<p>Verwenden Sie unseren Body Prep Clay Mitt als Alternative zu unserem Body Bar Clay Bar . Es ist einfach zu bedienen, einfach aussp\u00fclen und neu starten. Der Handschuh ist vielseitig einsetzbar und kann verwendet werden, um Ihr Auto zu t\u00f6nen, aber auch festsitzenden Schmutz, Bremsstaub, leichten Rost, Insekten, Baumsaft und Pollen zu entfernen. Der Clay [&hellip;]<\/p>\n","protected":false},"featured_media":10835,"template":"","meta":[],"product_brand":[],"product_cat":[95,115],"product_tag":[],"class_list":{"0":"post-11521","1":"product","2":"type-product","3":"status-publish","4":"has-post-thumbnail","6":"product_cat-neue-produkte","7":"product_cat-zubehor","9":"first","10":"instock","11":"taxable","12":"shipping-taxable","13":"purchasable","14":"product-type-simple"},"yoast_head":"<!-- This site is optimized with the Yoast SEO Premium plugin v21.4 (Yoast SEO v27.4) - https:\/\/yoast.com\/product\/yoast-seo-premium-wordpress\/ -->\n<title>Body Prep Tonhandschuh - Gliptone Europe<\/title>\n<meta name=\"description\" content=\"Verwenden Sie unseren Clay Wash Mitt als Alternative zu unserem Body Bar Clay Bar. Es ist einfach zu bedienen, einfach aussp\u00fclen und neu starten.\" \/>\n<meta name=\"robots\" content=\"index, follow, max-snippet:-1, max-image-preview:large, max-video-preview:-1\" \/>\n<link rel=\"canonical\" href=\"https:\/\/gliptoneeurope.com\/de\/produkt\/lehmwaschhandschuh\/\" \/>\n<meta property=\"og:locale\" content=\"de_DE\" \/>\n<meta property=\"og:type\" content=\"article\" \/>\n<meta property=\"og:title\" content=\"Body Prep Tonhandschuh\" \/>\n<meta property=\"og:description\" content=\"Verwenden Sie unseren Body Prep Clay Mitt als Alternative zu unserem Body Bar Clay Bar . Es ist einfach zu bedienen, einfach aussp\u00fclen und neu starten.\" \/>\n<meta property=\"og:url\" content=\"https:\/\/gliptoneeurope.com\/de\/produkt\/lehmwaschhandschuh\/\" \/>\n<meta property=\"og:site_name\" content=\"Gliptone Europe\" \/>\n<meta property=\"article:publisher\" content=\"https:\/\/www.facebook.com\/gliptoneeurope\/\" \/>\n<meta property=\"og:image\" content=\"https:\/\/gliptoneeurope.com\/wp-content\/uploads\/Wash-Mitt-1.jpg\" \/>\n\t<meta property=\"og:image:width\" content=\"1764\" \/>\n\t<meta property=\"og:image:height\" content=\"1763\" \/>\n\t<meta property=\"og:image:type\" content=\"image\/jpeg\" \/>\n<meta name=\"twitter:card\" content=\"summary_large_image\" \/>\n<meta name=\"twitter:label1\" content=\"Gesch\u00e4tzte Lesezeit\" \/>\n\t<meta name=\"twitter:data1\" content=\"1\u00a0Minute\" \/>\n<script type=\"application\/ld+json\" class=\"yoast-schema-graph\">{\"@context\":\"https:\\\/\\\/schema.org\",\"@graph\":[{\"@type\":\"WebPage\",\"@id\":\"https:\\\/\\\/gliptoneeurope.com\\\/de\\\/produkt\\\/lehmwaschhandschuh\\\/\",\"url\":\"https:\\\/\\\/gliptoneeurope.com\\\/de\\\/produkt\\\/lehmwaschhandschuh\\\/\",\"name\":\"Body Prep Tonhandschuh - Gliptone Europe\",\"isPartOf\":{\"@id\":\"https:\\\/\\\/gliptoneeurope.com\\\/#website\"},\"primaryImageOfPage\":{\"@id\":\"https:\\\/\\\/gliptoneeurope.com\\\/de\\\/produkt\\\/lehmwaschhandschuh\\\/#primaryimage\"},\"image\":{\"@id\":\"https:\\\/\\\/gliptoneeurope.com\\\/de\\\/produkt\\\/lehmwaschhandschuh\\\/#primaryimage\"},\"thumbnailUrl\":\"https:\\\/\\\/gliptoneeurope.com\\\/wp-content\\\/uploads\\\/Wash-Mitt-1.jpg\",\"datePublished\":\"2021-11-30T11:33:48+00:00\",\"description\":\"Verwenden Sie unseren Clay Wash Mitt als Alternative zu unserem Body Bar Clay Bar. Es ist einfach zu bedienen, einfach aussp\u00fclen und neu starten.\",\"breadcrumb\":{\"@id\":\"https:\\\/\\\/gliptoneeurope.com\\\/de\\\/produkt\\\/lehmwaschhandschuh\\\/#breadcrumb\"},\"inLanguage\":\"de\",\"potentialAction\":[{\"@type\":\"ReadAction\",\"target\":[\"https:\\\/\\\/gliptoneeurope.com\\\/de\\\/produkt\\\/lehmwaschhandschuh\\\/\"]}]},{\"@type\":\"ImageObject\",\"inLanguage\":\"de\",\"@id\":\"https:\\\/\\\/gliptoneeurope.com\\\/de\\\/produkt\\\/lehmwaschhandschuh\\\/#primaryimage\",\"url\":\"https:\\\/\\\/gliptoneeurope.com\\\/wp-content\\\/uploads\\\/Wash-Mitt-1.jpg\",\"contentUrl\":\"https:\\\/\\\/gliptoneeurope.com\\\/wp-content\\\/uploads\\\/Wash-Mitt-1.jpg\",\"width\":1764,\"height\":1763},{\"@type\":\"BreadcrumbList\",\"@id\":\"https:\\\/\\\/gliptoneeurope.com\\\/de\\\/produkt\\\/lehmwaschhandschuh\\\/#breadcrumb\",\"itemListElement\":[{\"@type\":\"ListItem\",\"position\":1,\"name\":\"Home\",\"item\":\"https:\\\/\\\/gliptoneeurope.com\\\/\"},{\"@type\":\"ListItem\",\"position\":2,\"name\":\"Shop\",\"item\":\"https:\\\/\\\/gliptoneeurope.com\\\/de\\\/shop-2\\\/\"},{\"@type\":\"ListItem\",\"position\":3,\"name\":\"Body Prep Tonhandschuh\"}]},{\"@type\":\"WebSite\",\"@id\":\"https:\\\/\\\/gliptoneeurope.com\\\/#website\",\"url\":\"https:\\\/\\\/gliptoneeurope.com\\\/\",\"name\":\"Gliptone Europe\",\"description\":\"Professional Car Detailing Products\",\"publisher\":{\"@id\":\"https:\\\/\\\/gliptoneeurope.com\\\/#organization\"},\"potentialAction\":[{\"@type\":\"SearchAction\",\"target\":{\"@type\":\"EntryPoint\",\"urlTemplate\":\"https:\\\/\\\/gliptoneeurope.com\\\/?s={search_term_string}\"},\"query-input\":{\"@type\":\"PropertyValueSpecification\",\"valueRequired\":true,\"valueName\":\"search_term_string\"}}],\"inLanguage\":\"de\"},{\"@type\":\"Organization\",\"@id\":\"https:\\\/\\\/gliptoneeurope.com\\\/#organization\",\"name\":\"Gliptone Europe\",\"url\":\"https:\\\/\\\/gliptoneeurope.com\\\/\",\"logo\":{\"@type\":\"ImageObject\",\"inLanguage\":\"de\",\"@id\":\"https:\\\/\\\/gliptoneeurope.com\\\/#\\\/schema\\\/logo\\\/image\\\/\",\"url\":\"https:\\\/\\\/gliptoneeurope.com\\\/wp-content\\\/uploads\\\/Gliptone_Logo.png\",\"contentUrl\":\"https:\\\/\\\/gliptoneeurope.com\\\/wp-content\\\/uploads\\\/Gliptone_Logo.png\",\"width\":1472,\"height\":607,\"caption\":\"Gliptone Europe\"},\"image\":{\"@id\":\"https:\\\/\\\/gliptoneeurope.com\\\/#\\\/schema\\\/logo\\\/image\\\/\"},\"sameAs\":[\"https:\\\/\\\/www.facebook.com\\\/gliptoneeurope\\\/\",\"https:\\\/\\\/www.instagram.com\\\/gliptoneeurope\\\/\",\"https:\\\/\\\/www.pinterest.co.uk\\\/GliptoneEurope\\\/\"]}]}<\/script>\n<!-- \/ Yoast SEO Premium plugin. -->","yoast_head_json":{"title":"Body Prep Tonhandschuh - Gliptone Europe","description":"Verwenden Sie unseren Clay Wash Mitt als Alternative zu unserem Body Bar Clay Bar. Es ist einfach zu bedienen, einfach aussp\u00fclen und neu starten.","robots":{"index":"index","follow":"follow","max-snippet":"max-snippet:-1","max-image-preview":"max-image-preview:large","max-video-preview":"max-video-preview:-1"},"canonical":"https:\/\/gliptoneeurope.com\/de\/produkt\/lehmwaschhandschuh\/","og_locale":"de_DE","og_type":"article","og_title":"Body Prep Tonhandschuh","og_description":"Verwenden Sie unseren Body Prep Clay Mitt als Alternative zu unserem Body Bar Clay Bar . Es ist einfach zu bedienen, einfach aussp\u00fclen und neu starten.","og_url":"https:\/\/gliptoneeurope.com\/de\/produkt\/lehmwaschhandschuh\/","og_site_name":"Gliptone Europe","article_publisher":"https:\/\/www.facebook.com\/gliptoneeurope\/","og_image":[{"width":1764,"height":1763,"url":"https:\/\/gliptoneeurope.com\/wp-content\/uploads\/Wash-Mitt-1.jpg","type":"image\/jpeg"}],"twitter_card":"summary_large_image","twitter_misc":{"Gesch\u00e4tzte Lesezeit":"1\u00a0Minute"},"schema":{"@context":"https:\/\/schema.org","@graph":[{"@type":"WebPage","@id":"https:\/\/gliptoneeurope.com\/de\/produkt\/lehmwaschhandschuh\/","url":"https:\/\/gliptoneeurope.com\/de\/produkt\/lehmwaschhandschuh\/","name":"Body Prep Tonhandschuh - Gliptone Europe","isPartOf":{"@id":"https:\/\/gliptoneeurope.com\/#website"},"primaryImageOfPage":{"@id":"https:\/\/gliptoneeurope.com\/de\/produkt\/lehmwaschhandschuh\/#primaryimage"},"image":{"@id":"https:\/\/gliptoneeurope.com\/de\/produkt\/lehmwaschhandschuh\/#primaryimage"},"thumbnailUrl":"https:\/\/gliptoneeurope.com\/wp-content\/uploads\/Wash-Mitt-1.jpg","datePublished":"2021-11-30T11:33:48+00:00","description":"Verwenden Sie unseren Clay Wash Mitt als Alternative zu unserem Body Bar Clay Bar. Es ist einfach zu bedienen, einfach aussp\u00fclen und neu starten.","breadcrumb":{"@id":"https:\/\/gliptoneeurope.com\/de\/produkt\/lehmwaschhandschuh\/#breadcrumb"},"inLanguage":"de","potentialAction":[{"@type":"ReadAction","target":["https:\/\/gliptoneeurope.com\/de\/produkt\/lehmwaschhandschuh\/"]}]},{"@type":"ImageObject","inLanguage":"de","@id":"https:\/\/gliptoneeurope.com\/de\/produkt\/lehmwaschhandschuh\/#primaryimage","url":"https:\/\/gliptoneeurope.com\/wp-content\/uploads\/Wash-Mitt-1.jpg","contentUrl":"https:\/\/gliptoneeurope.com\/wp-content\/uploads\/Wash-Mitt-1.jpg","width":1764,"height":1763},{"@type":"BreadcrumbList","@id":"https:\/\/gliptoneeurope.com\/de\/produkt\/lehmwaschhandschuh\/#breadcrumb","itemListElement":[{"@type":"ListItem","position":1,"name":"Home","item":"https:\/\/gliptoneeurope.com\/"},{"@type":"ListItem","position":2,"name":"Shop","item":"https:\/\/gliptoneeurope.com\/de\/shop-2\/"},{"@type":"ListItem","position":3,"name":"Body Prep Tonhandschuh"}]},{"@type":"WebSite","@id":"https:\/\/gliptoneeurope.com\/#website","url":"https:\/\/gliptoneeurope.com\/","name":"Gliptone Europe","description":"Professional Car Detailing Products","publisher":{"@id":"https:\/\/gliptoneeurope.com\/#organization"},"potentialAction":[{"@type":"SearchAction","target":{"@type":"EntryPoint","urlTemplate":"https:\/\/gliptoneeurope.com\/?s={search_term_string}"},"query-input":{"@type":"PropertyValueSpecification","valueRequired":true,"valueName":"search_term_string"}}],"inLanguage":"de"},{"@type":"Organization","@id":"https:\/\/gliptoneeurope.com\/#organization","name":"Gliptone Europe","url":"https:\/\/gliptoneeurope.com\/","logo":{"@type":"ImageObject","inLanguage":"de","@id":"https:\/\/gliptoneeurope.com\/#\/schema\/logo\/image\/","url":"https:\/\/gliptoneeurope.com\/wp-content\/uploads\/Gliptone_Logo.png","contentUrl":"https:\/\/gliptoneeurope.com\/wp-content\/uploads\/Gliptone_Logo.png","width":1472,"height":607,"caption":"Gliptone Europe"},"image":{"@id":"https:\/\/gliptoneeurope.com\/#\/schema\/logo\/image\/"},"sameAs":["https:\/\/www.facebook.com\/gliptoneeurope\/","https:\/\/www.instagram.com\/gliptoneeurope\/","https:\/\/www.pinterest.co.uk\/GliptoneEurope\/"]}]}},"wcpa_form_fields":null,"_links":{"self":[{"href":"https:\/\/gliptoneeurope.com\/de\/wp-json\/wp\/v2\/product\/11521","targetHints":{"allow":["GET"]}}],"collection":[{"href":"https:\/\/gliptoneeurope.com\/de\/wp-json\/wp\/v2\/product"}],"about":[{"href":"https:\/\/gliptoneeurope.com\/de\/wp-json\/wp\/v2\/types\/product"}],"wp:featuredmedia":[{"embeddable":true,"href":"https:\/\/gliptoneeurope.com\/de\/wp-json\/wp\/v2\/media\/10835"}],"wp:attachment":[{"href":"https:\/\/gliptoneeurope.com\/de\/wp-json\/wp\/v2\/media?parent=11521"}],"wp:term":[{"taxonomy":"product_brand","embeddable":true,"href":"https:\/\/gliptoneeurope.com\/de\/wp-json\/wp\/v2\/product_brand?post=11521"},{"taxonomy":"product_cat","embeddable":true,"href":"https:\/\/gliptoneeurope.com\/de\/wp-json\/wp\/v2\/product_cat?post=11521"},{"taxonomy":"product_tag","embeddable":true,"href":"https:\/\/gliptoneeurope.com\/de\/wp-json\/wp\/v2\/product_tag?post=11521"}],"curies":[{"name":"wp","href":"https:\/\/api.w.org\/{rel}","templated":true}]}}