{"id":11517,"date":"2021-05-11T14:08:01","date_gmt":"2021-11-30T11:33:46","guid":{"rendered":"https:\/\/gliptoneeurope.com\/product\/mikrofaser-xl-waschpad\/"},"modified":"2021-11-30T11:33:46","modified_gmt":"2021-11-30T11:33:46","slug":"mikrofaser-xl-waschpad","status":"publish","type":"product","link":"https:\/\/gliptoneeurope.com\/de\/produkt\/mikrofaser-xl-waschpad\/","title":{"rendered":"Mikrofaser XL Waschpad"},"content":{"rendered":"<p>Das Microfaser Washpad XL ist das perfekte Waschwerkzeug f\u00fcr alle, die ihr Auto waschen m\u00f6chten und eine maximale Abdeckung erzielen m\u00f6chten. Wir empfehlen dies mit unserem pH-neutralen Shampoo <a href=\"https:\/\/gliptoneeurope.com\/product\/wash-n-glow\/\">Wash-n-Glow<\/a> f\u00fcr eine effiziente Rundumw\u00e4sche Ihres Autos.<\/p>\n<p>Das Washpad hat einen integrierten Schwamm, der viel Wasser aufnimmt, sodass Sie Ihr Auto l\u00e4nger reinigen k\u00f6nnen. Der dichte Mikrofaserstapel h\u00e4lt effektiv die Ansammlung von Schmutz und Dreck von Ihrem Lack und wird im Waschhandschuh eingeschlossen.<\/p>\n<p>Die Verwendung des Waschpads minimiert Kratzer auf Ihrem Lack und ist somit eine gro\u00dfartige Alternative mit dem gleichen gro\u00dfartigen Gef\u00fchl eines Schwamms, ohne Ihr Auto zu besch\u00e4digen.<\/p>\n<p>Das Microfiber Washpad XL ist strapazierf\u00e4hig und mit dem gleichen Material wie der <a href=\"https:\/\/gliptoneeurope.com\/product\/microfibre-wash-mitt\/\">Microfiber Wash Mitt<\/a> bezogen.<\/p>\n<p>Das Washpad ist 4 cm dick, waschmaschinen- und trocknergeeignet und wird in einem wiederverschlie\u00dfbaren Beutel zur einfachen Aufbewahrung geliefert.<\/p>\n","protected":false},"excerpt":{"rendered":"<p>Das Microfaser Washpad XL ist das perfekte Waschwerkzeug f\u00fcr alle, die ihr Auto waschen m\u00f6chten und eine maximale Abdeckung erzielen m\u00f6chten. Wir empfehlen dies mit unserem pH-neutralen Shampoo Wash-n-Glow f\u00fcr eine effiziente Rundumw\u00e4sche Ihres Autos. Das Washpad hat einen integrierten Schwamm, der viel Wasser aufnimmt, sodass Sie Ihr Auto l\u00e4nger reinigen k\u00f6nnen. Der dichte Mikrofaserstapel [&hellip;]<\/p>\n","protected":false},"featured_media":10857,"template":"","meta":[],"product_brand":[],"product_cat":[95,115],"product_tag":[],"class_list":{"0":"post-11517","1":"product","2":"type-product","3":"status-publish","4":"has-post-thumbnail","6":"product_cat-neue-produkte","7":"product_cat-zubehor","9":"first","10":"instock","11":"taxable","12":"shipping-taxable","13":"purchasable","14":"product-type-simple"},"yoast_head":"<!-- This site is optimized with the Yoast SEO Premium plugin v21.4 (Yoast SEO v27.4) - https:\/\/yoast.com\/product\/yoast-seo-premium-wordpress\/ -->\n<title>Mikrofaser XL Waschpad - Gliptone Europe<\/title>\n<meta name=\"description\" content=\"Das Microfaser Washpad XL ist das perfekte Waschwerkzeug f\u00fcr alle, die ihr Auto waschen m\u00f6chten und eine maximale Abdeckung erzielen m\u00f6chten.\" \/>\n<meta name=\"robots\" content=\"index, follow, max-snippet:-1, max-image-preview:large, max-video-preview:-1\" \/>\n<link rel=\"canonical\" href=\"https:\/\/gliptoneeurope.com\/de\/produkt\/mikrofaser-xl-waschpad\/\" \/>\n<meta property=\"og:locale\" content=\"de_DE\" \/>\n<meta property=\"og:type\" content=\"article\" \/>\n<meta property=\"og:title\" content=\"Mikrofaser XL Waschpad\" \/>\n<meta property=\"og:description\" content=\"Das Microfaser Washpad XL ist das perfekte Waschwerkzeug f\u00fcr alle, die ihr Auto waschen m\u00f6chten und eine maximale Abdeckung erzielen m\u00f6chten. Wir\" \/>\n<meta property=\"og:url\" content=\"https:\/\/gliptoneeurope.com\/de\/produkt\/mikrofaser-xl-waschpad\/\" \/>\n<meta property=\"og:site_name\" content=\"Gliptone Europe\" \/>\n<meta property=\"article:publisher\" content=\"https:\/\/www.facebook.com\/gliptoneeurope\/\" \/>\n<meta property=\"og:image\" content=\"https:\/\/gliptoneeurope.com\/wp-content\/uploads\/Softouch-Premium-Microfibre-Wash-Block-Blue.jpg\" \/>\n\t<meta property=\"og:image:width\" content=\"1414\" \/>\n\t<meta property=\"og:image:height\" content=\"1415\" \/>\n\t<meta property=\"og:image:type\" content=\"image\/jpeg\" \/>\n<meta name=\"twitter:card\" content=\"summary_large_image\" \/>\n<meta name=\"twitter:label1\" content=\"Gesch\u00e4tzte Lesezeit\" \/>\n\t<meta name=\"twitter:data1\" content=\"1\u00a0Minute\" \/>\n<script type=\"application\/ld+json\" class=\"yoast-schema-graph\">{\"@context\":\"https:\\\/\\\/schema.org\",\"@graph\":[{\"@type\":\"WebPage\",\"@id\":\"https:\\\/\\\/gliptoneeurope.com\\\/de\\\/produkt\\\/mikrofaser-xl-waschpad\\\/\",\"url\":\"https:\\\/\\\/gliptoneeurope.com\\\/de\\\/produkt\\\/mikrofaser-xl-waschpad\\\/\",\"name\":\"Mikrofaser XL Waschpad - Gliptone Europe\",\"isPartOf\":{\"@id\":\"https:\\\/\\\/gliptoneeurope.com\\\/#website\"},\"primaryImageOfPage\":{\"@id\":\"https:\\\/\\\/gliptoneeurope.com\\\/de\\\/produkt\\\/mikrofaser-xl-waschpad\\\/#primaryimage\"},\"image\":{\"@id\":\"https:\\\/\\\/gliptoneeurope.com\\\/de\\\/produkt\\\/mikrofaser-xl-waschpad\\\/#primaryimage\"},\"thumbnailUrl\":\"https:\\\/\\\/gliptoneeurope.com\\\/wp-content\\\/uploads\\\/Softouch-Premium-Microfibre-Wash-Block-Blue.jpg\",\"datePublished\":\"2021-11-30T11:33:46+00:00\",\"description\":\"Das Microfaser Washpad XL ist das perfekte Waschwerkzeug f\u00fcr alle, die ihr Auto waschen m\u00f6chten und eine maximale Abdeckung erzielen m\u00f6chten.\",\"breadcrumb\":{\"@id\":\"https:\\\/\\\/gliptoneeurope.com\\\/de\\\/produkt\\\/mikrofaser-xl-waschpad\\\/#breadcrumb\"},\"inLanguage\":\"de\",\"potentialAction\":[{\"@type\":\"ReadAction\",\"target\":[\"https:\\\/\\\/gliptoneeurope.com\\\/de\\\/produkt\\\/mikrofaser-xl-waschpad\\\/\"]}]},{\"@type\":\"ImageObject\",\"inLanguage\":\"de\",\"@id\":\"https:\\\/\\\/gliptoneeurope.com\\\/de\\\/produkt\\\/mikrofaser-xl-waschpad\\\/#primaryimage\",\"url\":\"https:\\\/\\\/gliptoneeurope.com\\\/wp-content\\\/uploads\\\/Softouch-Premium-Microfibre-Wash-Block-Blue.jpg\",\"contentUrl\":\"https:\\\/\\\/gliptoneeurope.com\\\/wp-content\\\/uploads\\\/Softouch-Premium-Microfibre-Wash-Block-Blue.jpg\",\"width\":1414,\"height\":1415},{\"@type\":\"BreadcrumbList\",\"@id\":\"https:\\\/\\\/gliptoneeurope.com\\\/de\\\/produkt\\\/mikrofaser-xl-waschpad\\\/#breadcrumb\",\"itemListElement\":[{\"@type\":\"ListItem\",\"position\":1,\"name\":\"Home\",\"item\":\"https:\\\/\\\/gliptoneeurope.com\\\/\"},{\"@type\":\"ListItem\",\"position\":2,\"name\":\"Shop\",\"item\":\"https:\\\/\\\/gliptoneeurope.com\\\/de\\\/shop-2\\\/\"},{\"@type\":\"ListItem\",\"position\":3,\"name\":\"Mikrofaser XL Waschpad\"}]},{\"@type\":\"WebSite\",\"@id\":\"https:\\\/\\\/gliptoneeurope.com\\\/#website\",\"url\":\"https:\\\/\\\/gliptoneeurope.com\\\/\",\"name\":\"Gliptone Europe\",\"description\":\"Professional Car Detailing Products\",\"publisher\":{\"@id\":\"https:\\\/\\\/gliptoneeurope.com\\\/#organization\"},\"potentialAction\":[{\"@type\":\"SearchAction\",\"target\":{\"@type\":\"EntryPoint\",\"urlTemplate\":\"https:\\\/\\\/gliptoneeurope.com\\\/?s={search_term_string}\"},\"query-input\":{\"@type\":\"PropertyValueSpecification\",\"valueRequired\":true,\"valueName\":\"search_term_string\"}}],\"inLanguage\":\"de\"},{\"@type\":\"Organization\",\"@id\":\"https:\\\/\\\/gliptoneeurope.com\\\/#organization\",\"name\":\"Gliptone Europe\",\"url\":\"https:\\\/\\\/gliptoneeurope.com\\\/\",\"logo\":{\"@type\":\"ImageObject\",\"inLanguage\":\"de\",\"@id\":\"https:\\\/\\\/gliptoneeurope.com\\\/#\\\/schema\\\/logo\\\/image\\\/\",\"url\":\"https:\\\/\\\/gliptoneeurope.com\\\/wp-content\\\/uploads\\\/Gliptone_Logo.png\",\"contentUrl\":\"https:\\\/\\\/gliptoneeurope.com\\\/wp-content\\\/uploads\\\/Gliptone_Logo.png\",\"width\":1472,\"height\":607,\"caption\":\"Gliptone Europe\"},\"image\":{\"@id\":\"https:\\\/\\\/gliptoneeurope.com\\\/#\\\/schema\\\/logo\\\/image\\\/\"},\"sameAs\":[\"https:\\\/\\\/www.facebook.com\\\/gliptoneeurope\\\/\",\"https:\\\/\\\/www.instagram.com\\\/gliptoneeurope\\\/\",\"https:\\\/\\\/www.pinterest.co.uk\\\/GliptoneEurope\\\/\"]}]}<\/script>\n<!-- \/ Yoast SEO Premium plugin. -->","yoast_head_json":{"title":"Mikrofaser XL Waschpad - Gliptone Europe","description":"Das Microfaser Washpad XL ist das perfekte Waschwerkzeug f\u00fcr alle, die ihr Auto waschen m\u00f6chten und eine maximale Abdeckung erzielen m\u00f6chten.","robots":{"index":"index","follow":"follow","max-snippet":"max-snippet:-1","max-image-preview":"max-image-preview:large","max-video-preview":"max-video-preview:-1"},"canonical":"https:\/\/gliptoneeurope.com\/de\/produkt\/mikrofaser-xl-waschpad\/","og_locale":"de_DE","og_type":"article","og_title":"Mikrofaser XL Waschpad","og_description":"Das Microfaser Washpad XL ist das perfekte Waschwerkzeug f\u00fcr alle, die ihr Auto waschen m\u00f6chten und eine maximale Abdeckung erzielen m\u00f6chten. Wir","og_url":"https:\/\/gliptoneeurope.com\/de\/produkt\/mikrofaser-xl-waschpad\/","og_site_name":"Gliptone Europe","article_publisher":"https:\/\/www.facebook.com\/gliptoneeurope\/","og_image":[{"width":1414,"height":1415,"url":"https:\/\/gliptoneeurope.com\/wp-content\/uploads\/Softouch-Premium-Microfibre-Wash-Block-Blue.jpg","type":"image\/jpeg"}],"twitter_card":"summary_large_image","twitter_misc":{"Gesch\u00e4tzte Lesezeit":"1\u00a0Minute"},"schema":{"@context":"https:\/\/schema.org","@graph":[{"@type":"WebPage","@id":"https:\/\/gliptoneeurope.com\/de\/produkt\/mikrofaser-xl-waschpad\/","url":"https:\/\/gliptoneeurope.com\/de\/produkt\/mikrofaser-xl-waschpad\/","name":"Mikrofaser XL Waschpad - Gliptone Europe","isPartOf":{"@id":"https:\/\/gliptoneeurope.com\/#website"},"primaryImageOfPage":{"@id":"https:\/\/gliptoneeurope.com\/de\/produkt\/mikrofaser-xl-waschpad\/#primaryimage"},"image":{"@id":"https:\/\/gliptoneeurope.com\/de\/produkt\/mikrofaser-xl-waschpad\/#primaryimage"},"thumbnailUrl":"https:\/\/gliptoneeurope.com\/wp-content\/uploads\/Softouch-Premium-Microfibre-Wash-Block-Blue.jpg","datePublished":"2021-11-30T11:33:46+00:00","description":"Das Microfaser Washpad XL ist das perfekte Waschwerkzeug f\u00fcr alle, die ihr Auto waschen m\u00f6chten und eine maximale Abdeckung erzielen m\u00f6chten.","breadcrumb":{"@id":"https:\/\/gliptoneeurope.com\/de\/produkt\/mikrofaser-xl-waschpad\/#breadcrumb"},"inLanguage":"de","potentialAction":[{"@type":"ReadAction","target":["https:\/\/gliptoneeurope.com\/de\/produkt\/mikrofaser-xl-waschpad\/"]}]},{"@type":"ImageObject","inLanguage":"de","@id":"https:\/\/gliptoneeurope.com\/de\/produkt\/mikrofaser-xl-waschpad\/#primaryimage","url":"https:\/\/gliptoneeurope.com\/wp-content\/uploads\/Softouch-Premium-Microfibre-Wash-Block-Blue.jpg","contentUrl":"https:\/\/gliptoneeurope.com\/wp-content\/uploads\/Softouch-Premium-Microfibre-Wash-Block-Blue.jpg","width":1414,"height":1415},{"@type":"BreadcrumbList","@id":"https:\/\/gliptoneeurope.com\/de\/produkt\/mikrofaser-xl-waschpad\/#breadcrumb","itemListElement":[{"@type":"ListItem","position":1,"name":"Home","item":"https:\/\/gliptoneeurope.com\/"},{"@type":"ListItem","position":2,"name":"Shop","item":"https:\/\/gliptoneeurope.com\/de\/shop-2\/"},{"@type":"ListItem","position":3,"name":"Mikrofaser XL Waschpad"}]},{"@type":"WebSite","@id":"https:\/\/gliptoneeurope.com\/#website","url":"https:\/\/gliptoneeurope.com\/","name":"Gliptone Europe","description":"Professional Car Detailing Products","publisher":{"@id":"https:\/\/gliptoneeurope.com\/#organization"},"potentialAction":[{"@type":"SearchAction","target":{"@type":"EntryPoint","urlTemplate":"https:\/\/gliptoneeurope.com\/?s={search_term_string}"},"query-input":{"@type":"PropertyValueSpecification","valueRequired":true,"valueName":"search_term_string"}}],"inLanguage":"de"},{"@type":"Organization","@id":"https:\/\/gliptoneeurope.com\/#organization","name":"Gliptone Europe","url":"https:\/\/gliptoneeurope.com\/","logo":{"@type":"ImageObject","inLanguage":"de","@id":"https:\/\/gliptoneeurope.com\/#\/schema\/logo\/image\/","url":"https:\/\/gliptoneeurope.com\/wp-content\/uploads\/Gliptone_Logo.png","contentUrl":"https:\/\/gliptoneeurope.com\/wp-content\/uploads\/Gliptone_Logo.png","width":1472,"height":607,"caption":"Gliptone Europe"},"image":{"@id":"https:\/\/gliptoneeurope.com\/#\/schema\/logo\/image\/"},"sameAs":["https:\/\/www.facebook.com\/gliptoneeurope\/","https:\/\/www.instagram.com\/gliptoneeurope\/","https:\/\/www.pinterest.co.uk\/GliptoneEurope\/"]}]}},"wcpa_form_fields":null,"_links":{"self":[{"href":"https:\/\/gliptoneeurope.com\/de\/wp-json\/wp\/v2\/product\/11517","targetHints":{"allow":["GET"]}}],"collection":[{"href":"https:\/\/gliptoneeurope.com\/de\/wp-json\/wp\/v2\/product"}],"about":[{"href":"https:\/\/gliptoneeurope.com\/de\/wp-json\/wp\/v2\/types\/product"}],"wp:featuredmedia":[{"embeddable":true,"href":"https:\/\/gliptoneeurope.com\/de\/wp-json\/wp\/v2\/media\/10857"}],"wp:attachment":[{"href":"https:\/\/gliptoneeurope.com\/de\/wp-json\/wp\/v2\/media?parent=11517"}],"wp:term":[{"taxonomy":"product_brand","embeddable":true,"href":"https:\/\/gliptoneeurope.com\/de\/wp-json\/wp\/v2\/product_brand?post=11517"},{"taxonomy":"product_cat","embeddable":true,"href":"https:\/\/gliptoneeurope.com\/de\/wp-json\/wp\/v2\/product_cat?post=11517"},{"taxonomy":"product_tag","embeddable":true,"href":"https:\/\/gliptoneeurope.com\/de\/wp-json\/wp\/v2\/product_tag?post=11517"}],"curies":[{"name":"wp","href":"https:\/\/api.w.org\/{rel}","templated":true}]}}