{"id":11514,"date":"2021-05-11T14:08:02","date_gmt":"2021-11-30T11:33:45","guid":{"rendered":"https:\/\/gliptoneeurope.com\/product\/detaillierung-handtuecher-tuecher-kit\/"},"modified":"2021-11-30T11:33:45","modified_gmt":"2021-11-30T11:33:45","slug":"detaillierung-handtucher-tucher-kit","status":"publish","type":"product","link":"https:\/\/gliptoneeurope.com\/de\/produkt\/detaillierung-handtucher-tucher-kit\/","title":{"rendered":"Detaillierung Handt\u00fccher &amp; T\u00fccher Kit"},"content":{"rendered":"<p>Alle Handt\u00fccher und T\u00fccher, die Sie bei der Reinigung und Pflege Ihres Autos ben\u00f6tigen, finden Sie jetzt in unserem Pflegeset f\u00fcr Handt\u00fccher und T\u00fccher.<\/p>\n<p>Das Set enth\u00e4lt:<\/p>\n<p><a href=\"https:\/\/gliptoneeurope.com\/product\/1000-gsm-twisted-loop-drying-towel\/\">1000GSM Twisted Loop Drying Towel<\/a> &#8211; super dick mit 1000gsm macht das Entfernen von Wasser aufgrund der erstaunlichen Wasseraufnahmef\u00e4higkeit unglaublich einfach, was bedeutet, dass es keinen besseren Weg gibt, Ihr Auto zu trocknen.<\/p>\n<p><a href=\"https:\/\/gliptoneeurope.com\/product\/drying-cleaning-waffle-microfiber-towel\/\">Softouch Drying\/Cleaning Waffle Microfibre Towel<\/a> &#8211; verf\u00fcgt \u00fcber eine &#8220;Heavy Duty Waffelgewebe&#8221;-Ausr\u00fcstung, die sich hervorragend zum Reinigen und Aufsaugen eignet und praktisch unzerst\u00f6rbar ist.<\/p>\n<p><a href=\"https:\/\/gliptoneeurope.com\/product\/polishing-buffing-550gsm-edgeless-plush-microfibre\/\">Polieren \/ Polieren 550 g\/m\u00b2 kantenloses Pl\u00fcsch-Mikrofasertuch<\/a> &#8211; die perfekten T\u00fccher zum Polieren, Polieren, Entfernen von Wachs und Versiegelung, zum Trocknen kleiner Fl\u00e4chen sowie f\u00fcr viele andere Anwendungen.<\/p>\n<p><a href=\"https:\/\/gliptoneeurope.com\/product\/this-is-a-high-quality-warp-knitted-microfibre-cloth-with-a-high-30-polyamide-content-very-popular-cloth-with-all-trades-and-applications-vary-infinitely-safe-to-use-on-all-surfaces-and-wit\/\">Mehrzweck-Mikrofaser-Reinigungst\u00fccher<\/a> &#8211; Dies ist ein hochwertiges gewirktes Mikrofasertuch mit einem hohen (30%) Polyamid-Anteil. Sehr beliebtes Tuch mit allen Gewerken und Anwendungen variieren unendlich.<\/p>\n","protected":false},"excerpt":{"rendered":"<p>Alle Handt\u00fccher und T\u00fccher, die Sie bei der Reinigung und Pflege Ihres Autos ben\u00f6tigen, finden Sie jetzt in unserem Pflegeset f\u00fcr Handt\u00fccher und T\u00fccher. Das Set enth\u00e4lt: 1000GSM Twisted Loop Drying Towel &#8211; super dick mit 1000gsm macht das Entfernen von Wasser aufgrund der erstaunlichen Wasseraufnahmef\u00e4higkeit unglaublich einfach, was bedeutet, dass es keinen besseren Weg [&hellip;]<\/p>\n","protected":false},"featured_media":10839,"template":"","meta":[],"product_brand":[],"product_cat":[102,95,115],"product_tag":[],"class_list":{"0":"post-11514","1":"product","2":"type-product","3":"status-publish","4":"has-post-thumbnail","6":"product_cat-bausatze","7":"product_cat-neue-produkte","8":"product_cat-zubehor","10":"first","11":"instock","12":"taxable","13":"shipping-taxable","14":"purchasable","15":"product-type-simple"},"yoast_head":"<!-- This site is optimized with the Yoast SEO Premium plugin v21.4 (Yoast SEO v27.5) - https:\/\/yoast.com\/product\/yoast-seo-premium-wordpress\/ -->\n<title>Detaillierung Handt\u00fccher &amp; T\u00fccher Kit - Gliptone Europe<\/title>\n<meta name=\"description\" content=\"Alle Handt\u00fccher und T\u00fccher, die Sie bei der Reinigung und Pflege Ihres Autos ben\u00f6tigen, finden Sie jetzt in unserem Pflegeset f\u00fcr Handt\u00fccher und T\u00fccher.\" \/>\n<meta name=\"robots\" content=\"index, follow, max-snippet:-1, max-image-preview:large, max-video-preview:-1\" \/>\n<link rel=\"canonical\" href=\"https:\/\/gliptoneeurope.com\/de\/produkt\/detaillierung-handtucher-tucher-kit\/\" \/>\n<meta property=\"og:locale\" content=\"de_DE\" \/>\n<meta property=\"og:type\" content=\"article\" \/>\n<meta property=\"og:title\" content=\"Detaillierung Handt\u00fccher &amp; T\u00fccher Kit\" \/>\n<meta property=\"og:description\" content=\"Alle Handt\u00fccher und T\u00fccher, die Sie bei der Reinigung und Pflege Ihres Autos ben\u00f6tigen, finden Sie jetzt in unserem Pflegeset f\u00fcr Handt\u00fccher und T\u00fccher.\" \/>\n<meta property=\"og:url\" content=\"https:\/\/gliptoneeurope.com\/de\/produkt\/detaillierung-handtucher-tucher-kit\/\" \/>\n<meta property=\"og:site_name\" content=\"Gliptone Europe\" \/>\n<meta property=\"article:publisher\" content=\"https:\/\/www.facebook.com\/gliptoneeurope\/\" \/>\n<meta property=\"og:image\" content=\"https:\/\/gliptoneeurope.com\/wp-content\/uploads\/Towel-Kit.jpg\" \/>\n\t<meta property=\"og:image:width\" content=\"1801\" \/>\n\t<meta property=\"og:image:height\" content=\"1801\" \/>\n\t<meta property=\"og:image:type\" content=\"image\/jpeg\" \/>\n<meta name=\"twitter:card\" content=\"summary_large_image\" \/>\n<meta name=\"twitter:label1\" content=\"Gesch\u00e4tzte Lesezeit\" \/>\n\t<meta name=\"twitter:data1\" content=\"1\u00a0Minute\" \/>\n<script type=\"application\/ld+json\" class=\"yoast-schema-graph\">{\"@context\":\"https:\\\/\\\/schema.org\",\"@graph\":[{\"@type\":\"WebPage\",\"@id\":\"https:\\\/\\\/gliptoneeurope.com\\\/de\\\/produkt\\\/detaillierung-handtucher-tucher-kit\\\/\",\"url\":\"https:\\\/\\\/gliptoneeurope.com\\\/de\\\/produkt\\\/detaillierung-handtucher-tucher-kit\\\/\",\"name\":\"Detaillierung Handt\u00fccher &amp; T\u00fccher Kit - Gliptone Europe\",\"isPartOf\":{\"@id\":\"https:\\\/\\\/gliptoneeurope.com\\\/#website\"},\"primaryImageOfPage\":{\"@id\":\"https:\\\/\\\/gliptoneeurope.com\\\/de\\\/produkt\\\/detaillierung-handtucher-tucher-kit\\\/#primaryimage\"},\"image\":{\"@id\":\"https:\\\/\\\/gliptoneeurope.com\\\/de\\\/produkt\\\/detaillierung-handtucher-tucher-kit\\\/#primaryimage\"},\"thumbnailUrl\":\"https:\\\/\\\/gliptoneeurope.com\\\/wp-content\\\/uploads\\\/Towel-Kit.jpg\",\"datePublished\":\"2021-11-30T11:33:45+00:00\",\"description\":\"Alle Handt\u00fccher und T\u00fccher, die Sie bei der Reinigung und Pflege Ihres Autos ben\u00f6tigen, finden Sie jetzt in unserem Pflegeset f\u00fcr Handt\u00fccher und T\u00fccher.\",\"breadcrumb\":{\"@id\":\"https:\\\/\\\/gliptoneeurope.com\\\/de\\\/produkt\\\/detaillierung-handtucher-tucher-kit\\\/#breadcrumb\"},\"inLanguage\":\"de\",\"potentialAction\":[{\"@type\":\"ReadAction\",\"target\":[\"https:\\\/\\\/gliptoneeurope.com\\\/de\\\/produkt\\\/detaillierung-handtucher-tucher-kit\\\/\"]}]},{\"@type\":\"ImageObject\",\"inLanguage\":\"de\",\"@id\":\"https:\\\/\\\/gliptoneeurope.com\\\/de\\\/produkt\\\/detaillierung-handtucher-tucher-kit\\\/#primaryimage\",\"url\":\"https:\\\/\\\/gliptoneeurope.com\\\/wp-content\\\/uploads\\\/Towel-Kit.jpg\",\"contentUrl\":\"https:\\\/\\\/gliptoneeurope.com\\\/wp-content\\\/uploads\\\/Towel-Kit.jpg\",\"width\":1801,\"height\":1801},{\"@type\":\"BreadcrumbList\",\"@id\":\"https:\\\/\\\/gliptoneeurope.com\\\/de\\\/produkt\\\/detaillierung-handtucher-tucher-kit\\\/#breadcrumb\",\"itemListElement\":[{\"@type\":\"ListItem\",\"position\":1,\"name\":\"Home\",\"item\":\"https:\\\/\\\/gliptoneeurope.com\\\/\"},{\"@type\":\"ListItem\",\"position\":2,\"name\":\"Shop\",\"item\":\"https:\\\/\\\/gliptoneeurope.com\\\/de\\\/shop-2\\\/\"},{\"@type\":\"ListItem\",\"position\":3,\"name\":\"Detaillierung Handt\u00fccher &amp; T\u00fccher Kit\"}]},{\"@type\":\"WebSite\",\"@id\":\"https:\\\/\\\/gliptoneeurope.com\\\/#website\",\"url\":\"https:\\\/\\\/gliptoneeurope.com\\\/\",\"name\":\"Gliptone Europe\",\"description\":\"Professional Car Detailing Products\",\"publisher\":{\"@id\":\"https:\\\/\\\/gliptoneeurope.com\\\/#organization\"},\"potentialAction\":[{\"@type\":\"SearchAction\",\"target\":{\"@type\":\"EntryPoint\",\"urlTemplate\":\"https:\\\/\\\/gliptoneeurope.com\\\/?s={search_term_string}\"},\"query-input\":{\"@type\":\"PropertyValueSpecification\",\"valueRequired\":true,\"valueName\":\"search_term_string\"}}],\"inLanguage\":\"de\"},{\"@type\":\"Organization\",\"@id\":\"https:\\\/\\\/gliptoneeurope.com\\\/#organization\",\"name\":\"Gliptone Europe\",\"url\":\"https:\\\/\\\/gliptoneeurope.com\\\/\",\"logo\":{\"@type\":\"ImageObject\",\"inLanguage\":\"de\",\"@id\":\"https:\\\/\\\/gliptoneeurope.com\\\/#\\\/schema\\\/logo\\\/image\\\/\",\"url\":\"https:\\\/\\\/gliptoneeurope.com\\\/wp-content\\\/uploads\\\/Gliptone_Logo.png\",\"contentUrl\":\"https:\\\/\\\/gliptoneeurope.com\\\/wp-content\\\/uploads\\\/Gliptone_Logo.png\",\"width\":1472,\"height\":607,\"caption\":\"Gliptone Europe\"},\"image\":{\"@id\":\"https:\\\/\\\/gliptoneeurope.com\\\/#\\\/schema\\\/logo\\\/image\\\/\"},\"sameAs\":[\"https:\\\/\\\/www.facebook.com\\\/gliptoneeurope\\\/\",\"https:\\\/\\\/www.instagram.com\\\/gliptoneeurope\\\/\",\"https:\\\/\\\/www.pinterest.co.uk\\\/GliptoneEurope\\\/\"]}]}<\/script>\n<!-- \/ Yoast SEO Premium plugin. -->","yoast_head_json":{"title":"Detaillierung Handt\u00fccher &amp; T\u00fccher Kit - Gliptone Europe","description":"Alle Handt\u00fccher und T\u00fccher, die Sie bei der Reinigung und Pflege Ihres Autos ben\u00f6tigen, finden Sie jetzt in unserem Pflegeset f\u00fcr Handt\u00fccher und T\u00fccher.","robots":{"index":"index","follow":"follow","max-snippet":"max-snippet:-1","max-image-preview":"max-image-preview:large","max-video-preview":"max-video-preview:-1"},"canonical":"https:\/\/gliptoneeurope.com\/de\/produkt\/detaillierung-handtucher-tucher-kit\/","og_locale":"de_DE","og_type":"article","og_title":"Detaillierung Handt\u00fccher &amp; T\u00fccher Kit","og_description":"Alle Handt\u00fccher und T\u00fccher, die Sie bei der Reinigung und Pflege Ihres Autos ben\u00f6tigen, finden Sie jetzt in unserem Pflegeset f\u00fcr Handt\u00fccher und T\u00fccher.","og_url":"https:\/\/gliptoneeurope.com\/de\/produkt\/detaillierung-handtucher-tucher-kit\/","og_site_name":"Gliptone Europe","article_publisher":"https:\/\/www.facebook.com\/gliptoneeurope\/","og_image":[{"width":1801,"height":1801,"url":"https:\/\/gliptoneeurope.com\/wp-content\/uploads\/Towel-Kit.jpg","type":"image\/jpeg"}],"twitter_card":"summary_large_image","twitter_misc":{"Gesch\u00e4tzte Lesezeit":"1\u00a0Minute"},"schema":{"@context":"https:\/\/schema.org","@graph":[{"@type":"WebPage","@id":"https:\/\/gliptoneeurope.com\/de\/produkt\/detaillierung-handtucher-tucher-kit\/","url":"https:\/\/gliptoneeurope.com\/de\/produkt\/detaillierung-handtucher-tucher-kit\/","name":"Detaillierung Handt\u00fccher &amp; T\u00fccher Kit - Gliptone Europe","isPartOf":{"@id":"https:\/\/gliptoneeurope.com\/#website"},"primaryImageOfPage":{"@id":"https:\/\/gliptoneeurope.com\/de\/produkt\/detaillierung-handtucher-tucher-kit\/#primaryimage"},"image":{"@id":"https:\/\/gliptoneeurope.com\/de\/produkt\/detaillierung-handtucher-tucher-kit\/#primaryimage"},"thumbnailUrl":"https:\/\/gliptoneeurope.com\/wp-content\/uploads\/Towel-Kit.jpg","datePublished":"2021-11-30T11:33:45+00:00","description":"Alle Handt\u00fccher und T\u00fccher, die Sie bei der Reinigung und Pflege Ihres Autos ben\u00f6tigen, finden Sie jetzt in unserem Pflegeset f\u00fcr Handt\u00fccher und T\u00fccher.","breadcrumb":{"@id":"https:\/\/gliptoneeurope.com\/de\/produkt\/detaillierung-handtucher-tucher-kit\/#breadcrumb"},"inLanguage":"de","potentialAction":[{"@type":"ReadAction","target":["https:\/\/gliptoneeurope.com\/de\/produkt\/detaillierung-handtucher-tucher-kit\/"]}]},{"@type":"ImageObject","inLanguage":"de","@id":"https:\/\/gliptoneeurope.com\/de\/produkt\/detaillierung-handtucher-tucher-kit\/#primaryimage","url":"https:\/\/gliptoneeurope.com\/wp-content\/uploads\/Towel-Kit.jpg","contentUrl":"https:\/\/gliptoneeurope.com\/wp-content\/uploads\/Towel-Kit.jpg","width":1801,"height":1801},{"@type":"BreadcrumbList","@id":"https:\/\/gliptoneeurope.com\/de\/produkt\/detaillierung-handtucher-tucher-kit\/#breadcrumb","itemListElement":[{"@type":"ListItem","position":1,"name":"Home","item":"https:\/\/gliptoneeurope.com\/"},{"@type":"ListItem","position":2,"name":"Shop","item":"https:\/\/gliptoneeurope.com\/de\/shop-2\/"},{"@type":"ListItem","position":3,"name":"Detaillierung Handt\u00fccher &amp; T\u00fccher Kit"}]},{"@type":"WebSite","@id":"https:\/\/gliptoneeurope.com\/#website","url":"https:\/\/gliptoneeurope.com\/","name":"Gliptone Europe","description":"Professional Car Detailing Products","publisher":{"@id":"https:\/\/gliptoneeurope.com\/#organization"},"potentialAction":[{"@type":"SearchAction","target":{"@type":"EntryPoint","urlTemplate":"https:\/\/gliptoneeurope.com\/?s={search_term_string}"},"query-input":{"@type":"PropertyValueSpecification","valueRequired":true,"valueName":"search_term_string"}}],"inLanguage":"de"},{"@type":"Organization","@id":"https:\/\/gliptoneeurope.com\/#organization","name":"Gliptone Europe","url":"https:\/\/gliptoneeurope.com\/","logo":{"@type":"ImageObject","inLanguage":"de","@id":"https:\/\/gliptoneeurope.com\/#\/schema\/logo\/image\/","url":"https:\/\/gliptoneeurope.com\/wp-content\/uploads\/Gliptone_Logo.png","contentUrl":"https:\/\/gliptoneeurope.com\/wp-content\/uploads\/Gliptone_Logo.png","width":1472,"height":607,"caption":"Gliptone Europe"},"image":{"@id":"https:\/\/gliptoneeurope.com\/#\/schema\/logo\/image\/"},"sameAs":["https:\/\/www.facebook.com\/gliptoneeurope\/","https:\/\/www.instagram.com\/gliptoneeurope\/","https:\/\/www.pinterest.co.uk\/GliptoneEurope\/"]}]}},"wcpa_form_fields":null,"_links":{"self":[{"href":"https:\/\/gliptoneeurope.com\/de\/wp-json\/wp\/v2\/product\/11514","targetHints":{"allow":["GET"]}}],"collection":[{"href":"https:\/\/gliptoneeurope.com\/de\/wp-json\/wp\/v2\/product"}],"about":[{"href":"https:\/\/gliptoneeurope.com\/de\/wp-json\/wp\/v2\/types\/product"}],"wp:featuredmedia":[{"embeddable":true,"href":"https:\/\/gliptoneeurope.com\/de\/wp-json\/wp\/v2\/media\/10839"}],"wp:attachment":[{"href":"https:\/\/gliptoneeurope.com\/de\/wp-json\/wp\/v2\/media?parent=11514"}],"wp:term":[{"taxonomy":"product_brand","embeddable":true,"href":"https:\/\/gliptoneeurope.com\/de\/wp-json\/wp\/v2\/product_brand?post=11514"},{"taxonomy":"product_cat","embeddable":true,"href":"https:\/\/gliptoneeurope.com\/de\/wp-json\/wp\/v2\/product_cat?post=11514"},{"taxonomy":"product_tag","embeddable":true,"href":"https:\/\/gliptoneeurope.com\/de\/wp-json\/wp\/v2\/product_tag?post=11514"}],"curies":[{"name":"wp","href":"https:\/\/api.w.org\/{rel}","templated":true}]}}