{"id":11513,"date":"2021-05-11T14:08:01","date_gmt":"2021-05-11T14:08:01","guid":{"rendered":"https:\/\/gliptoneeurope.com\/product\/auto-lederpflegeset\/"},"modified":"2021-11-30T11:33:45","modified_gmt":"2021-11-30T11:33:45","slug":"auto-leder-pflegeset","status":"publish","type":"product","link":"https:\/\/gliptoneeurope.com\/de\/produkt\/auto-leder-pflegeset\/","title":{"rendered":"Auto Lederpflegeset"},"content":{"rendered":"<p>Unser Car Leather Care Kit enth\u00e4lt alle Detailprodukte zum Reinigen, Sch\u00fctzen und Pflegen der Lederausstattung Ihres Autos.<\/p>\n<p>Das Kit enth\u00e4lt unseren <a href=\"https:\/\/gliptoneeurope.com\/product\/gentle-leather-cleaner\/\">Gentle Cleaner<\/a> , der leicht verschmutzte versiegelte und genarbte Leder reinigt, <a href=\"https:\/\/gliptoneeurope.com\/product\/intensive-cleaner\/\">Intensive Cleaner<\/a> , um stark verschmutztes Leder vor der Konditionierung zu reinigen.<\/p>\n<p>Ihr Autointerieur ist dann bereit, mit unserem <a href=\"https:\/\/gliptoneeurope.com\/product\/leather-conditioner\/\">Lederpflegemittel<\/a> aufbereitet zu werden, um auf die Weichheit des Leders zur\u00fcckzugreifen und den Geruch von altmodischem Leder zur\u00fcckzubringen.<\/p>\n","protected":false},"excerpt":{"rendered":"<p>Unser Car Leather Care Kit enth\u00e4lt alle Detailprodukte zum Reinigen, Sch\u00fctzen und Pflegen der Lederausstattung Ihres Autos. Das Kit enth\u00e4lt unseren Gentle Cleaner , der leicht verschmutzte versiegelte und genarbte Leder reinigt, Intensive Cleaner , um stark verschmutztes Leder vor der Konditionierung zu reinigen. Ihr Autointerieur ist dann bereit, mit unserem Lederpflegemittel aufbereitet zu werden, [&hellip;]<\/p>\n","protected":false},"featured_media":39538,"template":"","meta":[],"product_brand":[],"product_cat":[102,129,91,95],"product_tag":[],"class_list":{"0":"post-11513","1":"product","2":"type-product","3":"status-publish","4":"has-post-thumbnail","6":"product_cat-bausatze","7":"product_cat-innere","8":"product_cat-leder","9":"product_cat-neue-produkte","11":"first","12":"instock","13":"taxable","14":"shipping-taxable","15":"purchasable","16":"product-type-simple"},"yoast_head":"<!-- This site is optimized with the Yoast SEO Premium plugin v21.4 (Yoast SEO v27.5) - https:\/\/yoast.com\/product\/yoast-seo-premium-wordpress\/ -->\n<title>Auto Lederpflegeset - Gliptone Europe<\/title>\n<meta name=\"description\" content=\"Unser Car Leather Care Kit enth\u00e4lt alle Detailprodukte zum Reinigen, Sch\u00fctzen und Pflegen der Lederausstattung Ihres Autos.\" \/>\n<meta name=\"robots\" content=\"index, follow, max-snippet:-1, max-image-preview:large, max-video-preview:-1\" \/>\n<link rel=\"canonical\" href=\"https:\/\/gliptoneeurope.com\/de\/produkt\/auto-leder-pflegeset\/\" \/>\n<meta property=\"og:locale\" content=\"de_DE\" \/>\n<meta property=\"og:type\" content=\"article\" \/>\n<meta property=\"og:title\" content=\"Auto Lederpflegeset\" \/>\n<meta property=\"og:description\" content=\"Unser Car Leather Care Kit enth\u00e4lt alle Detailprodukte zum Reinigen, Sch\u00fctzen und Pflegen der Lederausstattung Ihres Autos. Das Kit enth\u00e4lt unseren Gentle\" \/>\n<meta property=\"og:url\" content=\"https:\/\/gliptoneeurope.com\/de\/produkt\/auto-leder-pflegeset\/\" \/>\n<meta property=\"og:site_name\" content=\"Gliptone Europe\" \/>\n<meta property=\"article:publisher\" content=\"https:\/\/www.facebook.com\/gliptoneeurope\/\" \/>\n<meta property=\"article:modified_time\" content=\"2021-11-30T11:33:45+00:00\" \/>\n<meta property=\"og:image\" content=\"https:\/\/gliptoneeurope.com\/wp-content\/uploads\/Leather-Care-Kit.jpg\" \/>\n\t<meta property=\"og:image:width\" content=\"1403\" \/>\n\t<meta property=\"og:image:height\" content=\"1403\" \/>\n\t<meta property=\"og:image:type\" content=\"image\/jpeg\" \/>\n<meta name=\"twitter:card\" content=\"summary_large_image\" \/>\n<script type=\"application\/ld+json\" class=\"yoast-schema-graph\">{\"@context\":\"https:\\\/\\\/schema.org\",\"@graph\":[{\"@type\":\"WebPage\",\"@id\":\"https:\\\/\\\/gliptoneeurope.com\\\/de\\\/produkt\\\/auto-leder-pflegeset\\\/\",\"url\":\"https:\\\/\\\/gliptoneeurope.com\\\/de\\\/produkt\\\/auto-leder-pflegeset\\\/\",\"name\":\"Auto Lederpflegeset - Gliptone Europe\",\"isPartOf\":{\"@id\":\"https:\\\/\\\/gliptoneeurope.com\\\/#website\"},\"primaryImageOfPage\":{\"@id\":\"https:\\\/\\\/gliptoneeurope.com\\\/de\\\/produkt\\\/auto-leder-pflegeset\\\/#primaryimage\"},\"image\":{\"@id\":\"https:\\\/\\\/gliptoneeurope.com\\\/de\\\/produkt\\\/auto-leder-pflegeset\\\/#primaryimage\"},\"thumbnailUrl\":\"https:\\\/\\\/gliptoneeurope.com\\\/wp-content\\\/uploads\\\/gt-leather-care-kit-scaled.jpg\",\"datePublished\":\"2021-05-11T14:08:01+00:00\",\"dateModified\":\"2021-11-30T11:33:45+00:00\",\"description\":\"Unser Car Leather Care Kit enth\u00e4lt alle Detailprodukte zum Reinigen, Sch\u00fctzen und Pflegen der Lederausstattung Ihres Autos.\",\"breadcrumb\":{\"@id\":\"https:\\\/\\\/gliptoneeurope.com\\\/de\\\/produkt\\\/auto-leder-pflegeset\\\/#breadcrumb\"},\"inLanguage\":\"de\",\"potentialAction\":[{\"@type\":\"ReadAction\",\"target\":[\"https:\\\/\\\/gliptoneeurope.com\\\/de\\\/produkt\\\/auto-leder-pflegeset\\\/\"]}]},{\"@type\":\"ImageObject\",\"inLanguage\":\"de\",\"@id\":\"https:\\\/\\\/gliptoneeurope.com\\\/de\\\/produkt\\\/auto-leder-pflegeset\\\/#primaryimage\",\"url\":\"https:\\\/\\\/gliptoneeurope.com\\\/wp-content\\\/uploads\\\/gt-leather-care-kit-scaled.jpg\",\"contentUrl\":\"https:\\\/\\\/gliptoneeurope.com\\\/wp-content\\\/uploads\\\/gt-leather-care-kit-scaled.jpg\",\"width\":1920,\"height\":2560},{\"@type\":\"BreadcrumbList\",\"@id\":\"https:\\\/\\\/gliptoneeurope.com\\\/de\\\/produkt\\\/auto-leder-pflegeset\\\/#breadcrumb\",\"itemListElement\":[{\"@type\":\"ListItem\",\"position\":1,\"name\":\"Home\",\"item\":\"https:\\\/\\\/gliptoneeurope.com\\\/\"},{\"@type\":\"ListItem\",\"position\":2,\"name\":\"Shop\",\"item\":\"https:\\\/\\\/gliptoneeurope.com\\\/de\\\/shop-2\\\/\"},{\"@type\":\"ListItem\",\"position\":3,\"name\":\"Auto Lederpflegeset\"}]},{\"@type\":\"WebSite\",\"@id\":\"https:\\\/\\\/gliptoneeurope.com\\\/#website\",\"url\":\"https:\\\/\\\/gliptoneeurope.com\\\/\",\"name\":\"Gliptone Europe\",\"description\":\"Professional Car Detailing Products\",\"publisher\":{\"@id\":\"https:\\\/\\\/gliptoneeurope.com\\\/#organization\"},\"potentialAction\":[{\"@type\":\"SearchAction\",\"target\":{\"@type\":\"EntryPoint\",\"urlTemplate\":\"https:\\\/\\\/gliptoneeurope.com\\\/?s={search_term_string}\"},\"query-input\":{\"@type\":\"PropertyValueSpecification\",\"valueRequired\":true,\"valueName\":\"search_term_string\"}}],\"inLanguage\":\"de\"},{\"@type\":\"Organization\",\"@id\":\"https:\\\/\\\/gliptoneeurope.com\\\/#organization\",\"name\":\"Gliptone Europe\",\"url\":\"https:\\\/\\\/gliptoneeurope.com\\\/\",\"logo\":{\"@type\":\"ImageObject\",\"inLanguage\":\"de\",\"@id\":\"https:\\\/\\\/gliptoneeurope.com\\\/#\\\/schema\\\/logo\\\/image\\\/\",\"url\":\"https:\\\/\\\/gliptoneeurope.com\\\/wp-content\\\/uploads\\\/Gliptone_Logo.png\",\"contentUrl\":\"https:\\\/\\\/gliptoneeurope.com\\\/wp-content\\\/uploads\\\/Gliptone_Logo.png\",\"width\":1472,\"height\":607,\"caption\":\"Gliptone Europe\"},\"image\":{\"@id\":\"https:\\\/\\\/gliptoneeurope.com\\\/#\\\/schema\\\/logo\\\/image\\\/\"},\"sameAs\":[\"https:\\\/\\\/www.facebook.com\\\/gliptoneeurope\\\/\",\"https:\\\/\\\/www.instagram.com\\\/gliptoneeurope\\\/\",\"https:\\\/\\\/www.pinterest.co.uk\\\/GliptoneEurope\\\/\"]}]}<\/script>\n<!-- \/ Yoast SEO Premium plugin. -->","yoast_head_json":{"title":"Auto Lederpflegeset - Gliptone Europe","description":"Unser Car Leather Care Kit enth\u00e4lt alle Detailprodukte zum Reinigen, Sch\u00fctzen und Pflegen der Lederausstattung Ihres Autos.","robots":{"index":"index","follow":"follow","max-snippet":"max-snippet:-1","max-image-preview":"max-image-preview:large","max-video-preview":"max-video-preview:-1"},"canonical":"https:\/\/gliptoneeurope.com\/de\/produkt\/auto-leder-pflegeset\/","og_locale":"de_DE","og_type":"article","og_title":"Auto Lederpflegeset","og_description":"Unser Car Leather Care Kit enth\u00e4lt alle Detailprodukte zum Reinigen, Sch\u00fctzen und Pflegen der Lederausstattung Ihres Autos. Das Kit enth\u00e4lt unseren Gentle","og_url":"https:\/\/gliptoneeurope.com\/de\/produkt\/auto-leder-pflegeset\/","og_site_name":"Gliptone Europe","article_publisher":"https:\/\/www.facebook.com\/gliptoneeurope\/","article_modified_time":"2021-11-30T11:33:45+00:00","og_image":[{"width":1403,"height":1403,"url":"https:\/\/gliptoneeurope.com\/wp-content\/uploads\/Leather-Care-Kit.jpg","type":"image\/jpeg"}],"twitter_card":"summary_large_image","schema":{"@context":"https:\/\/schema.org","@graph":[{"@type":"WebPage","@id":"https:\/\/gliptoneeurope.com\/de\/produkt\/auto-leder-pflegeset\/","url":"https:\/\/gliptoneeurope.com\/de\/produkt\/auto-leder-pflegeset\/","name":"Auto Lederpflegeset - Gliptone Europe","isPartOf":{"@id":"https:\/\/gliptoneeurope.com\/#website"},"primaryImageOfPage":{"@id":"https:\/\/gliptoneeurope.com\/de\/produkt\/auto-leder-pflegeset\/#primaryimage"},"image":{"@id":"https:\/\/gliptoneeurope.com\/de\/produkt\/auto-leder-pflegeset\/#primaryimage"},"thumbnailUrl":"https:\/\/gliptoneeurope.com\/wp-content\/uploads\/gt-leather-care-kit-scaled.jpg","datePublished":"2021-05-11T14:08:01+00:00","dateModified":"2021-11-30T11:33:45+00:00","description":"Unser Car Leather Care Kit enth\u00e4lt alle Detailprodukte zum Reinigen, Sch\u00fctzen und Pflegen der Lederausstattung Ihres Autos.","breadcrumb":{"@id":"https:\/\/gliptoneeurope.com\/de\/produkt\/auto-leder-pflegeset\/#breadcrumb"},"inLanguage":"de","potentialAction":[{"@type":"ReadAction","target":["https:\/\/gliptoneeurope.com\/de\/produkt\/auto-leder-pflegeset\/"]}]},{"@type":"ImageObject","inLanguage":"de","@id":"https:\/\/gliptoneeurope.com\/de\/produkt\/auto-leder-pflegeset\/#primaryimage","url":"https:\/\/gliptoneeurope.com\/wp-content\/uploads\/gt-leather-care-kit-scaled.jpg","contentUrl":"https:\/\/gliptoneeurope.com\/wp-content\/uploads\/gt-leather-care-kit-scaled.jpg","width":1920,"height":2560},{"@type":"BreadcrumbList","@id":"https:\/\/gliptoneeurope.com\/de\/produkt\/auto-leder-pflegeset\/#breadcrumb","itemListElement":[{"@type":"ListItem","position":1,"name":"Home","item":"https:\/\/gliptoneeurope.com\/"},{"@type":"ListItem","position":2,"name":"Shop","item":"https:\/\/gliptoneeurope.com\/de\/shop-2\/"},{"@type":"ListItem","position":3,"name":"Auto Lederpflegeset"}]},{"@type":"WebSite","@id":"https:\/\/gliptoneeurope.com\/#website","url":"https:\/\/gliptoneeurope.com\/","name":"Gliptone Europe","description":"Professional Car Detailing Products","publisher":{"@id":"https:\/\/gliptoneeurope.com\/#organization"},"potentialAction":[{"@type":"SearchAction","target":{"@type":"EntryPoint","urlTemplate":"https:\/\/gliptoneeurope.com\/?s={search_term_string}"},"query-input":{"@type":"PropertyValueSpecification","valueRequired":true,"valueName":"search_term_string"}}],"inLanguage":"de"},{"@type":"Organization","@id":"https:\/\/gliptoneeurope.com\/#organization","name":"Gliptone Europe","url":"https:\/\/gliptoneeurope.com\/","logo":{"@type":"ImageObject","inLanguage":"de","@id":"https:\/\/gliptoneeurope.com\/#\/schema\/logo\/image\/","url":"https:\/\/gliptoneeurope.com\/wp-content\/uploads\/Gliptone_Logo.png","contentUrl":"https:\/\/gliptoneeurope.com\/wp-content\/uploads\/Gliptone_Logo.png","width":1472,"height":607,"caption":"Gliptone Europe"},"image":{"@id":"https:\/\/gliptoneeurope.com\/#\/schema\/logo\/image\/"},"sameAs":["https:\/\/www.facebook.com\/gliptoneeurope\/","https:\/\/www.instagram.com\/gliptoneeurope\/","https:\/\/www.pinterest.co.uk\/GliptoneEurope\/"]}]}},"wcpa_form_fields":null,"_links":{"self":[{"href":"https:\/\/gliptoneeurope.com\/de\/wp-json\/wp\/v2\/product\/11513","targetHints":{"allow":["GET"]}}],"collection":[{"href":"https:\/\/gliptoneeurope.com\/de\/wp-json\/wp\/v2\/product"}],"about":[{"href":"https:\/\/gliptoneeurope.com\/de\/wp-json\/wp\/v2\/types\/product"}],"wp:featuredmedia":[{"embeddable":true,"href":"https:\/\/gliptoneeurope.com\/de\/wp-json\/wp\/v2\/media\/39538"}],"wp:attachment":[{"href":"https:\/\/gliptoneeurope.com\/de\/wp-json\/wp\/v2\/media?parent=11513"}],"wp:term":[{"taxonomy":"product_brand","embeddable":true,"href":"https:\/\/gliptoneeurope.com\/de\/wp-json\/wp\/v2\/product_brand?post=11513"},{"taxonomy":"product_cat","embeddable":true,"href":"https:\/\/gliptoneeurope.com\/de\/wp-json\/wp\/v2\/product_cat?post=11513"},{"taxonomy":"product_tag","embeddable":true,"href":"https:\/\/gliptoneeurope.com\/de\/wp-json\/wp\/v2\/product_tag?post=11513"}],"curies":[{"name":"wp","href":"https:\/\/api.w.org\/{rel}","templated":true}]}}