{"id":11511,"date":"2021-05-11T14:08:02","date_gmt":"2021-11-30T11:33:43","guid":{"rendered":"https:\/\/gliptoneeurope.com\/product\/schneeschaumkanone\/"},"modified":"2021-11-30T11:33:43","modified_gmt":"2021-11-30T11:33:43","slug":"schaumkanone","status":"publish","type":"product","link":"https:\/\/gliptoneeurope.com\/de\/produkt\/schaumkanone\/","title":{"rendered":"Schneeschaumkanone"},"content":{"rendered":"<p>Die Schneeschaumkanone von Gliptone besteht aus hochwertigem ABS-Kunststoff und Vollmessing-Einbauten.<\/p>\n<p>Die Schaumlanze erzeugt in Kombination mit einer Schneeschaumseife wie <a href=\"https:\/\/gliptoneeurope.com\/product\/foam-blizzard-foam-cannon-soap\/\">Foam Blizzard<\/a> oder einem Vorwaschmittel wie <a href=\"https:\/\/gliptoneeurope.com\/product\/vanish-950ml-32oz\/\">Vanish<\/a> einen reichhaltigen, \u00fcppigen, dicken Schaum, der l\u00e4nger an der Oberfl\u00e4che haftet, was eine viel einfachere Reinigung der Karosserie des Fahrzeugs erm\u00f6glicht Wagen.<\/p>\n<p>Die Schaumlanze wird mit einem &#8220;Schnellverschluss&#8221;-Anschluss geliefert, ist jedoch mit jedem 1\/4 BSP-Anschluss austauschbar.<\/p>\n<p>Mit der verstellbaren Spr\u00fchd\u00fcse k\u00f6nnen Sie den Druck des Schaums einstellen, wodurch das Auto schneller gereinigt und die Waschzeit verk\u00fcrzt wird.<\/p>\n<p>Die Verwendung einer Schaumlanze ist ein perfektes Zubeh\u00f6r f\u00fcr jede w\u00f6chentliche Wartung Ihres Autos, sicher f\u00fcr alle Wachsprodukte und hinterl\u00e4sst keine R\u00fcckst\u00e4nde.<\/p>\n","protected":false},"excerpt":{"rendered":"<p>Die Schneeschaumkanone von Gliptone besteht aus hochwertigem ABS-Kunststoff und Vollmessing-Einbauten. Die Schaumlanze erzeugt in Kombination mit einer Schneeschaumseife wie Foam Blizzard oder einem Vorwaschmittel wie Vanish einen reichhaltigen, \u00fcppigen, dicken Schaum, der l\u00e4nger an der Oberfl\u00e4che haftet, was eine viel einfachere Reinigung der Karosserie des Fahrzeugs erm\u00f6glicht Wagen. Die Schaumlanze wird mit einem &#8220;Schnellverschluss&#8221;-Anschluss geliefert, [&hellip;]<\/p>\n","protected":false},"featured_media":10841,"template":"","meta":[],"product_brand":[],"product_cat":[111,119,115],"product_tag":[125,127,128,126],"class_list":{"0":"post-11511","1":"product","2":"type-product","3":"status-publish","4":"has-post-thumbnail","6":"product_cat-profi-produkte","7":"product_cat-vorbereitung-reinigung","8":"product_cat-zubehor","9":"product_tag-reinigung","10":"product_tag-schaumkanone","11":"product_tag-schaumlanze","12":"product_tag-schneeschaum","14":"first","15":"instock","16":"taxable","17":"shipping-taxable","18":"purchasable","19":"product-type-simple"},"yoast_head":"<!-- This site is optimized with the Yoast SEO Premium plugin v21.4 (Yoast SEO v27.4) - https:\/\/yoast.com\/product\/yoast-seo-premium-wordpress\/ -->\n<title>Schneeschaumkanone - Gliptone Europe<\/title>\n<meta name=\"description\" content=\"Unsere professionelle Schneeschaumkanone hilft, einen Hochdruckwasserfluss mit unserem Seifenwaschmittel Foam Blizzard zu kombinieren, um einen dicken Schaum zu erzeugen, der an Ihrem Auto haftet.\" \/>\n<meta name=\"robots\" content=\"index, follow, max-snippet:-1, max-image-preview:large, max-video-preview:-1\" \/>\n<link rel=\"canonical\" href=\"https:\/\/gliptoneeurope.com\/de\/produkt\/schaumkanone\/\" \/>\n<meta property=\"og:locale\" content=\"de_DE\" \/>\n<meta property=\"og:type\" content=\"article\" \/>\n<meta property=\"og:title\" content=\"Schneeschaumkanone\" \/>\n<meta property=\"og:description\" content=\"Die Schneeschaumkanone von Gliptone besteht aus hochwertigem ABS-Kunststoff und Vollmessing-Einbauten. Die Schaumlanze erzeugt in Kombination mit einer\" \/>\n<meta property=\"og:url\" content=\"https:\/\/gliptoneeurope.com\/de\/produkt\/schaumkanone\/\" \/>\n<meta property=\"og:site_name\" content=\"Gliptone Europe\" \/>\n<meta property=\"article:publisher\" content=\"https:\/\/www.facebook.com\/gliptoneeurope\/\" \/>\n<meta property=\"og:image\" content=\"https:\/\/gliptoneeurope.com\/wp-content\/uploads\/White-Foam-Cannon.jpg\" \/>\n\t<meta property=\"og:image:width\" content=\"1475\" \/>\n\t<meta property=\"og:image:height\" content=\"1474\" \/>\n\t<meta property=\"og:image:type\" content=\"image\/jpeg\" \/>\n<meta name=\"twitter:card\" content=\"summary_large_image\" \/>\n<meta name=\"twitter:label1\" content=\"Gesch\u00e4tzte Lesezeit\" \/>\n\t<meta name=\"twitter:data1\" content=\"1\u00a0Minute\" \/>\n<script type=\"application\/ld+json\" class=\"yoast-schema-graph\">{\"@context\":\"https:\\\/\\\/schema.org\",\"@graph\":[{\"@type\":\"WebPage\",\"@id\":\"https:\\\/\\\/gliptoneeurope.com\\\/de\\\/produkt\\\/schaumkanone\\\/\",\"url\":\"https:\\\/\\\/gliptoneeurope.com\\\/de\\\/produkt\\\/schaumkanone\\\/\",\"name\":\"Schneeschaumkanone - Gliptone Europe\",\"isPartOf\":{\"@id\":\"https:\\\/\\\/gliptoneeurope.com\\\/#website\"},\"primaryImageOfPage\":{\"@id\":\"https:\\\/\\\/gliptoneeurope.com\\\/de\\\/produkt\\\/schaumkanone\\\/#primaryimage\"},\"image\":{\"@id\":\"https:\\\/\\\/gliptoneeurope.com\\\/de\\\/produkt\\\/schaumkanone\\\/#primaryimage\"},\"thumbnailUrl\":\"https:\\\/\\\/gliptoneeurope.com\\\/wp-content\\\/uploads\\\/White-Foam-Cannon.jpg\",\"datePublished\":\"2021-11-30T11:33:43+00:00\",\"description\":\"Unsere professionelle Schneeschaumkanone hilft, einen Hochdruckwasserfluss mit unserem Seifenwaschmittel Foam Blizzard zu kombinieren, um einen dicken Schaum zu erzeugen, der an Ihrem Auto haftet.\",\"breadcrumb\":{\"@id\":\"https:\\\/\\\/gliptoneeurope.com\\\/de\\\/produkt\\\/schaumkanone\\\/#breadcrumb\"},\"inLanguage\":\"de\",\"potentialAction\":[{\"@type\":\"ReadAction\",\"target\":[\"https:\\\/\\\/gliptoneeurope.com\\\/de\\\/produkt\\\/schaumkanone\\\/\"]}]},{\"@type\":\"ImageObject\",\"inLanguage\":\"de\",\"@id\":\"https:\\\/\\\/gliptoneeurope.com\\\/de\\\/produkt\\\/schaumkanone\\\/#primaryimage\",\"url\":\"https:\\\/\\\/gliptoneeurope.com\\\/wp-content\\\/uploads\\\/White-Foam-Cannon.jpg\",\"contentUrl\":\"https:\\\/\\\/gliptoneeurope.com\\\/wp-content\\\/uploads\\\/White-Foam-Cannon.jpg\",\"width\":1475,\"height\":1474},{\"@type\":\"BreadcrumbList\",\"@id\":\"https:\\\/\\\/gliptoneeurope.com\\\/de\\\/produkt\\\/schaumkanone\\\/#breadcrumb\",\"itemListElement\":[{\"@type\":\"ListItem\",\"position\":1,\"name\":\"Home\",\"item\":\"https:\\\/\\\/gliptoneeurope.com\\\/\"},{\"@type\":\"ListItem\",\"position\":2,\"name\":\"Shop\",\"item\":\"https:\\\/\\\/gliptoneeurope.com\\\/de\\\/shop-2\\\/\"},{\"@type\":\"ListItem\",\"position\":3,\"name\":\"Schneeschaumkanone\"}]},{\"@type\":\"WebSite\",\"@id\":\"https:\\\/\\\/gliptoneeurope.com\\\/#website\",\"url\":\"https:\\\/\\\/gliptoneeurope.com\\\/\",\"name\":\"Gliptone Europe\",\"description\":\"Professional Car Detailing Products\",\"publisher\":{\"@id\":\"https:\\\/\\\/gliptoneeurope.com\\\/#organization\"},\"potentialAction\":[{\"@type\":\"SearchAction\",\"target\":{\"@type\":\"EntryPoint\",\"urlTemplate\":\"https:\\\/\\\/gliptoneeurope.com\\\/?s={search_term_string}\"},\"query-input\":{\"@type\":\"PropertyValueSpecification\",\"valueRequired\":true,\"valueName\":\"search_term_string\"}}],\"inLanguage\":\"de\"},{\"@type\":\"Organization\",\"@id\":\"https:\\\/\\\/gliptoneeurope.com\\\/#organization\",\"name\":\"Gliptone Europe\",\"url\":\"https:\\\/\\\/gliptoneeurope.com\\\/\",\"logo\":{\"@type\":\"ImageObject\",\"inLanguage\":\"de\",\"@id\":\"https:\\\/\\\/gliptoneeurope.com\\\/#\\\/schema\\\/logo\\\/image\\\/\",\"url\":\"https:\\\/\\\/gliptoneeurope.com\\\/wp-content\\\/uploads\\\/Gliptone_Logo.png\",\"contentUrl\":\"https:\\\/\\\/gliptoneeurope.com\\\/wp-content\\\/uploads\\\/Gliptone_Logo.png\",\"width\":1472,\"height\":607,\"caption\":\"Gliptone Europe\"},\"image\":{\"@id\":\"https:\\\/\\\/gliptoneeurope.com\\\/#\\\/schema\\\/logo\\\/image\\\/\"},\"sameAs\":[\"https:\\\/\\\/www.facebook.com\\\/gliptoneeurope\\\/\",\"https:\\\/\\\/www.instagram.com\\\/gliptoneeurope\\\/\",\"https:\\\/\\\/www.pinterest.co.uk\\\/GliptoneEurope\\\/\"]}]}<\/script>\n<!-- \/ Yoast SEO Premium plugin. -->","yoast_head_json":{"title":"Schneeschaumkanone - Gliptone Europe","description":"Unsere professionelle Schneeschaumkanone hilft, einen Hochdruckwasserfluss mit unserem Seifenwaschmittel Foam Blizzard zu kombinieren, um einen dicken Schaum zu erzeugen, der an Ihrem Auto haftet.","robots":{"index":"index","follow":"follow","max-snippet":"max-snippet:-1","max-image-preview":"max-image-preview:large","max-video-preview":"max-video-preview:-1"},"canonical":"https:\/\/gliptoneeurope.com\/de\/produkt\/schaumkanone\/","og_locale":"de_DE","og_type":"article","og_title":"Schneeschaumkanone","og_description":"Die Schneeschaumkanone von Gliptone besteht aus hochwertigem ABS-Kunststoff und Vollmessing-Einbauten. Die Schaumlanze erzeugt in Kombination mit einer","og_url":"https:\/\/gliptoneeurope.com\/de\/produkt\/schaumkanone\/","og_site_name":"Gliptone Europe","article_publisher":"https:\/\/www.facebook.com\/gliptoneeurope\/","og_image":[{"width":1475,"height":1474,"url":"https:\/\/gliptoneeurope.com\/wp-content\/uploads\/White-Foam-Cannon.jpg","type":"image\/jpeg"}],"twitter_card":"summary_large_image","twitter_misc":{"Gesch\u00e4tzte Lesezeit":"1\u00a0Minute"},"schema":{"@context":"https:\/\/schema.org","@graph":[{"@type":"WebPage","@id":"https:\/\/gliptoneeurope.com\/de\/produkt\/schaumkanone\/","url":"https:\/\/gliptoneeurope.com\/de\/produkt\/schaumkanone\/","name":"Schneeschaumkanone - Gliptone Europe","isPartOf":{"@id":"https:\/\/gliptoneeurope.com\/#website"},"primaryImageOfPage":{"@id":"https:\/\/gliptoneeurope.com\/de\/produkt\/schaumkanone\/#primaryimage"},"image":{"@id":"https:\/\/gliptoneeurope.com\/de\/produkt\/schaumkanone\/#primaryimage"},"thumbnailUrl":"https:\/\/gliptoneeurope.com\/wp-content\/uploads\/White-Foam-Cannon.jpg","datePublished":"2021-11-30T11:33:43+00:00","description":"Unsere professionelle Schneeschaumkanone hilft, einen Hochdruckwasserfluss mit unserem Seifenwaschmittel Foam Blizzard zu kombinieren, um einen dicken Schaum zu erzeugen, der an Ihrem Auto haftet.","breadcrumb":{"@id":"https:\/\/gliptoneeurope.com\/de\/produkt\/schaumkanone\/#breadcrumb"},"inLanguage":"de","potentialAction":[{"@type":"ReadAction","target":["https:\/\/gliptoneeurope.com\/de\/produkt\/schaumkanone\/"]}]},{"@type":"ImageObject","inLanguage":"de","@id":"https:\/\/gliptoneeurope.com\/de\/produkt\/schaumkanone\/#primaryimage","url":"https:\/\/gliptoneeurope.com\/wp-content\/uploads\/White-Foam-Cannon.jpg","contentUrl":"https:\/\/gliptoneeurope.com\/wp-content\/uploads\/White-Foam-Cannon.jpg","width":1475,"height":1474},{"@type":"BreadcrumbList","@id":"https:\/\/gliptoneeurope.com\/de\/produkt\/schaumkanone\/#breadcrumb","itemListElement":[{"@type":"ListItem","position":1,"name":"Home","item":"https:\/\/gliptoneeurope.com\/"},{"@type":"ListItem","position":2,"name":"Shop","item":"https:\/\/gliptoneeurope.com\/de\/shop-2\/"},{"@type":"ListItem","position":3,"name":"Schneeschaumkanone"}]},{"@type":"WebSite","@id":"https:\/\/gliptoneeurope.com\/#website","url":"https:\/\/gliptoneeurope.com\/","name":"Gliptone Europe","description":"Professional Car Detailing Products","publisher":{"@id":"https:\/\/gliptoneeurope.com\/#organization"},"potentialAction":[{"@type":"SearchAction","target":{"@type":"EntryPoint","urlTemplate":"https:\/\/gliptoneeurope.com\/?s={search_term_string}"},"query-input":{"@type":"PropertyValueSpecification","valueRequired":true,"valueName":"search_term_string"}}],"inLanguage":"de"},{"@type":"Organization","@id":"https:\/\/gliptoneeurope.com\/#organization","name":"Gliptone Europe","url":"https:\/\/gliptoneeurope.com\/","logo":{"@type":"ImageObject","inLanguage":"de","@id":"https:\/\/gliptoneeurope.com\/#\/schema\/logo\/image\/","url":"https:\/\/gliptoneeurope.com\/wp-content\/uploads\/Gliptone_Logo.png","contentUrl":"https:\/\/gliptoneeurope.com\/wp-content\/uploads\/Gliptone_Logo.png","width":1472,"height":607,"caption":"Gliptone Europe"},"image":{"@id":"https:\/\/gliptoneeurope.com\/#\/schema\/logo\/image\/"},"sameAs":["https:\/\/www.facebook.com\/gliptoneeurope\/","https:\/\/www.instagram.com\/gliptoneeurope\/","https:\/\/www.pinterest.co.uk\/GliptoneEurope\/"]}]}},"wcpa_form_fields":null,"_links":{"self":[{"href":"https:\/\/gliptoneeurope.com\/de\/wp-json\/wp\/v2\/product\/11511","targetHints":{"allow":["GET"]}}],"collection":[{"href":"https:\/\/gliptoneeurope.com\/de\/wp-json\/wp\/v2\/product"}],"about":[{"href":"https:\/\/gliptoneeurope.com\/de\/wp-json\/wp\/v2\/types\/product"}],"wp:featuredmedia":[{"embeddable":true,"href":"https:\/\/gliptoneeurope.com\/de\/wp-json\/wp\/v2\/media\/10841"}],"wp:attachment":[{"href":"https:\/\/gliptoneeurope.com\/de\/wp-json\/wp\/v2\/media?parent=11511"}],"wp:term":[{"taxonomy":"product_brand","embeddable":true,"href":"https:\/\/gliptoneeurope.com\/de\/wp-json\/wp\/v2\/product_brand?post=11511"},{"taxonomy":"product_cat","embeddable":true,"href":"https:\/\/gliptoneeurope.com\/de\/wp-json\/wp\/v2\/product_cat?post=11511"},{"taxonomy":"product_tag","embeddable":true,"href":"https:\/\/gliptoneeurope.com\/de\/wp-json\/wp\/v2\/product_tag?post=11511"}],"curies":[{"name":"wp","href":"https:\/\/api.w.org\/{rel}","templated":true}]}}