{"id":11505,"date":"2021-05-11T14:08:02","date_gmt":"2021-11-30T11:33:40","guid":{"rendered":"https:\/\/gliptoneeurope.com\/product\/vanish-schaumkanonen-kit\/"},"modified":"2021-11-30T11:33:40","modified_gmt":"2021-11-30T11:33:40","slug":"vanish-schaum-kanonen-bausatz","status":"publish","type":"product","link":"https:\/\/gliptoneeurope.com\/de\/produkt\/vanish-schaum-kanonen-bausatz\/","title":{"rendered":"Vanish Schaumkanonen-Kit"},"content":{"rendered":"<p>Um Ihr Auto vor dem Waschen effektiv einzuweichen, verwenden Sie Vanish, unser Waschmittel mit hohem pH-Wert, kombiniert mit unserer Schaumkanone, um alle R\u00fcckst\u00e4nde aufzul\u00f6sen.<\/p>\n<p>Die <a href=\"https:\/\/gliptoneeurope.com\/product\/foam-cannon\/\">Schneeschaumkanone<\/a> von Gliptone besteht aus hochwertigem ABS-Kunststoff und Vollmessing-Einbauten.<\/p>\n<p>Die Schaumkanone erzeugt in Kombination mit einer Schneeschaumseife wie <a href=\"https:\/\/gliptoneeurope.com\/product\/foam-blizzard-foam-cannon-soap\/\">Foam Blizzard<\/a> oder einem Vorwaschmittel wie <a href=\"https:\/\/gliptoneeurope.com\/product\/vanish-950ml-32oz\/\">Vanish<\/a> einen reichhaltigen, \u00fcppigen, dicken Schaum, der l\u00e4nger an der Oberfl\u00e4che haftet, was eine viel einfachere Reinigung der Karosserie des Fahrzeugs erm\u00f6glicht Wagen.<\/p>\n<p>Die Schaumkanone wird mit einem &#8220;Schnellverschluss&#8221;-Anschluss geliefert, ist jedoch mit jedem 1\/4 BSP-Anschluss austauschbar.<\/p>\n<p>Vanish ist unser hochalkalisches Waschmittelkonzentrat zur Verwendung w\u00e4hrend des Vorwaschens, als \u00e4u\u00dferst wirksamer Bestandteil in allen Arten von Autowaschanlagen. Vanish l\u00f6st eine Vielzahl von B\u00f6den, Mineralien und Kohlenstoffen bei Kontakt und mit minimaler bis gar keiner Bewegung auf.<\/p>\n<p>Dieses Schneeschaumpaket enth\u00e4lt;<\/p>\n<p>1 x Schneeschaumkanone<\/p>\n<p>1 x 1l Flasche Vanish \u2013 High PH (Alkaline) Snow Foam Pre-Wash<\/p>\n","protected":false},"excerpt":{"rendered":"<p>Um Ihr Auto vor dem Waschen effektiv einzuweichen, verwenden Sie Vanish, unser Waschmittel mit hohem pH-Wert, kombiniert mit unserer Schaumkanone, um alle R\u00fcckst\u00e4nde aufzul\u00f6sen. Die Schneeschaumkanone von Gliptone besteht aus hochwertigem ABS-Kunststoff und Vollmessing-Einbauten. Die Schaumkanone erzeugt in Kombination mit einer Schneeschaumseife wie Foam Blizzard oder einem Vorwaschmittel wie Vanish einen reichhaltigen, \u00fcppigen, dicken Schaum, [&hellip;]<\/p>\n","protected":false},"featured_media":10833,"template":"","meta":[],"product_brand":[],"product_cat":[102,95,119],"product_tag":[],"class_list":{"0":"post-11505","1":"product","2":"type-product","3":"status-publish","4":"has-post-thumbnail","6":"product_cat-bausatze","7":"product_cat-neue-produkte","8":"product_cat-vorbereitung-reinigung","10":"first","11":"instock","12":"taxable","13":"shipping-taxable","14":"purchasable","15":"product-type-simple"},"yoast_head":"<!-- This site is optimized with the Yoast SEO Premium plugin v21.4 (Yoast SEO v27.4) - https:\/\/yoast.com\/product\/yoast-seo-premium-wordpress\/ -->\n<title>Vanish Schaumkanonen-Kit - Gliptone Europe<\/title>\n<meta name=\"description\" content=\"Um Ihr Auto vor dem Waschen effektiv einzuweichen, verwenden Sie Vanish, unser Waschmittel mit hohem pH-Wert, kombiniert mit unserer Schaumkanone, um alle R\u00fcckst\u00e4nde aufzul\u00f6sen.\" \/>\n<meta name=\"robots\" content=\"index, follow, max-snippet:-1, max-image-preview:large, max-video-preview:-1\" \/>\n<link rel=\"canonical\" href=\"https:\/\/gliptoneeurope.com\/de\/produkt\/vanish-schaum-kanonen-bausatz\/\" \/>\n<meta property=\"og:locale\" content=\"de_DE\" \/>\n<meta property=\"og:type\" content=\"article\" \/>\n<meta property=\"og:title\" content=\"Vanish Schaumkanonen-Kit\" \/>\n<meta property=\"og:description\" content=\"Um Ihr Auto vor dem Waschen effektiv einzuweichen, verwenden Sie Vanish, unser Waschmittel mit hohem pH-Wert, kombiniert mit unserer Schaumkanone, um alle\" \/>\n<meta property=\"og:url\" content=\"https:\/\/gliptoneeurope.com\/de\/produkt\/vanish-schaum-kanonen-bausatz\/\" \/>\n<meta property=\"og:site_name\" content=\"Gliptone Europe\" \/>\n<meta property=\"article:publisher\" content=\"https:\/\/www.facebook.com\/gliptoneeurope\/\" \/>\n<meta property=\"og:image\" content=\"https:\/\/gliptoneeurope.com\/wp-content\/uploads\/Vanish-Foam-Cannon-Kit.jpg\" \/>\n\t<meta property=\"og:image:width\" content=\"1425\" \/>\n\t<meta property=\"og:image:height\" content=\"1424\" \/>\n\t<meta property=\"og:image:type\" content=\"image\/jpeg\" \/>\n<meta name=\"twitter:card\" content=\"summary_large_image\" \/>\n<meta name=\"twitter:label1\" content=\"Gesch\u00e4tzte Lesezeit\" \/>\n\t<meta name=\"twitter:data1\" content=\"1\u00a0Minute\" \/>\n<script type=\"application\/ld+json\" class=\"yoast-schema-graph\">{\"@context\":\"https:\\\/\\\/schema.org\",\"@graph\":[{\"@type\":\"WebPage\",\"@id\":\"https:\\\/\\\/gliptoneeurope.com\\\/de\\\/produkt\\\/vanish-schaum-kanonen-bausatz\\\/\",\"url\":\"https:\\\/\\\/gliptoneeurope.com\\\/de\\\/produkt\\\/vanish-schaum-kanonen-bausatz\\\/\",\"name\":\"Vanish Schaumkanonen-Kit - Gliptone Europe\",\"isPartOf\":{\"@id\":\"https:\\\/\\\/gliptoneeurope.com\\\/#website\"},\"primaryImageOfPage\":{\"@id\":\"https:\\\/\\\/gliptoneeurope.com\\\/de\\\/produkt\\\/vanish-schaum-kanonen-bausatz\\\/#primaryimage\"},\"image\":{\"@id\":\"https:\\\/\\\/gliptoneeurope.com\\\/de\\\/produkt\\\/vanish-schaum-kanonen-bausatz\\\/#primaryimage\"},\"thumbnailUrl\":\"https:\\\/\\\/gliptoneeurope.com\\\/wp-content\\\/uploads\\\/Vanish-Foam-Cannon-Kit.jpg\",\"datePublished\":\"2021-11-30T11:33:40+00:00\",\"description\":\"Um Ihr Auto vor dem Waschen effektiv einzuweichen, verwenden Sie Vanish, unser Waschmittel mit hohem pH-Wert, kombiniert mit unserer Schaumkanone, um alle R\u00fcckst\u00e4nde aufzul\u00f6sen.\",\"breadcrumb\":{\"@id\":\"https:\\\/\\\/gliptoneeurope.com\\\/de\\\/produkt\\\/vanish-schaum-kanonen-bausatz\\\/#breadcrumb\"},\"inLanguage\":\"de\",\"potentialAction\":[{\"@type\":\"ReadAction\",\"target\":[\"https:\\\/\\\/gliptoneeurope.com\\\/de\\\/produkt\\\/vanish-schaum-kanonen-bausatz\\\/\"]}]},{\"@type\":\"ImageObject\",\"inLanguage\":\"de\",\"@id\":\"https:\\\/\\\/gliptoneeurope.com\\\/de\\\/produkt\\\/vanish-schaum-kanonen-bausatz\\\/#primaryimage\",\"url\":\"https:\\\/\\\/gliptoneeurope.com\\\/wp-content\\\/uploads\\\/Vanish-Foam-Cannon-Kit.jpg\",\"contentUrl\":\"https:\\\/\\\/gliptoneeurope.com\\\/wp-content\\\/uploads\\\/Vanish-Foam-Cannon-Kit.jpg\",\"width\":1425,\"height\":1424},{\"@type\":\"BreadcrumbList\",\"@id\":\"https:\\\/\\\/gliptoneeurope.com\\\/de\\\/produkt\\\/vanish-schaum-kanonen-bausatz\\\/#breadcrumb\",\"itemListElement\":[{\"@type\":\"ListItem\",\"position\":1,\"name\":\"Home\",\"item\":\"https:\\\/\\\/gliptoneeurope.com\\\/\"},{\"@type\":\"ListItem\",\"position\":2,\"name\":\"Shop\",\"item\":\"https:\\\/\\\/gliptoneeurope.com\\\/de\\\/shop-2\\\/\"},{\"@type\":\"ListItem\",\"position\":3,\"name\":\"Vanish Schaumkanonen-Kit\"}]},{\"@type\":\"WebSite\",\"@id\":\"https:\\\/\\\/gliptoneeurope.com\\\/#website\",\"url\":\"https:\\\/\\\/gliptoneeurope.com\\\/\",\"name\":\"Gliptone Europe\",\"description\":\"Professional Car Detailing Products\",\"publisher\":{\"@id\":\"https:\\\/\\\/gliptoneeurope.com\\\/#organization\"},\"potentialAction\":[{\"@type\":\"SearchAction\",\"target\":{\"@type\":\"EntryPoint\",\"urlTemplate\":\"https:\\\/\\\/gliptoneeurope.com\\\/?s={search_term_string}\"},\"query-input\":{\"@type\":\"PropertyValueSpecification\",\"valueRequired\":true,\"valueName\":\"search_term_string\"}}],\"inLanguage\":\"de\"},{\"@type\":\"Organization\",\"@id\":\"https:\\\/\\\/gliptoneeurope.com\\\/#organization\",\"name\":\"Gliptone Europe\",\"url\":\"https:\\\/\\\/gliptoneeurope.com\\\/\",\"logo\":{\"@type\":\"ImageObject\",\"inLanguage\":\"de\",\"@id\":\"https:\\\/\\\/gliptoneeurope.com\\\/#\\\/schema\\\/logo\\\/image\\\/\",\"url\":\"https:\\\/\\\/gliptoneeurope.com\\\/wp-content\\\/uploads\\\/Gliptone_Logo.png\",\"contentUrl\":\"https:\\\/\\\/gliptoneeurope.com\\\/wp-content\\\/uploads\\\/Gliptone_Logo.png\",\"width\":1472,\"height\":607,\"caption\":\"Gliptone Europe\"},\"image\":{\"@id\":\"https:\\\/\\\/gliptoneeurope.com\\\/#\\\/schema\\\/logo\\\/image\\\/\"},\"sameAs\":[\"https:\\\/\\\/www.facebook.com\\\/gliptoneeurope\\\/\",\"https:\\\/\\\/www.instagram.com\\\/gliptoneeurope\\\/\",\"https:\\\/\\\/www.pinterest.co.uk\\\/GliptoneEurope\\\/\"]}]}<\/script>\n<!-- \/ Yoast SEO Premium plugin. -->","yoast_head_json":{"title":"Vanish Schaumkanonen-Kit - Gliptone Europe","description":"Um Ihr Auto vor dem Waschen effektiv einzuweichen, verwenden Sie Vanish, unser Waschmittel mit hohem pH-Wert, kombiniert mit unserer Schaumkanone, um alle R\u00fcckst\u00e4nde aufzul\u00f6sen.","robots":{"index":"index","follow":"follow","max-snippet":"max-snippet:-1","max-image-preview":"max-image-preview:large","max-video-preview":"max-video-preview:-1"},"canonical":"https:\/\/gliptoneeurope.com\/de\/produkt\/vanish-schaum-kanonen-bausatz\/","og_locale":"de_DE","og_type":"article","og_title":"Vanish Schaumkanonen-Kit","og_description":"Um Ihr Auto vor dem Waschen effektiv einzuweichen, verwenden Sie Vanish, unser Waschmittel mit hohem pH-Wert, kombiniert mit unserer Schaumkanone, um alle","og_url":"https:\/\/gliptoneeurope.com\/de\/produkt\/vanish-schaum-kanonen-bausatz\/","og_site_name":"Gliptone Europe","article_publisher":"https:\/\/www.facebook.com\/gliptoneeurope\/","og_image":[{"width":1425,"height":1424,"url":"https:\/\/gliptoneeurope.com\/wp-content\/uploads\/Vanish-Foam-Cannon-Kit.jpg","type":"image\/jpeg"}],"twitter_card":"summary_large_image","twitter_misc":{"Gesch\u00e4tzte Lesezeit":"1\u00a0Minute"},"schema":{"@context":"https:\/\/schema.org","@graph":[{"@type":"WebPage","@id":"https:\/\/gliptoneeurope.com\/de\/produkt\/vanish-schaum-kanonen-bausatz\/","url":"https:\/\/gliptoneeurope.com\/de\/produkt\/vanish-schaum-kanonen-bausatz\/","name":"Vanish Schaumkanonen-Kit - Gliptone Europe","isPartOf":{"@id":"https:\/\/gliptoneeurope.com\/#website"},"primaryImageOfPage":{"@id":"https:\/\/gliptoneeurope.com\/de\/produkt\/vanish-schaum-kanonen-bausatz\/#primaryimage"},"image":{"@id":"https:\/\/gliptoneeurope.com\/de\/produkt\/vanish-schaum-kanonen-bausatz\/#primaryimage"},"thumbnailUrl":"https:\/\/gliptoneeurope.com\/wp-content\/uploads\/Vanish-Foam-Cannon-Kit.jpg","datePublished":"2021-11-30T11:33:40+00:00","description":"Um Ihr Auto vor dem Waschen effektiv einzuweichen, verwenden Sie Vanish, unser Waschmittel mit hohem pH-Wert, kombiniert mit unserer Schaumkanone, um alle R\u00fcckst\u00e4nde aufzul\u00f6sen.","breadcrumb":{"@id":"https:\/\/gliptoneeurope.com\/de\/produkt\/vanish-schaum-kanonen-bausatz\/#breadcrumb"},"inLanguage":"de","potentialAction":[{"@type":"ReadAction","target":["https:\/\/gliptoneeurope.com\/de\/produkt\/vanish-schaum-kanonen-bausatz\/"]}]},{"@type":"ImageObject","inLanguage":"de","@id":"https:\/\/gliptoneeurope.com\/de\/produkt\/vanish-schaum-kanonen-bausatz\/#primaryimage","url":"https:\/\/gliptoneeurope.com\/wp-content\/uploads\/Vanish-Foam-Cannon-Kit.jpg","contentUrl":"https:\/\/gliptoneeurope.com\/wp-content\/uploads\/Vanish-Foam-Cannon-Kit.jpg","width":1425,"height":1424},{"@type":"BreadcrumbList","@id":"https:\/\/gliptoneeurope.com\/de\/produkt\/vanish-schaum-kanonen-bausatz\/#breadcrumb","itemListElement":[{"@type":"ListItem","position":1,"name":"Home","item":"https:\/\/gliptoneeurope.com\/"},{"@type":"ListItem","position":2,"name":"Shop","item":"https:\/\/gliptoneeurope.com\/de\/shop-2\/"},{"@type":"ListItem","position":3,"name":"Vanish Schaumkanonen-Kit"}]},{"@type":"WebSite","@id":"https:\/\/gliptoneeurope.com\/#website","url":"https:\/\/gliptoneeurope.com\/","name":"Gliptone Europe","description":"Professional Car Detailing Products","publisher":{"@id":"https:\/\/gliptoneeurope.com\/#organization"},"potentialAction":[{"@type":"SearchAction","target":{"@type":"EntryPoint","urlTemplate":"https:\/\/gliptoneeurope.com\/?s={search_term_string}"},"query-input":{"@type":"PropertyValueSpecification","valueRequired":true,"valueName":"search_term_string"}}],"inLanguage":"de"},{"@type":"Organization","@id":"https:\/\/gliptoneeurope.com\/#organization","name":"Gliptone Europe","url":"https:\/\/gliptoneeurope.com\/","logo":{"@type":"ImageObject","inLanguage":"de","@id":"https:\/\/gliptoneeurope.com\/#\/schema\/logo\/image\/","url":"https:\/\/gliptoneeurope.com\/wp-content\/uploads\/Gliptone_Logo.png","contentUrl":"https:\/\/gliptoneeurope.com\/wp-content\/uploads\/Gliptone_Logo.png","width":1472,"height":607,"caption":"Gliptone Europe"},"image":{"@id":"https:\/\/gliptoneeurope.com\/#\/schema\/logo\/image\/"},"sameAs":["https:\/\/www.facebook.com\/gliptoneeurope\/","https:\/\/www.instagram.com\/gliptoneeurope\/","https:\/\/www.pinterest.co.uk\/GliptoneEurope\/"]}]}},"wcpa_form_fields":null,"_links":{"self":[{"href":"https:\/\/gliptoneeurope.com\/de\/wp-json\/wp\/v2\/product\/11505","targetHints":{"allow":["GET"]}}],"collection":[{"href":"https:\/\/gliptoneeurope.com\/de\/wp-json\/wp\/v2\/product"}],"about":[{"href":"https:\/\/gliptoneeurope.com\/de\/wp-json\/wp\/v2\/types\/product"}],"wp:featuredmedia":[{"embeddable":true,"href":"https:\/\/gliptoneeurope.com\/de\/wp-json\/wp\/v2\/media\/10833"}],"wp:attachment":[{"href":"https:\/\/gliptoneeurope.com\/de\/wp-json\/wp\/v2\/media?parent=11505"}],"wp:term":[{"taxonomy":"product_brand","embeddable":true,"href":"https:\/\/gliptoneeurope.com\/de\/wp-json\/wp\/v2\/product_brand?post=11505"},{"taxonomy":"product_cat","embeddable":true,"href":"https:\/\/gliptoneeurope.com\/de\/wp-json\/wp\/v2\/product_cat?post=11505"},{"taxonomy":"product_tag","embeddable":true,"href":"https:\/\/gliptoneeurope.com\/de\/wp-json\/wp\/v2\/product_tag?post=11505"}],"curies":[{"name":"wp","href":"https:\/\/api.w.org\/{rel}","templated":true}]}}