{"id":11503,"date":"2021-05-11T14:08:01","date_gmt":"2021-11-30T11:33:40","guid":{"rendered":"https:\/\/gliptoneeurope.com\/product\/magic-microfibre-clay-reinigungstuch\/"},"modified":"2021-11-30T11:33:40","modified_gmt":"2021-11-30T11:33:40","slug":"magic-microfaser-ton-reinigungshandtuch","status":"publish","type":"product","link":"https:\/\/gliptoneeurope.com\/de\/produkt\/magic-microfaser-ton-reinigungshandtuch\/","title":{"rendered":"Magic Microfibre Clay Reinigungstuch"},"content":{"rendered":"<p>Verwenden Sie unser Magic Microfibre Clay Cleaning Towel als Alternative zu unserem <a href=\"https:\/\/gliptoneeurope.com\/product\/body-bar-clay-bar\/\">Body Bar Clay Bar<\/a> . Es ist einfach zu bedienen, einfach aussp\u00fclen und neu starten.<\/p>\n<p>Das Handtuch ist vielseitig einsetzbar und kann verwendet werden, um Ihr Auto zu klonen, aber auch hartn\u00e4ckigen Schmutz, Bremsstaub, leichten Rost, Insekten, Baumsaft und Pollen zu entfernen.<\/p>\n<p>Die R\u00fcckseite des Handtuchs besteht aus Mikrofaser, sodass der Lack oder andere Oberfl\u00e4chen nicht zerkratzt werden. Es ben\u00f6tigt keine speziellen Gleitmittel, gleitet einfach \u00fcber den Lack, wenn es mit warmem Wasser und unserem <a href=\"https:\/\/gliptoneeurope.com\/product\/wash-n-glow\/\">Wash-n-Glow<\/a> pH-neutralem Shampoo verwendet wird.<\/p>\n<p>Ebenfalls erh\u00e4ltlich ist unser <a href=\"https:\/\/gliptoneeurope.com\/product\/clay-wash-mitt\/\">Clay Wash Mitt<\/a> als weitere Option zum Clay Cleaning Towel, je nach Reinigungsvorliebe.<\/p>\n","protected":false},"excerpt":{"rendered":"<p>Verwenden Sie unser Magic Microfibre Clay Cleaning Towel als Alternative zu unserem Body Bar Clay Bar . Es ist einfach zu bedienen, einfach aussp\u00fclen und neu starten. Das Handtuch ist vielseitig einsetzbar und kann verwendet werden, um Ihr Auto zu klonen, aber auch hartn\u00e4ckigen Schmutz, Bremsstaub, leichten Rost, Insekten, Baumsaft und Pollen zu entfernen. Die [&hellip;]<\/p>\n","protected":false},"featured_media":10837,"template":"","meta":[],"product_brand":[],"product_cat":[95,115],"product_tag":[],"class_list":{"0":"post-11503","1":"product","2":"type-product","3":"status-publish","4":"has-post-thumbnail","6":"product_cat-neue-produkte","7":"product_cat-zubehor","9":"first","10":"instock","11":"taxable","12":"shipping-taxable","13":"purchasable","14":"product-type-simple"},"yoast_head":"<!-- This site is optimized with the Yoast SEO Premium plugin v21.4 (Yoast SEO v27.4) - https:\/\/yoast.com\/product\/yoast-seo-premium-wordpress\/ -->\n<title>Magic Microfibre Clay Reinigungstuch - Gliptone Europe<\/title>\n<meta name=\"description\" content=\"Verwenden Sie unser Magic Microfibre Clay Cleaning Towel als Alternative zu unserem Body Bar Clay Bar. Es ist einfach zu bedienen, einfach aussp\u00fclen und neu starten.\" \/>\n<meta name=\"robots\" content=\"index, follow, max-snippet:-1, max-image-preview:large, max-video-preview:-1\" \/>\n<link rel=\"canonical\" href=\"https:\/\/gliptoneeurope.com\/de\/produkt\/magic-microfaser-ton-reinigungshandtuch\/\" \/>\n<meta property=\"og:locale\" content=\"de_DE\" \/>\n<meta property=\"og:type\" content=\"article\" \/>\n<meta property=\"og:title\" content=\"Magic Microfibre Clay Reinigungstuch\" \/>\n<meta property=\"og:description\" content=\"Verwenden Sie unser Magic Microfibre Clay Cleaning Towel als Alternative zu unserem Body Bar Clay Bar . Es ist einfach zu bedienen, einfach aussp\u00fclen und\" \/>\n<meta property=\"og:url\" content=\"https:\/\/gliptoneeurope.com\/de\/produkt\/magic-microfaser-ton-reinigungshandtuch\/\" \/>\n<meta property=\"og:site_name\" content=\"Gliptone Europe\" \/>\n<meta property=\"article:publisher\" content=\"https:\/\/www.facebook.com\/gliptoneeurope\/\" \/>\n<meta property=\"og:image\" content=\"https:\/\/gliptoneeurope.com\/wp-content\/uploads\/Magic-Microfibre-Clay-Cleaning-Towel.jpg\" \/>\n\t<meta property=\"og:image:width\" content=\"1777\" \/>\n\t<meta property=\"og:image:height\" content=\"1778\" \/>\n\t<meta property=\"og:image:type\" content=\"image\/jpeg\" \/>\n<meta name=\"twitter:card\" content=\"summary_large_image\" \/>\n<meta name=\"twitter:label1\" content=\"Gesch\u00e4tzte Lesezeit\" \/>\n\t<meta name=\"twitter:data1\" content=\"1\u00a0Minute\" \/>\n<script type=\"application\/ld+json\" class=\"yoast-schema-graph\">{\"@context\":\"https:\\\/\\\/schema.org\",\"@graph\":[{\"@type\":\"WebPage\",\"@id\":\"https:\\\/\\\/gliptoneeurope.com\\\/de\\\/produkt\\\/magic-microfaser-ton-reinigungshandtuch\\\/\",\"url\":\"https:\\\/\\\/gliptoneeurope.com\\\/de\\\/produkt\\\/magic-microfaser-ton-reinigungshandtuch\\\/\",\"name\":\"Magic Microfibre Clay Reinigungstuch - Gliptone Europe\",\"isPartOf\":{\"@id\":\"https:\\\/\\\/gliptoneeurope.com\\\/#website\"},\"primaryImageOfPage\":{\"@id\":\"https:\\\/\\\/gliptoneeurope.com\\\/de\\\/produkt\\\/magic-microfaser-ton-reinigungshandtuch\\\/#primaryimage\"},\"image\":{\"@id\":\"https:\\\/\\\/gliptoneeurope.com\\\/de\\\/produkt\\\/magic-microfaser-ton-reinigungshandtuch\\\/#primaryimage\"},\"thumbnailUrl\":\"https:\\\/\\\/gliptoneeurope.com\\\/wp-content\\\/uploads\\\/Magic-Microfibre-Clay-Cleaning-Towel.jpg\",\"datePublished\":\"2021-11-30T11:33:40+00:00\",\"description\":\"Verwenden Sie unser Magic Microfibre Clay Cleaning Towel als Alternative zu unserem Body Bar Clay Bar. Es ist einfach zu bedienen, einfach aussp\u00fclen und neu starten.\",\"breadcrumb\":{\"@id\":\"https:\\\/\\\/gliptoneeurope.com\\\/de\\\/produkt\\\/magic-microfaser-ton-reinigungshandtuch\\\/#breadcrumb\"},\"inLanguage\":\"de\",\"potentialAction\":[{\"@type\":\"ReadAction\",\"target\":[\"https:\\\/\\\/gliptoneeurope.com\\\/de\\\/produkt\\\/magic-microfaser-ton-reinigungshandtuch\\\/\"]}]},{\"@type\":\"ImageObject\",\"inLanguage\":\"de\",\"@id\":\"https:\\\/\\\/gliptoneeurope.com\\\/de\\\/produkt\\\/magic-microfaser-ton-reinigungshandtuch\\\/#primaryimage\",\"url\":\"https:\\\/\\\/gliptoneeurope.com\\\/wp-content\\\/uploads\\\/Magic-Microfibre-Clay-Cleaning-Towel.jpg\",\"contentUrl\":\"https:\\\/\\\/gliptoneeurope.com\\\/wp-content\\\/uploads\\\/Magic-Microfibre-Clay-Cleaning-Towel.jpg\",\"width\":1777,\"height\":1778},{\"@type\":\"BreadcrumbList\",\"@id\":\"https:\\\/\\\/gliptoneeurope.com\\\/de\\\/produkt\\\/magic-microfaser-ton-reinigungshandtuch\\\/#breadcrumb\",\"itemListElement\":[{\"@type\":\"ListItem\",\"position\":1,\"name\":\"Home\",\"item\":\"https:\\\/\\\/gliptoneeurope.com\\\/\"},{\"@type\":\"ListItem\",\"position\":2,\"name\":\"Shop\",\"item\":\"https:\\\/\\\/gliptoneeurope.com\\\/de\\\/shop-2\\\/\"},{\"@type\":\"ListItem\",\"position\":3,\"name\":\"Magic Microfibre Clay Reinigungstuch\"}]},{\"@type\":\"WebSite\",\"@id\":\"https:\\\/\\\/gliptoneeurope.com\\\/#website\",\"url\":\"https:\\\/\\\/gliptoneeurope.com\\\/\",\"name\":\"Gliptone Europe\",\"description\":\"Professional Car Detailing Products\",\"publisher\":{\"@id\":\"https:\\\/\\\/gliptoneeurope.com\\\/#organization\"},\"potentialAction\":[{\"@type\":\"SearchAction\",\"target\":{\"@type\":\"EntryPoint\",\"urlTemplate\":\"https:\\\/\\\/gliptoneeurope.com\\\/?s={search_term_string}\"},\"query-input\":{\"@type\":\"PropertyValueSpecification\",\"valueRequired\":true,\"valueName\":\"search_term_string\"}}],\"inLanguage\":\"de\"},{\"@type\":\"Organization\",\"@id\":\"https:\\\/\\\/gliptoneeurope.com\\\/#organization\",\"name\":\"Gliptone Europe\",\"url\":\"https:\\\/\\\/gliptoneeurope.com\\\/\",\"logo\":{\"@type\":\"ImageObject\",\"inLanguage\":\"de\",\"@id\":\"https:\\\/\\\/gliptoneeurope.com\\\/#\\\/schema\\\/logo\\\/image\\\/\",\"url\":\"https:\\\/\\\/gliptoneeurope.com\\\/wp-content\\\/uploads\\\/Gliptone_Logo.png\",\"contentUrl\":\"https:\\\/\\\/gliptoneeurope.com\\\/wp-content\\\/uploads\\\/Gliptone_Logo.png\",\"width\":1472,\"height\":607,\"caption\":\"Gliptone Europe\"},\"image\":{\"@id\":\"https:\\\/\\\/gliptoneeurope.com\\\/#\\\/schema\\\/logo\\\/image\\\/\"},\"sameAs\":[\"https:\\\/\\\/www.facebook.com\\\/gliptoneeurope\\\/\",\"https:\\\/\\\/www.instagram.com\\\/gliptoneeurope\\\/\",\"https:\\\/\\\/www.pinterest.co.uk\\\/GliptoneEurope\\\/\"]}]}<\/script>\n<!-- \/ Yoast SEO Premium plugin. -->","yoast_head_json":{"title":"Magic Microfibre Clay Reinigungstuch - Gliptone Europe","description":"Verwenden Sie unser Magic Microfibre Clay Cleaning Towel als Alternative zu unserem Body Bar Clay Bar. Es ist einfach zu bedienen, einfach aussp\u00fclen und neu starten.","robots":{"index":"index","follow":"follow","max-snippet":"max-snippet:-1","max-image-preview":"max-image-preview:large","max-video-preview":"max-video-preview:-1"},"canonical":"https:\/\/gliptoneeurope.com\/de\/produkt\/magic-microfaser-ton-reinigungshandtuch\/","og_locale":"de_DE","og_type":"article","og_title":"Magic Microfibre Clay Reinigungstuch","og_description":"Verwenden Sie unser Magic Microfibre Clay Cleaning Towel als Alternative zu unserem Body Bar Clay Bar . Es ist einfach zu bedienen, einfach aussp\u00fclen und","og_url":"https:\/\/gliptoneeurope.com\/de\/produkt\/magic-microfaser-ton-reinigungshandtuch\/","og_site_name":"Gliptone Europe","article_publisher":"https:\/\/www.facebook.com\/gliptoneeurope\/","og_image":[{"width":1777,"height":1778,"url":"https:\/\/gliptoneeurope.com\/wp-content\/uploads\/Magic-Microfibre-Clay-Cleaning-Towel.jpg","type":"image\/jpeg"}],"twitter_card":"summary_large_image","twitter_misc":{"Gesch\u00e4tzte Lesezeit":"1\u00a0Minute"},"schema":{"@context":"https:\/\/schema.org","@graph":[{"@type":"WebPage","@id":"https:\/\/gliptoneeurope.com\/de\/produkt\/magic-microfaser-ton-reinigungshandtuch\/","url":"https:\/\/gliptoneeurope.com\/de\/produkt\/magic-microfaser-ton-reinigungshandtuch\/","name":"Magic Microfibre Clay Reinigungstuch - Gliptone Europe","isPartOf":{"@id":"https:\/\/gliptoneeurope.com\/#website"},"primaryImageOfPage":{"@id":"https:\/\/gliptoneeurope.com\/de\/produkt\/magic-microfaser-ton-reinigungshandtuch\/#primaryimage"},"image":{"@id":"https:\/\/gliptoneeurope.com\/de\/produkt\/magic-microfaser-ton-reinigungshandtuch\/#primaryimage"},"thumbnailUrl":"https:\/\/gliptoneeurope.com\/wp-content\/uploads\/Magic-Microfibre-Clay-Cleaning-Towel.jpg","datePublished":"2021-11-30T11:33:40+00:00","description":"Verwenden Sie unser Magic Microfibre Clay Cleaning Towel als Alternative zu unserem Body Bar Clay Bar. Es ist einfach zu bedienen, einfach aussp\u00fclen und neu starten.","breadcrumb":{"@id":"https:\/\/gliptoneeurope.com\/de\/produkt\/magic-microfaser-ton-reinigungshandtuch\/#breadcrumb"},"inLanguage":"de","potentialAction":[{"@type":"ReadAction","target":["https:\/\/gliptoneeurope.com\/de\/produkt\/magic-microfaser-ton-reinigungshandtuch\/"]}]},{"@type":"ImageObject","inLanguage":"de","@id":"https:\/\/gliptoneeurope.com\/de\/produkt\/magic-microfaser-ton-reinigungshandtuch\/#primaryimage","url":"https:\/\/gliptoneeurope.com\/wp-content\/uploads\/Magic-Microfibre-Clay-Cleaning-Towel.jpg","contentUrl":"https:\/\/gliptoneeurope.com\/wp-content\/uploads\/Magic-Microfibre-Clay-Cleaning-Towel.jpg","width":1777,"height":1778},{"@type":"BreadcrumbList","@id":"https:\/\/gliptoneeurope.com\/de\/produkt\/magic-microfaser-ton-reinigungshandtuch\/#breadcrumb","itemListElement":[{"@type":"ListItem","position":1,"name":"Home","item":"https:\/\/gliptoneeurope.com\/"},{"@type":"ListItem","position":2,"name":"Shop","item":"https:\/\/gliptoneeurope.com\/de\/shop-2\/"},{"@type":"ListItem","position":3,"name":"Magic Microfibre Clay Reinigungstuch"}]},{"@type":"WebSite","@id":"https:\/\/gliptoneeurope.com\/#website","url":"https:\/\/gliptoneeurope.com\/","name":"Gliptone Europe","description":"Professional Car Detailing Products","publisher":{"@id":"https:\/\/gliptoneeurope.com\/#organization"},"potentialAction":[{"@type":"SearchAction","target":{"@type":"EntryPoint","urlTemplate":"https:\/\/gliptoneeurope.com\/?s={search_term_string}"},"query-input":{"@type":"PropertyValueSpecification","valueRequired":true,"valueName":"search_term_string"}}],"inLanguage":"de"},{"@type":"Organization","@id":"https:\/\/gliptoneeurope.com\/#organization","name":"Gliptone Europe","url":"https:\/\/gliptoneeurope.com\/","logo":{"@type":"ImageObject","inLanguage":"de","@id":"https:\/\/gliptoneeurope.com\/#\/schema\/logo\/image\/","url":"https:\/\/gliptoneeurope.com\/wp-content\/uploads\/Gliptone_Logo.png","contentUrl":"https:\/\/gliptoneeurope.com\/wp-content\/uploads\/Gliptone_Logo.png","width":1472,"height":607,"caption":"Gliptone Europe"},"image":{"@id":"https:\/\/gliptoneeurope.com\/#\/schema\/logo\/image\/"},"sameAs":["https:\/\/www.facebook.com\/gliptoneeurope\/","https:\/\/www.instagram.com\/gliptoneeurope\/","https:\/\/www.pinterest.co.uk\/GliptoneEurope\/"]}]}},"wcpa_form_fields":null,"_links":{"self":[{"href":"https:\/\/gliptoneeurope.com\/de\/wp-json\/wp\/v2\/product\/11503","targetHints":{"allow":["GET"]}}],"collection":[{"href":"https:\/\/gliptoneeurope.com\/de\/wp-json\/wp\/v2\/product"}],"about":[{"href":"https:\/\/gliptoneeurope.com\/de\/wp-json\/wp\/v2\/types\/product"}],"wp:featuredmedia":[{"embeddable":true,"href":"https:\/\/gliptoneeurope.com\/de\/wp-json\/wp\/v2\/media\/10837"}],"wp:attachment":[{"href":"https:\/\/gliptoneeurope.com\/de\/wp-json\/wp\/v2\/media?parent=11503"}],"wp:term":[{"taxonomy":"product_brand","embeddable":true,"href":"https:\/\/gliptoneeurope.com\/de\/wp-json\/wp\/v2\/product_brand?post=11503"},{"taxonomy":"product_cat","embeddable":true,"href":"https:\/\/gliptoneeurope.com\/de\/wp-json\/wp\/v2\/product_cat?post=11503"},{"taxonomy":"product_tag","embeddable":true,"href":"https:\/\/gliptoneeurope.com\/de\/wp-json\/wp\/v2\/product_tag?post=11503"}],"curies":[{"name":"wp","href":"https:\/\/api.w.org\/{rel}","templated":true}]}}