{"id":11499,"date":"2021-05-18T11:36:18","date_gmt":"2021-11-30T11:32:45","guid":{"rendered":"https:\/\/gliptoneeurope.com\/product\/glipgloss-wachs-after-wash-3-8l-1-gal\/"},"modified":"2021-11-30T11:32:45","modified_gmt":"2021-11-30T11:32:45","slug":"glipgloss-wachs-nach-waschen-2","status":"publish","type":"product","link":"https:\/\/gliptoneeurope.com\/de\/produkt\/glipgloss-wachs-nach-waschen-2\/","title":{"rendered":"Glipgloss-Wachs-After-Wash 3.8L (1 Gal)"},"content":{"rendered":"<p>Express Wax-After-Wash von Gliptone ist eine hochmoderne Formulierung, die h\u00e4rtbare Polymere, hydrophobe Polymere und echtes Carnaubawachs kombiniert.<\/p>\n<p>Nach dem Auftragen gl\u00e4nzt die Formel schnell und sch\u00fctzt alle Fahrzeugau\u00dfenfl\u00e4chen.<\/p>\n<p>Diese Formel kann auch als Gleitmittel f\u00fcr den BODY CLAY BAR von Gliptone oder andere auf dem Markt erh\u00e4ltliche \u201etonartige\u201c Produkte verwendet werden.<\/p>\n<p>Sein erstklassiger Glanz, seine Haltbarkeit und seine Vielseitigkeit \u00fcbertreffen alle Mitbewerber in dieser Produktklasse.<\/p>\n<p>Dieses Produkt ist eine ausgezeichnete Wahl f\u00fcr den Einsatz in einem Express-Wachsservice, <a href=\"https:\/\/gliptoneeurope.com\/product\/glipgloss-wax-after-wash\/\">Glipgloss<\/a> ist auch in einer 22oz erh\u00e4ltlich. (650ml) Flasche.<\/p>\n","protected":false},"excerpt":{"rendered":"<p>Express Wax-After-Wash von Gliptone ist eine hochmoderne Formulierung, die h\u00e4rtbare Polymere, hydrophobe Polymere und echtes Carnaubawachs kombiniert. Nach dem Auftragen gl\u00e4nzt die Formel schnell und sch\u00fctzt alle Fahrzeugau\u00dfenfl\u00e4chen. Diese Formel kann auch als Gleitmittel f\u00fcr den BODY CLAY BAR von Gliptone oder andere auf dem Markt erh\u00e4ltliche \u201etonartige\u201c Produkte verwendet werden. Sein erstklassiger Glanz, seine [&hellip;]<\/p>\n","protected":false},"featured_media":10661,"template":"","meta":[],"product_brand":[],"product_cat":[111],"product_tag":[],"class_list":{"0":"post-11499","1":"product","2":"type-product","3":"status-publish","4":"has-post-thumbnail","6":"product_cat-profi-produkte","8":"first","9":"instock","10":"taxable","11":"shipping-taxable","12":"purchasable","13":"product-type-simple"},"yoast_head":"<!-- This site is optimized with the Yoast SEO Premium plugin v21.4 (Yoast SEO v27.4) - https:\/\/yoast.com\/product\/yoast-seo-premium-wordpress\/ -->\n<title>Glipgloss-Wachs-After-Wash 3.8L (1 Gal) - Gliptone Europe<\/title>\n<meta name=\"description\" content=\"Express Wax-After-Wash von Gliptone ist eine hochmoderne Formulierung, die h\u00e4rtbare Polymere, hydrophobe Polymere und echtes Carnaubawachs kombiniert.\" \/>\n<meta name=\"robots\" content=\"index, follow, max-snippet:-1, max-image-preview:large, max-video-preview:-1\" \/>\n<link rel=\"canonical\" href=\"https:\/\/gliptoneeurope.com\/de\/produkt\/glipgloss-wachs-nach-waschen-2\/\" \/>\n<meta property=\"og:locale\" content=\"de_DE\" \/>\n<meta property=\"og:type\" content=\"article\" \/>\n<meta property=\"og:title\" content=\"Glipgloss-Wachs-After-Wash 3.8L (1 Gal)\" \/>\n<meta property=\"og:description\" content=\"Express Wax-After-Wash von Gliptone ist eine hochmoderne Formulierung, die h\u00e4rtbare Polymere, hydrophobe Polymere und echtes Carnaubawachs kombiniert.\" \/>\n<meta property=\"og:url\" content=\"https:\/\/gliptoneeurope.com\/de\/produkt\/glipgloss-wachs-nach-waschen-2\/\" \/>\n<meta property=\"og:site_name\" content=\"Gliptone Europe\" \/>\n<meta property=\"article:publisher\" content=\"https:\/\/www.facebook.com\/gliptoneeurope\/\" \/>\n<meta property=\"og:image\" content=\"https:\/\/gliptoneeurope.com\/wp-content\/uploads\/Glipgloss-Wax-after-Wash-1-Gall-3.8L.jpg\" \/>\n\t<meta property=\"og:image:width\" content=\"1498\" \/>\n\t<meta property=\"og:image:height\" content=\"1498\" \/>\n\t<meta property=\"og:image:type\" content=\"image\/jpeg\" \/>\n<meta name=\"twitter:card\" content=\"summary_large_image\" \/>\n<script type=\"application\/ld+json\" class=\"yoast-schema-graph\">{\"@context\":\"https:\\\/\\\/schema.org\",\"@graph\":[{\"@type\":\"WebPage\",\"@id\":\"https:\\\/\\\/gliptoneeurope.com\\\/de\\\/produkt\\\/glipgloss-wachs-nach-waschen-2\\\/\",\"url\":\"https:\\\/\\\/gliptoneeurope.com\\\/de\\\/produkt\\\/glipgloss-wachs-nach-waschen-2\\\/\",\"name\":\"Glipgloss-Wachs-After-Wash 3.8L (1 Gal) - Gliptone Europe\",\"isPartOf\":{\"@id\":\"https:\\\/\\\/gliptoneeurope.com\\\/#website\"},\"primaryImageOfPage\":{\"@id\":\"https:\\\/\\\/gliptoneeurope.com\\\/de\\\/produkt\\\/glipgloss-wachs-nach-waschen-2\\\/#primaryimage\"},\"image\":{\"@id\":\"https:\\\/\\\/gliptoneeurope.com\\\/de\\\/produkt\\\/glipgloss-wachs-nach-waschen-2\\\/#primaryimage\"},\"thumbnailUrl\":\"https:\\\/\\\/gliptoneeurope.com\\\/wp-content\\\/uploads\\\/Glipgloss-Wax-after-Wash-1-Gall-3.8L.jpg\",\"datePublished\":\"2021-11-30T11:32:45+00:00\",\"description\":\"Express Wax-After-Wash von Gliptone ist eine hochmoderne Formulierung, die h\u00e4rtbare Polymere, hydrophobe Polymere und echtes Carnaubawachs kombiniert.\",\"breadcrumb\":{\"@id\":\"https:\\\/\\\/gliptoneeurope.com\\\/de\\\/produkt\\\/glipgloss-wachs-nach-waschen-2\\\/#breadcrumb\"},\"inLanguage\":\"de\",\"potentialAction\":[{\"@type\":\"ReadAction\",\"target\":[\"https:\\\/\\\/gliptoneeurope.com\\\/de\\\/produkt\\\/glipgloss-wachs-nach-waschen-2\\\/\"]}]},{\"@type\":\"ImageObject\",\"inLanguage\":\"de\",\"@id\":\"https:\\\/\\\/gliptoneeurope.com\\\/de\\\/produkt\\\/glipgloss-wachs-nach-waschen-2\\\/#primaryimage\",\"url\":\"https:\\\/\\\/gliptoneeurope.com\\\/wp-content\\\/uploads\\\/Glipgloss-Wax-after-Wash-1-Gall-3.8L.jpg\",\"contentUrl\":\"https:\\\/\\\/gliptoneeurope.com\\\/wp-content\\\/uploads\\\/Glipgloss-Wax-after-Wash-1-Gall-3.8L.jpg\",\"width\":1498,\"height\":1498},{\"@type\":\"BreadcrumbList\",\"@id\":\"https:\\\/\\\/gliptoneeurope.com\\\/de\\\/produkt\\\/glipgloss-wachs-nach-waschen-2\\\/#breadcrumb\",\"itemListElement\":[{\"@type\":\"ListItem\",\"position\":1,\"name\":\"Home\",\"item\":\"https:\\\/\\\/gliptoneeurope.com\\\/\"},{\"@type\":\"ListItem\",\"position\":2,\"name\":\"Shop\",\"item\":\"https:\\\/\\\/gliptoneeurope.com\\\/de\\\/shop-2\\\/\"},{\"@type\":\"ListItem\",\"position\":3,\"name\":\"Glipgloss-Wachs-After-Wash 3.8L (1 Gal)\"}]},{\"@type\":\"WebSite\",\"@id\":\"https:\\\/\\\/gliptoneeurope.com\\\/#website\",\"url\":\"https:\\\/\\\/gliptoneeurope.com\\\/\",\"name\":\"Gliptone Europe\",\"description\":\"Professional Car Detailing Products\",\"publisher\":{\"@id\":\"https:\\\/\\\/gliptoneeurope.com\\\/#organization\"},\"potentialAction\":[{\"@type\":\"SearchAction\",\"target\":{\"@type\":\"EntryPoint\",\"urlTemplate\":\"https:\\\/\\\/gliptoneeurope.com\\\/?s={search_term_string}\"},\"query-input\":{\"@type\":\"PropertyValueSpecification\",\"valueRequired\":true,\"valueName\":\"search_term_string\"}}],\"inLanguage\":\"de\"},{\"@type\":\"Organization\",\"@id\":\"https:\\\/\\\/gliptoneeurope.com\\\/#organization\",\"name\":\"Gliptone Europe\",\"url\":\"https:\\\/\\\/gliptoneeurope.com\\\/\",\"logo\":{\"@type\":\"ImageObject\",\"inLanguage\":\"de\",\"@id\":\"https:\\\/\\\/gliptoneeurope.com\\\/#\\\/schema\\\/logo\\\/image\\\/\",\"url\":\"https:\\\/\\\/gliptoneeurope.com\\\/wp-content\\\/uploads\\\/Gliptone_Logo.png\",\"contentUrl\":\"https:\\\/\\\/gliptoneeurope.com\\\/wp-content\\\/uploads\\\/Gliptone_Logo.png\",\"width\":1472,\"height\":607,\"caption\":\"Gliptone Europe\"},\"image\":{\"@id\":\"https:\\\/\\\/gliptoneeurope.com\\\/#\\\/schema\\\/logo\\\/image\\\/\"},\"sameAs\":[\"https:\\\/\\\/www.facebook.com\\\/gliptoneeurope\\\/\",\"https:\\\/\\\/www.instagram.com\\\/gliptoneeurope\\\/\",\"https:\\\/\\\/www.pinterest.co.uk\\\/GliptoneEurope\\\/\"]}]}<\/script>\n<!-- \/ Yoast SEO Premium plugin. -->","yoast_head_json":{"title":"Glipgloss-Wachs-After-Wash 3.8L (1 Gal) - Gliptone Europe","description":"Express Wax-After-Wash von Gliptone ist eine hochmoderne Formulierung, die h\u00e4rtbare Polymere, hydrophobe Polymere und echtes Carnaubawachs kombiniert.","robots":{"index":"index","follow":"follow","max-snippet":"max-snippet:-1","max-image-preview":"max-image-preview:large","max-video-preview":"max-video-preview:-1"},"canonical":"https:\/\/gliptoneeurope.com\/de\/produkt\/glipgloss-wachs-nach-waschen-2\/","og_locale":"de_DE","og_type":"article","og_title":"Glipgloss-Wachs-After-Wash 3.8L (1 Gal)","og_description":"Express Wax-After-Wash von Gliptone ist eine hochmoderne Formulierung, die h\u00e4rtbare Polymere, hydrophobe Polymere und echtes Carnaubawachs kombiniert.","og_url":"https:\/\/gliptoneeurope.com\/de\/produkt\/glipgloss-wachs-nach-waschen-2\/","og_site_name":"Gliptone Europe","article_publisher":"https:\/\/www.facebook.com\/gliptoneeurope\/","og_image":[{"width":1498,"height":1498,"url":"https:\/\/gliptoneeurope.com\/wp-content\/uploads\/Glipgloss-Wax-after-Wash-1-Gall-3.8L.jpg","type":"image\/jpeg"}],"twitter_card":"summary_large_image","schema":{"@context":"https:\/\/schema.org","@graph":[{"@type":"WebPage","@id":"https:\/\/gliptoneeurope.com\/de\/produkt\/glipgloss-wachs-nach-waschen-2\/","url":"https:\/\/gliptoneeurope.com\/de\/produkt\/glipgloss-wachs-nach-waschen-2\/","name":"Glipgloss-Wachs-After-Wash 3.8L (1 Gal) - Gliptone Europe","isPartOf":{"@id":"https:\/\/gliptoneeurope.com\/#website"},"primaryImageOfPage":{"@id":"https:\/\/gliptoneeurope.com\/de\/produkt\/glipgloss-wachs-nach-waschen-2\/#primaryimage"},"image":{"@id":"https:\/\/gliptoneeurope.com\/de\/produkt\/glipgloss-wachs-nach-waschen-2\/#primaryimage"},"thumbnailUrl":"https:\/\/gliptoneeurope.com\/wp-content\/uploads\/Glipgloss-Wax-after-Wash-1-Gall-3.8L.jpg","datePublished":"2021-11-30T11:32:45+00:00","description":"Express Wax-After-Wash von Gliptone ist eine hochmoderne Formulierung, die h\u00e4rtbare Polymere, hydrophobe Polymere und echtes Carnaubawachs kombiniert.","breadcrumb":{"@id":"https:\/\/gliptoneeurope.com\/de\/produkt\/glipgloss-wachs-nach-waschen-2\/#breadcrumb"},"inLanguage":"de","potentialAction":[{"@type":"ReadAction","target":["https:\/\/gliptoneeurope.com\/de\/produkt\/glipgloss-wachs-nach-waschen-2\/"]}]},{"@type":"ImageObject","inLanguage":"de","@id":"https:\/\/gliptoneeurope.com\/de\/produkt\/glipgloss-wachs-nach-waschen-2\/#primaryimage","url":"https:\/\/gliptoneeurope.com\/wp-content\/uploads\/Glipgloss-Wax-after-Wash-1-Gall-3.8L.jpg","contentUrl":"https:\/\/gliptoneeurope.com\/wp-content\/uploads\/Glipgloss-Wax-after-Wash-1-Gall-3.8L.jpg","width":1498,"height":1498},{"@type":"BreadcrumbList","@id":"https:\/\/gliptoneeurope.com\/de\/produkt\/glipgloss-wachs-nach-waschen-2\/#breadcrumb","itemListElement":[{"@type":"ListItem","position":1,"name":"Home","item":"https:\/\/gliptoneeurope.com\/"},{"@type":"ListItem","position":2,"name":"Shop","item":"https:\/\/gliptoneeurope.com\/de\/shop-2\/"},{"@type":"ListItem","position":3,"name":"Glipgloss-Wachs-After-Wash 3.8L (1 Gal)"}]},{"@type":"WebSite","@id":"https:\/\/gliptoneeurope.com\/#website","url":"https:\/\/gliptoneeurope.com\/","name":"Gliptone Europe","description":"Professional Car Detailing Products","publisher":{"@id":"https:\/\/gliptoneeurope.com\/#organization"},"potentialAction":[{"@type":"SearchAction","target":{"@type":"EntryPoint","urlTemplate":"https:\/\/gliptoneeurope.com\/?s={search_term_string}"},"query-input":{"@type":"PropertyValueSpecification","valueRequired":true,"valueName":"search_term_string"}}],"inLanguage":"de"},{"@type":"Organization","@id":"https:\/\/gliptoneeurope.com\/#organization","name":"Gliptone Europe","url":"https:\/\/gliptoneeurope.com\/","logo":{"@type":"ImageObject","inLanguage":"de","@id":"https:\/\/gliptoneeurope.com\/#\/schema\/logo\/image\/","url":"https:\/\/gliptoneeurope.com\/wp-content\/uploads\/Gliptone_Logo.png","contentUrl":"https:\/\/gliptoneeurope.com\/wp-content\/uploads\/Gliptone_Logo.png","width":1472,"height":607,"caption":"Gliptone Europe"},"image":{"@id":"https:\/\/gliptoneeurope.com\/#\/schema\/logo\/image\/"},"sameAs":["https:\/\/www.facebook.com\/gliptoneeurope\/","https:\/\/www.instagram.com\/gliptoneeurope\/","https:\/\/www.pinterest.co.uk\/GliptoneEurope\/"]}]}},"wcpa_form_fields":null,"_links":{"self":[{"href":"https:\/\/gliptoneeurope.com\/de\/wp-json\/wp\/v2\/product\/11499","targetHints":{"allow":["GET"]}}],"collection":[{"href":"https:\/\/gliptoneeurope.com\/de\/wp-json\/wp\/v2\/product"}],"about":[{"href":"https:\/\/gliptoneeurope.com\/de\/wp-json\/wp\/v2\/types\/product"}],"wp:featuredmedia":[{"embeddable":true,"href":"https:\/\/gliptoneeurope.com\/de\/wp-json\/wp\/v2\/media\/10661"}],"wp:attachment":[{"href":"https:\/\/gliptoneeurope.com\/de\/wp-json\/wp\/v2\/media?parent=11499"}],"wp:term":[{"taxonomy":"product_brand","embeddable":true,"href":"https:\/\/gliptoneeurope.com\/de\/wp-json\/wp\/v2\/product_brand?post=11499"},{"taxonomy":"product_cat","embeddable":true,"href":"https:\/\/gliptoneeurope.com\/de\/wp-json\/wp\/v2\/product_cat?post=11499"},{"taxonomy":"product_tag","embeddable":true,"href":"https:\/\/gliptoneeurope.com\/de\/wp-json\/wp\/v2\/product_tag?post=11499"}],"curies":[{"name":"wp","href":"https:\/\/api.w.org\/{rel}","templated":true}]}}