{"id":11430,"date":"2021-06-08T16:08:51","date_gmt":"2021-11-30T11:32:22","guid":{"rendered":"https:\/\/gliptoneeurope.com\/product\/lederreinigungs-und-wiederherstellungsset\/"},"modified":"2021-11-30T11:32:22","modified_gmt":"2021-11-30T11:32:22","slug":"leder-reinigungs-und-wiederherstellungs-kit","status":"publish","type":"product","link":"https:\/\/gliptoneeurope.com\/de\/produkt\/leder-reinigungs-und-wiederherstellungs-kit\/","title":{"rendered":"Lederreinigungs- und Wiederherstellungsset"},"content":{"rendered":"<p>Unser Lederreinigungs- und Restaurierungsset enth\u00e4lt alles, was Sie zum Reinigen von Leder und zum Restaurieren des verblassten oder abgenutzten Innenraums Ihres Autos ben\u00f6tigen.<\/p>\n<p>Das Kit enth\u00e4lt unseren <a href=\"https:\/\/gliptoneeurope.com\/product\/gt15-5-foam-cleaner\/\">Foam Cleaner<\/a> , einen einfach zu verwendenden Mousse-Reiniger, der die Oberfl\u00e4che reinigt und allgemeine Verschmutzungen von Semianilin- und gewachsten Anilinledern entfernt, sowie ein <a href=\"https:\/\/gliptoneeurope.com\/product\/scuffmaster-pigment\/\">Scuffmaster-Pigment<\/a> , um die Farbe Ihres Leders wiederherzustellen. Unsere Scuffmaster-Farben sind in einer Vielzahl von Farben erh\u00e4ltlich, k\u00f6nnen aber auch durch Bereitstellung eines Musters farblich angepasst werden. Das Kit wird auch mit einem Pinselapplikator zum Auftragen der Farbe und einem unserer <a href=\"https:\/\/gliptoneeurope.com\/product\/leather-scented-air-freshener\/\">Lederduft-Lufterfrischer geliefert<\/a> , damit Ihr Auto nach echtem Leder riecht.<\/p>\n","protected":false},"excerpt":{"rendered":"<p>Unser Lederreinigungs- und Restaurierungsset enth\u00e4lt alles, was Sie zum Reinigen von Leder und zum Restaurieren des verblassten oder abgenutzten Innenraums Ihres Autos ben\u00f6tigen. Das Kit enth\u00e4lt unseren Foam Cleaner , einen einfach zu verwendenden Mousse-Reiniger, der die Oberfl\u00e4che reinigt und allgemeine Verschmutzungen von Semianilin- und gewachsten Anilinledern entfernt, sowie ein Scuffmaster-Pigment , um die Farbe [&hellip;]<\/p>\n","protected":false},"featured_media":11055,"template":"","meta":[],"product_brand":[],"product_cat":[102,95],"product_tag":[],"class_list":{"0":"post-11430","1":"product","2":"type-product","3":"status-publish","4":"has-post-thumbnail","6":"product_cat-bausatze","7":"product_cat-neue-produkte","9":"first","10":"instock","11":"taxable","12":"shipping-taxable","13":"purchasable","14":"product-type-simple"},"yoast_head":"<!-- This site is optimized with the Yoast SEO Premium plugin v21.4 (Yoast SEO v27.4) - https:\/\/yoast.com\/product\/yoast-seo-premium-wordpress\/ -->\n<title>Lederreinigungs- und Wiederherstellungsset - Gliptone Europe<\/title>\n<meta name=\"description\" content=\"Unser Lederreinigungs- und Restaurierungsset enth\u00e4lt alles, was Sie zum Reinigen von Leder und zum Restaurieren des verblassten oder abgenutzten Innenraums Ihres Autos ben\u00f6tigen.\" \/>\n<meta name=\"robots\" content=\"index, follow, max-snippet:-1, max-image-preview:large, max-video-preview:-1\" \/>\n<link rel=\"canonical\" href=\"https:\/\/gliptoneeurope.com\/de\/produkt\/leder-reinigungs-und-wiederherstellungs-kit\/\" \/>\n<meta property=\"og:locale\" content=\"de_DE\" \/>\n<meta property=\"og:type\" content=\"article\" \/>\n<meta property=\"og:title\" content=\"Lederreinigungs- und Wiederherstellungsset\" \/>\n<meta property=\"og:description\" content=\"Unser Lederreinigungs- und Restaurierungsset enth\u00e4lt alles, was Sie zum Reinigen von Leder und zum Restaurieren des verblassten oder abgenutzten\" \/>\n<meta property=\"og:url\" content=\"https:\/\/gliptoneeurope.com\/de\/produkt\/leder-reinigungs-und-wiederherstellungs-kit\/\" \/>\n<meta property=\"og:site_name\" content=\"Gliptone Europe\" \/>\n<meta property=\"article:publisher\" content=\"https:\/\/www.facebook.com\/gliptoneeurope\/\" \/>\n<meta property=\"og:image\" content=\"https:\/\/gliptoneeurope.com\/wp-content\/uploads\/Leather-Deal.jpg\" \/>\n\t<meta property=\"og:image:width\" content=\"1772\" \/>\n\t<meta property=\"og:image:height\" content=\"1580\" \/>\n\t<meta property=\"og:image:type\" content=\"image\/jpeg\" \/>\n<meta name=\"twitter:card\" content=\"summary_large_image\" \/>\n<meta name=\"twitter:label1\" content=\"Gesch\u00e4tzte Lesezeit\" \/>\n\t<meta name=\"twitter:data1\" content=\"1\u00a0Minute\" \/>\n<script type=\"application\/ld+json\" class=\"yoast-schema-graph\">{\"@context\":\"https:\\\/\\\/schema.org\",\"@graph\":[{\"@type\":\"WebPage\",\"@id\":\"https:\\\/\\\/gliptoneeurope.com\\\/de\\\/produkt\\\/leder-reinigungs-und-wiederherstellungs-kit\\\/\",\"url\":\"https:\\\/\\\/gliptoneeurope.com\\\/de\\\/produkt\\\/leder-reinigungs-und-wiederherstellungs-kit\\\/\",\"name\":\"Lederreinigungs- und Wiederherstellungsset - Gliptone Europe\",\"isPartOf\":{\"@id\":\"https:\\\/\\\/gliptoneeurope.com\\\/#website\"},\"primaryImageOfPage\":{\"@id\":\"https:\\\/\\\/gliptoneeurope.com\\\/de\\\/produkt\\\/leder-reinigungs-und-wiederherstellungs-kit\\\/#primaryimage\"},\"image\":{\"@id\":\"https:\\\/\\\/gliptoneeurope.com\\\/de\\\/produkt\\\/leder-reinigungs-und-wiederherstellungs-kit\\\/#primaryimage\"},\"thumbnailUrl\":\"https:\\\/\\\/gliptoneeurope.com\\\/wp-content\\\/uploads\\\/Leather-Deal.jpg\",\"datePublished\":\"2021-11-30T11:32:22+00:00\",\"description\":\"Unser Lederreinigungs- und Restaurierungsset enth\u00e4lt alles, was Sie zum Reinigen von Leder und zum Restaurieren des verblassten oder abgenutzten Innenraums Ihres Autos ben\u00f6tigen.\",\"breadcrumb\":{\"@id\":\"https:\\\/\\\/gliptoneeurope.com\\\/de\\\/produkt\\\/leder-reinigungs-und-wiederherstellungs-kit\\\/#breadcrumb\"},\"inLanguage\":\"de\",\"potentialAction\":[{\"@type\":\"ReadAction\",\"target\":[\"https:\\\/\\\/gliptoneeurope.com\\\/de\\\/produkt\\\/leder-reinigungs-und-wiederherstellungs-kit\\\/\"]}]},{\"@type\":\"ImageObject\",\"inLanguage\":\"de\",\"@id\":\"https:\\\/\\\/gliptoneeurope.com\\\/de\\\/produkt\\\/leder-reinigungs-und-wiederherstellungs-kit\\\/#primaryimage\",\"url\":\"https:\\\/\\\/gliptoneeurope.com\\\/wp-content\\\/uploads\\\/Leather-Deal.jpg\",\"contentUrl\":\"https:\\\/\\\/gliptoneeurope.com\\\/wp-content\\\/uploads\\\/Leather-Deal.jpg\",\"width\":1772,\"height\":1580},{\"@type\":\"BreadcrumbList\",\"@id\":\"https:\\\/\\\/gliptoneeurope.com\\\/de\\\/produkt\\\/leder-reinigungs-und-wiederherstellungs-kit\\\/#breadcrumb\",\"itemListElement\":[{\"@type\":\"ListItem\",\"position\":1,\"name\":\"Home\",\"item\":\"https:\\\/\\\/gliptoneeurope.com\\\/\"},{\"@type\":\"ListItem\",\"position\":2,\"name\":\"Shop\",\"item\":\"https:\\\/\\\/gliptoneeurope.com\\\/de\\\/shop-2\\\/\"},{\"@type\":\"ListItem\",\"position\":3,\"name\":\"Lederreinigungs- und Wiederherstellungsset\"}]},{\"@type\":\"WebSite\",\"@id\":\"https:\\\/\\\/gliptoneeurope.com\\\/#website\",\"url\":\"https:\\\/\\\/gliptoneeurope.com\\\/\",\"name\":\"Gliptone Europe\",\"description\":\"Professional Car Detailing Products\",\"publisher\":{\"@id\":\"https:\\\/\\\/gliptoneeurope.com\\\/#organization\"},\"potentialAction\":[{\"@type\":\"SearchAction\",\"target\":{\"@type\":\"EntryPoint\",\"urlTemplate\":\"https:\\\/\\\/gliptoneeurope.com\\\/?s={search_term_string}\"},\"query-input\":{\"@type\":\"PropertyValueSpecification\",\"valueRequired\":true,\"valueName\":\"search_term_string\"}}],\"inLanguage\":\"de\"},{\"@type\":\"Organization\",\"@id\":\"https:\\\/\\\/gliptoneeurope.com\\\/#organization\",\"name\":\"Gliptone Europe\",\"url\":\"https:\\\/\\\/gliptoneeurope.com\\\/\",\"logo\":{\"@type\":\"ImageObject\",\"inLanguage\":\"de\",\"@id\":\"https:\\\/\\\/gliptoneeurope.com\\\/#\\\/schema\\\/logo\\\/image\\\/\",\"url\":\"https:\\\/\\\/gliptoneeurope.com\\\/wp-content\\\/uploads\\\/Gliptone_Logo.png\",\"contentUrl\":\"https:\\\/\\\/gliptoneeurope.com\\\/wp-content\\\/uploads\\\/Gliptone_Logo.png\",\"width\":1472,\"height\":607,\"caption\":\"Gliptone Europe\"},\"image\":{\"@id\":\"https:\\\/\\\/gliptoneeurope.com\\\/#\\\/schema\\\/logo\\\/image\\\/\"},\"sameAs\":[\"https:\\\/\\\/www.facebook.com\\\/gliptoneeurope\\\/\",\"https:\\\/\\\/www.instagram.com\\\/gliptoneeurope\\\/\",\"https:\\\/\\\/www.pinterest.co.uk\\\/GliptoneEurope\\\/\"]}]}<\/script>\n<!-- \/ Yoast SEO Premium plugin. -->","yoast_head_json":{"title":"Lederreinigungs- und Wiederherstellungsset - Gliptone Europe","description":"Unser Lederreinigungs- und Restaurierungsset enth\u00e4lt alles, was Sie zum Reinigen von Leder und zum Restaurieren des verblassten oder abgenutzten Innenraums Ihres Autos ben\u00f6tigen.","robots":{"index":"index","follow":"follow","max-snippet":"max-snippet:-1","max-image-preview":"max-image-preview:large","max-video-preview":"max-video-preview:-1"},"canonical":"https:\/\/gliptoneeurope.com\/de\/produkt\/leder-reinigungs-und-wiederherstellungs-kit\/","og_locale":"de_DE","og_type":"article","og_title":"Lederreinigungs- und Wiederherstellungsset","og_description":"Unser Lederreinigungs- und Restaurierungsset enth\u00e4lt alles, was Sie zum Reinigen von Leder und zum Restaurieren des verblassten oder abgenutzten","og_url":"https:\/\/gliptoneeurope.com\/de\/produkt\/leder-reinigungs-und-wiederherstellungs-kit\/","og_site_name":"Gliptone Europe","article_publisher":"https:\/\/www.facebook.com\/gliptoneeurope\/","og_image":[{"width":1772,"height":1580,"url":"https:\/\/gliptoneeurope.com\/wp-content\/uploads\/Leather-Deal.jpg","type":"image\/jpeg"}],"twitter_card":"summary_large_image","twitter_misc":{"Gesch\u00e4tzte Lesezeit":"1\u00a0Minute"},"schema":{"@context":"https:\/\/schema.org","@graph":[{"@type":"WebPage","@id":"https:\/\/gliptoneeurope.com\/de\/produkt\/leder-reinigungs-und-wiederherstellungs-kit\/","url":"https:\/\/gliptoneeurope.com\/de\/produkt\/leder-reinigungs-und-wiederherstellungs-kit\/","name":"Lederreinigungs- und Wiederherstellungsset - Gliptone Europe","isPartOf":{"@id":"https:\/\/gliptoneeurope.com\/#website"},"primaryImageOfPage":{"@id":"https:\/\/gliptoneeurope.com\/de\/produkt\/leder-reinigungs-und-wiederherstellungs-kit\/#primaryimage"},"image":{"@id":"https:\/\/gliptoneeurope.com\/de\/produkt\/leder-reinigungs-und-wiederherstellungs-kit\/#primaryimage"},"thumbnailUrl":"https:\/\/gliptoneeurope.com\/wp-content\/uploads\/Leather-Deal.jpg","datePublished":"2021-11-30T11:32:22+00:00","description":"Unser Lederreinigungs- und Restaurierungsset enth\u00e4lt alles, was Sie zum Reinigen von Leder und zum Restaurieren des verblassten oder abgenutzten Innenraums Ihres Autos ben\u00f6tigen.","breadcrumb":{"@id":"https:\/\/gliptoneeurope.com\/de\/produkt\/leder-reinigungs-und-wiederherstellungs-kit\/#breadcrumb"},"inLanguage":"de","potentialAction":[{"@type":"ReadAction","target":["https:\/\/gliptoneeurope.com\/de\/produkt\/leder-reinigungs-und-wiederherstellungs-kit\/"]}]},{"@type":"ImageObject","inLanguage":"de","@id":"https:\/\/gliptoneeurope.com\/de\/produkt\/leder-reinigungs-und-wiederherstellungs-kit\/#primaryimage","url":"https:\/\/gliptoneeurope.com\/wp-content\/uploads\/Leather-Deal.jpg","contentUrl":"https:\/\/gliptoneeurope.com\/wp-content\/uploads\/Leather-Deal.jpg","width":1772,"height":1580},{"@type":"BreadcrumbList","@id":"https:\/\/gliptoneeurope.com\/de\/produkt\/leder-reinigungs-und-wiederherstellungs-kit\/#breadcrumb","itemListElement":[{"@type":"ListItem","position":1,"name":"Home","item":"https:\/\/gliptoneeurope.com\/"},{"@type":"ListItem","position":2,"name":"Shop","item":"https:\/\/gliptoneeurope.com\/de\/shop-2\/"},{"@type":"ListItem","position":3,"name":"Lederreinigungs- und Wiederherstellungsset"}]},{"@type":"WebSite","@id":"https:\/\/gliptoneeurope.com\/#website","url":"https:\/\/gliptoneeurope.com\/","name":"Gliptone Europe","description":"Professional Car Detailing Products","publisher":{"@id":"https:\/\/gliptoneeurope.com\/#organization"},"potentialAction":[{"@type":"SearchAction","target":{"@type":"EntryPoint","urlTemplate":"https:\/\/gliptoneeurope.com\/?s={search_term_string}"},"query-input":{"@type":"PropertyValueSpecification","valueRequired":true,"valueName":"search_term_string"}}],"inLanguage":"de"},{"@type":"Organization","@id":"https:\/\/gliptoneeurope.com\/#organization","name":"Gliptone Europe","url":"https:\/\/gliptoneeurope.com\/","logo":{"@type":"ImageObject","inLanguage":"de","@id":"https:\/\/gliptoneeurope.com\/#\/schema\/logo\/image\/","url":"https:\/\/gliptoneeurope.com\/wp-content\/uploads\/Gliptone_Logo.png","contentUrl":"https:\/\/gliptoneeurope.com\/wp-content\/uploads\/Gliptone_Logo.png","width":1472,"height":607,"caption":"Gliptone Europe"},"image":{"@id":"https:\/\/gliptoneeurope.com\/#\/schema\/logo\/image\/"},"sameAs":["https:\/\/www.facebook.com\/gliptoneeurope\/","https:\/\/www.instagram.com\/gliptoneeurope\/","https:\/\/www.pinterest.co.uk\/GliptoneEurope\/"]}]}},"wcpa_form_fields":null,"_links":{"self":[{"href":"https:\/\/gliptoneeurope.com\/de\/wp-json\/wp\/v2\/product\/11430","targetHints":{"allow":["GET"]}}],"collection":[{"href":"https:\/\/gliptoneeurope.com\/de\/wp-json\/wp\/v2\/product"}],"about":[{"href":"https:\/\/gliptoneeurope.com\/de\/wp-json\/wp\/v2\/types\/product"}],"wp:featuredmedia":[{"embeddable":true,"href":"https:\/\/gliptoneeurope.com\/de\/wp-json\/wp\/v2\/media\/11055"}],"wp:attachment":[{"href":"https:\/\/gliptoneeurope.com\/de\/wp-json\/wp\/v2\/media?parent=11430"}],"wp:term":[{"taxonomy":"product_brand","embeddable":true,"href":"https:\/\/gliptoneeurope.com\/de\/wp-json\/wp\/v2\/product_brand?post=11430"},{"taxonomy":"product_cat","embeddable":true,"href":"https:\/\/gliptoneeurope.com\/de\/wp-json\/wp\/v2\/product_cat?post=11430"},{"taxonomy":"product_tag","embeddable":true,"href":"https:\/\/gliptoneeurope.com\/de\/wp-json\/wp\/v2\/product_tag?post=11430"}],"curies":[{"name":"wp","href":"https:\/\/api.w.org\/{rel}","templated":true}]}}