{"id":11415,"date":"2021-06-17T10:20:41","date_gmt":"2021-11-30T11:32:18","guid":{"rendered":"https:\/\/gliptoneeurope.com\/product\/detailer-starter-kit\/"},"modified":"2021-11-30T11:32:18","modified_gmt":"2021-11-30T11:32:18","slug":"detailer-starter-kit-2","status":"publish","type":"product","link":"https:\/\/gliptoneeurope.com\/de\/produkt\/detailer-starter-kit-2\/","title":{"rendered":"Detailer-Starter-Kit"},"content":{"rendered":"<p>Unser Detailer Starter Kit ist perfekt, um Ihrem Auto etwas Pflege zu geben. Kommt mit allen Detailing-Produkten, um ein professionelles Finish zu erzielen.<\/p>\n<p>Die in diesem Angebot enthaltenen Produkte sind unser pH-neutrales Premium-Shampoo Wash-n-Glow, Body Clay Bar, Express Exterior Detailer, Glipgloss Wax-after-Wash, Express Interior Detailer und ein 5er-Pack unserer Mehrzweck-Mikrofaser-Reinigungst\u00fccher.<\/p>\n<p>Verwenden Sie <a href=\"https:\/\/gliptoneeurope.com\/product\/wash-n-glow\/\">Wash-n-Glow<\/a> , um Oberfl\u00e4chenschmutz und Schmutz zu entfernen, bevor Sie mit unserem <a href=\"https:\/\/gliptoneeurope.com\/product\/body-bar-clay-bar\/\">Body Clay Bar<\/a> mit <a href=\"https:\/\/gliptoneeurope.com\/product\/express-exterior-detailer\/\">Express Interior Detailer<\/a> als Schmiermittel Verunreinigungen wie Bremsstaub und Insektenr\u00fcckst\u00e4nde aus dem Auto entfernen. Sobald das \u00c4u\u00dfere des Autos sauber ist, tragen Sie einfach unser <a href=\"https:\/\/gliptoneeurope.com\/product\/glipgloss-wax-after-wash\/\">Glipgloss Wax-after Wash<\/a> auf, um ihm einen hervorragenden Glanz und ein \u00fcberragendes Finish zu verleihen.<\/p>\n<p>F\u00fcr Ihren Autoinnenraum des Autos verwenden Sie unseren <a href=\"https:\/\/gliptoneeurope.com\/product\/express-interior-detailer\/\">Express Interior Detailer<\/a> einfach auf eines unserer <a href=\"https:\/\/gliptoneeurope.com\/product\/multi-purpose-microfibre-cleaning-towels\/\">Mikrofaser-Reinigungst\u00fccher aufspr\u00fchen<\/a> und auf das Armaturenbrett, Lenkrad, Display usw.<\/p>\n","protected":false},"excerpt":{"rendered":"<p>Unser Detailer Starter Kit ist perfekt, um Ihrem Auto etwas Pflege zu geben. Kommt mit allen Detailing-Produkten, um ein professionelles Finish zu erzielen. Die in diesem Angebot enthaltenen Produkte sind unser pH-neutrales Premium-Shampoo Wash-n-Glow, Body Clay Bar, Express Exterior Detailer, Glipgloss Wax-after-Wash, Express Interior Detailer und ein 5er-Pack unserer Mehrzweck-Mikrofaser-Reinigungst\u00fccher. Verwenden Sie Wash-n-Glow , um [&hellip;]<\/p>\n","protected":false},"featured_media":11063,"template":"","meta":[],"product_brand":[],"product_cat":[102,95],"product_tag":[],"class_list":{"0":"post-11415","1":"product","2":"type-product","3":"status-publish","4":"has-post-thumbnail","6":"product_cat-bausatze","7":"product_cat-neue-produkte","9":"first","10":"instock","11":"taxable","12":"shipping-taxable","13":"purchasable","14":"product-type-simple"},"yoast_head":"<!-- This site is optimized with the Yoast SEO Premium plugin v21.4 (Yoast SEO v27.5) - https:\/\/yoast.com\/product\/yoast-seo-premium-wordpress\/ -->\n<title>Detailer-Starter-Kit - Gliptone Europe<\/title>\n<meta name=\"description\" content=\"Unser Detailer Starter Kit ist perfekt, um Ihrem Auto etwas Pflege zu geben. Kommt mit allen Detailing-Produkten, um ein professionelles Finish zu erzielen.\" \/>\n<meta name=\"robots\" content=\"index, follow, max-snippet:-1, max-image-preview:large, max-video-preview:-1\" \/>\n<link rel=\"canonical\" href=\"https:\/\/gliptoneeurope.com\/de\/produkt\/detailer-starter-kit-2\/\" \/>\n<meta property=\"og:locale\" content=\"de_DE\" \/>\n<meta property=\"og:type\" content=\"article\" \/>\n<meta property=\"og:title\" content=\"Detailer-Starter-Kit\" \/>\n<meta property=\"og:description\" content=\"Unser Detailer Starter Kit ist perfekt, um Ihrem Auto etwas Pflege zu geben. Kommt mit allen Detailing-Produkten, um ein professionelles Finish zu\" \/>\n<meta property=\"og:url\" content=\"https:\/\/gliptoneeurope.com\/de\/produkt\/detailer-starter-kit-2\/\" \/>\n<meta property=\"og:site_name\" content=\"Gliptone Europe\" \/>\n<meta property=\"article:publisher\" content=\"https:\/\/www.facebook.com\/gliptoneeurope\/\" \/>\n<meta property=\"og:image\" content=\"https:\/\/gliptoneeurope.com\/wp-content\/uploads\/Fathers-Day-Dill-_-xxl_print-scaled.jpg\" \/>\n\t<meta property=\"og:image:width\" content=\"2560\" \/>\n\t<meta property=\"og:image:height\" content=\"1707\" \/>\n\t<meta property=\"og:image:type\" content=\"image\/jpeg\" \/>\n<meta name=\"twitter:card\" content=\"summary_large_image\" \/>\n<meta name=\"twitter:label1\" content=\"Gesch\u00e4tzte Lesezeit\" \/>\n\t<meta name=\"twitter:data1\" content=\"1\u00a0Minute\" \/>\n<script type=\"application\/ld+json\" class=\"yoast-schema-graph\">{\"@context\":\"https:\\\/\\\/schema.org\",\"@graph\":[{\"@type\":\"WebPage\",\"@id\":\"https:\\\/\\\/gliptoneeurope.com\\\/de\\\/produkt\\\/detailer-starter-kit-2\\\/\",\"url\":\"https:\\\/\\\/gliptoneeurope.com\\\/de\\\/produkt\\\/detailer-starter-kit-2\\\/\",\"name\":\"Detailer-Starter-Kit - Gliptone Europe\",\"isPartOf\":{\"@id\":\"https:\\\/\\\/gliptoneeurope.com\\\/#website\"},\"primaryImageOfPage\":{\"@id\":\"https:\\\/\\\/gliptoneeurope.com\\\/de\\\/produkt\\\/detailer-starter-kit-2\\\/#primaryimage\"},\"image\":{\"@id\":\"https:\\\/\\\/gliptoneeurope.com\\\/de\\\/produkt\\\/detailer-starter-kit-2\\\/#primaryimage\"},\"thumbnailUrl\":\"https:\\\/\\\/gliptoneeurope.com\\\/wp-content\\\/uploads\\\/Fathers-Day-Dill-_-xxl_print-scaled.jpg\",\"datePublished\":\"2021-11-30T11:32:18+00:00\",\"description\":\"Unser Detailer Starter Kit ist perfekt, um Ihrem Auto etwas Pflege zu geben. Kommt mit allen Detailing-Produkten, um ein professionelles Finish zu erzielen.\",\"breadcrumb\":{\"@id\":\"https:\\\/\\\/gliptoneeurope.com\\\/de\\\/produkt\\\/detailer-starter-kit-2\\\/#breadcrumb\"},\"inLanguage\":\"de\",\"potentialAction\":[{\"@type\":\"ReadAction\",\"target\":[\"https:\\\/\\\/gliptoneeurope.com\\\/de\\\/produkt\\\/detailer-starter-kit-2\\\/\"]}]},{\"@type\":\"ImageObject\",\"inLanguage\":\"de\",\"@id\":\"https:\\\/\\\/gliptoneeurope.com\\\/de\\\/produkt\\\/detailer-starter-kit-2\\\/#primaryimage\",\"url\":\"https:\\\/\\\/gliptoneeurope.com\\\/wp-content\\\/uploads\\\/Fathers-Day-Dill-_-xxl_print-scaled.jpg\",\"contentUrl\":\"https:\\\/\\\/gliptoneeurope.com\\\/wp-content\\\/uploads\\\/Fathers-Day-Dill-_-xxl_print-scaled.jpg\",\"width\":2560,\"height\":1707},{\"@type\":\"BreadcrumbList\",\"@id\":\"https:\\\/\\\/gliptoneeurope.com\\\/de\\\/produkt\\\/detailer-starter-kit-2\\\/#breadcrumb\",\"itemListElement\":[{\"@type\":\"ListItem\",\"position\":1,\"name\":\"Home\",\"item\":\"https:\\\/\\\/gliptoneeurope.com\\\/\"},{\"@type\":\"ListItem\",\"position\":2,\"name\":\"Shop\",\"item\":\"https:\\\/\\\/gliptoneeurope.com\\\/de\\\/shop-2\\\/\"},{\"@type\":\"ListItem\",\"position\":3,\"name\":\"Detailer-Starter-Kit\"}]},{\"@type\":\"WebSite\",\"@id\":\"https:\\\/\\\/gliptoneeurope.com\\\/#website\",\"url\":\"https:\\\/\\\/gliptoneeurope.com\\\/\",\"name\":\"Gliptone Europe\",\"description\":\"Professional Car Detailing Products\",\"publisher\":{\"@id\":\"https:\\\/\\\/gliptoneeurope.com\\\/#organization\"},\"potentialAction\":[{\"@type\":\"SearchAction\",\"target\":{\"@type\":\"EntryPoint\",\"urlTemplate\":\"https:\\\/\\\/gliptoneeurope.com\\\/?s={search_term_string}\"},\"query-input\":{\"@type\":\"PropertyValueSpecification\",\"valueRequired\":true,\"valueName\":\"search_term_string\"}}],\"inLanguage\":\"de\"},{\"@type\":\"Organization\",\"@id\":\"https:\\\/\\\/gliptoneeurope.com\\\/#organization\",\"name\":\"Gliptone Europe\",\"url\":\"https:\\\/\\\/gliptoneeurope.com\\\/\",\"logo\":{\"@type\":\"ImageObject\",\"inLanguage\":\"de\",\"@id\":\"https:\\\/\\\/gliptoneeurope.com\\\/#\\\/schema\\\/logo\\\/image\\\/\",\"url\":\"https:\\\/\\\/gliptoneeurope.com\\\/wp-content\\\/uploads\\\/Gliptone_Logo.png\",\"contentUrl\":\"https:\\\/\\\/gliptoneeurope.com\\\/wp-content\\\/uploads\\\/Gliptone_Logo.png\",\"width\":1472,\"height\":607,\"caption\":\"Gliptone Europe\"},\"image\":{\"@id\":\"https:\\\/\\\/gliptoneeurope.com\\\/#\\\/schema\\\/logo\\\/image\\\/\"},\"sameAs\":[\"https:\\\/\\\/www.facebook.com\\\/gliptoneeurope\\\/\",\"https:\\\/\\\/www.instagram.com\\\/gliptoneeurope\\\/\",\"https:\\\/\\\/www.pinterest.co.uk\\\/GliptoneEurope\\\/\"]}]}<\/script>\n<!-- \/ Yoast SEO Premium plugin. -->","yoast_head_json":{"title":"Detailer-Starter-Kit - Gliptone Europe","description":"Unser Detailer Starter Kit ist perfekt, um Ihrem Auto etwas Pflege zu geben. Kommt mit allen Detailing-Produkten, um ein professionelles Finish zu erzielen.","robots":{"index":"index","follow":"follow","max-snippet":"max-snippet:-1","max-image-preview":"max-image-preview:large","max-video-preview":"max-video-preview:-1"},"canonical":"https:\/\/gliptoneeurope.com\/de\/produkt\/detailer-starter-kit-2\/","og_locale":"de_DE","og_type":"article","og_title":"Detailer-Starter-Kit","og_description":"Unser Detailer Starter Kit ist perfekt, um Ihrem Auto etwas Pflege zu geben. Kommt mit allen Detailing-Produkten, um ein professionelles Finish zu","og_url":"https:\/\/gliptoneeurope.com\/de\/produkt\/detailer-starter-kit-2\/","og_site_name":"Gliptone Europe","article_publisher":"https:\/\/www.facebook.com\/gliptoneeurope\/","og_image":[{"width":2560,"height":1707,"url":"https:\/\/gliptoneeurope.com\/wp-content\/uploads\/Fathers-Day-Dill-_-xxl_print-scaled.jpg","type":"image\/jpeg"}],"twitter_card":"summary_large_image","twitter_misc":{"Gesch\u00e4tzte Lesezeit":"1\u00a0Minute"},"schema":{"@context":"https:\/\/schema.org","@graph":[{"@type":"WebPage","@id":"https:\/\/gliptoneeurope.com\/de\/produkt\/detailer-starter-kit-2\/","url":"https:\/\/gliptoneeurope.com\/de\/produkt\/detailer-starter-kit-2\/","name":"Detailer-Starter-Kit - Gliptone Europe","isPartOf":{"@id":"https:\/\/gliptoneeurope.com\/#website"},"primaryImageOfPage":{"@id":"https:\/\/gliptoneeurope.com\/de\/produkt\/detailer-starter-kit-2\/#primaryimage"},"image":{"@id":"https:\/\/gliptoneeurope.com\/de\/produkt\/detailer-starter-kit-2\/#primaryimage"},"thumbnailUrl":"https:\/\/gliptoneeurope.com\/wp-content\/uploads\/Fathers-Day-Dill-_-xxl_print-scaled.jpg","datePublished":"2021-11-30T11:32:18+00:00","description":"Unser Detailer Starter Kit ist perfekt, um Ihrem Auto etwas Pflege zu geben. Kommt mit allen Detailing-Produkten, um ein professionelles Finish zu erzielen.","breadcrumb":{"@id":"https:\/\/gliptoneeurope.com\/de\/produkt\/detailer-starter-kit-2\/#breadcrumb"},"inLanguage":"de","potentialAction":[{"@type":"ReadAction","target":["https:\/\/gliptoneeurope.com\/de\/produkt\/detailer-starter-kit-2\/"]}]},{"@type":"ImageObject","inLanguage":"de","@id":"https:\/\/gliptoneeurope.com\/de\/produkt\/detailer-starter-kit-2\/#primaryimage","url":"https:\/\/gliptoneeurope.com\/wp-content\/uploads\/Fathers-Day-Dill-_-xxl_print-scaled.jpg","contentUrl":"https:\/\/gliptoneeurope.com\/wp-content\/uploads\/Fathers-Day-Dill-_-xxl_print-scaled.jpg","width":2560,"height":1707},{"@type":"BreadcrumbList","@id":"https:\/\/gliptoneeurope.com\/de\/produkt\/detailer-starter-kit-2\/#breadcrumb","itemListElement":[{"@type":"ListItem","position":1,"name":"Home","item":"https:\/\/gliptoneeurope.com\/"},{"@type":"ListItem","position":2,"name":"Shop","item":"https:\/\/gliptoneeurope.com\/de\/shop-2\/"},{"@type":"ListItem","position":3,"name":"Detailer-Starter-Kit"}]},{"@type":"WebSite","@id":"https:\/\/gliptoneeurope.com\/#website","url":"https:\/\/gliptoneeurope.com\/","name":"Gliptone Europe","description":"Professional Car Detailing Products","publisher":{"@id":"https:\/\/gliptoneeurope.com\/#organization"},"potentialAction":[{"@type":"SearchAction","target":{"@type":"EntryPoint","urlTemplate":"https:\/\/gliptoneeurope.com\/?s={search_term_string}"},"query-input":{"@type":"PropertyValueSpecification","valueRequired":true,"valueName":"search_term_string"}}],"inLanguage":"de"},{"@type":"Organization","@id":"https:\/\/gliptoneeurope.com\/#organization","name":"Gliptone Europe","url":"https:\/\/gliptoneeurope.com\/","logo":{"@type":"ImageObject","inLanguage":"de","@id":"https:\/\/gliptoneeurope.com\/#\/schema\/logo\/image\/","url":"https:\/\/gliptoneeurope.com\/wp-content\/uploads\/Gliptone_Logo.png","contentUrl":"https:\/\/gliptoneeurope.com\/wp-content\/uploads\/Gliptone_Logo.png","width":1472,"height":607,"caption":"Gliptone Europe"},"image":{"@id":"https:\/\/gliptoneeurope.com\/#\/schema\/logo\/image\/"},"sameAs":["https:\/\/www.facebook.com\/gliptoneeurope\/","https:\/\/www.instagram.com\/gliptoneeurope\/","https:\/\/www.pinterest.co.uk\/GliptoneEurope\/"]}]}},"wcpa_form_fields":null,"_links":{"self":[{"href":"https:\/\/gliptoneeurope.com\/de\/wp-json\/wp\/v2\/product\/11415","targetHints":{"allow":["GET"]}}],"collection":[{"href":"https:\/\/gliptoneeurope.com\/de\/wp-json\/wp\/v2\/product"}],"about":[{"href":"https:\/\/gliptoneeurope.com\/de\/wp-json\/wp\/v2\/types\/product"}],"wp:featuredmedia":[{"embeddable":true,"href":"https:\/\/gliptoneeurope.com\/de\/wp-json\/wp\/v2\/media\/11063"}],"wp:attachment":[{"href":"https:\/\/gliptoneeurope.com\/de\/wp-json\/wp\/v2\/media?parent=11415"}],"wp:term":[{"taxonomy":"product_brand","embeddable":true,"href":"https:\/\/gliptoneeurope.com\/de\/wp-json\/wp\/v2\/product_brand?post=11415"},{"taxonomy":"product_cat","embeddable":true,"href":"https:\/\/gliptoneeurope.com\/de\/wp-json\/wp\/v2\/product_cat?post=11415"},{"taxonomy":"product_tag","embeddable":true,"href":"https:\/\/gliptoneeurope.com\/de\/wp-json\/wp\/v2\/product_tag?post=11415"}],"curies":[{"name":"wp","href":"https:\/\/api.w.org\/{rel}","templated":true}]}}