{"id":11408,"date":"2021-06-08T13:59:57","date_gmt":"2021-11-30T11:32:15","guid":{"rendered":"https:\/\/gliptoneeurope.com\/product\/aussenpolitur-kit\/"},"modified":"2021-11-30T11:32:15","modified_gmt":"2021-11-30T11:32:15","slug":"exterieur-polier-kit","status":"publish","type":"product","link":"https:\/\/gliptoneeurope.com\/de\/produkt\/exterieur-polier-kit\/","title":{"rendered":"Au\u00dfenpolitur-Kit"},"content":{"rendered":"<p>Unser Au\u00dfenpolitur-Kit kombiniert unsere Klarlackpolitur mit Platin-Creme-Wachs, um Ihrem Auto au\u00dfen einen glatten und sauberen Glanz zu verleihen, komplett mit 2 Applikatorschw\u00e4mmen und 2 unserer <a href=\"https:\/\/gliptoneeurope.com\/product\/polishing-buffing-550gsm-edgeless-plush-microfibre\/\">Polier- \/ Polierpl\u00fcsch-Mikrofasert\u00fccher<\/a> .<\/p>\n<p>Nachdem Sie Ihr Auto mit unserem pH-neutralen Shampoo <a href=\"https:\/\/gliptoneeurope.com\/product\/wash-n-glow\/\">Wash-n-Glow<\/a> gewaschen haben, tragen Sie einfach unsere Klarlackpolitur auf, um Ihren Au\u00dfenlack zu polieren und zu sch\u00fctzen, bevor Sie mit unserem <a href=\"https:\/\/gliptoneeurope.com\/product\/platinum-cream-wax\/\">Platinum Cream Wax<\/a> fertig werden, einer einfach anzuwendenden <a href=\"https:\/\/gliptoneeurope.com\/product\/clear-coat-polish\/\">Cremeformel<\/a> , die sich perfekt f\u00fcr jede Au\u00dfenpolitur eignet.<\/p>\n","protected":false},"excerpt":{"rendered":"<p>Unser Au\u00dfenpolitur-Kit kombiniert unsere Klarlackpolitur mit Platin-Creme-Wachs, um Ihrem Auto au\u00dfen einen glatten und sauberen Glanz zu verleihen, komplett mit 2 Applikatorschw\u00e4mmen und 2 unserer Polier- \/ Polierpl\u00fcsch-Mikrofasert\u00fccher . Nachdem Sie Ihr Auto mit unserem pH-neutralen Shampoo Wash-n-Glow gewaschen haben, tragen Sie einfach unsere Klarlackpolitur auf, um Ihren Au\u00dfenlack zu polieren und zu sch\u00fctzen, bevor [&hellip;]<\/p>\n","protected":false},"featured_media":11057,"template":"","meta":[],"product_brand":[],"product_cat":[102,95],"product_tag":[],"class_list":{"0":"post-11408","1":"product","2":"type-product","3":"status-publish","4":"has-post-thumbnail","6":"product_cat-bausatze","7":"product_cat-neue-produkte","9":"first","10":"instock","11":"taxable","12":"shipping-taxable","13":"purchasable","14":"product-type-simple"},"yoast_head":"<!-- This site is optimized with the Yoast SEO Premium plugin v21.4 (Yoast SEO v27.4) - https:\/\/yoast.com\/product\/yoast-seo-premium-wordpress\/ -->\n<title>Au\u00dfenpolitur-Kit - Gliptone Europe<\/title>\n<meta name=\"description\" content=\"Unser Au\u00dfenpolitur-Kit kombiniert unsere Klarlackpolitur mit Platinum Cream Wax, um Ihrem Auto einen glatten und sauberen Glanz zu verleihen\" \/>\n<meta name=\"robots\" content=\"index, follow, max-snippet:-1, max-image-preview:large, max-video-preview:-1\" \/>\n<link rel=\"canonical\" href=\"https:\/\/gliptoneeurope.com\/de\/produkt\/exterieur-polier-kit\/\" \/>\n<meta property=\"og:locale\" content=\"de_DE\" \/>\n<meta property=\"og:type\" content=\"article\" \/>\n<meta property=\"og:title\" content=\"Au\u00dfenpolitur-Kit\" \/>\n<meta property=\"og:description\" content=\"Unser Au\u00dfenpolitur-Kit kombiniert unsere Klarlackpolitur mit Platin-Creme-Wachs, um Ihrem Auto au\u00dfen einen glatten und sauberen Glanz zu verleihen,\" \/>\n<meta property=\"og:url\" content=\"https:\/\/gliptoneeurope.com\/de\/produkt\/exterieur-polier-kit\/\" \/>\n<meta property=\"og:site_name\" content=\"Gliptone Europe\" \/>\n<meta property=\"article:publisher\" content=\"https:\/\/www.facebook.com\/gliptoneeurope\/\" \/>\n<meta property=\"og:image\" content=\"https:\/\/gliptoneeurope.com\/wp-content\/uploads\/Exterior-Polish-Deal.jpg\" \/>\n\t<meta property=\"og:image:width\" content=\"1417\" \/>\n\t<meta property=\"og:image:height\" content=\"1417\" \/>\n\t<meta property=\"og:image:type\" content=\"image\/jpeg\" \/>\n<meta name=\"twitter:card\" content=\"summary_large_image\" \/>\n<script type=\"application\/ld+json\" class=\"yoast-schema-graph\">{\"@context\":\"https:\\\/\\\/schema.org\",\"@graph\":[{\"@type\":\"WebPage\",\"@id\":\"https:\\\/\\\/gliptoneeurope.com\\\/de\\\/produkt\\\/exterieur-polier-kit\\\/\",\"url\":\"https:\\\/\\\/gliptoneeurope.com\\\/de\\\/produkt\\\/exterieur-polier-kit\\\/\",\"name\":\"Au\u00dfenpolitur-Kit - Gliptone Europe\",\"isPartOf\":{\"@id\":\"https:\\\/\\\/gliptoneeurope.com\\\/#website\"},\"primaryImageOfPage\":{\"@id\":\"https:\\\/\\\/gliptoneeurope.com\\\/de\\\/produkt\\\/exterieur-polier-kit\\\/#primaryimage\"},\"image\":{\"@id\":\"https:\\\/\\\/gliptoneeurope.com\\\/de\\\/produkt\\\/exterieur-polier-kit\\\/#primaryimage\"},\"thumbnailUrl\":\"https:\\\/\\\/gliptoneeurope.com\\\/wp-content\\\/uploads\\\/Exterior-Polish-Deal.jpg\",\"datePublished\":\"2021-11-30T11:32:15+00:00\",\"description\":\"Unser Au\u00dfenpolitur-Kit kombiniert unsere Klarlackpolitur mit Platinum Cream Wax, um Ihrem Auto einen glatten und sauberen Glanz zu verleihen\",\"breadcrumb\":{\"@id\":\"https:\\\/\\\/gliptoneeurope.com\\\/de\\\/produkt\\\/exterieur-polier-kit\\\/#breadcrumb\"},\"inLanguage\":\"de\",\"potentialAction\":[{\"@type\":\"ReadAction\",\"target\":[\"https:\\\/\\\/gliptoneeurope.com\\\/de\\\/produkt\\\/exterieur-polier-kit\\\/\"]}]},{\"@type\":\"ImageObject\",\"inLanguage\":\"de\",\"@id\":\"https:\\\/\\\/gliptoneeurope.com\\\/de\\\/produkt\\\/exterieur-polier-kit\\\/#primaryimage\",\"url\":\"https:\\\/\\\/gliptoneeurope.com\\\/wp-content\\\/uploads\\\/Exterior-Polish-Deal.jpg\",\"contentUrl\":\"https:\\\/\\\/gliptoneeurope.com\\\/wp-content\\\/uploads\\\/Exterior-Polish-Deal.jpg\",\"width\":1417,\"height\":1417},{\"@type\":\"BreadcrumbList\",\"@id\":\"https:\\\/\\\/gliptoneeurope.com\\\/de\\\/produkt\\\/exterieur-polier-kit\\\/#breadcrumb\",\"itemListElement\":[{\"@type\":\"ListItem\",\"position\":1,\"name\":\"Home\",\"item\":\"https:\\\/\\\/gliptoneeurope.com\\\/\"},{\"@type\":\"ListItem\",\"position\":2,\"name\":\"Shop\",\"item\":\"https:\\\/\\\/gliptoneeurope.com\\\/de\\\/shop-2\\\/\"},{\"@type\":\"ListItem\",\"position\":3,\"name\":\"Au\u00dfenpolitur-Kit\"}]},{\"@type\":\"WebSite\",\"@id\":\"https:\\\/\\\/gliptoneeurope.com\\\/#website\",\"url\":\"https:\\\/\\\/gliptoneeurope.com\\\/\",\"name\":\"Gliptone Europe\",\"description\":\"Professional Car Detailing Products\",\"publisher\":{\"@id\":\"https:\\\/\\\/gliptoneeurope.com\\\/#organization\"},\"potentialAction\":[{\"@type\":\"SearchAction\",\"target\":{\"@type\":\"EntryPoint\",\"urlTemplate\":\"https:\\\/\\\/gliptoneeurope.com\\\/?s={search_term_string}\"},\"query-input\":{\"@type\":\"PropertyValueSpecification\",\"valueRequired\":true,\"valueName\":\"search_term_string\"}}],\"inLanguage\":\"de\"},{\"@type\":\"Organization\",\"@id\":\"https:\\\/\\\/gliptoneeurope.com\\\/#organization\",\"name\":\"Gliptone Europe\",\"url\":\"https:\\\/\\\/gliptoneeurope.com\\\/\",\"logo\":{\"@type\":\"ImageObject\",\"inLanguage\":\"de\",\"@id\":\"https:\\\/\\\/gliptoneeurope.com\\\/#\\\/schema\\\/logo\\\/image\\\/\",\"url\":\"https:\\\/\\\/gliptoneeurope.com\\\/wp-content\\\/uploads\\\/Gliptone_Logo.png\",\"contentUrl\":\"https:\\\/\\\/gliptoneeurope.com\\\/wp-content\\\/uploads\\\/Gliptone_Logo.png\",\"width\":1472,\"height\":607,\"caption\":\"Gliptone Europe\"},\"image\":{\"@id\":\"https:\\\/\\\/gliptoneeurope.com\\\/#\\\/schema\\\/logo\\\/image\\\/\"},\"sameAs\":[\"https:\\\/\\\/www.facebook.com\\\/gliptoneeurope\\\/\",\"https:\\\/\\\/www.instagram.com\\\/gliptoneeurope\\\/\",\"https:\\\/\\\/www.pinterest.co.uk\\\/GliptoneEurope\\\/\"]}]}<\/script>\n<!-- \/ Yoast SEO Premium plugin. -->","yoast_head_json":{"title":"Au\u00dfenpolitur-Kit - Gliptone Europe","description":"Unser Au\u00dfenpolitur-Kit kombiniert unsere Klarlackpolitur mit Platinum Cream Wax, um Ihrem Auto einen glatten und sauberen Glanz zu verleihen","robots":{"index":"index","follow":"follow","max-snippet":"max-snippet:-1","max-image-preview":"max-image-preview:large","max-video-preview":"max-video-preview:-1"},"canonical":"https:\/\/gliptoneeurope.com\/de\/produkt\/exterieur-polier-kit\/","og_locale":"de_DE","og_type":"article","og_title":"Au\u00dfenpolitur-Kit","og_description":"Unser Au\u00dfenpolitur-Kit kombiniert unsere Klarlackpolitur mit Platin-Creme-Wachs, um Ihrem Auto au\u00dfen einen glatten und sauberen Glanz zu verleihen,","og_url":"https:\/\/gliptoneeurope.com\/de\/produkt\/exterieur-polier-kit\/","og_site_name":"Gliptone Europe","article_publisher":"https:\/\/www.facebook.com\/gliptoneeurope\/","og_image":[{"width":1417,"height":1417,"url":"https:\/\/gliptoneeurope.com\/wp-content\/uploads\/Exterior-Polish-Deal.jpg","type":"image\/jpeg"}],"twitter_card":"summary_large_image","schema":{"@context":"https:\/\/schema.org","@graph":[{"@type":"WebPage","@id":"https:\/\/gliptoneeurope.com\/de\/produkt\/exterieur-polier-kit\/","url":"https:\/\/gliptoneeurope.com\/de\/produkt\/exterieur-polier-kit\/","name":"Au\u00dfenpolitur-Kit - Gliptone Europe","isPartOf":{"@id":"https:\/\/gliptoneeurope.com\/#website"},"primaryImageOfPage":{"@id":"https:\/\/gliptoneeurope.com\/de\/produkt\/exterieur-polier-kit\/#primaryimage"},"image":{"@id":"https:\/\/gliptoneeurope.com\/de\/produkt\/exterieur-polier-kit\/#primaryimage"},"thumbnailUrl":"https:\/\/gliptoneeurope.com\/wp-content\/uploads\/Exterior-Polish-Deal.jpg","datePublished":"2021-11-30T11:32:15+00:00","description":"Unser Au\u00dfenpolitur-Kit kombiniert unsere Klarlackpolitur mit Platinum Cream Wax, um Ihrem Auto einen glatten und sauberen Glanz zu verleihen","breadcrumb":{"@id":"https:\/\/gliptoneeurope.com\/de\/produkt\/exterieur-polier-kit\/#breadcrumb"},"inLanguage":"de","potentialAction":[{"@type":"ReadAction","target":["https:\/\/gliptoneeurope.com\/de\/produkt\/exterieur-polier-kit\/"]}]},{"@type":"ImageObject","inLanguage":"de","@id":"https:\/\/gliptoneeurope.com\/de\/produkt\/exterieur-polier-kit\/#primaryimage","url":"https:\/\/gliptoneeurope.com\/wp-content\/uploads\/Exterior-Polish-Deal.jpg","contentUrl":"https:\/\/gliptoneeurope.com\/wp-content\/uploads\/Exterior-Polish-Deal.jpg","width":1417,"height":1417},{"@type":"BreadcrumbList","@id":"https:\/\/gliptoneeurope.com\/de\/produkt\/exterieur-polier-kit\/#breadcrumb","itemListElement":[{"@type":"ListItem","position":1,"name":"Home","item":"https:\/\/gliptoneeurope.com\/"},{"@type":"ListItem","position":2,"name":"Shop","item":"https:\/\/gliptoneeurope.com\/de\/shop-2\/"},{"@type":"ListItem","position":3,"name":"Au\u00dfenpolitur-Kit"}]},{"@type":"WebSite","@id":"https:\/\/gliptoneeurope.com\/#website","url":"https:\/\/gliptoneeurope.com\/","name":"Gliptone Europe","description":"Professional Car Detailing Products","publisher":{"@id":"https:\/\/gliptoneeurope.com\/#organization"},"potentialAction":[{"@type":"SearchAction","target":{"@type":"EntryPoint","urlTemplate":"https:\/\/gliptoneeurope.com\/?s={search_term_string}"},"query-input":{"@type":"PropertyValueSpecification","valueRequired":true,"valueName":"search_term_string"}}],"inLanguage":"de"},{"@type":"Organization","@id":"https:\/\/gliptoneeurope.com\/#organization","name":"Gliptone Europe","url":"https:\/\/gliptoneeurope.com\/","logo":{"@type":"ImageObject","inLanguage":"de","@id":"https:\/\/gliptoneeurope.com\/#\/schema\/logo\/image\/","url":"https:\/\/gliptoneeurope.com\/wp-content\/uploads\/Gliptone_Logo.png","contentUrl":"https:\/\/gliptoneeurope.com\/wp-content\/uploads\/Gliptone_Logo.png","width":1472,"height":607,"caption":"Gliptone Europe"},"image":{"@id":"https:\/\/gliptoneeurope.com\/#\/schema\/logo\/image\/"},"sameAs":["https:\/\/www.facebook.com\/gliptoneeurope\/","https:\/\/www.instagram.com\/gliptoneeurope\/","https:\/\/www.pinterest.co.uk\/GliptoneEurope\/"]}]}},"wcpa_form_fields":null,"_links":{"self":[{"href":"https:\/\/gliptoneeurope.com\/de\/wp-json\/wp\/v2\/product\/11408","targetHints":{"allow":["GET"]}}],"collection":[{"href":"https:\/\/gliptoneeurope.com\/de\/wp-json\/wp\/v2\/product"}],"about":[{"href":"https:\/\/gliptoneeurope.com\/de\/wp-json\/wp\/v2\/types\/product"}],"wp:featuredmedia":[{"embeddable":true,"href":"https:\/\/gliptoneeurope.com\/de\/wp-json\/wp\/v2\/media\/11057"}],"wp:attachment":[{"href":"https:\/\/gliptoneeurope.com\/de\/wp-json\/wp\/v2\/media?parent=11408"}],"wp:term":[{"taxonomy":"product_brand","embeddable":true,"href":"https:\/\/gliptoneeurope.com\/de\/wp-json\/wp\/v2\/product_brand?post=11408"},{"taxonomy":"product_cat","embeddable":true,"href":"https:\/\/gliptoneeurope.com\/de\/wp-json\/wp\/v2\/product_cat?post=11408"},{"taxonomy":"product_tag","embeddable":true,"href":"https:\/\/gliptoneeurope.com\/de\/wp-json\/wp\/v2\/product_tag?post=11408"}],"curies":[{"name":"wp","href":"https:\/\/api.w.org\/{rel}","templated":true}]}}