{"id":11406,"date":"2021-05-26T11:16:58","date_gmt":"2021-11-30T11:32:14","guid":{"rendered":"https:\/\/gliptoneeurope.com\/product\/65ml-gt12-intensivreiniger-kostenlose-probe\/"},"modified":"2023-12-04T16:47:02","modified_gmt":"2023-12-04T16:47:02","slug":"65ml-gt12-intensiv-reiniger-freie-probe","status":"publish","type":"product","link":"https:\/\/gliptoneeurope.com\/de\/produkt\/65ml-gt12-intensiv-reiniger-freie-probe\/","title":{"rendered":"65ml &#8211; GT12 Intensivreiniger KOSTENLOSE Probe"},"content":{"rendered":"<p>GT12 Intensive Cleaner ist ein dickfl\u00fcssiger, konzentrierter, pH-neutraler Lederreiniger, der sich ideal zur Vorbereitung von verschmutztem Leder vor der Konditionierung eignet. Mit Glyzerin reinigt es stark verschmutztes Leder schnell und gr\u00fcndlich, ohne die N\u00e4hte zu besch\u00e4digen.<\/p>\n<p>Dieses Produkt finden Sie in unserem <a href=\"https:\/\/gliptoneeurope.com\/product\/car-leather-care-kit\/\">Car Leather Care Kit<\/a> , das alle Detailprodukte zum Reinigen, Sch\u00fctzen und Pflegen der Lederausstattung Ihres Autos enth\u00e4lt.<\/p>\n<p>65ml KOSTENLOSE Probe.<\/p>\n","protected":false},"excerpt":{"rendered":"<p>GT12 Intensive Cleaner ist ein dickfl\u00fcssiger, konzentrierter, pH-neutraler Lederreiniger, der sich ideal zur Vorbereitung von verschmutztem Leder vor der Konditionierung eignet. Mit Glyzerin reinigt es stark verschmutztes Leder schnell und gr\u00fcndlich, ohne die N\u00e4hte zu besch\u00e4digen. Dieses Produkt finden Sie in unserem Car Leather Care Kit , das alle Detailprodukte zum Reinigen, Sch\u00fctzen und Pflegen [&hellip;]<\/p>\n","protected":false},"featured_media":10679,"template":"","meta":[],"product_brand":[],"product_cat":[91],"product_tag":[],"class_list":{"0":"post-11406","1":"product","2":"type-product","3":"status-publish","4":"has-post-thumbnail","6":"product_cat-leder","8":"first","9":"instock","10":"taxable","11":"shipping-taxable","12":"purchasable","13":"product-type-simple"},"yoast_head":"<!-- This site is optimized with the Yoast SEO Premium plugin v21.4 (Yoast SEO v27.4) - https:\/\/yoast.com\/product\/yoast-seo-premium-wordpress\/ -->\n<title>65ml - GT12 Intensivreiniger KOSTENLOSE Probe - Gliptone Europe<\/title>\n<meta name=\"description\" content=\"Unser GT11 Leather Conditioner ist eine dicke, nicht fettende Creme, die in das Leder einzieht und es weich macht, ohne ein klebriges oder gl\u00e4nzendes Finish zu hinterlassen.\" \/>\n<meta name=\"robots\" content=\"index, follow, max-snippet:-1, max-image-preview:large, max-video-preview:-1\" \/>\n<link rel=\"canonical\" href=\"https:\/\/gliptoneeurope.com\/de\/produkt\/65ml-gt12-intensiv-reiniger-freie-probe\/\" \/>\n<meta property=\"og:locale\" content=\"de_DE\" \/>\n<meta property=\"og:type\" content=\"article\" \/>\n<meta property=\"og:title\" content=\"65ml - GT12 Intensivreiniger KOSTENLOSE Probe\" \/>\n<meta property=\"og:description\" content=\"GT12 Intensive Cleaner ist ein dickfl\u00fcssiger, konzentrierter, pH-neutraler Lederreiniger, der sich ideal zur Vorbereitung von verschmutztem Leder vor der\" \/>\n<meta property=\"og:url\" content=\"https:\/\/gliptoneeurope.com\/de\/produkt\/65ml-gt12-intensiv-reiniger-freie-probe\/\" \/>\n<meta property=\"og:site_name\" content=\"Gliptone Europe\" \/>\n<meta property=\"article:publisher\" content=\"https:\/\/www.facebook.com\/gliptoneeurope\/\" \/>\n<meta property=\"article:modified_time\" content=\"2023-12-04T16:47:02+00:00\" \/>\n<meta property=\"og:image\" content=\"https:\/\/gliptoneeurope.com\/wp-content\/uploads\/Intensive-Cleaner-1L.jpg\" \/>\n\t<meta property=\"og:image:width\" content=\"1403\" \/>\n\t<meta property=\"og:image:height\" content=\"1402\" \/>\n\t<meta property=\"og:image:type\" content=\"image\/jpeg\" \/>\n<meta name=\"twitter:card\" content=\"summary_large_image\" \/>\n<meta name=\"twitter:label1\" content=\"Gesch\u00e4tzte Lesezeit\" \/>\n\t<meta name=\"twitter:data1\" content=\"1\u00a0Minute\" \/>\n<script type=\"application\/ld+json\" class=\"yoast-schema-graph\">{\"@context\":\"https:\\\/\\\/schema.org\",\"@graph\":[{\"@type\":\"WebPage\",\"@id\":\"https:\\\/\\\/gliptoneeurope.com\\\/de\\\/produkt\\\/65ml-gt12-intensiv-reiniger-freie-probe\\\/\",\"url\":\"https:\\\/\\\/gliptoneeurope.com\\\/de\\\/produkt\\\/65ml-gt12-intensiv-reiniger-freie-probe\\\/\",\"name\":\"65ml - GT12 Intensivreiniger KOSTENLOSE Probe - Gliptone Europe\",\"isPartOf\":{\"@id\":\"https:\\\/\\\/gliptoneeurope.com\\\/#website\"},\"primaryImageOfPage\":{\"@id\":\"https:\\\/\\\/gliptoneeurope.com\\\/de\\\/produkt\\\/65ml-gt12-intensiv-reiniger-freie-probe\\\/#primaryimage\"},\"image\":{\"@id\":\"https:\\\/\\\/gliptoneeurope.com\\\/de\\\/produkt\\\/65ml-gt12-intensiv-reiniger-freie-probe\\\/#primaryimage\"},\"thumbnailUrl\":\"https:\\\/\\\/gliptoneeurope.com\\\/wp-content\\\/uploads\\\/Intensive-Cleaner-1L.jpg\",\"datePublished\":\"2021-11-30T11:32:14+00:00\",\"dateModified\":\"2023-12-04T16:47:02+00:00\",\"description\":\"Unser GT11 Leather Conditioner ist eine dicke, nicht fettende Creme, die in das Leder einzieht und es weich macht, ohne ein klebriges oder gl\u00e4nzendes Finish zu hinterlassen.\",\"breadcrumb\":{\"@id\":\"https:\\\/\\\/gliptoneeurope.com\\\/de\\\/produkt\\\/65ml-gt12-intensiv-reiniger-freie-probe\\\/#breadcrumb\"},\"inLanguage\":\"de\",\"potentialAction\":[{\"@type\":\"ReadAction\",\"target\":[\"https:\\\/\\\/gliptoneeurope.com\\\/de\\\/produkt\\\/65ml-gt12-intensiv-reiniger-freie-probe\\\/\"]}]},{\"@type\":\"ImageObject\",\"inLanguage\":\"de\",\"@id\":\"https:\\\/\\\/gliptoneeurope.com\\\/de\\\/produkt\\\/65ml-gt12-intensiv-reiniger-freie-probe\\\/#primaryimage\",\"url\":\"https:\\\/\\\/gliptoneeurope.com\\\/wp-content\\\/uploads\\\/Intensive-Cleaner-1L.jpg\",\"contentUrl\":\"https:\\\/\\\/gliptoneeurope.com\\\/wp-content\\\/uploads\\\/Intensive-Cleaner-1L.jpg\",\"width\":1403,\"height\":1402},{\"@type\":\"BreadcrumbList\",\"@id\":\"https:\\\/\\\/gliptoneeurope.com\\\/de\\\/produkt\\\/65ml-gt12-intensiv-reiniger-freie-probe\\\/#breadcrumb\",\"itemListElement\":[{\"@type\":\"ListItem\",\"position\":1,\"name\":\"Home\",\"item\":\"https:\\\/\\\/gliptoneeurope.com\\\/\"},{\"@type\":\"ListItem\",\"position\":2,\"name\":\"Shop\",\"item\":\"https:\\\/\\\/gliptoneeurope.com\\\/de\\\/shop-2\\\/\"},{\"@type\":\"ListItem\",\"position\":3,\"name\":\"65ml &#8211; GT12 Intensivreiniger KOSTENLOSE Probe\"}]},{\"@type\":\"WebSite\",\"@id\":\"https:\\\/\\\/gliptoneeurope.com\\\/#website\",\"url\":\"https:\\\/\\\/gliptoneeurope.com\\\/\",\"name\":\"Gliptone Europe\",\"description\":\"Professional Car Detailing Products\",\"publisher\":{\"@id\":\"https:\\\/\\\/gliptoneeurope.com\\\/#organization\"},\"potentialAction\":[{\"@type\":\"SearchAction\",\"target\":{\"@type\":\"EntryPoint\",\"urlTemplate\":\"https:\\\/\\\/gliptoneeurope.com\\\/?s={search_term_string}\"},\"query-input\":{\"@type\":\"PropertyValueSpecification\",\"valueRequired\":true,\"valueName\":\"search_term_string\"}}],\"inLanguage\":\"de\"},{\"@type\":\"Organization\",\"@id\":\"https:\\\/\\\/gliptoneeurope.com\\\/#organization\",\"name\":\"Gliptone Europe\",\"url\":\"https:\\\/\\\/gliptoneeurope.com\\\/\",\"logo\":{\"@type\":\"ImageObject\",\"inLanguage\":\"de\",\"@id\":\"https:\\\/\\\/gliptoneeurope.com\\\/#\\\/schema\\\/logo\\\/image\\\/\",\"url\":\"https:\\\/\\\/gliptoneeurope.com\\\/wp-content\\\/uploads\\\/Gliptone_Logo.png\",\"contentUrl\":\"https:\\\/\\\/gliptoneeurope.com\\\/wp-content\\\/uploads\\\/Gliptone_Logo.png\",\"width\":1472,\"height\":607,\"caption\":\"Gliptone Europe\"},\"image\":{\"@id\":\"https:\\\/\\\/gliptoneeurope.com\\\/#\\\/schema\\\/logo\\\/image\\\/\"},\"sameAs\":[\"https:\\\/\\\/www.facebook.com\\\/gliptoneeurope\\\/\",\"https:\\\/\\\/www.instagram.com\\\/gliptoneeurope\\\/\",\"https:\\\/\\\/www.pinterest.co.uk\\\/GliptoneEurope\\\/\"]}]}<\/script>\n<!-- \/ Yoast SEO Premium plugin. -->","yoast_head_json":{"title":"65ml - GT12 Intensivreiniger KOSTENLOSE Probe - Gliptone Europe","description":"Unser GT11 Leather Conditioner ist eine dicke, nicht fettende Creme, die in das Leder einzieht und es weich macht, ohne ein klebriges oder gl\u00e4nzendes Finish zu hinterlassen.","robots":{"index":"index","follow":"follow","max-snippet":"max-snippet:-1","max-image-preview":"max-image-preview:large","max-video-preview":"max-video-preview:-1"},"canonical":"https:\/\/gliptoneeurope.com\/de\/produkt\/65ml-gt12-intensiv-reiniger-freie-probe\/","og_locale":"de_DE","og_type":"article","og_title":"65ml - GT12 Intensivreiniger KOSTENLOSE Probe","og_description":"GT12 Intensive Cleaner ist ein dickfl\u00fcssiger, konzentrierter, pH-neutraler Lederreiniger, der sich ideal zur Vorbereitung von verschmutztem Leder vor der","og_url":"https:\/\/gliptoneeurope.com\/de\/produkt\/65ml-gt12-intensiv-reiniger-freie-probe\/","og_site_name":"Gliptone Europe","article_publisher":"https:\/\/www.facebook.com\/gliptoneeurope\/","article_modified_time":"2023-12-04T16:47:02+00:00","og_image":[{"width":1403,"height":1402,"url":"https:\/\/gliptoneeurope.com\/wp-content\/uploads\/Intensive-Cleaner-1L.jpg","type":"image\/jpeg"}],"twitter_card":"summary_large_image","twitter_misc":{"Gesch\u00e4tzte Lesezeit":"1\u00a0Minute"},"schema":{"@context":"https:\/\/schema.org","@graph":[{"@type":"WebPage","@id":"https:\/\/gliptoneeurope.com\/de\/produkt\/65ml-gt12-intensiv-reiniger-freie-probe\/","url":"https:\/\/gliptoneeurope.com\/de\/produkt\/65ml-gt12-intensiv-reiniger-freie-probe\/","name":"65ml - GT12 Intensivreiniger KOSTENLOSE Probe - Gliptone Europe","isPartOf":{"@id":"https:\/\/gliptoneeurope.com\/#website"},"primaryImageOfPage":{"@id":"https:\/\/gliptoneeurope.com\/de\/produkt\/65ml-gt12-intensiv-reiniger-freie-probe\/#primaryimage"},"image":{"@id":"https:\/\/gliptoneeurope.com\/de\/produkt\/65ml-gt12-intensiv-reiniger-freie-probe\/#primaryimage"},"thumbnailUrl":"https:\/\/gliptoneeurope.com\/wp-content\/uploads\/Intensive-Cleaner-1L.jpg","datePublished":"2021-11-30T11:32:14+00:00","dateModified":"2023-12-04T16:47:02+00:00","description":"Unser GT11 Leather Conditioner ist eine dicke, nicht fettende Creme, die in das Leder einzieht und es weich macht, ohne ein klebriges oder gl\u00e4nzendes Finish zu hinterlassen.","breadcrumb":{"@id":"https:\/\/gliptoneeurope.com\/de\/produkt\/65ml-gt12-intensiv-reiniger-freie-probe\/#breadcrumb"},"inLanguage":"de","potentialAction":[{"@type":"ReadAction","target":["https:\/\/gliptoneeurope.com\/de\/produkt\/65ml-gt12-intensiv-reiniger-freie-probe\/"]}]},{"@type":"ImageObject","inLanguage":"de","@id":"https:\/\/gliptoneeurope.com\/de\/produkt\/65ml-gt12-intensiv-reiniger-freie-probe\/#primaryimage","url":"https:\/\/gliptoneeurope.com\/wp-content\/uploads\/Intensive-Cleaner-1L.jpg","contentUrl":"https:\/\/gliptoneeurope.com\/wp-content\/uploads\/Intensive-Cleaner-1L.jpg","width":1403,"height":1402},{"@type":"BreadcrumbList","@id":"https:\/\/gliptoneeurope.com\/de\/produkt\/65ml-gt12-intensiv-reiniger-freie-probe\/#breadcrumb","itemListElement":[{"@type":"ListItem","position":1,"name":"Home","item":"https:\/\/gliptoneeurope.com\/"},{"@type":"ListItem","position":2,"name":"Shop","item":"https:\/\/gliptoneeurope.com\/de\/shop-2\/"},{"@type":"ListItem","position":3,"name":"65ml &#8211; GT12 Intensivreiniger KOSTENLOSE Probe"}]},{"@type":"WebSite","@id":"https:\/\/gliptoneeurope.com\/#website","url":"https:\/\/gliptoneeurope.com\/","name":"Gliptone Europe","description":"Professional Car Detailing Products","publisher":{"@id":"https:\/\/gliptoneeurope.com\/#organization"},"potentialAction":[{"@type":"SearchAction","target":{"@type":"EntryPoint","urlTemplate":"https:\/\/gliptoneeurope.com\/?s={search_term_string}"},"query-input":{"@type":"PropertyValueSpecification","valueRequired":true,"valueName":"search_term_string"}}],"inLanguage":"de"},{"@type":"Organization","@id":"https:\/\/gliptoneeurope.com\/#organization","name":"Gliptone Europe","url":"https:\/\/gliptoneeurope.com\/","logo":{"@type":"ImageObject","inLanguage":"de","@id":"https:\/\/gliptoneeurope.com\/#\/schema\/logo\/image\/","url":"https:\/\/gliptoneeurope.com\/wp-content\/uploads\/Gliptone_Logo.png","contentUrl":"https:\/\/gliptoneeurope.com\/wp-content\/uploads\/Gliptone_Logo.png","width":1472,"height":607,"caption":"Gliptone Europe"},"image":{"@id":"https:\/\/gliptoneeurope.com\/#\/schema\/logo\/image\/"},"sameAs":["https:\/\/www.facebook.com\/gliptoneeurope\/","https:\/\/www.instagram.com\/gliptoneeurope\/","https:\/\/www.pinterest.co.uk\/GliptoneEurope\/"]}]}},"wcpa_form_fields":null,"_links":{"self":[{"href":"https:\/\/gliptoneeurope.com\/de\/wp-json\/wp\/v2\/product\/11406","targetHints":{"allow":["GET"]}}],"collection":[{"href":"https:\/\/gliptoneeurope.com\/de\/wp-json\/wp\/v2\/product"}],"about":[{"href":"https:\/\/gliptoneeurope.com\/de\/wp-json\/wp\/v2\/types\/product"}],"wp:featuredmedia":[{"embeddable":true,"href":"https:\/\/gliptoneeurope.com\/de\/wp-json\/wp\/v2\/media\/10679"}],"wp:attachment":[{"href":"https:\/\/gliptoneeurope.com\/de\/wp-json\/wp\/v2\/media?parent=11406"}],"wp:term":[{"taxonomy":"product_brand","embeddable":true,"href":"https:\/\/gliptoneeurope.com\/de\/wp-json\/wp\/v2\/product_brand?post=11406"},{"taxonomy":"product_cat","embeddable":true,"href":"https:\/\/gliptoneeurope.com\/de\/wp-json\/wp\/v2\/product_cat?post=11406"},{"taxonomy":"product_tag","embeddable":true,"href":"https:\/\/gliptoneeurope.com\/de\/wp-json\/wp\/v2\/product_tag?post=11406"}],"curies":[{"name":"wp","href":"https:\/\/api.w.org\/{rel}","templated":true}]}}