{"id":11268,"date":"2021-11-30T10:27:59","date_gmt":"2021-11-30T10:27:59","guid":{"rendered":"https:\/\/gliptoneeurope.com\/lieferung\/"},"modified":"2023-08-03T13:35:50","modified_gmt":"2023-08-03T13:35:50","slug":"lieferung","status":"publish","type":"page","link":"https:\/\/gliptoneeurope.com\/de\/lieferung\/","title":{"rendered":"Lieferung"},"content":{"rendered":"<h1>Lieferung<\/h1>\n<p>&nbsp;<\/p>\n<h2><strong>Lieferung in Gro\u00dfbritannien<\/strong><\/h2>\n<p>Die Versandkosten beinhalten Verpackung und Porto. Der Standardversand in Gro\u00dfbritannien ist KOSTENLOS bei einem Bestellwert von 75 \u00a3 oder mehr und 6 \u00a3 bei einem Bestellwert von weniger als 75 \u00a3 (siehe Ausnahmen f\u00fcr Gro\u00dfbritannien unten). Bestellungen, die vor 14 Uhr eingehen, werden noch am selben Tag versandt. Ma\u00dfgeschneiderte Bestellungen, wie z. B. unser Service zur Farbabstimmung von Lederpigmenten, werden innerhalb von 3-5 Tagen versandt. Alle Bestellungen erfordern eine Unterschrift bei der Lieferung. Bitte teilen Sie uns daher mit, wenn Sie besondere Anweisungen an den Lieferfahrer haben \u2013 z. mit einem Nachbarn gehen usw&#8230;<\/p>\n<p>Ausschl\u00fcsse in Gro\u00dfbritannien: Bestellungen in die schottischen Highlands und Inseln, Isle of Man, Isle of Wight, Nordirland, Scilly-Inseln und die Kanalinseln sind von der kostenlosen Lieferung ausgeschlossen und die Versandkosten betragen \u00a317,95. Ab Auftragserteilung sollte eine Lieferzeit von 7 Werktagen einger\u00e4umt werden \u2013 je nach Lagerbestand (siehe Punkt 1 unten).<\/p>\n<h2><strong>Internationale Lieferung<\/strong><\/h2>\n<p>Wir liefern in viele L\u00e4nder der Welt, au\u00dfer in die Vereinigten Staaten von Amerika. Die Versandkosten betragen \u00a324.00 nach Europa. Internationale Lieferzeiten variieren zwischen 7-14 Werktagen nach Ihrer Bestellung (siehe Punkt 1 unten). F\u00fcr Lieferpreise in L\u00e4nder au\u00dferhalb Europas kontaktieren Sie bitte Gliptone Europe <a href=\"info@staingard.co.uk\">info@staingard.co.uk.<\/a><\/p>\n<p>Alle Lieferungen an Bestimmungsorte au\u00dferhalb des Vereinigten K\u00f6nigreichs k\u00f6nnen Einfuhrz\u00f6llen und Steuern unterliegen, die jeweils vom Einfuhrland erhoben werden, wenn die Lieferung in diesem Land eintrifft. Alle anfallenden Z\u00f6lle, Geb\u00fchren und zus\u00e4tzlichen Geb\u00fchren f\u00fcr die Zollabfertigung gehen zu Lasten des Kunden. Bevor Sie eine Bestellung aufgeben, liegt es in der Verantwortung des Kunden zu \u00fcberpr\u00fcfen, ob alle bei gliptoneeurope.com bestellten Produkte den Einfuhrbestimmungen der Bundes- und Bundesstaaten entsprechen.<\/p>\n<p>Bitte beachten Sie, dass wir aufgrund von Beschr\u00e4nkungen beim Versand von Aerosolen auf dem Luftweg unsere Lederversiegelungslacke oder andere Aerosole nicht in L\u00e4nder au\u00dferhalb Gro\u00dfbritanniens und Europas liefern k\u00f6nnen.<\/p>\n<h2><strong>Wichtig<\/strong><\/h2>\n<p>1. Wir werden unser Bestes tun, um unsere angegebenen Lieferzeiten einzuhalten, k\u00f6nnen jedoch nicht garantiert werden \u2013 dies h\u00e4ngt von der Verf\u00fcgbarkeit und Nachfrage von Lager- und Kurierdiensten ab.<\/p>\n<p>2. Im Falle von Problemen mit dem Transport von nicht standardm\u00e4\u00dfigen Artikeln oder hohen Kosten f\u00fcr die Lieferung in ein abgelegenes Gebiet behalten wir uns das Recht vor, unsere Portokosten zu \u00fcbernehmen, aber wir werden uns immer mit Ihnen in Verbindung setzen, bevor wir Ihre Bestellung versenden, um Sie auf dem Laufenden zu halten.<\/p>\n<p>3. Bei Bestellungen mit einem Gewicht von mehr als 5 kg fallen wahrscheinlich zus\u00e4tzliche Versandkosten an \u2013 wir informieren Sie vor dem Versand, wenn dies zutrifft.<\/p>\n","protected":false},"excerpt":{"rendered":"<p>Lieferung &nbsp; Lieferung in Gro\u00dfbritannien Die Versandkosten beinhalten Verpackung und Porto. Der Standardversand in Gro\u00dfbritannien ist KOSTENLOS bei einem Bestellwert von 75 \u00a3 oder mehr und 6 \u00a3 bei einem Bestellwert von weniger als 75 \u00a3 (siehe Ausnahmen f\u00fcr Gro\u00dfbritannien unten). Bestellungen, die vor 14 Uhr eingehen, werden noch am selben Tag versandt. Ma\u00dfgeschneiderte Bestellungen, [&hellip;]<\/p>\n","protected":false},"author":5,"featured_media":0,"parent":0,"menu_order":80,"comment_status":"closed","ping_status":"closed","template":"","meta":{"footnotes":""},"class_list":["post-11268","page","type-page","status-publish","hentry"],"yoast_head":"<!-- This site is optimized with the Yoast SEO Premium plugin v21.4 (Yoast SEO v27.5) - https:\/\/yoast.com\/product\/yoast-seo-premium-wordpress\/ -->\n<title>Gliptone Europa | Detailing-Produkte f\u00fcr den professionellen Detailer<\/title>\n<meta name=\"description\" content=\"Bestellen Sie noch heute und \u00fcberzeugen Sie sich selbst, warum Gliptone von Top-Detailern auf der ganzen Welt verwendet wird...\" \/>\n<meta name=\"robots\" content=\"index, follow, max-snippet:-1, max-image-preview:large, max-video-preview:-1\" \/>\n<link rel=\"canonical\" href=\"https:\/\/gliptoneeurope.com\/de\/lieferung\/\" \/>\n<meta property=\"og:locale\" content=\"de_DE\" \/>\n<meta property=\"og:type\" content=\"article\" \/>\n<meta property=\"og:title\" content=\"Lieferung\" \/>\n<meta property=\"og:description\" content=\"Lieferung &nbsp; Lieferung in Gro\u00dfbritannien Die Versandkosten beinhalten Verpackung und Porto. Der Standardversand in Gro\u00dfbritannien ist KOSTENLOS bei\" \/>\n<meta property=\"og:url\" content=\"https:\/\/gliptoneeurope.com\/de\/lieferung\/\" \/>\n<meta property=\"og:site_name\" content=\"Gliptone Europe\" \/>\n<meta property=\"article:publisher\" content=\"https:\/\/www.facebook.com\/gliptoneeurope\/\" \/>\n<meta property=\"article:modified_time\" content=\"2023-08-03T13:35:50+00:00\" \/>\n<meta property=\"og:image\" content=\"https:\/\/gliptoneeurope.com\/wp-content\/uploads\/Gliptone_Logo.png\" \/>\n\t<meta property=\"og:image:width\" content=\"1472\" \/>\n\t<meta property=\"og:image:height\" content=\"607\" \/>\n\t<meta property=\"og:image:type\" content=\"image\/png\" \/>\n<meta name=\"twitter:card\" content=\"summary_large_image\" \/>\n<meta name=\"twitter:label1\" content=\"Gesch\u00e4tzte Lesezeit\" \/>\n\t<meta name=\"twitter:data1\" content=\"2\u00a0Minuten\" \/>\n<script type=\"application\/ld+json\" class=\"yoast-schema-graph\">{\"@context\":\"https:\\\/\\\/schema.org\",\"@graph\":[{\"@type\":\"WebPage\",\"@id\":\"https:\\\/\\\/gliptoneeurope.com\\\/de\\\/lieferung\\\/\",\"url\":\"https:\\\/\\\/gliptoneeurope.com\\\/de\\\/lieferung\\\/\",\"name\":\"Gliptone Europa | Detailing-Produkte f\u00fcr den professionellen Detailer\",\"isPartOf\":{\"@id\":\"https:\\\/\\\/gliptoneeurope.com\\\/#website\"},\"datePublished\":\"2021-11-30T10:27:59+00:00\",\"dateModified\":\"2023-08-03T13:35:50+00:00\",\"description\":\"Bestellen Sie noch heute und \u00fcberzeugen Sie sich selbst, warum Gliptone von Top-Detailern auf der ganzen Welt verwendet wird...\",\"breadcrumb\":{\"@id\":\"https:\\\/\\\/gliptoneeurope.com\\\/de\\\/lieferung\\\/#breadcrumb\"},\"inLanguage\":\"de\",\"potentialAction\":[{\"@type\":\"ReadAction\",\"target\":[\"https:\\\/\\\/gliptoneeurope.com\\\/de\\\/lieferung\\\/\"]}]},{\"@type\":\"BreadcrumbList\",\"@id\":\"https:\\\/\\\/gliptoneeurope.com\\\/de\\\/lieferung\\\/#breadcrumb\",\"itemListElement\":[{\"@type\":\"ListItem\",\"position\":1,\"name\":\"Home\",\"item\":\"https:\\\/\\\/gliptoneeurope.com\\\/\"},{\"@type\":\"ListItem\",\"position\":2,\"name\":\"Lieferung\"}]},{\"@type\":\"WebSite\",\"@id\":\"https:\\\/\\\/gliptoneeurope.com\\\/#website\",\"url\":\"https:\\\/\\\/gliptoneeurope.com\\\/\",\"name\":\"Gliptone Europe\",\"description\":\"Professional Car Detailing Products\",\"publisher\":{\"@id\":\"https:\\\/\\\/gliptoneeurope.com\\\/#organization\"},\"potentialAction\":[{\"@type\":\"SearchAction\",\"target\":{\"@type\":\"EntryPoint\",\"urlTemplate\":\"https:\\\/\\\/gliptoneeurope.com\\\/?s={search_term_string}\"},\"query-input\":{\"@type\":\"PropertyValueSpecification\",\"valueRequired\":true,\"valueName\":\"search_term_string\"}}],\"inLanguage\":\"de\"},{\"@type\":\"Organization\",\"@id\":\"https:\\\/\\\/gliptoneeurope.com\\\/#organization\",\"name\":\"Gliptone Europe\",\"url\":\"https:\\\/\\\/gliptoneeurope.com\\\/\",\"logo\":{\"@type\":\"ImageObject\",\"inLanguage\":\"de\",\"@id\":\"https:\\\/\\\/gliptoneeurope.com\\\/#\\\/schema\\\/logo\\\/image\\\/\",\"url\":\"https:\\\/\\\/gliptoneeurope.com\\\/wp-content\\\/uploads\\\/Gliptone_Logo.png\",\"contentUrl\":\"https:\\\/\\\/gliptoneeurope.com\\\/wp-content\\\/uploads\\\/Gliptone_Logo.png\",\"width\":1472,\"height\":607,\"caption\":\"Gliptone Europe\"},\"image\":{\"@id\":\"https:\\\/\\\/gliptoneeurope.com\\\/#\\\/schema\\\/logo\\\/image\\\/\"},\"sameAs\":[\"https:\\\/\\\/www.facebook.com\\\/gliptoneeurope\\\/\",\"https:\\\/\\\/www.instagram.com\\\/gliptoneeurope\\\/\",\"https:\\\/\\\/www.pinterest.co.uk\\\/GliptoneEurope\\\/\"]}]}<\/script>\n<!-- \/ Yoast SEO Premium plugin. -->","yoast_head_json":{"title":"Gliptone Europa | Detailing-Produkte f\u00fcr den professionellen Detailer","description":"Bestellen Sie noch heute und \u00fcberzeugen Sie sich selbst, warum Gliptone von Top-Detailern auf der ganzen Welt verwendet wird...","robots":{"index":"index","follow":"follow","max-snippet":"max-snippet:-1","max-image-preview":"max-image-preview:large","max-video-preview":"max-video-preview:-1"},"canonical":"https:\/\/gliptoneeurope.com\/de\/lieferung\/","og_locale":"de_DE","og_type":"article","og_title":"Lieferung","og_description":"Lieferung &nbsp; Lieferung in Gro\u00dfbritannien Die Versandkosten beinhalten Verpackung und Porto. Der Standardversand in Gro\u00dfbritannien ist KOSTENLOS bei","og_url":"https:\/\/gliptoneeurope.com\/de\/lieferung\/","og_site_name":"Gliptone Europe","article_publisher":"https:\/\/www.facebook.com\/gliptoneeurope\/","article_modified_time":"2023-08-03T13:35:50+00:00","og_image":[{"width":1472,"height":607,"url":"https:\/\/gliptoneeurope.com\/wp-content\/uploads\/Gliptone_Logo.png","type":"image\/png"}],"twitter_card":"summary_large_image","twitter_misc":{"Gesch\u00e4tzte Lesezeit":"2\u00a0Minuten"},"schema":{"@context":"https:\/\/schema.org","@graph":[{"@type":"WebPage","@id":"https:\/\/gliptoneeurope.com\/de\/lieferung\/","url":"https:\/\/gliptoneeurope.com\/de\/lieferung\/","name":"Gliptone Europa | Detailing-Produkte f\u00fcr den professionellen Detailer","isPartOf":{"@id":"https:\/\/gliptoneeurope.com\/#website"},"datePublished":"2021-11-30T10:27:59+00:00","dateModified":"2023-08-03T13:35:50+00:00","description":"Bestellen Sie noch heute und \u00fcberzeugen Sie sich selbst, warum Gliptone von Top-Detailern auf der ganzen Welt verwendet wird...","breadcrumb":{"@id":"https:\/\/gliptoneeurope.com\/de\/lieferung\/#breadcrumb"},"inLanguage":"de","potentialAction":[{"@type":"ReadAction","target":["https:\/\/gliptoneeurope.com\/de\/lieferung\/"]}]},{"@type":"BreadcrumbList","@id":"https:\/\/gliptoneeurope.com\/de\/lieferung\/#breadcrumb","itemListElement":[{"@type":"ListItem","position":1,"name":"Home","item":"https:\/\/gliptoneeurope.com\/"},{"@type":"ListItem","position":2,"name":"Lieferung"}]},{"@type":"WebSite","@id":"https:\/\/gliptoneeurope.com\/#website","url":"https:\/\/gliptoneeurope.com\/","name":"Gliptone Europe","description":"Professional Car Detailing Products","publisher":{"@id":"https:\/\/gliptoneeurope.com\/#organization"},"potentialAction":[{"@type":"SearchAction","target":{"@type":"EntryPoint","urlTemplate":"https:\/\/gliptoneeurope.com\/?s={search_term_string}"},"query-input":{"@type":"PropertyValueSpecification","valueRequired":true,"valueName":"search_term_string"}}],"inLanguage":"de"},{"@type":"Organization","@id":"https:\/\/gliptoneeurope.com\/#organization","name":"Gliptone Europe","url":"https:\/\/gliptoneeurope.com\/","logo":{"@type":"ImageObject","inLanguage":"de","@id":"https:\/\/gliptoneeurope.com\/#\/schema\/logo\/image\/","url":"https:\/\/gliptoneeurope.com\/wp-content\/uploads\/Gliptone_Logo.png","contentUrl":"https:\/\/gliptoneeurope.com\/wp-content\/uploads\/Gliptone_Logo.png","width":1472,"height":607,"caption":"Gliptone Europe"},"image":{"@id":"https:\/\/gliptoneeurope.com\/#\/schema\/logo\/image\/"},"sameAs":["https:\/\/www.facebook.com\/gliptoneeurope\/","https:\/\/www.instagram.com\/gliptoneeurope\/","https:\/\/www.pinterest.co.uk\/GliptoneEurope\/"]}]}},"_links":{"self":[{"href":"https:\/\/gliptoneeurope.com\/de\/wp-json\/wp\/v2\/pages\/11268","targetHints":{"allow":["GET"]}}],"collection":[{"href":"https:\/\/gliptoneeurope.com\/de\/wp-json\/wp\/v2\/pages"}],"about":[{"href":"https:\/\/gliptoneeurope.com\/de\/wp-json\/wp\/v2\/types\/page"}],"author":[{"embeddable":true,"href":"https:\/\/gliptoneeurope.com\/de\/wp-json\/wp\/v2\/users\/5"}],"replies":[{"embeddable":true,"href":"https:\/\/gliptoneeurope.com\/de\/wp-json\/wp\/v2\/comments?post=11268"}],"version-history":[{"count":5,"href":"https:\/\/gliptoneeurope.com\/de\/wp-json\/wp\/v2\/pages\/11268\/revisions"}],"predecessor-version":[{"id":18868,"href":"https:\/\/gliptoneeurope.com\/de\/wp-json\/wp\/v2\/pages\/11268\/revisions\/18868"}],"wp:attachment":[{"href":"https:\/\/gliptoneeurope.com\/de\/wp-json\/wp\/v2\/media?parent=11268"}],"curies":[{"name":"wp","href":"https:\/\/api.w.org\/{rel}","templated":true}]}}