{"id":11249,"date":"2021-11-30T10:27:56","date_gmt":"2021-11-30T10:27:56","guid":{"rendered":"https:\/\/gliptoneeurope.com\/unsere-geschichte\/"},"modified":"2021-11-30T10:28:03","modified_gmt":"2021-11-30T10:28:03","slug":"unsere-geschichte","status":"publish","type":"page","link":"https:\/\/gliptoneeurope.com\/de\/unsere-geschichte\/","title":{"rendered":"Unsere Geschichte"},"content":{"rendered":"\n<style type=\"text\/css\" data-created_by=\"avia_inline_auto\" id=\"style-css-av-kl28d86g-2baa946d4e2853b2b4414cc95c94534e\">\n.avia-section.av-kl28d86g-2baa946d4e2853b2b4414cc95c94534e{\nbackground-repeat:no-repeat;\nbackground-image:url(https:\/\/gliptoneeurope.com\/wp-content\/uploads\/our-story-1024x683.jpg);\nbackground-position:50% 50%;\nbackground-attachment:scroll;\n}\n<\/style>\n<div id='av_section_1'  class='avia-section av-kl28d86g-2baa946d4e2853b2b4414cc95c94534e main_color avia-section-default avia-no-border-styling  avia-builder-el-0  el_before_av_one_full  avia-builder-el-first  avia-full-stretch avia-bg-style-scroll av-minimum-height av-minimum-height-50 av-height-50  container_wrap fullsize'  data-section-bg-repeat='stretch' data-av_minimum_height_pc='50' data-av_min_height_opt='50'><div class='container av-section-cont-open' ><main  role=\"main\" itemprop=\"mainContentOfPage\"  class='template-page content  av-content-full alpha units'><div class='post-entry post-entry-type-page post-entry-11249'><div class='entry-content-wrapper clearfix'>\n\n<style type=\"text\/css\" data-created_by=\"avia_inline_auto\" id=\"style-css-av-1d2e1n-ea0ff86f24d0eb62b3078ce1bb0ab849\">\n.flex_column.av-1d2e1n-ea0ff86f24d0eb62b3078ce1bb0ab849{\nborder-radius:0px 0px 0px 0px;\npadding:0px 0px 0px 0px;\n}\n<\/style>\n<div  class='flex_column av-1d2e1n-ea0ff86f24d0eb62b3078ce1bb0ab849 av_one_full  avia-builder-el-1  avia-builder-el-no-sibling  first flex_column_div av-zero-column-padding  '     ><style type=\"text\/css\" data-created_by=\"avia_inline_auto\" id=\"style-css-av-kl2iqm2j-70eb29f47e800483294dca7b057504c2\">\n#top .av-special-heading.av-kl2iqm2j-70eb29f47e800483294dca7b057504c2{\npadding-bottom:10px;\ncolor:#ffffff;\n}\nbody .av-special-heading.av-kl2iqm2j-70eb29f47e800483294dca7b057504c2 .av-special-heading-tag .heading-char{\nfont-size:25px;\n}\n.av-special-heading.av-kl2iqm2j-70eb29f47e800483294dca7b057504c2 .special-heading-inner-border{\nborder-color:#ffffff;\n}\n.av-special-heading.av-kl2iqm2j-70eb29f47e800483294dca7b057504c2 .av-subheading{\nfont-size:24px;\n}\n<\/style>\n<div  class='av-special-heading av-kl2iqm2j-70eb29f47e800483294dca7b057504c2 av-special-heading-h1 custom-color-heading blockquote elegant-quote elegant-centered  avia-builder-el-2  avia-builder-el-no-sibling  shadow'><h1 class='av-special-heading-tag '  itemprop=\"headline\"  ><span class=\"heading-wrap\">\u00dcBER UNS<\/span><\/h1><div class='av_custom_color av-subheading av-subheading_below'><p>Unsere Geschichte<\/p>\n<\/div><div class=\"special-heading-border\"><div class=\"special-heading-inner-border\"><\/div><\/div><\/div><\/div>\n<\/div><\/div><\/main><!-- close content main element --><\/div><\/div><div id='after_section_1'  class='main_color av_default_container_wrap container_wrap fullsize'  ><div class='container av-section-cont-open' ><div class='template-page content  av-content-full alpha units'><div class='post-entry post-entry-type-page post-entry-11249'><div class='entry-content-wrapper clearfix'>\n\n<style type=\"text\/css\" data-created_by=\"avia_inline_auto\" id=\"style-css-av-cbvcpn-54d1b64839e0263cc7c7094f867d55bc\">\n.flex_column.av-cbvcpn-54d1b64839e0263cc7c7094f867d55bc{\nborder-radius:0px 0px 0px 0px;\npadding:0px 0px 0px 0px;\n}\n<\/style>\n<div  class='flex_column av-cbvcpn-54d1b64839e0263cc7c7094f867d55bc av_one_full  avia-builder-el-3  el_after_av_section  avia-builder-el-no-sibling  first flex_column_div av-zero-column-padding  '     ><style type=\"text\/css\" data-created_by=\"avia_inline_auto\" id=\"style-css-av-kl28jx8m-58668288bf7f69e2035db03bbe6f7b16\">\n#top .av_textblock_section.av-kl28jx8m-58668288bf7f69e2035db03bbe6f7b16 .avia_textblock{\nfont-size:18px;\n}\n<\/style>\n<section  class='av_textblock_section av-kl28jx8m-58668288bf7f69e2035db03bbe6f7b16 '   itemscope=\"itemscope\" itemtype=\"https:\/\/schema.org\/CreativeWork\" ><div class='avia_textblock'  itemprop=\"text\" ><h2 style=\"text-align: center;\">EINE 70 JAHRE GENERATIONEN\u00dcBERGREIFENDE TRADITION<\/h2>\n<\/div><\/section><br \/>\n\n<style type=\"text\/css\" data-created_by=\"avia_inline_auto\" id=\"style-css-av-kl2iv7rl-d03985d7334af5fcf109b07371b9a59f\">\n.avia-image-container.av-kl2iv7rl-d03985d7334af5fcf109b07371b9a59f img.avia_image{\nbox-shadow:none;\n}\n.avia-image-container.av-kl2iv7rl-d03985d7334af5fcf109b07371b9a59f .av-image-caption-overlay-center{\ncolor:#ffffff;\n}\n<\/style>\n<div  class='avia-image-container av-kl2iv7rl-d03985d7334af5fcf109b07371b9a59f av-styling- avia-align-center  avia-builder-el-5  el_after_av_textblock  el_before_av_textblock '   itemprop=\"image\" itemscope=\"itemscope\" itemtype=\"https:\/\/schema.org\/ImageObject\" ><div class=\"avia-image-container-inner\"><div class=\"avia-image-overlay-wrap\"><img decoding=\"async\" fetchpriority=\"high\" class='wp-image-10453 avia-img-lazy-loading-not-10453 avia_image ' src=\"https:\/\/gliptoneeurope.com\/wp-content\/uploads\/Gliptone-StampV3-1-150x150.png\" alt='' title='Gliptone-StempelV3 (1)'  height=\"80\" width=\"80\"  itemprop=\"thumbnailUrl\" srcset=\"https:\/\/gliptoneeurope.com\/wp-content\/uploads\/Gliptone-StampV3-1-150x150.png 150w, https:\/\/gliptoneeurope.com\/wp-content\/uploads\/Gliptone-StampV3-1-300x300.png 300w, https:\/\/gliptoneeurope.com\/wp-content\/uploads\/Gliptone-StampV3-1-100x100.png 100w, https:\/\/gliptoneeurope.com\/wp-content\/uploads\/Gliptone-StampV3-1-600x599.png 600w, https:\/\/gliptoneeurope.com\/wp-content\/uploads\/Gliptone-StampV3-1-1024x1024.png 1024w, https:\/\/gliptoneeurope.com\/wp-content\/uploads\/Gliptone-StampV3-1-768x767.png 768w, https:\/\/gliptoneeurope.com\/wp-content\/uploads\/Gliptone-StampV3-1.png 1044w\" sizes=\"(max-width: 80px) 100vw, 80px\" \/><\/div><\/div><\/div><br \/>\n<section  class='av_textblock_section av-kl2iu6kj-e85d78408ff83f8cceaa77fe1cb26483 '   itemscope=\"itemscope\" itemtype=\"https:\/\/schema.org\/CreativeWork\" ><div class='avia_textblock'  itemprop=\"text\" ><p style=\"text-align: center;\">Gliptone Autowachs ist seit 1947 eine New Yorker Qualit\u00e4tstradition. Vor Ort verkauft, erkannten Autoenthusiasten, dass hochwertige Zutaten mit Qualit\u00e4tsprozess den besten Produkten entsprechen. Als nicht beworbene Marke wuchs die Popularit\u00e4t von Gliptone durch Mundpropaganda. Zufriedene Kunden wollten ihr Geheimnis f\u00fcr ein langlebiges Finish mit tiefem, sattem Glanz weitergeben. Wir bleiben unserem Anspruch treu und entwickeln die ultimativen Qualit\u00e4tsprodukte f\u00fcr die heutigen Lackierungen, ohne auf die 1947 begonnene Qualit\u00e4t zu verzichten.<\/p>\n<p style=\"text-align: center;\">Heute umfasst das Angebot von Gliptone ein komplettes Sortiment an professionellen Produkten zur Autoaufbereitung, professionellen Chemikalien f\u00fcr den Autowaschtunnel und im Einzelhandel verpackten Autopflegeprodukten. Dazu geh\u00f6ren unser ber\u00fchmter Body Gloss, Wash N&#8217; Glow, Original Carnauba Paste and Cream Waxes, Liquid Metal Polishes und unser weltber\u00fchmter #1 bewerteter Lederreiniger und Conditioner.<\/p>\n<p style=\"text-align: center;\">Gliptone-Produkte werden von Top-Detailern auf der ganzen Welt verwendet. Unsere H\u00e4ndler und Endverbraucher haben festgestellt, dass unsere Auswahl an Detailversorgungsartikeln in der heutigen schnelllebigen, ergebnisorientierten Detaillierungsbranche von h\u00f6chster Qualit\u00e4t und am n\u00fctzlichsten ist. Die vielleicht ber\u00fchmteste dieser Gruppe ist die Gliptone-Reihe von hochwertigen Softtouch-Mikrofasert\u00fcchern.<\/p>\n<p style=\"text-align: center;\">Gliptone verpflichtet sich zu Professionalit\u00e4t, Umwelt und Industrieunterst\u00fctzung durch unser Engagement f\u00fcr gr\u00fcne Chemie, umweltfreundliche Herstellungsverfahren, laufende Unterst\u00fctzung zahlreicher Handelsschulen, um junge Techniker in den richtigen Aufbereitungsmethoden der heutigen Belegschaft auszubilden, sowie Mitgliedschaft in vielen Branchenverb\u00e4nden wie SEMA, AAPEX und ICA.<\/p>\n<p style=\"text-align: center;\"><strong>Wir bieten auch einen Lederpflege- und Reparaturservice in Cheshire an. <a href=\"https:\/\/gliptoneeurope.com\/de\/lederpflege-reparaturservice\/\">Klicken Sie hier<\/a> , um mehr zu erfahren.<\/strong><\/p>\n<\/div><\/section><\/p><\/div>\n","protected":false},"excerpt":{"rendered":"","protected":false},"author":5,"featured_media":0,"parent":0,"menu_order":0,"comment_status":"closed","ping_status":"closed","template":"","meta":{"footnotes":""},"class_list":["post-11249","page","type-page","status-publish","hentry"],"yoast_head":"<!-- This site is optimized with the Yoast SEO Premium plugin v21.4 (Yoast SEO v27.4) - https:\/\/yoast.com\/product\/yoast-seo-premium-wordpress\/ -->\n<title>Gliptone Europa | Detailing-Produkte f\u00fcr den professionellen Detailer<\/title>\n<meta name=\"description\" content=\"Bestellen Sie noch heute und \u00fcberzeugen Sie sich selbst, warum Gliptone von Top-Detailern auf der ganzen Welt verwendet wird...\" \/>\n<meta name=\"robots\" content=\"index, follow, max-snippet:-1, max-image-preview:large, max-video-preview:-1\" \/>\n<link rel=\"canonical\" href=\"https:\/\/gliptoneeurope.com\/de\/unsere-geschichte\/\" \/>\n<meta property=\"og:locale\" content=\"de_DE\" \/>\n<meta property=\"og:type\" content=\"article\" \/>\n<meta property=\"og:title\" content=\"Unsere Geschichte\" \/>\n<meta property=\"og:url\" content=\"https:\/\/gliptoneeurope.com\/de\/unsere-geschichte\/\" \/>\n<meta property=\"og:site_name\" content=\"Gliptone Europe\" \/>\n<meta property=\"article:publisher\" content=\"https:\/\/www.facebook.com\/gliptoneeurope\/\" \/>\n<meta property=\"article:modified_time\" content=\"2021-11-30T10:28:03+00:00\" \/>\n<meta property=\"og:image\" content=\"https:\/\/gliptoneeurope.com\/wp-content\/uploads\/Gliptone_Logo.png\" \/>\n\t<meta property=\"og:image:width\" content=\"1472\" \/>\n\t<meta property=\"og:image:height\" content=\"607\" \/>\n\t<meta property=\"og:image:type\" content=\"image\/png\" \/>\n<meta name=\"twitter:card\" content=\"summary_large_image\" \/>\n<meta name=\"twitter:label1\" content=\"Gesch\u00e4tzte Lesezeit\" \/>\n\t<meta name=\"twitter:data1\" content=\"4\u00a0Minuten\" \/>\n<script type=\"application\/ld+json\" class=\"yoast-schema-graph\">{\"@context\":\"https:\\\/\\\/schema.org\",\"@graph\":[{\"@type\":\"WebPage\",\"@id\":\"https:\\\/\\\/gliptoneeurope.com\\\/de\\\/unsere-geschichte\\\/\",\"url\":\"https:\\\/\\\/gliptoneeurope.com\\\/de\\\/unsere-geschichte\\\/\",\"name\":\"Gliptone Europa | Detailing-Produkte f\u00fcr den professionellen Detailer\",\"isPartOf\":{\"@id\":\"https:\\\/\\\/gliptoneeurope.com\\\/#website\"},\"datePublished\":\"2021-11-30T10:27:56+00:00\",\"dateModified\":\"2021-11-30T10:28:03+00:00\",\"description\":\"Bestellen Sie noch heute und \u00fcberzeugen Sie sich selbst, warum Gliptone von Top-Detailern auf der ganzen Welt verwendet wird...\",\"breadcrumb\":{\"@id\":\"https:\\\/\\\/gliptoneeurope.com\\\/de\\\/unsere-geschichte\\\/#breadcrumb\"},\"inLanguage\":\"de\",\"potentialAction\":[{\"@type\":\"ReadAction\",\"target\":[\"https:\\\/\\\/gliptoneeurope.com\\\/de\\\/unsere-geschichte\\\/\"]}]},{\"@type\":\"BreadcrumbList\",\"@id\":\"https:\\\/\\\/gliptoneeurope.com\\\/de\\\/unsere-geschichte\\\/#breadcrumb\",\"itemListElement\":[{\"@type\":\"ListItem\",\"position\":1,\"name\":\"Home\",\"item\":\"https:\\\/\\\/gliptoneeurope.com\\\/\"},{\"@type\":\"ListItem\",\"position\":2,\"name\":\"Unsere Geschichte\"}]},{\"@type\":\"WebSite\",\"@id\":\"https:\\\/\\\/gliptoneeurope.com\\\/#website\",\"url\":\"https:\\\/\\\/gliptoneeurope.com\\\/\",\"name\":\"Gliptone Europe\",\"description\":\"Professional Car Detailing Products\",\"publisher\":{\"@id\":\"https:\\\/\\\/gliptoneeurope.com\\\/#organization\"},\"potentialAction\":[{\"@type\":\"SearchAction\",\"target\":{\"@type\":\"EntryPoint\",\"urlTemplate\":\"https:\\\/\\\/gliptoneeurope.com\\\/?s={search_term_string}\"},\"query-input\":{\"@type\":\"PropertyValueSpecification\",\"valueRequired\":true,\"valueName\":\"search_term_string\"}}],\"inLanguage\":\"de\"},{\"@type\":\"Organization\",\"@id\":\"https:\\\/\\\/gliptoneeurope.com\\\/#organization\",\"name\":\"Gliptone Europe\",\"url\":\"https:\\\/\\\/gliptoneeurope.com\\\/\",\"logo\":{\"@type\":\"ImageObject\",\"inLanguage\":\"de\",\"@id\":\"https:\\\/\\\/gliptoneeurope.com\\\/#\\\/schema\\\/logo\\\/image\\\/\",\"url\":\"https:\\\/\\\/gliptoneeurope.com\\\/wp-content\\\/uploads\\\/Gliptone_Logo.png\",\"contentUrl\":\"https:\\\/\\\/gliptoneeurope.com\\\/wp-content\\\/uploads\\\/Gliptone_Logo.png\",\"width\":1472,\"height\":607,\"caption\":\"Gliptone Europe\"},\"image\":{\"@id\":\"https:\\\/\\\/gliptoneeurope.com\\\/#\\\/schema\\\/logo\\\/image\\\/\"},\"sameAs\":[\"https:\\\/\\\/www.facebook.com\\\/gliptoneeurope\\\/\",\"https:\\\/\\\/www.instagram.com\\\/gliptoneeurope\\\/\",\"https:\\\/\\\/www.pinterest.co.uk\\\/GliptoneEurope\\\/\"]}]}<\/script>\n<!-- \/ Yoast SEO Premium plugin. -->","yoast_head_json":{"title":"Gliptone Europa | Detailing-Produkte f\u00fcr den professionellen Detailer","description":"Bestellen Sie noch heute und \u00fcberzeugen Sie sich selbst, warum Gliptone von Top-Detailern auf der ganzen Welt verwendet wird...","robots":{"index":"index","follow":"follow","max-snippet":"max-snippet:-1","max-image-preview":"max-image-preview:large","max-video-preview":"max-video-preview:-1"},"canonical":"https:\/\/gliptoneeurope.com\/de\/unsere-geschichte\/","og_locale":"de_DE","og_type":"article","og_title":"Unsere Geschichte","og_url":"https:\/\/gliptoneeurope.com\/de\/unsere-geschichte\/","og_site_name":"Gliptone Europe","article_publisher":"https:\/\/www.facebook.com\/gliptoneeurope\/","article_modified_time":"2021-11-30T10:28:03+00:00","og_image":[{"width":1472,"height":607,"url":"https:\/\/gliptoneeurope.com\/wp-content\/uploads\/Gliptone_Logo.png","type":"image\/png"}],"twitter_card":"summary_large_image","twitter_misc":{"Gesch\u00e4tzte Lesezeit":"4\u00a0Minuten"},"schema":{"@context":"https:\/\/schema.org","@graph":[{"@type":"WebPage","@id":"https:\/\/gliptoneeurope.com\/de\/unsere-geschichte\/","url":"https:\/\/gliptoneeurope.com\/de\/unsere-geschichte\/","name":"Gliptone Europa | Detailing-Produkte f\u00fcr den professionellen Detailer","isPartOf":{"@id":"https:\/\/gliptoneeurope.com\/#website"},"datePublished":"2021-11-30T10:27:56+00:00","dateModified":"2021-11-30T10:28:03+00:00","description":"Bestellen Sie noch heute und \u00fcberzeugen Sie sich selbst, warum Gliptone von Top-Detailern auf der ganzen Welt verwendet wird...","breadcrumb":{"@id":"https:\/\/gliptoneeurope.com\/de\/unsere-geschichte\/#breadcrumb"},"inLanguage":"de","potentialAction":[{"@type":"ReadAction","target":["https:\/\/gliptoneeurope.com\/de\/unsere-geschichte\/"]}]},{"@type":"BreadcrumbList","@id":"https:\/\/gliptoneeurope.com\/de\/unsere-geschichte\/#breadcrumb","itemListElement":[{"@type":"ListItem","position":1,"name":"Home","item":"https:\/\/gliptoneeurope.com\/"},{"@type":"ListItem","position":2,"name":"Unsere Geschichte"}]},{"@type":"WebSite","@id":"https:\/\/gliptoneeurope.com\/#website","url":"https:\/\/gliptoneeurope.com\/","name":"Gliptone Europe","description":"Professional Car Detailing Products","publisher":{"@id":"https:\/\/gliptoneeurope.com\/#organization"},"potentialAction":[{"@type":"SearchAction","target":{"@type":"EntryPoint","urlTemplate":"https:\/\/gliptoneeurope.com\/?s={search_term_string}"},"query-input":{"@type":"PropertyValueSpecification","valueRequired":true,"valueName":"search_term_string"}}],"inLanguage":"de"},{"@type":"Organization","@id":"https:\/\/gliptoneeurope.com\/#organization","name":"Gliptone Europe","url":"https:\/\/gliptoneeurope.com\/","logo":{"@type":"ImageObject","inLanguage":"de","@id":"https:\/\/gliptoneeurope.com\/#\/schema\/logo\/image\/","url":"https:\/\/gliptoneeurope.com\/wp-content\/uploads\/Gliptone_Logo.png","contentUrl":"https:\/\/gliptoneeurope.com\/wp-content\/uploads\/Gliptone_Logo.png","width":1472,"height":607,"caption":"Gliptone Europe"},"image":{"@id":"https:\/\/gliptoneeurope.com\/#\/schema\/logo\/image\/"},"sameAs":["https:\/\/www.facebook.com\/gliptoneeurope\/","https:\/\/www.instagram.com\/gliptoneeurope\/","https:\/\/www.pinterest.co.uk\/GliptoneEurope\/"]}]}},"_links":{"self":[{"href":"https:\/\/gliptoneeurope.com\/de\/wp-json\/wp\/v2\/pages\/11249","targetHints":{"allow":["GET"]}}],"collection":[{"href":"https:\/\/gliptoneeurope.com\/de\/wp-json\/wp\/v2\/pages"}],"about":[{"href":"https:\/\/gliptoneeurope.com\/de\/wp-json\/wp\/v2\/types\/page"}],"author":[{"embeddable":true,"href":"https:\/\/gliptoneeurope.com\/de\/wp-json\/wp\/v2\/users\/5"}],"replies":[{"embeddable":true,"href":"https:\/\/gliptoneeurope.com\/de\/wp-json\/wp\/v2\/comments?post=11249"}],"version-history":[{"count":5,"href":"https:\/\/gliptoneeurope.com\/de\/wp-json\/wp\/v2\/pages\/11249\/revisions"}],"predecessor-version":[{"id":11287,"href":"https:\/\/gliptoneeurope.com\/de\/wp-json\/wp\/v2\/pages\/11249\/revisions\/11287"}],"wp:attachment":[{"href":"https:\/\/gliptoneeurope.com\/de\/wp-json\/wp\/v2\/media?parent=11249"}],"curies":[{"name":"wp","href":"https:\/\/api.w.org\/{rel}","templated":true}]}}