{"id":11226,"date":"2021-11-30T10:27:54","date_gmt":"2021-11-30T10:27:54","guid":{"rendered":"https:\/\/gliptoneeurope.com\/rueckgabe-erstattung\/"},"modified":"2021-11-30T10:28:18","modified_gmt":"2021-11-30T10:28:18","slug":"rueckgabe-erstattung","status":"publish","type":"page","link":"https:\/\/gliptoneeurope.com\/de\/rueckgabe-erstattung\/","title":{"rendered":"R\u00fcckgabe &amp; Erstattung"},"content":{"rendered":"<section  class='av_textblock_section av-kl87a7gb-c67ed928f049e7aa1843634fb432af8c '   itemscope=\"itemscope\" itemtype=\"https:\/\/schema.org\/CreativeWork\" ><div class='avia_textblock'  itemprop=\"text\" ><h1>R\u00dcCKGABE &amp; ERSTATTUNG<\/h1>\n<h2><strong>STORNIERUNG<\/strong><\/h2>\n<p>Wenn Sie eine Bestellung stornieren m\u00fcssen\u2026<\/p>\n<p>Sie k\u00f6nnen Ihre Bestellung innerhalb von 14 Werktagen stornieren. Hierzu ben\u00f6tigen wir eine schriftliche Mitteilung \u00fcber Ihre Widerrufsabsicht sp\u00e4testens 14 Tage nach Auftragserteilung. Dies kann in Form einer E-Mail oder eines Briefes erfolgen und wir werden den Erhalt dieser Benachrichtigung nach Erhalt best\u00e4tigen.<\/p>\n<p>Wenn Waren bereits eingegangen sind und zur\u00fcckgesendet werden, senden Sie diese bitte mit eindeutiger Angabe, von wem sie zur\u00fcckgesandt wurde (einschlie\u00dflich Bestellung, Nummer, Name und Kontaktdaten) zur\u00fcck. Diese m\u00fcssen innerhalb von 14 Tagen, nachdem Sie uns Ihre Absicht mitgeteilt haben, die Bestellung zu stornieren, an uns zur\u00fcckgesandt werden.<\/p>\n<p>Wenn Sie eine Bestellung stornieren, sind Sie f\u00fcr die Versandkosten verantwortlich, die f\u00fcr die R\u00fccksendung der Ware anfallen \u2013 bitte beachten Sie, dass Aerosole von einigen Spediteuren m\u00f6glicherweise nicht akzeptiert werden.<\/p>\n<p>Sonderanfertigungen (z. B. farblich abgestimmte Produkte) k\u00f6nnen nicht storniert werden, beachten Sie jedoch bitte, dass dies Ihre gesetzlichen Rechte nicht beeintr\u00e4chtigt (siehe unten). Bitte wenden Sie sich zun\u00e4chst an unseren Kundenservice.<\/p>\n<h2><strong>R\u00dcCKERSTATTUNGEN<\/strong><\/h2>\n<p>Wenn Sie eine R\u00fcckerstattung ben\u00f6tigen\u2026<\/p>\n<p>Sie haben das Recht, Ihre Waren innerhalb von 30 Tagen nach Erhalt gegen eine R\u00fcckerstattung zur\u00fcckzusenden.<\/p>\n<p>Wenn Sie ein Produkt zur\u00fccksenden m\u00f6chten, weil Sie es nicht mehr m\u00f6chten, m\u00fcssen Sie die mit der R\u00fccksendung des Artikels verbundenen Versandkosten \u00fcbernehmen. Die H\u00f6he der R\u00fcckerstattung wird festgelegt, sobald wir best\u00e4tigt haben, dass sich das Produkt nach Erhalt in gutem Zustand befindet (Artikel m\u00fcssen unbenutzt und in der Originalverpackung sein). Bitte beachten Sie, dass Aerosole oder Kits mit Aerosolen nicht per Royal Mail versendet werden k\u00f6nnen. Wenn Sie hierzu weitere Informationen w\u00fcnschen, rufen Sie bitte unseren Kundenservice an.<\/p>\n<p>Sonderanfertigungen (z. B. farblich abgestimmte Produkte) k\u00f6nnen nicht erstattet werden, beachten Sie jedoch bitte, dass dies Ihre gesetzlichen Rechte nicht beeintr\u00e4chtigt (siehe unten). Bitte wenden Sie sich zun\u00e4chst an unseren Kundenservice.<\/p>\n<p>Gesetzliche Rechte \u2013 f\u00fcr den Fall, dass ein Produkt nicht wie angegeben funktioniert, wird innerhalb von 6 Monaten nach dem Kauf eine vollst\u00e4ndige R\u00fcckerstattung angeboten. Wenn die Waren zur\u00fcckgesendet werden m\u00fcssen, werden die Kosten von Gliptone Europe \u00fcbernommen.<\/p>\n<p>Bitte beachten Sie, dass wir keine Verantwortung daf\u00fcr \u00fcbernehmen k\u00f6nnen, wenn ein Produkt nicht funktioniert, weil es f\u00fcr die falsche Lederart verwendet wurde. Im Zweifelsfall ber\u00e4t unser Kundenservice-Team jederzeit gerne zu allen Aspekten der Lederpflege und zu geeigneten Produkten.<\/p>\n<\/div><\/section>\n","protected":false},"excerpt":{"rendered":"","protected":false},"author":5,"featured_media":0,"parent":0,"menu_order":93,"comment_status":"closed","ping_status":"closed","template":"","meta":{"footnotes":""},"class_list":["post-11226","page","type-page","status-publish","hentry"],"yoast_head":"<!-- This site is optimized with the Yoast SEO Premium plugin v21.4 (Yoast SEO v27.5) - https:\/\/yoast.com\/product\/yoast-seo-premium-wordpress\/ -->\n<title>Gliptone Europa | Detailing-Produkte f\u00fcr den professionellen Detailer<\/title>\n<meta name=\"description\" content=\"Bestellen Sie noch heute und \u00fcberzeugen Sie sich selbst, warum Gliptone von Top-Detailern auf der ganzen Welt verwendet wird...\" \/>\n<meta name=\"robots\" content=\"index, follow, max-snippet:-1, max-image-preview:large, max-video-preview:-1\" \/>\n<link rel=\"canonical\" href=\"https:\/\/gliptoneeurope.com\/de\/rueckgabe-erstattung\/\" \/>\n<meta property=\"og:locale\" content=\"de_DE\" \/>\n<meta property=\"og:type\" content=\"article\" \/>\n<meta property=\"og:title\" content=\"R\u00fcckgabe &amp; Erstattung\" \/>\n<meta property=\"og:url\" content=\"https:\/\/gliptoneeurope.com\/de\/rueckgabe-erstattung\/\" \/>\n<meta property=\"og:site_name\" content=\"Gliptone Europe\" \/>\n<meta property=\"article:publisher\" content=\"https:\/\/www.facebook.com\/gliptoneeurope\/\" \/>\n<meta property=\"article:modified_time\" content=\"2021-11-30T10:28:18+00:00\" \/>\n<meta property=\"og:image\" content=\"https:\/\/gliptoneeurope.com\/wp-content\/uploads\/Gliptone_Logo.png\" \/>\n\t<meta property=\"og:image:width\" content=\"1472\" \/>\n\t<meta property=\"og:image:height\" content=\"607\" \/>\n\t<meta property=\"og:image:type\" content=\"image\/png\" \/>\n<meta name=\"twitter:card\" content=\"summary_large_image\" \/>\n<meta name=\"twitter:label1\" content=\"Gesch\u00e4tzte Lesezeit\" \/>\n\t<meta name=\"twitter:data1\" content=\"2\u00a0Minuten\" \/>\n<script type=\"application\/ld+json\" class=\"yoast-schema-graph\">{\"@context\":\"https:\\\/\\\/schema.org\",\"@graph\":[{\"@type\":\"WebPage\",\"@id\":\"https:\\\/\\\/gliptoneeurope.com\\\/de\\\/rueckgabe-erstattung\\\/\",\"url\":\"https:\\\/\\\/gliptoneeurope.com\\\/de\\\/rueckgabe-erstattung\\\/\",\"name\":\"Gliptone Europa | Detailing-Produkte f\u00fcr den professionellen Detailer\",\"isPartOf\":{\"@id\":\"https:\\\/\\\/gliptoneeurope.com\\\/#website\"},\"datePublished\":\"2021-11-30T10:27:54+00:00\",\"dateModified\":\"2021-11-30T10:28:18+00:00\",\"description\":\"Bestellen Sie noch heute und \u00fcberzeugen Sie sich selbst, warum Gliptone von Top-Detailern auf der ganzen Welt verwendet wird...\",\"breadcrumb\":{\"@id\":\"https:\\\/\\\/gliptoneeurope.com\\\/de\\\/rueckgabe-erstattung\\\/#breadcrumb\"},\"inLanguage\":\"de\",\"potentialAction\":[{\"@type\":\"ReadAction\",\"target\":[\"https:\\\/\\\/gliptoneeurope.com\\\/de\\\/rueckgabe-erstattung\\\/\"]}]},{\"@type\":\"BreadcrumbList\",\"@id\":\"https:\\\/\\\/gliptoneeurope.com\\\/de\\\/rueckgabe-erstattung\\\/#breadcrumb\",\"itemListElement\":[{\"@type\":\"ListItem\",\"position\":1,\"name\":\"Home\",\"item\":\"https:\\\/\\\/gliptoneeurope.com\\\/\"},{\"@type\":\"ListItem\",\"position\":2,\"name\":\"R\u00fcckgabe &amp; Erstattung\"}]},{\"@type\":\"WebSite\",\"@id\":\"https:\\\/\\\/gliptoneeurope.com\\\/#website\",\"url\":\"https:\\\/\\\/gliptoneeurope.com\\\/\",\"name\":\"Gliptone Europe\",\"description\":\"Professional Car Detailing Products\",\"publisher\":{\"@id\":\"https:\\\/\\\/gliptoneeurope.com\\\/#organization\"},\"potentialAction\":[{\"@type\":\"SearchAction\",\"target\":{\"@type\":\"EntryPoint\",\"urlTemplate\":\"https:\\\/\\\/gliptoneeurope.com\\\/?s={search_term_string}\"},\"query-input\":{\"@type\":\"PropertyValueSpecification\",\"valueRequired\":true,\"valueName\":\"search_term_string\"}}],\"inLanguage\":\"de\"},{\"@type\":\"Organization\",\"@id\":\"https:\\\/\\\/gliptoneeurope.com\\\/#organization\",\"name\":\"Gliptone Europe\",\"url\":\"https:\\\/\\\/gliptoneeurope.com\\\/\",\"logo\":{\"@type\":\"ImageObject\",\"inLanguage\":\"de\",\"@id\":\"https:\\\/\\\/gliptoneeurope.com\\\/#\\\/schema\\\/logo\\\/image\\\/\",\"url\":\"https:\\\/\\\/gliptoneeurope.com\\\/wp-content\\\/uploads\\\/Gliptone_Logo.png\",\"contentUrl\":\"https:\\\/\\\/gliptoneeurope.com\\\/wp-content\\\/uploads\\\/Gliptone_Logo.png\",\"width\":1472,\"height\":607,\"caption\":\"Gliptone Europe\"},\"image\":{\"@id\":\"https:\\\/\\\/gliptoneeurope.com\\\/#\\\/schema\\\/logo\\\/image\\\/\"},\"sameAs\":[\"https:\\\/\\\/www.facebook.com\\\/gliptoneeurope\\\/\",\"https:\\\/\\\/www.instagram.com\\\/gliptoneeurope\\\/\",\"https:\\\/\\\/www.pinterest.co.uk\\\/GliptoneEurope\\\/\"]}]}<\/script>\n<!-- \/ Yoast SEO Premium plugin. -->","yoast_head_json":{"title":"Gliptone Europa | Detailing-Produkte f\u00fcr den professionellen Detailer","description":"Bestellen Sie noch heute und \u00fcberzeugen Sie sich selbst, warum Gliptone von Top-Detailern auf der ganzen Welt verwendet wird...","robots":{"index":"index","follow":"follow","max-snippet":"max-snippet:-1","max-image-preview":"max-image-preview:large","max-video-preview":"max-video-preview:-1"},"canonical":"https:\/\/gliptoneeurope.com\/de\/rueckgabe-erstattung\/","og_locale":"de_DE","og_type":"article","og_title":"R\u00fcckgabe &amp; Erstattung","og_url":"https:\/\/gliptoneeurope.com\/de\/rueckgabe-erstattung\/","og_site_name":"Gliptone Europe","article_publisher":"https:\/\/www.facebook.com\/gliptoneeurope\/","article_modified_time":"2021-11-30T10:28:18+00:00","og_image":[{"width":1472,"height":607,"url":"https:\/\/gliptoneeurope.com\/wp-content\/uploads\/Gliptone_Logo.png","type":"image\/png"}],"twitter_card":"summary_large_image","twitter_misc":{"Gesch\u00e4tzte Lesezeit":"2\u00a0Minuten"},"schema":{"@context":"https:\/\/schema.org","@graph":[{"@type":"WebPage","@id":"https:\/\/gliptoneeurope.com\/de\/rueckgabe-erstattung\/","url":"https:\/\/gliptoneeurope.com\/de\/rueckgabe-erstattung\/","name":"Gliptone Europa | Detailing-Produkte f\u00fcr den professionellen Detailer","isPartOf":{"@id":"https:\/\/gliptoneeurope.com\/#website"},"datePublished":"2021-11-30T10:27:54+00:00","dateModified":"2021-11-30T10:28:18+00:00","description":"Bestellen Sie noch heute und \u00fcberzeugen Sie sich selbst, warum Gliptone von Top-Detailern auf der ganzen Welt verwendet wird...","breadcrumb":{"@id":"https:\/\/gliptoneeurope.com\/de\/rueckgabe-erstattung\/#breadcrumb"},"inLanguage":"de","potentialAction":[{"@type":"ReadAction","target":["https:\/\/gliptoneeurope.com\/de\/rueckgabe-erstattung\/"]}]},{"@type":"BreadcrumbList","@id":"https:\/\/gliptoneeurope.com\/de\/rueckgabe-erstattung\/#breadcrumb","itemListElement":[{"@type":"ListItem","position":1,"name":"Home","item":"https:\/\/gliptoneeurope.com\/"},{"@type":"ListItem","position":2,"name":"R\u00fcckgabe &amp; Erstattung"}]},{"@type":"WebSite","@id":"https:\/\/gliptoneeurope.com\/#website","url":"https:\/\/gliptoneeurope.com\/","name":"Gliptone Europe","description":"Professional Car Detailing Products","publisher":{"@id":"https:\/\/gliptoneeurope.com\/#organization"},"potentialAction":[{"@type":"SearchAction","target":{"@type":"EntryPoint","urlTemplate":"https:\/\/gliptoneeurope.com\/?s={search_term_string}"},"query-input":{"@type":"PropertyValueSpecification","valueRequired":true,"valueName":"search_term_string"}}],"inLanguage":"de"},{"@type":"Organization","@id":"https:\/\/gliptoneeurope.com\/#organization","name":"Gliptone Europe","url":"https:\/\/gliptoneeurope.com\/","logo":{"@type":"ImageObject","inLanguage":"de","@id":"https:\/\/gliptoneeurope.com\/#\/schema\/logo\/image\/","url":"https:\/\/gliptoneeurope.com\/wp-content\/uploads\/Gliptone_Logo.png","contentUrl":"https:\/\/gliptoneeurope.com\/wp-content\/uploads\/Gliptone_Logo.png","width":1472,"height":607,"caption":"Gliptone Europe"},"image":{"@id":"https:\/\/gliptoneeurope.com\/#\/schema\/logo\/image\/"},"sameAs":["https:\/\/www.facebook.com\/gliptoneeurope\/","https:\/\/www.instagram.com\/gliptoneeurope\/","https:\/\/www.pinterest.co.uk\/GliptoneEurope\/"]}]}},"_links":{"self":[{"href":"https:\/\/gliptoneeurope.com\/de\/wp-json\/wp\/v2\/pages\/11226","targetHints":{"allow":["GET"]}}],"collection":[{"href":"https:\/\/gliptoneeurope.com\/de\/wp-json\/wp\/v2\/pages"}],"about":[{"href":"https:\/\/gliptoneeurope.com\/de\/wp-json\/wp\/v2\/types\/page"}],"author":[{"embeddable":true,"href":"https:\/\/gliptoneeurope.com\/de\/wp-json\/wp\/v2\/users\/5"}],"replies":[{"embeddable":true,"href":"https:\/\/gliptoneeurope.com\/de\/wp-json\/wp\/v2\/comments?post=11226"}],"version-history":[{"count":5,"href":"https:\/\/gliptoneeurope.com\/de\/wp-json\/wp\/v2\/pages\/11226\/revisions"}],"predecessor-version":[{"id":11316,"href":"https:\/\/gliptoneeurope.com\/de\/wp-json\/wp\/v2\/pages\/11226\/revisions\/11316"}],"wp:attachment":[{"href":"https:\/\/gliptoneeurope.com\/de\/wp-json\/wp\/v2\/media?parent=11226"}],"curies":[{"name":"wp","href":"https:\/\/api.w.org\/{rel}","templated":true}]}}