{"id":11192,"date":"2021-11-30T10:27:45","date_gmt":"2021-11-30T10:27:45","guid":{"rendered":"https:\/\/gliptoneeurope.com\/raeder-zierleisten\/"},"modified":"2024-01-11T22:43:18","modified_gmt":"2024-01-11T22:43:18","slug":"raeder-zierleisten","status":"publish","type":"page","link":"https:\/\/gliptoneeurope.com\/de\/raeder-zierleisten\/","title":{"rendered":"R\u00e4der &amp; Zierleisten"},"content":{"rendered":"\n<style type=\"text\/css\" data-created_by=\"avia_inline_auto\" id=\"style-css-av-kl28d86g-83703fe22cca3592a7801cfa50305ceb\">\n.avia-section.av-kl28d86g-83703fe22cca3592a7801cfa50305ceb .av-parallax .av-parallax-inner{\nbackground-repeat:no-repeat;\nbackground-image:url(https:\/\/gliptoneeurope.com\/wp-content\/uploads\/wheels-25.jpg);\nbackground-position:50% 50%;\nbackground-attachment:scroll;\n}\n<\/style>\n<div id='av_section_1'  class='avia-section av-kl28d86g-83703fe22cca3592a7801cfa50305ceb main_color avia-section-default avia-no-border-styling  avia-builder-el-0  el_before_av_one_full  avia-builder-el-first  avia-full-stretch av-parallax-section avia-bg-style-parallax av-minimum-height av-minimum-height-50 av-height-50  container_wrap fullsize'  data-section-bg-repeat='stretch' data-av_minimum_height_pc='50' data-av_min_height_opt='50'><div class='av-parallax' data-avia-parallax-ratio='0.3' ><div class='av-parallax-inner main_color avia-full-stretch'><\/div><\/div><div class='container av-section-cont-open' ><main  role=\"main\" itemprop=\"mainContentOfPage\"  class='template-page content  av-content-full alpha units'><div class='post-entry post-entry-type-page post-entry-11192'><div class='entry-content-wrapper clearfix'>\n\n<style type=\"text\/css\" data-created_by=\"avia_inline_auto\" id=\"style-css-av-1d2e1n-ea0ff86f24d0eb62b3078ce1bb0ab849\">\n.flex_column.av-1d2e1n-ea0ff86f24d0eb62b3078ce1bb0ab849{\nborder-radius:0px 0px 0px 0px;\npadding:0px 0px 0px 0px;\n}\n<\/style>\n<div  class='flex_column av-1d2e1n-ea0ff86f24d0eb62b3078ce1bb0ab849 av_one_full  avia-builder-el-1  avia-builder-el-no-sibling  first flex_column_div av-zero-column-padding  '     ><style type=\"text\/css\" data-created_by=\"avia_inline_auto\" id=\"style-css-av-kl2ejbiy-d563218add18a3434e1a69612a90ba73\">\n#top .av-special-heading.av-kl2ejbiy-d563218add18a3434e1a69612a90ba73{\npadding-bottom:10px;\ncolor:#ffffff;\n}\nbody .av-special-heading.av-kl2ejbiy-d563218add18a3434e1a69612a90ba73 .av-special-heading-tag .heading-char{\nfont-size:25px;\n}\n.av-special-heading.av-kl2ejbiy-d563218add18a3434e1a69612a90ba73 .special-heading-inner-border{\nborder-color:#ffffff;\n}\n.av-special-heading.av-kl2ejbiy-d563218add18a3434e1a69612a90ba73 .av-subheading{\nfont-size:24px;\n}\n<\/style>\n<div  class='av-special-heading av-kl2ejbiy-d563218add18a3434e1a69612a90ba73 av-special-heading-h1 custom-color-heading blockquote elegant-quote elegant-centered  avia-builder-el-2  avia-builder-el-no-sibling  shadow'><h1 class='av-special-heading-tag '  itemprop=\"headline\"  ><span class=\"heading-wrap\">R\u00c4DER <span class='special_amp'>&amp;<\/span> TRIM<\/span><\/h1><div class='av_custom_color av-subheading av-subheading_below'><p>Reinigungsmittel<\/p>\n<\/div><div class=\"special-heading-border\"><div class=\"special-heading-inner-border\"><\/div><\/div><\/div><\/div>\n<\/div><\/div><\/main><!-- close content main element --><\/div><\/div><div id='after_section_1'  class='main_color av_default_container_wrap container_wrap fullsize'  ><div class='container av-section-cont-open' ><div class='template-page content  av-content-full alpha units'><div class='post-entry post-entry-type-page post-entry-11192'><div class='entry-content-wrapper clearfix'>\n\n<style type=\"text\/css\" data-created_by=\"avia_inline_auto\" id=\"style-css-av-cbvcpn-54d1b64839e0263cc7c7094f867d55bc\">\n.flex_column.av-cbvcpn-54d1b64839e0263cc7c7094f867d55bc{\nborder-radius:0px 0px 0px 0px;\npadding:0px 0px 0px 0px;\n}\n<\/style>\n<div  class='flex_column av-cbvcpn-54d1b64839e0263cc7c7094f867d55bc av_one_full  avia-builder-el-3  el_after_av_section  el_before_av_one_full  avia-builder-el-first  first flex_column_div av-zero-column-padding  '     ><style type=\"text\/css\" data-created_by=\"avia_inline_auto\" id=\"style-css-av-kl28jx8m-58668288bf7f69e2035db03bbe6f7b16\">\n#top .av_textblock_section.av-kl28jx8m-58668288bf7f69e2035db03bbe6f7b16 .avia_textblock{\nfont-size:18px;\n}\n<\/style>\n<section  class='av_textblock_section av-kl28jx8m-58668288bf7f69e2035db03bbe6f7b16 '   itemscope=\"itemscope\" itemtype=\"https:\/\/schema.org\/CreativeWork\" ><div class='avia_textblock'  itemprop=\"text\" ><p style=\"text-align: center;\">Halten Sie Ihre R\u00e4der und Verkleidungen mit unseren Premiumprodukten f\u00fcr Reifen, Formteile, Sto\u00dff\u00e4nger und Vinylverkleidungen glatt, die Schmutz entfernen und gleichzeitig lang anhaltenden Schutz und Glanz bieten.<\/p>\n<\/div><\/section><\/div>\n\n<style type=\"text\/css\" data-created_by=\"avia_inline_auto\" id=\"style-css-av-bsw9y-666ccb2fc0d43f55d37aa85af1261d86\">\n.flex_column.av-bsw9y-666ccb2fc0d43f55d37aa85af1261d86{\nborder-radius:0px 0px 0px 0px;\npadding:0px 0px 0px 0px;\n}\n<\/style>\n<div  class='flex_column av-bsw9y-666ccb2fc0d43f55d37aa85af1261d86 av_one_full  avia-builder-el-5  el_after_av_one_full  el_before_av_one_third  first flex_column_div av-zero-column-padding  column-top-margin'     ><style type=\"text\/css\" data-created_by=\"avia_inline_auto\" id=\"style-css-av-kl2enw5k-1d2665ba484bc6453f17c24724ff5d75\">\n.avia-image-container.av-kl2enw5k-1d2665ba484bc6453f17c24724ff5d75 img.avia_image{\nbox-shadow:none;\n}\n.avia-image-container.av-kl2enw5k-1d2665ba484bc6453f17c24724ff5d75 .av-image-caption-overlay-center{\ncolor:#ffffff;\n}\n<\/style>\n<div  class='avia-image-container av-kl2enw5k-1d2665ba484bc6453f17c24724ff5d75 av-styling- avia-align-center  avia-builder-el-6  avia-builder-el-no-sibling '   itemprop=\"image\" itemscope=\"itemscope\" itemtype=\"https:\/\/schema.org\/ImageObject\" ><div class=\"avia-image-container-inner\"><div class=\"avia-image-overlay-wrap\"><img decoding=\"async\" fetchpriority=\"high\" class='wp-image-10189 avia-img-lazy-loading-not-10189 avia_image ' src=\"https:\/\/gliptoneeurope.com\/wp-content\/uploads\/Ford-Escort.png\" alt='' title='Ford Escort'  height=\"262\" width=\"739\"  itemprop=\"thumbnailUrl\" srcset=\"https:\/\/gliptoneeurope.com\/wp-content\/uploads\/Ford-Escort.png 739w, https:\/\/gliptoneeurope.com\/wp-content\/uploads\/Ford-Escort-600x213.png 600w, https:\/\/gliptoneeurope.com\/wp-content\/uploads\/Ford-Escort-300x106.png 300w\" sizes=\"(max-width: 739px) 100vw, 739px\" \/><\/div><\/div><\/div><\/div>\n\n<style type=\"text\/css\" data-created_by=\"avia_inline_auto\" id=\"style-css-av-8oeucb-e944a14bb504b91d949200232f9dc0ea\">\n.flex_column.av-8oeucb-e944a14bb504b91d949200232f9dc0ea{\nborder-radius:0px 0px 0px 0px;\npadding:0px 0px 0px 0px;\n}\n<\/style>\n<div  class='flex_column av-8oeucb-e944a14bb504b91d949200232f9dc0ea av_one_third  avia-builder-el-7  el_after_av_one_full  el_before_av_one_third  first flex_column_div av-zero-column-padding  column-top-margin'     ><section  class='av_textblock_section av-kl28m2g7-5e28f52fc200a1cb4c84288f51665cf7 '   itemscope=\"itemscope\" itemtype=\"https:\/\/schema.org\/CreativeWork\" ><div class='avia_textblock'  itemprop=\"text\" ><h3 style=\"text-align: center;\">DEKONTAMINIEREN<\/h3>\n<\/div><\/section><br \/>\n<section  class='av_textblock_section av-kl28mtr6-160837ad58e56adef9c97ca1bafa4a04 '   itemscope=\"itemscope\" itemtype=\"https:\/\/schema.org\/CreativeWork\" ><div class='avia_textblock'  itemprop=\"text\" ><p style=\"text-align: center;\">Die pH-neutrale Gelformel ist sicherer als s\u00e4urebasierte Reiniger und haftet an Oberfl\u00e4chen f\u00fcr zus\u00e4tzliche Verweilzeit und au\u00dfergew\u00f6hnliche Reinigungswirkung.<\/p>\n<\/div><\/section><\/p><\/div>\n<style type=\"text\/css\" data-created_by=\"avia_inline_auto\" id=\"style-css-av-7bqfx7-a2bb98f8f675eb7c73217280a3f73dc2\">\n.flex_column.av-7bqfx7-a2bb98f8f675eb7c73217280a3f73dc2{\nborder-radius:0px 0px 0px 0px;\npadding:0px 0px 0px 0px;\n}\n<\/style>\n<div  class='flex_column av-7bqfx7-a2bb98f8f675eb7c73217280a3f73dc2 av_one_third  avia-builder-el-10  el_after_av_one_third  el_before_av_one_third  flex_column_div av-zero-column-padding  column-top-margin'     ><section  class='av_textblock_section av-kl28m2g7-2-6c338dbbe0a9c00461967f86a0c948a7 '   itemscope=\"itemscope\" itemtype=\"https:\/\/schema.org\/CreativeWork\" ><div class='avia_textblock'  itemprop=\"text\" ><h3 style=\"text-align: center;\">SAUBER<\/h3>\n<\/div><\/section><br \/>\n<section  class='av_textblock_section av-kl28pqav-b2b720e5a2dd230770013f2b8e9c0edf '   itemscope=\"itemscope\" itemtype=\"https:\/\/schema.org\/CreativeWork\" ><div class='avia_textblock'  itemprop=\"text\" ><p style=\"text-align: center;\">Sichere und kraftvolle Entfernung von Bremsstaub, Stra\u00dfenschmutz und Oberfl\u00e4chenrost und hinterl\u00e4sst eine hitzebest\u00e4ndige Polymerbeschichtung, die vor zuk\u00fcnftigen Schmutzablagerungen sch\u00fctzt.<\/p>\n<\/div><\/section><\/p><\/div>\n<style type=\"text\/css\" data-created_by=\"avia_inline_auto\" id=\"style-css-av-5p0vyj-1206c7457795038de956cec3c020557b\">\n.flex_column.av-5p0vyj-1206c7457795038de956cec3c020557b{\nborder-radius:0px 0px 0px 0px;\npadding:0px 0px 0px 0px;\n}\n<\/style>\n<div  class='flex_column av-5p0vyj-1206c7457795038de956cec3c020557b av_one_third  avia-builder-el-13  el_after_av_one_third  el_before_av_section  avia-builder-el-last  flex_column_div av-zero-column-padding  column-top-margin'     ><section  class='av_textblock_section av-kl28m2g7-1-3d65ce38c92ada3b87de5ec78b181156 '   itemscope=\"itemscope\" itemtype=\"https:\/\/schema.org\/CreativeWork\" ><div class='avia_textblock'  itemprop=\"text\" ><h3 style=\"text-align: center;\">SIEGEL<\/h3>\n<\/div><\/section><br \/>\n<section  class='av_textblock_section av-kl28pyjq-29401aeb50bc15ddeada51c0d97d3b55 '   itemscope=\"itemscope\" itemtype=\"https:\/\/schema.org\/CreativeWork\" ><div class='avia_textblock'  itemprop=\"text\" ><p style=\"text-align: center;\">Hinterlassen Sie eine semipermanente, hitzebest\u00e4ndige Barriere zum Schutz vor Verschlei\u00df, Oxidation, Winterstreusalz, Bremsstaub sowie Stra\u00dfenschmutz und Insektenr\u00fcckst\u00e4nden.<\/p>\n<\/div><\/section><\/p><\/div><\/div><\/div><\/div><!-- close content main div --><\/div><\/div>\n<style type=\"text\/css\" data-created_by=\"avia_inline_auto\" id=\"style-css-av-kl2dno8h-69c6f166879d0bd9eb40784ac692eb94\">\n.avia-section.av-kl2dno8h-69c6f166879d0bd9eb40784ac692eb94{\nbackground-color:#f5f5f5;\nbackground-image:unset;\n}\n<\/style>\n<div id='av_section_2'  class='avia-section av-kl2dno8h-69c6f166879d0bd9eb40784ac692eb94 main_color avia-section-default avia-no-border-styling  avia-builder-el-16  el_after_av_one_third  avia-builder-el-last  avia-bg-style-scroll container_wrap fullsize'  ><div class='container av-section-cont-open' ><div class='template-page content  av-content-full alpha units'><div class='post-entry post-entry-type-page post-entry-11192'><div class='entry-content-wrapper clearfix'>\n\n<\/p>\n","protected":false},"excerpt":{"rendered":"","protected":false},"author":5,"featured_media":0,"parent":0,"menu_order":0,"comment_status":"closed","ping_status":"closed","template":"","meta":{"footnotes":""},"class_list":["post-11192","page","type-page","status-publish","hentry"],"yoast_head":"<!-- This site is optimized with the Yoast SEO Premium plugin v21.4 (Yoast SEO v27.4) - https:\/\/yoast.com\/product\/yoast-seo-premium-wordpress\/ -->\n<title>Reinigungsprodukte f\u00fcr R\u00e4der und Zierleisten f\u00fcr Autos in Ellesmere Port, UK<\/title>\n<meta name=\"description\" content=\"Informieren Sie sich \u00fcber unsere Premiumprodukte f\u00fcr Reifen, Zierleisten, Sto\u00dfstangen und Vinylverkleidungen, die den Schmutz entfernen und f\u00fcr lang anhaltenden Glanz und Schutz sorgen.\" \/>\n<meta name=\"robots\" content=\"index, follow, max-snippet:-1, max-image-preview:large, max-video-preview:-1\" \/>\n<link rel=\"canonical\" href=\"https:\/\/gliptoneeurope.com\/de\/raeder-zierleisten\/\" \/>\n<meta property=\"og:locale\" content=\"de_DE\" \/>\n<meta property=\"og:type\" content=\"article\" \/>\n<meta property=\"og:title\" content=\"R\u00e4der &amp; Zierleisten\" \/>\n<meta property=\"og:url\" content=\"https:\/\/gliptoneeurope.com\/de\/raeder-zierleisten\/\" \/>\n<meta property=\"og:site_name\" content=\"Gliptone Europe\" \/>\n<meta property=\"article:publisher\" content=\"https:\/\/www.facebook.com\/gliptoneeurope\/\" \/>\n<meta property=\"article:modified_time\" content=\"2024-01-11T22:43:18+00:00\" \/>\n<meta property=\"og:image\" content=\"https:\/\/gliptoneeurope.com\/wp-content\/uploads\/Gliptone_Logo.png\" \/>\n\t<meta property=\"og:image:width\" content=\"1472\" \/>\n\t<meta property=\"og:image:height\" content=\"607\" \/>\n\t<meta property=\"og:image:type\" content=\"image\/png\" \/>\n<meta name=\"twitter:card\" content=\"summary_large_image\" \/>\n<meta name=\"twitter:label1\" content=\"Gesch\u00e4tzte Lesezeit\" \/>\n\t<meta name=\"twitter:data1\" content=\"8\u00a0Minuten\" \/>\n<script type=\"application\/ld+json\" class=\"yoast-schema-graph\">{\"@context\":\"https:\\\/\\\/schema.org\",\"@graph\":[{\"@type\":\"WebPage\",\"@id\":\"https:\\\/\\\/gliptoneeurope.com\\\/de\\\/raeder-zierleisten\\\/\",\"url\":\"https:\\\/\\\/gliptoneeurope.com\\\/de\\\/raeder-zierleisten\\\/\",\"name\":\"Reinigungsprodukte f\u00fcr R\u00e4der und Zierleisten f\u00fcr Autos in Ellesmere Port, UK\",\"isPartOf\":{\"@id\":\"https:\\\/\\\/gliptoneeurope.com\\\/#website\"},\"datePublished\":\"2021-11-30T10:27:45+00:00\",\"dateModified\":\"2024-01-11T22:43:18+00:00\",\"description\":\"Informieren Sie sich \u00fcber unsere Premiumprodukte f\u00fcr Reifen, Zierleisten, Sto\u00dfstangen und Vinylverkleidungen, die den Schmutz entfernen und f\u00fcr lang anhaltenden Glanz und Schutz sorgen.\",\"breadcrumb\":{\"@id\":\"https:\\\/\\\/gliptoneeurope.com\\\/de\\\/raeder-zierleisten\\\/#breadcrumb\"},\"inLanguage\":\"de\",\"potentialAction\":[{\"@type\":\"ReadAction\",\"target\":[\"https:\\\/\\\/gliptoneeurope.com\\\/de\\\/raeder-zierleisten\\\/\"]}]},{\"@type\":\"BreadcrumbList\",\"@id\":\"https:\\\/\\\/gliptoneeurope.com\\\/de\\\/raeder-zierleisten\\\/#breadcrumb\",\"itemListElement\":[{\"@type\":\"ListItem\",\"position\":1,\"name\":\"Home\",\"item\":\"https:\\\/\\\/gliptoneeurope.com\\\/\"},{\"@type\":\"ListItem\",\"position\":2,\"name\":\"R\u00e4der &amp; Zierleisten\"}]},{\"@type\":\"WebSite\",\"@id\":\"https:\\\/\\\/gliptoneeurope.com\\\/#website\",\"url\":\"https:\\\/\\\/gliptoneeurope.com\\\/\",\"name\":\"Gliptone Europe\",\"description\":\"Professional Car Detailing Products\",\"publisher\":{\"@id\":\"https:\\\/\\\/gliptoneeurope.com\\\/#organization\"},\"potentialAction\":[{\"@type\":\"SearchAction\",\"target\":{\"@type\":\"EntryPoint\",\"urlTemplate\":\"https:\\\/\\\/gliptoneeurope.com\\\/?s={search_term_string}\"},\"query-input\":{\"@type\":\"PropertyValueSpecification\",\"valueRequired\":true,\"valueName\":\"search_term_string\"}}],\"inLanguage\":\"de\"},{\"@type\":\"Organization\",\"@id\":\"https:\\\/\\\/gliptoneeurope.com\\\/#organization\",\"name\":\"Gliptone Europe\",\"url\":\"https:\\\/\\\/gliptoneeurope.com\\\/\",\"logo\":{\"@type\":\"ImageObject\",\"inLanguage\":\"de\",\"@id\":\"https:\\\/\\\/gliptoneeurope.com\\\/#\\\/schema\\\/logo\\\/image\\\/\",\"url\":\"https:\\\/\\\/gliptoneeurope.com\\\/wp-content\\\/uploads\\\/Gliptone_Logo.png\",\"contentUrl\":\"https:\\\/\\\/gliptoneeurope.com\\\/wp-content\\\/uploads\\\/Gliptone_Logo.png\",\"width\":1472,\"height\":607,\"caption\":\"Gliptone Europe\"},\"image\":{\"@id\":\"https:\\\/\\\/gliptoneeurope.com\\\/#\\\/schema\\\/logo\\\/image\\\/\"},\"sameAs\":[\"https:\\\/\\\/www.facebook.com\\\/gliptoneeurope\\\/\",\"https:\\\/\\\/www.instagram.com\\\/gliptoneeurope\\\/\",\"https:\\\/\\\/www.pinterest.co.uk\\\/GliptoneEurope\\\/\"]}]}<\/script>\n<!-- \/ Yoast SEO Premium plugin. -->","yoast_head_json":{"title":"Reinigungsprodukte f\u00fcr R\u00e4der und Zierleisten f\u00fcr Autos in Ellesmere Port, UK","description":"Informieren Sie sich \u00fcber unsere Premiumprodukte f\u00fcr Reifen, Zierleisten, Sto\u00dfstangen und Vinylverkleidungen, die den Schmutz entfernen und f\u00fcr lang anhaltenden Glanz und Schutz sorgen.","robots":{"index":"index","follow":"follow","max-snippet":"max-snippet:-1","max-image-preview":"max-image-preview:large","max-video-preview":"max-video-preview:-1"},"canonical":"https:\/\/gliptoneeurope.com\/de\/raeder-zierleisten\/","og_locale":"de_DE","og_type":"article","og_title":"R\u00e4der &amp; Zierleisten","og_url":"https:\/\/gliptoneeurope.com\/de\/raeder-zierleisten\/","og_site_name":"Gliptone Europe","article_publisher":"https:\/\/www.facebook.com\/gliptoneeurope\/","article_modified_time":"2024-01-11T22:43:18+00:00","og_image":[{"width":1472,"height":607,"url":"https:\/\/gliptoneeurope.com\/wp-content\/uploads\/Gliptone_Logo.png","type":"image\/png"}],"twitter_card":"summary_large_image","twitter_misc":{"Gesch\u00e4tzte Lesezeit":"8\u00a0Minuten"},"schema":{"@context":"https:\/\/schema.org","@graph":[{"@type":"WebPage","@id":"https:\/\/gliptoneeurope.com\/de\/raeder-zierleisten\/","url":"https:\/\/gliptoneeurope.com\/de\/raeder-zierleisten\/","name":"Reinigungsprodukte f\u00fcr R\u00e4der und Zierleisten f\u00fcr Autos in Ellesmere Port, UK","isPartOf":{"@id":"https:\/\/gliptoneeurope.com\/#website"},"datePublished":"2021-11-30T10:27:45+00:00","dateModified":"2024-01-11T22:43:18+00:00","description":"Informieren Sie sich \u00fcber unsere Premiumprodukte f\u00fcr Reifen, Zierleisten, Sto\u00dfstangen und Vinylverkleidungen, die den Schmutz entfernen und f\u00fcr lang anhaltenden Glanz und Schutz sorgen.","breadcrumb":{"@id":"https:\/\/gliptoneeurope.com\/de\/raeder-zierleisten\/#breadcrumb"},"inLanguage":"de","potentialAction":[{"@type":"ReadAction","target":["https:\/\/gliptoneeurope.com\/de\/raeder-zierleisten\/"]}]},{"@type":"BreadcrumbList","@id":"https:\/\/gliptoneeurope.com\/de\/raeder-zierleisten\/#breadcrumb","itemListElement":[{"@type":"ListItem","position":1,"name":"Home","item":"https:\/\/gliptoneeurope.com\/"},{"@type":"ListItem","position":2,"name":"R\u00e4der &amp; Zierleisten"}]},{"@type":"WebSite","@id":"https:\/\/gliptoneeurope.com\/#website","url":"https:\/\/gliptoneeurope.com\/","name":"Gliptone Europe","description":"Professional Car Detailing Products","publisher":{"@id":"https:\/\/gliptoneeurope.com\/#organization"},"potentialAction":[{"@type":"SearchAction","target":{"@type":"EntryPoint","urlTemplate":"https:\/\/gliptoneeurope.com\/?s={search_term_string}"},"query-input":{"@type":"PropertyValueSpecification","valueRequired":true,"valueName":"search_term_string"}}],"inLanguage":"de"},{"@type":"Organization","@id":"https:\/\/gliptoneeurope.com\/#organization","name":"Gliptone Europe","url":"https:\/\/gliptoneeurope.com\/","logo":{"@type":"ImageObject","inLanguage":"de","@id":"https:\/\/gliptoneeurope.com\/#\/schema\/logo\/image\/","url":"https:\/\/gliptoneeurope.com\/wp-content\/uploads\/Gliptone_Logo.png","contentUrl":"https:\/\/gliptoneeurope.com\/wp-content\/uploads\/Gliptone_Logo.png","width":1472,"height":607,"caption":"Gliptone Europe"},"image":{"@id":"https:\/\/gliptoneeurope.com\/#\/schema\/logo\/image\/"},"sameAs":["https:\/\/www.facebook.com\/gliptoneeurope\/","https:\/\/www.instagram.com\/gliptoneeurope\/","https:\/\/www.pinterest.co.uk\/GliptoneEurope\/"]}]}},"_links":{"self":[{"href":"https:\/\/gliptoneeurope.com\/de\/wp-json\/wp\/v2\/pages\/11192","targetHints":{"allow":["GET"]}}],"collection":[{"href":"https:\/\/gliptoneeurope.com\/de\/wp-json\/wp\/v2\/pages"}],"about":[{"href":"https:\/\/gliptoneeurope.com\/de\/wp-json\/wp\/v2\/types\/page"}],"author":[{"embeddable":true,"href":"https:\/\/gliptoneeurope.com\/de\/wp-json\/wp\/v2\/users\/5"}],"replies":[{"embeddable":true,"href":"https:\/\/gliptoneeurope.com\/de\/wp-json\/wp\/v2\/comments?post=11192"}],"version-history":[{"count":5,"href":"https:\/\/gliptoneeurope.com\/de\/wp-json\/wp\/v2\/pages\/11192\/revisions"}],"predecessor-version":[{"id":31541,"href":"https:\/\/gliptoneeurope.com\/de\/wp-json\/wp\/v2\/pages\/11192\/revisions\/31541"}],"wp:attachment":[{"href":"https:\/\/gliptoneeurope.com\/de\/wp-json\/wp\/v2\/media?parent=11192"}],"curies":[{"name":"wp","href":"https:\/\/api.w.org\/{rel}","templated":true}]}}